{"id":458843,"date":"2019-08-22T13:20:22","date_gmt":"2019-08-22T10:20:22","guid":{"rendered":"https:\/\/beebipood.ee\/toode\/babybjorn-mini-kandekott-3d-jersey\/"},"modified":"2025-01-09T10:48:44","modified_gmt":"2025-01-09T08:48:44","slug":"babybjorn-mini-kandekott-3d-jersey","status":"publish","type":"product","link":"https:\/\/beebipood.ee\/ru\/produkt\/babybjorn-mini-kandekott-3d-jersey\/","title":{"rendered":"BabyBj\u00f6rn Mini kandekott, 3D Jersey"},"content":{"rendered":"<p>BabyBj\u00f6rn Mini &#8212; kompaktne ja lihtsasti kasutatav kandekott vasts\u00fcndinutele, <br \/>mis valiti 2018 aasta parimaks kandekotiks (Little London Awards).<br \/>\u00dclimalt lihtsasti kasutatv Mini kandekott sobib ideaalselt l\u00fchikajalisteks kandmisteks. <br \/>Sobib h\u00e4sti just vasts\u00fcndinutele, kes vajavad palju l\u00e4hedust oma esimestel kuudel.<br \/>Kandekoti esiosa on h\u00f5lpsasti eemaldatav, et saaksite magava beebi t\u00f5sta sealt v\u00e4lja <br \/>ning asetada ta oma h\u00e4lli v\u00f5i voodisse. <br \/>Pehme kangas toetab mugavalt lapse selga, puusasid ja jalgu. <br \/>L\u00e4bi kanga saate ka lihtsasti katsuda beebi asendit <br \/>ning kohendada tema selja asendit rohkem naturaalsesse C-kujusse. <\/p>\n<p><span style=\"text-decoration: underline;\">Omadused<\/span><br \/>Ideaalne esimene kandekott vasts\u00fcndinule<br \/>BabyBj\u00f6rn Mini kandekott on v\u00e4ike ja lihtsasti kasutatav kandekott, <br \/>mis sobib k\u00f5ige paremini just vasts\u00fcndinutele ning nende suurele l\u00e4heduse vajadusele.<br \/>saad kanda oma beebit k\u00f5rgel rinnal, et laps tunneks su s\u00fcdamel\u00f6\u00f6ke.<br \/>Kerge ja kompaktne<br \/>T\u00e4nu v\u00e4hestele reguleerimisrihmadele on Mini kandekott lihtsasti ja kiiresti kinnitatav. <br \/>Terve esiosa on eemaldatav, et saaksid oma magava beebi sealt kergesti v\u00e4lja t\u00f5sta. <br \/>Kandekoti suurus ja peatugi on reguleeritavad, mis t\u00e4hendab, et kott on paras ka sinu kasvavale beebile.<br \/>Pehme ja paindlik<br \/>\u00dclimalt pehme kangas tektiab vasts\u00fcndinule hubase pesa ning on \u00f5rnad vastu nende tundlikku nahka. <br \/>Kandekott Mini hoiab \u00f5rnalt lapse selja, jalgasid ja puusasid ning pakub head toestust ning ergonoomilist asendit. <br \/>Lapse selg j\u00e4\u00e4b loomulikku c-kujusse.<br \/>Unikaalsed kangad<br \/>BabyBj\u00f6rn Mini kandekoti puhul on kasutatud spetsiaalselt nende jaoks v\u00e4lja t\u00f6\u00f6tatud kangaid, <br \/>mis sobivad ideaalselt vasts\u00fcndinutele. <br \/>V\u00f5rkkangast (mesh) ja Jersey kangast (puuvill) kandekotid on valmistatud 3D kangast, <br \/>millel on 3 kihti &#8212; sisemine kiht, keskmine kiht ja v\u00e4limine kiht. <br \/>Et v\u00e4ltida liigset higistamist on polsterduse asemel kasutatud keskmises kihis \u00fchekordse kiuga niiti. <br \/>See tagab samasuguse stabiilsuse nagu polsterdusega, kuid samas tagab ka optimaalse \u00f5huringluse. <br \/>Selliselt ei hakka sina ega ka beebi higistama.<br \/><span style=\"text-decoration: underline;\">3D Jersey (trikotaa\u017e)<\/span><br \/>K\u00f5ige uuem ja pehmem materjal on sama mugav kui sinu k\u00f5ige lemmikum t-s\u00e4rk. <br \/>Sile ja paindlik kangas hoiab \u00f5rnalt sinu vasts\u00fcndinud beebit.<br \/><span style=\"text-decoration: underline;\">3D Mesh<\/span><br \/>Jahutav ja \u00f5huline v\u00f5rkkangas, millel on \u00fcllatavalt pehme pind. <br \/>V\u00f5rkkangast riie tagab parima \u00f5huringluse ning kuivab p\u00e4rast pesu v\u00e4ga kiiresti.<br \/><span style=\"text-decoration: underline;\">Puuvill<\/span><br \/>BCI sertifikaadiga puuvill, mis on isteosa koha pealt veniv ning satiiniga kootud, <br \/>et muuta kangas \u00fclipehmeks ja mugavaks. <br \/>\u00d5huke keskmine kiht muudab kandekoti kompaktseks ning paindlikuks.<br \/>V\u00f5tab v\u00e4ga v\u00e4he ruumi<br \/>BabyBj\u00f6rn Mini kandekott on v\u00e4ga v\u00e4ike, mis muudab selle hoiustamise v\u00e4ga lihtsaks. <br \/>See mahub vabalt n\u00e4iteks sinu beebitarvete kotti v\u00f5i k\u00e4ru pakikorvi, kui sa parasjagu seda ei kasuta.<br \/>Tugev ja reguleeritav peatugi<br \/>Hea peatoestus on \u00fclimalt oluline vasts\u00fcndinud beebile esimesel viiel kuul, <br \/>kuni beebi suudab juba iseseisvalt oma pead \u00fcleval hoida. <br \/>BabyBj\u00f6rn Mini kandekotil on tugev, vastupidav ning reguleeritav peatugi, <br \/>mis pakub ideaalset tuge nii peale kui ka kaelale.<br \/>V\u00f5imalik kanda nii n\u00e4oga endapoole kui ka v\u00e4ljapoole<br \/>Kui beebi on juba veidi suuremaks kasvanud, on teil v\u00f5imalus valida, <br \/>kas kanda n\u00e4oga sissepoole v\u00f5i v\u00e4ljapoole. <br \/>Beebi peaks olema v\u00e4hemalt 5 kuu vanune, enne kui saab kanda n\u00e4oga v\u00e4ljapoole.<br \/><span style=\"text-decoration: underline;\">Turvalised ja testitud materjalid<\/span><br \/>K\u00f5ik selles tootes kasutatud kangad on \u00f5rnad teie lapse nahale <br \/>ning t\u00e4iesti turvalised n\u00e4rimiseks v\u00f5i imemiseks. <br \/>K\u00f5ik tootes kasutatavad kangad on testitud ja heaks kiidetud \u00d6ko-Tex 100 standardi j\u00e4rgi. <br \/>See garanteerib, et toote valmistamisel kasutatud tekstiil on turvaline. <br \/>Kasutatavad materjalid on testitud, nahas\u00f5bralikud ja ei sisalda ohtlikke kemikaale. <br \/>\u00d6ko-Tex 100 standard.<br \/><span style=\"text-decoration: underline;\">N\u00e4itajad<\/span><br \/>K\u00f5ige paremini sobib kasutamiseks just beebi esimestel kuudel. <br \/>Turvaliselt testitud vanusele 0-1 eluaastat (3,2-11kg).<br \/>Lastele kaaluvahemikus 3,5-4,5kg, kasutage jalarihmasid, et pingutada jalaavasid<br \/><span style=\"text-decoration: underline;\">Materjal<\/span><br \/>K\u00f5ik selles tootes kasutatud kangad on \u00f5rnad teie lapse nahale <br \/>ning t\u00e4iesti turvalised n\u00e4rimiseks v\u00f5i imemiseks. <br \/>K\u00f5ik tootes kasutatavad kangad on testitud ja heaks kiidetud \u00d6ko-Tex 100 standardi j\u00e4rgi. <br \/>See garanteerib, et toote valmistamisel kasutatud tekstiil on turvaline. <br \/>Kasutatavad materjalid on testitud, nahas\u00f5bralikud ja ei sisalda ohtlikke kemikaale.<br \/>3D Jersey: 80% pol\u00fcester, 16% puuvill, 4% elastaan. \u00d5larihmad 100% puuvill<br \/>3D Mesh: 100% pol\u00fcester<br \/>Puuvill: 100% BCI-sertifikaadiga puuvill<br \/><span style=\"text-decoration: underline;\">Testitud ja turvaline<\/span><br \/>BabyBj\u00f6rn Mini kandekott vastab Euroopa <br \/>ja Ameerika \u00dchendriikide turvastandarditele vastavalt: EN 13209-2:2015 ja ASTM F2236.<br \/><span style=\"text-decoration: underline;\">Pesemisjuhised<\/span><br \/>Masinpestav sooja veega (40\u00b0C). Pesta eraldi. <br \/>Kasutada v\u00f5ib \u00f5rnatoimelisi pesuvahendeid (mitte valgendajat). <br \/>Mitte kasutada trummelkuivatust.<\/p>\n","protected":false},"excerpt":{"rendered":"<p>BabyBj\u00f6rn Mini &#8212; kompaktne ja lihtsasti kasutatav kandekott vasts\u00fcndinutele, mis valiti 2018 aasta parimaks kandekotiks (Little London Awards).\u00dclimalt lihtsasti kasutatv Mini kandekott sobib ideaalselt l\u00fchikajalisteks kandmisteks. Sobib h\u00e4sti just vasts\u00fcndinutele, kes vajavad palju l\u00e4hedust oma esimestel kuudel.Kandekoti esiosa on h\u00f5lpsasti eemaldatav, et saaksite magava beebi t\u00f5sta sealt v\u00e4lja ning asetada ta oma h\u00e4lli v\u00f5i voodisse. [&hellip;]<\/p>\n","protected":false},"featured_media":130883,"template":"","meta":{"_acf_changed":false},"pwb-brand":[11966],"product_brand":[],"product_cat":[11573,11709,11881],"product_tag":[],"class_list":{"0":"post-458843","1":"product","2":"type-product","3":"status-publish","4":"has-post-thumbnail","6":"pwb-brand-babybjorn-ru","7":"product_cat-sooduspakkumised-ru","8":"product_cat-sootmistoolid-beebi-ja-lastetarbed-mahkimine-hugieen-ru","9":"product_cat-kandekotid-ja-linad-ru","10":"pa_manufacturer-babybjorn-ru","12":"first","13":"onbackorder","14":"sale","15":"taxable","16":"shipping-taxable","17":"purchasable","18":"product-type-simple"},"exclude_global_add_ons":false,"addons":[{"name":"Vali v\u00e4rv","type":"multiple_choice","position":0,"required":true,"title_format":"heading","default":"","description_enable":false,"description":"","placeholder_enable":false,"placeholder":"","display":"images","restrictions_type":"any_text","adjust_price":false,"price":"","price_type":"flat_fee","restrictions":false,"min":"0","max":"0","options":[{"label":"Light Grey, Jersey","price":"","price_type":"quantity_based","image":502355,"visibility":true},{"label":"Dark Grey, Jersey","price":"","price_type":"quantity_based","image":502357,"visibility":true},{"label":"Light Pink Jersey","price":"","price_type":"quantity_based","image":502359,"visibility":true},{"label":"Charcoal Grey","price":"","price_type":"quantity_based","image":502361,"visibility":true},{"label":"Light Beige Jersey","price":"","price_type":"quantity_based","image":502363,"visibility":true}]}],"acf":[],"yoast_head":"<!-- This site is optimized with the Yoast SEO plugin v27.1.1 - https:\/\/yoast.com\/product\/yoast-seo-wordpress\/ -->\n<title>BabyBj\u00f6rn Mini kandekott, 3D Jersey, \u0421\u041a\u0418\u0414\u041a\u0418, \u041f\u0440\u0438\u043d\u0430\u0434\u043b\u0435\u0436\u043d\u043e\u0441\u0442\u0438 \u0434\u043b\u044f \u043c\u043b\u0430\u0434\u0435\u043d\u0446\u0435\u0432, Babybj\u00f6rn Bouncer -10%, \u0420\u044e\u043a\u0437\u0430\u043a-\u043f\u0435\u0440\u0435\u043d\u043e\u0441\u043a\u0430, Beebipood<\/title>\n<meta name=\"description\" content=\"BabyBj\u00f6rn Mini kandekott, 3D Jersey, BabyBj&ouml;rn Mini - kompaktne ja lihtsasti kasutatav kandekott vasts&uuml;ndinutele, mis valiti 2018 aasta pari\" \/>\n<meta name=\"robots\" content=\"index, follow, max-snippet:-1, max-image-preview:large, max-video-preview:-1\" \/>\n<link rel=\"canonical\" href=\"https:\/\/beebipood.ee\/ru\/produkt\/babybjorn-mini-kandekott-3d-jersey\/\" \/>\n<meta property=\"og:locale\" content=\"ru_RU\" \/>\n<meta property=\"og:type\" content=\"article\" \/>\n<meta property=\"og:title\" content=\"BabyBj\u00f6rn Mini kandekott, 3D Jersey, \u0421\u041a\u0418\u0414\u041a\u0418, \u041f\u0440\u0438\u043d\u0430\u0434\u043b\u0435\u0436\u043d\u043e\u0441\u0442\u0438 \u0434\u043b\u044f \u043c\u043b\u0430\u0434\u0435\u043d\u0446\u0435\u0432, Babybj\u00f6rn Bouncer -10%, \u0420\u044e\u043a\u0437\u0430\u043a-\u043f\u0435\u0440\u0435\u043d\u043e\u0441\u043a\u0430, Beebipood\" \/>\n<meta property=\"og:description\" content=\"BabyBj\u00f6rn Mini kandekott, 3D Jersey, BabyBj&ouml;rn Mini - kompaktne ja lihtsasti kasutatav kandekott vasts&uuml;ndinutele, mis valiti 2018 aasta pari\" \/>\n<meta property=\"og:url\" content=\"https:\/\/beebipood.ee\/ru\/produkt\/babybjorn-mini-kandekott-3d-jersey\/\" \/>\n<meta property=\"og:site_name\" content=\"Beebipood\" \/>\n<meta property=\"article:modified_time\" content=\"2025-01-09T08:48:44+00:00\" \/>\n<meta property=\"og:image\" content=\"https:\/\/beebipood.ee\/wp-content\/uploads\/2019\/08\/BabyBjorn-Mini-kandekott-3D-Jersey-UUED-TOOTED-Beebi-ja-lastetarbed-Kandekotid-ja-linad_2-dc8.jpg\" \/>\n\t<meta property=\"og:image:width\" content=\"2126\" \/>\n\t<meta property=\"og:image:height\" content=\"1984\" \/>\n\t<meta property=\"og:image:type\" content=\"image\/jpeg\" \/>\n<meta name=\"twitter:card\" content=\"summary_large_image\" \/>\n<meta name=\"twitter:label1\" content=\"\u041f\u0440\u0438\u043c\u0435\u0440\u043d\u043e\u0435 \u0432\u0440\u0435\u043c\u044f \u0434\u043b\u044f \u0447\u0442\u0435\u043d\u0438\u044f\" \/>\n\t<meta name=\"twitter:data1\" content=\"3 \u043c\u0438\u043d\u0443\u0442\u044b\" \/>\n<script type=\"application\/ld+json\" class=\"yoast-schema-graph\">{\"@context\":\"https:\/\/schema.org\",\"@graph\":[{\"@type\":\"WebPage\",\"@id\":\"https:\/\/beebipood.ee\/ru\/produkt\/babybjorn-mini-kandekott-3d-jersey\/\",\"url\":\"https:\/\/beebipood.ee\/ru\/produkt\/babybjorn-mini-kandekott-3d-jersey\/\",\"name\":\"BabyBj\u00f6rn Mini kandekott, 3D Jersey, \u0421\u041a\u0418\u0414\u041a\u0418, \u041f\u0440\u0438\u043d\u0430\u0434\u043b\u0435\u0436\u043d\u043e\u0441\u0442\u0438 \u0434\u043b\u044f \u043c\u043b\u0430\u0434\u0435\u043d\u0446\u0435\u0432, Babybj\u00f6rn Bouncer -10%, \u0420\u044e\u043a\u0437\u0430\u043a-\u043f\u0435\u0440\u0435\u043d\u043e\u0441\u043a\u0430, Beebipood\",\"isPartOf\":{\"@id\":\"https:\/\/beebipood.ee\/ru\/#website\"},\"primaryImageOfPage\":{\"@id\":\"https:\/\/beebipood.ee\/ru\/produkt\/babybjorn-mini-kandekott-3d-jersey\/#primaryimage\"},\"image\":{\"@id\":\"https:\/\/beebipood.ee\/ru\/produkt\/babybjorn-mini-kandekott-3d-jersey\/#primaryimage\"},\"thumbnailUrl\":\"https:\/\/beebipood.ee\/wp-content\/uploads\/2019\/08\/BabyBjorn-Mini-kandekott-3D-Jersey-UUED-TOOTED-Beebi-ja-lastetarbed-Kandekotid-ja-linad_2-dc8.jpg\",\"datePublished\":\"2019-08-22T10:20:22+00:00\",\"dateModified\":\"2025-01-09T08:48:44+00:00\",\"description\":\"BabyBj\u00f6rn Mini kandekott, 3D Jersey, BabyBj&ouml;rn Mini - kompaktne ja lihtsasti kasutatav kandekott vasts&uuml;ndinutele, mis valiti 2018 aasta pari\",\"breadcrumb\":{\"@id\":\"https:\/\/beebipood.ee\/ru\/produkt\/babybjorn-mini-kandekott-3d-jersey\/#breadcrumb\"},\"inLanguage\":\"ru-RU\",\"potentialAction\":[{\"@type\":\"ReadAction\",\"target\":[\"https:\/\/beebipood.ee\/ru\/produkt\/babybjorn-mini-kandekott-3d-jersey\/\"]}]},{\"@type\":\"ImageObject\",\"inLanguage\":\"ru-RU\",\"@id\":\"https:\/\/beebipood.ee\/ru\/produkt\/babybjorn-mini-kandekott-3d-jersey\/#primaryimage\",\"url\":\"https:\/\/beebipood.ee\/wp-content\/uploads\/2019\/08\/BabyBjorn-Mini-kandekott-3D-Jersey-UUED-TOOTED-Beebi-ja-lastetarbed-Kandekotid-ja-linad_2-dc8.jpg\",\"contentUrl\":\"https:\/\/beebipood.ee\/wp-content\/uploads\/2019\/08\/BabyBjorn-Mini-kandekott-3D-Jersey-UUED-TOOTED-Beebi-ja-lastetarbed-Kandekotid-ja-linad_2-dc8.jpg\",\"width\":2126,\"height\":1984},{\"@type\":\"BreadcrumbList\",\"@id\":\"https:\/\/beebipood.ee\/ru\/produkt\/babybjorn-mini-kandekott-3d-jersey\/#breadcrumb\",\"itemListElement\":[{\"@type\":\"ListItem\",\"position\":1,\"name\":\"Home\",\"item\":\"https:\/\/beebipood.ee\/ru\/\"},{\"@type\":\"ListItem\",\"position\":2,\"name\":\"\u041a\u0430\u0442\u0430\u043b\u043e\u0433 \u0442\u043e\u0432\u0430\u0440\u043e\u0432\",\"item\":\"https:\/\/beebipood.ee\/tooted\/\"},{\"@type\":\"ListItem\",\"position\":3,\"name\":\"BabyBj\u00f6rn Mini kandekott, 3D Jersey\"}]},{\"@type\":\"WebSite\",\"@id\":\"https:\/\/beebipood.ee\/ru\/#website\",\"url\":\"https:\/\/beebipood.ee\/ru\/\",\"name\":\"Beebipood\",\"description\":\"Lastekaubad, beebikaubad, m\u00e4nguasjad\",\"publisher\":{\"@id\":\"https:\/\/beebipood.ee\/ru\/#organization\"},\"potentialAction\":[{\"@type\":\"SearchAction\",\"target\":{\"@type\":\"EntryPoint\",\"urlTemplate\":\"https:\/\/beebipood.ee\/ru\/?s={search_term_string}\"},\"query-input\":{\"@type\":\"PropertyValueSpecification\",\"valueRequired\":true,\"valueName\":\"search_term_string\"}}],\"inLanguage\":\"ru-RU\"},{\"@type\":\"Organization\",\"@id\":\"https:\/\/beebipood.ee\/ru\/#organization\",\"name\":\"Beebipood\",\"url\":\"https:\/\/beebipood.ee\/ru\/\",\"logo\":{\"@type\":\"ImageObject\",\"inLanguage\":\"ru-RU\",\"@id\":\"https:\/\/beebipood.ee\/ru\/#\/schema\/logo\/image\/\",\"url\":\"https:\/\/beebipood.ee\/wp-content\/uploads\/2025\/03\/beebipood.ee-logo-1.svg\",\"contentUrl\":\"https:\/\/beebipood.ee\/wp-content\/uploads\/2025\/03\/beebipood.ee-logo-1.svg\",\"caption\":\"Beebipood\"},\"image\":{\"@id\":\"https:\/\/beebipood.ee\/ru\/#\/schema\/logo\/image\/\"}}]}<\/script>\n<!-- \/ Yoast SEO plugin. -->","yoast_head_json":{"title":"BabyBj\u00f6rn Mini kandekott, 3D Jersey, \u0421\u041a\u0418\u0414\u041a\u0418, \u041f\u0440\u0438\u043d\u0430\u0434\u043b\u0435\u0436\u043d\u043e\u0441\u0442\u0438 \u0434\u043b\u044f \u043c\u043b\u0430\u0434\u0435\u043d\u0446\u0435\u0432, Babybj\u00f6rn Bouncer -10%, \u0420\u044e\u043a\u0437\u0430\u043a-\u043f\u0435\u0440\u0435\u043d\u043e\u0441\u043a\u0430, Beebipood","description":"BabyBj\u00f6rn Mini kandekott, 3D Jersey, BabyBj&ouml;rn Mini - kompaktne ja lihtsasti kasutatav kandekott vasts&uuml;ndinutele, mis valiti 2018 aasta pari","robots":{"index":"index","follow":"follow","max-snippet":"max-snippet:-1","max-image-preview":"max-image-preview:large","max-video-preview":"max-video-preview:-1"},"canonical":"https:\/\/beebipood.ee\/ru\/produkt\/babybjorn-mini-kandekott-3d-jersey\/","og_locale":"ru_RU","og_type":"article","og_title":"BabyBj\u00f6rn Mini kandekott, 3D Jersey, \u0421\u041a\u0418\u0414\u041a\u0418, \u041f\u0440\u0438\u043d\u0430\u0434\u043b\u0435\u0436\u043d\u043e\u0441\u0442\u0438 \u0434\u043b\u044f \u043c\u043b\u0430\u0434\u0435\u043d\u0446\u0435\u0432, Babybj\u00f6rn Bouncer -10%, \u0420\u044e\u043a\u0437\u0430\u043a-\u043f\u0435\u0440\u0435\u043d\u043e\u0441\u043a\u0430, Beebipood","og_description":"BabyBj\u00f6rn Mini kandekott, 3D Jersey, BabyBj&ouml;rn Mini - kompaktne ja lihtsasti kasutatav kandekott vasts&uuml;ndinutele, mis valiti 2018 aasta pari","og_url":"https:\/\/beebipood.ee\/ru\/produkt\/babybjorn-mini-kandekott-3d-jersey\/","og_site_name":"Beebipood","article_modified_time":"2025-01-09T08:48:44+00:00","og_image":[{"width":2126,"height":1984,"url":"https:\/\/beebipood.ee\/wp-content\/uploads\/2019\/08\/BabyBjorn-Mini-kandekott-3D-Jersey-UUED-TOOTED-Beebi-ja-lastetarbed-Kandekotid-ja-linad_2-dc8.jpg","type":"image\/jpeg"}],"twitter_card":"summary_large_image","twitter_misc":{"\u041f\u0440\u0438\u043c\u0435\u0440\u043d\u043e\u0435 \u0432\u0440\u0435\u043c\u044f \u0434\u043b\u044f \u0447\u0442\u0435\u043d\u0438\u044f":"3 \u043c\u0438\u043d\u0443\u0442\u044b"},"schema":{"@context":"https:\/\/schema.org","@graph":[{"@type":"WebPage","@id":"https:\/\/beebipood.ee\/ru\/produkt\/babybjorn-mini-kandekott-3d-jersey\/","url":"https:\/\/beebipood.ee\/ru\/produkt\/babybjorn-mini-kandekott-3d-jersey\/","name":"BabyBj\u00f6rn Mini kandekott, 3D Jersey, \u0421\u041a\u0418\u0414\u041a\u0418, \u041f\u0440\u0438\u043d\u0430\u0434\u043b\u0435\u0436\u043d\u043e\u0441\u0442\u0438 \u0434\u043b\u044f \u043c\u043b\u0430\u0434\u0435\u043d\u0446\u0435\u0432, Babybj\u00f6rn Bouncer -10%, \u0420\u044e\u043a\u0437\u0430\u043a-\u043f\u0435\u0440\u0435\u043d\u043e\u0441\u043a\u0430, Beebipood","isPartOf":{"@id":"https:\/\/beebipood.ee\/ru\/#website"},"primaryImageOfPage":{"@id":"https:\/\/beebipood.ee\/ru\/produkt\/babybjorn-mini-kandekott-3d-jersey\/#primaryimage"},"image":{"@id":"https:\/\/beebipood.ee\/ru\/produkt\/babybjorn-mini-kandekott-3d-jersey\/#primaryimage"},"thumbnailUrl":"https:\/\/beebipood.ee\/wp-content\/uploads\/2019\/08\/BabyBjorn-Mini-kandekott-3D-Jersey-UUED-TOOTED-Beebi-ja-lastetarbed-Kandekotid-ja-linad_2-dc8.jpg","datePublished":"2019-08-22T10:20:22+00:00","dateModified":"2025-01-09T08:48:44+00:00","description":"BabyBj\u00f6rn Mini kandekott, 3D Jersey, BabyBj&ouml;rn Mini - kompaktne ja lihtsasti kasutatav kandekott vasts&uuml;ndinutele, mis valiti 2018 aasta pari","breadcrumb":{"@id":"https:\/\/beebipood.ee\/ru\/produkt\/babybjorn-mini-kandekott-3d-jersey\/#breadcrumb"},"inLanguage":"ru-RU","potentialAction":[{"@type":"ReadAction","target":["https:\/\/beebipood.ee\/ru\/produkt\/babybjorn-mini-kandekott-3d-jersey\/"]}]},{"@type":"ImageObject","inLanguage":"ru-RU","@id":"https:\/\/beebipood.ee\/ru\/produkt\/babybjorn-mini-kandekott-3d-jersey\/#primaryimage","url":"https:\/\/beebipood.ee\/wp-content\/uploads\/2019\/08\/BabyBjorn-Mini-kandekott-3D-Jersey-UUED-TOOTED-Beebi-ja-lastetarbed-Kandekotid-ja-linad_2-dc8.jpg","contentUrl":"https:\/\/beebipood.ee\/wp-content\/uploads\/2019\/08\/BabyBjorn-Mini-kandekott-3D-Jersey-UUED-TOOTED-Beebi-ja-lastetarbed-Kandekotid-ja-linad_2-dc8.jpg","width":2126,"height":1984},{"@type":"BreadcrumbList","@id":"https:\/\/beebipood.ee\/ru\/produkt\/babybjorn-mini-kandekott-3d-jersey\/#breadcrumb","itemListElement":[{"@type":"ListItem","position":1,"name":"Home","item":"https:\/\/beebipood.ee\/ru\/"},{"@type":"ListItem","position":2,"name":"\u041a\u0430\u0442\u0430\u043b\u043e\u0433 \u0442\u043e\u0432\u0430\u0440\u043e\u0432","item":"https:\/\/beebipood.ee\/tooted\/"},{"@type":"ListItem","position":3,"name":"BabyBj\u00f6rn Mini kandekott, 3D Jersey"}]},{"@type":"WebSite","@id":"https:\/\/beebipood.ee\/ru\/#website","url":"https:\/\/beebipood.ee\/ru\/","name":"Beebipood","description":"Lastekaubad, beebikaubad, m\u00e4nguasjad","publisher":{"@id":"https:\/\/beebipood.ee\/ru\/#organization"},"potentialAction":[{"@type":"SearchAction","target":{"@type":"EntryPoint","urlTemplate":"https:\/\/beebipood.ee\/ru\/?s={search_term_string}"},"query-input":{"@type":"PropertyValueSpecification","valueRequired":true,"valueName":"search_term_string"}}],"inLanguage":"ru-RU"},{"@type":"Organization","@id":"https:\/\/beebipood.ee\/ru\/#organization","name":"Beebipood","url":"https:\/\/beebipood.ee\/ru\/","logo":{"@type":"ImageObject","inLanguage":"ru-RU","@id":"https:\/\/beebipood.ee\/ru\/#\/schema\/logo\/image\/","url":"https:\/\/beebipood.ee\/wp-content\/uploads\/2025\/03\/beebipood.ee-logo-1.svg","contentUrl":"https:\/\/beebipood.ee\/wp-content\/uploads\/2025\/03\/beebipood.ee-logo-1.svg","caption":"Beebipood"},"image":{"@id":"https:\/\/beebipood.ee\/ru\/#\/schema\/logo\/image\/"}}]}},"brands":[{"id":11966,"name":"BabyBj\u00f6rn","slug":"babybjorn-ru"}],"_links":{"self":[{"href":"https:\/\/beebipood.ee\/ru\/wp-json\/wp\/v2\/product\/458843","targetHints":{"allow":["GET"]}}],"collection":[{"href":"https:\/\/beebipood.ee\/ru\/wp-json\/wp\/v2\/product"}],"about":[{"href":"https:\/\/beebipood.ee\/ru\/wp-json\/wp\/v2\/types\/product"}],"wp:featuredmedia":[{"embeddable":true,"href":"https:\/\/beebipood.ee\/ru\/wp-json\/wp\/v2\/media\/130883"}],"wp:attachment":[{"href":"https:\/\/beebipood.ee\/ru\/wp-json\/wp\/v2\/media?parent=458843"}],"wp:term":[{"taxonomy":"pwb-brand","embeddable":true,"href":"https:\/\/beebipood.ee\/ru\/wp-json\/wp\/v2\/pwb-brand?post=458843"},{"taxonomy":"product_brand","embeddable":true,"href":"https:\/\/beebipood.ee\/ru\/wp-json\/wp\/v2\/product_brand?post=458843"},{"taxonomy":"product_cat","embeddable":true,"href":"https:\/\/beebipood.ee\/ru\/wp-json\/wp\/v2\/product_cat?post=458843"},{"taxonomy":"product_tag","embeddable":true,"href":"https:\/\/beebipood.ee\/ru\/wp-json\/wp\/v2\/product_tag?post=458843"}],"curies":[{"name":"wp","href":"https:\/\/api.w.org\/{rel}","templated":true}]}}