{"id":458867,"date":"2019-08-30T11:04:23","date_gmt":"2019-08-30T08:04:23","guid":{"rendered":"https:\/\/beebipood.ee\/toode\/babybjorn-istmekorgendus-mint-green\/"},"modified":"2025-01-09T10:48:43","modified_gmt":"2025-01-09T08:48:43","slug":"babybjorn-istmekorgendus-mint-green","status":"publish","type":"product","link":"https:\/\/beebipood.ee\/ru\/produkt\/babybjorn-istmekorgendus-mint-green\/","title":{"rendered":"BabyBj\u00f6rn istmek\u00f5rgendus, Mint Green"},"content":{"rendered":"<p>Praktiline istmek\u00f5rgendus, mis sobib kasutamiseks lastele alates 3. eluaastast.<br \/>Antud toode on ideaalne, kui laps on juba s\u00f6\u00f6gitoolist v\u00e4lja kasvanud, <br \/>aga tahaks ikkagi koos perega laua taga s\u00fc\u00fca.<\/p>\n<p><span style=\"text-decoration: underline;\">Omadused<\/span><br \/>Mugav k\u00f5rgus<br \/>T\u00e4nu istmek\u00f5rgendusele p\u00e4\u00e4seb laps iseseisvalt laua \u00e4\u00e4rde, <br \/>ilma et ta peaks s\u00fcles istuma<br \/>Istmek\u00f5rgenduse pind on libisemisvastane<br \/>Kompaktne ja kaasaskantav<br \/>See on niiv\u00f5rd kerge, et laps suudab ise seda tassida. <br \/>Hea ja mugav kasutada nii kodus kui ka reisidel<br \/>Lihtne puhastada<br \/>Ohutu disain<br \/>Istmek\u00f5rgendus kinnitub rihma abil tooli k\u00fclge. Rihmal on lisaks ka lapsekindel lukustus<br \/>Kummiriba istmek\u00f5rgenduse p\u00f5hjal. Aitab hoida k\u00f5rgendust paigal<br \/>Sobib enamike toolide peale. Ei j\u00e4ta j\u00e4lgi toolile endale<br \/>N\u00e4itajad<br \/>Sobib kasutamiseks alates 3. eluaastast<br \/>M\u00f5\u00f5dud: 35,6 x 36,8 x 14,2cm<br \/>Kaal; 0,65kg<br \/>Materjal: BPA-vaba plastik<br \/>Vastab turvastandardile ASTM 2640-17<\/p>\n","protected":false},"excerpt":{"rendered":"<p>Praktiline istmek\u00f5rgendus, mis sobib kasutamiseks lastele alates 3. eluaastast.Antud toode on ideaalne, kui laps on juba s\u00f6\u00f6gitoolist v\u00e4lja kasvanud, aga tahaks ikkagi koos perega laua taga s\u00fc\u00fca. OmadusedMugav k\u00f5rgusT\u00e4nu istmek\u00f5rgendusele p\u00e4\u00e4seb laps iseseisvalt laua \u00e4\u00e4rde, ilma et ta peaks s\u00fcles istumaIstmek\u00f5rgenduse pind on libisemisvastaneKompaktne ja kaasaskantavSee on niiv\u00f5rd kerge, et laps suudab ise seda tassida. [&hellip;]<\/p>\n","protected":false},"featured_media":130940,"template":"","meta":{"_acf_changed":false},"pwb-brand":[11966],"product_brand":[],"product_cat":[11645,11709],"product_tag":[],"class_list":{"0":"post-458867","1":"product","2":"type-product","3":"status-publish","4":"has-post-thumbnail","6":"pwb-brand-babybjorn-ru","7":"product_cat-sootmistoolid-ru","8":"product_cat-sootmistoolid-beebi-ja-lastetarbed-mahkimine-hugieen-ru","9":"pa_manufacturer-babybjorn-ru","11":"first","12":"onbackorder","13":"taxable","14":"shipping-taxable","15":"purchasable","16":"product-type-simple"},"exclude_global_add_ons":[],"addons":[],"acf":[],"yoast_head":"<!-- This site is optimized with the Yoast SEO plugin v27.1.1 - https:\/\/yoast.com\/product\/yoast-seo-wordpress\/ -->\n<title>BabyBj\u00f6rn istmek\u00f5rgendus, Mint Green, \u0421\u0442\u0443\u043b\u044c\u0447\u0438\u043a\u0438 \u0434\u043b\u044f \u043a\u043e\u0440\u043c\u043b\u0435\u043d\u0438\u044f, \u041f\u0440\u0438\u043d\u0430\u0434\u043b\u0435\u0436\u043d\u043e\u0441\u0442\u0438 \u0434\u043b\u044f \u043c\u043b\u0430\u0434\u0435\u043d\u0446\u0435\u0432, Beebipood<\/title>\n<meta name=\"description\" content=\"BabyBj\u00f6rn istmek\u00f5rgendus, Mint Green, Praktiline istmek&otilde;rgendus, mis sobib kasutamiseks lastele alates 3. eluaastast.Antud toode on ideaalne,\" \/>\n<meta name=\"robots\" content=\"index, follow, max-snippet:-1, max-image-preview:large, max-video-preview:-1\" \/>\n<link rel=\"canonical\" href=\"https:\/\/beebipood.ee\/ru\/produkt\/babybjorn-istmekorgendus-mint-green\/\" \/>\n<meta property=\"og:locale\" content=\"ru_RU\" \/>\n<meta property=\"og:type\" content=\"article\" \/>\n<meta property=\"og:title\" content=\"BabyBj\u00f6rn istmek\u00f5rgendus, Mint Green, \u0421\u0442\u0443\u043b\u044c\u0447\u0438\u043a\u0438 \u0434\u043b\u044f \u043a\u043e\u0440\u043c\u043b\u0435\u043d\u0438\u044f, \u041f\u0440\u0438\u043d\u0430\u0434\u043b\u0435\u0436\u043d\u043e\u0441\u0442\u0438 \u0434\u043b\u044f \u043c\u043b\u0430\u0434\u0435\u043d\u0446\u0435\u0432, Beebipood\" \/>\n<meta property=\"og:description\" content=\"BabyBj\u00f6rn istmek\u00f5rgendus, Mint Green, Praktiline istmek&otilde;rgendus, mis sobib kasutamiseks lastele alates 3. eluaastast.Antud toode on ideaalne,\" \/>\n<meta property=\"og:url\" content=\"https:\/\/beebipood.ee\/ru\/produkt\/babybjorn-istmekorgendus-mint-green\/\" \/>\n<meta property=\"og:site_name\" content=\"Beebipood\" \/>\n<meta property=\"article:modified_time\" content=\"2025-01-09T08:48:43+00:00\" \/>\n<meta property=\"og:image\" content=\"https:\/\/beebipood.ee\/wp-content\/uploads\/2019\/08\/BabyBjorn-istmekorgendus-Mint-Green-UUED-TOOTED-Sootmistoolid-Beebi-ja-lastetarbed_6-139.jpg\" \/>\n\t<meta property=\"og:image:width\" content=\"1800\" \/>\n\t<meta property=\"og:image:height\" content=\"1200\" \/>\n\t<meta property=\"og:image:type\" content=\"image\/jpeg\" \/>\n<meta name=\"twitter:card\" content=\"summary_large_image\" \/>\n<meta name=\"twitter:label1\" content=\"\u041f\u0440\u0438\u043c\u0435\u0440\u043d\u043e\u0435 \u0432\u0440\u0435\u043c\u044f \u0434\u043b\u044f \u0447\u0442\u0435\u043d\u0438\u044f\" \/>\n\t<meta name=\"twitter:data1\" content=\"1 \u043c\u0438\u043d\u0443\u0442\u0430\" \/>\n<script type=\"application\/ld+json\" class=\"yoast-schema-graph\">{\"@context\":\"https:\/\/schema.org\",\"@graph\":[{\"@type\":\"WebPage\",\"@id\":\"https:\/\/beebipood.ee\/ru\/produkt\/babybjorn-istmekorgendus-mint-green\/\",\"url\":\"https:\/\/beebipood.ee\/ru\/produkt\/babybjorn-istmekorgendus-mint-green\/\",\"name\":\"BabyBj\u00f6rn istmek\u00f5rgendus, Mint Green, \u0421\u0442\u0443\u043b\u044c\u0447\u0438\u043a\u0438 \u0434\u043b\u044f \u043a\u043e\u0440\u043c\u043b\u0435\u043d\u0438\u044f, \u041f\u0440\u0438\u043d\u0430\u0434\u043b\u0435\u0436\u043d\u043e\u0441\u0442\u0438 \u0434\u043b\u044f \u043c\u043b\u0430\u0434\u0435\u043d\u0446\u0435\u0432, Beebipood\",\"isPartOf\":{\"@id\":\"https:\/\/beebipood.ee\/ru\/#website\"},\"primaryImageOfPage\":{\"@id\":\"https:\/\/beebipood.ee\/ru\/produkt\/babybjorn-istmekorgendus-mint-green\/#primaryimage\"},\"image\":{\"@id\":\"https:\/\/beebipood.ee\/ru\/produkt\/babybjorn-istmekorgendus-mint-green\/#primaryimage\"},\"thumbnailUrl\":\"https:\/\/beebipood.ee\/wp-content\/uploads\/2019\/08\/BabyBjorn-istmekorgendus-Mint-Green-UUED-TOOTED-Sootmistoolid-Beebi-ja-lastetarbed_6-139.jpg\",\"datePublished\":\"2019-08-30T08:04:23+00:00\",\"dateModified\":\"2025-01-09T08:48:43+00:00\",\"description\":\"BabyBj\u00f6rn istmek\u00f5rgendus, Mint Green, Praktiline istmek&otilde;rgendus, mis sobib kasutamiseks lastele alates 3. eluaastast.Antud toode on ideaalne,\",\"breadcrumb\":{\"@id\":\"https:\/\/beebipood.ee\/ru\/produkt\/babybjorn-istmekorgendus-mint-green\/#breadcrumb\"},\"inLanguage\":\"ru-RU\",\"potentialAction\":[{\"@type\":\"ReadAction\",\"target\":[\"https:\/\/beebipood.ee\/ru\/produkt\/babybjorn-istmekorgendus-mint-green\/\"]}]},{\"@type\":\"ImageObject\",\"inLanguage\":\"ru-RU\",\"@id\":\"https:\/\/beebipood.ee\/ru\/produkt\/babybjorn-istmekorgendus-mint-green\/#primaryimage\",\"url\":\"https:\/\/beebipood.ee\/wp-content\/uploads\/2019\/08\/BabyBjorn-istmekorgendus-Mint-Green-UUED-TOOTED-Sootmistoolid-Beebi-ja-lastetarbed_6-139.jpg\",\"contentUrl\":\"https:\/\/beebipood.ee\/wp-content\/uploads\/2019\/08\/BabyBjorn-istmekorgendus-Mint-Green-UUED-TOOTED-Sootmistoolid-Beebi-ja-lastetarbed_6-139.jpg\",\"width\":1800,\"height\":1200},{\"@type\":\"BreadcrumbList\",\"@id\":\"https:\/\/beebipood.ee\/ru\/produkt\/babybjorn-istmekorgendus-mint-green\/#breadcrumb\",\"itemListElement\":[{\"@type\":\"ListItem\",\"position\":1,\"name\":\"Home\",\"item\":\"https:\/\/beebipood.ee\/ru\/\"},{\"@type\":\"ListItem\",\"position\":2,\"name\":\"\u041a\u0430\u0442\u0430\u043b\u043e\u0433 \u0442\u043e\u0432\u0430\u0440\u043e\u0432\",\"item\":\"https:\/\/beebipood.ee\/tooted\/\"},{\"@type\":\"ListItem\",\"position\":3,\"name\":\"BabyBj\u00f6rn istmek\u00f5rgendus, Mint Green\"}]},{\"@type\":\"WebSite\",\"@id\":\"https:\/\/beebipood.ee\/ru\/#website\",\"url\":\"https:\/\/beebipood.ee\/ru\/\",\"name\":\"Beebipood\",\"description\":\"Lastekaubad, beebikaubad, m\u00e4nguasjad\",\"publisher\":{\"@id\":\"https:\/\/beebipood.ee\/ru\/#organization\"},\"potentialAction\":[{\"@type\":\"SearchAction\",\"target\":{\"@type\":\"EntryPoint\",\"urlTemplate\":\"https:\/\/beebipood.ee\/ru\/?s={search_term_string}\"},\"query-input\":{\"@type\":\"PropertyValueSpecification\",\"valueRequired\":true,\"valueName\":\"search_term_string\"}}],\"inLanguage\":\"ru-RU\"},{\"@type\":\"Organization\",\"@id\":\"https:\/\/beebipood.ee\/ru\/#organization\",\"name\":\"Beebipood\",\"url\":\"https:\/\/beebipood.ee\/ru\/\",\"logo\":{\"@type\":\"ImageObject\",\"inLanguage\":\"ru-RU\",\"@id\":\"https:\/\/beebipood.ee\/ru\/#\/schema\/logo\/image\/\",\"url\":\"https:\/\/beebipood.ee\/wp-content\/uploads\/2025\/03\/beebipood.ee-logo-1.svg\",\"contentUrl\":\"https:\/\/beebipood.ee\/wp-content\/uploads\/2025\/03\/beebipood.ee-logo-1.svg\",\"caption\":\"Beebipood\"},\"image\":{\"@id\":\"https:\/\/beebipood.ee\/ru\/#\/schema\/logo\/image\/\"}}]}<\/script>\n<!-- \/ Yoast SEO plugin. -->","yoast_head_json":{"title":"BabyBj\u00f6rn istmek\u00f5rgendus, Mint Green, \u0421\u0442\u0443\u043b\u044c\u0447\u0438\u043a\u0438 \u0434\u043b\u044f \u043a\u043e\u0440\u043c\u043b\u0435\u043d\u0438\u044f, \u041f\u0440\u0438\u043d\u0430\u0434\u043b\u0435\u0436\u043d\u043e\u0441\u0442\u0438 \u0434\u043b\u044f \u043c\u043b\u0430\u0434\u0435\u043d\u0446\u0435\u0432, Beebipood","description":"BabyBj\u00f6rn istmek\u00f5rgendus, Mint Green, Praktiline istmek&otilde;rgendus, mis sobib kasutamiseks lastele alates 3. eluaastast.Antud toode on ideaalne,","robots":{"index":"index","follow":"follow","max-snippet":"max-snippet:-1","max-image-preview":"max-image-preview:large","max-video-preview":"max-video-preview:-1"},"canonical":"https:\/\/beebipood.ee\/ru\/produkt\/babybjorn-istmekorgendus-mint-green\/","og_locale":"ru_RU","og_type":"article","og_title":"BabyBj\u00f6rn istmek\u00f5rgendus, Mint Green, \u0421\u0442\u0443\u043b\u044c\u0447\u0438\u043a\u0438 \u0434\u043b\u044f \u043a\u043e\u0440\u043c\u043b\u0435\u043d\u0438\u044f, \u041f\u0440\u0438\u043d\u0430\u0434\u043b\u0435\u0436\u043d\u043e\u0441\u0442\u0438 \u0434\u043b\u044f \u043c\u043b\u0430\u0434\u0435\u043d\u0446\u0435\u0432, Beebipood","og_description":"BabyBj\u00f6rn istmek\u00f5rgendus, Mint Green, Praktiline istmek&otilde;rgendus, mis sobib kasutamiseks lastele alates 3. eluaastast.Antud toode on ideaalne,","og_url":"https:\/\/beebipood.ee\/ru\/produkt\/babybjorn-istmekorgendus-mint-green\/","og_site_name":"Beebipood","article_modified_time":"2025-01-09T08:48:43+00:00","og_image":[{"width":1800,"height":1200,"url":"https:\/\/beebipood.ee\/wp-content\/uploads\/2019\/08\/BabyBjorn-istmekorgendus-Mint-Green-UUED-TOOTED-Sootmistoolid-Beebi-ja-lastetarbed_6-139.jpg","type":"image\/jpeg"}],"twitter_card":"summary_large_image","twitter_misc":{"\u041f\u0440\u0438\u043c\u0435\u0440\u043d\u043e\u0435 \u0432\u0440\u0435\u043c\u044f \u0434\u043b\u044f \u0447\u0442\u0435\u043d\u0438\u044f":"1 \u043c\u0438\u043d\u0443\u0442\u0430"},"schema":{"@context":"https:\/\/schema.org","@graph":[{"@type":"WebPage","@id":"https:\/\/beebipood.ee\/ru\/produkt\/babybjorn-istmekorgendus-mint-green\/","url":"https:\/\/beebipood.ee\/ru\/produkt\/babybjorn-istmekorgendus-mint-green\/","name":"BabyBj\u00f6rn istmek\u00f5rgendus, Mint Green, \u0421\u0442\u0443\u043b\u044c\u0447\u0438\u043a\u0438 \u0434\u043b\u044f \u043a\u043e\u0440\u043c\u043b\u0435\u043d\u0438\u044f, \u041f\u0440\u0438\u043d\u0430\u0434\u043b\u0435\u0436\u043d\u043e\u0441\u0442\u0438 \u0434\u043b\u044f \u043c\u043b\u0430\u0434\u0435\u043d\u0446\u0435\u0432, Beebipood","isPartOf":{"@id":"https:\/\/beebipood.ee\/ru\/#website"},"primaryImageOfPage":{"@id":"https:\/\/beebipood.ee\/ru\/produkt\/babybjorn-istmekorgendus-mint-green\/#primaryimage"},"image":{"@id":"https:\/\/beebipood.ee\/ru\/produkt\/babybjorn-istmekorgendus-mint-green\/#primaryimage"},"thumbnailUrl":"https:\/\/beebipood.ee\/wp-content\/uploads\/2019\/08\/BabyBjorn-istmekorgendus-Mint-Green-UUED-TOOTED-Sootmistoolid-Beebi-ja-lastetarbed_6-139.jpg","datePublished":"2019-08-30T08:04:23+00:00","dateModified":"2025-01-09T08:48:43+00:00","description":"BabyBj\u00f6rn istmek\u00f5rgendus, Mint Green, Praktiline istmek&otilde;rgendus, mis sobib kasutamiseks lastele alates 3. eluaastast.Antud toode on ideaalne,","breadcrumb":{"@id":"https:\/\/beebipood.ee\/ru\/produkt\/babybjorn-istmekorgendus-mint-green\/#breadcrumb"},"inLanguage":"ru-RU","potentialAction":[{"@type":"ReadAction","target":["https:\/\/beebipood.ee\/ru\/produkt\/babybjorn-istmekorgendus-mint-green\/"]}]},{"@type":"ImageObject","inLanguage":"ru-RU","@id":"https:\/\/beebipood.ee\/ru\/produkt\/babybjorn-istmekorgendus-mint-green\/#primaryimage","url":"https:\/\/beebipood.ee\/wp-content\/uploads\/2019\/08\/BabyBjorn-istmekorgendus-Mint-Green-UUED-TOOTED-Sootmistoolid-Beebi-ja-lastetarbed_6-139.jpg","contentUrl":"https:\/\/beebipood.ee\/wp-content\/uploads\/2019\/08\/BabyBjorn-istmekorgendus-Mint-Green-UUED-TOOTED-Sootmistoolid-Beebi-ja-lastetarbed_6-139.jpg","width":1800,"height":1200},{"@type":"BreadcrumbList","@id":"https:\/\/beebipood.ee\/ru\/produkt\/babybjorn-istmekorgendus-mint-green\/#breadcrumb","itemListElement":[{"@type":"ListItem","position":1,"name":"Home","item":"https:\/\/beebipood.ee\/ru\/"},{"@type":"ListItem","position":2,"name":"\u041a\u0430\u0442\u0430\u043b\u043e\u0433 \u0442\u043e\u0432\u0430\u0440\u043e\u0432","item":"https:\/\/beebipood.ee\/tooted\/"},{"@type":"ListItem","position":3,"name":"BabyBj\u00f6rn istmek\u00f5rgendus, Mint Green"}]},{"@type":"WebSite","@id":"https:\/\/beebipood.ee\/ru\/#website","url":"https:\/\/beebipood.ee\/ru\/","name":"Beebipood","description":"Lastekaubad, beebikaubad, m\u00e4nguasjad","publisher":{"@id":"https:\/\/beebipood.ee\/ru\/#organization"},"potentialAction":[{"@type":"SearchAction","target":{"@type":"EntryPoint","urlTemplate":"https:\/\/beebipood.ee\/ru\/?s={search_term_string}"},"query-input":{"@type":"PropertyValueSpecification","valueRequired":true,"valueName":"search_term_string"}}],"inLanguage":"ru-RU"},{"@type":"Organization","@id":"https:\/\/beebipood.ee\/ru\/#organization","name":"Beebipood","url":"https:\/\/beebipood.ee\/ru\/","logo":{"@type":"ImageObject","inLanguage":"ru-RU","@id":"https:\/\/beebipood.ee\/ru\/#\/schema\/logo\/image\/","url":"https:\/\/beebipood.ee\/wp-content\/uploads\/2025\/03\/beebipood.ee-logo-1.svg","contentUrl":"https:\/\/beebipood.ee\/wp-content\/uploads\/2025\/03\/beebipood.ee-logo-1.svg","caption":"Beebipood"},"image":{"@id":"https:\/\/beebipood.ee\/ru\/#\/schema\/logo\/image\/"}}]}},"brands":[{"id":11966,"name":"BabyBj\u00f6rn","slug":"babybjorn-ru"}],"_links":{"self":[{"href":"https:\/\/beebipood.ee\/ru\/wp-json\/wp\/v2\/product\/458867","targetHints":{"allow":["GET"]}}],"collection":[{"href":"https:\/\/beebipood.ee\/ru\/wp-json\/wp\/v2\/product"}],"about":[{"href":"https:\/\/beebipood.ee\/ru\/wp-json\/wp\/v2\/types\/product"}],"wp:featuredmedia":[{"embeddable":true,"href":"https:\/\/beebipood.ee\/ru\/wp-json\/wp\/v2\/media\/130940"}],"wp:attachment":[{"href":"https:\/\/beebipood.ee\/ru\/wp-json\/wp\/v2\/media?parent=458867"}],"wp:term":[{"taxonomy":"pwb-brand","embeddable":true,"href":"https:\/\/beebipood.ee\/ru\/wp-json\/wp\/v2\/pwb-brand?post=458867"},{"taxonomy":"product_brand","embeddable":true,"href":"https:\/\/beebipood.ee\/ru\/wp-json\/wp\/v2\/product_brand?post=458867"},{"taxonomy":"product_cat","embeddable":true,"href":"https:\/\/beebipood.ee\/ru\/wp-json\/wp\/v2\/product_cat?post=458867"},{"taxonomy":"product_tag","embeddable":true,"href":"https:\/\/beebipood.ee\/ru\/wp-json\/wp\/v2\/product_tag?post=458867"}],"curies":[{"name":"wp","href":"https:\/\/api.w.org\/{rel}","templated":true}]}}