{"id":458871,"date":"2019-08-30T11:21:07","date_gmt":"2019-08-30T08:21:07","guid":{"rendered":"https:\/\/beebipood.ee\/toode\/babybjorn-astepink-varvivalik\/"},"modified":"2025-01-09T10:48:43","modified_gmt":"2025-01-09T08:48:43","slug":"babybjorn-astepink-varvivalik","status":"publish","type":"product","link":"https:\/\/beebipood.ee\/ru\/produkt\/babybjorn-astepink-varvivalik\/","title":{"rendered":"BabyBj\u00f6rn astepink, v\u00e4rvivalik"},"content":{"rendered":"<p>Stabiilne ja mittelibisev astepink v\u00f5imaldab lastel k\u00fc\u00fcndida uutesse k\u00f5rgustesse<\/p>\n<p><span style=\"text-decoration: underline;\">Omadused<\/span><br \/>Libisemisvastane p\u00f5hi<br \/>\u00dcmarad servad annavad stabiilsuse <br \/>ning t\u00e4nu sellele p\u00fcsib astepink kindlalt paigal<br \/>Lihtsasti kaasaskantav, ka lapsel<br \/>Puhastada niiske lapiga<br \/>Turvalised ja testitud materjalid<br \/>K\u00f5ik BabyBj\u00f6rni k\u00f6\u00f6gi- ja vannitoatooted vastavad nii Euroopa <br \/>kui ka Usa plastik materjali turvan\u00f5uetele. See t\u00e4hendab, <br \/>et seda plastikut testitakse pidevalt bisfenool A (BPA) ja tervist kahjustavate ainete suhtes.<br \/><span style=\"text-decoration: underline;\">N\u00e4itajad<\/span><br \/>Kaal: 0,55kg<br \/>M\u00f5\u00f5dud: 35 x 24 x 15cm<\/p>\n","protected":false},"excerpt":{"rendered":"<p>Stabiilne ja mittelibisev astepink v\u00f5imaldab lastel k\u00fc\u00fcndida uutesse k\u00f5rgustesse OmadusedLibisemisvastane p\u00f5hi\u00dcmarad servad annavad stabiilsuse ning t\u00e4nu sellele p\u00fcsib astepink kindlalt paigalLihtsasti kaasaskantav, ka lapselPuhastada niiske lapigaTurvalised ja testitud materjalidK\u00f5ik BabyBj\u00f6rni k\u00f6\u00f6gi- ja vannitoatooted vastavad nii Euroopa kui ka Usa plastik materjali turvan\u00f5uetele. See t\u00e4hendab, et seda plastikut testitakse pidevalt bisfenool A (BPA) ja tervist kahjustavate [&hellip;]<\/p>\n","protected":false},"featured_media":130964,"template":"","meta":{"_acf_changed":false},"pwb-brand":[11966],"product_brand":[],"product_cat":[11715,11709],"product_tag":[],"class_list":{"0":"post-458871","1":"product","2":"type-product","3":"status-publish","4":"has-post-thumbnail","6":"pwb-brand-babybjorn-ru","7":"product_cat-hugieenitarbed-ru","8":"product_cat-sootmistoolid-beebi-ja-lastetarbed-mahkimine-hugieen-ru","9":"pa_manufacturer-babybjorn-ru","11":"first","12":"onbackorder","13":"taxable","14":"shipping-taxable","15":"purchasable","16":"product-type-simple"},"exclude_global_add_ons":false,"addons":[{"name":"Vali v\u00e4rv","type":"multiple_choice","position":0,"required":true,"title_format":"heading","default":"","description_enable":false,"description":"","placeholder_enable":false,"placeholder":"","display":"images","restrictions_type":"any_text","adjust_price":false,"price":"","price_type":"flat_fee","restrictions":false,"min":"0","max":"0","options":[{"label":"VALGE","price":"","price_type":"quantity_based","image":502383,"visibility":true},{"label":"Deep Blue-White","price":"","price_type":"quantity_based","image":502385,"visibility":true},{"label":"Deep Green-White","price":"","price_type":"quantity_based","image":502387,"visibility":true},{"label":"Grey","price":"","price_type":"quantity_based","image":502389,"visibility":true},{"label":"Powder Pink","price":"","price_type":"quantity_based","image":502391,"visibility":true},{"label":"Powder Yellow","price":"","price_type":"quantity_based","image":502393,"visibility":true}]}],"acf":[],"yoast_head":"<!-- This site is optimized with the Yoast SEO plugin v27.1.1 - https:\/\/yoast.com\/product\/yoast-seo-wordpress\/ -->\n<title>BabyBj\u00f6rn astepink, v\u00e4rvivalik, \u041f\u0440\u0438\u043d\u0430\u0434\u043b\u0435\u0436\u043d\u043e\u0441\u0442\u0438 \u0434\u043b\u044f \u043c\u043b\u0430\u0434\u0435\u043d\u0446\u0435\u0432, \u0413\u0438\u0433\u0438\u0435\u043d\u0430, Beebipood<\/title>\n<meta name=\"description\" content=\"BabyBj\u00f6rn astepink, v\u00e4rvivalik, Stabiilne ja mittelibisev astepink v&otilde;imaldab lastel k&uuml;&uuml;ndida uutesse k&otilde;rgustesse&lt;span s\" \/>\n<meta name=\"robots\" content=\"index, follow, max-snippet:-1, max-image-preview:large, max-video-preview:-1\" \/>\n<link rel=\"canonical\" href=\"https:\/\/beebipood.ee\/ru\/produkt\/babybjorn-astepink-varvivalik\/\" \/>\n<meta property=\"og:locale\" content=\"ru_RU\" \/>\n<meta property=\"og:type\" content=\"article\" \/>\n<meta property=\"og:title\" content=\"BabyBj\u00f6rn astepink, v\u00e4rvivalik, \u041f\u0440\u0438\u043d\u0430\u0434\u043b\u0435\u0436\u043d\u043e\u0441\u0442\u0438 \u0434\u043b\u044f \u043c\u043b\u0430\u0434\u0435\u043d\u0446\u0435\u0432, \u0413\u0438\u0433\u0438\u0435\u043d\u0430, Beebipood\" \/>\n<meta property=\"og:description\" content=\"BabyBj\u00f6rn astepink, v\u00e4rvivalik, Stabiilne ja mittelibisev astepink v&otilde;imaldab lastel k&uuml;&uuml;ndida uutesse k&otilde;rgustesse&lt;span s\" \/>\n<meta property=\"og:url\" content=\"https:\/\/beebipood.ee\/ru\/produkt\/babybjorn-astepink-varvivalik\/\" \/>\n<meta property=\"og:site_name\" content=\"Beebipood\" \/>\n<meta property=\"article:modified_time\" content=\"2025-01-09T08:48:43+00:00\" \/>\n<meta property=\"og:image\" content=\"https:\/\/beebipood.ee\/wp-content\/uploads\/2019\/08\/BabyBjorn-astepink-varvivalik-Beebi-ja-lastetarbed-Hugieenitarbed_7-3be.jpg\" \/>\n\t<meta property=\"og:image:width\" content=\"799\" \/>\n\t<meta property=\"og:image:height\" content=\"1200\" \/>\n\t<meta property=\"og:image:type\" content=\"image\/jpeg\" \/>\n<meta name=\"twitter:card\" content=\"summary_large_image\" \/>\n<script type=\"application\/ld+json\" class=\"yoast-schema-graph\">{\"@context\":\"https:\/\/schema.org\",\"@graph\":[{\"@type\":\"WebPage\",\"@id\":\"https:\/\/beebipood.ee\/ru\/produkt\/babybjorn-astepink-varvivalik\/\",\"url\":\"https:\/\/beebipood.ee\/ru\/produkt\/babybjorn-astepink-varvivalik\/\",\"name\":\"BabyBj\u00f6rn astepink, v\u00e4rvivalik, \u041f\u0440\u0438\u043d\u0430\u0434\u043b\u0435\u0436\u043d\u043e\u0441\u0442\u0438 \u0434\u043b\u044f \u043c\u043b\u0430\u0434\u0435\u043d\u0446\u0435\u0432, \u0413\u0438\u0433\u0438\u0435\u043d\u0430, Beebipood\",\"isPartOf\":{\"@id\":\"https:\/\/beebipood.ee\/ru\/#website\"},\"primaryImageOfPage\":{\"@id\":\"https:\/\/beebipood.ee\/ru\/produkt\/babybjorn-astepink-varvivalik\/#primaryimage\"},\"image\":{\"@id\":\"https:\/\/beebipood.ee\/ru\/produkt\/babybjorn-astepink-varvivalik\/#primaryimage\"},\"thumbnailUrl\":\"https:\/\/beebipood.ee\/wp-content\/uploads\/2019\/08\/BabyBjorn-astepink-varvivalik-Beebi-ja-lastetarbed-Hugieenitarbed_7-3be.jpg\",\"datePublished\":\"2019-08-30T08:21:07+00:00\",\"dateModified\":\"2025-01-09T08:48:43+00:00\",\"description\":\"BabyBj\u00f6rn astepink, v\u00e4rvivalik, Stabiilne ja mittelibisev astepink v&otilde;imaldab lastel k&uuml;&uuml;ndida uutesse k&otilde;rgustesse&lt;span s\",\"breadcrumb\":{\"@id\":\"https:\/\/beebipood.ee\/ru\/produkt\/babybjorn-astepink-varvivalik\/#breadcrumb\"},\"inLanguage\":\"ru-RU\",\"potentialAction\":[{\"@type\":\"ReadAction\",\"target\":[\"https:\/\/beebipood.ee\/ru\/produkt\/babybjorn-astepink-varvivalik\/\"]}]},{\"@type\":\"ImageObject\",\"inLanguage\":\"ru-RU\",\"@id\":\"https:\/\/beebipood.ee\/ru\/produkt\/babybjorn-astepink-varvivalik\/#primaryimage\",\"url\":\"https:\/\/beebipood.ee\/wp-content\/uploads\/2019\/08\/BabyBjorn-astepink-varvivalik-Beebi-ja-lastetarbed-Hugieenitarbed_7-3be.jpg\",\"contentUrl\":\"https:\/\/beebipood.ee\/wp-content\/uploads\/2019\/08\/BabyBjorn-astepink-varvivalik-Beebi-ja-lastetarbed-Hugieenitarbed_7-3be.jpg\",\"width\":799,\"height\":1200},{\"@type\":\"BreadcrumbList\",\"@id\":\"https:\/\/beebipood.ee\/ru\/produkt\/babybjorn-astepink-varvivalik\/#breadcrumb\",\"itemListElement\":[{\"@type\":\"ListItem\",\"position\":1,\"name\":\"Home\",\"item\":\"https:\/\/beebipood.ee\/ru\/\"},{\"@type\":\"ListItem\",\"position\":2,\"name\":\"\u041a\u0430\u0442\u0430\u043b\u043e\u0433 \u0442\u043e\u0432\u0430\u0440\u043e\u0432\",\"item\":\"https:\/\/beebipood.ee\/tooted\/\"},{\"@type\":\"ListItem\",\"position\":3,\"name\":\"BabyBj\u00f6rn astepink, v\u00e4rvivalik\"}]},{\"@type\":\"WebSite\",\"@id\":\"https:\/\/beebipood.ee\/ru\/#website\",\"url\":\"https:\/\/beebipood.ee\/ru\/\",\"name\":\"Beebipood\",\"description\":\"Lastekaubad, beebikaubad, m\u00e4nguasjad\",\"publisher\":{\"@id\":\"https:\/\/beebipood.ee\/ru\/#organization\"},\"potentialAction\":[{\"@type\":\"SearchAction\",\"target\":{\"@type\":\"EntryPoint\",\"urlTemplate\":\"https:\/\/beebipood.ee\/ru\/?s={search_term_string}\"},\"query-input\":{\"@type\":\"PropertyValueSpecification\",\"valueRequired\":true,\"valueName\":\"search_term_string\"}}],\"inLanguage\":\"ru-RU\"},{\"@type\":\"Organization\",\"@id\":\"https:\/\/beebipood.ee\/ru\/#organization\",\"name\":\"Beebipood\",\"url\":\"https:\/\/beebipood.ee\/ru\/\",\"logo\":{\"@type\":\"ImageObject\",\"inLanguage\":\"ru-RU\",\"@id\":\"https:\/\/beebipood.ee\/ru\/#\/schema\/logo\/image\/\",\"url\":\"https:\/\/beebipood.ee\/wp-content\/uploads\/2025\/03\/beebipood.ee-logo-1.svg\",\"contentUrl\":\"https:\/\/beebipood.ee\/wp-content\/uploads\/2025\/03\/beebipood.ee-logo-1.svg\",\"caption\":\"Beebipood\"},\"image\":{\"@id\":\"https:\/\/beebipood.ee\/ru\/#\/schema\/logo\/image\/\"}}]}<\/script>\n<!-- \/ Yoast SEO plugin. -->","yoast_head_json":{"title":"BabyBj\u00f6rn astepink, v\u00e4rvivalik, \u041f\u0440\u0438\u043d\u0430\u0434\u043b\u0435\u0436\u043d\u043e\u0441\u0442\u0438 \u0434\u043b\u044f \u043c\u043b\u0430\u0434\u0435\u043d\u0446\u0435\u0432, \u0413\u0438\u0433\u0438\u0435\u043d\u0430, Beebipood","description":"BabyBj\u00f6rn astepink, v\u00e4rvivalik, Stabiilne ja mittelibisev astepink v&otilde;imaldab lastel k&uuml;&uuml;ndida uutesse k&otilde;rgustesse&lt;span s","robots":{"index":"index","follow":"follow","max-snippet":"max-snippet:-1","max-image-preview":"max-image-preview:large","max-video-preview":"max-video-preview:-1"},"canonical":"https:\/\/beebipood.ee\/ru\/produkt\/babybjorn-astepink-varvivalik\/","og_locale":"ru_RU","og_type":"article","og_title":"BabyBj\u00f6rn astepink, v\u00e4rvivalik, \u041f\u0440\u0438\u043d\u0430\u0434\u043b\u0435\u0436\u043d\u043e\u0441\u0442\u0438 \u0434\u043b\u044f \u043c\u043b\u0430\u0434\u0435\u043d\u0446\u0435\u0432, \u0413\u0438\u0433\u0438\u0435\u043d\u0430, Beebipood","og_description":"BabyBj\u00f6rn astepink, v\u00e4rvivalik, Stabiilne ja mittelibisev astepink v&otilde;imaldab lastel k&uuml;&uuml;ndida uutesse k&otilde;rgustesse&lt;span s","og_url":"https:\/\/beebipood.ee\/ru\/produkt\/babybjorn-astepink-varvivalik\/","og_site_name":"Beebipood","article_modified_time":"2025-01-09T08:48:43+00:00","og_image":[{"width":799,"height":1200,"url":"https:\/\/beebipood.ee\/wp-content\/uploads\/2019\/08\/BabyBjorn-astepink-varvivalik-Beebi-ja-lastetarbed-Hugieenitarbed_7-3be.jpg","type":"image\/jpeg"}],"twitter_card":"summary_large_image","schema":{"@context":"https:\/\/schema.org","@graph":[{"@type":"WebPage","@id":"https:\/\/beebipood.ee\/ru\/produkt\/babybjorn-astepink-varvivalik\/","url":"https:\/\/beebipood.ee\/ru\/produkt\/babybjorn-astepink-varvivalik\/","name":"BabyBj\u00f6rn astepink, v\u00e4rvivalik, \u041f\u0440\u0438\u043d\u0430\u0434\u043b\u0435\u0436\u043d\u043e\u0441\u0442\u0438 \u0434\u043b\u044f \u043c\u043b\u0430\u0434\u0435\u043d\u0446\u0435\u0432, \u0413\u0438\u0433\u0438\u0435\u043d\u0430, Beebipood","isPartOf":{"@id":"https:\/\/beebipood.ee\/ru\/#website"},"primaryImageOfPage":{"@id":"https:\/\/beebipood.ee\/ru\/produkt\/babybjorn-astepink-varvivalik\/#primaryimage"},"image":{"@id":"https:\/\/beebipood.ee\/ru\/produkt\/babybjorn-astepink-varvivalik\/#primaryimage"},"thumbnailUrl":"https:\/\/beebipood.ee\/wp-content\/uploads\/2019\/08\/BabyBjorn-astepink-varvivalik-Beebi-ja-lastetarbed-Hugieenitarbed_7-3be.jpg","datePublished":"2019-08-30T08:21:07+00:00","dateModified":"2025-01-09T08:48:43+00:00","description":"BabyBj\u00f6rn astepink, v\u00e4rvivalik, Stabiilne ja mittelibisev astepink v&otilde;imaldab lastel k&uuml;&uuml;ndida uutesse k&otilde;rgustesse&lt;span s","breadcrumb":{"@id":"https:\/\/beebipood.ee\/ru\/produkt\/babybjorn-astepink-varvivalik\/#breadcrumb"},"inLanguage":"ru-RU","potentialAction":[{"@type":"ReadAction","target":["https:\/\/beebipood.ee\/ru\/produkt\/babybjorn-astepink-varvivalik\/"]}]},{"@type":"ImageObject","inLanguage":"ru-RU","@id":"https:\/\/beebipood.ee\/ru\/produkt\/babybjorn-astepink-varvivalik\/#primaryimage","url":"https:\/\/beebipood.ee\/wp-content\/uploads\/2019\/08\/BabyBjorn-astepink-varvivalik-Beebi-ja-lastetarbed-Hugieenitarbed_7-3be.jpg","contentUrl":"https:\/\/beebipood.ee\/wp-content\/uploads\/2019\/08\/BabyBjorn-astepink-varvivalik-Beebi-ja-lastetarbed-Hugieenitarbed_7-3be.jpg","width":799,"height":1200},{"@type":"BreadcrumbList","@id":"https:\/\/beebipood.ee\/ru\/produkt\/babybjorn-astepink-varvivalik\/#breadcrumb","itemListElement":[{"@type":"ListItem","position":1,"name":"Home","item":"https:\/\/beebipood.ee\/ru\/"},{"@type":"ListItem","position":2,"name":"\u041a\u0430\u0442\u0430\u043b\u043e\u0433 \u0442\u043e\u0432\u0430\u0440\u043e\u0432","item":"https:\/\/beebipood.ee\/tooted\/"},{"@type":"ListItem","position":3,"name":"BabyBj\u00f6rn astepink, v\u00e4rvivalik"}]},{"@type":"WebSite","@id":"https:\/\/beebipood.ee\/ru\/#website","url":"https:\/\/beebipood.ee\/ru\/","name":"Beebipood","description":"Lastekaubad, beebikaubad, m\u00e4nguasjad","publisher":{"@id":"https:\/\/beebipood.ee\/ru\/#organization"},"potentialAction":[{"@type":"SearchAction","target":{"@type":"EntryPoint","urlTemplate":"https:\/\/beebipood.ee\/ru\/?s={search_term_string}"},"query-input":{"@type":"PropertyValueSpecification","valueRequired":true,"valueName":"search_term_string"}}],"inLanguage":"ru-RU"},{"@type":"Organization","@id":"https:\/\/beebipood.ee\/ru\/#organization","name":"Beebipood","url":"https:\/\/beebipood.ee\/ru\/","logo":{"@type":"ImageObject","inLanguage":"ru-RU","@id":"https:\/\/beebipood.ee\/ru\/#\/schema\/logo\/image\/","url":"https:\/\/beebipood.ee\/wp-content\/uploads\/2025\/03\/beebipood.ee-logo-1.svg","contentUrl":"https:\/\/beebipood.ee\/wp-content\/uploads\/2025\/03\/beebipood.ee-logo-1.svg","caption":"Beebipood"},"image":{"@id":"https:\/\/beebipood.ee\/ru\/#\/schema\/logo\/image\/"}}]}},"brands":[{"id":11966,"name":"BabyBj\u00f6rn","slug":"babybjorn-ru"}],"_links":{"self":[{"href":"https:\/\/beebipood.ee\/ru\/wp-json\/wp\/v2\/product\/458871","targetHints":{"allow":["GET"]}}],"collection":[{"href":"https:\/\/beebipood.ee\/ru\/wp-json\/wp\/v2\/product"}],"about":[{"href":"https:\/\/beebipood.ee\/ru\/wp-json\/wp\/v2\/types\/product"}],"wp:featuredmedia":[{"embeddable":true,"href":"https:\/\/beebipood.ee\/ru\/wp-json\/wp\/v2\/media\/130964"}],"wp:attachment":[{"href":"https:\/\/beebipood.ee\/ru\/wp-json\/wp\/v2\/media?parent=458871"}],"wp:term":[{"taxonomy":"pwb-brand","embeddable":true,"href":"https:\/\/beebipood.ee\/ru\/wp-json\/wp\/v2\/pwb-brand?post=458871"},{"taxonomy":"product_brand","embeddable":true,"href":"https:\/\/beebipood.ee\/ru\/wp-json\/wp\/v2\/product_brand?post=458871"},{"taxonomy":"product_cat","embeddable":true,"href":"https:\/\/beebipood.ee\/ru\/wp-json\/wp\/v2\/product_cat?post=458871"},{"taxonomy":"product_tag","embeddable":true,"href":"https:\/\/beebipood.ee\/ru\/wp-json\/wp\/v2\/product_tag?post=458871"}],"curies":[{"name":"wp","href":"https:\/\/api.w.org\/{rel}","templated":true}]}}