{"id":458879,"date":"2019-09-03T08:45:45","date_gmt":"2019-09-03T05:45:45","guid":{"rendered":"https:\/\/beebipood.ee\/toode\/maxi-cosi-iora-air-beebihall-voodi-korvale-beyond-graphite\/"},"modified":"2025-06-01T00:00:21","modified_gmt":"2025-05-31T21:00:21","slug":"maxi-cosi-iora-air-beebihall-voodi-korvale-beyond-graphite","status":"publish","type":"product","link":"https:\/\/beebipood.ee\/ru\/produkt\/maxi-cosi-iora-air-beebihall-voodi-korvale-beyond-graphite\/","title":{"rendered":"Maxi-Cosi Iora Air beebih\u00e4ll voodi k\u00f5rvale, Beyond Graphite"},"content":{"rendered":"<p><span>Uuendatud versioon Maxi-Cosi Iora beebih\u00e4llist,<\/span><br \/><span>mida \u00fcmbritseb igast k\u00fcljest hingav v\u00f5rkkangas.<\/span><br \/><span>T\u00e4nu Iora Air beebih\u00e4llile saad sa rahulikult magada teades,<\/span><br \/><span>et beebi on turvaliselt sinu k\u00e4eulatuses.<\/span><br \/><span>Iora on praktiline vooditasku, mis on lihtasti reguleeritav<\/span><br \/><span>ning millel on \u00fclimalt mugav madrats<\/span><br \/><span style=\"text-decoration: underline;\"><br \/>Omadused:<\/span><br \/><span>2in1 lahendus &#8212; beebih\u00e4ll ning vooditasku<\/span><br \/><span>Beebih\u00e4lli kaugus voodist on reguleeritav<\/span><br \/><span>Reguleeritav k\u00f5rgus (5 astet) &#8212; v\u00f5imalik s\u00e4ttida \u00fcks pool k\u00f5rgemale, kui teine<\/span><br \/><span>\u00dcks k\u00fclg on allalastav<\/span><br \/><span>Lihtsasti kokkupandav<\/span><br \/><span>Mugav kaasas kanda koos transpordikotiga<\/span><br \/><span>\u00dchel pool rattad, mille abil on beebih\u00e4lli lihtne liigutada<\/span><br \/><span>Masinpestav kate<\/span><br \/><span>Suur hoiukorv &#8212; hoia k\u00f5ik vajalikud tarvikud k\u00e4ep\u00e4rast<\/span><br \/><span>Suurenenud hingavus ja ventilatsioon<\/span><br \/><span>\u00dclimalt mugav madrats<\/span><br \/><span>Rahustav kiikumisfunktsioon<\/span><br \/><span>Kaasas rihmad voodi k\u00fclge kinnitamiseks<\/span><br \/><span>EcoCare: valmistatud taaskasutatud kangastest<\/span><br \/><span style=\"text-decoration: underline;\">N\u00e4itajad:<\/span><br \/><span>Kaal: 9,4kg<\/span><br \/><span>M\u00f5\u00f5dud: 74,7-85,7 x 52,3 x 97cm (k\u00f5rgus, laius, pikkus)<\/span><br \/><span>Kandev\u00f5ime: 9kg<\/span><br \/><span>kasutamiseks lastele alates s\u00fcnnist<\/span><\/p>\n","protected":false},"excerpt":{"rendered":"<p>Uuendatud versioon Maxi-Cosi Iora beebih\u00e4llist,mida \u00fcmbritseb igast k\u00fcljest hingav v\u00f5rkkangas.T\u00e4nu Iora Air beebih\u00e4llile saad sa rahulikult magada teades,et beebi on turvaliselt sinu k\u00e4eulatuses.Iora on praktiline vooditasku, mis on lihtasti reguleeritavning millel on \u00fclimalt mugav madratsOmadused:2in1 lahendus &#8212; beebih\u00e4ll ning vooditaskuBeebih\u00e4lli kaugus voodist on reguleeritavReguleeritav k\u00f5rgus (5 astet) &#8212; v\u00f5imalik s\u00e4ttida \u00fcks pool k\u00f5rgemale, kui teine\u00dcks [&hellip;]<\/p>\n","protected":false},"featured_media":130996,"template":"","meta":{"_acf_changed":false},"pwb-brand":[11961],"product_brand":[],"product_cat":[11573,11571],"product_tag":[],"class_list":{"0":"post-458879","1":"product","2":"type-product","3":"status-publish","4":"has-post-thumbnail","6":"pwb-brand-maxi-cosi-ru","7":"product_cat-sooduspakkumised-ru","8":"product_cat-hallid-ja-vooditaskud-ru","9":"pa_manufacturer-maxi_cosi-ru","11":"first","12":"onbackorder","13":"sale","14":"taxable","15":"shipping-taxable","16":"purchasable","17":"product-type-simple"},"exclude_global_add_ons":[],"addons":[],"acf":[],"yoast_head":"<!-- This site is optimized with the Yoast SEO plugin v27.1.1 - https:\/\/yoast.com\/product\/yoast-seo-wordpress\/ -->\n<title>Maxi-Cosi Iora Air beebih\u00e4ll voodi k\u00f5rvale, Beyond Graphite, \u041b\u044e\u043b\u044c\u043a\u0438 \u0438 \u043a\u0430\u0440\u043c\u0430\u0448\u043a\u0438 \u0434\u043b\u044f \u043a\u0440\u043e\u0432\u0430\u0442\u043a\u0438, \u0421\u041a\u0418\u0414\u041a\u0418, \u0428\u0438\u0440\u0438\u043d\u043e\u0439 \u0434\u043e 160 \u0441\u043c , Beebipood<\/title>\n<meta name=\"description\" content=\"Maxi-Cosi Iora Air beebih\u00e4ll voodi k\u00f5rvale, Beyond Graphite, Uuendatud versioon Maxi-Cosi Iora beebih&auml;llist,mida &uuml;mbrits\" \/>\n<meta name=\"robots\" content=\"index, follow, max-snippet:-1, max-image-preview:large, max-video-preview:-1\" \/>\n<link rel=\"canonical\" href=\"https:\/\/beebipood.ee\/ru\/produkt\/maxi-cosi-iora-air-beebihall-voodi-korvale-beyond-graphite\/\" \/>\n<meta property=\"og:locale\" content=\"ru_RU\" \/>\n<meta property=\"og:type\" content=\"article\" \/>\n<meta property=\"og:title\" content=\"Maxi-Cosi Iora Air beebih\u00e4ll voodi k\u00f5rvale, Beyond Graphite, \u041b\u044e\u043b\u044c\u043a\u0438 \u0438 \u043a\u0430\u0440\u043c\u0430\u0448\u043a\u0438 \u0434\u043b\u044f \u043a\u0440\u043e\u0432\u0430\u0442\u043a\u0438, \u0421\u041a\u0418\u0414\u041a\u0418, \u0428\u0438\u0440\u0438\u043d\u043e\u0439 \u0434\u043e 160 \u0441\u043c , Beebipood\" \/>\n<meta property=\"og:description\" content=\"Maxi-Cosi Iora Air beebih\u00e4ll voodi k\u00f5rvale, Beyond Graphite, Uuendatud versioon Maxi-Cosi Iora beebih&auml;llist,mida &uuml;mbrits\" \/>\n<meta property=\"og:url\" content=\"https:\/\/beebipood.ee\/ru\/produkt\/maxi-cosi-iora-air-beebihall-voodi-korvale-beyond-graphite\/\" \/>\n<meta property=\"og:site_name\" content=\"Beebipood\" \/>\n<meta property=\"article:modified_time\" content=\"2025-05-31T21:00:21+00:00\" \/>\n<meta property=\"og:image\" content=\"https:\/\/beebipood.ee\/wp-content\/uploads\/2019\/09\/MaxiCosi-Iora-Air-beebihall-voodi-korvale-Beyond-Graphite-SOODUSPAKKUMISED-Turvatoolid-hallid-Turvatoolid-918-kg-Turvavarustus-MaxiCosi-15_3-d38.jpg\" \/>\n\t<meta property=\"og:image:width\" content=\"1191\" \/>\n\t<meta property=\"og:image:height\" content=\"1200\" \/>\n\t<meta property=\"og:image:type\" content=\"image\/jpeg\" \/>\n<meta name=\"twitter:card\" content=\"summary_large_image\" \/>\n<meta name=\"twitter:label1\" content=\"\u041f\u0440\u0438\u043c\u0435\u0440\u043d\u043e\u0435 \u0432\u0440\u0435\u043c\u044f \u0434\u043b\u044f \u0447\u0442\u0435\u043d\u0438\u044f\" \/>\n\t<meta name=\"twitter:data1\" content=\"1 \u043c\u0438\u043d\u0443\u0442\u0430\" \/>\n<script type=\"application\/ld+json\" class=\"yoast-schema-graph\">{\"@context\":\"https:\/\/schema.org\",\"@graph\":[{\"@type\":\"WebPage\",\"@id\":\"https:\/\/beebipood.ee\/ru\/produkt\/maxi-cosi-iora-air-beebihall-voodi-korvale-beyond-graphite\/\",\"url\":\"https:\/\/beebipood.ee\/ru\/produkt\/maxi-cosi-iora-air-beebihall-voodi-korvale-beyond-graphite\/\",\"name\":\"Maxi-Cosi Iora Air beebih\u00e4ll voodi k\u00f5rvale, Beyond Graphite, \u041b\u044e\u043b\u044c\u043a\u0438 \u0438 \u043a\u0430\u0440\u043c\u0430\u0448\u043a\u0438 \u0434\u043b\u044f \u043a\u0440\u043e\u0432\u0430\u0442\u043a\u0438, \u0421\u041a\u0418\u0414\u041a\u0418, \u0428\u0438\u0440\u0438\u043d\u043e\u0439 \u0434\u043e 160 \u0441\u043c , Beebipood\",\"isPartOf\":{\"@id\":\"https:\/\/beebipood.ee\/ru\/#website\"},\"primaryImageOfPage\":{\"@id\":\"https:\/\/beebipood.ee\/ru\/produkt\/maxi-cosi-iora-air-beebihall-voodi-korvale-beyond-graphite\/#primaryimage\"},\"image\":{\"@id\":\"https:\/\/beebipood.ee\/ru\/produkt\/maxi-cosi-iora-air-beebihall-voodi-korvale-beyond-graphite\/#primaryimage\"},\"thumbnailUrl\":\"https:\/\/beebipood.ee\/wp-content\/uploads\/2019\/09\/MaxiCosi-Iora-Air-beebihall-voodi-korvale-Beyond-Graphite-SOODUSPAKKUMISED-Turvatoolid-hallid-Turvatoolid-918-kg-Turvavarustus-MaxiCosi-15_3-d38.jpg\",\"datePublished\":\"2019-09-03T05:45:45+00:00\",\"dateModified\":\"2025-05-31T21:00:21+00:00\",\"description\":\"Maxi-Cosi Iora Air beebih\u00e4ll voodi k\u00f5rvale, Beyond Graphite, Uuendatud versioon Maxi-Cosi Iora beebih&auml;llist,mida &uuml;mbrits\",\"breadcrumb\":{\"@id\":\"https:\/\/beebipood.ee\/ru\/produkt\/maxi-cosi-iora-air-beebihall-voodi-korvale-beyond-graphite\/#breadcrumb\"},\"inLanguage\":\"ru-RU\",\"potentialAction\":[{\"@type\":\"ReadAction\",\"target\":[\"https:\/\/beebipood.ee\/ru\/produkt\/maxi-cosi-iora-air-beebihall-voodi-korvale-beyond-graphite\/\"]}]},{\"@type\":\"ImageObject\",\"inLanguage\":\"ru-RU\",\"@id\":\"https:\/\/beebipood.ee\/ru\/produkt\/maxi-cosi-iora-air-beebihall-voodi-korvale-beyond-graphite\/#primaryimage\",\"url\":\"https:\/\/beebipood.ee\/wp-content\/uploads\/2019\/09\/MaxiCosi-Iora-Air-beebihall-voodi-korvale-Beyond-Graphite-SOODUSPAKKUMISED-Turvatoolid-hallid-Turvatoolid-918-kg-Turvavarustus-MaxiCosi-15_3-d38.jpg\",\"contentUrl\":\"https:\/\/beebipood.ee\/wp-content\/uploads\/2019\/09\/MaxiCosi-Iora-Air-beebihall-voodi-korvale-Beyond-Graphite-SOODUSPAKKUMISED-Turvatoolid-hallid-Turvatoolid-918-kg-Turvavarustus-MaxiCosi-15_3-d38.jpg\",\"width\":1191,\"height\":1200},{\"@type\":\"BreadcrumbList\",\"@id\":\"https:\/\/beebipood.ee\/ru\/produkt\/maxi-cosi-iora-air-beebihall-voodi-korvale-beyond-graphite\/#breadcrumb\",\"itemListElement\":[{\"@type\":\"ListItem\",\"position\":1,\"name\":\"Home\",\"item\":\"https:\/\/beebipood.ee\/ru\/\"},{\"@type\":\"ListItem\",\"position\":2,\"name\":\"\u041a\u0430\u0442\u0430\u043b\u043e\u0433 \u0442\u043e\u0432\u0430\u0440\u043e\u0432\",\"item\":\"https:\/\/beebipood.ee\/tooted\/\"},{\"@type\":\"ListItem\",\"position\":3,\"name\":\"Maxi-Cosi Iora Air beebih\u00e4ll voodi k\u00f5rvale, Beyond Graphite\"}]},{\"@type\":\"WebSite\",\"@id\":\"https:\/\/beebipood.ee\/ru\/#website\",\"url\":\"https:\/\/beebipood.ee\/ru\/\",\"name\":\"Beebipood\",\"description\":\"Lastekaubad, beebikaubad, m\u00e4nguasjad\",\"publisher\":{\"@id\":\"https:\/\/beebipood.ee\/ru\/#organization\"},\"potentialAction\":[{\"@type\":\"SearchAction\",\"target\":{\"@type\":\"EntryPoint\",\"urlTemplate\":\"https:\/\/beebipood.ee\/ru\/?s={search_term_string}\"},\"query-input\":{\"@type\":\"PropertyValueSpecification\",\"valueRequired\":true,\"valueName\":\"search_term_string\"}}],\"inLanguage\":\"ru-RU\"},{\"@type\":\"Organization\",\"@id\":\"https:\/\/beebipood.ee\/ru\/#organization\",\"name\":\"Beebipood\",\"url\":\"https:\/\/beebipood.ee\/ru\/\",\"logo\":{\"@type\":\"ImageObject\",\"inLanguage\":\"ru-RU\",\"@id\":\"https:\/\/beebipood.ee\/ru\/#\/schema\/logo\/image\/\",\"url\":\"https:\/\/beebipood.ee\/wp-content\/uploads\/2025\/03\/beebipood.ee-logo-1.svg\",\"contentUrl\":\"https:\/\/beebipood.ee\/wp-content\/uploads\/2025\/03\/beebipood.ee-logo-1.svg\",\"caption\":\"Beebipood\"},\"image\":{\"@id\":\"https:\/\/beebipood.ee\/ru\/#\/schema\/logo\/image\/\"}}]}<\/script>\n<!-- \/ Yoast SEO plugin. -->","yoast_head_json":{"title":"Maxi-Cosi Iora Air beebih\u00e4ll voodi k\u00f5rvale, Beyond Graphite, \u041b\u044e\u043b\u044c\u043a\u0438 \u0438 \u043a\u0430\u0440\u043c\u0430\u0448\u043a\u0438 \u0434\u043b\u044f \u043a\u0440\u043e\u0432\u0430\u0442\u043a\u0438, \u0421\u041a\u0418\u0414\u041a\u0418, \u0428\u0438\u0440\u0438\u043d\u043e\u0439 \u0434\u043e 160 \u0441\u043c , Beebipood","description":"Maxi-Cosi Iora Air beebih\u00e4ll voodi k\u00f5rvale, Beyond Graphite, Uuendatud versioon Maxi-Cosi Iora beebih&auml;llist,mida &uuml;mbrits","robots":{"index":"index","follow":"follow","max-snippet":"max-snippet:-1","max-image-preview":"max-image-preview:large","max-video-preview":"max-video-preview:-1"},"canonical":"https:\/\/beebipood.ee\/ru\/produkt\/maxi-cosi-iora-air-beebihall-voodi-korvale-beyond-graphite\/","og_locale":"ru_RU","og_type":"article","og_title":"Maxi-Cosi Iora Air beebih\u00e4ll voodi k\u00f5rvale, Beyond Graphite, \u041b\u044e\u043b\u044c\u043a\u0438 \u0438 \u043a\u0430\u0440\u043c\u0430\u0448\u043a\u0438 \u0434\u043b\u044f \u043a\u0440\u043e\u0432\u0430\u0442\u043a\u0438, \u0421\u041a\u0418\u0414\u041a\u0418, \u0428\u0438\u0440\u0438\u043d\u043e\u0439 \u0434\u043e 160 \u0441\u043c , Beebipood","og_description":"Maxi-Cosi Iora Air beebih\u00e4ll voodi k\u00f5rvale, Beyond Graphite, Uuendatud versioon Maxi-Cosi Iora beebih&auml;llist,mida &uuml;mbrits","og_url":"https:\/\/beebipood.ee\/ru\/produkt\/maxi-cosi-iora-air-beebihall-voodi-korvale-beyond-graphite\/","og_site_name":"Beebipood","article_modified_time":"2025-05-31T21:00:21+00:00","og_image":[{"width":1191,"height":1200,"url":"https:\/\/beebipood.ee\/wp-content\/uploads\/2019\/09\/MaxiCosi-Iora-Air-beebihall-voodi-korvale-Beyond-Graphite-SOODUSPAKKUMISED-Turvatoolid-hallid-Turvatoolid-918-kg-Turvavarustus-MaxiCosi-15_3-d38.jpg","type":"image\/jpeg"}],"twitter_card":"summary_large_image","twitter_misc":{"\u041f\u0440\u0438\u043c\u0435\u0440\u043d\u043e\u0435 \u0432\u0440\u0435\u043c\u044f \u0434\u043b\u044f \u0447\u0442\u0435\u043d\u0438\u044f":"1 \u043c\u0438\u043d\u0443\u0442\u0430"},"schema":{"@context":"https:\/\/schema.org","@graph":[{"@type":"WebPage","@id":"https:\/\/beebipood.ee\/ru\/produkt\/maxi-cosi-iora-air-beebihall-voodi-korvale-beyond-graphite\/","url":"https:\/\/beebipood.ee\/ru\/produkt\/maxi-cosi-iora-air-beebihall-voodi-korvale-beyond-graphite\/","name":"Maxi-Cosi Iora Air beebih\u00e4ll voodi k\u00f5rvale, Beyond Graphite, \u041b\u044e\u043b\u044c\u043a\u0438 \u0438 \u043a\u0430\u0440\u043c\u0430\u0448\u043a\u0438 \u0434\u043b\u044f \u043a\u0440\u043e\u0432\u0430\u0442\u043a\u0438, \u0421\u041a\u0418\u0414\u041a\u0418, \u0428\u0438\u0440\u0438\u043d\u043e\u0439 \u0434\u043e 160 \u0441\u043c , Beebipood","isPartOf":{"@id":"https:\/\/beebipood.ee\/ru\/#website"},"primaryImageOfPage":{"@id":"https:\/\/beebipood.ee\/ru\/produkt\/maxi-cosi-iora-air-beebihall-voodi-korvale-beyond-graphite\/#primaryimage"},"image":{"@id":"https:\/\/beebipood.ee\/ru\/produkt\/maxi-cosi-iora-air-beebihall-voodi-korvale-beyond-graphite\/#primaryimage"},"thumbnailUrl":"https:\/\/beebipood.ee\/wp-content\/uploads\/2019\/09\/MaxiCosi-Iora-Air-beebihall-voodi-korvale-Beyond-Graphite-SOODUSPAKKUMISED-Turvatoolid-hallid-Turvatoolid-918-kg-Turvavarustus-MaxiCosi-15_3-d38.jpg","datePublished":"2019-09-03T05:45:45+00:00","dateModified":"2025-05-31T21:00:21+00:00","description":"Maxi-Cosi Iora Air beebih\u00e4ll voodi k\u00f5rvale, Beyond Graphite, Uuendatud versioon Maxi-Cosi Iora beebih&auml;llist,mida &uuml;mbrits","breadcrumb":{"@id":"https:\/\/beebipood.ee\/ru\/produkt\/maxi-cosi-iora-air-beebihall-voodi-korvale-beyond-graphite\/#breadcrumb"},"inLanguage":"ru-RU","potentialAction":[{"@type":"ReadAction","target":["https:\/\/beebipood.ee\/ru\/produkt\/maxi-cosi-iora-air-beebihall-voodi-korvale-beyond-graphite\/"]}]},{"@type":"ImageObject","inLanguage":"ru-RU","@id":"https:\/\/beebipood.ee\/ru\/produkt\/maxi-cosi-iora-air-beebihall-voodi-korvale-beyond-graphite\/#primaryimage","url":"https:\/\/beebipood.ee\/wp-content\/uploads\/2019\/09\/MaxiCosi-Iora-Air-beebihall-voodi-korvale-Beyond-Graphite-SOODUSPAKKUMISED-Turvatoolid-hallid-Turvatoolid-918-kg-Turvavarustus-MaxiCosi-15_3-d38.jpg","contentUrl":"https:\/\/beebipood.ee\/wp-content\/uploads\/2019\/09\/MaxiCosi-Iora-Air-beebihall-voodi-korvale-Beyond-Graphite-SOODUSPAKKUMISED-Turvatoolid-hallid-Turvatoolid-918-kg-Turvavarustus-MaxiCosi-15_3-d38.jpg","width":1191,"height":1200},{"@type":"BreadcrumbList","@id":"https:\/\/beebipood.ee\/ru\/produkt\/maxi-cosi-iora-air-beebihall-voodi-korvale-beyond-graphite\/#breadcrumb","itemListElement":[{"@type":"ListItem","position":1,"name":"Home","item":"https:\/\/beebipood.ee\/ru\/"},{"@type":"ListItem","position":2,"name":"\u041a\u0430\u0442\u0430\u043b\u043e\u0433 \u0442\u043e\u0432\u0430\u0440\u043e\u0432","item":"https:\/\/beebipood.ee\/tooted\/"},{"@type":"ListItem","position":3,"name":"Maxi-Cosi Iora Air beebih\u00e4ll voodi k\u00f5rvale, Beyond Graphite"}]},{"@type":"WebSite","@id":"https:\/\/beebipood.ee\/ru\/#website","url":"https:\/\/beebipood.ee\/ru\/","name":"Beebipood","description":"Lastekaubad, beebikaubad, m\u00e4nguasjad","publisher":{"@id":"https:\/\/beebipood.ee\/ru\/#organization"},"potentialAction":[{"@type":"SearchAction","target":{"@type":"EntryPoint","urlTemplate":"https:\/\/beebipood.ee\/ru\/?s={search_term_string}"},"query-input":{"@type":"PropertyValueSpecification","valueRequired":true,"valueName":"search_term_string"}}],"inLanguage":"ru-RU"},{"@type":"Organization","@id":"https:\/\/beebipood.ee\/ru\/#organization","name":"Beebipood","url":"https:\/\/beebipood.ee\/ru\/","logo":{"@type":"ImageObject","inLanguage":"ru-RU","@id":"https:\/\/beebipood.ee\/ru\/#\/schema\/logo\/image\/","url":"https:\/\/beebipood.ee\/wp-content\/uploads\/2025\/03\/beebipood.ee-logo-1.svg","contentUrl":"https:\/\/beebipood.ee\/wp-content\/uploads\/2025\/03\/beebipood.ee-logo-1.svg","caption":"Beebipood"},"image":{"@id":"https:\/\/beebipood.ee\/ru\/#\/schema\/logo\/image\/"}}]}},"brands":[{"id":11961,"name":"Maxi-Cosi","slug":"maxi-cosi-ru"}],"_links":{"self":[{"href":"https:\/\/beebipood.ee\/ru\/wp-json\/wp\/v2\/product\/458879","targetHints":{"allow":["GET"]}}],"collection":[{"href":"https:\/\/beebipood.ee\/ru\/wp-json\/wp\/v2\/product"}],"about":[{"href":"https:\/\/beebipood.ee\/ru\/wp-json\/wp\/v2\/types\/product"}],"wp:featuredmedia":[{"embeddable":true,"href":"https:\/\/beebipood.ee\/ru\/wp-json\/wp\/v2\/media\/130996"}],"wp:attachment":[{"href":"https:\/\/beebipood.ee\/ru\/wp-json\/wp\/v2\/media?parent=458879"}],"wp:term":[{"taxonomy":"pwb-brand","embeddable":true,"href":"https:\/\/beebipood.ee\/ru\/wp-json\/wp\/v2\/pwb-brand?post=458879"},{"taxonomy":"product_brand","embeddable":true,"href":"https:\/\/beebipood.ee\/ru\/wp-json\/wp\/v2\/product_brand?post=458879"},{"taxonomy":"product_cat","embeddable":true,"href":"https:\/\/beebipood.ee\/ru\/wp-json\/wp\/v2\/product_cat?post=458879"},{"taxonomy":"product_tag","embeddable":true,"href":"https:\/\/beebipood.ee\/ru\/wp-json\/wp\/v2\/product_tag?post=458879"}],"curies":[{"name":"wp","href":"https:\/\/api.w.org\/{rel}","templated":true}]}}