{"id":458901,"date":"2019-10-01T12:14:39","date_gmt":"2019-10-01T09:14:39","guid":{"rendered":"https:\/\/beebipood.ee\/toode\/maxi-cosi-pebble-pro-turvahall-familyfix3-essential-graphite\/"},"modified":"2025-01-09T10:48:42","modified_gmt":"2025-01-09T08:48:42","slug":"maxi-cosi-pebble-pro-turvahall-familyfix3-essential-graphite","status":"publish","type":"product","link":"https:\/\/beebipood.ee\/ru\/produkt\/maxi-cosi-pebble-pro-turvahall-familyfix3-essential-graphite\/","title":{"rendered":"Maxi-Cosi Pebble Pro turvah\u00e4ll + FamilyFix3 alus, Essential Graphite"},"content":{"rendered":"<p><strong><span style=\"text-decoration: underline;\">Maxi-Cosi Pebble Pro i-Size<\/span>\u00a0<\/strong>on ADAC testiv\u00f5itja!<br \/>Maxi-Cosi Pebble Pro i-Size turvah\u00e4ll h\u00f5lmab endas \u00fclimat turvalisust ning suurep\u00e4rast mugavust.<br \/>Pebble Plus vastab k\u00f5ige uuemale i-Size (R129) turvastandardile.<br \/>Komplektis olev beebisisu pakub vasts\u00fcndinule paremat tuge ja lamavat asendit.<br \/>Peaosa k\u00fclgedes asuvad \u00f5hkpadjad (l\u00f6\u00f6ke summutav materjal) pakuvad lisaturvalisus k\u00fclgkokkup\u00f5rke korral.<br \/>V\u00f5ite seda kinnitada nii 3wayFix ja 2wayFix turvah\u00e4lli alusele kui ka mitmetele lapsevankritele\/jalutusk\u00e4rudele.<br \/><span style=\"text-decoration: underline;\">Kasutajamugavus<\/span><br \/>Antud turvah\u00e4lli v\u00f5ib kasutada ka lennukis<br \/>V\u00e4ga mugav turvarihmade reguleerimine<br \/>Uuenduslik turvarihmade s\u00fcsteem &#8212; avatuna j\u00e4\u00e4vad ooteasendisse,<br \/>et lapse s\u00e4ttimine oleks veelgi lihtsam<br \/>Kiire ja lihtne turvah\u00e4lli kinnitamine ISOFIX alusel<br \/>Lihtsasti eemaldatav katteriie (masinpestav)<br \/>Turvah\u00e4lli eemaldamine Maxi-Cosi v\u00f5i Quinny k\u00e4rudelt on \u00e4\u00e4rmiselt lihtne (\u00fche k\u00e4ega),<br \/>t\u00e4nu spetsiaalsetele vabastusnuppudele<br \/>Ergonoomiline ja mugav kandesang<br \/><span style=\"text-decoration: underline;\">Mugavus<\/span><br \/>Innovatiivne beebisisu, mis kooseb kahest osast<br \/>lisab rohkem turvalisust ja mugavust sinu vasts\u00fcndinule<br \/>Integreeritud p\u00e4ikesevari<br \/>Pehme polsterdusega sisu<br \/><span style=\"text-decoration: underline;\">Turvalisus<\/span><br \/>I-Size (R129) turvastandardile vastav<br \/>L\u00f6\u00f6ke summutav pea k\u00fclgkaitse (\u00f5hkpadjad)<br \/>Turvah\u00e4llil on 3-punkti kinnitusega turvarihmade s\u00fcsteem<br \/>Turvah\u00e4ll asetatakse alati seljaga s\u00f5idusuunas, et tagada k\u00f5ige optimaalsem turvalisus<br \/>K\u00fclgkaitse s\u00fcsteem, mis tagab \u00fclima turvalisuse ka k\u00fclgkokkup\u00f5rke korral<br \/><span style=\"text-decoration: underline;\">\u00dcldine<\/span><br \/>Kasutamiseks lapsele pikkusega 45-75cm (s\u00fcnnist kuni ca. 12. elukuuni)<br \/>\u00c4\u00e4rmiselt mugav turvarihmade k\u00f5rguse reguleerimine sinu kasvavale beebile<br \/>Kasutades koos 2wayFix alusega, saate hiljem kinnitada samale alusele ka 2wayPearl turvatooli.<br \/>Lahendus, mis kestab alates s\u00fcnnist kuni ca. 4. eluaastani<br \/><span style=\"text-decoration: underline;\">N\u00e4itajad<\/span><br \/>Kaal 4,55kg<br \/>M\u00f5\u00f5dud: 44 x 67 x 37,5cm (laius, pikkus, k\u00f5rgus)<br \/>Istumisosa laius 24,5cm<br \/>Istumisosa s\u00fcgavus 24cm<br \/>Seljatoe k\u00f5rgus 46cm<\/p>\n<p><strong><span style=\"text-decoration: underline;\">Maxi-Cosi FamilyFix3\u00a0alus<\/span><\/strong> pakub k\u00f5ige turvalisemat lahendust laste transportimiseks,<br \/>v\u00f5imaldades s\u00f5ita seljaga s\u00f5idusuunas s\u00fcnnist kuni ca. 4. eluaastani.<br \/>FamilyFix3 pakub ideaalset kinnitust Maxi-Cosi Coral ja Pebble Pro i-Size turvah\u00e4llile,<br \/>Jade turvakorvile ning Pearl Pro 2 i-Size turvatoolile.<br \/>K\u00f5ik need tooted vastavad rangele i-Size (R129) turvastandardile,<br \/>mis t\u00e4hendab, et nad pakuvad esmaklassilist ohutust lapse transportimisel.<\/p>\n<p><span style=\"text-decoration: underline;\">Kasutajamugavus<\/span><br \/>V\u00e4ga lihtne kinnitus Maxi-Cosi Coral turvah\u00e4llile,<br \/>Jade turvakorvile, Pebble Pro turvah\u00e4llile ning Pearl Pro 2 i-Size turvatoolile<br \/>Uue disainiga ergonoomilised vabastusnupud asuvad m\u00f5lemal pool alust<br \/><span style=\"text-decoration: underline;\">Mugavus<\/span><br \/>Sobib kasutamiseks koos Jade turvakorvi ja Pebble Pro v\u00f5i Coral turvah\u00e4lliga,<br \/>kus on sees mugavad beebisisud. V\u00f5imalik kinnitada ka Pearl Pro 2 i-Size turvatool,<br \/>kus on 4 erinevat seljatoe asendit<br \/><span style=\"text-decoration: underline;\">Turvalisus<\/span><br \/>Uuenenud turvastandard (i-Size) pakub t\u00e4iendavat turvalisust lapse peale ja kaelale<br \/>ISOFIX kinnitused pakuvad k\u00f5ige turvalisemat,<br \/>lihtsamat ja kiiremat lahendust turvah\u00e4lli\/turvatooli kinnitamiseks<br \/>Interaktiivsed heli- ja visuaalsignaalid annavad tagasiside korrektse kinnitamise kohta.<br \/>See v\u00e4hendab v\u00f5imalust valesti paigaldamiseks<br \/><span style=\"text-decoration: underline;\">\u00dcldine<\/span><br \/>Sobib kasutamiseks kuni ca. 4 aastat koos Coral, Jade,<br \/>Pebble Pro i-Size ja Pearl Pro 2 i-Size toodetega<br \/>FamilyFix3 alus sobib enamus autodesse, kus on ISOFIX kinnitused<br \/>Komplektis kaasas 2 varu tulukest, mida saab vajadusel vahetada<br \/>Tuli vilgub, kui aku tase langeb alla 30%. FamilyFix3 alus toimib ilusti edasi,<br \/>kuid tulede vahetamine on rangelt soovituslik<br \/><span style=\"text-decoration: underline;\">N\u00e4itajad<\/span><br \/>Kaal 6,35kg<br \/>M\u00f5\u00f5dud: 38 x 68 x 37,5cm (laius, pikkus, k\u00f5rgus)<\/p>\n<p>Kui te pole kindel, kas teie autosse on v\u00f5imalik Maxi-Cosi FamilyFix3 alust kinnitada,<br \/>siis uurige l\u00e4hemalt siit:\u00a0<a href=\"http:\/\/www.maxi-cosi.com\/car-seats\/car-fitting-list\">http:\/\/www.maxi-cosi.com\/car-seats\/car-fitting-list<\/a><br \/>Maxi-Cosi poolt v\u00e4lja t\u00f6\u00f6tatud turvatoolid ja turvah\u00e4llid<br \/>on m\u00f5eldud intensiivseks kasutamiseks normaaltingimustes kuni ca. 10 aastat.<\/p>\n","protected":false},"excerpt":{"rendered":"<p>Maxi-Cosi Pebble Pro i-Size\u00a0on ADAC testiv\u00f5itja!Maxi-Cosi Pebble Pro i-Size turvah\u00e4ll h\u00f5lmab endas \u00fclimat turvalisust ning suurep\u00e4rast mugavust.Pebble Plus vastab k\u00f5ige uuemale i-Size (R129) turvastandardile.Komplektis olev beebisisu pakub vasts\u00fcndinule paremat tuge ja lamavat asendit.Peaosa k\u00fclgedes asuvad \u00f5hkpadjad (l\u00f6\u00f6ke summutav materjal) pakuvad lisaturvalisus k\u00fclgkokkup\u00f5rke korral.V\u00f5ite seda kinnitada nii 3wayFix ja 2wayFix turvah\u00e4lli alusele kui ka mitmetele lapsevankritele\/jalutusk\u00e4rudele.KasutajamugavusAntud [&hellip;]<\/p>\n","protected":false},"featured_media":131088,"template":"","meta":{"_acf_changed":false},"pwb-brand":[11961],"product_brand":[],"product_cat":[11743,11727,11791],"product_tag":[],"class_list":{"0":"post-458901","1":"product","2":"type-product","3":"status-publish","4":"has-post-thumbnail","6":"pwb-brand-maxi-cosi-ru","7":"product_cat-turvahallid-ru","8":"product_cat-turvatoolid-hallid-ru","9":"product_cat-turvavarustus-ru","10":"pa_manufacturer-maxi_cosi-ru","12":"first","13":"onbackorder","14":"taxable","15":"shipping-taxable","16":"purchasable","17":"product-type-simple"},"exclude_global_add_ons":[],"addons":[],"acf":[],"yoast_head":"<!-- This site is optimized with the Yoast SEO plugin v27.1.1 - https:\/\/yoast.com\/product\/yoast-seo-wordpress\/ -->\n<title>Maxi-Cosi Pebble Pro turvah\u00e4ll + FamilyFix3 alus, Essential Graphite, \u0421\u041a\u0418\u0414\u041a\u0418, \u0410\u0432\u0442\u043e\u043a\u0440\u0435\u0441\u043b\u0430, \u043b\u044e\u043b\u044c\u043a\u0438, \u0410\u0432\u0442\u043e\u043b\u044e\u043b\u044c\u043a\u0430, \u0421\u043d\u0430\u0440\u044f\u0436\u0435\u043d\u0438\u044f \u0431\u0435\u0437\u043e\u043f\u0430\u0441\u043d\u043e\u0441\u0442\u0438, Beebipood<\/title>\n<meta name=\"description\" content=\"Maxi-Cosi Pebble Pro turvah\u00e4ll + FamilyFix3 alus, Essential Graphite, Maxi-Cosi Pebble Pro i-Size&amp;n\" \/>\n<meta name=\"robots\" content=\"index, follow, max-snippet:-1, max-image-preview:large, max-video-preview:-1\" \/>\n<link rel=\"canonical\" href=\"https:\/\/beebipood.ee\/ru\/produkt\/maxi-cosi-pebble-pro-turvahall-familyfix3-essential-graphite\/\" \/>\n<meta property=\"og:locale\" content=\"ru_RU\" \/>\n<meta property=\"og:type\" content=\"article\" \/>\n<meta property=\"og:title\" content=\"Maxi-Cosi Pebble Pro turvah\u00e4ll + FamilyFix3 alus, Essential Graphite, \u0421\u041a\u0418\u0414\u041a\u0418, \u0410\u0432\u0442\u043e\u043a\u0440\u0435\u0441\u043b\u0430, \u043b\u044e\u043b\u044c\u043a\u0438, \u0410\u0432\u0442\u043e\u043b\u044e\u043b\u044c\u043a\u0430, \u0421\u043d\u0430\u0440\u044f\u0436\u0435\u043d\u0438\u044f \u0431\u0435\u0437\u043e\u043f\u0430\u0441\u043d\u043e\u0441\u0442\u0438, Beebipood\" \/>\n<meta property=\"og:description\" content=\"Maxi-Cosi Pebble Pro turvah\u00e4ll + FamilyFix3 alus, Essential Graphite, Maxi-Cosi Pebble Pro i-Size&amp;n\" \/>\n<meta property=\"og:url\" content=\"https:\/\/beebipood.ee\/ru\/produkt\/maxi-cosi-pebble-pro-turvahall-familyfix3-essential-graphite\/\" \/>\n<meta property=\"og:site_name\" content=\"Beebipood\" \/>\n<meta property=\"article:modified_time\" content=\"2025-01-09T08:48:42+00:00\" \/>\n<meta property=\"og:image\" content=\"https:\/\/beebipood.ee\/wp-content\/uploads\/2019\/10\/MaxiCosi-Pebble-Pro-turvahall-FamilyFix3-Essential-Graphite-SOODUSPAKKUMISED-Turvatoolid-hallid-Turvahallid-Turvavarustus_4-b4a.jpg\" \/>\n\t<meta property=\"og:image:width\" content=\"1559\" \/>\n\t<meta property=\"og:image:height\" content=\"1920\" \/>\n\t<meta property=\"og:image:type\" content=\"image\/jpeg\" \/>\n<meta name=\"twitter:card\" content=\"summary_large_image\" \/>\n<meta name=\"twitter:label1\" content=\"\u041f\u0440\u0438\u043c\u0435\u0440\u043d\u043e\u0435 \u0432\u0440\u0435\u043c\u044f \u0434\u043b\u044f \u0447\u0442\u0435\u043d\u0438\u044f\" \/>\n\t<meta name=\"twitter:data1\" content=\"3 \u043c\u0438\u043d\u0443\u0442\u044b\" \/>\n<script type=\"application\/ld+json\" class=\"yoast-schema-graph\">{\"@context\":\"https:\/\/schema.org\",\"@graph\":[{\"@type\":\"WebPage\",\"@id\":\"https:\/\/beebipood.ee\/ru\/produkt\/maxi-cosi-pebble-pro-turvahall-familyfix3-essential-graphite\/\",\"url\":\"https:\/\/beebipood.ee\/ru\/produkt\/maxi-cosi-pebble-pro-turvahall-familyfix3-essential-graphite\/\",\"name\":\"Maxi-Cosi Pebble Pro turvah\u00e4ll + FamilyFix3 alus, Essential Graphite, \u0421\u041a\u0418\u0414\u041a\u0418, \u0410\u0432\u0442\u043e\u043a\u0440\u0435\u0441\u043b\u0430, \u043b\u044e\u043b\u044c\u043a\u0438, \u0410\u0432\u0442\u043e\u043b\u044e\u043b\u044c\u043a\u0430, \u0421\u043d\u0430\u0440\u044f\u0436\u0435\u043d\u0438\u044f \u0431\u0435\u0437\u043e\u043f\u0430\u0441\u043d\u043e\u0441\u0442\u0438, Beebipood\",\"isPartOf\":{\"@id\":\"https:\/\/beebipood.ee\/ru\/#website\"},\"primaryImageOfPage\":{\"@id\":\"https:\/\/beebipood.ee\/ru\/produkt\/maxi-cosi-pebble-pro-turvahall-familyfix3-essential-graphite\/#primaryimage\"},\"image\":{\"@id\":\"https:\/\/beebipood.ee\/ru\/produkt\/maxi-cosi-pebble-pro-turvahall-familyfix3-essential-graphite\/#primaryimage\"},\"thumbnailUrl\":\"https:\/\/beebipood.ee\/wp-content\/uploads\/2019\/10\/MaxiCosi-Pebble-Pro-turvahall-FamilyFix3-Essential-Graphite-SOODUSPAKKUMISED-Turvatoolid-hallid-Turvahallid-Turvavarustus_4-b4a.jpg\",\"datePublished\":\"2019-10-01T09:14:39+00:00\",\"dateModified\":\"2025-01-09T08:48:42+00:00\",\"description\":\"Maxi-Cosi Pebble Pro turvah\u00e4ll + FamilyFix3 alus, Essential Graphite, Maxi-Cosi Pebble Pro i-Size&n\",\"breadcrumb\":{\"@id\":\"https:\/\/beebipood.ee\/ru\/produkt\/maxi-cosi-pebble-pro-turvahall-familyfix3-essential-graphite\/#breadcrumb\"},\"inLanguage\":\"ru-RU\",\"potentialAction\":[{\"@type\":\"ReadAction\",\"target\":[\"https:\/\/beebipood.ee\/ru\/produkt\/maxi-cosi-pebble-pro-turvahall-familyfix3-essential-graphite\/\"]}]},{\"@type\":\"ImageObject\",\"inLanguage\":\"ru-RU\",\"@id\":\"https:\/\/beebipood.ee\/ru\/produkt\/maxi-cosi-pebble-pro-turvahall-familyfix3-essential-graphite\/#primaryimage\",\"url\":\"https:\/\/beebipood.ee\/wp-content\/uploads\/2019\/10\/MaxiCosi-Pebble-Pro-turvahall-FamilyFix3-Essential-Graphite-SOODUSPAKKUMISED-Turvatoolid-hallid-Turvahallid-Turvavarustus_4-b4a.jpg\",\"contentUrl\":\"https:\/\/beebipood.ee\/wp-content\/uploads\/2019\/10\/MaxiCosi-Pebble-Pro-turvahall-FamilyFix3-Essential-Graphite-SOODUSPAKKUMISED-Turvatoolid-hallid-Turvahallid-Turvavarustus_4-b4a.jpg\",\"width\":1559,\"height\":1920},{\"@type\":\"BreadcrumbList\",\"@id\":\"https:\/\/beebipood.ee\/ru\/produkt\/maxi-cosi-pebble-pro-turvahall-familyfix3-essential-graphite\/#breadcrumb\",\"itemListElement\":[{\"@type\":\"ListItem\",\"position\":1,\"name\":\"Home\",\"item\":\"https:\/\/beebipood.ee\/ru\/\"},{\"@type\":\"ListItem\",\"position\":2,\"name\":\"\u041a\u0430\u0442\u0430\u043b\u043e\u0433 \u0442\u043e\u0432\u0430\u0440\u043e\u0432\",\"item\":\"https:\/\/beebipood.ee\/tooted\/\"},{\"@type\":\"ListItem\",\"position\":3,\"name\":\"Maxi-Cosi Pebble Pro turvah\u00e4ll + FamilyFix3 alus, Essential Graphite\"}]},{\"@type\":\"WebSite\",\"@id\":\"https:\/\/beebipood.ee\/ru\/#website\",\"url\":\"https:\/\/beebipood.ee\/ru\/\",\"name\":\"Beebipood\",\"description\":\"Lastekaubad, beebikaubad, m\u00e4nguasjad\",\"publisher\":{\"@id\":\"https:\/\/beebipood.ee\/ru\/#organization\"},\"potentialAction\":[{\"@type\":\"SearchAction\",\"target\":{\"@type\":\"EntryPoint\",\"urlTemplate\":\"https:\/\/beebipood.ee\/ru\/?s={search_term_string}\"},\"query-input\":{\"@type\":\"PropertyValueSpecification\",\"valueRequired\":true,\"valueName\":\"search_term_string\"}}],\"inLanguage\":\"ru-RU\"},{\"@type\":\"Organization\",\"@id\":\"https:\/\/beebipood.ee\/ru\/#organization\",\"name\":\"Beebipood\",\"url\":\"https:\/\/beebipood.ee\/ru\/\",\"logo\":{\"@type\":\"ImageObject\",\"inLanguage\":\"ru-RU\",\"@id\":\"https:\/\/beebipood.ee\/ru\/#\/schema\/logo\/image\/\",\"url\":\"https:\/\/beebipood.ee\/wp-content\/uploads\/2025\/03\/beebipood.ee-logo-1.svg\",\"contentUrl\":\"https:\/\/beebipood.ee\/wp-content\/uploads\/2025\/03\/beebipood.ee-logo-1.svg\",\"caption\":\"Beebipood\"},\"image\":{\"@id\":\"https:\/\/beebipood.ee\/ru\/#\/schema\/logo\/image\/\"}}]}<\/script>\n<!-- \/ Yoast SEO plugin. -->","yoast_head_json":{"title":"Maxi-Cosi Pebble Pro turvah\u00e4ll + FamilyFix3 alus, Essential Graphite, \u0421\u041a\u0418\u0414\u041a\u0418, \u0410\u0432\u0442\u043e\u043a\u0440\u0435\u0441\u043b\u0430, \u043b\u044e\u043b\u044c\u043a\u0438, \u0410\u0432\u0442\u043e\u043b\u044e\u043b\u044c\u043a\u0430, \u0421\u043d\u0430\u0440\u044f\u0436\u0435\u043d\u0438\u044f \u0431\u0435\u0437\u043e\u043f\u0430\u0441\u043d\u043e\u0441\u0442\u0438, Beebipood","description":"Maxi-Cosi Pebble Pro turvah\u00e4ll + FamilyFix3 alus, Essential Graphite, Maxi-Cosi Pebble Pro i-Size&n","robots":{"index":"index","follow":"follow","max-snippet":"max-snippet:-1","max-image-preview":"max-image-preview:large","max-video-preview":"max-video-preview:-1"},"canonical":"https:\/\/beebipood.ee\/ru\/produkt\/maxi-cosi-pebble-pro-turvahall-familyfix3-essential-graphite\/","og_locale":"ru_RU","og_type":"article","og_title":"Maxi-Cosi Pebble Pro turvah\u00e4ll + FamilyFix3 alus, Essential Graphite, \u0421\u041a\u0418\u0414\u041a\u0418, \u0410\u0432\u0442\u043e\u043a\u0440\u0435\u0441\u043b\u0430, \u043b\u044e\u043b\u044c\u043a\u0438, \u0410\u0432\u0442\u043e\u043b\u044e\u043b\u044c\u043a\u0430, \u0421\u043d\u0430\u0440\u044f\u0436\u0435\u043d\u0438\u044f \u0431\u0435\u0437\u043e\u043f\u0430\u0441\u043d\u043e\u0441\u0442\u0438, Beebipood","og_description":"Maxi-Cosi Pebble Pro turvah\u00e4ll + FamilyFix3 alus, Essential Graphite, Maxi-Cosi Pebble Pro i-Size&n","og_url":"https:\/\/beebipood.ee\/ru\/produkt\/maxi-cosi-pebble-pro-turvahall-familyfix3-essential-graphite\/","og_site_name":"Beebipood","article_modified_time":"2025-01-09T08:48:42+00:00","og_image":[{"width":1559,"height":1920,"url":"https:\/\/beebipood.ee\/wp-content\/uploads\/2019\/10\/MaxiCosi-Pebble-Pro-turvahall-FamilyFix3-Essential-Graphite-SOODUSPAKKUMISED-Turvatoolid-hallid-Turvahallid-Turvavarustus_4-b4a.jpg","type":"image\/jpeg"}],"twitter_card":"summary_large_image","twitter_misc":{"\u041f\u0440\u0438\u043c\u0435\u0440\u043d\u043e\u0435 \u0432\u0440\u0435\u043c\u044f \u0434\u043b\u044f \u0447\u0442\u0435\u043d\u0438\u044f":"3 \u043c\u0438\u043d\u0443\u0442\u044b"},"schema":{"@context":"https:\/\/schema.org","@graph":[{"@type":"WebPage","@id":"https:\/\/beebipood.ee\/ru\/produkt\/maxi-cosi-pebble-pro-turvahall-familyfix3-essential-graphite\/","url":"https:\/\/beebipood.ee\/ru\/produkt\/maxi-cosi-pebble-pro-turvahall-familyfix3-essential-graphite\/","name":"Maxi-Cosi Pebble Pro turvah\u00e4ll + FamilyFix3 alus, Essential Graphite, \u0421\u041a\u0418\u0414\u041a\u0418, \u0410\u0432\u0442\u043e\u043a\u0440\u0435\u0441\u043b\u0430, \u043b\u044e\u043b\u044c\u043a\u0438, \u0410\u0432\u0442\u043e\u043b\u044e\u043b\u044c\u043a\u0430, \u0421\u043d\u0430\u0440\u044f\u0436\u0435\u043d\u0438\u044f \u0431\u0435\u0437\u043e\u043f\u0430\u0441\u043d\u043e\u0441\u0442\u0438, Beebipood","isPartOf":{"@id":"https:\/\/beebipood.ee\/ru\/#website"},"primaryImageOfPage":{"@id":"https:\/\/beebipood.ee\/ru\/produkt\/maxi-cosi-pebble-pro-turvahall-familyfix3-essential-graphite\/#primaryimage"},"image":{"@id":"https:\/\/beebipood.ee\/ru\/produkt\/maxi-cosi-pebble-pro-turvahall-familyfix3-essential-graphite\/#primaryimage"},"thumbnailUrl":"https:\/\/beebipood.ee\/wp-content\/uploads\/2019\/10\/MaxiCosi-Pebble-Pro-turvahall-FamilyFix3-Essential-Graphite-SOODUSPAKKUMISED-Turvatoolid-hallid-Turvahallid-Turvavarustus_4-b4a.jpg","datePublished":"2019-10-01T09:14:39+00:00","dateModified":"2025-01-09T08:48:42+00:00","description":"Maxi-Cosi Pebble Pro turvah\u00e4ll + FamilyFix3 alus, Essential Graphite, Maxi-Cosi Pebble Pro i-Size&n","breadcrumb":{"@id":"https:\/\/beebipood.ee\/ru\/produkt\/maxi-cosi-pebble-pro-turvahall-familyfix3-essential-graphite\/#breadcrumb"},"inLanguage":"ru-RU","potentialAction":[{"@type":"ReadAction","target":["https:\/\/beebipood.ee\/ru\/produkt\/maxi-cosi-pebble-pro-turvahall-familyfix3-essential-graphite\/"]}]},{"@type":"ImageObject","inLanguage":"ru-RU","@id":"https:\/\/beebipood.ee\/ru\/produkt\/maxi-cosi-pebble-pro-turvahall-familyfix3-essential-graphite\/#primaryimage","url":"https:\/\/beebipood.ee\/wp-content\/uploads\/2019\/10\/MaxiCosi-Pebble-Pro-turvahall-FamilyFix3-Essential-Graphite-SOODUSPAKKUMISED-Turvatoolid-hallid-Turvahallid-Turvavarustus_4-b4a.jpg","contentUrl":"https:\/\/beebipood.ee\/wp-content\/uploads\/2019\/10\/MaxiCosi-Pebble-Pro-turvahall-FamilyFix3-Essential-Graphite-SOODUSPAKKUMISED-Turvatoolid-hallid-Turvahallid-Turvavarustus_4-b4a.jpg","width":1559,"height":1920},{"@type":"BreadcrumbList","@id":"https:\/\/beebipood.ee\/ru\/produkt\/maxi-cosi-pebble-pro-turvahall-familyfix3-essential-graphite\/#breadcrumb","itemListElement":[{"@type":"ListItem","position":1,"name":"Home","item":"https:\/\/beebipood.ee\/ru\/"},{"@type":"ListItem","position":2,"name":"\u041a\u0430\u0442\u0430\u043b\u043e\u0433 \u0442\u043e\u0432\u0430\u0440\u043e\u0432","item":"https:\/\/beebipood.ee\/tooted\/"},{"@type":"ListItem","position":3,"name":"Maxi-Cosi Pebble Pro turvah\u00e4ll + FamilyFix3 alus, Essential Graphite"}]},{"@type":"WebSite","@id":"https:\/\/beebipood.ee\/ru\/#website","url":"https:\/\/beebipood.ee\/ru\/","name":"Beebipood","description":"Lastekaubad, beebikaubad, m\u00e4nguasjad","publisher":{"@id":"https:\/\/beebipood.ee\/ru\/#organization"},"potentialAction":[{"@type":"SearchAction","target":{"@type":"EntryPoint","urlTemplate":"https:\/\/beebipood.ee\/ru\/?s={search_term_string}"},"query-input":{"@type":"PropertyValueSpecification","valueRequired":true,"valueName":"search_term_string"}}],"inLanguage":"ru-RU"},{"@type":"Organization","@id":"https:\/\/beebipood.ee\/ru\/#organization","name":"Beebipood","url":"https:\/\/beebipood.ee\/ru\/","logo":{"@type":"ImageObject","inLanguage":"ru-RU","@id":"https:\/\/beebipood.ee\/ru\/#\/schema\/logo\/image\/","url":"https:\/\/beebipood.ee\/wp-content\/uploads\/2025\/03\/beebipood.ee-logo-1.svg","contentUrl":"https:\/\/beebipood.ee\/wp-content\/uploads\/2025\/03\/beebipood.ee-logo-1.svg","caption":"Beebipood"},"image":{"@id":"https:\/\/beebipood.ee\/ru\/#\/schema\/logo\/image\/"}}]}},"brands":[{"id":11961,"name":"Maxi-Cosi","slug":"maxi-cosi-ru"}],"_links":{"self":[{"href":"https:\/\/beebipood.ee\/ru\/wp-json\/wp\/v2\/product\/458901","targetHints":{"allow":["GET"]}}],"collection":[{"href":"https:\/\/beebipood.ee\/ru\/wp-json\/wp\/v2\/product"}],"about":[{"href":"https:\/\/beebipood.ee\/ru\/wp-json\/wp\/v2\/types\/product"}],"wp:featuredmedia":[{"embeddable":true,"href":"https:\/\/beebipood.ee\/ru\/wp-json\/wp\/v2\/media\/131088"}],"wp:attachment":[{"href":"https:\/\/beebipood.ee\/ru\/wp-json\/wp\/v2\/media?parent=458901"}],"wp:term":[{"taxonomy":"pwb-brand","embeddable":true,"href":"https:\/\/beebipood.ee\/ru\/wp-json\/wp\/v2\/pwb-brand?post=458901"},{"taxonomy":"product_brand","embeddable":true,"href":"https:\/\/beebipood.ee\/ru\/wp-json\/wp\/v2\/product_brand?post=458901"},{"taxonomy":"product_cat","embeddable":true,"href":"https:\/\/beebipood.ee\/ru\/wp-json\/wp\/v2\/product_cat?post=458901"},{"taxonomy":"product_tag","embeddable":true,"href":"https:\/\/beebipood.ee\/ru\/wp-json\/wp\/v2\/product_tag?post=458901"}],"curies":[{"name":"wp","href":"https:\/\/api.w.org\/{rel}","templated":true}]}}