{"id":458909,"date":"2019-10-01T12:43:29","date_gmt":"2019-10-01T09:43:29","guid":{"rendered":"https:\/\/beebipood.ee\/toode\/maxi-cosi-pebble-360-pro-turvahall-familyfix-360-pro-alus-essential-black\/"},"modified":"2025-06-30T13:19:03","modified_gmt":"2025-06-30T10:19:03","slug":"turvahalli-adapterid-maxi-cosi-jalutuskarudele","status":"publish","type":"product","link":"https:\/\/beebipood.ee\/ru\/produkt\/turvahalli-adapterid-maxi-cosi-jalutuskarudele\/","title":{"rendered":"Turvah\u00e4lli adapterid Maxi-Cosi jalutusk\u00e4rudele"},"content":{"rendered":"<p>Turvah\u00e4lli adapterid, mille abil on v\u00f5imalik Maxi-Cosi jalutusk\u00e4rude<br \/>\nv\u00f5i lapsevankrite peale kinnitada Maxi-Cosi turvah\u00e4lle.<br \/>\nOmadused<br \/>\nLihtsasti kinnitatavad enamus Maxi-Cosi jalutusk\u00e4rude k\u00fclge<br \/>\nV\u00f5imaldab sul t\u00f5sta turvah\u00e4ll autost otse k\u00e4ruraami peale<br \/>\nSobivus<br \/>\n<strong>Kasutamiseks Maxi-Cosi jalutusk\u00e4rudega:<\/strong><br \/>\nLeona2, Leona, Lila, Lila XP, Adorra2, Adorra,<br \/>\nNova3, Nova4, Plaza+, Street+, Zelia3<\/p>\n<p><strong>Kasutamiseks Maxi-Cosi turvah\u00e4llidega:<\/strong><br \/>\nPebble 360, Coral 360, Coral, CabrioFix i-Size, Tinca, Marble, Rock,<br \/>\nCabrioFix, Pebble Plus, Pebble Pro, Pebble<\/p>\n","protected":false},"excerpt":{"rendered":"<p>Turvah\u00e4lli adapterid, mille abil on v\u00f5imalik Maxi-Cosi jalutusk\u00e4rude v\u00f5i lapsevankrite peale kinnitada Maxi-Cosi turvah\u00e4lle. Omadused Lihtsasti kinnitatavad enamus Maxi-Cosi jalutusk\u00e4rude k\u00fclge V\u00f5imaldab sul t\u00f5sta turvah\u00e4ll autost otse k\u00e4ruraami peale Sobivus Kasutamiseks Maxi-Cosi jalutusk\u00e4rudega: Leona2, Leona, Lila, Lila XP, Adorra2, Adorra, Nova3, Nova4, Plaza+, Street+, Zelia3 Kasutamiseks Maxi-Cosi turvah\u00e4llidega: Pebble 360, Coral 360, Coral, CabrioFix i-Size, [&hellip;]<\/p>\n","protected":false},"featured_media":505413,"template":"","meta":{"_acf_changed":false},"pwb-brand":[11961],"product_brand":[],"product_cat":[11743,11727,11797,11791],"product_tag":[],"class_list":{"0":"post-458909","1":"product","2":"type-product","3":"status-publish","4":"has-post-thumbnail","6":"pwb-brand-maxi-cosi-ru","7":"product_cat-turvahallid-ru","8":"product_cat-turvatoolid-hallid-ru","9":"product_cat-lisatarvikud-ru-1","10":"product_cat-turvavarustus-ru","11":"pa_manufacturer-maxi_cosi-ru","13":"first","14":"onbackorder","15":"taxable","16":"shipping-taxable","17":"purchasable","18":"product-type-simple"},"exclude_global_add_ons":[],"addons":[],"acf":[],"yoast_head":"<!-- This site is optimized with the Yoast SEO plugin v27.1.1 - https:\/\/yoast.com\/product\/yoast-seo-wordpress\/ -->\n<title>Maxi-Cosi Pebble 360 Pro\u00b2 turvah\u00e4ll + FamilyFix 360 Pro alus, Essential Black, \u0410\u0432\u0442\u043e\u043a\u0440\u0435\u0441\u043b\u0430, \u043b\u044e\u043b\u044c\u043a\u0438, \u0410\u0432\u0442\u043e\u043b\u044e\u043b\u044c\u043a\u0430, \u0421\u043d\u0430\u0440\u044f\u0436\u0435\u043d\u0438\u044f \u0431\u0435\u0437\u043e\u043f\u0430\u0441\u043d\u043e\u0441\u0442\u0438, Beebipood<\/title>\n<meta name=\"description\" content=\"Maxi-Cosi Pebble 360 Pro\u00b2 turvah\u00e4ll + FamilyFix 360 Pro alus, Essential Black, Maxi-Cosi 360 Pro s\u00fcsteemi kuuluv Pebble 360 Pro\u00b2 turvah&amp;aum\" \/>\n<meta name=\"robots\" content=\"index, follow, max-snippet:-1, max-image-preview:large, max-video-preview:-1\" \/>\n<link rel=\"canonical\" href=\"https:\/\/beebipood.ee\/ru\/produkt\/turvahalli-adapterid-maxi-cosi-jalutuskarudele\/\" \/>\n<meta property=\"og:locale\" content=\"ru_RU\" \/>\n<meta property=\"og:type\" content=\"article\" \/>\n<meta property=\"og:title\" content=\"Maxi-Cosi Pebble 360 Pro\u00b2 turvah\u00e4ll + FamilyFix 360 Pro alus, Essential Black, \u0410\u0432\u0442\u043e\u043a\u0440\u0435\u0441\u043b\u0430, \u043b\u044e\u043b\u044c\u043a\u0438, \u0410\u0432\u0442\u043e\u043b\u044e\u043b\u044c\u043a\u0430, \u0421\u043d\u0430\u0440\u044f\u0436\u0435\u043d\u0438\u044f \u0431\u0435\u0437\u043e\u043f\u0430\u0441\u043d\u043e\u0441\u0442\u0438, Beebipood\" \/>\n<meta property=\"og:description\" content=\"Maxi-Cosi Pebble 360 Pro\u00b2 turvah\u00e4ll + FamilyFix 360 Pro alus, Essential Black, Maxi-Cosi 360 Pro s\u00fcsteemi kuuluv Pebble 360 Pro\u00b2 turvah&amp;aum\" \/>\n<meta property=\"og:url\" content=\"https:\/\/beebipood.ee\/ru\/produkt\/turvahalli-adapterid-maxi-cosi-jalutuskarudele\/\" \/>\n<meta property=\"og:site_name\" content=\"Beebipood\" \/>\n<meta property=\"article:modified_time\" content=\"2025-06-30T10:19:03+00:00\" \/>\n<meta property=\"og:image\" content=\"https:\/\/beebipood.ee\/wp-content\/uploads\/2019\/10\/turvahalli-adapterid-maxi-cosi-jalutuskarudele.jpg\" \/>\n\t<meta property=\"og:image:width\" content=\"1062\" \/>\n\t<meta property=\"og:image:height\" content=\"1200\" \/>\n\t<meta property=\"og:image:type\" content=\"image\/jpeg\" \/>\n<meta name=\"twitter:card\" content=\"summary_large_image\" \/>\n<meta name=\"twitter:label1\" content=\"\u041f\u0440\u0438\u043c\u0435\u0440\u043d\u043e\u0435 \u0432\u0440\u0435\u043c\u044f \u0434\u043b\u044f \u0447\u0442\u0435\u043d\u0438\u044f\" \/>\n\t<meta name=\"twitter:data1\" content=\"1 \u043c\u0438\u043d\u0443\u0442\u0430\" \/>\n<script type=\"application\/ld+json\" class=\"yoast-schema-graph\">{\"@context\":\"https:\/\/schema.org\",\"@graph\":[{\"@type\":\"WebPage\",\"@id\":\"https:\/\/beebipood.ee\/ru\/produkt\/turvahalli-adapterid-maxi-cosi-jalutuskarudele\/\",\"url\":\"https:\/\/beebipood.ee\/ru\/produkt\/turvahalli-adapterid-maxi-cosi-jalutuskarudele\/\",\"name\":\"Maxi-Cosi Pebble 360 Pro\u00b2 turvah\u00e4ll + FamilyFix 360 Pro alus, Essential Black, \u0410\u0432\u0442\u043e\u043a\u0440\u0435\u0441\u043b\u0430, \u043b\u044e\u043b\u044c\u043a\u0438, \u0410\u0432\u0442\u043e\u043b\u044e\u043b\u044c\u043a\u0430, \u0421\u043d\u0430\u0440\u044f\u0436\u0435\u043d\u0438\u044f \u0431\u0435\u0437\u043e\u043f\u0430\u0441\u043d\u043e\u0441\u0442\u0438, Beebipood\",\"isPartOf\":{\"@id\":\"https:\/\/beebipood.ee\/ru\/#website\"},\"primaryImageOfPage\":{\"@id\":\"https:\/\/beebipood.ee\/ru\/produkt\/turvahalli-adapterid-maxi-cosi-jalutuskarudele\/#primaryimage\"},\"image\":{\"@id\":\"https:\/\/beebipood.ee\/ru\/produkt\/turvahalli-adapterid-maxi-cosi-jalutuskarudele\/#primaryimage\"},\"thumbnailUrl\":\"https:\/\/beebipood.ee\/wp-content\/uploads\/2019\/10\/turvahalli-adapterid-maxi-cosi-jalutuskarudele.jpg\",\"datePublished\":\"2019-10-01T09:43:29+00:00\",\"dateModified\":\"2025-06-30T10:19:03+00:00\",\"description\":\"Maxi-Cosi Pebble 360 Pro\u00b2 turvah\u00e4ll + FamilyFix 360 Pro alus, Essential Black, Maxi-Cosi 360 Pro s\u00fcsteemi kuuluv Pebble 360 Pro\u00b2 turvah&aum\",\"breadcrumb\":{\"@id\":\"https:\/\/beebipood.ee\/ru\/produkt\/turvahalli-adapterid-maxi-cosi-jalutuskarudele\/#breadcrumb\"},\"inLanguage\":\"ru-RU\",\"potentialAction\":[{\"@type\":\"ReadAction\",\"target\":[\"https:\/\/beebipood.ee\/ru\/produkt\/turvahalli-adapterid-maxi-cosi-jalutuskarudele\/\"]}]},{\"@type\":\"ImageObject\",\"inLanguage\":\"ru-RU\",\"@id\":\"https:\/\/beebipood.ee\/ru\/produkt\/turvahalli-adapterid-maxi-cosi-jalutuskarudele\/#primaryimage\",\"url\":\"https:\/\/beebipood.ee\/wp-content\/uploads\/2019\/10\/turvahalli-adapterid-maxi-cosi-jalutuskarudele.jpg\",\"contentUrl\":\"https:\/\/beebipood.ee\/wp-content\/uploads\/2019\/10\/turvahalli-adapterid-maxi-cosi-jalutuskarudele.jpg\",\"width\":1062,\"height\":1200},{\"@type\":\"BreadcrumbList\",\"@id\":\"https:\/\/beebipood.ee\/ru\/produkt\/turvahalli-adapterid-maxi-cosi-jalutuskarudele\/#breadcrumb\",\"itemListElement\":[{\"@type\":\"ListItem\",\"position\":1,\"name\":\"Home\",\"item\":\"https:\/\/beebipood.ee\/ru\/\"},{\"@type\":\"ListItem\",\"position\":2,\"name\":\"\u041a\u0430\u0442\u0430\u043b\u043e\u0433 \u0442\u043e\u0432\u0430\u0440\u043e\u0432\",\"item\":\"https:\/\/beebipood.ee\/tooted\/\"},{\"@type\":\"ListItem\",\"position\":3,\"name\":\"Turvah\u00e4lli adapterid Maxi-Cosi jalutusk\u00e4rudele\"}]},{\"@type\":\"WebSite\",\"@id\":\"https:\/\/beebipood.ee\/ru\/#website\",\"url\":\"https:\/\/beebipood.ee\/ru\/\",\"name\":\"Beebipood\",\"description\":\"Lastekaubad, beebikaubad, m\u00e4nguasjad\",\"publisher\":{\"@id\":\"https:\/\/beebipood.ee\/ru\/#organization\"},\"potentialAction\":[{\"@type\":\"SearchAction\",\"target\":{\"@type\":\"EntryPoint\",\"urlTemplate\":\"https:\/\/beebipood.ee\/ru\/?s={search_term_string}\"},\"query-input\":{\"@type\":\"PropertyValueSpecification\",\"valueRequired\":true,\"valueName\":\"search_term_string\"}}],\"inLanguage\":\"ru-RU\"},{\"@type\":\"Organization\",\"@id\":\"https:\/\/beebipood.ee\/ru\/#organization\",\"name\":\"Beebipood\",\"url\":\"https:\/\/beebipood.ee\/ru\/\",\"logo\":{\"@type\":\"ImageObject\",\"inLanguage\":\"ru-RU\",\"@id\":\"https:\/\/beebipood.ee\/ru\/#\/schema\/logo\/image\/\",\"url\":\"https:\/\/beebipood.ee\/wp-content\/uploads\/2025\/03\/beebipood.ee-logo-1.svg\",\"contentUrl\":\"https:\/\/beebipood.ee\/wp-content\/uploads\/2025\/03\/beebipood.ee-logo-1.svg\",\"caption\":\"Beebipood\"},\"image\":{\"@id\":\"https:\/\/beebipood.ee\/ru\/#\/schema\/logo\/image\/\"}}]}<\/script>\n<!-- \/ Yoast SEO plugin. -->","yoast_head_json":{"title":"Maxi-Cosi Pebble 360 Pro\u00b2 turvah\u00e4ll + FamilyFix 360 Pro alus, Essential Black, \u0410\u0432\u0442\u043e\u043a\u0440\u0435\u0441\u043b\u0430, \u043b\u044e\u043b\u044c\u043a\u0438, \u0410\u0432\u0442\u043e\u043b\u044e\u043b\u044c\u043a\u0430, \u0421\u043d\u0430\u0440\u044f\u0436\u0435\u043d\u0438\u044f \u0431\u0435\u0437\u043e\u043f\u0430\u0441\u043d\u043e\u0441\u0442\u0438, Beebipood","description":"Maxi-Cosi Pebble 360 Pro\u00b2 turvah\u00e4ll + FamilyFix 360 Pro alus, Essential Black, Maxi-Cosi 360 Pro s\u00fcsteemi kuuluv Pebble 360 Pro\u00b2 turvah&aum","robots":{"index":"index","follow":"follow","max-snippet":"max-snippet:-1","max-image-preview":"max-image-preview:large","max-video-preview":"max-video-preview:-1"},"canonical":"https:\/\/beebipood.ee\/ru\/produkt\/turvahalli-adapterid-maxi-cosi-jalutuskarudele\/","og_locale":"ru_RU","og_type":"article","og_title":"Maxi-Cosi Pebble 360 Pro\u00b2 turvah\u00e4ll + FamilyFix 360 Pro alus, Essential Black, \u0410\u0432\u0442\u043e\u043a\u0440\u0435\u0441\u043b\u0430, \u043b\u044e\u043b\u044c\u043a\u0438, \u0410\u0432\u0442\u043e\u043b\u044e\u043b\u044c\u043a\u0430, \u0421\u043d\u0430\u0440\u044f\u0436\u0435\u043d\u0438\u044f \u0431\u0435\u0437\u043e\u043f\u0430\u0441\u043d\u043e\u0441\u0442\u0438, Beebipood","og_description":"Maxi-Cosi Pebble 360 Pro\u00b2 turvah\u00e4ll + FamilyFix 360 Pro alus, Essential Black, Maxi-Cosi 360 Pro s\u00fcsteemi kuuluv Pebble 360 Pro\u00b2 turvah&aum","og_url":"https:\/\/beebipood.ee\/ru\/produkt\/turvahalli-adapterid-maxi-cosi-jalutuskarudele\/","og_site_name":"Beebipood","article_modified_time":"2025-06-30T10:19:03+00:00","og_image":[{"width":1062,"height":1200,"url":"https:\/\/beebipood.ee\/wp-content\/uploads\/2019\/10\/turvahalli-adapterid-maxi-cosi-jalutuskarudele.jpg","type":"image\/jpeg"}],"twitter_card":"summary_large_image","twitter_misc":{"\u041f\u0440\u0438\u043c\u0435\u0440\u043d\u043e\u0435 \u0432\u0440\u0435\u043c\u044f \u0434\u043b\u044f \u0447\u0442\u0435\u043d\u0438\u044f":"1 \u043c\u0438\u043d\u0443\u0442\u0430"},"schema":{"@context":"https:\/\/schema.org","@graph":[{"@type":"WebPage","@id":"https:\/\/beebipood.ee\/ru\/produkt\/turvahalli-adapterid-maxi-cosi-jalutuskarudele\/","url":"https:\/\/beebipood.ee\/ru\/produkt\/turvahalli-adapterid-maxi-cosi-jalutuskarudele\/","name":"Maxi-Cosi Pebble 360 Pro\u00b2 turvah\u00e4ll + FamilyFix 360 Pro alus, Essential Black, \u0410\u0432\u0442\u043e\u043a\u0440\u0435\u0441\u043b\u0430, \u043b\u044e\u043b\u044c\u043a\u0438, \u0410\u0432\u0442\u043e\u043b\u044e\u043b\u044c\u043a\u0430, \u0421\u043d\u0430\u0440\u044f\u0436\u0435\u043d\u0438\u044f \u0431\u0435\u0437\u043e\u043f\u0430\u0441\u043d\u043e\u0441\u0442\u0438, Beebipood","isPartOf":{"@id":"https:\/\/beebipood.ee\/ru\/#website"},"primaryImageOfPage":{"@id":"https:\/\/beebipood.ee\/ru\/produkt\/turvahalli-adapterid-maxi-cosi-jalutuskarudele\/#primaryimage"},"image":{"@id":"https:\/\/beebipood.ee\/ru\/produkt\/turvahalli-adapterid-maxi-cosi-jalutuskarudele\/#primaryimage"},"thumbnailUrl":"https:\/\/beebipood.ee\/wp-content\/uploads\/2019\/10\/turvahalli-adapterid-maxi-cosi-jalutuskarudele.jpg","datePublished":"2019-10-01T09:43:29+00:00","dateModified":"2025-06-30T10:19:03+00:00","description":"Maxi-Cosi Pebble 360 Pro\u00b2 turvah\u00e4ll + FamilyFix 360 Pro alus, Essential Black, Maxi-Cosi 360 Pro s\u00fcsteemi kuuluv Pebble 360 Pro\u00b2 turvah&aum","breadcrumb":{"@id":"https:\/\/beebipood.ee\/ru\/produkt\/turvahalli-adapterid-maxi-cosi-jalutuskarudele\/#breadcrumb"},"inLanguage":"ru-RU","potentialAction":[{"@type":"ReadAction","target":["https:\/\/beebipood.ee\/ru\/produkt\/turvahalli-adapterid-maxi-cosi-jalutuskarudele\/"]}]},{"@type":"ImageObject","inLanguage":"ru-RU","@id":"https:\/\/beebipood.ee\/ru\/produkt\/turvahalli-adapterid-maxi-cosi-jalutuskarudele\/#primaryimage","url":"https:\/\/beebipood.ee\/wp-content\/uploads\/2019\/10\/turvahalli-adapterid-maxi-cosi-jalutuskarudele.jpg","contentUrl":"https:\/\/beebipood.ee\/wp-content\/uploads\/2019\/10\/turvahalli-adapterid-maxi-cosi-jalutuskarudele.jpg","width":1062,"height":1200},{"@type":"BreadcrumbList","@id":"https:\/\/beebipood.ee\/ru\/produkt\/turvahalli-adapterid-maxi-cosi-jalutuskarudele\/#breadcrumb","itemListElement":[{"@type":"ListItem","position":1,"name":"Home","item":"https:\/\/beebipood.ee\/ru\/"},{"@type":"ListItem","position":2,"name":"\u041a\u0430\u0442\u0430\u043b\u043e\u0433 \u0442\u043e\u0432\u0430\u0440\u043e\u0432","item":"https:\/\/beebipood.ee\/tooted\/"},{"@type":"ListItem","position":3,"name":"Turvah\u00e4lli adapterid Maxi-Cosi jalutusk\u00e4rudele"}]},{"@type":"WebSite","@id":"https:\/\/beebipood.ee\/ru\/#website","url":"https:\/\/beebipood.ee\/ru\/","name":"Beebipood","description":"Lastekaubad, beebikaubad, m\u00e4nguasjad","publisher":{"@id":"https:\/\/beebipood.ee\/ru\/#organization"},"potentialAction":[{"@type":"SearchAction","target":{"@type":"EntryPoint","urlTemplate":"https:\/\/beebipood.ee\/ru\/?s={search_term_string}"},"query-input":{"@type":"PropertyValueSpecification","valueRequired":true,"valueName":"search_term_string"}}],"inLanguage":"ru-RU"},{"@type":"Organization","@id":"https:\/\/beebipood.ee\/ru\/#organization","name":"Beebipood","url":"https:\/\/beebipood.ee\/ru\/","logo":{"@type":"ImageObject","inLanguage":"ru-RU","@id":"https:\/\/beebipood.ee\/ru\/#\/schema\/logo\/image\/","url":"https:\/\/beebipood.ee\/wp-content\/uploads\/2025\/03\/beebipood.ee-logo-1.svg","contentUrl":"https:\/\/beebipood.ee\/wp-content\/uploads\/2025\/03\/beebipood.ee-logo-1.svg","caption":"Beebipood"},"image":{"@id":"https:\/\/beebipood.ee\/ru\/#\/schema\/logo\/image\/"}}]}},"brands":[{"id":11961,"name":"Maxi-Cosi","slug":"maxi-cosi-ru"}],"_links":{"self":[{"href":"https:\/\/beebipood.ee\/ru\/wp-json\/wp\/v2\/product\/458909","targetHints":{"allow":["GET"]}}],"collection":[{"href":"https:\/\/beebipood.ee\/ru\/wp-json\/wp\/v2\/product"}],"about":[{"href":"https:\/\/beebipood.ee\/ru\/wp-json\/wp\/v2\/types\/product"}],"wp:featuredmedia":[{"embeddable":true,"href":"https:\/\/beebipood.ee\/ru\/wp-json\/wp\/v2\/media\/505413"}],"wp:attachment":[{"href":"https:\/\/beebipood.ee\/ru\/wp-json\/wp\/v2\/media?parent=458909"}],"wp:term":[{"taxonomy":"pwb-brand","embeddable":true,"href":"https:\/\/beebipood.ee\/ru\/wp-json\/wp\/v2\/pwb-brand?post=458909"},{"taxonomy":"product_brand","embeddable":true,"href":"https:\/\/beebipood.ee\/ru\/wp-json\/wp\/v2\/product_brand?post=458909"},{"taxonomy":"product_cat","embeddable":true,"href":"https:\/\/beebipood.ee\/ru\/wp-json\/wp\/v2\/product_cat?post=458909"},{"taxonomy":"product_tag","embeddable":true,"href":"https:\/\/beebipood.ee\/ru\/wp-json\/wp\/v2\/product_tag?post=458909"}],"curies":[{"name":"wp","href":"https:\/\/api.w.org\/{rel}","templated":true}]}}