{"id":458919,"date":"2019-10-14T12:54:37","date_gmt":"2019-10-14T09:54:37","guid":{"rendered":"https:\/\/beebipood.ee\/toode\/lastevoodi-hermes-80x200-grafiit\/"},"modified":"2026-04-23T16:44:53","modified_gmt":"2026-04-23T13:44:53","slug":"lastevoodi-hermes-80x200-grafiit","status":"publish","type":"product","link":"https:\/\/beebipood.ee\/ru\/produkt\/lastevoodi-hermes-80x200-grafiit\/","title":{"rendered":"Sahtelvoodi Hermes 80&#215;200, grafiit"},"content":{"rendered":"<p data-start=\"0\" data-end=\"260\">\ud83d\udecf\ufe0f Nutikas voodi-diivan Hermes \u2013 mugavuseks ja igap\u00e4evaseks kasutuseks<br data-start=\"71\" data-end=\"74\" \/>Muuda noortetuba praktiliseks ja hubaseks paigaks!<br data-start=\"124\" data-end=\"127\" \/>Hermes voodi \u00fchendab endas mugava magamiskoha ja stiilse diivani \u2013 ideaalne lahendus nii puhkamiseks kui ka s\u00f5pradega aja veetmiseks.<\/p>\n<p data-start=\"262\" data-end=\"599\">\ud83c\udf1f Rohkem kui lihtsalt voodi<br data-start=\"290\" data-end=\"293\" \/>Teismelise toa sisustamine v\u00f5ib olla v\u00e4ljakutse, eriti kui ruumi on piiratud.<br data-start=\"370\" data-end=\"373\" \/>Seet\u00f5ttu on Hermes loodud nutikaks lahenduseks, mis \u00fchendab mitu funktsiooni \u00fches m\u00f6\u00f6bliesemes \u2013 s\u00e4\u00e4stes ruumi ja pakkudes maksimaalset mugavust igap\u00e4evaseks kasutamiseks.<br data-start=\"544\" data-end=\"547\" \/>P\u00e4eval kasutad seda diivanina, \u00f6\u00f6sel mugava voodina.<\/p>\n<p data-start=\"601\" data-end=\"840\">\ud83d\udecb\ufe0f Mugav ja praktiline<br data-start=\"624\" data-end=\"627\" \/>Magamisala 80 \u00d7 200 cm \u2013 piisav ruum kvaliteetseks uneks<br data-start=\"683\" data-end=\"686\" \/>Ei v\u00f5ta toas liigselt ruumi \u2013 ideaalne v\u00e4iksematesse tubadesse<br data-start=\"748\" data-end=\"751\" \/>Kergesti kokkupandav mehhanism \u2013 voodist saab hetkega diivan<br data-start=\"811\" data-end=\"814\" \/>Madrats kuulub komplekti<\/p>\n<p data-start=\"842\" data-end=\"1052\">\ud83e\uddf8 Mugav uni igaks \u00f6\u00f6ks<br data-start=\"865\" data-end=\"868\" \/>Komplektis on 9 cm paksune poroloonmadrats, mis kohandub h\u00e4sti kehaga ja toetab mugavat und<br data-start=\"959\" data-end=\"962\" \/>Eemaldatav kate \u2013 lihtne hooldada ja hoida puhtana<br data-start=\"1012\" data-end=\"1015\" \/>Hea valik igap\u00e4evaseks kasutamiseks<\/p>\n<p data-start=\"1054\" data-end=\"1295\">\ud83e\uddf8 Turvaline ja peres\u00f5bralik<br data-start=\"1082\" data-end=\"1085\" \/>\u00dcmarad servad (R2) \u2013 v\u00e4iksem vigastuste oht<br data-start=\"1128\" data-end=\"1131\" \/>Maksimaalne kandev\u00f5ime kuni 160 kg<br data-start=\"1165\" data-end=\"1168\" \/>Sertifitseeritud voodi \u2013 vastab T\u00dcV kvaliteedi- ja ohutusstandarditele<br data-start=\"1238\" data-end=\"1241\" \/>Kasutajas\u00f5bralik viimistlus, sobib ka tundlikumatele<\/p>\n<p data-start=\"1297\" data-end=\"1496\">\ud83e\udeb5 Vastupidav ja kvaliteetne<br data-start=\"1325\" data-end=\"1328\" \/>MDF-plaat, viimistletud veep\u00f5hise lakiga<br data-start=\"1368\" data-end=\"1371\" \/>Laminaatkattega puitlaastplaat<br data-start=\"1401\" data-end=\"1404\" \/>Puidust voodip\u00f5hi metallliistudel<br data-start=\"1437\" data-end=\"1440\" \/>Tugev konstruktsioon teraskinnitustega \u2013 loodud kestma<\/p>\n<p data-start=\"1498\" data-end=\"1636\">\ud83d\udce6 Nutikad hoiulahendused<br data-start=\"1523\" data-end=\"1526\" \/>2 mahukat sahtlit (kuni 10 kg \/ sahtel)<br data-start=\"1565\" data-end=\"1568\" \/>Sahtlid ratastel \u2013 lihtne liigutada<br data-start=\"1603\" data-end=\"1606\" \/>K\u00e4epideme asemel mugav avaus<\/p>\n<p data-start=\"1638\" data-end=\"1776\">\ud83c\udfa8 Ajatu disain<br data-start=\"1653\" data-end=\"1656\" \/>Elegantne kashmiiritoon \u2013 soe ja kaasaegne<br data-start=\"1698\" data-end=\"1701\" \/>Sobib erinevate sisekujundusstiilidega<br data-start=\"1739\" data-end=\"1742\" \/>Lihtne vorm ja hoolikad detailid<\/p>\n<p data-start=\"1778\" data-end=\"1940\">\ud83d\udce6 Komplektis<br data-start=\"1791\" data-end=\"1794\" \/>Voodi-diivan<br data-start=\"1806\" data-end=\"1809\" \/>Puidust voodip\u00f5hi<br data-start=\"1826\" data-end=\"1829\" \/>2 sahtlit<br data-start=\"1838\" data-end=\"1841\" \/>Poroloonmadrats (9 cm)<br data-start=\"1863\" data-end=\"1866\" \/>Eemaldatav madratsikate<br data-start=\"1889\" data-end=\"1892\" \/>Paigaldustarvikud (lihtne ja kiire kokkupanek)<\/p>\n<p data-start=\"1942\" data-end=\"2127\">\ud83d\udc9b Ideaalne valik igap\u00e4evaks<br data-start=\"1970\" data-end=\"1973\" \/>Hermes voodi on loodud neile, kes hindavad mugavust, praktilisust ja stiili \u00fches.<br data-start=\"2054\" data-end=\"2057\" \/>See on koht puhkamiseks, l\u00f5\u00f5gastumiseks ja m\u00f5nusateks hetkedeks kodus.<\/p>\n<p data-start=\"2129\" data-end=\"2181\" data-is-last-node=\"\" data-is-only-node=\"\">\u2728 T\u00e4iuslik lahendus tuppa, kus iga sentimeeter loeb.<\/p>\n","protected":false},"excerpt":{"rendered":"<p>\ud83d\udecf\ufe0f Nutikas voodi-diivan Hermes \u2013 mugavuseks ja igap\u00e4evaseks kasutuseksMuuda noortetuba praktiliseks ja hubaseks paigaks!Hermes voodi \u00fchendab endas mugava magamiskoha ja stiilse diivani \u2013 ideaalne lahendus nii puhkamiseks kui ka s\u00f5pradega aja veetmiseks. \ud83c\udf1f Rohkem kui lihtsalt voodiTeismelise toa sisustamine v\u00f5ib olla v\u00e4ljakutse, eriti kui ruumi on piiratud.Seet\u00f5ttu on Hermes loodud nutikaks lahenduseks, mis \u00fchendab mitu [&hellip;]<\/p>\n","protected":false},"featured_media":512258,"template":"","meta":{"_acf_changed":false},"pwb-brand":[],"product_brand":[],"product_cat":[11555,11589,11559,11789],"product_tag":[],"class_list":{"0":"post-458919","1":"product","2":"type-product","3":"status-publish","4":"has-post-thumbnail","6":"product_cat-pikendatavad-voodid-ru","7":"product_cat-80cm-laiused-ru","8":"product_cat-laste-ja-noortevoodid-ru","9":"product_cat-lastemoobel-ja-sisustus-ru","11":"first","12":"onbackorder","13":"sale","14":"taxable","15":"shipping-taxable","16":"purchasable","17":"product-type-simple"},"exclude_global_add_ons":[],"addons":[],"acf":[],"yoast_head":"<!-- This site is optimized with the Yoast SEO plugin v27.3 - https:\/\/yoast.com\/product\/yoast-seo-wordpress\/ -->\n<title>Sahtelvoodi Hermes 80x200, grafiit, \u0423\u0434\u043b\u0438\u043d\u044f\u044e\u0449\u0438\u0435\u0441\u044f \u043a\u0440\u043e\u0432\u0430\u0442\u0438, \u041a\u0440\u043e\u0432\u0430\u0442\u0438 \u0434\u043b\u044f \u0434\u0435\u0442\u0435\u0439 \u0438 \u043f\u043e\u0434\u0440\u043e\u0441\u0442\u043a\u043e\u0432, \u041d\u041e\u0412\u042b\u0415 \u0422\u041e\u0412\u0410\u0420\u042b, \u0428\u0438\u0440\u0438\u043d\u0430 80c\u043c, M\u0435\u0431\u0435\u043b\u044c, Beebipood<\/title>\n<meta name=\"description\" content=\"Sahtelvoodi Hermes 80x200, grafiit, * funktsionaalne ning pikendatav laste- ja noortevoodi* komplekti kuulub: voodi, voodip\u00f5h\" \/>\n<meta name=\"robots\" content=\"index, follow, max-snippet:-1, max-image-preview:large, max-video-preview:-1\" \/>\n<link rel=\"canonical\" href=\"https:\/\/beebipood.ee\/ru\/produkt\/lastevoodi-hermes-80x200-grafiit\/\" \/>\n<meta property=\"og:locale\" content=\"ru_RU\" \/>\n<meta property=\"og:type\" content=\"article\" \/>\n<meta property=\"og:title\" content=\"Sahtelvoodi Hermes 80x200, grafiit, \u0423\u0434\u043b\u0438\u043d\u044f\u044e\u0449\u0438\u0435\u0441\u044f \u043a\u0440\u043e\u0432\u0430\u0442\u0438, \u041a\u0440\u043e\u0432\u0430\u0442\u0438 \u0434\u043b\u044f \u0434\u0435\u0442\u0435\u0439 \u0438 \u043f\u043e\u0434\u0440\u043e\u0441\u0442\u043a\u043e\u0432, \u041d\u041e\u0412\u042b\u0415 \u0422\u041e\u0412\u0410\u0420\u042b, \u0428\u0438\u0440\u0438\u043d\u0430 80c\u043c, M\u0435\u0431\u0435\u043b\u044c, Beebipood\" \/>\n<meta property=\"og:description\" content=\"Sahtelvoodi Hermes 80x200, grafiit, * funktsionaalne ning pikendatav laste- ja noortevoodi* komplekti kuulub: voodi, voodip\u00f5h\" \/>\n<meta property=\"og:url\" content=\"https:\/\/beebipood.ee\/ru\/produkt\/lastevoodi-hermes-80x200-grafiit\/\" \/>\n<meta property=\"og:site_name\" content=\"Beebipood\" \/>\n<meta property=\"article:modified_time\" content=\"2026-04-23T13:44:53+00:00\" \/>\n<meta property=\"og:image\" content=\"https:\/\/beebipood.ee\/wp-content\/uploads\/2019\/10\/sahtelvoodi-hermes-80\u00d7200-grafiit3.webp\" \/>\n\t<meta property=\"og:image:width\" content=\"1600\" \/>\n\t<meta property=\"og:image:height\" content=\"1033\" \/>\n\t<meta property=\"og:image:type\" content=\"image\/webp\" \/>\n<meta name=\"twitter:card\" content=\"summary_large_image\" \/>\n<meta name=\"twitter:label1\" content=\"\u041f\u0440\u0438\u043c\u0435\u0440\u043d\u043e\u0435 \u0432\u0440\u0435\u043c\u044f \u0434\u043b\u044f \u0447\u0442\u0435\u043d\u0438\u044f\" \/>\n\t<meta name=\"twitter:data1\" content=\"2 \u043c\u0438\u043d\u0443\u0442\u044b\" \/>\n<script type=\"application\/ld+json\" class=\"yoast-schema-graph\">{\"@context\":\"https:\\\/\\\/schema.org\",\"@graph\":[{\"@type\":\"WebPage\",\"@id\":\"https:\\\/\\\/beebipood.ee\\\/ru\\\/produkt\\\/lastevoodi-hermes-80x200-grafiit\\\/\",\"url\":\"https:\\\/\\\/beebipood.ee\\\/ru\\\/produkt\\\/lastevoodi-hermes-80x200-grafiit\\\/\",\"name\":\"Sahtelvoodi Hermes 80x200, grafiit, \u0423\u0434\u043b\u0438\u043d\u044f\u044e\u0449\u0438\u0435\u0441\u044f \u043a\u0440\u043e\u0432\u0430\u0442\u0438, \u041a\u0440\u043e\u0432\u0430\u0442\u0438 \u0434\u043b\u044f \u0434\u0435\u0442\u0435\u0439 \u0438 \u043f\u043e\u0434\u0440\u043e\u0441\u0442\u043a\u043e\u0432, \u041d\u041e\u0412\u042b\u0415 \u0422\u041e\u0412\u0410\u0420\u042b, \u0428\u0438\u0440\u0438\u043d\u0430 80c\u043c, M\u0435\u0431\u0435\u043b\u044c, Beebipood\",\"isPartOf\":{\"@id\":\"https:\\\/\\\/beebipood.ee\\\/ru\\\/#website\"},\"primaryImageOfPage\":{\"@id\":\"https:\\\/\\\/beebipood.ee\\\/ru\\\/produkt\\\/lastevoodi-hermes-80x200-grafiit\\\/#primaryimage\"},\"image\":{\"@id\":\"https:\\\/\\\/beebipood.ee\\\/ru\\\/produkt\\\/lastevoodi-hermes-80x200-grafiit\\\/#primaryimage\"},\"thumbnailUrl\":\"https:\\\/\\\/beebipood.ee\\\/wp-content\\\/uploads\\\/2019\\\/10\\\/sahtelvoodi-hermes-80\u00d7200-grafiit3.webp\",\"datePublished\":\"2019-10-14T09:54:37+00:00\",\"dateModified\":\"2026-04-23T13:44:53+00:00\",\"description\":\"Sahtelvoodi Hermes 80x200, grafiit, * funktsionaalne ning pikendatav laste- ja noortevoodi* komplekti kuulub: voodi, voodip\u00f5h\",\"breadcrumb\":{\"@id\":\"https:\\\/\\\/beebipood.ee\\\/ru\\\/produkt\\\/lastevoodi-hermes-80x200-grafiit\\\/#breadcrumb\"},\"inLanguage\":\"ru-RU\",\"potentialAction\":[{\"@type\":\"ReadAction\",\"target\":[\"https:\\\/\\\/beebipood.ee\\\/ru\\\/produkt\\\/lastevoodi-hermes-80x200-grafiit\\\/\"]}]},{\"@type\":\"ImageObject\",\"inLanguage\":\"ru-RU\",\"@id\":\"https:\\\/\\\/beebipood.ee\\\/ru\\\/produkt\\\/lastevoodi-hermes-80x200-grafiit\\\/#primaryimage\",\"url\":\"https:\\\/\\\/beebipood.ee\\\/wp-content\\\/uploads\\\/2019\\\/10\\\/sahtelvoodi-hermes-80\u00d7200-grafiit3.webp\",\"contentUrl\":\"https:\\\/\\\/beebipood.ee\\\/wp-content\\\/uploads\\\/2019\\\/10\\\/sahtelvoodi-hermes-80\u00d7200-grafiit3.webp\",\"width\":1600,\"height\":1033},{\"@type\":\"BreadcrumbList\",\"@id\":\"https:\\\/\\\/beebipood.ee\\\/ru\\\/produkt\\\/lastevoodi-hermes-80x200-grafiit\\\/#breadcrumb\",\"itemListElement\":[{\"@type\":\"ListItem\",\"position\":1,\"name\":\"Home\",\"item\":\"https:\\\/\\\/beebipood.ee\\\/ru\\\/\"},{\"@type\":\"ListItem\",\"position\":2,\"name\":\"\u041a\u0430\u0442\u0430\u043b\u043e\u0433 \u0442\u043e\u0432\u0430\u0440\u043e\u0432\",\"item\":\"https:\\\/\\\/beebipood.ee\\\/tooted\\\/\"},{\"@type\":\"ListItem\",\"position\":3,\"name\":\"Sahtelvoodi Hermes 80&#215;200, grafiit\"}]},{\"@type\":\"WebSite\",\"@id\":\"https:\\\/\\\/beebipood.ee\\\/ru\\\/#website\",\"url\":\"https:\\\/\\\/beebipood.ee\\\/ru\\\/\",\"name\":\"Beebipood\",\"description\":\"Lastekaubad, beebikaubad, m\u00e4nguasjad\",\"publisher\":{\"@id\":\"https:\\\/\\\/beebipood.ee\\\/ru\\\/#organization\"},\"potentialAction\":[{\"@type\":\"SearchAction\",\"target\":{\"@type\":\"EntryPoint\",\"urlTemplate\":\"https:\\\/\\\/beebipood.ee\\\/ru\\\/?s={search_term_string}\"},\"query-input\":{\"@type\":\"PropertyValueSpecification\",\"valueRequired\":true,\"valueName\":\"search_term_string\"}}],\"inLanguage\":\"ru-RU\"},{\"@type\":\"Organization\",\"@id\":\"https:\\\/\\\/beebipood.ee\\\/ru\\\/#organization\",\"name\":\"Beebipood\",\"url\":\"https:\\\/\\\/beebipood.ee\\\/ru\\\/\",\"logo\":{\"@type\":\"ImageObject\",\"inLanguage\":\"ru-RU\",\"@id\":\"https:\\\/\\\/beebipood.ee\\\/ru\\\/#\\\/schema\\\/logo\\\/image\\\/\",\"url\":\"https:\\\/\\\/beebipood.ee\\\/wp-content\\\/uploads\\\/2025\\\/03\\\/beebipood.ee-logo-1.svg\",\"contentUrl\":\"https:\\\/\\\/beebipood.ee\\\/wp-content\\\/uploads\\\/2025\\\/03\\\/beebipood.ee-logo-1.svg\",\"caption\":\"Beebipood\"},\"image\":{\"@id\":\"https:\\\/\\\/beebipood.ee\\\/ru\\\/#\\\/schema\\\/logo\\\/image\\\/\"}}]}<\/script>\n<!-- \/ Yoast SEO plugin. -->","yoast_head_json":{"title":"Sahtelvoodi Hermes 80x200, grafiit, \u0423\u0434\u043b\u0438\u043d\u044f\u044e\u0449\u0438\u0435\u0441\u044f \u043a\u0440\u043e\u0432\u0430\u0442\u0438, \u041a\u0440\u043e\u0432\u0430\u0442\u0438 \u0434\u043b\u044f \u0434\u0435\u0442\u0435\u0439 \u0438 \u043f\u043e\u0434\u0440\u043e\u0441\u0442\u043a\u043e\u0432, \u041d\u041e\u0412\u042b\u0415 \u0422\u041e\u0412\u0410\u0420\u042b, \u0428\u0438\u0440\u0438\u043d\u0430 80c\u043c, M\u0435\u0431\u0435\u043b\u044c, Beebipood","description":"Sahtelvoodi Hermes 80x200, grafiit, * funktsionaalne ning pikendatav laste- ja noortevoodi* komplekti kuulub: voodi, voodip\u00f5h","robots":{"index":"index","follow":"follow","max-snippet":"max-snippet:-1","max-image-preview":"max-image-preview:large","max-video-preview":"max-video-preview:-1"},"canonical":"https:\/\/beebipood.ee\/ru\/produkt\/lastevoodi-hermes-80x200-grafiit\/","og_locale":"ru_RU","og_type":"article","og_title":"Sahtelvoodi Hermes 80x200, grafiit, \u0423\u0434\u043b\u0438\u043d\u044f\u044e\u0449\u0438\u0435\u0441\u044f \u043a\u0440\u043e\u0432\u0430\u0442\u0438, \u041a\u0440\u043e\u0432\u0430\u0442\u0438 \u0434\u043b\u044f \u0434\u0435\u0442\u0435\u0439 \u0438 \u043f\u043e\u0434\u0440\u043e\u0441\u0442\u043a\u043e\u0432, \u041d\u041e\u0412\u042b\u0415 \u0422\u041e\u0412\u0410\u0420\u042b, \u0428\u0438\u0440\u0438\u043d\u0430 80c\u043c, M\u0435\u0431\u0435\u043b\u044c, Beebipood","og_description":"Sahtelvoodi Hermes 80x200, grafiit, * funktsionaalne ning pikendatav laste- ja noortevoodi* komplekti kuulub: voodi, voodip\u00f5h","og_url":"https:\/\/beebipood.ee\/ru\/produkt\/lastevoodi-hermes-80x200-grafiit\/","og_site_name":"Beebipood","article_modified_time":"2026-04-23T13:44:53+00:00","og_image":[{"width":1600,"height":1033,"url":"https:\/\/beebipood.ee\/wp-content\/uploads\/2019\/10\/sahtelvoodi-hermes-80\u00d7200-grafiit3.webp","type":"image\/webp"}],"twitter_card":"summary_large_image","twitter_misc":{"\u041f\u0440\u0438\u043c\u0435\u0440\u043d\u043e\u0435 \u0432\u0440\u0435\u043c\u044f \u0434\u043b\u044f \u0447\u0442\u0435\u043d\u0438\u044f":"2 \u043c\u0438\u043d\u0443\u0442\u044b"},"schema":{"@context":"https:\/\/schema.org","@graph":[{"@type":"WebPage","@id":"https:\/\/beebipood.ee\/ru\/produkt\/lastevoodi-hermes-80x200-grafiit\/","url":"https:\/\/beebipood.ee\/ru\/produkt\/lastevoodi-hermes-80x200-grafiit\/","name":"Sahtelvoodi Hermes 80x200, grafiit, \u0423\u0434\u043b\u0438\u043d\u044f\u044e\u0449\u0438\u0435\u0441\u044f \u043a\u0440\u043e\u0432\u0430\u0442\u0438, \u041a\u0440\u043e\u0432\u0430\u0442\u0438 \u0434\u043b\u044f \u0434\u0435\u0442\u0435\u0439 \u0438 \u043f\u043e\u0434\u0440\u043e\u0441\u0442\u043a\u043e\u0432, \u041d\u041e\u0412\u042b\u0415 \u0422\u041e\u0412\u0410\u0420\u042b, \u0428\u0438\u0440\u0438\u043d\u0430 80c\u043c, M\u0435\u0431\u0435\u043b\u044c, Beebipood","isPartOf":{"@id":"https:\/\/beebipood.ee\/ru\/#website"},"primaryImageOfPage":{"@id":"https:\/\/beebipood.ee\/ru\/produkt\/lastevoodi-hermes-80x200-grafiit\/#primaryimage"},"image":{"@id":"https:\/\/beebipood.ee\/ru\/produkt\/lastevoodi-hermes-80x200-grafiit\/#primaryimage"},"thumbnailUrl":"https:\/\/beebipood.ee\/wp-content\/uploads\/2019\/10\/sahtelvoodi-hermes-80\u00d7200-grafiit3.webp","datePublished":"2019-10-14T09:54:37+00:00","dateModified":"2026-04-23T13:44:53+00:00","description":"Sahtelvoodi Hermes 80x200, grafiit, * funktsionaalne ning pikendatav laste- ja noortevoodi* komplekti kuulub: voodi, voodip\u00f5h","breadcrumb":{"@id":"https:\/\/beebipood.ee\/ru\/produkt\/lastevoodi-hermes-80x200-grafiit\/#breadcrumb"},"inLanguage":"ru-RU","potentialAction":[{"@type":"ReadAction","target":["https:\/\/beebipood.ee\/ru\/produkt\/lastevoodi-hermes-80x200-grafiit\/"]}]},{"@type":"ImageObject","inLanguage":"ru-RU","@id":"https:\/\/beebipood.ee\/ru\/produkt\/lastevoodi-hermes-80x200-grafiit\/#primaryimage","url":"https:\/\/beebipood.ee\/wp-content\/uploads\/2019\/10\/sahtelvoodi-hermes-80\u00d7200-grafiit3.webp","contentUrl":"https:\/\/beebipood.ee\/wp-content\/uploads\/2019\/10\/sahtelvoodi-hermes-80\u00d7200-grafiit3.webp","width":1600,"height":1033},{"@type":"BreadcrumbList","@id":"https:\/\/beebipood.ee\/ru\/produkt\/lastevoodi-hermes-80x200-grafiit\/#breadcrumb","itemListElement":[{"@type":"ListItem","position":1,"name":"Home","item":"https:\/\/beebipood.ee\/ru\/"},{"@type":"ListItem","position":2,"name":"\u041a\u0430\u0442\u0430\u043b\u043e\u0433 \u0442\u043e\u0432\u0430\u0440\u043e\u0432","item":"https:\/\/beebipood.ee\/tooted\/"},{"@type":"ListItem","position":3,"name":"Sahtelvoodi Hermes 80&#215;200, grafiit"}]},{"@type":"WebSite","@id":"https:\/\/beebipood.ee\/ru\/#website","url":"https:\/\/beebipood.ee\/ru\/","name":"Beebipood","description":"Lastekaubad, beebikaubad, m\u00e4nguasjad","publisher":{"@id":"https:\/\/beebipood.ee\/ru\/#organization"},"potentialAction":[{"@type":"SearchAction","target":{"@type":"EntryPoint","urlTemplate":"https:\/\/beebipood.ee\/ru\/?s={search_term_string}"},"query-input":{"@type":"PropertyValueSpecification","valueRequired":true,"valueName":"search_term_string"}}],"inLanguage":"ru-RU"},{"@type":"Organization","@id":"https:\/\/beebipood.ee\/ru\/#organization","name":"Beebipood","url":"https:\/\/beebipood.ee\/ru\/","logo":{"@type":"ImageObject","inLanguage":"ru-RU","@id":"https:\/\/beebipood.ee\/ru\/#\/schema\/logo\/image\/","url":"https:\/\/beebipood.ee\/wp-content\/uploads\/2025\/03\/beebipood.ee-logo-1.svg","contentUrl":"https:\/\/beebipood.ee\/wp-content\/uploads\/2025\/03\/beebipood.ee-logo-1.svg","caption":"Beebipood"},"image":{"@id":"https:\/\/beebipood.ee\/ru\/#\/schema\/logo\/image\/"}}]}},"brands":[],"_links":{"self":[{"href":"https:\/\/beebipood.ee\/ru\/wp-json\/wp\/v2\/product\/458919","targetHints":{"allow":["GET"]}}],"collection":[{"href":"https:\/\/beebipood.ee\/ru\/wp-json\/wp\/v2\/product"}],"about":[{"href":"https:\/\/beebipood.ee\/ru\/wp-json\/wp\/v2\/types\/product"}],"wp:featuredmedia":[{"embeddable":true,"href":"https:\/\/beebipood.ee\/ru\/wp-json\/wp\/v2\/media\/512258"}],"wp:attachment":[{"href":"https:\/\/beebipood.ee\/ru\/wp-json\/wp\/v2\/media?parent=458919"}],"wp:term":[{"taxonomy":"pwb-brand","embeddable":true,"href":"https:\/\/beebipood.ee\/ru\/wp-json\/wp\/v2\/pwb-brand?post=458919"},{"taxonomy":"product_brand","embeddable":true,"href":"https:\/\/beebipood.ee\/ru\/wp-json\/wp\/v2\/product_brand?post=458919"},{"taxonomy":"product_cat","embeddable":true,"href":"https:\/\/beebipood.ee\/ru\/wp-json\/wp\/v2\/product_cat?post=458919"},{"taxonomy":"product_tag","embeddable":true,"href":"https:\/\/beebipood.ee\/ru\/wp-json\/wp\/v2\/product_tag?post=458919"}],"curies":[{"name":"wp","href":"https:\/\/api.w.org\/{rel}","templated":true}]}}