{"id":458939,"date":"2019-11-19T13:04:18","date_gmt":"2019-11-19T11:04:18","guid":{"rendered":"https:\/\/beebipood.ee\/toode\/hauck-universaalsed-turvahalli-adapterid-saturn-r-ja-apollo\/"},"modified":"2025-01-09T10:48:40","modified_gmt":"2025-01-09T08:48:40","slug":"hauck-universaalsed-turvahalli-adapterid-saturn-r-ja-apollo","status":"publish","type":"product","link":"https:\/\/beebipood.ee\/ru\/produkt\/hauck-universaalsed-turvahalli-adapterid-saturn-r-ja-apollo\/","title":{"rendered":"Hauck universaalsed turvah\u00e4lli adapterid, Saturn R ja Apollo"},"content":{"rendered":"<p>Erinevate turvah\u00e4llide kinnitamiseks Hauck Saturn R ja Apollo k\u00e4rudele <br \/>Universaalne adapter Maxi Cosi kinnitusega<br \/>Lihtne kinnitada<br \/>Haucki universaaladapterid \u00fchilduvad k\u00f5igi j\u00e4rgmiste tootjate turvah\u00e4llidega<br \/>AXKID<br \/>Modukid<\/p>\n<p>Cybex<br \/>Aton M i Size\u00ae<br \/>Aton Q\u00ae<br \/>Cloud Q\u00ae<br \/>Aton 5-ga<br \/>Aton Q i-Size\u00ae<br \/>Aton 4\u00ae<\/p>\n<p>Nuna<br \/>Pipa Lite\u00ae<br \/>Pipa Lite LX\u00ae<br \/>Pipa Icon\u00ae<\/p>\n<p>Maxi Cosi<br \/>Rock\u00ae<br \/>Cabriofix\u00ae<br \/>Pebble\u00ae<br \/>Pebble Plus\u00ae<\/p>\n<p>BeSafe<br \/>iZi Go X1<br \/>iZi Go Modular\u00ae<\/p>\n<p>Kiddy<br \/>Evoluna i Size2\u00ae<br \/>Evoluna i Size\u00ae<br \/>Evolution Pro2\u00ae<\/p>\n","protected":false},"excerpt":{"rendered":"<p>Erinevate turvah\u00e4llide kinnitamiseks Hauck Saturn R ja Apollo k\u00e4rudele Universaalne adapter Maxi Cosi kinnitusegaLihtne kinnitadaHaucki universaaladapterid \u00fchilduvad k\u00f5igi j\u00e4rgmiste tootjate turvah\u00e4llidegaAXKIDModukid CybexAton M i Size\u00aeAton Q\u00aeCloud Q\u00aeAton 5-gaAton Q i-Size\u00aeAton 4\u00ae NunaPipa Lite\u00aePipa Lite LX\u00aePipa Icon\u00ae Maxi CosiRock\u00aeCabriofix\u00aePebble\u00aePebble Plus\u00ae BeSafeiZi Go X1iZi Go Modular\u00ae KiddyEvoluna i Size2\u00aeEvoluna i Size\u00aeEvolution Pro2\u00ae<\/p>\n","protected":false},"featured_media":131462,"template":"","meta":{"_acf_changed":false},"pwb-brand":[11952],"product_brand":[],"product_cat":[11727,11797,11791],"product_tag":[],"class_list":{"0":"post-458939","1":"product","2":"type-product","3":"status-publish","4":"has-post-thumbnail","6":"pwb-brand-hauck-ru","7":"product_cat-turvatoolid-hallid-ru","8":"product_cat-lisatarvikud-ru-1","9":"product_cat-turvavarustus-ru","10":"pa_manufacturer-hauck-ru","12":"first","13":"onbackorder","14":"taxable","15":"shipping-taxable","16":"purchasable","17":"product-type-simple"},"exclude_global_add_ons":[],"addons":[],"acf":[],"yoast_head":"<!-- This site is optimized with the Yoast SEO plugin v27.1.1 - https:\/\/yoast.com\/product\/yoast-seo-wordpress\/ -->\n<title>Hauck universaalsed turvah\u00e4lli adapterid, Saturn R ja Apollo, \u0410\u0432\u0442\u043e\u043a\u0440\u0435\u0441\u043b\u0430, \u043b\u044e\u043b\u044c\u043a\u0438, \u0421\u043d\u0430\u0440\u044f\u0436\u0435\u043d\u0438\u044f \u0431\u0435\u0437\u043e\u043f\u0430\u0441\u043d\u043e\u0441\u0442\u0438, \u0410\u043a\u0441\u0435\u0441\u0441\u0443\u0430\u0440\u044b, Beebipood<\/title>\n<meta name=\"description\" content=\"Hauck universaalsed turvah\u00e4lli adapterid, Saturn R ja Apollo, Erinevate turvah&auml;llide kinnitamiseks Hauck Saturn R ja Apollo k&auml;rudele Univers\" \/>\n<meta name=\"robots\" content=\"index, follow, max-snippet:-1, max-image-preview:large, max-video-preview:-1\" \/>\n<link rel=\"canonical\" href=\"https:\/\/beebipood.ee\/ru\/produkt\/hauck-universaalsed-turvahalli-adapterid-saturn-r-ja-apollo\/\" \/>\n<meta property=\"og:locale\" content=\"ru_RU\" \/>\n<meta property=\"og:type\" content=\"article\" \/>\n<meta property=\"og:title\" content=\"Hauck universaalsed turvah\u00e4lli adapterid, Saturn R ja Apollo, \u0410\u0432\u0442\u043e\u043a\u0440\u0435\u0441\u043b\u0430, \u043b\u044e\u043b\u044c\u043a\u0438, \u0421\u043d\u0430\u0440\u044f\u0436\u0435\u043d\u0438\u044f \u0431\u0435\u0437\u043e\u043f\u0430\u0441\u043d\u043e\u0441\u0442\u0438, \u0410\u043a\u0441\u0435\u0441\u0441\u0443\u0430\u0440\u044b, Beebipood\" \/>\n<meta property=\"og:description\" content=\"Hauck universaalsed turvah\u00e4lli adapterid, Saturn R ja Apollo, Erinevate turvah&auml;llide kinnitamiseks Hauck Saturn R ja Apollo k&auml;rudele Univers\" \/>\n<meta property=\"og:url\" content=\"https:\/\/beebipood.ee\/ru\/produkt\/hauck-universaalsed-turvahalli-adapterid-saturn-r-ja-apollo\/\" \/>\n<meta property=\"og:site_name\" content=\"Beebipood\" \/>\n<meta property=\"article:modified_time\" content=\"2025-01-09T08:48:40+00:00\" \/>\n<meta property=\"og:image\" content=\"https:\/\/beebipood.ee\/wp-content\/uploads\/2019\/11\/Hauck-universaalsed-turvahalli-adapterid-Saturn-R-ja-Apollo-UUED-TOOTED-Turvatoolid-hallid-Turvavarustus-Lisatarvikud_1-34d.jpg\" \/>\n\t<meta property=\"og:image:width\" content=\"1280\" \/>\n\t<meta property=\"og:image:height\" content=\"1280\" \/>\n\t<meta property=\"og:image:type\" content=\"image\/jpeg\" \/>\n<meta name=\"twitter:card\" content=\"summary_large_image\" \/>\n<script type=\"application\/ld+json\" class=\"yoast-schema-graph\">{\"@context\":\"https:\/\/schema.org\",\"@graph\":[{\"@type\":\"WebPage\",\"@id\":\"https:\/\/beebipood.ee\/ru\/produkt\/hauck-universaalsed-turvahalli-adapterid-saturn-r-ja-apollo\/\",\"url\":\"https:\/\/beebipood.ee\/ru\/produkt\/hauck-universaalsed-turvahalli-adapterid-saturn-r-ja-apollo\/\",\"name\":\"Hauck universaalsed turvah\u00e4lli adapterid, Saturn R ja Apollo, \u0410\u0432\u0442\u043e\u043a\u0440\u0435\u0441\u043b\u0430, \u043b\u044e\u043b\u044c\u043a\u0438, \u0421\u043d\u0430\u0440\u044f\u0436\u0435\u043d\u0438\u044f \u0431\u0435\u0437\u043e\u043f\u0430\u0441\u043d\u043e\u0441\u0442\u0438, \u0410\u043a\u0441\u0435\u0441\u0441\u0443\u0430\u0440\u044b, Beebipood\",\"isPartOf\":{\"@id\":\"https:\/\/beebipood.ee\/ru\/#website\"},\"primaryImageOfPage\":{\"@id\":\"https:\/\/beebipood.ee\/ru\/produkt\/hauck-universaalsed-turvahalli-adapterid-saturn-r-ja-apollo\/#primaryimage\"},\"image\":{\"@id\":\"https:\/\/beebipood.ee\/ru\/produkt\/hauck-universaalsed-turvahalli-adapterid-saturn-r-ja-apollo\/#primaryimage\"},\"thumbnailUrl\":\"https:\/\/beebipood.ee\/wp-content\/uploads\/2019\/11\/Hauck-universaalsed-turvahalli-adapterid-Saturn-R-ja-Apollo-UUED-TOOTED-Turvatoolid-hallid-Turvavarustus-Lisatarvikud_1-34d.jpg\",\"datePublished\":\"2019-11-19T11:04:18+00:00\",\"dateModified\":\"2025-01-09T08:48:40+00:00\",\"description\":\"Hauck universaalsed turvah\u00e4lli adapterid, Saturn R ja Apollo, Erinevate turvah&auml;llide kinnitamiseks Hauck Saturn R ja Apollo k&auml;rudele Univers\",\"breadcrumb\":{\"@id\":\"https:\/\/beebipood.ee\/ru\/produkt\/hauck-universaalsed-turvahalli-adapterid-saturn-r-ja-apollo\/#breadcrumb\"},\"inLanguage\":\"ru-RU\",\"potentialAction\":[{\"@type\":\"ReadAction\",\"target\":[\"https:\/\/beebipood.ee\/ru\/produkt\/hauck-universaalsed-turvahalli-adapterid-saturn-r-ja-apollo\/\"]}]},{\"@type\":\"ImageObject\",\"inLanguage\":\"ru-RU\",\"@id\":\"https:\/\/beebipood.ee\/ru\/produkt\/hauck-universaalsed-turvahalli-adapterid-saturn-r-ja-apollo\/#primaryimage\",\"url\":\"https:\/\/beebipood.ee\/wp-content\/uploads\/2019\/11\/Hauck-universaalsed-turvahalli-adapterid-Saturn-R-ja-Apollo-UUED-TOOTED-Turvatoolid-hallid-Turvavarustus-Lisatarvikud_1-34d.jpg\",\"contentUrl\":\"https:\/\/beebipood.ee\/wp-content\/uploads\/2019\/11\/Hauck-universaalsed-turvahalli-adapterid-Saturn-R-ja-Apollo-UUED-TOOTED-Turvatoolid-hallid-Turvavarustus-Lisatarvikud_1-34d.jpg\",\"width\":1280,\"height\":1280},{\"@type\":\"BreadcrumbList\",\"@id\":\"https:\/\/beebipood.ee\/ru\/produkt\/hauck-universaalsed-turvahalli-adapterid-saturn-r-ja-apollo\/#breadcrumb\",\"itemListElement\":[{\"@type\":\"ListItem\",\"position\":1,\"name\":\"Home\",\"item\":\"https:\/\/beebipood.ee\/ru\/\"},{\"@type\":\"ListItem\",\"position\":2,\"name\":\"\u041a\u0430\u0442\u0430\u043b\u043e\u0433 \u0442\u043e\u0432\u0430\u0440\u043e\u0432\",\"item\":\"https:\/\/beebipood.ee\/tooted\/\"},{\"@type\":\"ListItem\",\"position\":3,\"name\":\"Hauck universaalsed turvah\u00e4lli adapterid, Saturn R ja Apollo\"}]},{\"@type\":\"WebSite\",\"@id\":\"https:\/\/beebipood.ee\/ru\/#website\",\"url\":\"https:\/\/beebipood.ee\/ru\/\",\"name\":\"Beebipood\",\"description\":\"Lastekaubad, beebikaubad, m\u00e4nguasjad\",\"publisher\":{\"@id\":\"https:\/\/beebipood.ee\/ru\/#organization\"},\"potentialAction\":[{\"@type\":\"SearchAction\",\"target\":{\"@type\":\"EntryPoint\",\"urlTemplate\":\"https:\/\/beebipood.ee\/ru\/?s={search_term_string}\"},\"query-input\":{\"@type\":\"PropertyValueSpecification\",\"valueRequired\":true,\"valueName\":\"search_term_string\"}}],\"inLanguage\":\"ru-RU\"},{\"@type\":\"Organization\",\"@id\":\"https:\/\/beebipood.ee\/ru\/#organization\",\"name\":\"Beebipood\",\"url\":\"https:\/\/beebipood.ee\/ru\/\",\"logo\":{\"@type\":\"ImageObject\",\"inLanguage\":\"ru-RU\",\"@id\":\"https:\/\/beebipood.ee\/ru\/#\/schema\/logo\/image\/\",\"url\":\"https:\/\/beebipood.ee\/wp-content\/uploads\/2025\/03\/beebipood.ee-logo-1.svg\",\"contentUrl\":\"https:\/\/beebipood.ee\/wp-content\/uploads\/2025\/03\/beebipood.ee-logo-1.svg\",\"caption\":\"Beebipood\"},\"image\":{\"@id\":\"https:\/\/beebipood.ee\/ru\/#\/schema\/logo\/image\/\"}}]}<\/script>\n<!-- \/ Yoast SEO plugin. -->","yoast_head_json":{"title":"Hauck universaalsed turvah\u00e4lli adapterid, Saturn R ja Apollo, \u0410\u0432\u0442\u043e\u043a\u0440\u0435\u0441\u043b\u0430, \u043b\u044e\u043b\u044c\u043a\u0438, \u0421\u043d\u0430\u0440\u044f\u0436\u0435\u043d\u0438\u044f \u0431\u0435\u0437\u043e\u043f\u0430\u0441\u043d\u043e\u0441\u0442\u0438, \u0410\u043a\u0441\u0435\u0441\u0441\u0443\u0430\u0440\u044b, Beebipood","description":"Hauck universaalsed turvah\u00e4lli adapterid, Saturn R ja Apollo, Erinevate turvah&auml;llide kinnitamiseks Hauck Saturn R ja Apollo k&auml;rudele Univers","robots":{"index":"index","follow":"follow","max-snippet":"max-snippet:-1","max-image-preview":"max-image-preview:large","max-video-preview":"max-video-preview:-1"},"canonical":"https:\/\/beebipood.ee\/ru\/produkt\/hauck-universaalsed-turvahalli-adapterid-saturn-r-ja-apollo\/","og_locale":"ru_RU","og_type":"article","og_title":"Hauck universaalsed turvah\u00e4lli adapterid, Saturn R ja Apollo, \u0410\u0432\u0442\u043e\u043a\u0440\u0435\u0441\u043b\u0430, \u043b\u044e\u043b\u044c\u043a\u0438, \u0421\u043d\u0430\u0440\u044f\u0436\u0435\u043d\u0438\u044f \u0431\u0435\u0437\u043e\u043f\u0430\u0441\u043d\u043e\u0441\u0442\u0438, \u0410\u043a\u0441\u0435\u0441\u0441\u0443\u0430\u0440\u044b, Beebipood","og_description":"Hauck universaalsed turvah\u00e4lli adapterid, Saturn R ja Apollo, Erinevate turvah&auml;llide kinnitamiseks Hauck Saturn R ja Apollo k&auml;rudele Univers","og_url":"https:\/\/beebipood.ee\/ru\/produkt\/hauck-universaalsed-turvahalli-adapterid-saturn-r-ja-apollo\/","og_site_name":"Beebipood","article_modified_time":"2025-01-09T08:48:40+00:00","og_image":[{"width":1280,"height":1280,"url":"https:\/\/beebipood.ee\/wp-content\/uploads\/2019\/11\/Hauck-universaalsed-turvahalli-adapterid-Saturn-R-ja-Apollo-UUED-TOOTED-Turvatoolid-hallid-Turvavarustus-Lisatarvikud_1-34d.jpg","type":"image\/jpeg"}],"twitter_card":"summary_large_image","schema":{"@context":"https:\/\/schema.org","@graph":[{"@type":"WebPage","@id":"https:\/\/beebipood.ee\/ru\/produkt\/hauck-universaalsed-turvahalli-adapterid-saturn-r-ja-apollo\/","url":"https:\/\/beebipood.ee\/ru\/produkt\/hauck-universaalsed-turvahalli-adapterid-saturn-r-ja-apollo\/","name":"Hauck universaalsed turvah\u00e4lli adapterid, Saturn R ja Apollo, \u0410\u0432\u0442\u043e\u043a\u0440\u0435\u0441\u043b\u0430, \u043b\u044e\u043b\u044c\u043a\u0438, \u0421\u043d\u0430\u0440\u044f\u0436\u0435\u043d\u0438\u044f \u0431\u0435\u0437\u043e\u043f\u0430\u0441\u043d\u043e\u0441\u0442\u0438, \u0410\u043a\u0441\u0435\u0441\u0441\u0443\u0430\u0440\u044b, Beebipood","isPartOf":{"@id":"https:\/\/beebipood.ee\/ru\/#website"},"primaryImageOfPage":{"@id":"https:\/\/beebipood.ee\/ru\/produkt\/hauck-universaalsed-turvahalli-adapterid-saturn-r-ja-apollo\/#primaryimage"},"image":{"@id":"https:\/\/beebipood.ee\/ru\/produkt\/hauck-universaalsed-turvahalli-adapterid-saturn-r-ja-apollo\/#primaryimage"},"thumbnailUrl":"https:\/\/beebipood.ee\/wp-content\/uploads\/2019\/11\/Hauck-universaalsed-turvahalli-adapterid-Saturn-R-ja-Apollo-UUED-TOOTED-Turvatoolid-hallid-Turvavarustus-Lisatarvikud_1-34d.jpg","datePublished":"2019-11-19T11:04:18+00:00","dateModified":"2025-01-09T08:48:40+00:00","description":"Hauck universaalsed turvah\u00e4lli adapterid, Saturn R ja Apollo, Erinevate turvah&auml;llide kinnitamiseks Hauck Saturn R ja Apollo k&auml;rudele Univers","breadcrumb":{"@id":"https:\/\/beebipood.ee\/ru\/produkt\/hauck-universaalsed-turvahalli-adapterid-saturn-r-ja-apollo\/#breadcrumb"},"inLanguage":"ru-RU","potentialAction":[{"@type":"ReadAction","target":["https:\/\/beebipood.ee\/ru\/produkt\/hauck-universaalsed-turvahalli-adapterid-saturn-r-ja-apollo\/"]}]},{"@type":"ImageObject","inLanguage":"ru-RU","@id":"https:\/\/beebipood.ee\/ru\/produkt\/hauck-universaalsed-turvahalli-adapterid-saturn-r-ja-apollo\/#primaryimage","url":"https:\/\/beebipood.ee\/wp-content\/uploads\/2019\/11\/Hauck-universaalsed-turvahalli-adapterid-Saturn-R-ja-Apollo-UUED-TOOTED-Turvatoolid-hallid-Turvavarustus-Lisatarvikud_1-34d.jpg","contentUrl":"https:\/\/beebipood.ee\/wp-content\/uploads\/2019\/11\/Hauck-universaalsed-turvahalli-adapterid-Saturn-R-ja-Apollo-UUED-TOOTED-Turvatoolid-hallid-Turvavarustus-Lisatarvikud_1-34d.jpg","width":1280,"height":1280},{"@type":"BreadcrumbList","@id":"https:\/\/beebipood.ee\/ru\/produkt\/hauck-universaalsed-turvahalli-adapterid-saturn-r-ja-apollo\/#breadcrumb","itemListElement":[{"@type":"ListItem","position":1,"name":"Home","item":"https:\/\/beebipood.ee\/ru\/"},{"@type":"ListItem","position":2,"name":"\u041a\u0430\u0442\u0430\u043b\u043e\u0433 \u0442\u043e\u0432\u0430\u0440\u043e\u0432","item":"https:\/\/beebipood.ee\/tooted\/"},{"@type":"ListItem","position":3,"name":"Hauck universaalsed turvah\u00e4lli adapterid, Saturn R ja Apollo"}]},{"@type":"WebSite","@id":"https:\/\/beebipood.ee\/ru\/#website","url":"https:\/\/beebipood.ee\/ru\/","name":"Beebipood","description":"Lastekaubad, beebikaubad, m\u00e4nguasjad","publisher":{"@id":"https:\/\/beebipood.ee\/ru\/#organization"},"potentialAction":[{"@type":"SearchAction","target":{"@type":"EntryPoint","urlTemplate":"https:\/\/beebipood.ee\/ru\/?s={search_term_string}"},"query-input":{"@type":"PropertyValueSpecification","valueRequired":true,"valueName":"search_term_string"}}],"inLanguage":"ru-RU"},{"@type":"Organization","@id":"https:\/\/beebipood.ee\/ru\/#organization","name":"Beebipood","url":"https:\/\/beebipood.ee\/ru\/","logo":{"@type":"ImageObject","inLanguage":"ru-RU","@id":"https:\/\/beebipood.ee\/ru\/#\/schema\/logo\/image\/","url":"https:\/\/beebipood.ee\/wp-content\/uploads\/2025\/03\/beebipood.ee-logo-1.svg","contentUrl":"https:\/\/beebipood.ee\/wp-content\/uploads\/2025\/03\/beebipood.ee-logo-1.svg","caption":"Beebipood"},"image":{"@id":"https:\/\/beebipood.ee\/ru\/#\/schema\/logo\/image\/"}}]}},"brands":[{"id":11952,"name":"Hauck","slug":"hauck-ru"}],"_links":{"self":[{"href":"https:\/\/beebipood.ee\/ru\/wp-json\/wp\/v2\/product\/458939","targetHints":{"allow":["GET"]}}],"collection":[{"href":"https:\/\/beebipood.ee\/ru\/wp-json\/wp\/v2\/product"}],"about":[{"href":"https:\/\/beebipood.ee\/ru\/wp-json\/wp\/v2\/types\/product"}],"wp:featuredmedia":[{"embeddable":true,"href":"https:\/\/beebipood.ee\/ru\/wp-json\/wp\/v2\/media\/131462"}],"wp:attachment":[{"href":"https:\/\/beebipood.ee\/ru\/wp-json\/wp\/v2\/media?parent=458939"}],"wp:term":[{"taxonomy":"pwb-brand","embeddable":true,"href":"https:\/\/beebipood.ee\/ru\/wp-json\/wp\/v2\/pwb-brand?post=458939"},{"taxonomy":"product_brand","embeddable":true,"href":"https:\/\/beebipood.ee\/ru\/wp-json\/wp\/v2\/product_brand?post=458939"},{"taxonomy":"product_cat","embeddable":true,"href":"https:\/\/beebipood.ee\/ru\/wp-json\/wp\/v2\/product_cat?post=458939"},{"taxonomy":"product_tag","embeddable":true,"href":"https:\/\/beebipood.ee\/ru\/wp-json\/wp\/v2\/product_tag?post=458939"}],"curies":[{"name":"wp","href":"https:\/\/api.w.org\/{rel}","templated":true}]}}