{"id":458943,"date":"2019-11-22T08:55:35","date_gmt":"2019-11-22T06:55:35","guid":{"rendered":"https:\/\/beebipood.ee\/toode\/laste-tugitool-nature-love-savanna\/"},"modified":"2025-01-09T10:48:40","modified_gmt":"2025-01-09T08:48:40","slug":"laste-tugitool-nature-love-savanna","status":"publish","type":"product","link":"https:\/\/beebipood.ee\/ru\/produkt\/laste-tugitool-nature-love-savanna\/","title":{"rendered":"Laste tugitool Nature &#038; Love Velvet, Graphite"},"content":{"rendered":"<p>Tugitool on valmistatud kvaliteetsest k\u00f5rge tihedusega pol\u00fcuretaanvahust, <br \/>puuduvad teravad nurgad ja k\u00f5vad elemendid.<br \/>Tugitool on praktiline ja kergesti hooldatav. <br \/>Kate on valmistatud m\u00f5nusast Minky kangast<br \/>Minky kangas ideaalne materjal tekkide ja laste m\u00e4nguasjade jaoks. <br \/>Kangas on erakordselt pehme ja meeldiv puudutada ning Minky kangas on masinpestav.<br \/>Libisemisvastane kiht p\u00f5hjas on tumedat v\u00e4rvi ja ei lase istmel liigselt liikuda <br \/>ning kaitseb istet m\u00e4\u00e4rdumast p\u00f5hja alt.<br \/>T\u00e4nu sisse\u00f5mmeldud t\u00f5mblukule saad katte eemaldada ja pesumasinas pesta.<br \/>Komplektis on v\u00e4ike tepitud istmepadi, mis annab tugitoolile lisa pehmust.<\/p>\n","protected":false},"excerpt":{"rendered":"<p>Tugitool on valmistatud kvaliteetsest k\u00f5rge tihedusega pol\u00fcuretaanvahust, puuduvad teravad nurgad ja k\u00f5vad elemendid.Tugitool on praktiline ja kergesti hooldatav. Kate on valmistatud m\u00f5nusast Minky kangastMinky kangas ideaalne materjal tekkide ja laste m\u00e4nguasjade jaoks. Kangas on erakordselt pehme ja meeldiv puudutada ning Minky kangas on masinpestav.Libisemisvastane kiht p\u00f5hjas on tumedat v\u00e4rvi ja ei lase istmel liigselt liikuda [&hellip;]<\/p>\n","protected":false},"featured_media":171901,"template":"","meta":{"_acf_changed":false},"pwb-brand":[11946],"product_brand":[],"product_cat":[11795,11573,11615,11617,11565,11789],"product_tag":[],"class_list":{"0":"post-458943","1":"product","2":"type-product","3":"status-publish","4":"has-post-thumbnail","6":"pwb-brand-klups-ru","7":"product_cat-ladu-tuhjaks-ru","8":"product_cat-sooduspakkumised-ru","9":"product_cat-lastele-ru","10":"product_cat-tugitoolid-ru","11":"product_cat-pehme-moobel-kott-toolid-tumbad-ru","12":"product_cat-lastemoobel-ja-sisustus-ru","13":"pa_manufacturer-klups-ru","15":"first","16":"instock","17":"sale","18":"taxable","19":"shipping-taxable","20":"purchasable","21":"product-type-simple"},"exclude_global_add_ons":[],"addons":[],"acf":[],"yoast_head":"<!-- This site is optimized with the Yoast SEO plugin v27.1.1 - https:\/\/yoast.com\/product\/yoast-seo-wordpress\/ -->\n<title>Laste tugitool Nature &amp; Love Velvet, Graphite, \u041c\u044f\u0433\u043a\u0430\u044f \u043c\u0435\u0431\u0435\u043b\u044c, \u043a\u0440\u0435\u0441\u043b\u043e-\u043c\u0435\u0448\u043e\u043a,\u0442\u0443\u043c\u0431\u044b, \u0414\u043b\u044f \u0434\u0435\u0442\u0435\u0439, \u041a\u0440\u0435\u0441\u043b\u0430, M\u0435\u0431\u0435\u043b\u044c, Beebipood<\/title>\n<meta name=\"description\" content=\"Laste tugitool Nature &amp; Love Velvet, Graphite, Tugitool on valmistatud kvaliteetsest k&otilde;rge tihedusega pol&uuml;uretaanvahust, puuduvad teravad n\" \/>\n<meta name=\"robots\" content=\"index, follow, max-snippet:-1, max-image-preview:large, max-video-preview:-1\" \/>\n<link rel=\"canonical\" href=\"https:\/\/beebipood.ee\/ru\/produkt\/laste-tugitool-nature-love-savanna\/\" \/>\n<meta property=\"og:locale\" content=\"ru_RU\" \/>\n<meta property=\"og:type\" content=\"article\" \/>\n<meta property=\"og:title\" content=\"Laste tugitool Nature &amp; Love Velvet, Graphite, \u041c\u044f\u0433\u043a\u0430\u044f \u043c\u0435\u0431\u0435\u043b\u044c, \u043a\u0440\u0435\u0441\u043b\u043e-\u043c\u0435\u0448\u043e\u043a,\u0442\u0443\u043c\u0431\u044b, \u0414\u043b\u044f \u0434\u0435\u0442\u0435\u0439, \u041a\u0440\u0435\u0441\u043b\u0430, M\u0435\u0431\u0435\u043b\u044c, Beebipood\" \/>\n<meta property=\"og:description\" content=\"Laste tugitool Nature &amp; Love Velvet, Graphite, Tugitool on valmistatud kvaliteetsest k&otilde;rge tihedusega pol&uuml;uretaanvahust, puuduvad teravad n\" \/>\n<meta property=\"og:url\" content=\"https:\/\/beebipood.ee\/ru\/produkt\/laste-tugitool-nature-love-savanna\/\" \/>\n<meta property=\"og:site_name\" content=\"Beebipood\" \/>\n<meta property=\"article:modified_time\" content=\"2025-01-09T08:48:40+00:00\" \/>\n<meta property=\"og:image\" content=\"https:\/\/beebipood.ee\/wp-content\/uploads\/2019\/11\/Laste-tugitool-Nature-Love-Velvet-Graphite-Pehme-moobel-kotttoolid-tumbad-Lastele-Tugitoolid-Lastemoobel-ja-sisustus_2-198.jpg\" \/>\n\t<meta property=\"og:image:width\" content=\"2000\" \/>\n\t<meta property=\"og:image:height\" content=\"2000\" \/>\n\t<meta property=\"og:image:type\" content=\"image\/jpeg\" \/>\n<meta name=\"twitter:card\" content=\"summary_large_image\" \/>\n<script type=\"application\/ld+json\" class=\"yoast-schema-graph\">{\"@context\":\"https:\/\/schema.org\",\"@graph\":[{\"@type\":\"WebPage\",\"@id\":\"https:\/\/beebipood.ee\/ru\/produkt\/laste-tugitool-nature-love-savanna\/\",\"url\":\"https:\/\/beebipood.ee\/ru\/produkt\/laste-tugitool-nature-love-savanna\/\",\"name\":\"Laste tugitool Nature & Love Velvet, Graphite, \u041c\u044f\u0433\u043a\u0430\u044f \u043c\u0435\u0431\u0435\u043b\u044c, \u043a\u0440\u0435\u0441\u043b\u043e-\u043c\u0435\u0448\u043e\u043a,\u0442\u0443\u043c\u0431\u044b, \u0414\u043b\u044f \u0434\u0435\u0442\u0435\u0439, \u041a\u0440\u0435\u0441\u043b\u0430, M\u0435\u0431\u0435\u043b\u044c, Beebipood\",\"isPartOf\":{\"@id\":\"https:\/\/beebipood.ee\/ru\/#website\"},\"primaryImageOfPage\":{\"@id\":\"https:\/\/beebipood.ee\/ru\/produkt\/laste-tugitool-nature-love-savanna\/#primaryimage\"},\"image\":{\"@id\":\"https:\/\/beebipood.ee\/ru\/produkt\/laste-tugitool-nature-love-savanna\/#primaryimage\"},\"thumbnailUrl\":\"https:\/\/beebipood.ee\/wp-content\/uploads\/2019\/11\/Laste-tugitool-Nature-Love-Velvet-Graphite-Pehme-moobel-kotttoolid-tumbad-Lastele-Tugitoolid-Lastemoobel-ja-sisustus_2-198.jpg\",\"datePublished\":\"2019-11-22T06:55:35+00:00\",\"dateModified\":\"2025-01-09T08:48:40+00:00\",\"description\":\"Laste tugitool Nature & Love Velvet, Graphite, Tugitool on valmistatud kvaliteetsest k&otilde;rge tihedusega pol&uuml;uretaanvahust, puuduvad teravad n\",\"breadcrumb\":{\"@id\":\"https:\/\/beebipood.ee\/ru\/produkt\/laste-tugitool-nature-love-savanna\/#breadcrumb\"},\"inLanguage\":\"ru-RU\",\"potentialAction\":[{\"@type\":\"ReadAction\",\"target\":[\"https:\/\/beebipood.ee\/ru\/produkt\/laste-tugitool-nature-love-savanna\/\"]}]},{\"@type\":\"ImageObject\",\"inLanguage\":\"ru-RU\",\"@id\":\"https:\/\/beebipood.ee\/ru\/produkt\/laste-tugitool-nature-love-savanna\/#primaryimage\",\"url\":\"https:\/\/beebipood.ee\/wp-content\/uploads\/2019\/11\/Laste-tugitool-Nature-Love-Velvet-Graphite-Pehme-moobel-kotttoolid-tumbad-Lastele-Tugitoolid-Lastemoobel-ja-sisustus_2-198.jpg\",\"contentUrl\":\"https:\/\/beebipood.ee\/wp-content\/uploads\/2019\/11\/Laste-tugitool-Nature-Love-Velvet-Graphite-Pehme-moobel-kotttoolid-tumbad-Lastele-Tugitoolid-Lastemoobel-ja-sisustus_2-198.jpg\",\"width\":2000,\"height\":2000},{\"@type\":\"BreadcrumbList\",\"@id\":\"https:\/\/beebipood.ee\/ru\/produkt\/laste-tugitool-nature-love-savanna\/#breadcrumb\",\"itemListElement\":[{\"@type\":\"ListItem\",\"position\":1,\"name\":\"Home\",\"item\":\"https:\/\/beebipood.ee\/ru\/\"},{\"@type\":\"ListItem\",\"position\":2,\"name\":\"\u041a\u0430\u0442\u0430\u043b\u043e\u0433 \u0442\u043e\u0432\u0430\u0440\u043e\u0432\",\"item\":\"https:\/\/beebipood.ee\/tooted\/\"},{\"@type\":\"ListItem\",\"position\":3,\"name\":\"Laste tugitool Nature &#038; Love Velvet, Graphite\"}]},{\"@type\":\"WebSite\",\"@id\":\"https:\/\/beebipood.ee\/ru\/#website\",\"url\":\"https:\/\/beebipood.ee\/ru\/\",\"name\":\"Beebipood\",\"description\":\"Lastekaubad, beebikaubad, m\u00e4nguasjad\",\"publisher\":{\"@id\":\"https:\/\/beebipood.ee\/ru\/#organization\"},\"potentialAction\":[{\"@type\":\"SearchAction\",\"target\":{\"@type\":\"EntryPoint\",\"urlTemplate\":\"https:\/\/beebipood.ee\/ru\/?s={search_term_string}\"},\"query-input\":{\"@type\":\"PropertyValueSpecification\",\"valueRequired\":true,\"valueName\":\"search_term_string\"}}],\"inLanguage\":\"ru-RU\"},{\"@type\":\"Organization\",\"@id\":\"https:\/\/beebipood.ee\/ru\/#organization\",\"name\":\"Beebipood\",\"url\":\"https:\/\/beebipood.ee\/ru\/\",\"logo\":{\"@type\":\"ImageObject\",\"inLanguage\":\"ru-RU\",\"@id\":\"https:\/\/beebipood.ee\/ru\/#\/schema\/logo\/image\/\",\"url\":\"https:\/\/beebipood.ee\/wp-content\/uploads\/2025\/03\/beebipood.ee-logo-1.svg\",\"contentUrl\":\"https:\/\/beebipood.ee\/wp-content\/uploads\/2025\/03\/beebipood.ee-logo-1.svg\",\"caption\":\"Beebipood\"},\"image\":{\"@id\":\"https:\/\/beebipood.ee\/ru\/#\/schema\/logo\/image\/\"}}]}<\/script>\n<!-- \/ Yoast SEO plugin. -->","yoast_head_json":{"title":"Laste tugitool Nature & Love Velvet, Graphite, \u041c\u044f\u0433\u043a\u0430\u044f \u043c\u0435\u0431\u0435\u043b\u044c, \u043a\u0440\u0435\u0441\u043b\u043e-\u043c\u0435\u0448\u043e\u043a,\u0442\u0443\u043c\u0431\u044b, \u0414\u043b\u044f \u0434\u0435\u0442\u0435\u0439, \u041a\u0440\u0435\u0441\u043b\u0430, M\u0435\u0431\u0435\u043b\u044c, Beebipood","description":"Laste tugitool Nature & Love Velvet, Graphite, Tugitool on valmistatud kvaliteetsest k&otilde;rge tihedusega pol&uuml;uretaanvahust, puuduvad teravad n","robots":{"index":"index","follow":"follow","max-snippet":"max-snippet:-1","max-image-preview":"max-image-preview:large","max-video-preview":"max-video-preview:-1"},"canonical":"https:\/\/beebipood.ee\/ru\/produkt\/laste-tugitool-nature-love-savanna\/","og_locale":"ru_RU","og_type":"article","og_title":"Laste tugitool Nature & Love Velvet, Graphite, \u041c\u044f\u0433\u043a\u0430\u044f \u043c\u0435\u0431\u0435\u043b\u044c, \u043a\u0440\u0435\u0441\u043b\u043e-\u043c\u0435\u0448\u043e\u043a,\u0442\u0443\u043c\u0431\u044b, \u0414\u043b\u044f \u0434\u0435\u0442\u0435\u0439, \u041a\u0440\u0435\u0441\u043b\u0430, M\u0435\u0431\u0435\u043b\u044c, Beebipood","og_description":"Laste tugitool Nature & Love Velvet, Graphite, Tugitool on valmistatud kvaliteetsest k&otilde;rge tihedusega pol&uuml;uretaanvahust, puuduvad teravad n","og_url":"https:\/\/beebipood.ee\/ru\/produkt\/laste-tugitool-nature-love-savanna\/","og_site_name":"Beebipood","article_modified_time":"2025-01-09T08:48:40+00:00","og_image":[{"width":2000,"height":2000,"url":"https:\/\/beebipood.ee\/wp-content\/uploads\/2019\/11\/Laste-tugitool-Nature-Love-Velvet-Graphite-Pehme-moobel-kotttoolid-tumbad-Lastele-Tugitoolid-Lastemoobel-ja-sisustus_2-198.jpg","type":"image\/jpeg"}],"twitter_card":"summary_large_image","schema":{"@context":"https:\/\/schema.org","@graph":[{"@type":"WebPage","@id":"https:\/\/beebipood.ee\/ru\/produkt\/laste-tugitool-nature-love-savanna\/","url":"https:\/\/beebipood.ee\/ru\/produkt\/laste-tugitool-nature-love-savanna\/","name":"Laste tugitool Nature & Love Velvet, Graphite, \u041c\u044f\u0433\u043a\u0430\u044f \u043c\u0435\u0431\u0435\u043b\u044c, \u043a\u0440\u0435\u0441\u043b\u043e-\u043c\u0435\u0448\u043e\u043a,\u0442\u0443\u043c\u0431\u044b, \u0414\u043b\u044f \u0434\u0435\u0442\u0435\u0439, \u041a\u0440\u0435\u0441\u043b\u0430, M\u0435\u0431\u0435\u043b\u044c, Beebipood","isPartOf":{"@id":"https:\/\/beebipood.ee\/ru\/#website"},"primaryImageOfPage":{"@id":"https:\/\/beebipood.ee\/ru\/produkt\/laste-tugitool-nature-love-savanna\/#primaryimage"},"image":{"@id":"https:\/\/beebipood.ee\/ru\/produkt\/laste-tugitool-nature-love-savanna\/#primaryimage"},"thumbnailUrl":"https:\/\/beebipood.ee\/wp-content\/uploads\/2019\/11\/Laste-tugitool-Nature-Love-Velvet-Graphite-Pehme-moobel-kotttoolid-tumbad-Lastele-Tugitoolid-Lastemoobel-ja-sisustus_2-198.jpg","datePublished":"2019-11-22T06:55:35+00:00","dateModified":"2025-01-09T08:48:40+00:00","description":"Laste tugitool Nature & Love Velvet, Graphite, Tugitool on valmistatud kvaliteetsest k&otilde;rge tihedusega pol&uuml;uretaanvahust, puuduvad teravad n","breadcrumb":{"@id":"https:\/\/beebipood.ee\/ru\/produkt\/laste-tugitool-nature-love-savanna\/#breadcrumb"},"inLanguage":"ru-RU","potentialAction":[{"@type":"ReadAction","target":["https:\/\/beebipood.ee\/ru\/produkt\/laste-tugitool-nature-love-savanna\/"]}]},{"@type":"ImageObject","inLanguage":"ru-RU","@id":"https:\/\/beebipood.ee\/ru\/produkt\/laste-tugitool-nature-love-savanna\/#primaryimage","url":"https:\/\/beebipood.ee\/wp-content\/uploads\/2019\/11\/Laste-tugitool-Nature-Love-Velvet-Graphite-Pehme-moobel-kotttoolid-tumbad-Lastele-Tugitoolid-Lastemoobel-ja-sisustus_2-198.jpg","contentUrl":"https:\/\/beebipood.ee\/wp-content\/uploads\/2019\/11\/Laste-tugitool-Nature-Love-Velvet-Graphite-Pehme-moobel-kotttoolid-tumbad-Lastele-Tugitoolid-Lastemoobel-ja-sisustus_2-198.jpg","width":2000,"height":2000},{"@type":"BreadcrumbList","@id":"https:\/\/beebipood.ee\/ru\/produkt\/laste-tugitool-nature-love-savanna\/#breadcrumb","itemListElement":[{"@type":"ListItem","position":1,"name":"Home","item":"https:\/\/beebipood.ee\/ru\/"},{"@type":"ListItem","position":2,"name":"\u041a\u0430\u0442\u0430\u043b\u043e\u0433 \u0442\u043e\u0432\u0430\u0440\u043e\u0432","item":"https:\/\/beebipood.ee\/tooted\/"},{"@type":"ListItem","position":3,"name":"Laste tugitool Nature &#038; Love Velvet, Graphite"}]},{"@type":"WebSite","@id":"https:\/\/beebipood.ee\/ru\/#website","url":"https:\/\/beebipood.ee\/ru\/","name":"Beebipood","description":"Lastekaubad, beebikaubad, m\u00e4nguasjad","publisher":{"@id":"https:\/\/beebipood.ee\/ru\/#organization"},"potentialAction":[{"@type":"SearchAction","target":{"@type":"EntryPoint","urlTemplate":"https:\/\/beebipood.ee\/ru\/?s={search_term_string}"},"query-input":{"@type":"PropertyValueSpecification","valueRequired":true,"valueName":"search_term_string"}}],"inLanguage":"ru-RU"},{"@type":"Organization","@id":"https:\/\/beebipood.ee\/ru\/#organization","name":"Beebipood","url":"https:\/\/beebipood.ee\/ru\/","logo":{"@type":"ImageObject","inLanguage":"ru-RU","@id":"https:\/\/beebipood.ee\/ru\/#\/schema\/logo\/image\/","url":"https:\/\/beebipood.ee\/wp-content\/uploads\/2025\/03\/beebipood.ee-logo-1.svg","contentUrl":"https:\/\/beebipood.ee\/wp-content\/uploads\/2025\/03\/beebipood.ee-logo-1.svg","caption":"Beebipood"},"image":{"@id":"https:\/\/beebipood.ee\/ru\/#\/schema\/logo\/image\/"}}]}},"brands":[{"id":11946,"name":"Klups","slug":"klups-ru"}],"_links":{"self":[{"href":"https:\/\/beebipood.ee\/ru\/wp-json\/wp\/v2\/product\/458943","targetHints":{"allow":["GET"]}}],"collection":[{"href":"https:\/\/beebipood.ee\/ru\/wp-json\/wp\/v2\/product"}],"about":[{"href":"https:\/\/beebipood.ee\/ru\/wp-json\/wp\/v2\/types\/product"}],"wp:featuredmedia":[{"embeddable":true,"href":"https:\/\/beebipood.ee\/ru\/wp-json\/wp\/v2\/media\/171901"}],"wp:attachment":[{"href":"https:\/\/beebipood.ee\/ru\/wp-json\/wp\/v2\/media?parent=458943"}],"wp:term":[{"taxonomy":"pwb-brand","embeddable":true,"href":"https:\/\/beebipood.ee\/ru\/wp-json\/wp\/v2\/pwb-brand?post=458943"},{"taxonomy":"product_brand","embeddable":true,"href":"https:\/\/beebipood.ee\/ru\/wp-json\/wp\/v2\/product_brand?post=458943"},{"taxonomy":"product_cat","embeddable":true,"href":"https:\/\/beebipood.ee\/ru\/wp-json\/wp\/v2\/product_cat?post=458943"},{"taxonomy":"product_tag","embeddable":true,"href":"https:\/\/beebipood.ee\/ru\/wp-json\/wp\/v2\/product_tag?post=458943"}],"curies":[{"name":"wp","href":"https:\/\/api.w.org\/{rel}","templated":true}]}}