{"id":458951,"date":"2019-11-27T09:00:32","date_gmt":"2019-11-27T07:00:32","guid":{"rendered":"https:\/\/beebipood.ee\/toode\/hauck-open-n-stop-turvavarav-21cm-pikendus-valge\/"},"modified":"2025-11-18T20:40:10","modified_gmt":"2025-11-18T18:40:10","slug":"hauck-open-n-stop-turvavarav-21cm-pikendus-valge","status":"publish","type":"product","link":"https:\/\/beebipood.ee\/ru\/produkt\/hauck-open-n-stop-turvavarav-21cm-pikendus-valge\/","title":{"rendered":"Hauck Open N Stop 2 turvav\u00e4rav + 21cm pikendus, white"},"content":{"rendered":"<p>Niipea, kui laps muutub liikuvaks on turvav\u00e4ravad treppidel<br \/>ja ukseavades h\u00e4davajalikud ning aitavad teie beebi hoida turvaliselt.<br \/>Turvav\u00e4rav on reguleeritav ning neid saab paigaldada<br \/>ja eemaldada ilma j\u00e4rgi j\u00e4tmata.<br \/>kvaliteetne ja kaasaegne metallist turvav\u00e4rav<br \/>sobib avale laiusega 75-101 cm<br \/>75 &#8212; 80 cm = v\u00e4rav (ilma pikenduseta)<br \/>96 &#8212; 101 cm = v\u00e4rav + 21 cm pikendus<br \/>v\u00e4ga lihtne kasutada<br \/>saab avada \u00fche k\u00e4ega<br \/>lihtne paigaldada, ei vaja puurimist ega kruvisid<br \/>v\u00f5imalik paigaldada ka eraldi Y-spindlitega \u00fcmarpostidele(ei ole komplektis)<br \/>topelt lukustusmehhanism<br \/>v\u00e4rav avaneb m\u00f5lemas suunas<br \/>21cm pikendus on komplektis<br \/>turvav\u00e4rav SGS-sertifitseeritud<\/p>\n","protected":false},"excerpt":{"rendered":"<p>Niipea, kui laps muutub liikuvaks on turvav\u00e4ravad treppidelja ukseavades h\u00e4davajalikud ning aitavad teie beebi hoida turvaliselt.Turvav\u00e4rav on reguleeritav ning neid saab paigaldadaja eemaldada ilma j\u00e4rgi j\u00e4tmata.kvaliteetne ja kaasaegne metallist turvav\u00e4ravsobib avale laiusega 75-101 cm75 &#8212; 80 cm = v\u00e4rav (ilma pikenduseta)96 &#8212; 101 cm = v\u00e4rav + 21 cm pikendusv\u00e4ga lihtne kasutadasaab avada \u00fche k\u00e4egalihtne [&hellip;]<\/p>\n","protected":false},"featured_media":171949,"template":"","meta":{"_acf_changed":false},"pwb-brand":[11952],"product_brand":[],"product_cat":[11703,11705,11791],"product_tag":[],"class_list":{"0":"post-458951","1":"product","2":"type-product","3":"status-publish","4":"has-post-thumbnail","6":"pwb-brand-hauck-ru","7":"product_cat-turvalisus-maneezid-turvavaravad-piirded-ru","8":"product_cat-turvavaravad-ru","9":"product_cat-turvavarustus-ru","10":"pa_manufacturer-hauck-ru","12":"first","13":"instock","14":"taxable","15":"shipping-taxable","16":"purchasable","17":"product-type-simple"},"exclude_global_add_ons":[],"addons":[],"acf":[],"yoast_head":"<!-- This site is optimized with the Yoast SEO plugin v27.1.1 - https:\/\/yoast.com\/product\/yoast-seo-wordpress\/ -->\n<title>Hauck Open N Stop 2 turvav\u00e4rav + 21cm pikendus, white, \u0411\u0435\u0437\u043e\u043f\u0430\u0441\u043d\u043e\u0441\u0442\u044c, \u0432\u043e\u0440\u043e\u0442\u0430 \u0431\u0435\u0437\u043e\u043f\u0430\u0441\u043d\u043e\u0441\u0442\u0438,\u043c\u0430\u043d\u0435\u0436\u0438, \u0412\u043e\u0440\u043e\u0442\u0430 \u0431\u0435\u0437\u043e\u043f\u0430\u0441\u043d\u043e\u0441\u0442\u0438, \u0421\u043d\u0430\u0440\u044f\u0436\u0435\u043d\u0438\u044f \u0431\u0435\u0437\u043e\u043f\u0430\u0441\u043d\u043e\u0441\u0442\u0438, Beebipood<\/title>\n<meta name=\"description\" content=\"Hauck Open N Stop 2 turvav\u00e4rav + 21cm pikendus, white, Niipea, kui laps muutub liikuvaks on turvav&auml;ravad treppidelja ukseavades h&auml;davajaliku\" \/>\n<meta name=\"robots\" content=\"index, follow, max-snippet:-1, max-image-preview:large, max-video-preview:-1\" \/>\n<link rel=\"canonical\" href=\"https:\/\/beebipood.ee\/ru\/produkt\/hauck-open-n-stop-turvavarav-21cm-pikendus-valge\/\" \/>\n<meta property=\"og:locale\" content=\"ru_RU\" \/>\n<meta property=\"og:type\" content=\"article\" \/>\n<meta property=\"og:title\" content=\"Hauck Open N Stop 2 turvav\u00e4rav + 21cm pikendus, white, \u0411\u0435\u0437\u043e\u043f\u0430\u0441\u043d\u043e\u0441\u0442\u044c, \u0432\u043e\u0440\u043e\u0442\u0430 \u0431\u0435\u0437\u043e\u043f\u0430\u0441\u043d\u043e\u0441\u0442\u0438,\u043c\u0430\u043d\u0435\u0436\u0438, \u0412\u043e\u0440\u043e\u0442\u0430 \u0431\u0435\u0437\u043e\u043f\u0430\u0441\u043d\u043e\u0441\u0442\u0438, \u0421\u043d\u0430\u0440\u044f\u0436\u0435\u043d\u0438\u044f \u0431\u0435\u0437\u043e\u043f\u0430\u0441\u043d\u043e\u0441\u0442\u0438, Beebipood\" \/>\n<meta property=\"og:description\" content=\"Hauck Open N Stop 2 turvav\u00e4rav + 21cm pikendus, white, Niipea, kui laps muutub liikuvaks on turvav&auml;ravad treppidelja ukseavades h&auml;davajaliku\" \/>\n<meta property=\"og:url\" content=\"https:\/\/beebipood.ee\/ru\/produkt\/hauck-open-n-stop-turvavarav-21cm-pikendus-valge\/\" \/>\n<meta property=\"og:site_name\" content=\"Beebipood\" \/>\n<meta property=\"article:modified_time\" content=\"2025-11-18T18:40:10+00:00\" \/>\n<meta property=\"og:image\" content=\"https:\/\/beebipood.ee\/wp-content\/uploads\/2019\/11\/Hauck-Open-N-Stop-2-turvavarav-21cm-pikendus-white-Turvalisus-maneeid-turvavaravad-piirded-Turvavaravad-Turvavarustus_4-616.jpg\" \/>\n\t<meta property=\"og:image:width\" content=\"1500\" \/>\n\t<meta property=\"og:image:height\" content=\"1500\" \/>\n\t<meta property=\"og:image:type\" content=\"image\/jpeg\" \/>\n<meta name=\"twitter:card\" content=\"summary_large_image\" \/>\n<script type=\"application\/ld+json\" class=\"yoast-schema-graph\">{\"@context\":\"https:\/\/schema.org\",\"@graph\":[{\"@type\":\"WebPage\",\"@id\":\"https:\/\/beebipood.ee\/ru\/produkt\/hauck-open-n-stop-turvavarav-21cm-pikendus-valge\/\",\"url\":\"https:\/\/beebipood.ee\/ru\/produkt\/hauck-open-n-stop-turvavarav-21cm-pikendus-valge\/\",\"name\":\"Hauck Open N Stop 2 turvav\u00e4rav + 21cm pikendus, white, \u0411\u0435\u0437\u043e\u043f\u0430\u0441\u043d\u043e\u0441\u0442\u044c, \u0432\u043e\u0440\u043e\u0442\u0430 \u0431\u0435\u0437\u043e\u043f\u0430\u0441\u043d\u043e\u0441\u0442\u0438,\u043c\u0430\u043d\u0435\u0436\u0438, \u0412\u043e\u0440\u043e\u0442\u0430 \u0431\u0435\u0437\u043e\u043f\u0430\u0441\u043d\u043e\u0441\u0442\u0438, \u0421\u043d\u0430\u0440\u044f\u0436\u0435\u043d\u0438\u044f \u0431\u0435\u0437\u043e\u043f\u0430\u0441\u043d\u043e\u0441\u0442\u0438, Beebipood\",\"isPartOf\":{\"@id\":\"https:\/\/beebipood.ee\/ru\/#website\"},\"primaryImageOfPage\":{\"@id\":\"https:\/\/beebipood.ee\/ru\/produkt\/hauck-open-n-stop-turvavarav-21cm-pikendus-valge\/#primaryimage\"},\"image\":{\"@id\":\"https:\/\/beebipood.ee\/ru\/produkt\/hauck-open-n-stop-turvavarav-21cm-pikendus-valge\/#primaryimage\"},\"thumbnailUrl\":\"https:\/\/beebipood.ee\/wp-content\/uploads\/2019\/11\/Hauck-Open-N-Stop-2-turvavarav-21cm-pikendus-white-Turvalisus-maneeid-turvavaravad-piirded-Turvavaravad-Turvavarustus_4-616.jpg\",\"datePublished\":\"2019-11-27T07:00:32+00:00\",\"dateModified\":\"2025-11-18T18:40:10+00:00\",\"description\":\"Hauck Open N Stop 2 turvav\u00e4rav + 21cm pikendus, white, Niipea, kui laps muutub liikuvaks on turvav&auml;ravad treppidelja ukseavades h&auml;davajaliku\",\"breadcrumb\":{\"@id\":\"https:\/\/beebipood.ee\/ru\/produkt\/hauck-open-n-stop-turvavarav-21cm-pikendus-valge\/#breadcrumb\"},\"inLanguage\":\"ru-RU\",\"potentialAction\":[{\"@type\":\"ReadAction\",\"target\":[\"https:\/\/beebipood.ee\/ru\/produkt\/hauck-open-n-stop-turvavarav-21cm-pikendus-valge\/\"]}]},{\"@type\":\"ImageObject\",\"inLanguage\":\"ru-RU\",\"@id\":\"https:\/\/beebipood.ee\/ru\/produkt\/hauck-open-n-stop-turvavarav-21cm-pikendus-valge\/#primaryimage\",\"url\":\"https:\/\/beebipood.ee\/wp-content\/uploads\/2019\/11\/Hauck-Open-N-Stop-2-turvavarav-21cm-pikendus-white-Turvalisus-maneeid-turvavaravad-piirded-Turvavaravad-Turvavarustus_4-616.jpg\",\"contentUrl\":\"https:\/\/beebipood.ee\/wp-content\/uploads\/2019\/11\/Hauck-Open-N-Stop-2-turvavarav-21cm-pikendus-white-Turvalisus-maneeid-turvavaravad-piirded-Turvavaravad-Turvavarustus_4-616.jpg\",\"width\":1500,\"height\":1500},{\"@type\":\"BreadcrumbList\",\"@id\":\"https:\/\/beebipood.ee\/ru\/produkt\/hauck-open-n-stop-turvavarav-21cm-pikendus-valge\/#breadcrumb\",\"itemListElement\":[{\"@type\":\"ListItem\",\"position\":1,\"name\":\"Home\",\"item\":\"https:\/\/beebipood.ee\/ru\/\"},{\"@type\":\"ListItem\",\"position\":2,\"name\":\"\u041a\u0430\u0442\u0430\u043b\u043e\u0433 \u0442\u043e\u0432\u0430\u0440\u043e\u0432\",\"item\":\"https:\/\/beebipood.ee\/tooted\/\"},{\"@type\":\"ListItem\",\"position\":3,\"name\":\"Hauck Open N Stop 2 turvav\u00e4rav + 21cm pikendus, white\"}]},{\"@type\":\"WebSite\",\"@id\":\"https:\/\/beebipood.ee\/ru\/#website\",\"url\":\"https:\/\/beebipood.ee\/ru\/\",\"name\":\"Beebipood\",\"description\":\"Lastekaubad, beebikaubad, m\u00e4nguasjad\",\"publisher\":{\"@id\":\"https:\/\/beebipood.ee\/ru\/#organization\"},\"potentialAction\":[{\"@type\":\"SearchAction\",\"target\":{\"@type\":\"EntryPoint\",\"urlTemplate\":\"https:\/\/beebipood.ee\/ru\/?s={search_term_string}\"},\"query-input\":{\"@type\":\"PropertyValueSpecification\",\"valueRequired\":true,\"valueName\":\"search_term_string\"}}],\"inLanguage\":\"ru-RU\"},{\"@type\":\"Organization\",\"@id\":\"https:\/\/beebipood.ee\/ru\/#organization\",\"name\":\"Beebipood\",\"url\":\"https:\/\/beebipood.ee\/ru\/\",\"logo\":{\"@type\":\"ImageObject\",\"inLanguage\":\"ru-RU\",\"@id\":\"https:\/\/beebipood.ee\/ru\/#\/schema\/logo\/image\/\",\"url\":\"https:\/\/beebipood.ee\/wp-content\/uploads\/2025\/03\/beebipood.ee-logo-1.svg\",\"contentUrl\":\"https:\/\/beebipood.ee\/wp-content\/uploads\/2025\/03\/beebipood.ee-logo-1.svg\",\"caption\":\"Beebipood\"},\"image\":{\"@id\":\"https:\/\/beebipood.ee\/ru\/#\/schema\/logo\/image\/\"}}]}<\/script>\n<!-- \/ Yoast SEO plugin. -->","yoast_head_json":{"title":"Hauck Open N Stop 2 turvav\u00e4rav + 21cm pikendus, white, \u0411\u0435\u0437\u043e\u043f\u0430\u0441\u043d\u043e\u0441\u0442\u044c, \u0432\u043e\u0440\u043e\u0442\u0430 \u0431\u0435\u0437\u043e\u043f\u0430\u0441\u043d\u043e\u0441\u0442\u0438,\u043c\u0430\u043d\u0435\u0436\u0438, \u0412\u043e\u0440\u043e\u0442\u0430 \u0431\u0435\u0437\u043e\u043f\u0430\u0441\u043d\u043e\u0441\u0442\u0438, \u0421\u043d\u0430\u0440\u044f\u0436\u0435\u043d\u0438\u044f \u0431\u0435\u0437\u043e\u043f\u0430\u0441\u043d\u043e\u0441\u0442\u0438, Beebipood","description":"Hauck Open N Stop 2 turvav\u00e4rav + 21cm pikendus, white, Niipea, kui laps muutub liikuvaks on turvav&auml;ravad treppidelja ukseavades h&auml;davajaliku","robots":{"index":"index","follow":"follow","max-snippet":"max-snippet:-1","max-image-preview":"max-image-preview:large","max-video-preview":"max-video-preview:-1"},"canonical":"https:\/\/beebipood.ee\/ru\/produkt\/hauck-open-n-stop-turvavarav-21cm-pikendus-valge\/","og_locale":"ru_RU","og_type":"article","og_title":"Hauck Open N Stop 2 turvav\u00e4rav + 21cm pikendus, white, \u0411\u0435\u0437\u043e\u043f\u0430\u0441\u043d\u043e\u0441\u0442\u044c, \u0432\u043e\u0440\u043e\u0442\u0430 \u0431\u0435\u0437\u043e\u043f\u0430\u0441\u043d\u043e\u0441\u0442\u0438,\u043c\u0430\u043d\u0435\u0436\u0438, \u0412\u043e\u0440\u043e\u0442\u0430 \u0431\u0435\u0437\u043e\u043f\u0430\u0441\u043d\u043e\u0441\u0442\u0438, \u0421\u043d\u0430\u0440\u044f\u0436\u0435\u043d\u0438\u044f \u0431\u0435\u0437\u043e\u043f\u0430\u0441\u043d\u043e\u0441\u0442\u0438, Beebipood","og_description":"Hauck Open N Stop 2 turvav\u00e4rav + 21cm pikendus, white, Niipea, kui laps muutub liikuvaks on turvav&auml;ravad treppidelja ukseavades h&auml;davajaliku","og_url":"https:\/\/beebipood.ee\/ru\/produkt\/hauck-open-n-stop-turvavarav-21cm-pikendus-valge\/","og_site_name":"Beebipood","article_modified_time":"2025-11-18T18:40:10+00:00","og_image":[{"width":1500,"height":1500,"url":"https:\/\/beebipood.ee\/wp-content\/uploads\/2019\/11\/Hauck-Open-N-Stop-2-turvavarav-21cm-pikendus-white-Turvalisus-maneeid-turvavaravad-piirded-Turvavaravad-Turvavarustus_4-616.jpg","type":"image\/jpeg"}],"twitter_card":"summary_large_image","schema":{"@context":"https:\/\/schema.org","@graph":[{"@type":"WebPage","@id":"https:\/\/beebipood.ee\/ru\/produkt\/hauck-open-n-stop-turvavarav-21cm-pikendus-valge\/","url":"https:\/\/beebipood.ee\/ru\/produkt\/hauck-open-n-stop-turvavarav-21cm-pikendus-valge\/","name":"Hauck Open N Stop 2 turvav\u00e4rav + 21cm pikendus, white, \u0411\u0435\u0437\u043e\u043f\u0430\u0441\u043d\u043e\u0441\u0442\u044c, \u0432\u043e\u0440\u043e\u0442\u0430 \u0431\u0435\u0437\u043e\u043f\u0430\u0441\u043d\u043e\u0441\u0442\u0438,\u043c\u0430\u043d\u0435\u0436\u0438, \u0412\u043e\u0440\u043e\u0442\u0430 \u0431\u0435\u0437\u043e\u043f\u0430\u0441\u043d\u043e\u0441\u0442\u0438, \u0421\u043d\u0430\u0440\u044f\u0436\u0435\u043d\u0438\u044f \u0431\u0435\u0437\u043e\u043f\u0430\u0441\u043d\u043e\u0441\u0442\u0438, Beebipood","isPartOf":{"@id":"https:\/\/beebipood.ee\/ru\/#website"},"primaryImageOfPage":{"@id":"https:\/\/beebipood.ee\/ru\/produkt\/hauck-open-n-stop-turvavarav-21cm-pikendus-valge\/#primaryimage"},"image":{"@id":"https:\/\/beebipood.ee\/ru\/produkt\/hauck-open-n-stop-turvavarav-21cm-pikendus-valge\/#primaryimage"},"thumbnailUrl":"https:\/\/beebipood.ee\/wp-content\/uploads\/2019\/11\/Hauck-Open-N-Stop-2-turvavarav-21cm-pikendus-white-Turvalisus-maneeid-turvavaravad-piirded-Turvavaravad-Turvavarustus_4-616.jpg","datePublished":"2019-11-27T07:00:32+00:00","dateModified":"2025-11-18T18:40:10+00:00","description":"Hauck Open N Stop 2 turvav\u00e4rav + 21cm pikendus, white, Niipea, kui laps muutub liikuvaks on turvav&auml;ravad treppidelja ukseavades h&auml;davajaliku","breadcrumb":{"@id":"https:\/\/beebipood.ee\/ru\/produkt\/hauck-open-n-stop-turvavarav-21cm-pikendus-valge\/#breadcrumb"},"inLanguage":"ru-RU","potentialAction":[{"@type":"ReadAction","target":["https:\/\/beebipood.ee\/ru\/produkt\/hauck-open-n-stop-turvavarav-21cm-pikendus-valge\/"]}]},{"@type":"ImageObject","inLanguage":"ru-RU","@id":"https:\/\/beebipood.ee\/ru\/produkt\/hauck-open-n-stop-turvavarav-21cm-pikendus-valge\/#primaryimage","url":"https:\/\/beebipood.ee\/wp-content\/uploads\/2019\/11\/Hauck-Open-N-Stop-2-turvavarav-21cm-pikendus-white-Turvalisus-maneeid-turvavaravad-piirded-Turvavaravad-Turvavarustus_4-616.jpg","contentUrl":"https:\/\/beebipood.ee\/wp-content\/uploads\/2019\/11\/Hauck-Open-N-Stop-2-turvavarav-21cm-pikendus-white-Turvalisus-maneeid-turvavaravad-piirded-Turvavaravad-Turvavarustus_4-616.jpg","width":1500,"height":1500},{"@type":"BreadcrumbList","@id":"https:\/\/beebipood.ee\/ru\/produkt\/hauck-open-n-stop-turvavarav-21cm-pikendus-valge\/#breadcrumb","itemListElement":[{"@type":"ListItem","position":1,"name":"Home","item":"https:\/\/beebipood.ee\/ru\/"},{"@type":"ListItem","position":2,"name":"\u041a\u0430\u0442\u0430\u043b\u043e\u0433 \u0442\u043e\u0432\u0430\u0440\u043e\u0432","item":"https:\/\/beebipood.ee\/tooted\/"},{"@type":"ListItem","position":3,"name":"Hauck Open N Stop 2 turvav\u00e4rav + 21cm pikendus, white"}]},{"@type":"WebSite","@id":"https:\/\/beebipood.ee\/ru\/#website","url":"https:\/\/beebipood.ee\/ru\/","name":"Beebipood","description":"Lastekaubad, beebikaubad, m\u00e4nguasjad","publisher":{"@id":"https:\/\/beebipood.ee\/ru\/#organization"},"potentialAction":[{"@type":"SearchAction","target":{"@type":"EntryPoint","urlTemplate":"https:\/\/beebipood.ee\/ru\/?s={search_term_string}"},"query-input":{"@type":"PropertyValueSpecification","valueRequired":true,"valueName":"search_term_string"}}],"inLanguage":"ru-RU"},{"@type":"Organization","@id":"https:\/\/beebipood.ee\/ru\/#organization","name":"Beebipood","url":"https:\/\/beebipood.ee\/ru\/","logo":{"@type":"ImageObject","inLanguage":"ru-RU","@id":"https:\/\/beebipood.ee\/ru\/#\/schema\/logo\/image\/","url":"https:\/\/beebipood.ee\/wp-content\/uploads\/2025\/03\/beebipood.ee-logo-1.svg","contentUrl":"https:\/\/beebipood.ee\/wp-content\/uploads\/2025\/03\/beebipood.ee-logo-1.svg","caption":"Beebipood"},"image":{"@id":"https:\/\/beebipood.ee\/ru\/#\/schema\/logo\/image\/"}}]}},"brands":[{"id":11952,"name":"Hauck","slug":"hauck-ru"}],"_links":{"self":[{"href":"https:\/\/beebipood.ee\/ru\/wp-json\/wp\/v2\/product\/458951","targetHints":{"allow":["GET"]}}],"collection":[{"href":"https:\/\/beebipood.ee\/ru\/wp-json\/wp\/v2\/product"}],"about":[{"href":"https:\/\/beebipood.ee\/ru\/wp-json\/wp\/v2\/types\/product"}],"wp:featuredmedia":[{"embeddable":true,"href":"https:\/\/beebipood.ee\/ru\/wp-json\/wp\/v2\/media\/171949"}],"wp:attachment":[{"href":"https:\/\/beebipood.ee\/ru\/wp-json\/wp\/v2\/media?parent=458951"}],"wp:term":[{"taxonomy":"pwb-brand","embeddable":true,"href":"https:\/\/beebipood.ee\/ru\/wp-json\/wp\/v2\/pwb-brand?post=458951"},{"taxonomy":"product_brand","embeddable":true,"href":"https:\/\/beebipood.ee\/ru\/wp-json\/wp\/v2\/product_brand?post=458951"},{"taxonomy":"product_cat","embeddable":true,"href":"https:\/\/beebipood.ee\/ru\/wp-json\/wp\/v2\/product_cat?post=458951"},{"taxonomy":"product_tag","embeddable":true,"href":"https:\/\/beebipood.ee\/ru\/wp-json\/wp\/v2\/product_tag?post=458951"}],"curies":[{"name":"wp","href":"https:\/\/api.w.org\/{rel}","templated":true}]}}