{"id":458953,"date":"2019-11-27T09:11:04","date_gmt":"2019-11-27T07:11:04","guid":{"rendered":"https:\/\/beebipood.ee\/toode\/hauck-alpha-select-turvarihmadega-soogitool-charcoal\/"},"modified":"2025-03-04T11:06:46","modified_gmt":"2025-03-04T09:06:46","slug":"hauck-alpha-select-turvarihmadega-soogitool-charcoal","status":"publish","type":"product","link":"https:\/\/beebipood.ee\/ru\/produkt\/hauck-alpha-select-turvarihmadega-soogitool-charcoal\/","title":{"rendered":"Hauck Alpha+ s\u00f6\u00f6gitool, Dark Grey"},"content":{"rendered":"<p>ALPHA + Select<br \/>Premium viimistlusega kvaliteetsest puidust valmistatud s\u00f6\u00f6gitool.<br \/>Sobib ideaalselt kaasaegse sisustusega<br \/>ALPHA + Selecti saab kasutada alates 6 kuust<br \/>Kasvab koos lapsega t\u00e4nu reguleeritavale istmeplaadile ja jalgade toele.<br \/>Lisaks pakub praktilist istekohta ka kuni 90 kg kaaluvatele t\u00e4iskasvanutele.<br \/>komplektis 5 punkti turvarihm, nahast jalgevaheline rihm, turvakaar<br \/>m\u00f5\u00f5dud: 56 x 48 x 77 cm<br \/>kaal 7,25 kg<\/p>\n","protected":false},"excerpt":{"rendered":"<p>ALPHA + SelectPremium viimistlusega kvaliteetsest puidust valmistatud s\u00f6\u00f6gitool.Sobib ideaalselt kaasaegse sisustusegaALPHA + Selecti saab kasutada alates 6 kuustKasvab koos lapsega t\u00e4nu reguleeritavale istmeplaadile ja jalgade toele.Lisaks pakub praktilist istekohta ka kuni 90 kg kaaluvatele t\u00e4iskasvanutele.komplektis 5 punkti turvarihm, nahast jalgevaheline rihm, turvakaarm\u00f5\u00f5dud: 56 x 48 x 77 cmkaal 7,25 kg<\/p>\n","protected":false},"featured_media":131498,"template":"","meta":{"_acf_changed":false},"pwb-brand":[11952],"product_brand":[],"product_cat":[11645,11709],"product_tag":[],"class_list":{"0":"post-458953","1":"product","2":"type-product","3":"status-publish","4":"has-post-thumbnail","6":"pwb-brand-hauck-ru","7":"product_cat-sootmistoolid-ru","8":"product_cat-sootmistoolid-beebi-ja-lastetarbed-mahkimine-hugieen-ru","9":"pa_manufacturer-hauck-ru","11":"first","12":"outofstock","13":"taxable","14":"shipping-taxable","15":"purchasable","16":"product-type-simple"},"exclude_global_add_ons":[],"addons":[],"acf":[],"yoast_head":"<!-- This site is optimized with the Yoast SEO plugin v27.1.1 - https:\/\/yoast.com\/product\/yoast-seo-wordpress\/ -->\n<title>Hauck Alpha+ s\u00f6\u00f6gitool, Dark Grey, \u0421\u041a\u0418\u0414\u041a\u0418, \u0421\u0442\u0443\u043b\u044c\u0447\u0438\u043a\u0438 \u0434\u043b\u044f \u043a\u043e\u0440\u043c\u043b\u0435\u043d\u0438\u044f, \u041f\u0440\u0438\u043d\u0430\u0434\u043b\u0435\u0436\u043d\u043e\u0441\u0442\u0438 \u0434\u043b\u044f \u043c\u043b\u0430\u0434\u0435\u043d\u0446\u0435\u0432, Beebipood<\/title>\n<meta name=\"description\" content=\"Hauck Alpha+ s\u00f6\u00f6gitool, Dark Grey, ALPHA + SelectPremium viimistlusega kvaliteetsest puidust valmistatud s&ouml;&ouml;gitool.Sobib ideaalselt k\" \/>\n<meta name=\"robots\" content=\"index, follow, max-snippet:-1, max-image-preview:large, max-video-preview:-1\" \/>\n<link rel=\"canonical\" href=\"https:\/\/beebipood.ee\/ru\/produkt\/hauck-alpha-select-turvarihmadega-soogitool-charcoal\/\" \/>\n<meta property=\"og:locale\" content=\"ru_RU\" \/>\n<meta property=\"og:type\" content=\"article\" \/>\n<meta property=\"og:title\" content=\"Hauck Alpha+ s\u00f6\u00f6gitool, Dark Grey, \u0421\u041a\u0418\u0414\u041a\u0418, \u0421\u0442\u0443\u043b\u044c\u0447\u0438\u043a\u0438 \u0434\u043b\u044f \u043a\u043e\u0440\u043c\u043b\u0435\u043d\u0438\u044f, \u041f\u0440\u0438\u043d\u0430\u0434\u043b\u0435\u0436\u043d\u043e\u0441\u0442\u0438 \u0434\u043b\u044f \u043c\u043b\u0430\u0434\u0435\u043d\u0446\u0435\u0432, Beebipood\" \/>\n<meta property=\"og:description\" content=\"Hauck Alpha+ s\u00f6\u00f6gitool, Dark Grey, ALPHA + SelectPremium viimistlusega kvaliteetsest puidust valmistatud s&ouml;&ouml;gitool.Sobib ideaalselt k\" \/>\n<meta property=\"og:url\" content=\"https:\/\/beebipood.ee\/ru\/produkt\/hauck-alpha-select-turvarihmadega-soogitool-charcoal\/\" \/>\n<meta property=\"og:site_name\" content=\"Beebipood\" \/>\n<meta property=\"article:modified_time\" content=\"2025-03-04T09:06:46+00:00\" \/>\n<meta property=\"og:image\" content=\"https:\/\/beebipood.ee\/wp-content\/uploads\/2019\/11\/Hauck-Alpha-Select-turvarihmadega-soogitool-Charcoal-Sootmistoolid-Beebi-ja-lastetarbed-Lastemoobel-ja-sisustus_1-aef.jpg\" \/>\n\t<meta property=\"og:image:width\" content=\"1500\" \/>\n\t<meta property=\"og:image:height\" content=\"1500\" \/>\n\t<meta property=\"og:image:type\" content=\"image\/jpeg\" \/>\n<meta name=\"twitter:card\" content=\"summary_large_image\" \/>\n<script type=\"application\/ld+json\" class=\"yoast-schema-graph\">{\"@context\":\"https:\/\/schema.org\",\"@graph\":[{\"@type\":\"WebPage\",\"@id\":\"https:\/\/beebipood.ee\/ru\/produkt\/hauck-alpha-select-turvarihmadega-soogitool-charcoal\/\",\"url\":\"https:\/\/beebipood.ee\/ru\/produkt\/hauck-alpha-select-turvarihmadega-soogitool-charcoal\/\",\"name\":\"Hauck Alpha+ s\u00f6\u00f6gitool, Dark Grey, \u0421\u041a\u0418\u0414\u041a\u0418, \u0421\u0442\u0443\u043b\u044c\u0447\u0438\u043a\u0438 \u0434\u043b\u044f \u043a\u043e\u0440\u043c\u043b\u0435\u043d\u0438\u044f, \u041f\u0440\u0438\u043d\u0430\u0434\u043b\u0435\u0436\u043d\u043e\u0441\u0442\u0438 \u0434\u043b\u044f \u043c\u043b\u0430\u0434\u0435\u043d\u0446\u0435\u0432, Beebipood\",\"isPartOf\":{\"@id\":\"https:\/\/beebipood.ee\/ru\/#website\"},\"primaryImageOfPage\":{\"@id\":\"https:\/\/beebipood.ee\/ru\/produkt\/hauck-alpha-select-turvarihmadega-soogitool-charcoal\/#primaryimage\"},\"image\":{\"@id\":\"https:\/\/beebipood.ee\/ru\/produkt\/hauck-alpha-select-turvarihmadega-soogitool-charcoal\/#primaryimage\"},\"thumbnailUrl\":\"https:\/\/beebipood.ee\/wp-content\/uploads\/2019\/11\/Hauck-Alpha-Select-turvarihmadega-soogitool-Charcoal-Sootmistoolid-Beebi-ja-lastetarbed-Lastemoobel-ja-sisustus_1-aef.jpg\",\"datePublished\":\"2019-11-27T07:11:04+00:00\",\"dateModified\":\"2025-03-04T09:06:46+00:00\",\"description\":\"Hauck Alpha+ s\u00f6\u00f6gitool, Dark Grey, ALPHA + SelectPremium viimistlusega kvaliteetsest puidust valmistatud s&ouml;&ouml;gitool.Sobib ideaalselt k\",\"breadcrumb\":{\"@id\":\"https:\/\/beebipood.ee\/ru\/produkt\/hauck-alpha-select-turvarihmadega-soogitool-charcoal\/#breadcrumb\"},\"inLanguage\":\"ru-RU\",\"potentialAction\":[{\"@type\":\"ReadAction\",\"target\":[\"https:\/\/beebipood.ee\/ru\/produkt\/hauck-alpha-select-turvarihmadega-soogitool-charcoal\/\"]}]},{\"@type\":\"ImageObject\",\"inLanguage\":\"ru-RU\",\"@id\":\"https:\/\/beebipood.ee\/ru\/produkt\/hauck-alpha-select-turvarihmadega-soogitool-charcoal\/#primaryimage\",\"url\":\"https:\/\/beebipood.ee\/wp-content\/uploads\/2019\/11\/Hauck-Alpha-Select-turvarihmadega-soogitool-Charcoal-Sootmistoolid-Beebi-ja-lastetarbed-Lastemoobel-ja-sisustus_1-aef.jpg\",\"contentUrl\":\"https:\/\/beebipood.ee\/wp-content\/uploads\/2019\/11\/Hauck-Alpha-Select-turvarihmadega-soogitool-Charcoal-Sootmistoolid-Beebi-ja-lastetarbed-Lastemoobel-ja-sisustus_1-aef.jpg\",\"width\":1500,\"height\":1500},{\"@type\":\"BreadcrumbList\",\"@id\":\"https:\/\/beebipood.ee\/ru\/produkt\/hauck-alpha-select-turvarihmadega-soogitool-charcoal\/#breadcrumb\",\"itemListElement\":[{\"@type\":\"ListItem\",\"position\":1,\"name\":\"Home\",\"item\":\"https:\/\/beebipood.ee\/ru\/\"},{\"@type\":\"ListItem\",\"position\":2,\"name\":\"\u041a\u0430\u0442\u0430\u043b\u043e\u0433 \u0442\u043e\u0432\u0430\u0440\u043e\u0432\",\"item\":\"https:\/\/beebipood.ee\/tooted\/\"},{\"@type\":\"ListItem\",\"position\":3,\"name\":\"Hauck Alpha+ s\u00f6\u00f6gitool, Dark Grey\"}]},{\"@type\":\"WebSite\",\"@id\":\"https:\/\/beebipood.ee\/ru\/#website\",\"url\":\"https:\/\/beebipood.ee\/ru\/\",\"name\":\"Beebipood\",\"description\":\"Lastekaubad, beebikaubad, m\u00e4nguasjad\",\"publisher\":{\"@id\":\"https:\/\/beebipood.ee\/ru\/#organization\"},\"potentialAction\":[{\"@type\":\"SearchAction\",\"target\":{\"@type\":\"EntryPoint\",\"urlTemplate\":\"https:\/\/beebipood.ee\/ru\/?s={search_term_string}\"},\"query-input\":{\"@type\":\"PropertyValueSpecification\",\"valueRequired\":true,\"valueName\":\"search_term_string\"}}],\"inLanguage\":\"ru-RU\"},{\"@type\":\"Organization\",\"@id\":\"https:\/\/beebipood.ee\/ru\/#organization\",\"name\":\"Beebipood\",\"url\":\"https:\/\/beebipood.ee\/ru\/\",\"logo\":{\"@type\":\"ImageObject\",\"inLanguage\":\"ru-RU\",\"@id\":\"https:\/\/beebipood.ee\/ru\/#\/schema\/logo\/image\/\",\"url\":\"https:\/\/beebipood.ee\/wp-content\/uploads\/2025\/03\/beebipood.ee-logo-1.svg\",\"contentUrl\":\"https:\/\/beebipood.ee\/wp-content\/uploads\/2025\/03\/beebipood.ee-logo-1.svg\",\"caption\":\"Beebipood\"},\"image\":{\"@id\":\"https:\/\/beebipood.ee\/ru\/#\/schema\/logo\/image\/\"}}]}<\/script>\n<!-- \/ Yoast SEO plugin. -->","yoast_head_json":{"title":"Hauck Alpha+ s\u00f6\u00f6gitool, Dark Grey, \u0421\u041a\u0418\u0414\u041a\u0418, \u0421\u0442\u0443\u043b\u044c\u0447\u0438\u043a\u0438 \u0434\u043b\u044f \u043a\u043e\u0440\u043c\u043b\u0435\u043d\u0438\u044f, \u041f\u0440\u0438\u043d\u0430\u0434\u043b\u0435\u0436\u043d\u043e\u0441\u0442\u0438 \u0434\u043b\u044f \u043c\u043b\u0430\u0434\u0435\u043d\u0446\u0435\u0432, Beebipood","description":"Hauck Alpha+ s\u00f6\u00f6gitool, Dark Grey, ALPHA + SelectPremium viimistlusega kvaliteetsest puidust valmistatud s&ouml;&ouml;gitool.Sobib ideaalselt k","robots":{"index":"index","follow":"follow","max-snippet":"max-snippet:-1","max-image-preview":"max-image-preview:large","max-video-preview":"max-video-preview:-1"},"canonical":"https:\/\/beebipood.ee\/ru\/produkt\/hauck-alpha-select-turvarihmadega-soogitool-charcoal\/","og_locale":"ru_RU","og_type":"article","og_title":"Hauck Alpha+ s\u00f6\u00f6gitool, Dark Grey, \u0421\u041a\u0418\u0414\u041a\u0418, \u0421\u0442\u0443\u043b\u044c\u0447\u0438\u043a\u0438 \u0434\u043b\u044f \u043a\u043e\u0440\u043c\u043b\u0435\u043d\u0438\u044f, \u041f\u0440\u0438\u043d\u0430\u0434\u043b\u0435\u0436\u043d\u043e\u0441\u0442\u0438 \u0434\u043b\u044f \u043c\u043b\u0430\u0434\u0435\u043d\u0446\u0435\u0432, Beebipood","og_description":"Hauck Alpha+ s\u00f6\u00f6gitool, Dark Grey, ALPHA + SelectPremium viimistlusega kvaliteetsest puidust valmistatud s&ouml;&ouml;gitool.Sobib ideaalselt k","og_url":"https:\/\/beebipood.ee\/ru\/produkt\/hauck-alpha-select-turvarihmadega-soogitool-charcoal\/","og_site_name":"Beebipood","article_modified_time":"2025-03-04T09:06:46+00:00","og_image":[{"width":1500,"height":1500,"url":"https:\/\/beebipood.ee\/wp-content\/uploads\/2019\/11\/Hauck-Alpha-Select-turvarihmadega-soogitool-Charcoal-Sootmistoolid-Beebi-ja-lastetarbed-Lastemoobel-ja-sisustus_1-aef.jpg","type":"image\/jpeg"}],"twitter_card":"summary_large_image","schema":{"@context":"https:\/\/schema.org","@graph":[{"@type":"WebPage","@id":"https:\/\/beebipood.ee\/ru\/produkt\/hauck-alpha-select-turvarihmadega-soogitool-charcoal\/","url":"https:\/\/beebipood.ee\/ru\/produkt\/hauck-alpha-select-turvarihmadega-soogitool-charcoal\/","name":"Hauck Alpha+ s\u00f6\u00f6gitool, Dark Grey, \u0421\u041a\u0418\u0414\u041a\u0418, \u0421\u0442\u0443\u043b\u044c\u0447\u0438\u043a\u0438 \u0434\u043b\u044f \u043a\u043e\u0440\u043c\u043b\u0435\u043d\u0438\u044f, \u041f\u0440\u0438\u043d\u0430\u0434\u043b\u0435\u0436\u043d\u043e\u0441\u0442\u0438 \u0434\u043b\u044f \u043c\u043b\u0430\u0434\u0435\u043d\u0446\u0435\u0432, Beebipood","isPartOf":{"@id":"https:\/\/beebipood.ee\/ru\/#website"},"primaryImageOfPage":{"@id":"https:\/\/beebipood.ee\/ru\/produkt\/hauck-alpha-select-turvarihmadega-soogitool-charcoal\/#primaryimage"},"image":{"@id":"https:\/\/beebipood.ee\/ru\/produkt\/hauck-alpha-select-turvarihmadega-soogitool-charcoal\/#primaryimage"},"thumbnailUrl":"https:\/\/beebipood.ee\/wp-content\/uploads\/2019\/11\/Hauck-Alpha-Select-turvarihmadega-soogitool-Charcoal-Sootmistoolid-Beebi-ja-lastetarbed-Lastemoobel-ja-sisustus_1-aef.jpg","datePublished":"2019-11-27T07:11:04+00:00","dateModified":"2025-03-04T09:06:46+00:00","description":"Hauck Alpha+ s\u00f6\u00f6gitool, Dark Grey, ALPHA + SelectPremium viimistlusega kvaliteetsest puidust valmistatud s&ouml;&ouml;gitool.Sobib ideaalselt k","breadcrumb":{"@id":"https:\/\/beebipood.ee\/ru\/produkt\/hauck-alpha-select-turvarihmadega-soogitool-charcoal\/#breadcrumb"},"inLanguage":"ru-RU","potentialAction":[{"@type":"ReadAction","target":["https:\/\/beebipood.ee\/ru\/produkt\/hauck-alpha-select-turvarihmadega-soogitool-charcoal\/"]}]},{"@type":"ImageObject","inLanguage":"ru-RU","@id":"https:\/\/beebipood.ee\/ru\/produkt\/hauck-alpha-select-turvarihmadega-soogitool-charcoal\/#primaryimage","url":"https:\/\/beebipood.ee\/wp-content\/uploads\/2019\/11\/Hauck-Alpha-Select-turvarihmadega-soogitool-Charcoal-Sootmistoolid-Beebi-ja-lastetarbed-Lastemoobel-ja-sisustus_1-aef.jpg","contentUrl":"https:\/\/beebipood.ee\/wp-content\/uploads\/2019\/11\/Hauck-Alpha-Select-turvarihmadega-soogitool-Charcoal-Sootmistoolid-Beebi-ja-lastetarbed-Lastemoobel-ja-sisustus_1-aef.jpg","width":1500,"height":1500},{"@type":"BreadcrumbList","@id":"https:\/\/beebipood.ee\/ru\/produkt\/hauck-alpha-select-turvarihmadega-soogitool-charcoal\/#breadcrumb","itemListElement":[{"@type":"ListItem","position":1,"name":"Home","item":"https:\/\/beebipood.ee\/ru\/"},{"@type":"ListItem","position":2,"name":"\u041a\u0430\u0442\u0430\u043b\u043e\u0433 \u0442\u043e\u0432\u0430\u0440\u043e\u0432","item":"https:\/\/beebipood.ee\/tooted\/"},{"@type":"ListItem","position":3,"name":"Hauck Alpha+ s\u00f6\u00f6gitool, Dark Grey"}]},{"@type":"WebSite","@id":"https:\/\/beebipood.ee\/ru\/#website","url":"https:\/\/beebipood.ee\/ru\/","name":"Beebipood","description":"Lastekaubad, beebikaubad, m\u00e4nguasjad","publisher":{"@id":"https:\/\/beebipood.ee\/ru\/#organization"},"potentialAction":[{"@type":"SearchAction","target":{"@type":"EntryPoint","urlTemplate":"https:\/\/beebipood.ee\/ru\/?s={search_term_string}"},"query-input":{"@type":"PropertyValueSpecification","valueRequired":true,"valueName":"search_term_string"}}],"inLanguage":"ru-RU"},{"@type":"Organization","@id":"https:\/\/beebipood.ee\/ru\/#organization","name":"Beebipood","url":"https:\/\/beebipood.ee\/ru\/","logo":{"@type":"ImageObject","inLanguage":"ru-RU","@id":"https:\/\/beebipood.ee\/ru\/#\/schema\/logo\/image\/","url":"https:\/\/beebipood.ee\/wp-content\/uploads\/2025\/03\/beebipood.ee-logo-1.svg","contentUrl":"https:\/\/beebipood.ee\/wp-content\/uploads\/2025\/03\/beebipood.ee-logo-1.svg","caption":"Beebipood"},"image":{"@id":"https:\/\/beebipood.ee\/ru\/#\/schema\/logo\/image\/"}}]}},"brands":[{"id":11952,"name":"Hauck","slug":"hauck-ru"}],"_links":{"self":[{"href":"https:\/\/beebipood.ee\/ru\/wp-json\/wp\/v2\/product\/458953","targetHints":{"allow":["GET"]}}],"collection":[{"href":"https:\/\/beebipood.ee\/ru\/wp-json\/wp\/v2\/product"}],"about":[{"href":"https:\/\/beebipood.ee\/ru\/wp-json\/wp\/v2\/types\/product"}],"wp:featuredmedia":[{"embeddable":true,"href":"https:\/\/beebipood.ee\/ru\/wp-json\/wp\/v2\/media\/131498"}],"wp:attachment":[{"href":"https:\/\/beebipood.ee\/ru\/wp-json\/wp\/v2\/media?parent=458953"}],"wp:term":[{"taxonomy":"pwb-brand","embeddable":true,"href":"https:\/\/beebipood.ee\/ru\/wp-json\/wp\/v2\/pwb-brand?post=458953"},{"taxonomy":"product_brand","embeddable":true,"href":"https:\/\/beebipood.ee\/ru\/wp-json\/wp\/v2\/product_brand?post=458953"},{"taxonomy":"product_cat","embeddable":true,"href":"https:\/\/beebipood.ee\/ru\/wp-json\/wp\/v2\/product_cat?post=458953"},{"taxonomy":"product_tag","embeddable":true,"href":"https:\/\/beebipood.ee\/ru\/wp-json\/wp\/v2\/product_tag?post=458953"}],"curies":[{"name":"wp","href":"https:\/\/api.w.org\/{rel}","templated":true}]}}