{"id":458957,"date":"2019-12-14T10:39:05","date_gmt":"2019-12-14T08:39:05","guid":{"rendered":"https:\/\/beebipood.ee\/toode\/lastevoodi-julia-80x160-valge\/"},"modified":"2025-03-04T11:07:08","modified_gmt":"2025-03-04T09:07:08","slug":"lastevoodi-julia-80x160-valge","status":"publish","type":"product","link":"https:\/\/beebipood.ee\/ru\/produkt\/lastevoodi-julia-80x160-valge\/","title":{"rendered":"Lastevoodi Julia 80&#215;160, valge"},"content":{"rendered":"<p>Julia on armas, minimalistlik kuid samas elegantne lastevoodi.<br \/>Sobib iga v\u00e4ikese printsessi tuppa.<br \/>kaasaegset disaini ja viimistluse k\u00f5rget kvaliteeti.<br \/>valmistatud MDF m\u00f6\u00f6bliplaadist ja m\u00e4nnipuidust<br \/>m\u00f5eldes lapse ohutusele on voodi k\u00f5ik servad \u00fcmardatud<br \/>kvaliteetne ja vastupidav, lihtne kokku panna, kergesti puhastatav<br \/>saab seadistada vasaku v\u00f5i parema poolseks<br \/>komplekti kuulub: voodi, voodip\u00f5hi,\u00a0turvapiirded,<br \/> poroloonmadrats m\u00f5\u00f5dus 80&#215;160 cm\u00a0ja\u00a0ratestel voodikast<br \/>viimistluses on kasutatud \u00f6koloogiliselt puhtaid ja ohutuid v\u00e4rve<br \/>Padjad ei kuulu komplekti<br \/>Kandev\u00f5ime kuni 100kg<\/p>\n","protected":false},"excerpt":{"rendered":"<p>Julia on armas, minimalistlik kuid samas elegantne lastevoodi.Sobib iga v\u00e4ikese printsessi tuppa.kaasaegset disaini ja viimistluse k\u00f5rget kvaliteeti.valmistatud MDF m\u00f6\u00f6bliplaadist ja m\u00e4nnipuidustm\u00f5eldes lapse ohutusele on voodi k\u00f5ik servad \u00fcmardatudkvaliteetne ja vastupidav, lihtne kokku panna, kergesti puhastatavsaab seadistada vasaku v\u00f5i parema poolsekskomplekti kuulub: voodi, voodip\u00f5hi,\u00a0turvapiirded, poroloonmadrats m\u00f5\u00f5dus 80&#215;160 cm\u00a0ja\u00a0ratestel voodikastviimistluses on kasutatud \u00f6koloogiliselt puhtaid ja ohutuid v\u00e4rvePadjad [&hellip;]<\/p>\n","protected":false},"featured_media":500596,"template":"","meta":{"_acf_changed":false},"pwb-brand":[],"product_brand":[],"product_cat":[11573,11589,11559,11789],"product_tag":[],"class_list":{"0":"post-458957","1":"product","2":"type-product","3":"status-publish","4":"has-post-thumbnail","6":"product_cat-sooduspakkumised-ru","7":"product_cat-80cm-laiused-ru","8":"product_cat-laste-ja-noortevoodid-ru","9":"product_cat-lastemoobel-ja-sisustus-ru","11":"first","12":"onbackorder","13":"sale","14":"taxable","15":"shipping-taxable","16":"purchasable","17":"product-type-simple"},"exclude_global_add_ons":[],"addons":[],"acf":[],"yoast_head":"<!-- This site is optimized with the Yoast SEO plugin v27.1.1 - https:\/\/yoast.com\/product\/yoast-seo-wordpress\/ -->\n<title>Lastevoodi Julia 80x160, valge, \u041a\u0440\u043e\u0432\u0430\u0442\u0438 \u0434\u043b\u044f \u0434\u0435\u0442\u0435\u0439 \u0438 \u043f\u043e\u0434\u0440\u043e\u0441\u0442\u043a\u043e\u0432, \u0421\u041a\u0418\u0414\u041a\u0418, \u041d\u041e\u0412\u042b\u0415 \u0422\u041e\u0412\u0410\u0420\u042b, \u0428\u0438\u0440\u0438\u043d\u0430 80c\u043c, M\u0435\u0431\u0435\u043b\u044c, Beebipood<\/title>\n<meta name=\"description\" content=\"Lastevoodi Julia 80x160, valge, Julia on armas, minimalistlik kuid samas elegantne lastevoodi.Sobib iga v&auml;ikese printsessi tuppa.kaasaegset\" \/>\n<meta name=\"robots\" content=\"index, follow, max-snippet:-1, max-image-preview:large, max-video-preview:-1\" \/>\n<link rel=\"canonical\" href=\"https:\/\/beebipood.ee\/ru\/produkt\/lastevoodi-julia-80x160-valge\/\" \/>\n<meta property=\"og:locale\" content=\"ru_RU\" \/>\n<meta property=\"og:type\" content=\"article\" \/>\n<meta property=\"og:title\" content=\"Lastevoodi Julia 80x160, valge, \u041a\u0440\u043e\u0432\u0430\u0442\u0438 \u0434\u043b\u044f \u0434\u0435\u0442\u0435\u0439 \u0438 \u043f\u043e\u0434\u0440\u043e\u0441\u0442\u043a\u043e\u0432, \u0421\u041a\u0418\u0414\u041a\u0418, \u041d\u041e\u0412\u042b\u0415 \u0422\u041e\u0412\u0410\u0420\u042b, \u0428\u0438\u0440\u0438\u043d\u0430 80c\u043c, M\u0435\u0431\u0435\u043b\u044c, Beebipood\" \/>\n<meta property=\"og:description\" content=\"Lastevoodi Julia 80x160, valge, Julia on armas, minimalistlik kuid samas elegantne lastevoodi.Sobib iga v&auml;ikese printsessi tuppa.kaasaegset\" \/>\n<meta property=\"og:url\" content=\"https:\/\/beebipood.ee\/ru\/produkt\/lastevoodi-julia-80x160-valge\/\" \/>\n<meta property=\"og:site_name\" content=\"Beebipood\" \/>\n<meta property=\"article:modified_time\" content=\"2025-03-04T09:07:08+00:00\" \/>\n<meta property=\"og:image\" content=\"https:\/\/beebipood.ee\/wp-content\/uploads\/2019\/12\/lastevoodi-julia-80x160-valge-laste-ja-noortevoodid-80cm-laiused-lastemoobel-ja-sisustus_12-16e-scaled.jpg\" \/>\n\t<meta property=\"og:image:width\" content=\"2560\" \/>\n\t<meta property=\"og:image:height\" content=\"1705\" \/>\n\t<meta property=\"og:image:type\" content=\"image\/jpeg\" \/>\n<meta name=\"twitter:card\" content=\"summary_large_image\" \/>\n<script type=\"application\/ld+json\" class=\"yoast-schema-graph\">{\"@context\":\"https:\/\/schema.org\",\"@graph\":[{\"@type\":\"WebPage\",\"@id\":\"https:\/\/beebipood.ee\/ru\/produkt\/lastevoodi-julia-80x160-valge\/\",\"url\":\"https:\/\/beebipood.ee\/ru\/produkt\/lastevoodi-julia-80x160-valge\/\",\"name\":\"Lastevoodi Julia 80x160, valge, \u041a\u0440\u043e\u0432\u0430\u0442\u0438 \u0434\u043b\u044f \u0434\u0435\u0442\u0435\u0439 \u0438 \u043f\u043e\u0434\u0440\u043e\u0441\u0442\u043a\u043e\u0432, \u0421\u041a\u0418\u0414\u041a\u0418, \u041d\u041e\u0412\u042b\u0415 \u0422\u041e\u0412\u0410\u0420\u042b, \u0428\u0438\u0440\u0438\u043d\u0430 80c\u043c, M\u0435\u0431\u0435\u043b\u044c, Beebipood\",\"isPartOf\":{\"@id\":\"https:\/\/beebipood.ee\/ru\/#website\"},\"primaryImageOfPage\":{\"@id\":\"https:\/\/beebipood.ee\/ru\/produkt\/lastevoodi-julia-80x160-valge\/#primaryimage\"},\"image\":{\"@id\":\"https:\/\/beebipood.ee\/ru\/produkt\/lastevoodi-julia-80x160-valge\/#primaryimage\"},\"thumbnailUrl\":\"https:\/\/beebipood.ee\/wp-content\/uploads\/2019\/12\/lastevoodi-julia-80x160-valge-laste-ja-noortevoodid-80cm-laiused-lastemoobel-ja-sisustus_12-16e-scaled.jpg\",\"datePublished\":\"2019-12-14T08:39:05+00:00\",\"dateModified\":\"2025-03-04T09:07:08+00:00\",\"description\":\"Lastevoodi Julia 80x160, valge, Julia on armas, minimalistlik kuid samas elegantne lastevoodi.Sobib iga v&auml;ikese printsessi tuppa.kaasaegset\",\"breadcrumb\":{\"@id\":\"https:\/\/beebipood.ee\/ru\/produkt\/lastevoodi-julia-80x160-valge\/#breadcrumb\"},\"inLanguage\":\"ru-RU\",\"potentialAction\":[{\"@type\":\"ReadAction\",\"target\":[\"https:\/\/beebipood.ee\/ru\/produkt\/lastevoodi-julia-80x160-valge\/\"]}]},{\"@type\":\"ImageObject\",\"inLanguage\":\"ru-RU\",\"@id\":\"https:\/\/beebipood.ee\/ru\/produkt\/lastevoodi-julia-80x160-valge\/#primaryimage\",\"url\":\"https:\/\/beebipood.ee\/wp-content\/uploads\/2019\/12\/lastevoodi-julia-80x160-valge-laste-ja-noortevoodid-80cm-laiused-lastemoobel-ja-sisustus_12-16e-scaled.jpg\",\"contentUrl\":\"https:\/\/beebipood.ee\/wp-content\/uploads\/2019\/12\/lastevoodi-julia-80x160-valge-laste-ja-noortevoodid-80cm-laiused-lastemoobel-ja-sisustus_12-16e-scaled.jpg\",\"width\":2560,\"height\":1705},{\"@type\":\"BreadcrumbList\",\"@id\":\"https:\/\/beebipood.ee\/ru\/produkt\/lastevoodi-julia-80x160-valge\/#breadcrumb\",\"itemListElement\":[{\"@type\":\"ListItem\",\"position\":1,\"name\":\"Home\",\"item\":\"https:\/\/beebipood.ee\/ru\/\"},{\"@type\":\"ListItem\",\"position\":2,\"name\":\"\u041a\u0430\u0442\u0430\u043b\u043e\u0433 \u0442\u043e\u0432\u0430\u0440\u043e\u0432\",\"item\":\"https:\/\/beebipood.ee\/tooted\/\"},{\"@type\":\"ListItem\",\"position\":3,\"name\":\"Lastevoodi Julia 80&#215;160, valge\"}]},{\"@type\":\"WebSite\",\"@id\":\"https:\/\/beebipood.ee\/ru\/#website\",\"url\":\"https:\/\/beebipood.ee\/ru\/\",\"name\":\"Beebipood\",\"description\":\"Lastekaubad, beebikaubad, m\u00e4nguasjad\",\"publisher\":{\"@id\":\"https:\/\/beebipood.ee\/ru\/#organization\"},\"potentialAction\":[{\"@type\":\"SearchAction\",\"target\":{\"@type\":\"EntryPoint\",\"urlTemplate\":\"https:\/\/beebipood.ee\/ru\/?s={search_term_string}\"},\"query-input\":{\"@type\":\"PropertyValueSpecification\",\"valueRequired\":true,\"valueName\":\"search_term_string\"}}],\"inLanguage\":\"ru-RU\"},{\"@type\":\"Organization\",\"@id\":\"https:\/\/beebipood.ee\/ru\/#organization\",\"name\":\"Beebipood\",\"url\":\"https:\/\/beebipood.ee\/ru\/\",\"logo\":{\"@type\":\"ImageObject\",\"inLanguage\":\"ru-RU\",\"@id\":\"https:\/\/beebipood.ee\/ru\/#\/schema\/logo\/image\/\",\"url\":\"https:\/\/beebipood.ee\/wp-content\/uploads\/2025\/03\/beebipood.ee-logo-1.svg\",\"contentUrl\":\"https:\/\/beebipood.ee\/wp-content\/uploads\/2025\/03\/beebipood.ee-logo-1.svg\",\"caption\":\"Beebipood\"},\"image\":{\"@id\":\"https:\/\/beebipood.ee\/ru\/#\/schema\/logo\/image\/\"}}]}<\/script>\n<!-- \/ Yoast SEO plugin. -->","yoast_head_json":{"title":"Lastevoodi Julia 80x160, valge, \u041a\u0440\u043e\u0432\u0430\u0442\u0438 \u0434\u043b\u044f \u0434\u0435\u0442\u0435\u0439 \u0438 \u043f\u043e\u0434\u0440\u043e\u0441\u0442\u043a\u043e\u0432, \u0421\u041a\u0418\u0414\u041a\u0418, \u041d\u041e\u0412\u042b\u0415 \u0422\u041e\u0412\u0410\u0420\u042b, \u0428\u0438\u0440\u0438\u043d\u0430 80c\u043c, M\u0435\u0431\u0435\u043b\u044c, Beebipood","description":"Lastevoodi Julia 80x160, valge, Julia on armas, minimalistlik kuid samas elegantne lastevoodi.Sobib iga v&auml;ikese printsessi tuppa.kaasaegset","robots":{"index":"index","follow":"follow","max-snippet":"max-snippet:-1","max-image-preview":"max-image-preview:large","max-video-preview":"max-video-preview:-1"},"canonical":"https:\/\/beebipood.ee\/ru\/produkt\/lastevoodi-julia-80x160-valge\/","og_locale":"ru_RU","og_type":"article","og_title":"Lastevoodi Julia 80x160, valge, \u041a\u0440\u043e\u0432\u0430\u0442\u0438 \u0434\u043b\u044f \u0434\u0435\u0442\u0435\u0439 \u0438 \u043f\u043e\u0434\u0440\u043e\u0441\u0442\u043a\u043e\u0432, \u0421\u041a\u0418\u0414\u041a\u0418, \u041d\u041e\u0412\u042b\u0415 \u0422\u041e\u0412\u0410\u0420\u042b, \u0428\u0438\u0440\u0438\u043d\u0430 80c\u043c, M\u0435\u0431\u0435\u043b\u044c, Beebipood","og_description":"Lastevoodi Julia 80x160, valge, Julia on armas, minimalistlik kuid samas elegantne lastevoodi.Sobib iga v&auml;ikese printsessi tuppa.kaasaegset","og_url":"https:\/\/beebipood.ee\/ru\/produkt\/lastevoodi-julia-80x160-valge\/","og_site_name":"Beebipood","article_modified_time":"2025-03-04T09:07:08+00:00","og_image":[{"width":2560,"height":1705,"url":"https:\/\/beebipood.ee\/wp-content\/uploads\/2019\/12\/lastevoodi-julia-80x160-valge-laste-ja-noortevoodid-80cm-laiused-lastemoobel-ja-sisustus_12-16e-scaled.jpg","type":"image\/jpeg"}],"twitter_card":"summary_large_image","schema":{"@context":"https:\/\/schema.org","@graph":[{"@type":"WebPage","@id":"https:\/\/beebipood.ee\/ru\/produkt\/lastevoodi-julia-80x160-valge\/","url":"https:\/\/beebipood.ee\/ru\/produkt\/lastevoodi-julia-80x160-valge\/","name":"Lastevoodi Julia 80x160, valge, \u041a\u0440\u043e\u0432\u0430\u0442\u0438 \u0434\u043b\u044f \u0434\u0435\u0442\u0435\u0439 \u0438 \u043f\u043e\u0434\u0440\u043e\u0441\u0442\u043a\u043e\u0432, \u0421\u041a\u0418\u0414\u041a\u0418, \u041d\u041e\u0412\u042b\u0415 \u0422\u041e\u0412\u0410\u0420\u042b, \u0428\u0438\u0440\u0438\u043d\u0430 80c\u043c, M\u0435\u0431\u0435\u043b\u044c, Beebipood","isPartOf":{"@id":"https:\/\/beebipood.ee\/ru\/#website"},"primaryImageOfPage":{"@id":"https:\/\/beebipood.ee\/ru\/produkt\/lastevoodi-julia-80x160-valge\/#primaryimage"},"image":{"@id":"https:\/\/beebipood.ee\/ru\/produkt\/lastevoodi-julia-80x160-valge\/#primaryimage"},"thumbnailUrl":"https:\/\/beebipood.ee\/wp-content\/uploads\/2019\/12\/lastevoodi-julia-80x160-valge-laste-ja-noortevoodid-80cm-laiused-lastemoobel-ja-sisustus_12-16e-scaled.jpg","datePublished":"2019-12-14T08:39:05+00:00","dateModified":"2025-03-04T09:07:08+00:00","description":"Lastevoodi Julia 80x160, valge, Julia on armas, minimalistlik kuid samas elegantne lastevoodi.Sobib iga v&auml;ikese printsessi tuppa.kaasaegset","breadcrumb":{"@id":"https:\/\/beebipood.ee\/ru\/produkt\/lastevoodi-julia-80x160-valge\/#breadcrumb"},"inLanguage":"ru-RU","potentialAction":[{"@type":"ReadAction","target":["https:\/\/beebipood.ee\/ru\/produkt\/lastevoodi-julia-80x160-valge\/"]}]},{"@type":"ImageObject","inLanguage":"ru-RU","@id":"https:\/\/beebipood.ee\/ru\/produkt\/lastevoodi-julia-80x160-valge\/#primaryimage","url":"https:\/\/beebipood.ee\/wp-content\/uploads\/2019\/12\/lastevoodi-julia-80x160-valge-laste-ja-noortevoodid-80cm-laiused-lastemoobel-ja-sisustus_12-16e-scaled.jpg","contentUrl":"https:\/\/beebipood.ee\/wp-content\/uploads\/2019\/12\/lastevoodi-julia-80x160-valge-laste-ja-noortevoodid-80cm-laiused-lastemoobel-ja-sisustus_12-16e-scaled.jpg","width":2560,"height":1705},{"@type":"BreadcrumbList","@id":"https:\/\/beebipood.ee\/ru\/produkt\/lastevoodi-julia-80x160-valge\/#breadcrumb","itemListElement":[{"@type":"ListItem","position":1,"name":"Home","item":"https:\/\/beebipood.ee\/ru\/"},{"@type":"ListItem","position":2,"name":"\u041a\u0430\u0442\u0430\u043b\u043e\u0433 \u0442\u043e\u0432\u0430\u0440\u043e\u0432","item":"https:\/\/beebipood.ee\/tooted\/"},{"@type":"ListItem","position":3,"name":"Lastevoodi Julia 80&#215;160, valge"}]},{"@type":"WebSite","@id":"https:\/\/beebipood.ee\/ru\/#website","url":"https:\/\/beebipood.ee\/ru\/","name":"Beebipood","description":"Lastekaubad, beebikaubad, m\u00e4nguasjad","publisher":{"@id":"https:\/\/beebipood.ee\/ru\/#organization"},"potentialAction":[{"@type":"SearchAction","target":{"@type":"EntryPoint","urlTemplate":"https:\/\/beebipood.ee\/ru\/?s={search_term_string}"},"query-input":{"@type":"PropertyValueSpecification","valueRequired":true,"valueName":"search_term_string"}}],"inLanguage":"ru-RU"},{"@type":"Organization","@id":"https:\/\/beebipood.ee\/ru\/#organization","name":"Beebipood","url":"https:\/\/beebipood.ee\/ru\/","logo":{"@type":"ImageObject","inLanguage":"ru-RU","@id":"https:\/\/beebipood.ee\/ru\/#\/schema\/logo\/image\/","url":"https:\/\/beebipood.ee\/wp-content\/uploads\/2025\/03\/beebipood.ee-logo-1.svg","contentUrl":"https:\/\/beebipood.ee\/wp-content\/uploads\/2025\/03\/beebipood.ee-logo-1.svg","caption":"Beebipood"},"image":{"@id":"https:\/\/beebipood.ee\/ru\/#\/schema\/logo\/image\/"}}]}},"brands":[],"_links":{"self":[{"href":"https:\/\/beebipood.ee\/ru\/wp-json\/wp\/v2\/product\/458957","targetHints":{"allow":["GET"]}}],"collection":[{"href":"https:\/\/beebipood.ee\/ru\/wp-json\/wp\/v2\/product"}],"about":[{"href":"https:\/\/beebipood.ee\/ru\/wp-json\/wp\/v2\/types\/product"}],"wp:featuredmedia":[{"embeddable":true,"href":"https:\/\/beebipood.ee\/ru\/wp-json\/wp\/v2\/media\/500596"}],"wp:attachment":[{"href":"https:\/\/beebipood.ee\/ru\/wp-json\/wp\/v2\/media?parent=458957"}],"wp:term":[{"taxonomy":"pwb-brand","embeddable":true,"href":"https:\/\/beebipood.ee\/ru\/wp-json\/wp\/v2\/pwb-brand?post=458957"},{"taxonomy":"product_brand","embeddable":true,"href":"https:\/\/beebipood.ee\/ru\/wp-json\/wp\/v2\/product_brand?post=458957"},{"taxonomy":"product_cat","embeddable":true,"href":"https:\/\/beebipood.ee\/ru\/wp-json\/wp\/v2\/product_cat?post=458957"},{"taxonomy":"product_tag","embeddable":true,"href":"https:\/\/beebipood.ee\/ru\/wp-json\/wp\/v2\/product_tag?post=458957"}],"curies":[{"name":"wp","href":"https:\/\/api.w.org\/{rel}","templated":true}]}}