{"id":458959,"date":"2019-12-15T07:09:06","date_gmt":"2019-12-15T05:09:06","guid":{"rendered":"https:\/\/beebipood.ee\/toode\/yappybiofoam-madrats-90x200\/"},"modified":"2025-01-09T10:48:39","modified_gmt":"2025-01-09T08:48:39","slug":"yappybiofoam-madrats-90x200","status":"publish","type":"product","link":"https:\/\/beebipood.ee\/ru\/produkt\/yappybiofoam-madrats-90x200\/","title":{"rendered":"YappyBioFoam madrats 90&#215;200"},"content":{"rendered":"<p>Kahepoolne madrats: K\u00f5va\/keskmiselt k\u00f5va<br \/>See madrats tagab teie lapsele \u00fclima mugavuse ja toe. <br \/>See madrats on hoolikalt valmistatud tipptasemel materjalidest <br \/>ja t\u00f5otab teie v\u00e4ikesele rahulikku ja v\u00e4rskendavat und igal \u00f6\u00f6l.<br \/>Madratsi kate on valmistatud bambusest. <br \/>See \u00fcllatab teid oma h\u00e4mmastava pehmusega. <br \/>Bambuse kiududes peituvad antibakteriaalsed elemendid, mis ei lase bakteritel paljuneda.<br \/>Lausriie &#8212; on k\u00f5rgete h\u00fcgieeniliste ja antistaatiliste omadustega, <br \/>tagab loomuliku niiskuse tasakaalu ja aitab kaasa optimaalsele keskkonna mikrokliimale<br \/>Linane kiud \u2013 imab niiskust ja kuivab kiiresti. <br \/>Sellel on bakteritsiidsed omadused ning see soodustab haavade ja l\u00f5ikehaavade paranemist.<br \/>Kookoskiud \u2013 annab lapse selgroo \u00f5igeks kujunemiseks ja arenguks vajaliku j\u00e4ikuse. <br \/>See laseb \u00f5hku h\u00e4sti l\u00e4bi, see ei tekita allergiat, hoia niiskust ega l\u00f5hnu.<br \/>BioFoam \u2013 Bio vaht on uuenduslik materjal, mis pakub korralikku tuge lapse selgroole. <br \/>Vaht jaotab t\u00e4iuslikult raskuse, s\u00e4ilitab painduvuse ja kuju pikka aega. <br \/>Poroloonil on peen raku struktuur, mis tagab madratsi hea ventilatsiooni. <br \/>T\u00e4nu biovahu sisaldusele on see antibakteriaalsete ainetega <br \/>ning ei p\u00f5hjusta allergiat ega dermatiiti.<br \/>Hoolitsemine (madratsikate): <br \/>\u2714 Masinpestav 30-40\u00b0C juures<br \/>\u2714 Mitte valgendada<br \/>\u2714 Triikimine keskmisel kuumusel<br \/>\u2714 Kuivatamiseks panna rippuma<br \/>\u2714 Mitte keemiliselt puhastada<\/p>\n","protected":false},"excerpt":{"rendered":"<p>Kahepoolne madrats: K\u00f5va\/keskmiselt k\u00f5vaSee madrats tagab teie lapsele \u00fclima mugavuse ja toe. See madrats on hoolikalt valmistatud tipptasemel materjalidest ja t\u00f5otab teie v\u00e4ikesele rahulikku ja v\u00e4rskendavat und igal \u00f6\u00f6l.Madratsi kate on valmistatud bambusest. See \u00fcllatab teid oma h\u00e4mmastava pehmusega. Bambuse kiududes peituvad antibakteriaalsed elemendid, mis ei lase bakteritel paljuneda.Lausriie &#8212; on k\u00f5rgete h\u00fcgieeniliste ja antistaatiliste [&hellip;]<\/p>\n","protected":false},"featured_media":171983,"template":"","meta":{"_acf_changed":false},"pwb-brand":[11969],"product_brand":[],"product_cat":[11601,11563,11789],"product_tag":[],"class_list":{"0":"post-458959","1":"product","2":"type-product","3":"status-publish","4":"has-post-thumbnail","6":"pwb-brand-yappykids-ru","7":"product_cat-kuni-90cm-laiused-ru","8":"product_cat-madratsid-ja-kattemadratsid-ru","9":"product_cat-lastemoobel-ja-sisustus-ru","10":"pa_manufacturer-yappykids-ru","12":"first","13":"onbackorder","14":"taxable","15":"shipping-taxable","16":"purchasable","17":"product-type-simple"},"exclude_global_add_ons":[],"addons":[],"acf":[],"yoast_head":"<!-- This site is optimized with the Yoast SEO plugin v27.1.1 - https:\/\/yoast.com\/product\/yoast-seo-wordpress\/ -->\n<title>YappyBioFoam madrats 90x200, \u041c\u0430\u0442\u0440\u0430\u0441\u044b \u0438 \u043c\u0430\u0442\u0440\u0430\u0441\u044b-\u043f\u043e\u043a\u0440\u044b\u0432\u0430\u043b\u0430, \u041d\u041e\u0412\u042b\u0415 \u0422\u041e\u0412\u0410\u0420\u042b, \u0428\u0438\u0440\u0438\u043d\u043e\u0439 \u0434\u043e 90 c\u043c, M\u0435\u0431\u0435\u043b\u044c, YappyKids -20%, Beebipood<\/title>\n<meta name=\"description\" content=\"YappyBioFoam madrats 90x200, Kahepoolne madrats: K&otilde;va\/keskmiselt k&otilde;vaSee madrats tagab teie lapsele &uuml;lima mugavuse ja toe. See\" \/>\n<meta name=\"robots\" content=\"index, follow, max-snippet:-1, max-image-preview:large, max-video-preview:-1\" \/>\n<link rel=\"canonical\" href=\"https:\/\/beebipood.ee\/ru\/produkt\/yappybiofoam-madrats-90x200\/\" \/>\n<meta property=\"og:locale\" content=\"ru_RU\" \/>\n<meta property=\"og:type\" content=\"article\" \/>\n<meta property=\"og:title\" content=\"YappyBioFoam madrats 90x200, \u041c\u0430\u0442\u0440\u0430\u0441\u044b \u0438 \u043c\u0430\u0442\u0440\u0430\u0441\u044b-\u043f\u043e\u043a\u0440\u044b\u0432\u0430\u043b\u0430, \u041d\u041e\u0412\u042b\u0415 \u0422\u041e\u0412\u0410\u0420\u042b, \u0428\u0438\u0440\u0438\u043d\u043e\u0439 \u0434\u043e 90 c\u043c, M\u0435\u0431\u0435\u043b\u044c, YappyKids -20%, Beebipood\" \/>\n<meta property=\"og:description\" content=\"YappyBioFoam madrats 90x200, Kahepoolne madrats: K&otilde;va\/keskmiselt k&otilde;vaSee madrats tagab teie lapsele &uuml;lima mugavuse ja toe. See\" \/>\n<meta property=\"og:url\" content=\"https:\/\/beebipood.ee\/ru\/produkt\/yappybiofoam-madrats-90x200\/\" \/>\n<meta property=\"og:site_name\" content=\"Beebipood\" \/>\n<meta property=\"article:modified_time\" content=\"2025-01-09T08:48:39+00:00\" \/>\n<meta property=\"og:image\" content=\"https:\/\/beebipood.ee\/wp-content\/uploads\/2019\/12\/YappyBioFoam-madrats-90x200-Beebivoodid-reisivoodid-hallid-Vorevoodid-madratsile-70x140-Lastemoobel-ja-sisustus-YappyKids-20_1-064.jpg\" \/>\n\t<meta property=\"og:image:width\" content=\"1180\" \/>\n\t<meta property=\"og:image:height\" content=\"945\" \/>\n\t<meta property=\"og:image:type\" content=\"image\/jpeg\" \/>\n<meta name=\"twitter:card\" content=\"summary_large_image\" \/>\n<meta name=\"twitter:label1\" content=\"\u041f\u0440\u0438\u043c\u0435\u0440\u043d\u043e\u0435 \u0432\u0440\u0435\u043c\u044f \u0434\u043b\u044f \u0447\u0442\u0435\u043d\u0438\u044f\" \/>\n\t<meta name=\"twitter:data1\" content=\"1 \u043c\u0438\u043d\u0443\u0442\u0430\" \/>\n<script type=\"application\/ld+json\" class=\"yoast-schema-graph\">{\"@context\":\"https:\/\/schema.org\",\"@graph\":[{\"@type\":\"WebPage\",\"@id\":\"https:\/\/beebipood.ee\/ru\/produkt\/yappybiofoam-madrats-90x200\/\",\"url\":\"https:\/\/beebipood.ee\/ru\/produkt\/yappybiofoam-madrats-90x200\/\",\"name\":\"YappyBioFoam madrats 90x200, \u041c\u0430\u0442\u0440\u0430\u0441\u044b \u0438 \u043c\u0430\u0442\u0440\u0430\u0441\u044b-\u043f\u043e\u043a\u0440\u044b\u0432\u0430\u043b\u0430, \u041d\u041e\u0412\u042b\u0415 \u0422\u041e\u0412\u0410\u0420\u042b, \u0428\u0438\u0440\u0438\u043d\u043e\u0439 \u0434\u043e 90 c\u043c, M\u0435\u0431\u0435\u043b\u044c, YappyKids -20%, Beebipood\",\"isPartOf\":{\"@id\":\"https:\/\/beebipood.ee\/ru\/#website\"},\"primaryImageOfPage\":{\"@id\":\"https:\/\/beebipood.ee\/ru\/produkt\/yappybiofoam-madrats-90x200\/#primaryimage\"},\"image\":{\"@id\":\"https:\/\/beebipood.ee\/ru\/produkt\/yappybiofoam-madrats-90x200\/#primaryimage\"},\"thumbnailUrl\":\"https:\/\/beebipood.ee\/wp-content\/uploads\/2019\/12\/YappyBioFoam-madrats-90x200-Beebivoodid-reisivoodid-hallid-Vorevoodid-madratsile-70x140-Lastemoobel-ja-sisustus-YappyKids-20_1-064.jpg\",\"datePublished\":\"2019-12-15T05:09:06+00:00\",\"dateModified\":\"2025-01-09T08:48:39+00:00\",\"description\":\"YappyBioFoam madrats 90x200, Kahepoolne madrats: K&otilde;va\/keskmiselt k&otilde;vaSee madrats tagab teie lapsele &uuml;lima mugavuse ja toe. See\",\"breadcrumb\":{\"@id\":\"https:\/\/beebipood.ee\/ru\/produkt\/yappybiofoam-madrats-90x200\/#breadcrumb\"},\"inLanguage\":\"ru-RU\",\"potentialAction\":[{\"@type\":\"ReadAction\",\"target\":[\"https:\/\/beebipood.ee\/ru\/produkt\/yappybiofoam-madrats-90x200\/\"]}]},{\"@type\":\"ImageObject\",\"inLanguage\":\"ru-RU\",\"@id\":\"https:\/\/beebipood.ee\/ru\/produkt\/yappybiofoam-madrats-90x200\/#primaryimage\",\"url\":\"https:\/\/beebipood.ee\/wp-content\/uploads\/2019\/12\/YappyBioFoam-madrats-90x200-Beebivoodid-reisivoodid-hallid-Vorevoodid-madratsile-70x140-Lastemoobel-ja-sisustus-YappyKids-20_1-064.jpg\",\"contentUrl\":\"https:\/\/beebipood.ee\/wp-content\/uploads\/2019\/12\/YappyBioFoam-madrats-90x200-Beebivoodid-reisivoodid-hallid-Vorevoodid-madratsile-70x140-Lastemoobel-ja-sisustus-YappyKids-20_1-064.jpg\",\"width\":1180,\"height\":945},{\"@type\":\"BreadcrumbList\",\"@id\":\"https:\/\/beebipood.ee\/ru\/produkt\/yappybiofoam-madrats-90x200\/#breadcrumb\",\"itemListElement\":[{\"@type\":\"ListItem\",\"position\":1,\"name\":\"Home\",\"item\":\"https:\/\/beebipood.ee\/ru\/\"},{\"@type\":\"ListItem\",\"position\":2,\"name\":\"\u041a\u0430\u0442\u0430\u043b\u043e\u0433 \u0442\u043e\u0432\u0430\u0440\u043e\u0432\",\"item\":\"https:\/\/beebipood.ee\/tooted\/\"},{\"@type\":\"ListItem\",\"position\":3,\"name\":\"YappyBioFoam madrats 90&#215;200\"}]},{\"@type\":\"WebSite\",\"@id\":\"https:\/\/beebipood.ee\/ru\/#website\",\"url\":\"https:\/\/beebipood.ee\/ru\/\",\"name\":\"Beebipood\",\"description\":\"Lastekaubad, beebikaubad, m\u00e4nguasjad\",\"publisher\":{\"@id\":\"https:\/\/beebipood.ee\/ru\/#organization\"},\"potentialAction\":[{\"@type\":\"SearchAction\",\"target\":{\"@type\":\"EntryPoint\",\"urlTemplate\":\"https:\/\/beebipood.ee\/ru\/?s={search_term_string}\"},\"query-input\":{\"@type\":\"PropertyValueSpecification\",\"valueRequired\":true,\"valueName\":\"search_term_string\"}}],\"inLanguage\":\"ru-RU\"},{\"@type\":\"Organization\",\"@id\":\"https:\/\/beebipood.ee\/ru\/#organization\",\"name\":\"Beebipood\",\"url\":\"https:\/\/beebipood.ee\/ru\/\",\"logo\":{\"@type\":\"ImageObject\",\"inLanguage\":\"ru-RU\",\"@id\":\"https:\/\/beebipood.ee\/ru\/#\/schema\/logo\/image\/\",\"url\":\"https:\/\/beebipood.ee\/wp-content\/uploads\/2025\/03\/beebipood.ee-logo-1.svg\",\"contentUrl\":\"https:\/\/beebipood.ee\/wp-content\/uploads\/2025\/03\/beebipood.ee-logo-1.svg\",\"caption\":\"Beebipood\"},\"image\":{\"@id\":\"https:\/\/beebipood.ee\/ru\/#\/schema\/logo\/image\/\"}}]}<\/script>\n<!-- \/ Yoast SEO plugin. -->","yoast_head_json":{"title":"YappyBioFoam madrats 90x200, \u041c\u0430\u0442\u0440\u0430\u0441\u044b \u0438 \u043c\u0430\u0442\u0440\u0430\u0441\u044b-\u043f\u043e\u043a\u0440\u044b\u0432\u0430\u043b\u0430, \u041d\u041e\u0412\u042b\u0415 \u0422\u041e\u0412\u0410\u0420\u042b, \u0428\u0438\u0440\u0438\u043d\u043e\u0439 \u0434\u043e 90 c\u043c, M\u0435\u0431\u0435\u043b\u044c, YappyKids -20%, Beebipood","description":"YappyBioFoam madrats 90x200, Kahepoolne madrats: K&otilde;va\/keskmiselt k&otilde;vaSee madrats tagab teie lapsele &uuml;lima mugavuse ja toe. See","robots":{"index":"index","follow":"follow","max-snippet":"max-snippet:-1","max-image-preview":"max-image-preview:large","max-video-preview":"max-video-preview:-1"},"canonical":"https:\/\/beebipood.ee\/ru\/produkt\/yappybiofoam-madrats-90x200\/","og_locale":"ru_RU","og_type":"article","og_title":"YappyBioFoam madrats 90x200, \u041c\u0430\u0442\u0440\u0430\u0441\u044b \u0438 \u043c\u0430\u0442\u0440\u0430\u0441\u044b-\u043f\u043e\u043a\u0440\u044b\u0432\u0430\u043b\u0430, \u041d\u041e\u0412\u042b\u0415 \u0422\u041e\u0412\u0410\u0420\u042b, \u0428\u0438\u0440\u0438\u043d\u043e\u0439 \u0434\u043e 90 c\u043c, M\u0435\u0431\u0435\u043b\u044c, YappyKids -20%, Beebipood","og_description":"YappyBioFoam madrats 90x200, Kahepoolne madrats: K&otilde;va\/keskmiselt k&otilde;vaSee madrats tagab teie lapsele &uuml;lima mugavuse ja toe. See","og_url":"https:\/\/beebipood.ee\/ru\/produkt\/yappybiofoam-madrats-90x200\/","og_site_name":"Beebipood","article_modified_time":"2025-01-09T08:48:39+00:00","og_image":[{"width":1180,"height":945,"url":"https:\/\/beebipood.ee\/wp-content\/uploads\/2019\/12\/YappyBioFoam-madrats-90x200-Beebivoodid-reisivoodid-hallid-Vorevoodid-madratsile-70x140-Lastemoobel-ja-sisustus-YappyKids-20_1-064.jpg","type":"image\/jpeg"}],"twitter_card":"summary_large_image","twitter_misc":{"\u041f\u0440\u0438\u043c\u0435\u0440\u043d\u043e\u0435 \u0432\u0440\u0435\u043c\u044f \u0434\u043b\u044f \u0447\u0442\u0435\u043d\u0438\u044f":"1 \u043c\u0438\u043d\u0443\u0442\u0430"},"schema":{"@context":"https:\/\/schema.org","@graph":[{"@type":"WebPage","@id":"https:\/\/beebipood.ee\/ru\/produkt\/yappybiofoam-madrats-90x200\/","url":"https:\/\/beebipood.ee\/ru\/produkt\/yappybiofoam-madrats-90x200\/","name":"YappyBioFoam madrats 90x200, \u041c\u0430\u0442\u0440\u0430\u0441\u044b \u0438 \u043c\u0430\u0442\u0440\u0430\u0441\u044b-\u043f\u043e\u043a\u0440\u044b\u0432\u0430\u043b\u0430, \u041d\u041e\u0412\u042b\u0415 \u0422\u041e\u0412\u0410\u0420\u042b, \u0428\u0438\u0440\u0438\u043d\u043e\u0439 \u0434\u043e 90 c\u043c, M\u0435\u0431\u0435\u043b\u044c, YappyKids -20%, Beebipood","isPartOf":{"@id":"https:\/\/beebipood.ee\/ru\/#website"},"primaryImageOfPage":{"@id":"https:\/\/beebipood.ee\/ru\/produkt\/yappybiofoam-madrats-90x200\/#primaryimage"},"image":{"@id":"https:\/\/beebipood.ee\/ru\/produkt\/yappybiofoam-madrats-90x200\/#primaryimage"},"thumbnailUrl":"https:\/\/beebipood.ee\/wp-content\/uploads\/2019\/12\/YappyBioFoam-madrats-90x200-Beebivoodid-reisivoodid-hallid-Vorevoodid-madratsile-70x140-Lastemoobel-ja-sisustus-YappyKids-20_1-064.jpg","datePublished":"2019-12-15T05:09:06+00:00","dateModified":"2025-01-09T08:48:39+00:00","description":"YappyBioFoam madrats 90x200, Kahepoolne madrats: K&otilde;va\/keskmiselt k&otilde;vaSee madrats tagab teie lapsele &uuml;lima mugavuse ja toe. See","breadcrumb":{"@id":"https:\/\/beebipood.ee\/ru\/produkt\/yappybiofoam-madrats-90x200\/#breadcrumb"},"inLanguage":"ru-RU","potentialAction":[{"@type":"ReadAction","target":["https:\/\/beebipood.ee\/ru\/produkt\/yappybiofoam-madrats-90x200\/"]}]},{"@type":"ImageObject","inLanguage":"ru-RU","@id":"https:\/\/beebipood.ee\/ru\/produkt\/yappybiofoam-madrats-90x200\/#primaryimage","url":"https:\/\/beebipood.ee\/wp-content\/uploads\/2019\/12\/YappyBioFoam-madrats-90x200-Beebivoodid-reisivoodid-hallid-Vorevoodid-madratsile-70x140-Lastemoobel-ja-sisustus-YappyKids-20_1-064.jpg","contentUrl":"https:\/\/beebipood.ee\/wp-content\/uploads\/2019\/12\/YappyBioFoam-madrats-90x200-Beebivoodid-reisivoodid-hallid-Vorevoodid-madratsile-70x140-Lastemoobel-ja-sisustus-YappyKids-20_1-064.jpg","width":1180,"height":945},{"@type":"BreadcrumbList","@id":"https:\/\/beebipood.ee\/ru\/produkt\/yappybiofoam-madrats-90x200\/#breadcrumb","itemListElement":[{"@type":"ListItem","position":1,"name":"Home","item":"https:\/\/beebipood.ee\/ru\/"},{"@type":"ListItem","position":2,"name":"\u041a\u0430\u0442\u0430\u043b\u043e\u0433 \u0442\u043e\u0432\u0430\u0440\u043e\u0432","item":"https:\/\/beebipood.ee\/tooted\/"},{"@type":"ListItem","position":3,"name":"YappyBioFoam madrats 90&#215;200"}]},{"@type":"WebSite","@id":"https:\/\/beebipood.ee\/ru\/#website","url":"https:\/\/beebipood.ee\/ru\/","name":"Beebipood","description":"Lastekaubad, beebikaubad, m\u00e4nguasjad","publisher":{"@id":"https:\/\/beebipood.ee\/ru\/#organization"},"potentialAction":[{"@type":"SearchAction","target":{"@type":"EntryPoint","urlTemplate":"https:\/\/beebipood.ee\/ru\/?s={search_term_string}"},"query-input":{"@type":"PropertyValueSpecification","valueRequired":true,"valueName":"search_term_string"}}],"inLanguage":"ru-RU"},{"@type":"Organization","@id":"https:\/\/beebipood.ee\/ru\/#organization","name":"Beebipood","url":"https:\/\/beebipood.ee\/ru\/","logo":{"@type":"ImageObject","inLanguage":"ru-RU","@id":"https:\/\/beebipood.ee\/ru\/#\/schema\/logo\/image\/","url":"https:\/\/beebipood.ee\/wp-content\/uploads\/2025\/03\/beebipood.ee-logo-1.svg","contentUrl":"https:\/\/beebipood.ee\/wp-content\/uploads\/2025\/03\/beebipood.ee-logo-1.svg","caption":"Beebipood"},"image":{"@id":"https:\/\/beebipood.ee\/ru\/#\/schema\/logo\/image\/"}}]}},"brands":[{"id":11969,"name":"YappyKids","slug":"yappykids-ru"}],"_links":{"self":[{"href":"https:\/\/beebipood.ee\/ru\/wp-json\/wp\/v2\/product\/458959","targetHints":{"allow":["GET"]}}],"collection":[{"href":"https:\/\/beebipood.ee\/ru\/wp-json\/wp\/v2\/product"}],"about":[{"href":"https:\/\/beebipood.ee\/ru\/wp-json\/wp\/v2\/types\/product"}],"wp:featuredmedia":[{"embeddable":true,"href":"https:\/\/beebipood.ee\/ru\/wp-json\/wp\/v2\/media\/171983"}],"wp:attachment":[{"href":"https:\/\/beebipood.ee\/ru\/wp-json\/wp\/v2\/media?parent=458959"}],"wp:term":[{"taxonomy":"pwb-brand","embeddable":true,"href":"https:\/\/beebipood.ee\/ru\/wp-json\/wp\/v2\/pwb-brand?post=458959"},{"taxonomy":"product_brand","embeddable":true,"href":"https:\/\/beebipood.ee\/ru\/wp-json\/wp\/v2\/product_brand?post=458959"},{"taxonomy":"product_cat","embeddable":true,"href":"https:\/\/beebipood.ee\/ru\/wp-json\/wp\/v2\/product_cat?post=458959"},{"taxonomy":"product_tag","embeddable":true,"href":"https:\/\/beebipood.ee\/ru\/wp-json\/wp\/v2\/product_tag?post=458959"}],"curies":[{"name":"wp","href":"https:\/\/api.w.org\/{rel}","templated":true}]}}