{"id":458981,"date":"2020-01-09T10:55:39","date_gmt":"2020-01-09T08:55:39","guid":{"rendered":"https:\/\/beebipood.ee\/toode\/muuvo-slick-2-0-jalutuskaru-2in1-pure-pink\/"},"modified":"2025-03-31T01:00:52","modified_gmt":"2025-03-30T22:00:52","slug":"muuvo-slick-2-0-jalutuskaru-2in1-pure-pink","status":"publish","type":"product","link":"https:\/\/beebipood.ee\/ru\/produkt\/muuvo-slick-2-0-jalutuskaru-2in1-pure-pink\/","title":{"rendered":"Muuvo Slick 2.0 jalutusk\u00e4ru 2in1, Pure Pink"},"content":{"rendered":"<p>Muuvo Slick 2.0 on uus ja universaalne Muuvo jalutusk\u00e4ru.<br \/>Slick 2.0 jalutusk\u00e4ru uusim versioon toob sellesse kergesse<br \/>ja kompaktsesse k\u00e4russe veelgi rohkem funktsioone ja nutikaid lahendusi.<br \/>Muuvo Slick 2.0 on n\u00f5udlikele vanematele, kes hindavad kvaliteeti ja usaldusv\u00e4\u00e4rsust<br \/>ning kaasaegne disain ja dekoratiivsed reljeefid avaldab muljet esimesest pilgust.<\/p>\n<p>Muuvo Slick 2.0 jalutusk\u00e4ru k\u00e4ib kokku lihtsalt ja v\u00e4ga kompaktseks<br \/>Slick 2.0 jalutusk\u00e4ru on \u00fche k\u00e4ega kokkuklapitav<br \/>Jalutusk\u00e4ru on koos istmega kokkuklapitav n\u00e4gu s\u00f5idusuunas<br \/>Sobib alates s\u00fcnnist 0+<br \/>L\u00fckkesang on reguleeritava k\u00f5rgusega (teleskoop 92 &#8212; 107 cm) ning kaetud \u00f6ko-nahaga<br \/>Muuvo Slick 2.0 istumisosa on asetatav m\u00f5lemasse s\u00f5idusuunda<br \/>Uudne Up To You s\u00fcsteem t\u00e4nu millele kasvab jalutusk\u00e4ru koos lapsega<br \/>ning v\u00f5imaldab j\u00e4rk-j\u00e4rgult reguleerida kaarvarju, rihmade ja seljatoel oleva peatoe k\u00f5rgust.<br \/>Slick 2.0 jalutusk\u00e4ru on varustatud reguleeritava peatoega,<br \/>mis muutub mugavaks padjaks, kui on aeg uinaku tegemiseks.<br \/>Slick 2.0 on varustatud perforatsiooni s\u00fcsteemiga<br \/>ning istumisosa on rikastatud seljatoe kangasse paigutatud t\u00e4iendavate tuulutuselementidega.<br \/>Polsterdatud 5-punkti turvarihmad<br \/>Allalastav seljatugi (3 asendit)<br \/>Seljatuge on v\u00f5imalik alla lasta, moodustades horisontaalse tasapinna<br \/>Lai iste<br \/>Eemaldatav turvakaar (turvakaar on jalutusk\u00e4ruga komlektis)<br \/>M\u00f5lemale poole avanev turvakaar<br \/>Reguleeritav jalgade tugi ei j\u00e4ta magava lapse jalgu rippuma \u2013 lapsel on mugavam magada<br \/>Jalgatoe alumine osa kaetud nahaga, et kangas ei m\u00e4\u00e4rduks<br \/>T\u00e4ielikult etteulatuv kaarvari<br \/>Juba niigi s\u00fcgavat \u201eExpanda\u201c kaarvarju v\u00f5ib vajadusel veelgi<br \/>pikendada \u00fche sektsiooni v\u00f5rra t\u00f5mbeluku avamisel<br \/>Jalaga seisupidur<br \/>Suured hooldusvabad geelrattad, mis on suurep\u00e4rase l\u00f6\u00f6gisummutus v\u00f5imega<br \/>ning neil on \u00f5hkrehvidele sarnased s\u00f5iduomadused.<br \/>Rataste suurus: ees 20,3cm ja taga 29,2cm<br \/>K\u00f5igil neljal rattal on vedrustus<br \/>Esimesed rattad fikseeritavad<br \/>K\u00f5ik kiireemaldatavad rattad<br \/>Mahkukas ja kinnine kaubakorv (k\u00e4ib lukuga kinni)<br \/>Kasutatud on premium kangast, mis on vastupidav, vetth\u00fclgav ja UV kindel (UV 50)<br \/>Premium kangal on ka mustust h\u00fclgav omadus<br \/><span style=\"text-decoration: underline;\">Komplektis on:<\/span><br \/>Riidest soe jalgakott (footmuff)<br \/>Vihmakile<br \/>S\u00e4\u00e4sev\u00f5rk<br \/>Beebitarvikute kott<br \/><span style=\"text-decoration: underline;\">Spetsifikatsioonid:<\/span><br \/>Avatuna: Pikkus 91,5cm, Laius 60cm, k\u00f5rgus 107cm<br \/>Kokkuklapituna: Pikkus 64cm, Laius 60cm, k\u00f5rgus 29cm<br \/>Sisemised m\u00f5\u00f5dud istmel: Istme laius 33cm, seljatoe k\u00f5rgus 51cm<br \/>Kaal koos ratastega ja istumisosaga : 12,5kg<br \/>Vanuser\u00fchmast alates: 0+<br \/>Kandev\u00f5ime: 22 kg<\/p>\n<p><span style=\"text-decoration: underline;\">Muuvo Slick 2.0 vankrikorv XXL.<\/span><br \/>Slick 2.0 vankrikorv on kerge kaaluga (4,5kg).<br \/>Korvis on piisavalt ruumi beebile magamiseks (laius 34cm pikkus 78cm).<br \/>Vankrikorvi on ka hea koos lapsega t\u00f5sta.<br \/>Kasutamiseks s\u00fcnnist kuni vanuseni ca. 6-7 kuud.<br \/>Juba niigi s\u00fcgavat kaarvarju v\u00f5ib vajadusel veelgi<br \/>pikendada \u00fche sektsiooni v\u00f5rra t\u00f5mbeluku avamisel.<br \/>Memory Buttons s\u00fcsteemiga avatavad\u00a0adaptrid,<br \/>mis tagavad igap\u00e4evase kasutamise mugavuse<br \/>t\u00e4nu millele saab vankrikorv \u00fche k\u00e4ega lahti \u00fchendada<br \/>&#8216;Kandesang<br \/>&#8216;Kaarvari \u00f5hutusavaga<br \/>&#8216;3D Airflow \u00f5hutuss\u00fcsteem<br \/>&#8216;Pehme vooder ja madrats<br \/>&#8216;Kokkupandav transpordiks<br \/>&#8216;Jalgadekate<br \/>&#8216;S\u00e4\u00e4sev\u00f5rk<br \/><span style=\"text-decoration: underline;\">Spetsifikatsioonid:<\/span><br \/>Vankrikorvi m\u00f5\u00f5dud: Pikkus 86cm (seest 78cm), Laius 46cm (seest 34cm)<br \/>Vankrikorvi kaal: 4,5kg<br \/>Vanuser\u00fchma alates: 0+ kuni 9kg<\/p>\n","protected":false},"excerpt":{"rendered":"<p>Muuvo Slick 2.0 on uus ja universaalne Muuvo jalutusk\u00e4ru.Slick 2.0 jalutusk\u00e4ru uusim versioon toob sellesse kergesseja kompaktsesse k\u00e4russe veelgi rohkem funktsioone ja nutikaid lahendusi.Muuvo Slick 2.0 on n\u00f5udlikele vanematele, kes hindavad kvaliteeti ja usaldusv\u00e4\u00e4rsustning kaasaegne disain ja dekoratiivsed reljeefid avaldab muljet esimesest pilgust. Muuvo Slick 2.0 jalutusk\u00e4ru k\u00e4ib kokku lihtsalt ja v\u00e4ga kompaktseksSlick 2.0 jalutusk\u00e4ru [&hellip;]<\/p>\n","protected":false},"featured_media":131704,"template":"","meta":{"_acf_changed":false},"pwb-brand":[11964],"product_brand":[],"product_cat":[11573,11719,11889,11891,11721,11717],"product_tag":[],"class_list":{"0":"post-458981","1":"product","2":"type-product","3":"status-publish","4":"has-post-thumbnail","6":"pwb-brand-muuvo-ru","7":"product_cat-sooduspakkumised-ru","8":"product_cat-vankrid-ru","9":"product_cat-muuvo-ru","10":"product_cat-muuvo-slick-2-0-ru","11":"product_cat-jalutuskarud-ru","12":"product_cat-lastevankrid-ja-karud-ru","13":"pa_manufacturer-muuvo-ru","15":"first","16":"onbackorder","17":"sale","18":"taxable","19":"shipping-taxable","20":"purchasable","21":"product-type-simple"},"exclude_global_add_ons":[],"addons":[],"acf":[],"yoast_head":"<!-- This site is optimized with the Yoast SEO plugin v27.3 - https:\/\/yoast.com\/product\/yoast-seo-wordpress\/ -->\n<title>Muuvo Slick 2.0 jalutusk\u00e4ru 2in1, Pure Pink, \u0421\u041a\u0418\u0414\u041a\u0418, \u041a\u043e\u043b\u044f\u0441\u043a\u0438, \u041f\u0440\u043e\u0433\u0443\u043b\u043e\u0447\u043d\u044b\u0435 \u043a\u043e\u043b\u044f\u0441\u043a\u0438, Muuvo, Muuvo Slick 2.0, Beebipood<\/title>\n<meta name=\"description\" content=\"Muuvo Slick 2.0 jalutusk\u00e4ru 2in1, Pure Pink, Muuvo Slick 2.0 on uus ja universaalne Muuvo jalutusk&auml;ru.Slick 2.0 jalutusk&auml;ru uusim versioon t\" \/>\n<meta name=\"robots\" content=\"index, follow, max-snippet:-1, max-image-preview:large, max-video-preview:-1\" \/>\n<link rel=\"canonical\" href=\"https:\/\/beebipood.ee\/ru\/produkt\/muuvo-slick-2-0-jalutuskaru-2in1-pure-pink\/\" \/>\n<meta property=\"og:locale\" content=\"ru_RU\" \/>\n<meta property=\"og:type\" content=\"article\" \/>\n<meta property=\"og:title\" content=\"Muuvo Slick 2.0 jalutusk\u00e4ru 2in1, Pure Pink, \u0421\u041a\u0418\u0414\u041a\u0418, \u041a\u043e\u043b\u044f\u0441\u043a\u0438, \u041f\u0440\u043e\u0433\u0443\u043b\u043e\u0447\u043d\u044b\u0435 \u043a\u043e\u043b\u044f\u0441\u043a\u0438, Muuvo, Muuvo Slick 2.0, Beebipood\" \/>\n<meta property=\"og:description\" content=\"Muuvo Slick 2.0 jalutusk\u00e4ru 2in1, Pure Pink, Muuvo Slick 2.0 on uus ja universaalne Muuvo jalutusk&auml;ru.Slick 2.0 jalutusk&auml;ru uusim versioon t\" \/>\n<meta property=\"og:url\" content=\"https:\/\/beebipood.ee\/ru\/produkt\/muuvo-slick-2-0-jalutuskaru-2in1-pure-pink\/\" \/>\n<meta property=\"og:site_name\" content=\"Beebipood\" \/>\n<meta property=\"article:modified_time\" content=\"2025-03-30T22:00:52+00:00\" \/>\n<meta property=\"og:image\" content=\"https:\/\/beebipood.ee\/wp-content\/uploads\/2020\/01\/muuvo_slick_2-aed.0_jalutusk_ru_2in1_pure_pink.jpg\" \/>\n\t<meta property=\"og:image:width\" content=\"1276\" \/>\n\t<meta property=\"og:image:height\" content=\"1276\" \/>\n\t<meta property=\"og:image:type\" content=\"image\/jpeg\" \/>\n<meta name=\"twitter:card\" content=\"summary_large_image\" \/>\n<meta name=\"twitter:label1\" content=\"\u041f\u0440\u0438\u043c\u0435\u0440\u043d\u043e\u0435 \u0432\u0440\u0435\u043c\u044f \u0434\u043b\u044f \u0447\u0442\u0435\u043d\u0438\u044f\" \/>\n\t<meta name=\"twitter:data1\" content=\"2 \u043c\u0438\u043d\u0443\u0442\u044b\" \/>\n<script type=\"application\/ld+json\" class=\"yoast-schema-graph\">{\"@context\":\"https:\\\/\\\/schema.org\",\"@graph\":[{\"@type\":\"WebPage\",\"@id\":\"https:\\\/\\\/beebipood.ee\\\/ru\\\/produkt\\\/muuvo-slick-2-0-jalutuskaru-2in1-pure-pink\\\/\",\"url\":\"https:\\\/\\\/beebipood.ee\\\/ru\\\/produkt\\\/muuvo-slick-2-0-jalutuskaru-2in1-pure-pink\\\/\",\"name\":\"Muuvo Slick 2.0 jalutusk\u00e4ru 2in1, Pure Pink, \u0421\u041a\u0418\u0414\u041a\u0418, \u041a\u043e\u043b\u044f\u0441\u043a\u0438, \u041f\u0440\u043e\u0433\u0443\u043b\u043e\u0447\u043d\u044b\u0435 \u043a\u043e\u043b\u044f\u0441\u043a\u0438, Muuvo, Muuvo Slick 2.0, Beebipood\",\"isPartOf\":{\"@id\":\"https:\\\/\\\/beebipood.ee\\\/ru\\\/#website\"},\"primaryImageOfPage\":{\"@id\":\"https:\\\/\\\/beebipood.ee\\\/ru\\\/produkt\\\/muuvo-slick-2-0-jalutuskaru-2in1-pure-pink\\\/#primaryimage\"},\"image\":{\"@id\":\"https:\\\/\\\/beebipood.ee\\\/ru\\\/produkt\\\/muuvo-slick-2-0-jalutuskaru-2in1-pure-pink\\\/#primaryimage\"},\"thumbnailUrl\":\"https:\\\/\\\/beebipood.ee\\\/wp-content\\\/uploads\\\/2020\\\/01\\\/muuvo_slick_2-aed.0_jalutusk_ru_2in1_pure_pink.jpg\",\"datePublished\":\"2020-01-09T08:55:39+00:00\",\"dateModified\":\"2025-03-30T22:00:52+00:00\",\"description\":\"Muuvo Slick 2.0 jalutusk\u00e4ru 2in1, Pure Pink, Muuvo Slick 2.0 on uus ja universaalne Muuvo jalutusk&auml;ru.Slick 2.0 jalutusk&auml;ru uusim versioon t\",\"breadcrumb\":{\"@id\":\"https:\\\/\\\/beebipood.ee\\\/ru\\\/produkt\\\/muuvo-slick-2-0-jalutuskaru-2in1-pure-pink\\\/#breadcrumb\"},\"inLanguage\":\"ru-RU\",\"potentialAction\":[{\"@type\":\"ReadAction\",\"target\":[\"https:\\\/\\\/beebipood.ee\\\/ru\\\/produkt\\\/muuvo-slick-2-0-jalutuskaru-2in1-pure-pink\\\/\"]}]},{\"@type\":\"ImageObject\",\"inLanguage\":\"ru-RU\",\"@id\":\"https:\\\/\\\/beebipood.ee\\\/ru\\\/produkt\\\/muuvo-slick-2-0-jalutuskaru-2in1-pure-pink\\\/#primaryimage\",\"url\":\"https:\\\/\\\/beebipood.ee\\\/wp-content\\\/uploads\\\/2020\\\/01\\\/muuvo_slick_2-aed.0_jalutusk_ru_2in1_pure_pink.jpg\",\"contentUrl\":\"https:\\\/\\\/beebipood.ee\\\/wp-content\\\/uploads\\\/2020\\\/01\\\/muuvo_slick_2-aed.0_jalutusk_ru_2in1_pure_pink.jpg\",\"width\":1276,\"height\":1276},{\"@type\":\"BreadcrumbList\",\"@id\":\"https:\\\/\\\/beebipood.ee\\\/ru\\\/produkt\\\/muuvo-slick-2-0-jalutuskaru-2in1-pure-pink\\\/#breadcrumb\",\"itemListElement\":[{\"@type\":\"ListItem\",\"position\":1,\"name\":\"Home\",\"item\":\"https:\\\/\\\/beebipood.ee\\\/ru\\\/\"},{\"@type\":\"ListItem\",\"position\":2,\"name\":\"\u041a\u0430\u0442\u0430\u043b\u043e\u0433 \u0442\u043e\u0432\u0430\u0440\u043e\u0432\",\"item\":\"https:\\\/\\\/beebipood.ee\\\/tooted\\\/\"},{\"@type\":\"ListItem\",\"position\":3,\"name\":\"Muuvo Slick 2.0 jalutusk\u00e4ru 2in1, Pure Pink\"}]},{\"@type\":\"WebSite\",\"@id\":\"https:\\\/\\\/beebipood.ee\\\/ru\\\/#website\",\"url\":\"https:\\\/\\\/beebipood.ee\\\/ru\\\/\",\"name\":\"Beebipood\",\"description\":\"Lastekaubad, beebikaubad, m\u00e4nguasjad\",\"publisher\":{\"@id\":\"https:\\\/\\\/beebipood.ee\\\/ru\\\/#organization\"},\"potentialAction\":[{\"@type\":\"SearchAction\",\"target\":{\"@type\":\"EntryPoint\",\"urlTemplate\":\"https:\\\/\\\/beebipood.ee\\\/ru\\\/?s={search_term_string}\"},\"query-input\":{\"@type\":\"PropertyValueSpecification\",\"valueRequired\":true,\"valueName\":\"search_term_string\"}}],\"inLanguage\":\"ru-RU\"},{\"@type\":\"Organization\",\"@id\":\"https:\\\/\\\/beebipood.ee\\\/ru\\\/#organization\",\"name\":\"Beebipood\",\"url\":\"https:\\\/\\\/beebipood.ee\\\/ru\\\/\",\"logo\":{\"@type\":\"ImageObject\",\"inLanguage\":\"ru-RU\",\"@id\":\"https:\\\/\\\/beebipood.ee\\\/ru\\\/#\\\/schema\\\/logo\\\/image\\\/\",\"url\":\"https:\\\/\\\/beebipood.ee\\\/wp-content\\\/uploads\\\/2025\\\/03\\\/beebipood.ee-logo-1.svg\",\"contentUrl\":\"https:\\\/\\\/beebipood.ee\\\/wp-content\\\/uploads\\\/2025\\\/03\\\/beebipood.ee-logo-1.svg\",\"caption\":\"Beebipood\"},\"image\":{\"@id\":\"https:\\\/\\\/beebipood.ee\\\/ru\\\/#\\\/schema\\\/logo\\\/image\\\/\"}}]}<\/script>\n<!-- \/ Yoast SEO plugin. -->","yoast_head_json":{"title":"Muuvo Slick 2.0 jalutusk\u00e4ru 2in1, Pure Pink, \u0421\u041a\u0418\u0414\u041a\u0418, \u041a\u043e\u043b\u044f\u0441\u043a\u0438, \u041f\u0440\u043e\u0433\u0443\u043b\u043e\u0447\u043d\u044b\u0435 \u043a\u043e\u043b\u044f\u0441\u043a\u0438, Muuvo, Muuvo Slick 2.0, Beebipood","description":"Muuvo Slick 2.0 jalutusk\u00e4ru 2in1, Pure Pink, Muuvo Slick 2.0 on uus ja universaalne Muuvo jalutusk&auml;ru.Slick 2.0 jalutusk&auml;ru uusim versioon t","robots":{"index":"index","follow":"follow","max-snippet":"max-snippet:-1","max-image-preview":"max-image-preview:large","max-video-preview":"max-video-preview:-1"},"canonical":"https:\/\/beebipood.ee\/ru\/produkt\/muuvo-slick-2-0-jalutuskaru-2in1-pure-pink\/","og_locale":"ru_RU","og_type":"article","og_title":"Muuvo Slick 2.0 jalutusk\u00e4ru 2in1, Pure Pink, \u0421\u041a\u0418\u0414\u041a\u0418, \u041a\u043e\u043b\u044f\u0441\u043a\u0438, \u041f\u0440\u043e\u0433\u0443\u043b\u043e\u0447\u043d\u044b\u0435 \u043a\u043e\u043b\u044f\u0441\u043a\u0438, Muuvo, Muuvo Slick 2.0, Beebipood","og_description":"Muuvo Slick 2.0 jalutusk\u00e4ru 2in1, Pure Pink, Muuvo Slick 2.0 on uus ja universaalne Muuvo jalutusk&auml;ru.Slick 2.0 jalutusk&auml;ru uusim versioon t","og_url":"https:\/\/beebipood.ee\/ru\/produkt\/muuvo-slick-2-0-jalutuskaru-2in1-pure-pink\/","og_site_name":"Beebipood","article_modified_time":"2025-03-30T22:00:52+00:00","og_image":[{"width":1276,"height":1276,"url":"https:\/\/beebipood.ee\/wp-content\/uploads\/2020\/01\/muuvo_slick_2-aed.0_jalutusk_ru_2in1_pure_pink.jpg","type":"image\/jpeg"}],"twitter_card":"summary_large_image","twitter_misc":{"\u041f\u0440\u0438\u043c\u0435\u0440\u043d\u043e\u0435 \u0432\u0440\u0435\u043c\u044f \u0434\u043b\u044f \u0447\u0442\u0435\u043d\u0438\u044f":"2 \u043c\u0438\u043d\u0443\u0442\u044b"},"schema":{"@context":"https:\/\/schema.org","@graph":[{"@type":"WebPage","@id":"https:\/\/beebipood.ee\/ru\/produkt\/muuvo-slick-2-0-jalutuskaru-2in1-pure-pink\/","url":"https:\/\/beebipood.ee\/ru\/produkt\/muuvo-slick-2-0-jalutuskaru-2in1-pure-pink\/","name":"Muuvo Slick 2.0 jalutusk\u00e4ru 2in1, Pure Pink, \u0421\u041a\u0418\u0414\u041a\u0418, \u041a\u043e\u043b\u044f\u0441\u043a\u0438, \u041f\u0440\u043e\u0433\u0443\u043b\u043e\u0447\u043d\u044b\u0435 \u043a\u043e\u043b\u044f\u0441\u043a\u0438, Muuvo, Muuvo Slick 2.0, Beebipood","isPartOf":{"@id":"https:\/\/beebipood.ee\/ru\/#website"},"primaryImageOfPage":{"@id":"https:\/\/beebipood.ee\/ru\/produkt\/muuvo-slick-2-0-jalutuskaru-2in1-pure-pink\/#primaryimage"},"image":{"@id":"https:\/\/beebipood.ee\/ru\/produkt\/muuvo-slick-2-0-jalutuskaru-2in1-pure-pink\/#primaryimage"},"thumbnailUrl":"https:\/\/beebipood.ee\/wp-content\/uploads\/2020\/01\/muuvo_slick_2-aed.0_jalutusk_ru_2in1_pure_pink.jpg","datePublished":"2020-01-09T08:55:39+00:00","dateModified":"2025-03-30T22:00:52+00:00","description":"Muuvo Slick 2.0 jalutusk\u00e4ru 2in1, Pure Pink, Muuvo Slick 2.0 on uus ja universaalne Muuvo jalutusk&auml;ru.Slick 2.0 jalutusk&auml;ru uusim versioon t","breadcrumb":{"@id":"https:\/\/beebipood.ee\/ru\/produkt\/muuvo-slick-2-0-jalutuskaru-2in1-pure-pink\/#breadcrumb"},"inLanguage":"ru-RU","potentialAction":[{"@type":"ReadAction","target":["https:\/\/beebipood.ee\/ru\/produkt\/muuvo-slick-2-0-jalutuskaru-2in1-pure-pink\/"]}]},{"@type":"ImageObject","inLanguage":"ru-RU","@id":"https:\/\/beebipood.ee\/ru\/produkt\/muuvo-slick-2-0-jalutuskaru-2in1-pure-pink\/#primaryimage","url":"https:\/\/beebipood.ee\/wp-content\/uploads\/2020\/01\/muuvo_slick_2-aed.0_jalutusk_ru_2in1_pure_pink.jpg","contentUrl":"https:\/\/beebipood.ee\/wp-content\/uploads\/2020\/01\/muuvo_slick_2-aed.0_jalutusk_ru_2in1_pure_pink.jpg","width":1276,"height":1276},{"@type":"BreadcrumbList","@id":"https:\/\/beebipood.ee\/ru\/produkt\/muuvo-slick-2-0-jalutuskaru-2in1-pure-pink\/#breadcrumb","itemListElement":[{"@type":"ListItem","position":1,"name":"Home","item":"https:\/\/beebipood.ee\/ru\/"},{"@type":"ListItem","position":2,"name":"\u041a\u0430\u0442\u0430\u043b\u043e\u0433 \u0442\u043e\u0432\u0430\u0440\u043e\u0432","item":"https:\/\/beebipood.ee\/tooted\/"},{"@type":"ListItem","position":3,"name":"Muuvo Slick 2.0 jalutusk\u00e4ru 2in1, Pure Pink"}]},{"@type":"WebSite","@id":"https:\/\/beebipood.ee\/ru\/#website","url":"https:\/\/beebipood.ee\/ru\/","name":"Beebipood","description":"Lastekaubad, beebikaubad, m\u00e4nguasjad","publisher":{"@id":"https:\/\/beebipood.ee\/ru\/#organization"},"potentialAction":[{"@type":"SearchAction","target":{"@type":"EntryPoint","urlTemplate":"https:\/\/beebipood.ee\/ru\/?s={search_term_string}"},"query-input":{"@type":"PropertyValueSpecification","valueRequired":true,"valueName":"search_term_string"}}],"inLanguage":"ru-RU"},{"@type":"Organization","@id":"https:\/\/beebipood.ee\/ru\/#organization","name":"Beebipood","url":"https:\/\/beebipood.ee\/ru\/","logo":{"@type":"ImageObject","inLanguage":"ru-RU","@id":"https:\/\/beebipood.ee\/ru\/#\/schema\/logo\/image\/","url":"https:\/\/beebipood.ee\/wp-content\/uploads\/2025\/03\/beebipood.ee-logo-1.svg","contentUrl":"https:\/\/beebipood.ee\/wp-content\/uploads\/2025\/03\/beebipood.ee-logo-1.svg","caption":"Beebipood"},"image":{"@id":"https:\/\/beebipood.ee\/ru\/#\/schema\/logo\/image\/"}}]}},"brands":[{"id":11964,"name":"Muuvo","slug":"muuvo-ru"}],"_links":{"self":[{"href":"https:\/\/beebipood.ee\/ru\/wp-json\/wp\/v2\/product\/458981","targetHints":{"allow":["GET"]}}],"collection":[{"href":"https:\/\/beebipood.ee\/ru\/wp-json\/wp\/v2\/product"}],"about":[{"href":"https:\/\/beebipood.ee\/ru\/wp-json\/wp\/v2\/types\/product"}],"wp:featuredmedia":[{"embeddable":true,"href":"https:\/\/beebipood.ee\/ru\/wp-json\/wp\/v2\/media\/131704"}],"wp:attachment":[{"href":"https:\/\/beebipood.ee\/ru\/wp-json\/wp\/v2\/media?parent=458981"}],"wp:term":[{"taxonomy":"pwb-brand","embeddable":true,"href":"https:\/\/beebipood.ee\/ru\/wp-json\/wp\/v2\/pwb-brand?post=458981"},{"taxonomy":"product_brand","embeddable":true,"href":"https:\/\/beebipood.ee\/ru\/wp-json\/wp\/v2\/product_brand?post=458981"},{"taxonomy":"product_cat","embeddable":true,"href":"https:\/\/beebipood.ee\/ru\/wp-json\/wp\/v2\/product_cat?post=458981"},{"taxonomy":"product_tag","embeddable":true,"href":"https:\/\/beebipood.ee\/ru\/wp-json\/wp\/v2\/product_tag?post=458981"}],"curies":[{"name":"wp","href":"https:\/\/api.w.org\/{rel}","templated":true}]}}