{"id":458985,"date":"2020-01-09T13:16:15","date_gmt":"2020-01-09T11:16:15","guid":{"rendered":"https:\/\/beebipood.ee\/toode\/muuvo-trick-vankrikorv-varvivalik\/"},"modified":"2025-01-31T08:11:59","modified_gmt":"2025-01-31T06:11:59","slug":"muuvo-trick-vankrikorv-varvivalik","status":"publish","type":"product","link":"https:\/\/beebipood.ee\/ru\/produkt\/muuvo-trick-vankrikorv-varvivalik\/","title":{"rendered":"Muuvo Trick vankrikorv, v\u00e4rvivalik"},"content":{"rendered":"<p><span style=\"text-decoration: underline;\">Muuvo Trick vankrikorv.<\/span><br \/>Muuvo Trick vankrikorv on kerge kaaluga (4,1kg).<br \/>Alumiiniumist raam (Black Satin).<br \/>Korvis on piisavalt ruumi beebile magamiseks (laius 33cm pikkus 79cm).<br \/>Vankrikorvi on ka hea koos lapsega t\u00f5sta.<br \/>Kasutamiseks s\u00fcnnist kuni vanuseni ca. 6-7 kuud.<br \/>Juba niigi s\u00fcgavat kaarvarju v\u00f5ib vajadusel veelgi<br \/>pikendada \u00fche sektsiooni v\u00f5rra t\u00f5mbeluku avamisel.<br \/>Kaarvarju sisse on installitud s\u00e4\u00e4sev\u00f5rk ja p\u00e4ikesevari.<br \/>Puuvillase kangaga polsterdatud vankrikorvi sisemus.<br \/>M\u00e4luvaht madrats 33&#215;79.<br \/>Kasutatud on premium kangast, mis on vastupidav, vetth\u00fclgav ja UV kindel (UV 50).<br \/>Premium kangal on ka mustust h\u00fclgav omadus.<br \/>Kangal on kasutatud &#171;hot press lines&#187; tehnoloogiat (limiteeritud \u00f5mbluste arv).<br \/>&#8216;Kandesang<br \/>&#8216;Kaarvari \u00f5hutusavaga<br \/>&#8216;3D Airflow \u00f5hutuss\u00fcsteem<br \/>&#8216;Jalgadekate<br \/>&#8216;S\u00e4\u00e4sev\u00f5rk<br \/>&#8216;P\u00e4ikesevari<br \/>&#8216;Pehme vooder ja madrats<br \/>&#8216;Kokkupandav transpordiks<\/p>\n<p>Vankrikorvi m\u00f5\u00f5dud: Pikkus 88cm (seest 79cm), Laius 39cm (seest 33cm)<br \/>Vankrikorvi kaal: 4,1kg<br \/>Vanuser\u00fchma alates: 0+ kuni 9kg<\/p>\n","protected":false},"excerpt":{"rendered":"<p>Muuvo Trick vankrikorv.Muuvo Trick vankrikorv on kerge kaaluga (4,1kg).Alumiiniumist raam (Black Satin).Korvis on piisavalt ruumi beebile magamiseks (laius 33cm pikkus 79cm).Vankrikorvi on ka hea koos lapsega t\u00f5sta.Kasutamiseks s\u00fcnnist kuni vanuseni ca. 6-7 kuud.Juba niigi s\u00fcgavat kaarvarju v\u00f5ib vajadusel veelgipikendada \u00fche sektsiooni v\u00f5rra t\u00f5mbeluku avamisel.Kaarvarju sisse on installitud s\u00e4\u00e4sev\u00f5rk ja p\u00e4ikesevari.Puuvillase kangaga polsterdatud vankrikorvi sisemus.M\u00e4luvaht madrats [&hellip;]<\/p>\n","protected":false},"featured_media":131802,"template":"","meta":{"_acf_changed":false},"pwb-brand":[11964],"product_brand":[],"product_cat":[11721,11889,11893,11725,11717],"product_tag":[],"class_list":{"0":"post-458985","1":"product","2":"type-product","3":"status-publish","4":"has-post-thumbnail","6":"pwb-brand-muuvo-ru","7":"product_cat-jalutuskarud-ru","8":"product_cat-muuvo-ru","9":"product_cat-muuvo-trick-ru","10":"product_cat-lisatarvikud-ru","11":"product_cat-lastevankrid-ja-karud-ru","12":"pa_manufacturer-muuvo-ru","14":"first","15":"onbackorder","16":"taxable","17":"shipping-taxable","18":"purchasable","19":"product-type-simple"},"exclude_global_add_ons":false,"addons":[{"name":"Vali v\u00e4rv","type":"multiple_choice","position":0,"required":true,"title_format":"heading","default":"","description_enable":false,"description":"","placeholder_enable":false,"placeholder":"","display":"images","restrictions_type":"any_text","adjust_price":false,"price":"","price_type":"flat_fee","restrictions":false,"min":"0","max":"0","options":[{"label":"Ocean Blue","price":"","price_type":"quantity_based","image":502395,"visibility":true},{"label":"Jet Black","price":"","price_type":"quantity_based","image":502397,"visibility":true},{"label":"Iron Graphite","price":"","price_type":"quantity_based","image":502399,"visibility":true},{"label":"Pure Pink","price":"","price_type":"quantity_based","image":502401,"visibility":true},{"label":"Steel Grey","price":"","price_type":"quantity_based","image":502403,"visibility":true}]}],"acf":[],"yoast_head":"<!-- This site is optimized with the Yoast SEO plugin v27.3 - https:\/\/yoast.com\/product\/yoast-seo-wordpress\/ -->\n<title>Muuvo Trick vankrikorv, v\u00e4rvivalik, \u0421\u041a\u0418\u0414\u041a\u0418, \u041a\u043e\u043b\u044f\u0441\u043a\u0438, \u041f\u0440\u043e\u0433\u0443\u043b\u043e\u0447\u043d\u044b\u0435 \u043a\u043e\u043b\u044f\u0441\u043a\u0438, \u041f\u0440\u0438\u043d\u0430\u0434\u043b\u0435\u0436\u043d\u043e\u0441\u0442\u0438, Muuvo, Muuvo Trick, Beebipood<\/title>\n<meta name=\"description\" content=\"Muuvo Trick vankrikorv, v\u00e4rvivalik, Muuvo Trick vankrikorv.Muuvo Trick vankrikorv on kerge kaaluga (4\" \/>\n<meta name=\"robots\" content=\"index, follow, max-snippet:-1, max-image-preview:large, max-video-preview:-1\" \/>\n<link rel=\"canonical\" href=\"https:\/\/beebipood.ee\/ru\/produkt\/muuvo-trick-vankrikorv-varvivalik\/\" \/>\n<meta property=\"og:locale\" content=\"ru_RU\" \/>\n<meta property=\"og:type\" content=\"article\" \/>\n<meta property=\"og:title\" content=\"Muuvo Trick vankrikorv, v\u00e4rvivalik, \u0421\u041a\u0418\u0414\u041a\u0418, \u041a\u043e\u043b\u044f\u0441\u043a\u0438, \u041f\u0440\u043e\u0433\u0443\u043b\u043e\u0447\u043d\u044b\u0435 \u043a\u043e\u043b\u044f\u0441\u043a\u0438, \u041f\u0440\u0438\u043d\u0430\u0434\u043b\u0435\u0436\u043d\u043e\u0441\u0442\u0438, Muuvo, Muuvo Trick, Beebipood\" \/>\n<meta property=\"og:description\" content=\"Muuvo Trick vankrikorv, v\u00e4rvivalik, Muuvo Trick vankrikorv.Muuvo Trick vankrikorv on kerge kaaluga (4\" \/>\n<meta property=\"og:url\" content=\"https:\/\/beebipood.ee\/ru\/produkt\/muuvo-trick-vankrikorv-varvivalik\/\" \/>\n<meta property=\"og:site_name\" content=\"Beebipood\" \/>\n<meta property=\"article:modified_time\" content=\"2025-01-31T06:11:59+00:00\" \/>\n<meta property=\"og:image\" content=\"https:\/\/beebipood.ee\/wp-content\/uploads\/2020\/01\/Muuvo-Trick-vankrikorv-varvivalik-UUED-TOOTED-Lastevankrid-ja-karud-Jalutuskarud-Lisavarustus-Muuvo-Muuvo-Trick_3-212.jpg\" \/>\n\t<meta property=\"og:image:width\" content=\"1600\" \/>\n\t<meta property=\"og:image:height\" content=\"2400\" \/>\n\t<meta property=\"og:image:type\" content=\"image\/jpeg\" \/>\n<meta name=\"twitter:card\" content=\"summary_large_image\" \/>\n<meta name=\"twitter:label1\" content=\"\u041f\u0440\u0438\u043c\u0435\u0440\u043d\u043e\u0435 \u0432\u0440\u0435\u043c\u044f \u0434\u043b\u044f \u0447\u0442\u0435\u043d\u0438\u044f\" \/>\n\t<meta name=\"twitter:data1\" content=\"1 \u043c\u0438\u043d\u0443\u0442\u0430\" \/>\n<script type=\"application\/ld+json\" class=\"yoast-schema-graph\">{\"@context\":\"https:\\\/\\\/schema.org\",\"@graph\":[{\"@type\":\"WebPage\",\"@id\":\"https:\\\/\\\/beebipood.ee\\\/ru\\\/produkt\\\/muuvo-trick-vankrikorv-varvivalik\\\/\",\"url\":\"https:\\\/\\\/beebipood.ee\\\/ru\\\/produkt\\\/muuvo-trick-vankrikorv-varvivalik\\\/\",\"name\":\"Muuvo Trick vankrikorv, v\u00e4rvivalik, \u0421\u041a\u0418\u0414\u041a\u0418, \u041a\u043e\u043b\u044f\u0441\u043a\u0438, \u041f\u0440\u043e\u0433\u0443\u043b\u043e\u0447\u043d\u044b\u0435 \u043a\u043e\u043b\u044f\u0441\u043a\u0438, \u041f\u0440\u0438\u043d\u0430\u0434\u043b\u0435\u0436\u043d\u043e\u0441\u0442\u0438, Muuvo, Muuvo Trick, Beebipood\",\"isPartOf\":{\"@id\":\"https:\\\/\\\/beebipood.ee\\\/ru\\\/#website\"},\"primaryImageOfPage\":{\"@id\":\"https:\\\/\\\/beebipood.ee\\\/ru\\\/produkt\\\/muuvo-trick-vankrikorv-varvivalik\\\/#primaryimage\"},\"image\":{\"@id\":\"https:\\\/\\\/beebipood.ee\\\/ru\\\/produkt\\\/muuvo-trick-vankrikorv-varvivalik\\\/#primaryimage\"},\"thumbnailUrl\":\"https:\\\/\\\/beebipood.ee\\\/wp-content\\\/uploads\\\/2020\\\/01\\\/Muuvo-Trick-vankrikorv-varvivalik-UUED-TOOTED-Lastevankrid-ja-karud-Jalutuskarud-Lisavarustus-Muuvo-Muuvo-Trick_3-212.jpg\",\"datePublished\":\"2020-01-09T11:16:15+00:00\",\"dateModified\":\"2025-01-31T06:11:59+00:00\",\"description\":\"Muuvo Trick vankrikorv, v\u00e4rvivalik, Muuvo Trick vankrikorv.Muuvo Trick vankrikorv on kerge kaaluga (4\",\"breadcrumb\":{\"@id\":\"https:\\\/\\\/beebipood.ee\\\/ru\\\/produkt\\\/muuvo-trick-vankrikorv-varvivalik\\\/#breadcrumb\"},\"inLanguage\":\"ru-RU\",\"potentialAction\":[{\"@type\":\"ReadAction\",\"target\":[\"https:\\\/\\\/beebipood.ee\\\/ru\\\/produkt\\\/muuvo-trick-vankrikorv-varvivalik\\\/\"]}]},{\"@type\":\"ImageObject\",\"inLanguage\":\"ru-RU\",\"@id\":\"https:\\\/\\\/beebipood.ee\\\/ru\\\/produkt\\\/muuvo-trick-vankrikorv-varvivalik\\\/#primaryimage\",\"url\":\"https:\\\/\\\/beebipood.ee\\\/wp-content\\\/uploads\\\/2020\\\/01\\\/Muuvo-Trick-vankrikorv-varvivalik-UUED-TOOTED-Lastevankrid-ja-karud-Jalutuskarud-Lisavarustus-Muuvo-Muuvo-Trick_3-212.jpg\",\"contentUrl\":\"https:\\\/\\\/beebipood.ee\\\/wp-content\\\/uploads\\\/2020\\\/01\\\/Muuvo-Trick-vankrikorv-varvivalik-UUED-TOOTED-Lastevankrid-ja-karud-Jalutuskarud-Lisavarustus-Muuvo-Muuvo-Trick_3-212.jpg\",\"width\":1600,\"height\":2400},{\"@type\":\"BreadcrumbList\",\"@id\":\"https:\\\/\\\/beebipood.ee\\\/ru\\\/produkt\\\/muuvo-trick-vankrikorv-varvivalik\\\/#breadcrumb\",\"itemListElement\":[{\"@type\":\"ListItem\",\"position\":1,\"name\":\"Home\",\"item\":\"https:\\\/\\\/beebipood.ee\\\/ru\\\/\"},{\"@type\":\"ListItem\",\"position\":2,\"name\":\"\u041a\u0430\u0442\u0430\u043b\u043e\u0433 \u0442\u043e\u0432\u0430\u0440\u043e\u0432\",\"item\":\"https:\\\/\\\/beebipood.ee\\\/tooted\\\/\"},{\"@type\":\"ListItem\",\"position\":3,\"name\":\"Muuvo Trick vankrikorv, v\u00e4rvivalik\"}]},{\"@type\":\"WebSite\",\"@id\":\"https:\\\/\\\/beebipood.ee\\\/ru\\\/#website\",\"url\":\"https:\\\/\\\/beebipood.ee\\\/ru\\\/\",\"name\":\"Beebipood\",\"description\":\"Lastekaubad, beebikaubad, m\u00e4nguasjad\",\"publisher\":{\"@id\":\"https:\\\/\\\/beebipood.ee\\\/ru\\\/#organization\"},\"potentialAction\":[{\"@type\":\"SearchAction\",\"target\":{\"@type\":\"EntryPoint\",\"urlTemplate\":\"https:\\\/\\\/beebipood.ee\\\/ru\\\/?s={search_term_string}\"},\"query-input\":{\"@type\":\"PropertyValueSpecification\",\"valueRequired\":true,\"valueName\":\"search_term_string\"}}],\"inLanguage\":\"ru-RU\"},{\"@type\":\"Organization\",\"@id\":\"https:\\\/\\\/beebipood.ee\\\/ru\\\/#organization\",\"name\":\"Beebipood\",\"url\":\"https:\\\/\\\/beebipood.ee\\\/ru\\\/\",\"logo\":{\"@type\":\"ImageObject\",\"inLanguage\":\"ru-RU\",\"@id\":\"https:\\\/\\\/beebipood.ee\\\/ru\\\/#\\\/schema\\\/logo\\\/image\\\/\",\"url\":\"https:\\\/\\\/beebipood.ee\\\/wp-content\\\/uploads\\\/2025\\\/03\\\/beebipood.ee-logo-1.svg\",\"contentUrl\":\"https:\\\/\\\/beebipood.ee\\\/wp-content\\\/uploads\\\/2025\\\/03\\\/beebipood.ee-logo-1.svg\",\"caption\":\"Beebipood\"},\"image\":{\"@id\":\"https:\\\/\\\/beebipood.ee\\\/ru\\\/#\\\/schema\\\/logo\\\/image\\\/\"}}]}<\/script>\n<!-- \/ Yoast SEO plugin. -->","yoast_head_json":{"title":"Muuvo Trick vankrikorv, v\u00e4rvivalik, \u0421\u041a\u0418\u0414\u041a\u0418, \u041a\u043e\u043b\u044f\u0441\u043a\u0438, \u041f\u0440\u043e\u0433\u0443\u043b\u043e\u0447\u043d\u044b\u0435 \u043a\u043e\u043b\u044f\u0441\u043a\u0438, \u041f\u0440\u0438\u043d\u0430\u0434\u043b\u0435\u0436\u043d\u043e\u0441\u0442\u0438, Muuvo, Muuvo Trick, Beebipood","description":"Muuvo Trick vankrikorv, v\u00e4rvivalik, Muuvo Trick vankrikorv.Muuvo Trick vankrikorv on kerge kaaluga (4","robots":{"index":"index","follow":"follow","max-snippet":"max-snippet:-1","max-image-preview":"max-image-preview:large","max-video-preview":"max-video-preview:-1"},"canonical":"https:\/\/beebipood.ee\/ru\/produkt\/muuvo-trick-vankrikorv-varvivalik\/","og_locale":"ru_RU","og_type":"article","og_title":"Muuvo Trick vankrikorv, v\u00e4rvivalik, \u0421\u041a\u0418\u0414\u041a\u0418, \u041a\u043e\u043b\u044f\u0441\u043a\u0438, \u041f\u0440\u043e\u0433\u0443\u043b\u043e\u0447\u043d\u044b\u0435 \u043a\u043e\u043b\u044f\u0441\u043a\u0438, \u041f\u0440\u0438\u043d\u0430\u0434\u043b\u0435\u0436\u043d\u043e\u0441\u0442\u0438, Muuvo, Muuvo Trick, Beebipood","og_description":"Muuvo Trick vankrikorv, v\u00e4rvivalik, Muuvo Trick vankrikorv.Muuvo Trick vankrikorv on kerge kaaluga (4","og_url":"https:\/\/beebipood.ee\/ru\/produkt\/muuvo-trick-vankrikorv-varvivalik\/","og_site_name":"Beebipood","article_modified_time":"2025-01-31T06:11:59+00:00","og_image":[{"width":1600,"height":2400,"url":"https:\/\/beebipood.ee\/wp-content\/uploads\/2020\/01\/Muuvo-Trick-vankrikorv-varvivalik-UUED-TOOTED-Lastevankrid-ja-karud-Jalutuskarud-Lisavarustus-Muuvo-Muuvo-Trick_3-212.jpg","type":"image\/jpeg"}],"twitter_card":"summary_large_image","twitter_misc":{"\u041f\u0440\u0438\u043c\u0435\u0440\u043d\u043e\u0435 \u0432\u0440\u0435\u043c\u044f \u0434\u043b\u044f \u0447\u0442\u0435\u043d\u0438\u044f":"1 \u043c\u0438\u043d\u0443\u0442\u0430"},"schema":{"@context":"https:\/\/schema.org","@graph":[{"@type":"WebPage","@id":"https:\/\/beebipood.ee\/ru\/produkt\/muuvo-trick-vankrikorv-varvivalik\/","url":"https:\/\/beebipood.ee\/ru\/produkt\/muuvo-trick-vankrikorv-varvivalik\/","name":"Muuvo Trick vankrikorv, v\u00e4rvivalik, \u0421\u041a\u0418\u0414\u041a\u0418, \u041a\u043e\u043b\u044f\u0441\u043a\u0438, \u041f\u0440\u043e\u0433\u0443\u043b\u043e\u0447\u043d\u044b\u0435 \u043a\u043e\u043b\u044f\u0441\u043a\u0438, \u041f\u0440\u0438\u043d\u0430\u0434\u043b\u0435\u0436\u043d\u043e\u0441\u0442\u0438, Muuvo, Muuvo Trick, Beebipood","isPartOf":{"@id":"https:\/\/beebipood.ee\/ru\/#website"},"primaryImageOfPage":{"@id":"https:\/\/beebipood.ee\/ru\/produkt\/muuvo-trick-vankrikorv-varvivalik\/#primaryimage"},"image":{"@id":"https:\/\/beebipood.ee\/ru\/produkt\/muuvo-trick-vankrikorv-varvivalik\/#primaryimage"},"thumbnailUrl":"https:\/\/beebipood.ee\/wp-content\/uploads\/2020\/01\/Muuvo-Trick-vankrikorv-varvivalik-UUED-TOOTED-Lastevankrid-ja-karud-Jalutuskarud-Lisavarustus-Muuvo-Muuvo-Trick_3-212.jpg","datePublished":"2020-01-09T11:16:15+00:00","dateModified":"2025-01-31T06:11:59+00:00","description":"Muuvo Trick vankrikorv, v\u00e4rvivalik, Muuvo Trick vankrikorv.Muuvo Trick vankrikorv on kerge kaaluga (4","breadcrumb":{"@id":"https:\/\/beebipood.ee\/ru\/produkt\/muuvo-trick-vankrikorv-varvivalik\/#breadcrumb"},"inLanguage":"ru-RU","potentialAction":[{"@type":"ReadAction","target":["https:\/\/beebipood.ee\/ru\/produkt\/muuvo-trick-vankrikorv-varvivalik\/"]}]},{"@type":"ImageObject","inLanguage":"ru-RU","@id":"https:\/\/beebipood.ee\/ru\/produkt\/muuvo-trick-vankrikorv-varvivalik\/#primaryimage","url":"https:\/\/beebipood.ee\/wp-content\/uploads\/2020\/01\/Muuvo-Trick-vankrikorv-varvivalik-UUED-TOOTED-Lastevankrid-ja-karud-Jalutuskarud-Lisavarustus-Muuvo-Muuvo-Trick_3-212.jpg","contentUrl":"https:\/\/beebipood.ee\/wp-content\/uploads\/2020\/01\/Muuvo-Trick-vankrikorv-varvivalik-UUED-TOOTED-Lastevankrid-ja-karud-Jalutuskarud-Lisavarustus-Muuvo-Muuvo-Trick_3-212.jpg","width":1600,"height":2400},{"@type":"BreadcrumbList","@id":"https:\/\/beebipood.ee\/ru\/produkt\/muuvo-trick-vankrikorv-varvivalik\/#breadcrumb","itemListElement":[{"@type":"ListItem","position":1,"name":"Home","item":"https:\/\/beebipood.ee\/ru\/"},{"@type":"ListItem","position":2,"name":"\u041a\u0430\u0442\u0430\u043b\u043e\u0433 \u0442\u043e\u0432\u0430\u0440\u043e\u0432","item":"https:\/\/beebipood.ee\/tooted\/"},{"@type":"ListItem","position":3,"name":"Muuvo Trick vankrikorv, v\u00e4rvivalik"}]},{"@type":"WebSite","@id":"https:\/\/beebipood.ee\/ru\/#website","url":"https:\/\/beebipood.ee\/ru\/","name":"Beebipood","description":"Lastekaubad, beebikaubad, m\u00e4nguasjad","publisher":{"@id":"https:\/\/beebipood.ee\/ru\/#organization"},"potentialAction":[{"@type":"SearchAction","target":{"@type":"EntryPoint","urlTemplate":"https:\/\/beebipood.ee\/ru\/?s={search_term_string}"},"query-input":{"@type":"PropertyValueSpecification","valueRequired":true,"valueName":"search_term_string"}}],"inLanguage":"ru-RU"},{"@type":"Organization","@id":"https:\/\/beebipood.ee\/ru\/#organization","name":"Beebipood","url":"https:\/\/beebipood.ee\/ru\/","logo":{"@type":"ImageObject","inLanguage":"ru-RU","@id":"https:\/\/beebipood.ee\/ru\/#\/schema\/logo\/image\/","url":"https:\/\/beebipood.ee\/wp-content\/uploads\/2025\/03\/beebipood.ee-logo-1.svg","contentUrl":"https:\/\/beebipood.ee\/wp-content\/uploads\/2025\/03\/beebipood.ee-logo-1.svg","caption":"Beebipood"},"image":{"@id":"https:\/\/beebipood.ee\/ru\/#\/schema\/logo\/image\/"}}]}},"brands":[{"id":11964,"name":"Muuvo","slug":"muuvo-ru"}],"_links":{"self":[{"href":"https:\/\/beebipood.ee\/ru\/wp-json\/wp\/v2\/product\/458985","targetHints":{"allow":["GET"]}}],"collection":[{"href":"https:\/\/beebipood.ee\/ru\/wp-json\/wp\/v2\/product"}],"about":[{"href":"https:\/\/beebipood.ee\/ru\/wp-json\/wp\/v2\/types\/product"}],"wp:featuredmedia":[{"embeddable":true,"href":"https:\/\/beebipood.ee\/ru\/wp-json\/wp\/v2\/media\/131802"}],"wp:attachment":[{"href":"https:\/\/beebipood.ee\/ru\/wp-json\/wp\/v2\/media?parent=458985"}],"wp:term":[{"taxonomy":"pwb-brand","embeddable":true,"href":"https:\/\/beebipood.ee\/ru\/wp-json\/wp\/v2\/pwb-brand?post=458985"},{"taxonomy":"product_brand","embeddable":true,"href":"https:\/\/beebipood.ee\/ru\/wp-json\/wp\/v2\/product_brand?post=458985"},{"taxonomy":"product_cat","embeddable":true,"href":"https:\/\/beebipood.ee\/ru\/wp-json\/wp\/v2\/product_cat?post=458985"},{"taxonomy":"product_tag","embeddable":true,"href":"https:\/\/beebipood.ee\/ru\/wp-json\/wp\/v2\/product_tag?post=458985"}],"curies":[{"name":"wp","href":"https:\/\/api.w.org\/{rel}","templated":true}]}}