{"id":458987,"date":"2020-01-09T13:33:12","date_gmt":"2020-01-09T11:33:12","guid":{"rendered":"https:\/\/beebipood.ee\/toode\/muuvo-trick-jalutuskaru-iron-graphite\/"},"modified":"2025-01-31T08:11:59","modified_gmt":"2025-01-31T06:11:59","slug":"muuvo-trick-jalutuskaru-iron-graphite","status":"publish","type":"product","link":"https:\/\/beebipood.ee\/ru\/produkt\/muuvo-trick-jalutuskaru-iron-graphite\/","title":{"rendered":"Muuvo Trick jalutusk\u00e4ru, Iron Graphite"},"content":{"rendered":"<p>Muuvo Trick jautusk\u00e4rus on kombineeritud kvaliteet ja disan<br \/>kus iga v\u00e4iksemgi detail on l\u00e4bim\u00f5eldud silmaspidades mugavust ning v\u00e4list ilu.<br \/>Muuvo Trick sobib n\u00f5udlikele vanematele, kes hindavad kvaliteeti ja disaini.<\/p>\n<p>Muuvo Trick jalutusk\u00e4ru k\u00e4ib kokku lihtsalt ja v\u00e4ga kompaktseks<br \/>Stabiilse konstruktsiooniga alumiiniumist raam (Black Satin)<br \/>Trick jalutusk\u00e4ru on \u00fche k\u00e4ega kokkuklapitav<br \/>Trick on istmega koos kokkuklapitav m\u00f5lemat pidi<br \/>K\u00e4epide on reguleeritava k\u00f5rgusega (teleskoop 100 &#8212; 108 cm) ning kaetud \u00f6ko-nahaga<br \/>Muuvo Trick istumisosa on asetatav m\u00f5lemasse s\u00f5idusuunda<br \/>Polsterdatud 5-punkti turvarihmad (reguleeritava k\u00f5rgusega)<br \/>Allalastav seljatugi (3 asendit)<br \/>Seljatuge on v\u00f5imalik alla lasta, moodustades horisontaalse tasapinna ( 88cm )<br \/>Lai iste<br \/>Eemaldatav turvakaar (turvakaar on jalutusk\u00e4ruga komlektis)<br \/>M\u00f5lemale poole avanev turvakaar<br \/>Reguleeritav jalgade tugi ei j\u00e4ta magava lapse jalgu rippuma \u2013 lapsel on mugavam magada<br \/>Libisemiskindla pinnaga jalatugi<br \/>Jalgatoe alumine osa kaetud nahaga, et kangas ei m\u00e4\u00e4rduks<br \/>T\u00e4ielikult etteulatuv kaarvari<br \/>\u00d5huava kaarvarjus (v\u00f5rk)<br \/>Juba niigi s\u00fcgavat \u201eExpanda\u201c kaarvarju v\u00f5ib vajadusel veelgi<br \/>pikendada \u00fche sektsiooni v\u00f5rra t\u00f5mbeluku avamisel<br \/>Jalaga seisupidur<br \/>Pehmed kummirattad, mis on t\u00e4idetug geeliga<br \/>Rataste suurus: ees 17,8cm ja taga 29,2cm<br \/>K\u00f5igil neljal rattal on vedrustus<br \/>Esimesed rattad fikseeritavad<br \/>K\u00f5ik kiireemaldatavad rattad<br \/>Mahkukas kinnine kaubakorv (avatav lukuga)<br \/>Kasutatud on premium kangast, mis on vastupidav, vetth\u00fclgav ja UV kindel (UV 50)<br \/>Premium kangal on ka mustust h\u00fclgav omadus<br \/>Kangal on kasutatud &#171;hot press lines&#187; tehnoloogiat (limiteeritud \u00f5mbluste arv)<br \/>Mugav raami lukustus<br \/><span style=\"text-decoration: underline;\">Komplektis on:<\/span><br \/>Beebisisu<br \/>Riidest soe jalgakott (footmuff)<br \/>Vihmakile<br \/>S\u00e4\u00e4sev\u00f5rk<br \/>Beebitarvikute kott<\/p>\n<p><span style=\"text-decoration: underline;\">Spetsifikatsioonid:<\/span><br \/>Avatuna: Pikkus 79-86cm, Laius 58cm, k\u00f5rgus 100-108cm<br \/>Kokkuklapituna: Pikkus 64cm, Laius 58cm, k\u00f5rgus 37cm<br \/>Sisemised m\u00f5\u00f5dud istmel: Istme laius 33cm, seljatoe k\u00f5rgus 49cm<br \/>Kaal koos ratastega ja istumisosaga : 11,5kg<br \/>Vanuser\u00fchmast alates: 0+<br \/>Kandev\u00f5ime: 22 kg<\/p>\n","protected":false},"excerpt":{"rendered":"<p>Muuvo Trick jautusk\u00e4rus on kombineeritud kvaliteet ja disankus iga v\u00e4iksemgi detail on l\u00e4bim\u00f5eldud silmaspidades mugavust ning v\u00e4list ilu.Muuvo Trick sobib n\u00f5udlikele vanematele, kes hindavad kvaliteeti ja disaini. Muuvo Trick jalutusk\u00e4ru k\u00e4ib kokku lihtsalt ja v\u00e4ga kompaktseksStabiilse konstruktsiooniga alumiiniumist raam (Black Satin)Trick jalutusk\u00e4ru on \u00fche k\u00e4ega kokkuklapitavTrick on istmega koos kokkuklapitav m\u00f5lemat pidiK\u00e4epide on reguleeritava k\u00f5rgusega [&hellip;]<\/p>\n","protected":false},"featured_media":131846,"template":"","meta":{"_acf_changed":false},"pwb-brand":[11964],"product_brand":[],"product_cat":[11721,11889,11893,11717],"product_tag":[],"class_list":{"0":"post-458987","1":"product","2":"type-product","3":"status-publish","4":"has-post-thumbnail","6":"pwb-brand-muuvo-ru","7":"product_cat-jalutuskarud-ru","8":"product_cat-muuvo-ru","9":"product_cat-muuvo-trick-ru","10":"product_cat-lastevankrid-ja-karud-ru","11":"pa_manufacturer-muuvo-ru","13":"first","14":"onbackorder","15":"taxable","16":"shipping-taxable","17":"purchasable","18":"product-type-simple"},"exclude_global_add_ons":[],"addons":[],"acf":[],"yoast_head":"<!-- This site is optimized with the Yoast SEO plugin v27.1.1 - https:\/\/yoast.com\/product\/yoast-seo-wordpress\/ -->\n<title>Muuvo Trick jalutusk\u00e4ru, Iron Graphite, \u0421\u041a\u0418\u0414\u041a\u0418, \u041a\u043e\u043b\u044f\u0441\u043a\u0438, \u041f\u0440\u043e\u0433\u0443\u043b\u043e\u0447\u043d\u044b\u0435 \u043a\u043e\u043b\u044f\u0441\u043a\u0438, Muuvo, Muuvo Trick, Beebipood<\/title>\n<meta name=\"description\" content=\"Muuvo Trick jalutusk\u00e4ru, Iron Graphite, Muuvo Trick jautusk&auml;rus on kombineeritud kvaliteet ja disankus iga v&auml;iksemgi detail on l&auml;bim&amp;ot\" \/>\n<meta name=\"robots\" content=\"index, follow, max-snippet:-1, max-image-preview:large, max-video-preview:-1\" \/>\n<link rel=\"canonical\" href=\"https:\/\/beebipood.ee\/ru\/produkt\/muuvo-trick-jalutuskaru-iron-graphite\/\" \/>\n<meta property=\"og:locale\" content=\"ru_RU\" \/>\n<meta property=\"og:type\" content=\"article\" \/>\n<meta property=\"og:title\" content=\"Muuvo Trick jalutusk\u00e4ru, Iron Graphite, \u0421\u041a\u0418\u0414\u041a\u0418, \u041a\u043e\u043b\u044f\u0441\u043a\u0438, \u041f\u0440\u043e\u0433\u0443\u043b\u043e\u0447\u043d\u044b\u0435 \u043a\u043e\u043b\u044f\u0441\u043a\u0438, Muuvo, Muuvo Trick, Beebipood\" \/>\n<meta property=\"og:description\" content=\"Muuvo Trick jalutusk\u00e4ru, Iron Graphite, Muuvo Trick jautusk&auml;rus on kombineeritud kvaliteet ja disankus iga v&auml;iksemgi detail on l&auml;bim&amp;ot\" \/>\n<meta property=\"og:url\" content=\"https:\/\/beebipood.ee\/ru\/produkt\/muuvo-trick-jalutuskaru-iron-graphite\/\" \/>\n<meta property=\"og:site_name\" content=\"Beebipood\" \/>\n<meta property=\"article:modified_time\" content=\"2025-01-31T06:11:59+00:00\" \/>\n<meta property=\"og:image\" content=\"https:\/\/beebipood.ee\/wp-content\/uploads\/2020\/01\/Muuvo-Trick-jalutuskaru-Iron-Graphite-Lastevankrid-ja-karud-Jalutuskarud-Muuvo_20-925.jpg\" \/>\n\t<meta property=\"og:image:width\" content=\"1600\" \/>\n\t<meta property=\"og:image:height\" content=\"2400\" \/>\n\t<meta property=\"og:image:type\" content=\"image\/jpeg\" \/>\n<meta name=\"twitter:card\" content=\"summary_large_image\" \/>\n<meta name=\"twitter:label1\" content=\"\u041f\u0440\u0438\u043c\u0435\u0440\u043d\u043e\u0435 \u0432\u0440\u0435\u043c\u044f \u0434\u043b\u044f \u0447\u0442\u0435\u043d\u0438\u044f\" \/>\n\t<meta name=\"twitter:data1\" content=\"1 \u043c\u0438\u043d\u0443\u0442\u0430\" \/>\n<script type=\"application\/ld+json\" class=\"yoast-schema-graph\">{\"@context\":\"https:\/\/schema.org\",\"@graph\":[{\"@type\":\"WebPage\",\"@id\":\"https:\/\/beebipood.ee\/ru\/produkt\/muuvo-trick-jalutuskaru-iron-graphite\/\",\"url\":\"https:\/\/beebipood.ee\/ru\/produkt\/muuvo-trick-jalutuskaru-iron-graphite\/\",\"name\":\"Muuvo Trick jalutusk\u00e4ru, Iron Graphite, \u0421\u041a\u0418\u0414\u041a\u0418, \u041a\u043e\u043b\u044f\u0441\u043a\u0438, \u041f\u0440\u043e\u0433\u0443\u043b\u043e\u0447\u043d\u044b\u0435 \u043a\u043e\u043b\u044f\u0441\u043a\u0438, Muuvo, Muuvo Trick, Beebipood\",\"isPartOf\":{\"@id\":\"https:\/\/beebipood.ee\/ru\/#website\"},\"primaryImageOfPage\":{\"@id\":\"https:\/\/beebipood.ee\/ru\/produkt\/muuvo-trick-jalutuskaru-iron-graphite\/#primaryimage\"},\"image\":{\"@id\":\"https:\/\/beebipood.ee\/ru\/produkt\/muuvo-trick-jalutuskaru-iron-graphite\/#primaryimage\"},\"thumbnailUrl\":\"https:\/\/beebipood.ee\/wp-content\/uploads\/2020\/01\/Muuvo-Trick-jalutuskaru-Iron-Graphite-Lastevankrid-ja-karud-Jalutuskarud-Muuvo_20-925.jpg\",\"datePublished\":\"2020-01-09T11:33:12+00:00\",\"dateModified\":\"2025-01-31T06:11:59+00:00\",\"description\":\"Muuvo Trick jalutusk\u00e4ru, Iron Graphite, Muuvo Trick jautusk&auml;rus on kombineeritud kvaliteet ja disankus iga v&auml;iksemgi detail on l&auml;bim&ot\",\"breadcrumb\":{\"@id\":\"https:\/\/beebipood.ee\/ru\/produkt\/muuvo-trick-jalutuskaru-iron-graphite\/#breadcrumb\"},\"inLanguage\":\"ru-RU\",\"potentialAction\":[{\"@type\":\"ReadAction\",\"target\":[\"https:\/\/beebipood.ee\/ru\/produkt\/muuvo-trick-jalutuskaru-iron-graphite\/\"]}]},{\"@type\":\"ImageObject\",\"inLanguage\":\"ru-RU\",\"@id\":\"https:\/\/beebipood.ee\/ru\/produkt\/muuvo-trick-jalutuskaru-iron-graphite\/#primaryimage\",\"url\":\"https:\/\/beebipood.ee\/wp-content\/uploads\/2020\/01\/Muuvo-Trick-jalutuskaru-Iron-Graphite-Lastevankrid-ja-karud-Jalutuskarud-Muuvo_20-925.jpg\",\"contentUrl\":\"https:\/\/beebipood.ee\/wp-content\/uploads\/2020\/01\/Muuvo-Trick-jalutuskaru-Iron-Graphite-Lastevankrid-ja-karud-Jalutuskarud-Muuvo_20-925.jpg\",\"width\":1600,\"height\":2400},{\"@type\":\"BreadcrumbList\",\"@id\":\"https:\/\/beebipood.ee\/ru\/produkt\/muuvo-trick-jalutuskaru-iron-graphite\/#breadcrumb\",\"itemListElement\":[{\"@type\":\"ListItem\",\"position\":1,\"name\":\"Home\",\"item\":\"https:\/\/beebipood.ee\/ru\/\"},{\"@type\":\"ListItem\",\"position\":2,\"name\":\"\u041a\u0430\u0442\u0430\u043b\u043e\u0433 \u0442\u043e\u0432\u0430\u0440\u043e\u0432\",\"item\":\"https:\/\/beebipood.ee\/tooted\/\"},{\"@type\":\"ListItem\",\"position\":3,\"name\":\"Muuvo Trick jalutusk\u00e4ru, Iron Graphite\"}]},{\"@type\":\"WebSite\",\"@id\":\"https:\/\/beebipood.ee\/ru\/#website\",\"url\":\"https:\/\/beebipood.ee\/ru\/\",\"name\":\"Beebipood\",\"description\":\"Lastekaubad, beebikaubad, m\u00e4nguasjad\",\"publisher\":{\"@id\":\"https:\/\/beebipood.ee\/ru\/#organization\"},\"potentialAction\":[{\"@type\":\"SearchAction\",\"target\":{\"@type\":\"EntryPoint\",\"urlTemplate\":\"https:\/\/beebipood.ee\/ru\/?s={search_term_string}\"},\"query-input\":{\"@type\":\"PropertyValueSpecification\",\"valueRequired\":true,\"valueName\":\"search_term_string\"}}],\"inLanguage\":\"ru-RU\"},{\"@type\":\"Organization\",\"@id\":\"https:\/\/beebipood.ee\/ru\/#organization\",\"name\":\"Beebipood\",\"url\":\"https:\/\/beebipood.ee\/ru\/\",\"logo\":{\"@type\":\"ImageObject\",\"inLanguage\":\"ru-RU\",\"@id\":\"https:\/\/beebipood.ee\/ru\/#\/schema\/logo\/image\/\",\"url\":\"https:\/\/beebipood.ee\/wp-content\/uploads\/2025\/03\/beebipood.ee-logo-1.svg\",\"contentUrl\":\"https:\/\/beebipood.ee\/wp-content\/uploads\/2025\/03\/beebipood.ee-logo-1.svg\",\"caption\":\"Beebipood\"},\"image\":{\"@id\":\"https:\/\/beebipood.ee\/ru\/#\/schema\/logo\/image\/\"}}]}<\/script>\n<!-- \/ Yoast SEO plugin. -->","yoast_head_json":{"title":"Muuvo Trick jalutusk\u00e4ru, Iron Graphite, \u0421\u041a\u0418\u0414\u041a\u0418, \u041a\u043e\u043b\u044f\u0441\u043a\u0438, \u041f\u0440\u043e\u0433\u0443\u043b\u043e\u0447\u043d\u044b\u0435 \u043a\u043e\u043b\u044f\u0441\u043a\u0438, Muuvo, Muuvo Trick, Beebipood","description":"Muuvo Trick jalutusk\u00e4ru, Iron Graphite, Muuvo Trick jautusk&auml;rus on kombineeritud kvaliteet ja disankus iga v&auml;iksemgi detail on l&auml;bim&ot","robots":{"index":"index","follow":"follow","max-snippet":"max-snippet:-1","max-image-preview":"max-image-preview:large","max-video-preview":"max-video-preview:-1"},"canonical":"https:\/\/beebipood.ee\/ru\/produkt\/muuvo-trick-jalutuskaru-iron-graphite\/","og_locale":"ru_RU","og_type":"article","og_title":"Muuvo Trick jalutusk\u00e4ru, Iron Graphite, \u0421\u041a\u0418\u0414\u041a\u0418, \u041a\u043e\u043b\u044f\u0441\u043a\u0438, \u041f\u0440\u043e\u0433\u0443\u043b\u043e\u0447\u043d\u044b\u0435 \u043a\u043e\u043b\u044f\u0441\u043a\u0438, Muuvo, Muuvo Trick, Beebipood","og_description":"Muuvo Trick jalutusk\u00e4ru, Iron Graphite, Muuvo Trick jautusk&auml;rus on kombineeritud kvaliteet ja disankus iga v&auml;iksemgi detail on l&auml;bim&ot","og_url":"https:\/\/beebipood.ee\/ru\/produkt\/muuvo-trick-jalutuskaru-iron-graphite\/","og_site_name":"Beebipood","article_modified_time":"2025-01-31T06:11:59+00:00","og_image":[{"width":1600,"height":2400,"url":"https:\/\/beebipood.ee\/wp-content\/uploads\/2020\/01\/Muuvo-Trick-jalutuskaru-Iron-Graphite-Lastevankrid-ja-karud-Jalutuskarud-Muuvo_20-925.jpg","type":"image\/jpeg"}],"twitter_card":"summary_large_image","twitter_misc":{"\u041f\u0440\u0438\u043c\u0435\u0440\u043d\u043e\u0435 \u0432\u0440\u0435\u043c\u044f \u0434\u043b\u044f \u0447\u0442\u0435\u043d\u0438\u044f":"1 \u043c\u0438\u043d\u0443\u0442\u0430"},"schema":{"@context":"https:\/\/schema.org","@graph":[{"@type":"WebPage","@id":"https:\/\/beebipood.ee\/ru\/produkt\/muuvo-trick-jalutuskaru-iron-graphite\/","url":"https:\/\/beebipood.ee\/ru\/produkt\/muuvo-trick-jalutuskaru-iron-graphite\/","name":"Muuvo Trick jalutusk\u00e4ru, Iron Graphite, \u0421\u041a\u0418\u0414\u041a\u0418, \u041a\u043e\u043b\u044f\u0441\u043a\u0438, \u041f\u0440\u043e\u0433\u0443\u043b\u043e\u0447\u043d\u044b\u0435 \u043a\u043e\u043b\u044f\u0441\u043a\u0438, Muuvo, Muuvo Trick, Beebipood","isPartOf":{"@id":"https:\/\/beebipood.ee\/ru\/#website"},"primaryImageOfPage":{"@id":"https:\/\/beebipood.ee\/ru\/produkt\/muuvo-trick-jalutuskaru-iron-graphite\/#primaryimage"},"image":{"@id":"https:\/\/beebipood.ee\/ru\/produkt\/muuvo-trick-jalutuskaru-iron-graphite\/#primaryimage"},"thumbnailUrl":"https:\/\/beebipood.ee\/wp-content\/uploads\/2020\/01\/Muuvo-Trick-jalutuskaru-Iron-Graphite-Lastevankrid-ja-karud-Jalutuskarud-Muuvo_20-925.jpg","datePublished":"2020-01-09T11:33:12+00:00","dateModified":"2025-01-31T06:11:59+00:00","description":"Muuvo Trick jalutusk\u00e4ru, Iron Graphite, Muuvo Trick jautusk&auml;rus on kombineeritud kvaliteet ja disankus iga v&auml;iksemgi detail on l&auml;bim&ot","breadcrumb":{"@id":"https:\/\/beebipood.ee\/ru\/produkt\/muuvo-trick-jalutuskaru-iron-graphite\/#breadcrumb"},"inLanguage":"ru-RU","potentialAction":[{"@type":"ReadAction","target":["https:\/\/beebipood.ee\/ru\/produkt\/muuvo-trick-jalutuskaru-iron-graphite\/"]}]},{"@type":"ImageObject","inLanguage":"ru-RU","@id":"https:\/\/beebipood.ee\/ru\/produkt\/muuvo-trick-jalutuskaru-iron-graphite\/#primaryimage","url":"https:\/\/beebipood.ee\/wp-content\/uploads\/2020\/01\/Muuvo-Trick-jalutuskaru-Iron-Graphite-Lastevankrid-ja-karud-Jalutuskarud-Muuvo_20-925.jpg","contentUrl":"https:\/\/beebipood.ee\/wp-content\/uploads\/2020\/01\/Muuvo-Trick-jalutuskaru-Iron-Graphite-Lastevankrid-ja-karud-Jalutuskarud-Muuvo_20-925.jpg","width":1600,"height":2400},{"@type":"BreadcrumbList","@id":"https:\/\/beebipood.ee\/ru\/produkt\/muuvo-trick-jalutuskaru-iron-graphite\/#breadcrumb","itemListElement":[{"@type":"ListItem","position":1,"name":"Home","item":"https:\/\/beebipood.ee\/ru\/"},{"@type":"ListItem","position":2,"name":"\u041a\u0430\u0442\u0430\u043b\u043e\u0433 \u0442\u043e\u0432\u0430\u0440\u043e\u0432","item":"https:\/\/beebipood.ee\/tooted\/"},{"@type":"ListItem","position":3,"name":"Muuvo Trick jalutusk\u00e4ru, Iron Graphite"}]},{"@type":"WebSite","@id":"https:\/\/beebipood.ee\/ru\/#website","url":"https:\/\/beebipood.ee\/ru\/","name":"Beebipood","description":"Lastekaubad, beebikaubad, m\u00e4nguasjad","publisher":{"@id":"https:\/\/beebipood.ee\/ru\/#organization"},"potentialAction":[{"@type":"SearchAction","target":{"@type":"EntryPoint","urlTemplate":"https:\/\/beebipood.ee\/ru\/?s={search_term_string}"},"query-input":{"@type":"PropertyValueSpecification","valueRequired":true,"valueName":"search_term_string"}}],"inLanguage":"ru-RU"},{"@type":"Organization","@id":"https:\/\/beebipood.ee\/ru\/#organization","name":"Beebipood","url":"https:\/\/beebipood.ee\/ru\/","logo":{"@type":"ImageObject","inLanguage":"ru-RU","@id":"https:\/\/beebipood.ee\/ru\/#\/schema\/logo\/image\/","url":"https:\/\/beebipood.ee\/wp-content\/uploads\/2025\/03\/beebipood.ee-logo-1.svg","contentUrl":"https:\/\/beebipood.ee\/wp-content\/uploads\/2025\/03\/beebipood.ee-logo-1.svg","caption":"Beebipood"},"image":{"@id":"https:\/\/beebipood.ee\/ru\/#\/schema\/logo\/image\/"}}]}},"brands":[{"id":11964,"name":"Muuvo","slug":"muuvo-ru"}],"_links":{"self":[{"href":"https:\/\/beebipood.ee\/ru\/wp-json\/wp\/v2\/product\/458987","targetHints":{"allow":["GET"]}}],"collection":[{"href":"https:\/\/beebipood.ee\/ru\/wp-json\/wp\/v2\/product"}],"about":[{"href":"https:\/\/beebipood.ee\/ru\/wp-json\/wp\/v2\/types\/product"}],"wp:featuredmedia":[{"embeddable":true,"href":"https:\/\/beebipood.ee\/ru\/wp-json\/wp\/v2\/media\/131846"}],"wp:attachment":[{"href":"https:\/\/beebipood.ee\/ru\/wp-json\/wp\/v2\/media?parent=458987"}],"wp:term":[{"taxonomy":"pwb-brand","embeddable":true,"href":"https:\/\/beebipood.ee\/ru\/wp-json\/wp\/v2\/pwb-brand?post=458987"},{"taxonomy":"product_brand","embeddable":true,"href":"https:\/\/beebipood.ee\/ru\/wp-json\/wp\/v2\/product_brand?post=458987"},{"taxonomy":"product_cat","embeddable":true,"href":"https:\/\/beebipood.ee\/ru\/wp-json\/wp\/v2\/product_cat?post=458987"},{"taxonomy":"product_tag","embeddable":true,"href":"https:\/\/beebipood.ee\/ru\/wp-json\/wp\/v2\/product_tag?post=458987"}],"curies":[{"name":"wp","href":"https:\/\/api.w.org\/{rel}","templated":true}]}}