{"id":458989,"date":"2020-01-09T13:37:18","date_gmt":"2020-01-09T11:37:18","guid":{"rendered":"https:\/\/beebipood.ee\/toode\/muuvo-trick-adapterid-turvahallidele\/"},"modified":"2025-01-31T08:11:59","modified_gmt":"2025-01-31T06:11:59","slug":"muuvo-trick-adapterid-turvahallidele","status":"publish","type":"product","link":"https:\/\/beebipood.ee\/ru\/produkt\/muuvo-trick-adapterid-turvahallidele\/","title":{"rendered":"Muuvo Trick adapterid turvah\u00e4llidele"},"content":{"rendered":"<p>Adapterid sobivad MUUVO TRICK jalutusk\u00e4ru raamile <br \/>luues praktilise reisis\u00fcsteemi.<br \/>Adapterid \u00fchliduvad j\u00e4rgmiste turvah\u00e4llidega:<br \/>AXKID, MAXI-COSI, CYBEX, KIDDY, BESAFE, Nuna, CONCORD<\/p>\n","protected":false},"excerpt":{"rendered":"<p>Adapterid sobivad MUUVO TRICK jalutusk\u00e4ru raamile luues praktilise reisis\u00fcsteemi.Adapterid \u00fchliduvad j\u00e4rgmiste turvah\u00e4llidega:AXKID, MAXI-COSI, CYBEX, KIDDY, BESAFE, Nuna, CONCORD<\/p>\n","protected":false},"featured_media":131886,"template":"","meta":{"_acf_changed":false},"pwb-brand":[11964],"product_brand":[],"product_cat":[11721,11889,11893,11725,11717],"product_tag":[],"class_list":{"0":"post-458989","1":"product","2":"type-product","3":"status-publish","4":"has-post-thumbnail","6":"pwb-brand-muuvo-ru","7":"product_cat-jalutuskarud-ru","8":"product_cat-muuvo-ru","9":"product_cat-muuvo-trick-ru","10":"product_cat-lisatarvikud-ru","11":"product_cat-lastevankrid-ja-karud-ru","12":"pa_manufacturer-muuvo-ru","14":"first","15":"instock","16":"taxable","17":"shipping-taxable","18":"purchasable","19":"product-type-simple"},"exclude_global_add_ons":[],"addons":[],"acf":[],"yoast_head":"<!-- This site is optimized with the Yoast SEO plugin v27.3 - https:\/\/yoast.com\/product\/yoast-seo-wordpress\/ -->\n<title>Muuvo Trick adapterid turvah\u00e4llidele, \u0421\u041a\u0418\u0414\u041a\u0418, \u041a\u043e\u043b\u044f\u0441\u043a\u0438, \u041f\u0440\u043e\u0433\u0443\u043b\u043e\u0447\u043d\u044b\u0435 \u043a\u043e\u043b\u044f\u0441\u043a\u0438, \u041f\u0440\u0438\u043d\u0430\u0434\u043b\u0435\u0436\u043d\u043e\u0441\u0442\u0438, Muuvo, Muuvo Trick, Beebipood<\/title>\n<meta name=\"description\" content=\"Muuvo Trick adapterid turvah\u00e4llidele, Adapterid sobivad MUUVO TRICK jalutusk&auml;ru raamile luues praktilise reisis&uuml;steemi.Adapterid &amp;uuml\" \/>\n<meta name=\"robots\" content=\"index, follow, max-snippet:-1, max-image-preview:large, max-video-preview:-1\" \/>\n<link rel=\"canonical\" href=\"https:\/\/beebipood.ee\/ru\/produkt\/muuvo-trick-adapterid-turvahallidele\/\" \/>\n<meta property=\"og:locale\" content=\"ru_RU\" \/>\n<meta property=\"og:type\" content=\"article\" \/>\n<meta property=\"og:title\" content=\"Muuvo Trick adapterid turvah\u00e4llidele, \u0421\u041a\u0418\u0414\u041a\u0418, \u041a\u043e\u043b\u044f\u0441\u043a\u0438, \u041f\u0440\u043e\u0433\u0443\u043b\u043e\u0447\u043d\u044b\u0435 \u043a\u043e\u043b\u044f\u0441\u043a\u0438, \u041f\u0440\u0438\u043d\u0430\u0434\u043b\u0435\u0436\u043d\u043e\u0441\u0442\u0438, Muuvo, Muuvo Trick, Beebipood\" \/>\n<meta property=\"og:description\" content=\"Muuvo Trick adapterid turvah\u00e4llidele, Adapterid sobivad MUUVO TRICK jalutusk&auml;ru raamile luues praktilise reisis&uuml;steemi.Adapterid &amp;uuml\" \/>\n<meta property=\"og:url\" content=\"https:\/\/beebipood.ee\/ru\/produkt\/muuvo-trick-adapterid-turvahallidele\/\" \/>\n<meta property=\"og:site_name\" content=\"Beebipood\" \/>\n<meta property=\"article:modified_time\" content=\"2025-01-31T06:11:59+00:00\" \/>\n<meta property=\"og:image\" content=\"https:\/\/beebipood.ee\/wp-content\/uploads\/2020\/01\/Muuvo-Trick-adapterid-turvahallidele-Lastevankrid-ja-karud-Jalutuskarud-Lisavarustus-Muuvo-Muuvo-Trick_2-59a.jpg\" \/>\n\t<meta property=\"og:image:width\" content=\"949\" \/>\n\t<meta property=\"og:image:height\" content=\"1200\" \/>\n\t<meta property=\"og:image:type\" content=\"image\/jpeg\" \/>\n<meta name=\"twitter:card\" content=\"summary_large_image\" \/>\n<script type=\"application\/ld+json\" class=\"yoast-schema-graph\">{\"@context\":\"https:\\\/\\\/schema.org\",\"@graph\":[{\"@type\":\"WebPage\",\"@id\":\"https:\\\/\\\/beebipood.ee\\\/ru\\\/produkt\\\/muuvo-trick-adapterid-turvahallidele\\\/\",\"url\":\"https:\\\/\\\/beebipood.ee\\\/ru\\\/produkt\\\/muuvo-trick-adapterid-turvahallidele\\\/\",\"name\":\"Muuvo Trick adapterid turvah\u00e4llidele, \u0421\u041a\u0418\u0414\u041a\u0418, \u041a\u043e\u043b\u044f\u0441\u043a\u0438, \u041f\u0440\u043e\u0433\u0443\u043b\u043e\u0447\u043d\u044b\u0435 \u043a\u043e\u043b\u044f\u0441\u043a\u0438, \u041f\u0440\u0438\u043d\u0430\u0434\u043b\u0435\u0436\u043d\u043e\u0441\u0442\u0438, Muuvo, Muuvo Trick, Beebipood\",\"isPartOf\":{\"@id\":\"https:\\\/\\\/beebipood.ee\\\/ru\\\/#website\"},\"primaryImageOfPage\":{\"@id\":\"https:\\\/\\\/beebipood.ee\\\/ru\\\/produkt\\\/muuvo-trick-adapterid-turvahallidele\\\/#primaryimage\"},\"image\":{\"@id\":\"https:\\\/\\\/beebipood.ee\\\/ru\\\/produkt\\\/muuvo-trick-adapterid-turvahallidele\\\/#primaryimage\"},\"thumbnailUrl\":\"https:\\\/\\\/beebipood.ee\\\/wp-content\\\/uploads\\\/2020\\\/01\\\/Muuvo-Trick-adapterid-turvahallidele-Lastevankrid-ja-karud-Jalutuskarud-Lisavarustus-Muuvo-Muuvo-Trick_2-59a.jpg\",\"datePublished\":\"2020-01-09T11:37:18+00:00\",\"dateModified\":\"2025-01-31T06:11:59+00:00\",\"description\":\"Muuvo Trick adapterid turvah\u00e4llidele, Adapterid sobivad MUUVO TRICK jalutusk&auml;ru raamile luues praktilise reisis&uuml;steemi.Adapterid &uuml\",\"breadcrumb\":{\"@id\":\"https:\\\/\\\/beebipood.ee\\\/ru\\\/produkt\\\/muuvo-trick-adapterid-turvahallidele\\\/#breadcrumb\"},\"inLanguage\":\"ru-RU\",\"potentialAction\":[{\"@type\":\"ReadAction\",\"target\":[\"https:\\\/\\\/beebipood.ee\\\/ru\\\/produkt\\\/muuvo-trick-adapterid-turvahallidele\\\/\"]}]},{\"@type\":\"ImageObject\",\"inLanguage\":\"ru-RU\",\"@id\":\"https:\\\/\\\/beebipood.ee\\\/ru\\\/produkt\\\/muuvo-trick-adapterid-turvahallidele\\\/#primaryimage\",\"url\":\"https:\\\/\\\/beebipood.ee\\\/wp-content\\\/uploads\\\/2020\\\/01\\\/Muuvo-Trick-adapterid-turvahallidele-Lastevankrid-ja-karud-Jalutuskarud-Lisavarustus-Muuvo-Muuvo-Trick_2-59a.jpg\",\"contentUrl\":\"https:\\\/\\\/beebipood.ee\\\/wp-content\\\/uploads\\\/2020\\\/01\\\/Muuvo-Trick-adapterid-turvahallidele-Lastevankrid-ja-karud-Jalutuskarud-Lisavarustus-Muuvo-Muuvo-Trick_2-59a.jpg\",\"width\":949,\"height\":1200},{\"@type\":\"BreadcrumbList\",\"@id\":\"https:\\\/\\\/beebipood.ee\\\/ru\\\/produkt\\\/muuvo-trick-adapterid-turvahallidele\\\/#breadcrumb\",\"itemListElement\":[{\"@type\":\"ListItem\",\"position\":1,\"name\":\"Home\",\"item\":\"https:\\\/\\\/beebipood.ee\\\/ru\\\/\"},{\"@type\":\"ListItem\",\"position\":2,\"name\":\"\u041a\u0430\u0442\u0430\u043b\u043e\u0433 \u0442\u043e\u0432\u0430\u0440\u043e\u0432\",\"item\":\"https:\\\/\\\/beebipood.ee\\\/tooted\\\/\"},{\"@type\":\"ListItem\",\"position\":3,\"name\":\"Muuvo Trick adapterid turvah\u00e4llidele\"}]},{\"@type\":\"WebSite\",\"@id\":\"https:\\\/\\\/beebipood.ee\\\/ru\\\/#website\",\"url\":\"https:\\\/\\\/beebipood.ee\\\/ru\\\/\",\"name\":\"Beebipood\",\"description\":\"Lastekaubad, beebikaubad, m\u00e4nguasjad\",\"publisher\":{\"@id\":\"https:\\\/\\\/beebipood.ee\\\/ru\\\/#organization\"},\"potentialAction\":[{\"@type\":\"SearchAction\",\"target\":{\"@type\":\"EntryPoint\",\"urlTemplate\":\"https:\\\/\\\/beebipood.ee\\\/ru\\\/?s={search_term_string}\"},\"query-input\":{\"@type\":\"PropertyValueSpecification\",\"valueRequired\":true,\"valueName\":\"search_term_string\"}}],\"inLanguage\":\"ru-RU\"},{\"@type\":\"Organization\",\"@id\":\"https:\\\/\\\/beebipood.ee\\\/ru\\\/#organization\",\"name\":\"Beebipood\",\"url\":\"https:\\\/\\\/beebipood.ee\\\/ru\\\/\",\"logo\":{\"@type\":\"ImageObject\",\"inLanguage\":\"ru-RU\",\"@id\":\"https:\\\/\\\/beebipood.ee\\\/ru\\\/#\\\/schema\\\/logo\\\/image\\\/\",\"url\":\"https:\\\/\\\/beebipood.ee\\\/wp-content\\\/uploads\\\/2025\\\/03\\\/beebipood.ee-logo-1.svg\",\"contentUrl\":\"https:\\\/\\\/beebipood.ee\\\/wp-content\\\/uploads\\\/2025\\\/03\\\/beebipood.ee-logo-1.svg\",\"caption\":\"Beebipood\"},\"image\":{\"@id\":\"https:\\\/\\\/beebipood.ee\\\/ru\\\/#\\\/schema\\\/logo\\\/image\\\/\"}}]}<\/script>\n<!-- \/ Yoast SEO plugin. -->","yoast_head_json":{"title":"Muuvo Trick adapterid turvah\u00e4llidele, \u0421\u041a\u0418\u0414\u041a\u0418, \u041a\u043e\u043b\u044f\u0441\u043a\u0438, \u041f\u0440\u043e\u0433\u0443\u043b\u043e\u0447\u043d\u044b\u0435 \u043a\u043e\u043b\u044f\u0441\u043a\u0438, \u041f\u0440\u0438\u043d\u0430\u0434\u043b\u0435\u0436\u043d\u043e\u0441\u0442\u0438, Muuvo, Muuvo Trick, Beebipood","description":"Muuvo Trick adapterid turvah\u00e4llidele, Adapterid sobivad MUUVO TRICK jalutusk&auml;ru raamile luues praktilise reisis&uuml;steemi.Adapterid &uuml","robots":{"index":"index","follow":"follow","max-snippet":"max-snippet:-1","max-image-preview":"max-image-preview:large","max-video-preview":"max-video-preview:-1"},"canonical":"https:\/\/beebipood.ee\/ru\/produkt\/muuvo-trick-adapterid-turvahallidele\/","og_locale":"ru_RU","og_type":"article","og_title":"Muuvo Trick adapterid turvah\u00e4llidele, \u0421\u041a\u0418\u0414\u041a\u0418, \u041a\u043e\u043b\u044f\u0441\u043a\u0438, \u041f\u0440\u043e\u0433\u0443\u043b\u043e\u0447\u043d\u044b\u0435 \u043a\u043e\u043b\u044f\u0441\u043a\u0438, \u041f\u0440\u0438\u043d\u0430\u0434\u043b\u0435\u0436\u043d\u043e\u0441\u0442\u0438, Muuvo, Muuvo Trick, Beebipood","og_description":"Muuvo Trick adapterid turvah\u00e4llidele, Adapterid sobivad MUUVO TRICK jalutusk&auml;ru raamile luues praktilise reisis&uuml;steemi.Adapterid &uuml","og_url":"https:\/\/beebipood.ee\/ru\/produkt\/muuvo-trick-adapterid-turvahallidele\/","og_site_name":"Beebipood","article_modified_time":"2025-01-31T06:11:59+00:00","og_image":[{"width":949,"height":1200,"url":"https:\/\/beebipood.ee\/wp-content\/uploads\/2020\/01\/Muuvo-Trick-adapterid-turvahallidele-Lastevankrid-ja-karud-Jalutuskarud-Lisavarustus-Muuvo-Muuvo-Trick_2-59a.jpg","type":"image\/jpeg"}],"twitter_card":"summary_large_image","schema":{"@context":"https:\/\/schema.org","@graph":[{"@type":"WebPage","@id":"https:\/\/beebipood.ee\/ru\/produkt\/muuvo-trick-adapterid-turvahallidele\/","url":"https:\/\/beebipood.ee\/ru\/produkt\/muuvo-trick-adapterid-turvahallidele\/","name":"Muuvo Trick adapterid turvah\u00e4llidele, \u0421\u041a\u0418\u0414\u041a\u0418, \u041a\u043e\u043b\u044f\u0441\u043a\u0438, \u041f\u0440\u043e\u0433\u0443\u043b\u043e\u0447\u043d\u044b\u0435 \u043a\u043e\u043b\u044f\u0441\u043a\u0438, \u041f\u0440\u0438\u043d\u0430\u0434\u043b\u0435\u0436\u043d\u043e\u0441\u0442\u0438, Muuvo, Muuvo Trick, Beebipood","isPartOf":{"@id":"https:\/\/beebipood.ee\/ru\/#website"},"primaryImageOfPage":{"@id":"https:\/\/beebipood.ee\/ru\/produkt\/muuvo-trick-adapterid-turvahallidele\/#primaryimage"},"image":{"@id":"https:\/\/beebipood.ee\/ru\/produkt\/muuvo-trick-adapterid-turvahallidele\/#primaryimage"},"thumbnailUrl":"https:\/\/beebipood.ee\/wp-content\/uploads\/2020\/01\/Muuvo-Trick-adapterid-turvahallidele-Lastevankrid-ja-karud-Jalutuskarud-Lisavarustus-Muuvo-Muuvo-Trick_2-59a.jpg","datePublished":"2020-01-09T11:37:18+00:00","dateModified":"2025-01-31T06:11:59+00:00","description":"Muuvo Trick adapterid turvah\u00e4llidele, Adapterid sobivad MUUVO TRICK jalutusk&auml;ru raamile luues praktilise reisis&uuml;steemi.Adapterid &uuml","breadcrumb":{"@id":"https:\/\/beebipood.ee\/ru\/produkt\/muuvo-trick-adapterid-turvahallidele\/#breadcrumb"},"inLanguage":"ru-RU","potentialAction":[{"@type":"ReadAction","target":["https:\/\/beebipood.ee\/ru\/produkt\/muuvo-trick-adapterid-turvahallidele\/"]}]},{"@type":"ImageObject","inLanguage":"ru-RU","@id":"https:\/\/beebipood.ee\/ru\/produkt\/muuvo-trick-adapterid-turvahallidele\/#primaryimage","url":"https:\/\/beebipood.ee\/wp-content\/uploads\/2020\/01\/Muuvo-Trick-adapterid-turvahallidele-Lastevankrid-ja-karud-Jalutuskarud-Lisavarustus-Muuvo-Muuvo-Trick_2-59a.jpg","contentUrl":"https:\/\/beebipood.ee\/wp-content\/uploads\/2020\/01\/Muuvo-Trick-adapterid-turvahallidele-Lastevankrid-ja-karud-Jalutuskarud-Lisavarustus-Muuvo-Muuvo-Trick_2-59a.jpg","width":949,"height":1200},{"@type":"BreadcrumbList","@id":"https:\/\/beebipood.ee\/ru\/produkt\/muuvo-trick-adapterid-turvahallidele\/#breadcrumb","itemListElement":[{"@type":"ListItem","position":1,"name":"Home","item":"https:\/\/beebipood.ee\/ru\/"},{"@type":"ListItem","position":2,"name":"\u041a\u0430\u0442\u0430\u043b\u043e\u0433 \u0442\u043e\u0432\u0430\u0440\u043e\u0432","item":"https:\/\/beebipood.ee\/tooted\/"},{"@type":"ListItem","position":3,"name":"Muuvo Trick adapterid turvah\u00e4llidele"}]},{"@type":"WebSite","@id":"https:\/\/beebipood.ee\/ru\/#website","url":"https:\/\/beebipood.ee\/ru\/","name":"Beebipood","description":"Lastekaubad, beebikaubad, m\u00e4nguasjad","publisher":{"@id":"https:\/\/beebipood.ee\/ru\/#organization"},"potentialAction":[{"@type":"SearchAction","target":{"@type":"EntryPoint","urlTemplate":"https:\/\/beebipood.ee\/ru\/?s={search_term_string}"},"query-input":{"@type":"PropertyValueSpecification","valueRequired":true,"valueName":"search_term_string"}}],"inLanguage":"ru-RU"},{"@type":"Organization","@id":"https:\/\/beebipood.ee\/ru\/#organization","name":"Beebipood","url":"https:\/\/beebipood.ee\/ru\/","logo":{"@type":"ImageObject","inLanguage":"ru-RU","@id":"https:\/\/beebipood.ee\/ru\/#\/schema\/logo\/image\/","url":"https:\/\/beebipood.ee\/wp-content\/uploads\/2025\/03\/beebipood.ee-logo-1.svg","contentUrl":"https:\/\/beebipood.ee\/wp-content\/uploads\/2025\/03\/beebipood.ee-logo-1.svg","caption":"Beebipood"},"image":{"@id":"https:\/\/beebipood.ee\/ru\/#\/schema\/logo\/image\/"}}]}},"brands":[{"id":11964,"name":"Muuvo","slug":"muuvo-ru"}],"_links":{"self":[{"href":"https:\/\/beebipood.ee\/ru\/wp-json\/wp\/v2\/product\/458989","targetHints":{"allow":["GET"]}}],"collection":[{"href":"https:\/\/beebipood.ee\/ru\/wp-json\/wp\/v2\/product"}],"about":[{"href":"https:\/\/beebipood.ee\/ru\/wp-json\/wp\/v2\/types\/product"}],"wp:featuredmedia":[{"embeddable":true,"href":"https:\/\/beebipood.ee\/ru\/wp-json\/wp\/v2\/media\/131886"}],"wp:attachment":[{"href":"https:\/\/beebipood.ee\/ru\/wp-json\/wp\/v2\/media?parent=458989"}],"wp:term":[{"taxonomy":"pwb-brand","embeddable":true,"href":"https:\/\/beebipood.ee\/ru\/wp-json\/wp\/v2\/pwb-brand?post=458989"},{"taxonomy":"product_brand","embeddable":true,"href":"https:\/\/beebipood.ee\/ru\/wp-json\/wp\/v2\/product_brand?post=458989"},{"taxonomy":"product_cat","embeddable":true,"href":"https:\/\/beebipood.ee\/ru\/wp-json\/wp\/v2\/product_cat?post=458989"},{"taxonomy":"product_tag","embeddable":true,"href":"https:\/\/beebipood.ee\/ru\/wp-json\/wp\/v2\/product_tag?post=458989"}],"curies":[{"name":"wp","href":"https:\/\/api.w.org\/{rel}","templated":true}]}}