{"id":458993,"date":"2020-01-10T09:23:00","date_gmt":"2020-01-10T07:23:00","guid":{"rendered":"https:\/\/beebipood.ee\/toode\/muuvo-trick-jalutuskaru-2in1-ocean-blue\/"},"modified":"2025-10-13T13:18:33","modified_gmt":"2025-10-13T10:18:33","slug":"muuvo-one-turvahalli-adapterid","status":"publish","type":"product","link":"https:\/\/beebipood.ee\/ru\/produkt\/muuvo-one-turvahalli-adapterid\/","title":{"rendered":"Muuvo ONE turvah\u00e4lli adapterid"},"content":{"rendered":"<p>Muuvo One turvah\u00e4lli adapterid on praktiline lisatarvik,<br \/>\nmis muudab klassikalise lapsevankri funktsionaalseks 3-\u00fches reisikomplektiks.<br \/>\nSee v\u00f5imaldab teil turvah\u00e4lli h\u00f5lpsalt otse lapsevankri raamile kinnitada,<br \/>\nv\u00f5imaldades teil lapse kiiresti autost jalutusk\u00e4igule panna,<br \/>\nilma tarbetu stressi v\u00f5i pisikest \u00e4ratamata.<br \/>\nMis teeb Muuvo One adapteri ainulaadseks?<br \/>\nKasutusmugavus \u2013 istme lihtne paigaldamine ja kiire vabastamine \u00fche k\u00e4ega.<br \/>\nTurvaline lahendus \u2013 stabiilne kinnitus tagab istme kindla haarde.<br \/>\nVastupidavus \u2013 vastupidavad materjalid, mis on loodud intensiivseks kasutamiseks.<br \/>\nEsteetika \u2013 Muuvo k\u00e4rudega sobiv moodne disain.<br \/>\nMuuvo One adapter on ideaalne lahendus vanematele,<br \/>\nkes hindavad igap\u00e4evasel reisimisel liikuvust, ohutust ja mugavust.<br \/>\nAdapterid \u00fchliduvad j\u00e4rgmiste turvah\u00e4llidega:<br \/>\nMAXI-COSI, CYBEX, JOIE, KIDDY, BESAFE, NUNA, CONCORD, JANE, AXKID<\/p>\n","protected":false},"excerpt":{"rendered":"<p>Muuvo One turvah\u00e4lli adapterid on praktiline lisatarvik, mis muudab klassikalise lapsevankri funktsionaalseks 3-\u00fches reisikomplektiks. See v\u00f5imaldab teil turvah\u00e4lli h\u00f5lpsalt otse lapsevankri raamile kinnitada, v\u00f5imaldades teil lapse kiiresti autost jalutusk\u00e4igule panna, ilma tarbetu stressi v\u00f5i pisikest \u00e4ratamata. Mis teeb Muuvo One adapteri ainulaadseks? Kasutusmugavus \u2013 istme lihtne paigaldamine ja kiire vabastamine \u00fche k\u00e4ega. Turvaline lahendus \u2013 [&hellip;]<\/p>\n","protected":false},"featured_media":507880,"template":"","meta":{"_acf_changed":false},"pwb-brand":[11964],"product_brand":[],"product_cat":[11831,11889,11721,11717],"product_tag":[],"class_list":{"0":"post-458993","1":"product","2":"type-product","3":"status-publish","4":"has-post-thumbnail","6":"pwb-brand-muuvo-ru","7":"product_cat-muuvo-one","8":"product_cat-muuvo-ru","9":"product_cat-jalutuskarud-ru","10":"product_cat-lastevankrid-ja-karud-ru","11":"pa_manufacturer-muuvo-ru","13":"first","14":"instock","15":"taxable","16":"shipping-taxable","17":"purchasable","18":"product-type-simple"},"exclude_global_add_ons":[],"addons":[],"acf":[],"yoast_head":"<!-- This site is optimized with the Yoast SEO plugin v27.1.1 - https:\/\/yoast.com\/product\/yoast-seo-wordpress\/ -->\n<title>Muuvo Trick jalutusk\u00e4ru 2in1, Ocean Blue, \u0421\u041a\u0418\u0414\u041a\u0418, \u041a\u043e\u043b\u044f\u0441\u043a\u0438, \u041f\u0440\u043e\u0433\u0443\u043b\u043e\u0447\u043d\u044b\u0435 \u043a\u043e\u043b\u044f\u0441\u043a\u0438, Muuvo, Muuvo Trick, Beebipood<\/title>\n<meta name=\"description\" content=\"Muuvo Trick jalutusk\u00e4ru 2in1, Ocean Blue, Muuvo Trick jautusk\u00e4rus on kombineeritud kvaliteet ja disankus iga v\u00e4iksemgi detail on l\u00e4bim&amp;\" \/>\n<meta name=\"robots\" content=\"index, follow, max-snippet:-1, max-image-preview:large, max-video-preview:-1\" \/>\n<link rel=\"canonical\" href=\"https:\/\/beebipood.ee\/ru\/produkt\/muuvo-one-turvahalli-adapterid\/\" \/>\n<meta property=\"og:locale\" content=\"ru_RU\" \/>\n<meta property=\"og:type\" content=\"article\" \/>\n<meta property=\"og:title\" content=\"Muuvo Trick jalutusk\u00e4ru 2in1, Ocean Blue, \u0421\u041a\u0418\u0414\u041a\u0418, \u041a\u043e\u043b\u044f\u0441\u043a\u0438, \u041f\u0440\u043e\u0433\u0443\u043b\u043e\u0447\u043d\u044b\u0435 \u043a\u043e\u043b\u044f\u0441\u043a\u0438, Muuvo, Muuvo Trick, Beebipood\" \/>\n<meta property=\"og:description\" content=\"Muuvo Trick jalutusk\u00e4ru 2in1, Ocean Blue, Muuvo Trick jautusk\u00e4rus on kombineeritud kvaliteet ja disankus iga v\u00e4iksemgi detail on l\u00e4bim&amp;\" \/>\n<meta property=\"og:url\" content=\"https:\/\/beebipood.ee\/ru\/produkt\/muuvo-one-turvahalli-adapterid\/\" \/>\n<meta property=\"og:site_name\" content=\"Beebipood\" \/>\n<meta property=\"article:modified_time\" content=\"2025-10-13T10:18:33+00:00\" \/>\n<meta property=\"og:image\" content=\"https:\/\/beebipood.ee\/wp-content\/uploads\/2020\/01\/muuvo-one-adapter.jpg\" \/>\n\t<meta property=\"og:image:width\" content=\"1280\" \/>\n\t<meta property=\"og:image:height\" content=\"1280\" \/>\n\t<meta property=\"og:image:type\" content=\"image\/jpeg\" \/>\n<meta name=\"twitter:card\" content=\"summary_large_image\" \/>\n<meta name=\"twitter:label1\" content=\"\u041f\u0440\u0438\u043c\u0435\u0440\u043d\u043e\u0435 \u0432\u0440\u0435\u043c\u044f \u0434\u043b\u044f \u0447\u0442\u0435\u043d\u0438\u044f\" \/>\n\t<meta name=\"twitter:data1\" content=\"1 \u043c\u0438\u043d\u0443\u0442\u0430\" \/>\n<script type=\"application\/ld+json\" class=\"yoast-schema-graph\">{\"@context\":\"https:\/\/schema.org\",\"@graph\":[{\"@type\":\"WebPage\",\"@id\":\"https:\/\/beebipood.ee\/ru\/produkt\/muuvo-one-turvahalli-adapterid\/\",\"url\":\"https:\/\/beebipood.ee\/ru\/produkt\/muuvo-one-turvahalli-adapterid\/\",\"name\":\"Muuvo Trick jalutusk\u00e4ru 2in1, Ocean Blue, \u0421\u041a\u0418\u0414\u041a\u0418, \u041a\u043e\u043b\u044f\u0441\u043a\u0438, \u041f\u0440\u043e\u0433\u0443\u043b\u043e\u0447\u043d\u044b\u0435 \u043a\u043e\u043b\u044f\u0441\u043a\u0438, Muuvo, Muuvo Trick, Beebipood\",\"isPartOf\":{\"@id\":\"https:\/\/beebipood.ee\/ru\/#website\"},\"primaryImageOfPage\":{\"@id\":\"https:\/\/beebipood.ee\/ru\/produkt\/muuvo-one-turvahalli-adapterid\/#primaryimage\"},\"image\":{\"@id\":\"https:\/\/beebipood.ee\/ru\/produkt\/muuvo-one-turvahalli-adapterid\/#primaryimage\"},\"thumbnailUrl\":\"https:\/\/beebipood.ee\/wp-content\/uploads\/2020\/01\/muuvo-one-adapter.jpg\",\"datePublished\":\"2020-01-10T07:23:00+00:00\",\"dateModified\":\"2025-10-13T10:18:33+00:00\",\"description\":\"Muuvo Trick jalutusk\u00e4ru 2in1, Ocean Blue, Muuvo Trick jautusk\u00e4rus on kombineeritud kvaliteet ja disankus iga v\u00e4iksemgi detail on l\u00e4bim&\",\"breadcrumb\":{\"@id\":\"https:\/\/beebipood.ee\/ru\/produkt\/muuvo-one-turvahalli-adapterid\/#breadcrumb\"},\"inLanguage\":\"ru-RU\",\"potentialAction\":[{\"@type\":\"ReadAction\",\"target\":[\"https:\/\/beebipood.ee\/ru\/produkt\/muuvo-one-turvahalli-adapterid\/\"]}]},{\"@type\":\"ImageObject\",\"inLanguage\":\"ru-RU\",\"@id\":\"https:\/\/beebipood.ee\/ru\/produkt\/muuvo-one-turvahalli-adapterid\/#primaryimage\",\"url\":\"https:\/\/beebipood.ee\/wp-content\/uploads\/2020\/01\/muuvo-one-adapter.jpg\",\"contentUrl\":\"https:\/\/beebipood.ee\/wp-content\/uploads\/2020\/01\/muuvo-one-adapter.jpg\",\"width\":1280,\"height\":1280},{\"@type\":\"BreadcrumbList\",\"@id\":\"https:\/\/beebipood.ee\/ru\/produkt\/muuvo-one-turvahalli-adapterid\/#breadcrumb\",\"itemListElement\":[{\"@type\":\"ListItem\",\"position\":1,\"name\":\"Home\",\"item\":\"https:\/\/beebipood.ee\/ru\/\"},{\"@type\":\"ListItem\",\"position\":2,\"name\":\"\u041a\u0430\u0442\u0430\u043b\u043e\u0433 \u0442\u043e\u0432\u0430\u0440\u043e\u0432\",\"item\":\"https:\/\/beebipood.ee\/tooted\/\"},{\"@type\":\"ListItem\",\"position\":3,\"name\":\"Muuvo ONE turvah\u00e4lli adapterid\"}]},{\"@type\":\"WebSite\",\"@id\":\"https:\/\/beebipood.ee\/ru\/#website\",\"url\":\"https:\/\/beebipood.ee\/ru\/\",\"name\":\"Beebipood\",\"description\":\"Lastekaubad, beebikaubad, m\u00e4nguasjad\",\"publisher\":{\"@id\":\"https:\/\/beebipood.ee\/ru\/#organization\"},\"potentialAction\":[{\"@type\":\"SearchAction\",\"target\":{\"@type\":\"EntryPoint\",\"urlTemplate\":\"https:\/\/beebipood.ee\/ru\/?s={search_term_string}\"},\"query-input\":{\"@type\":\"PropertyValueSpecification\",\"valueRequired\":true,\"valueName\":\"search_term_string\"}}],\"inLanguage\":\"ru-RU\"},{\"@type\":\"Organization\",\"@id\":\"https:\/\/beebipood.ee\/ru\/#organization\",\"name\":\"Beebipood\",\"url\":\"https:\/\/beebipood.ee\/ru\/\",\"logo\":{\"@type\":\"ImageObject\",\"inLanguage\":\"ru-RU\",\"@id\":\"https:\/\/beebipood.ee\/ru\/#\/schema\/logo\/image\/\",\"url\":\"https:\/\/beebipood.ee\/wp-content\/uploads\/2025\/03\/beebipood.ee-logo-1.svg\",\"contentUrl\":\"https:\/\/beebipood.ee\/wp-content\/uploads\/2025\/03\/beebipood.ee-logo-1.svg\",\"caption\":\"Beebipood\"},\"image\":{\"@id\":\"https:\/\/beebipood.ee\/ru\/#\/schema\/logo\/image\/\"}}]}<\/script>\n<!-- \/ Yoast SEO plugin. -->","yoast_head_json":{"title":"Muuvo Trick jalutusk\u00e4ru 2in1, Ocean Blue, \u0421\u041a\u0418\u0414\u041a\u0418, \u041a\u043e\u043b\u044f\u0441\u043a\u0438, \u041f\u0440\u043e\u0433\u0443\u043b\u043e\u0447\u043d\u044b\u0435 \u043a\u043e\u043b\u044f\u0441\u043a\u0438, Muuvo, Muuvo Trick, Beebipood","description":"Muuvo Trick jalutusk\u00e4ru 2in1, Ocean Blue, Muuvo Trick jautusk\u00e4rus on kombineeritud kvaliteet ja disankus iga v\u00e4iksemgi detail on l\u00e4bim&","robots":{"index":"index","follow":"follow","max-snippet":"max-snippet:-1","max-image-preview":"max-image-preview:large","max-video-preview":"max-video-preview:-1"},"canonical":"https:\/\/beebipood.ee\/ru\/produkt\/muuvo-one-turvahalli-adapterid\/","og_locale":"ru_RU","og_type":"article","og_title":"Muuvo Trick jalutusk\u00e4ru 2in1, Ocean Blue, \u0421\u041a\u0418\u0414\u041a\u0418, \u041a\u043e\u043b\u044f\u0441\u043a\u0438, \u041f\u0440\u043e\u0433\u0443\u043b\u043e\u0447\u043d\u044b\u0435 \u043a\u043e\u043b\u044f\u0441\u043a\u0438, Muuvo, Muuvo Trick, Beebipood","og_description":"Muuvo Trick jalutusk\u00e4ru 2in1, Ocean Blue, Muuvo Trick jautusk\u00e4rus on kombineeritud kvaliteet ja disankus iga v\u00e4iksemgi detail on l\u00e4bim&","og_url":"https:\/\/beebipood.ee\/ru\/produkt\/muuvo-one-turvahalli-adapterid\/","og_site_name":"Beebipood","article_modified_time":"2025-10-13T10:18:33+00:00","og_image":[{"width":1280,"height":1280,"url":"https:\/\/beebipood.ee\/wp-content\/uploads\/2020\/01\/muuvo-one-adapter.jpg","type":"image\/jpeg"}],"twitter_card":"summary_large_image","twitter_misc":{"\u041f\u0440\u0438\u043c\u0435\u0440\u043d\u043e\u0435 \u0432\u0440\u0435\u043c\u044f \u0434\u043b\u044f \u0447\u0442\u0435\u043d\u0438\u044f":"1 \u043c\u0438\u043d\u0443\u0442\u0430"},"schema":{"@context":"https:\/\/schema.org","@graph":[{"@type":"WebPage","@id":"https:\/\/beebipood.ee\/ru\/produkt\/muuvo-one-turvahalli-adapterid\/","url":"https:\/\/beebipood.ee\/ru\/produkt\/muuvo-one-turvahalli-adapterid\/","name":"Muuvo Trick jalutusk\u00e4ru 2in1, Ocean Blue, \u0421\u041a\u0418\u0414\u041a\u0418, \u041a\u043e\u043b\u044f\u0441\u043a\u0438, \u041f\u0440\u043e\u0433\u0443\u043b\u043e\u0447\u043d\u044b\u0435 \u043a\u043e\u043b\u044f\u0441\u043a\u0438, Muuvo, Muuvo Trick, Beebipood","isPartOf":{"@id":"https:\/\/beebipood.ee\/ru\/#website"},"primaryImageOfPage":{"@id":"https:\/\/beebipood.ee\/ru\/produkt\/muuvo-one-turvahalli-adapterid\/#primaryimage"},"image":{"@id":"https:\/\/beebipood.ee\/ru\/produkt\/muuvo-one-turvahalli-adapterid\/#primaryimage"},"thumbnailUrl":"https:\/\/beebipood.ee\/wp-content\/uploads\/2020\/01\/muuvo-one-adapter.jpg","datePublished":"2020-01-10T07:23:00+00:00","dateModified":"2025-10-13T10:18:33+00:00","description":"Muuvo Trick jalutusk\u00e4ru 2in1, Ocean Blue, Muuvo Trick jautusk\u00e4rus on kombineeritud kvaliteet ja disankus iga v\u00e4iksemgi detail on l\u00e4bim&","breadcrumb":{"@id":"https:\/\/beebipood.ee\/ru\/produkt\/muuvo-one-turvahalli-adapterid\/#breadcrumb"},"inLanguage":"ru-RU","potentialAction":[{"@type":"ReadAction","target":["https:\/\/beebipood.ee\/ru\/produkt\/muuvo-one-turvahalli-adapterid\/"]}]},{"@type":"ImageObject","inLanguage":"ru-RU","@id":"https:\/\/beebipood.ee\/ru\/produkt\/muuvo-one-turvahalli-adapterid\/#primaryimage","url":"https:\/\/beebipood.ee\/wp-content\/uploads\/2020\/01\/muuvo-one-adapter.jpg","contentUrl":"https:\/\/beebipood.ee\/wp-content\/uploads\/2020\/01\/muuvo-one-adapter.jpg","width":1280,"height":1280},{"@type":"BreadcrumbList","@id":"https:\/\/beebipood.ee\/ru\/produkt\/muuvo-one-turvahalli-adapterid\/#breadcrumb","itemListElement":[{"@type":"ListItem","position":1,"name":"Home","item":"https:\/\/beebipood.ee\/ru\/"},{"@type":"ListItem","position":2,"name":"\u041a\u0430\u0442\u0430\u043b\u043e\u0433 \u0442\u043e\u0432\u0430\u0440\u043e\u0432","item":"https:\/\/beebipood.ee\/tooted\/"},{"@type":"ListItem","position":3,"name":"Muuvo ONE turvah\u00e4lli adapterid"}]},{"@type":"WebSite","@id":"https:\/\/beebipood.ee\/ru\/#website","url":"https:\/\/beebipood.ee\/ru\/","name":"Beebipood","description":"Lastekaubad, beebikaubad, m\u00e4nguasjad","publisher":{"@id":"https:\/\/beebipood.ee\/ru\/#organization"},"potentialAction":[{"@type":"SearchAction","target":{"@type":"EntryPoint","urlTemplate":"https:\/\/beebipood.ee\/ru\/?s={search_term_string}"},"query-input":{"@type":"PropertyValueSpecification","valueRequired":true,"valueName":"search_term_string"}}],"inLanguage":"ru-RU"},{"@type":"Organization","@id":"https:\/\/beebipood.ee\/ru\/#organization","name":"Beebipood","url":"https:\/\/beebipood.ee\/ru\/","logo":{"@type":"ImageObject","inLanguage":"ru-RU","@id":"https:\/\/beebipood.ee\/ru\/#\/schema\/logo\/image\/","url":"https:\/\/beebipood.ee\/wp-content\/uploads\/2025\/03\/beebipood.ee-logo-1.svg","contentUrl":"https:\/\/beebipood.ee\/wp-content\/uploads\/2025\/03\/beebipood.ee-logo-1.svg","caption":"Beebipood"},"image":{"@id":"https:\/\/beebipood.ee\/ru\/#\/schema\/logo\/image\/"}}]}},"brands":[{"id":11964,"name":"Muuvo","slug":"muuvo-ru"}],"_links":{"self":[{"href":"https:\/\/beebipood.ee\/ru\/wp-json\/wp\/v2\/product\/458993","targetHints":{"allow":["GET"]}}],"collection":[{"href":"https:\/\/beebipood.ee\/ru\/wp-json\/wp\/v2\/product"}],"about":[{"href":"https:\/\/beebipood.ee\/ru\/wp-json\/wp\/v2\/types\/product"}],"wp:featuredmedia":[{"embeddable":true,"href":"https:\/\/beebipood.ee\/ru\/wp-json\/wp\/v2\/media\/507880"}],"wp:attachment":[{"href":"https:\/\/beebipood.ee\/ru\/wp-json\/wp\/v2\/media?parent=458993"}],"wp:term":[{"taxonomy":"pwb-brand","embeddable":true,"href":"https:\/\/beebipood.ee\/ru\/wp-json\/wp\/v2\/pwb-brand?post=458993"},{"taxonomy":"product_brand","embeddable":true,"href":"https:\/\/beebipood.ee\/ru\/wp-json\/wp\/v2\/product_brand?post=458993"},{"taxonomy":"product_cat","embeddable":true,"href":"https:\/\/beebipood.ee\/ru\/wp-json\/wp\/v2\/product_cat?post=458993"},{"taxonomy":"product_tag","embeddable":true,"href":"https:\/\/beebipood.ee\/ru\/wp-json\/wp\/v2\/product_tag?post=458993"}],"curies":[{"name":"wp","href":"https:\/\/api.w.org\/{rel}","templated":true}]}}