{"id":459009,"date":"2020-01-14T13:24:55","date_gmt":"2020-01-14T11:24:55","guid":{"rendered":"https:\/\/beebipood.ee\/toode\/alecto-beebimonitor-dvm-64\/"},"modified":"2025-01-09T10:48:37","modified_gmt":"2025-01-09T08:48:37","slug":"alecto-beebimonitor-dvm-64","status":"publish","type":"product","link":"https:\/\/beebipood.ee\/ru\/produkt\/alecto-beebimonitor-dvm-64\/","title":{"rendered":"Alecto beebimonitor DVM-64"},"content":{"rendered":"<p>Kaameraga beebimonitor Alecto DVM-64, <br \/>millel on kaasas ka 2,4 tolline ekraan. <br \/>V\u00e4ga lihtsasti kasutatav beebimonitor, <br \/>mille kaamerat on v\u00f5imalik kinnitada ka seinale. <br \/>Kahepoolne kommunikatsioon (VOX). Edastab nii pildi kui ka heli..<\/p>\n<p><span style=\"text-decoration: underline;\">Omadused<\/span><br \/>Tegevusraadius 50m siseruumides, 300m \u00f5ues<br \/>V\u00e4ga hea pildi- ja helikvaliteet (ka pimedas)<br \/>V\u00f5imalik kokku \u00fchendada kuni 4 kaamerat<br \/>Vanemapoolne seade on 2,4 tolline (6,1cm) ekraan, <br \/>mis on laetava akuga (kuni 10h)<br \/>Beebipoolne kaamera on vaja \u00fchendada toiteallikasse<br \/>Kaamera on manuaalselt reguleeritav<br \/>V\u00f5imalik suhelda lapsega t\u00e4nu kahepoolselel kommunikatsioonile (VOX)<br \/>Temperatuurin\u00e4idik koos alarmiga<br \/>8 unelaulu ja\/v\u00f5i loodusheli<br \/>Reguleeritav mikrofonitundlikkus<\/p>\n","protected":false},"excerpt":{"rendered":"<p>Kaameraga beebimonitor Alecto DVM-64, millel on kaasas ka 2,4 tolline ekraan. V\u00e4ga lihtsasti kasutatav beebimonitor, mille kaamerat on v\u00f5imalik kinnitada ka seinale. Kahepoolne kommunikatsioon (VOX). Edastab nii pildi kui ka heli.. OmadusedTegevusraadius 50m siseruumides, 300m \u00f5uesV\u00e4ga hea pildi- ja helikvaliteet (ka pimedas)V\u00f5imalik kokku \u00fchendada kuni 4 kaameratVanemapoolne seade on 2,4 tolline (6,1cm) ekraan, mis on [&hellip;]<\/p>\n","protected":false},"featured_media":132070,"template":"","meta":{"_acf_changed":false},"pwb-brand":[11968],"product_brand":[],"product_cat":[11703,11707,11709,11791],"product_tag":[],"class_list":{"0":"post-459009","1":"product","2":"type-product","3":"status-publish","4":"has-post-thumbnail","6":"pwb-brand-alecto-ru","7":"product_cat-turvalisus-maneezid-turvavaravad-piirded-ru","8":"product_cat-beebimonitorid-ru","9":"product_cat-sootmistoolid-beebi-ja-lastetarbed-mahkimine-hugieen-ru","10":"product_cat-turvavarustus-ru","11":"pa_manufacturer-alecto-ru","13":"first","14":"onbackorder","15":"taxable","16":"shipping-taxable","17":"purchasable","18":"product-type-simple"},"exclude_global_add_ons":[],"addons":[],"acf":[],"yoast_head":"<!-- This site is optimized with the Yoast SEO plugin v27.1.1 - https:\/\/yoast.com\/product\/yoast-seo-wordpress\/ -->\n<title>Alecto beebimonitor DVM-64, \u0411\u0435\u0437\u043e\u043f\u0430\u0441\u043d\u043e\u0441\u0442\u044c, \u0432\u043e\u0440\u043e\u0442\u0430 \u0431\u0435\u0437\u043e\u043f\u0430\u0441\u043d\u043e\u0441\u0442\u0438,\u043c\u0430\u043d\u0435\u0436\u0438, \u0420\u0430\u0434\u0438\u043e\u043d\u044f\u043d\u0438, \u041f\u0440\u0438\u043d\u0430\u0434\u043b\u0435\u0436\u043d\u043e\u0441\u0442\u0438 \u0434\u043b\u044f \u043c\u043b\u0430\u0434\u0435\u043d\u0446\u0435\u0432, \u0421\u043d\u0430\u0440\u044f\u0436\u0435\u043d\u0438\u044f \u0431\u0435\u0437\u043e\u043f\u0430\u0441\u043d\u043e\u0441\u0442\u0438, Beebipood<\/title>\n<meta name=\"description\" content=\"Alecto beebimonitor DVM-64, Kaameraga beebimonitor Alecto DVM-64, millel on kaasas ka 2,4 tolline ekraan. V&auml;ga lihtsasti kasutatav beebimoni\" \/>\n<meta name=\"robots\" content=\"index, follow, max-snippet:-1, max-image-preview:large, max-video-preview:-1\" \/>\n<link rel=\"canonical\" href=\"https:\/\/beebipood.ee\/ru\/produkt\/alecto-beebimonitor-dvm-64\/\" \/>\n<meta property=\"og:locale\" content=\"ru_RU\" \/>\n<meta property=\"og:type\" content=\"article\" \/>\n<meta property=\"og:title\" content=\"Alecto beebimonitor DVM-64, \u0411\u0435\u0437\u043e\u043f\u0430\u0441\u043d\u043e\u0441\u0442\u044c, \u0432\u043e\u0440\u043e\u0442\u0430 \u0431\u0435\u0437\u043e\u043f\u0430\u0441\u043d\u043e\u0441\u0442\u0438,\u043c\u0430\u043d\u0435\u0436\u0438, \u0420\u0430\u0434\u0438\u043e\u043d\u044f\u043d\u0438, \u041f\u0440\u0438\u043d\u0430\u0434\u043b\u0435\u0436\u043d\u043e\u0441\u0442\u0438 \u0434\u043b\u044f \u043c\u043b\u0430\u0434\u0435\u043d\u0446\u0435\u0432, \u0421\u043d\u0430\u0440\u044f\u0436\u0435\u043d\u0438\u044f \u0431\u0435\u0437\u043e\u043f\u0430\u0441\u043d\u043e\u0441\u0442\u0438, Beebipood\" \/>\n<meta property=\"og:description\" content=\"Alecto beebimonitor DVM-64, Kaameraga beebimonitor Alecto DVM-64, millel on kaasas ka 2,4 tolline ekraan. V&auml;ga lihtsasti kasutatav beebimoni\" \/>\n<meta property=\"og:url\" content=\"https:\/\/beebipood.ee\/ru\/produkt\/alecto-beebimonitor-dvm-64\/\" \/>\n<meta property=\"og:site_name\" content=\"Beebipood\" \/>\n<meta property=\"article:modified_time\" content=\"2025-01-09T08:48:37+00:00\" \/>\n<meta property=\"og:image\" content=\"https:\/\/beebipood.ee\/wp-content\/uploads\/2020\/01\/Alecto-beebimonitor-DVM64-UUED-TOOTED-Turvalisus-maneeid-turvavaravad-piirded-Beebimonitorid-Beebi-ja-lastetarbed-Turvavarustus_1-54f.jpg\" \/>\n\t<meta property=\"og:image:width\" content=\"600\" \/>\n\t<meta property=\"og:image:height\" content=\"600\" \/>\n\t<meta property=\"og:image:type\" content=\"image\/jpeg\" \/>\n<meta name=\"twitter:card\" content=\"summary_large_image\" \/>\n<script type=\"application\/ld+json\" class=\"yoast-schema-graph\">{\"@context\":\"https:\/\/schema.org\",\"@graph\":[{\"@type\":\"WebPage\",\"@id\":\"https:\/\/beebipood.ee\/ru\/produkt\/alecto-beebimonitor-dvm-64\/\",\"url\":\"https:\/\/beebipood.ee\/ru\/produkt\/alecto-beebimonitor-dvm-64\/\",\"name\":\"Alecto beebimonitor DVM-64, \u0411\u0435\u0437\u043e\u043f\u0430\u0441\u043d\u043e\u0441\u0442\u044c, \u0432\u043e\u0440\u043e\u0442\u0430 \u0431\u0435\u0437\u043e\u043f\u0430\u0441\u043d\u043e\u0441\u0442\u0438,\u043c\u0430\u043d\u0435\u0436\u0438, \u0420\u0430\u0434\u0438\u043e\u043d\u044f\u043d\u0438, \u041f\u0440\u0438\u043d\u0430\u0434\u043b\u0435\u0436\u043d\u043e\u0441\u0442\u0438 \u0434\u043b\u044f \u043c\u043b\u0430\u0434\u0435\u043d\u0446\u0435\u0432, \u0421\u043d\u0430\u0440\u044f\u0436\u0435\u043d\u0438\u044f \u0431\u0435\u0437\u043e\u043f\u0430\u0441\u043d\u043e\u0441\u0442\u0438, Beebipood\",\"isPartOf\":{\"@id\":\"https:\/\/beebipood.ee\/ru\/#website\"},\"primaryImageOfPage\":{\"@id\":\"https:\/\/beebipood.ee\/ru\/produkt\/alecto-beebimonitor-dvm-64\/#primaryimage\"},\"image\":{\"@id\":\"https:\/\/beebipood.ee\/ru\/produkt\/alecto-beebimonitor-dvm-64\/#primaryimage\"},\"thumbnailUrl\":\"https:\/\/beebipood.ee\/wp-content\/uploads\/2020\/01\/Alecto-beebimonitor-DVM64-UUED-TOOTED-Turvalisus-maneeid-turvavaravad-piirded-Beebimonitorid-Beebi-ja-lastetarbed-Turvavarustus_1-54f.jpg\",\"datePublished\":\"2020-01-14T11:24:55+00:00\",\"dateModified\":\"2025-01-09T08:48:37+00:00\",\"description\":\"Alecto beebimonitor DVM-64, Kaameraga beebimonitor Alecto DVM-64, millel on kaasas ka 2,4 tolline ekraan. V&auml;ga lihtsasti kasutatav beebimoni\",\"breadcrumb\":{\"@id\":\"https:\/\/beebipood.ee\/ru\/produkt\/alecto-beebimonitor-dvm-64\/#breadcrumb\"},\"inLanguage\":\"ru-RU\",\"potentialAction\":[{\"@type\":\"ReadAction\",\"target\":[\"https:\/\/beebipood.ee\/ru\/produkt\/alecto-beebimonitor-dvm-64\/\"]}]},{\"@type\":\"ImageObject\",\"inLanguage\":\"ru-RU\",\"@id\":\"https:\/\/beebipood.ee\/ru\/produkt\/alecto-beebimonitor-dvm-64\/#primaryimage\",\"url\":\"https:\/\/beebipood.ee\/wp-content\/uploads\/2020\/01\/Alecto-beebimonitor-DVM64-UUED-TOOTED-Turvalisus-maneeid-turvavaravad-piirded-Beebimonitorid-Beebi-ja-lastetarbed-Turvavarustus_1-54f.jpg\",\"contentUrl\":\"https:\/\/beebipood.ee\/wp-content\/uploads\/2020\/01\/Alecto-beebimonitor-DVM64-UUED-TOOTED-Turvalisus-maneeid-turvavaravad-piirded-Beebimonitorid-Beebi-ja-lastetarbed-Turvavarustus_1-54f.jpg\",\"width\":600,\"height\":600},{\"@type\":\"BreadcrumbList\",\"@id\":\"https:\/\/beebipood.ee\/ru\/produkt\/alecto-beebimonitor-dvm-64\/#breadcrumb\",\"itemListElement\":[{\"@type\":\"ListItem\",\"position\":1,\"name\":\"Home\",\"item\":\"https:\/\/beebipood.ee\/ru\/\"},{\"@type\":\"ListItem\",\"position\":2,\"name\":\"\u041a\u0430\u0442\u0430\u043b\u043e\u0433 \u0442\u043e\u0432\u0430\u0440\u043e\u0432\",\"item\":\"https:\/\/beebipood.ee\/tooted\/\"},{\"@type\":\"ListItem\",\"position\":3,\"name\":\"Alecto beebimonitor DVM-64\"}]},{\"@type\":\"WebSite\",\"@id\":\"https:\/\/beebipood.ee\/ru\/#website\",\"url\":\"https:\/\/beebipood.ee\/ru\/\",\"name\":\"Beebipood\",\"description\":\"Lastekaubad, beebikaubad, m\u00e4nguasjad\",\"publisher\":{\"@id\":\"https:\/\/beebipood.ee\/ru\/#organization\"},\"potentialAction\":[{\"@type\":\"SearchAction\",\"target\":{\"@type\":\"EntryPoint\",\"urlTemplate\":\"https:\/\/beebipood.ee\/ru\/?s={search_term_string}\"},\"query-input\":{\"@type\":\"PropertyValueSpecification\",\"valueRequired\":true,\"valueName\":\"search_term_string\"}}],\"inLanguage\":\"ru-RU\"},{\"@type\":\"Organization\",\"@id\":\"https:\/\/beebipood.ee\/ru\/#organization\",\"name\":\"Beebipood\",\"url\":\"https:\/\/beebipood.ee\/ru\/\",\"logo\":{\"@type\":\"ImageObject\",\"inLanguage\":\"ru-RU\",\"@id\":\"https:\/\/beebipood.ee\/ru\/#\/schema\/logo\/image\/\",\"url\":\"https:\/\/beebipood.ee\/wp-content\/uploads\/2025\/03\/beebipood.ee-logo-1.svg\",\"contentUrl\":\"https:\/\/beebipood.ee\/wp-content\/uploads\/2025\/03\/beebipood.ee-logo-1.svg\",\"caption\":\"Beebipood\"},\"image\":{\"@id\":\"https:\/\/beebipood.ee\/ru\/#\/schema\/logo\/image\/\"}}]}<\/script>\n<!-- \/ Yoast SEO plugin. -->","yoast_head_json":{"title":"Alecto beebimonitor DVM-64, \u0411\u0435\u0437\u043e\u043f\u0430\u0441\u043d\u043e\u0441\u0442\u044c, \u0432\u043e\u0440\u043e\u0442\u0430 \u0431\u0435\u0437\u043e\u043f\u0430\u0441\u043d\u043e\u0441\u0442\u0438,\u043c\u0430\u043d\u0435\u0436\u0438, \u0420\u0430\u0434\u0438\u043e\u043d\u044f\u043d\u0438, \u041f\u0440\u0438\u043d\u0430\u0434\u043b\u0435\u0436\u043d\u043e\u0441\u0442\u0438 \u0434\u043b\u044f \u043c\u043b\u0430\u0434\u0435\u043d\u0446\u0435\u0432, \u0421\u043d\u0430\u0440\u044f\u0436\u0435\u043d\u0438\u044f \u0431\u0435\u0437\u043e\u043f\u0430\u0441\u043d\u043e\u0441\u0442\u0438, Beebipood","description":"Alecto beebimonitor DVM-64, Kaameraga beebimonitor Alecto DVM-64, millel on kaasas ka 2,4 tolline ekraan. V&auml;ga lihtsasti kasutatav beebimoni","robots":{"index":"index","follow":"follow","max-snippet":"max-snippet:-1","max-image-preview":"max-image-preview:large","max-video-preview":"max-video-preview:-1"},"canonical":"https:\/\/beebipood.ee\/ru\/produkt\/alecto-beebimonitor-dvm-64\/","og_locale":"ru_RU","og_type":"article","og_title":"Alecto beebimonitor DVM-64, \u0411\u0435\u0437\u043e\u043f\u0430\u0441\u043d\u043e\u0441\u0442\u044c, \u0432\u043e\u0440\u043e\u0442\u0430 \u0431\u0435\u0437\u043e\u043f\u0430\u0441\u043d\u043e\u0441\u0442\u0438,\u043c\u0430\u043d\u0435\u0436\u0438, \u0420\u0430\u0434\u0438\u043e\u043d\u044f\u043d\u0438, \u041f\u0440\u0438\u043d\u0430\u0434\u043b\u0435\u0436\u043d\u043e\u0441\u0442\u0438 \u0434\u043b\u044f \u043c\u043b\u0430\u0434\u0435\u043d\u0446\u0435\u0432, \u0421\u043d\u0430\u0440\u044f\u0436\u0435\u043d\u0438\u044f \u0431\u0435\u0437\u043e\u043f\u0430\u0441\u043d\u043e\u0441\u0442\u0438, Beebipood","og_description":"Alecto beebimonitor DVM-64, Kaameraga beebimonitor Alecto DVM-64, millel on kaasas ka 2,4 tolline ekraan. V&auml;ga lihtsasti kasutatav beebimoni","og_url":"https:\/\/beebipood.ee\/ru\/produkt\/alecto-beebimonitor-dvm-64\/","og_site_name":"Beebipood","article_modified_time":"2025-01-09T08:48:37+00:00","og_image":[{"width":600,"height":600,"url":"https:\/\/beebipood.ee\/wp-content\/uploads\/2020\/01\/Alecto-beebimonitor-DVM64-UUED-TOOTED-Turvalisus-maneeid-turvavaravad-piirded-Beebimonitorid-Beebi-ja-lastetarbed-Turvavarustus_1-54f.jpg","type":"image\/jpeg"}],"twitter_card":"summary_large_image","schema":{"@context":"https:\/\/schema.org","@graph":[{"@type":"WebPage","@id":"https:\/\/beebipood.ee\/ru\/produkt\/alecto-beebimonitor-dvm-64\/","url":"https:\/\/beebipood.ee\/ru\/produkt\/alecto-beebimonitor-dvm-64\/","name":"Alecto beebimonitor DVM-64, \u0411\u0435\u0437\u043e\u043f\u0430\u0441\u043d\u043e\u0441\u0442\u044c, \u0432\u043e\u0440\u043e\u0442\u0430 \u0431\u0435\u0437\u043e\u043f\u0430\u0441\u043d\u043e\u0441\u0442\u0438,\u043c\u0430\u043d\u0435\u0436\u0438, \u0420\u0430\u0434\u0438\u043e\u043d\u044f\u043d\u0438, \u041f\u0440\u0438\u043d\u0430\u0434\u043b\u0435\u0436\u043d\u043e\u0441\u0442\u0438 \u0434\u043b\u044f \u043c\u043b\u0430\u0434\u0435\u043d\u0446\u0435\u0432, \u0421\u043d\u0430\u0440\u044f\u0436\u0435\u043d\u0438\u044f \u0431\u0435\u0437\u043e\u043f\u0430\u0441\u043d\u043e\u0441\u0442\u0438, Beebipood","isPartOf":{"@id":"https:\/\/beebipood.ee\/ru\/#website"},"primaryImageOfPage":{"@id":"https:\/\/beebipood.ee\/ru\/produkt\/alecto-beebimonitor-dvm-64\/#primaryimage"},"image":{"@id":"https:\/\/beebipood.ee\/ru\/produkt\/alecto-beebimonitor-dvm-64\/#primaryimage"},"thumbnailUrl":"https:\/\/beebipood.ee\/wp-content\/uploads\/2020\/01\/Alecto-beebimonitor-DVM64-UUED-TOOTED-Turvalisus-maneeid-turvavaravad-piirded-Beebimonitorid-Beebi-ja-lastetarbed-Turvavarustus_1-54f.jpg","datePublished":"2020-01-14T11:24:55+00:00","dateModified":"2025-01-09T08:48:37+00:00","description":"Alecto beebimonitor DVM-64, Kaameraga beebimonitor Alecto DVM-64, millel on kaasas ka 2,4 tolline ekraan. V&auml;ga lihtsasti kasutatav beebimoni","breadcrumb":{"@id":"https:\/\/beebipood.ee\/ru\/produkt\/alecto-beebimonitor-dvm-64\/#breadcrumb"},"inLanguage":"ru-RU","potentialAction":[{"@type":"ReadAction","target":["https:\/\/beebipood.ee\/ru\/produkt\/alecto-beebimonitor-dvm-64\/"]}]},{"@type":"ImageObject","inLanguage":"ru-RU","@id":"https:\/\/beebipood.ee\/ru\/produkt\/alecto-beebimonitor-dvm-64\/#primaryimage","url":"https:\/\/beebipood.ee\/wp-content\/uploads\/2020\/01\/Alecto-beebimonitor-DVM64-UUED-TOOTED-Turvalisus-maneeid-turvavaravad-piirded-Beebimonitorid-Beebi-ja-lastetarbed-Turvavarustus_1-54f.jpg","contentUrl":"https:\/\/beebipood.ee\/wp-content\/uploads\/2020\/01\/Alecto-beebimonitor-DVM64-UUED-TOOTED-Turvalisus-maneeid-turvavaravad-piirded-Beebimonitorid-Beebi-ja-lastetarbed-Turvavarustus_1-54f.jpg","width":600,"height":600},{"@type":"BreadcrumbList","@id":"https:\/\/beebipood.ee\/ru\/produkt\/alecto-beebimonitor-dvm-64\/#breadcrumb","itemListElement":[{"@type":"ListItem","position":1,"name":"Home","item":"https:\/\/beebipood.ee\/ru\/"},{"@type":"ListItem","position":2,"name":"\u041a\u0430\u0442\u0430\u043b\u043e\u0433 \u0442\u043e\u0432\u0430\u0440\u043e\u0432","item":"https:\/\/beebipood.ee\/tooted\/"},{"@type":"ListItem","position":3,"name":"Alecto beebimonitor DVM-64"}]},{"@type":"WebSite","@id":"https:\/\/beebipood.ee\/ru\/#website","url":"https:\/\/beebipood.ee\/ru\/","name":"Beebipood","description":"Lastekaubad, beebikaubad, m\u00e4nguasjad","publisher":{"@id":"https:\/\/beebipood.ee\/ru\/#organization"},"potentialAction":[{"@type":"SearchAction","target":{"@type":"EntryPoint","urlTemplate":"https:\/\/beebipood.ee\/ru\/?s={search_term_string}"},"query-input":{"@type":"PropertyValueSpecification","valueRequired":true,"valueName":"search_term_string"}}],"inLanguage":"ru-RU"},{"@type":"Organization","@id":"https:\/\/beebipood.ee\/ru\/#organization","name":"Beebipood","url":"https:\/\/beebipood.ee\/ru\/","logo":{"@type":"ImageObject","inLanguage":"ru-RU","@id":"https:\/\/beebipood.ee\/ru\/#\/schema\/logo\/image\/","url":"https:\/\/beebipood.ee\/wp-content\/uploads\/2025\/03\/beebipood.ee-logo-1.svg","contentUrl":"https:\/\/beebipood.ee\/wp-content\/uploads\/2025\/03\/beebipood.ee-logo-1.svg","caption":"Beebipood"},"image":{"@id":"https:\/\/beebipood.ee\/ru\/#\/schema\/logo\/image\/"}}]}},"brands":[{"id":11968,"name":"Alecto","slug":"alecto-ru"}],"_links":{"self":[{"href":"https:\/\/beebipood.ee\/ru\/wp-json\/wp\/v2\/product\/459009","targetHints":{"allow":["GET"]}}],"collection":[{"href":"https:\/\/beebipood.ee\/ru\/wp-json\/wp\/v2\/product"}],"about":[{"href":"https:\/\/beebipood.ee\/ru\/wp-json\/wp\/v2\/types\/product"}],"wp:featuredmedia":[{"embeddable":true,"href":"https:\/\/beebipood.ee\/ru\/wp-json\/wp\/v2\/media\/132070"}],"wp:attachment":[{"href":"https:\/\/beebipood.ee\/ru\/wp-json\/wp\/v2\/media?parent=459009"}],"wp:term":[{"taxonomy":"pwb-brand","embeddable":true,"href":"https:\/\/beebipood.ee\/ru\/wp-json\/wp\/v2\/pwb-brand?post=459009"},{"taxonomy":"product_brand","embeddable":true,"href":"https:\/\/beebipood.ee\/ru\/wp-json\/wp\/v2\/product_brand?post=459009"},{"taxonomy":"product_cat","embeddable":true,"href":"https:\/\/beebipood.ee\/ru\/wp-json\/wp\/v2\/product_cat?post=459009"},{"taxonomy":"product_tag","embeddable":true,"href":"https:\/\/beebipood.ee\/ru\/wp-json\/wp\/v2\/product_tag?post=459009"}],"curies":[{"name":"wp","href":"https:\/\/api.w.org\/{rel}","templated":true}]}}