{"id":459011,"date":"2020-01-14T14:06:35","date_gmt":"2020-01-14T12:06:35","guid":{"rendered":"https:\/\/beebipood.ee\/toode\/alecto-ohuniisuti-ja-projektor\/"},"modified":"2025-01-09T10:48:37","modified_gmt":"2025-01-09T08:48:37","slug":"alecto-ohuniisuti-ja-projektor","status":"publish","type":"product","link":"https:\/\/beebipood.ee\/ru\/produkt\/alecto-ohuniisuti-ja-projektor\/","title":{"rendered":"Alecto \u00f5huniisuti ja projektor"},"content":{"rendered":"<p>Kaks \u00fches toode: ultraheliga \u00f5huniisuti ning t\u00e4histaevast projekteeriv \u00f6\u00f6valgus. <br \/>Tagab sobiva niiskustaseme lapse toas ning kuvab ilusa t\u00e4histaeva.<\/p>\n<p>Ultrahelil toimiv (inimk\u00f5rvale kuulmatu)<br \/>K\u00fclma \u00f5hu tehnoloogia<br \/>\u00d5huniisuti tagab kvaliteetse \u00f5hu beebitoas<br \/>T\u00e4histaeva projektsioon<br \/>\u00d6\u00f6valgus<br \/>Eeterlike\u00f5lide hajuti<br \/>Veepaagi mahutavus 120ml<br \/>V\u00e4ga vaikselt t\u00f6\u00f6tav<br \/>Toimib j\u00e4rjest kuni 8 tundi<br \/>Peatub automaatselt, kui veepaak saab t\u00fchjaks<br \/><span style=\"text-decoration: underline;\">N\u00e4itajad<\/span><br \/>Sobib ruumidele suurusega 20 ruutmeetrit<br \/>Toide: adapteriga (komplektis)<\/p>\n","protected":false},"excerpt":{"rendered":"<p>Kaks \u00fches toode: ultraheliga \u00f5huniisuti ning t\u00e4histaevast projekteeriv \u00f6\u00f6valgus. Tagab sobiva niiskustaseme lapse toas ning kuvab ilusa t\u00e4histaeva. Ultrahelil toimiv (inimk\u00f5rvale kuulmatu)K\u00fclma \u00f5hu tehnoloogia\u00d5huniisuti tagab kvaliteetse \u00f5hu beebitoasT\u00e4histaeva projektsioon\u00d6\u00f6valgusEeterlike\u00f5lide hajutiVeepaagi mahutavus 120mlV\u00e4ga vaikselt t\u00f6\u00f6tavToimib j\u00e4rjest kuni 8 tundiPeatub automaatselt, kui veepaak saab t\u00fchjaksN\u00e4itajadSobib ruumidele suurusega 20 ruutmeetritToide: adapteriga (komplektis)<\/p>\n","protected":false},"featured_media":132084,"template":"","meta":{"_acf_changed":false},"pwb-brand":[11968],"product_brand":[],"product_cat":[11669,11673,11789],"product_tag":[],"class_list":{"0":"post-459011","1":"product","2":"type-product","3":"status-publish","4":"has-post-thumbnail","6":"pwb-brand-alecto-ru","7":"product_cat-muu-sisustus-varia-ru","8":"product_cat-muud-aksessuaarid-ru","9":"product_cat-lastemoobel-ja-sisustus-ru","10":"pa_manufacturer-alecto-ru","12":"first","13":"onbackorder","14":"sale","15":"taxable","16":"shipping-taxable","17":"purchasable","18":"product-type-simple"},"exclude_global_add_ons":[],"addons":[],"acf":[],"yoast_head":"<!-- This site is optimized with the Yoast SEO plugin v27.1.1 - https:\/\/yoast.com\/product\/yoast-seo-wordpress\/ -->\n<title>Alecto \u00f5huniisuti ja projektor, \u0414\u0440\u0443\u0433\u0430\u044f \u043c\u0435\u0431\u0435\u043b\u044c, \u0414\u0440\u0443\u0433\u0438\u0435 \u0430\u043a\u0441\u0435\u0441\u0441\u0443\u0430\u0440\u044b, M\u0435\u0431\u0435\u043b\u044c, Beebipood<\/title>\n<meta name=\"description\" content=\"Alecto \u00f5huniisuti ja projektor, Kaks &uuml;hes toode: ultraheliga &otilde;huniisuti ning t&auml;histaevast projekteeriv &ouml;&ouml;valgus. Tagab sobi\" \/>\n<meta name=\"robots\" content=\"index, follow, max-snippet:-1, max-image-preview:large, max-video-preview:-1\" \/>\n<link rel=\"canonical\" href=\"https:\/\/beebipood.ee\/ru\/produkt\/alecto-ohuniisuti-ja-projektor\/\" \/>\n<meta property=\"og:locale\" content=\"ru_RU\" \/>\n<meta property=\"og:type\" content=\"article\" \/>\n<meta property=\"og:title\" content=\"Alecto \u00f5huniisuti ja projektor, \u0414\u0440\u0443\u0433\u0430\u044f \u043c\u0435\u0431\u0435\u043b\u044c, \u0414\u0440\u0443\u0433\u0438\u0435 \u0430\u043a\u0441\u0435\u0441\u0441\u0443\u0430\u0440\u044b, M\u0435\u0431\u0435\u043b\u044c, Beebipood\" \/>\n<meta property=\"og:description\" content=\"Alecto \u00f5huniisuti ja projektor, Kaks &uuml;hes toode: ultraheliga &otilde;huniisuti ning t&auml;histaevast projekteeriv &ouml;&ouml;valgus. Tagab sobi\" \/>\n<meta property=\"og:url\" content=\"https:\/\/beebipood.ee\/ru\/produkt\/alecto-ohuniisuti-ja-projektor\/\" \/>\n<meta property=\"og:site_name\" content=\"Beebipood\" \/>\n<meta property=\"article:modified_time\" content=\"2025-01-09T08:48:37+00:00\" \/>\n<meta property=\"og:image\" content=\"https:\/\/beebipood.ee\/wp-content\/uploads\/2020\/01\/bc-21_alecto_huniisuti-d46.jpg\" \/>\n\t<meta property=\"og:image:width\" content=\"600\" \/>\n\t<meta property=\"og:image:height\" content=\"600\" \/>\n\t<meta property=\"og:image:type\" content=\"image\/jpeg\" \/>\n<meta name=\"twitter:card\" content=\"summary_large_image\" \/>\n<script type=\"application\/ld+json\" class=\"yoast-schema-graph\">{\"@context\":\"https:\/\/schema.org\",\"@graph\":[{\"@type\":\"WebPage\",\"@id\":\"https:\/\/beebipood.ee\/ru\/produkt\/alecto-ohuniisuti-ja-projektor\/\",\"url\":\"https:\/\/beebipood.ee\/ru\/produkt\/alecto-ohuniisuti-ja-projektor\/\",\"name\":\"Alecto \u00f5huniisuti ja projektor, \u0414\u0440\u0443\u0433\u0430\u044f \u043c\u0435\u0431\u0435\u043b\u044c, \u0414\u0440\u0443\u0433\u0438\u0435 \u0430\u043a\u0441\u0435\u0441\u0441\u0443\u0430\u0440\u044b, M\u0435\u0431\u0435\u043b\u044c, Beebipood\",\"isPartOf\":{\"@id\":\"https:\/\/beebipood.ee\/ru\/#website\"},\"primaryImageOfPage\":{\"@id\":\"https:\/\/beebipood.ee\/ru\/produkt\/alecto-ohuniisuti-ja-projektor\/#primaryimage\"},\"image\":{\"@id\":\"https:\/\/beebipood.ee\/ru\/produkt\/alecto-ohuniisuti-ja-projektor\/#primaryimage\"},\"thumbnailUrl\":\"https:\/\/beebipood.ee\/wp-content\/uploads\/2020\/01\/bc-21_alecto_huniisuti-d46.jpg\",\"datePublished\":\"2020-01-14T12:06:35+00:00\",\"dateModified\":\"2025-01-09T08:48:37+00:00\",\"description\":\"Alecto \u00f5huniisuti ja projektor, Kaks &uuml;hes toode: ultraheliga &otilde;huniisuti ning t&auml;histaevast projekteeriv &ouml;&ouml;valgus. Tagab sobi\",\"breadcrumb\":{\"@id\":\"https:\/\/beebipood.ee\/ru\/produkt\/alecto-ohuniisuti-ja-projektor\/#breadcrumb\"},\"inLanguage\":\"ru-RU\",\"potentialAction\":[{\"@type\":\"ReadAction\",\"target\":[\"https:\/\/beebipood.ee\/ru\/produkt\/alecto-ohuniisuti-ja-projektor\/\"]}]},{\"@type\":\"ImageObject\",\"inLanguage\":\"ru-RU\",\"@id\":\"https:\/\/beebipood.ee\/ru\/produkt\/alecto-ohuniisuti-ja-projektor\/#primaryimage\",\"url\":\"https:\/\/beebipood.ee\/wp-content\/uploads\/2020\/01\/bc-21_alecto_huniisuti-d46.jpg\",\"contentUrl\":\"https:\/\/beebipood.ee\/wp-content\/uploads\/2020\/01\/bc-21_alecto_huniisuti-d46.jpg\",\"width\":600,\"height\":600},{\"@type\":\"BreadcrumbList\",\"@id\":\"https:\/\/beebipood.ee\/ru\/produkt\/alecto-ohuniisuti-ja-projektor\/#breadcrumb\",\"itemListElement\":[{\"@type\":\"ListItem\",\"position\":1,\"name\":\"Home\",\"item\":\"https:\/\/beebipood.ee\/ru\/\"},{\"@type\":\"ListItem\",\"position\":2,\"name\":\"\u041a\u0430\u0442\u0430\u043b\u043e\u0433 \u0442\u043e\u0432\u0430\u0440\u043e\u0432\",\"item\":\"https:\/\/beebipood.ee\/tooted\/\"},{\"@type\":\"ListItem\",\"position\":3,\"name\":\"Alecto \u00f5huniisuti ja projektor\"}]},{\"@type\":\"WebSite\",\"@id\":\"https:\/\/beebipood.ee\/ru\/#website\",\"url\":\"https:\/\/beebipood.ee\/ru\/\",\"name\":\"Beebipood\",\"description\":\"Lastekaubad, beebikaubad, m\u00e4nguasjad\",\"publisher\":{\"@id\":\"https:\/\/beebipood.ee\/ru\/#organization\"},\"potentialAction\":[{\"@type\":\"SearchAction\",\"target\":{\"@type\":\"EntryPoint\",\"urlTemplate\":\"https:\/\/beebipood.ee\/ru\/?s={search_term_string}\"},\"query-input\":{\"@type\":\"PropertyValueSpecification\",\"valueRequired\":true,\"valueName\":\"search_term_string\"}}],\"inLanguage\":\"ru-RU\"},{\"@type\":\"Organization\",\"@id\":\"https:\/\/beebipood.ee\/ru\/#organization\",\"name\":\"Beebipood\",\"url\":\"https:\/\/beebipood.ee\/ru\/\",\"logo\":{\"@type\":\"ImageObject\",\"inLanguage\":\"ru-RU\",\"@id\":\"https:\/\/beebipood.ee\/ru\/#\/schema\/logo\/image\/\",\"url\":\"https:\/\/beebipood.ee\/wp-content\/uploads\/2025\/03\/beebipood.ee-logo-1.svg\",\"contentUrl\":\"https:\/\/beebipood.ee\/wp-content\/uploads\/2025\/03\/beebipood.ee-logo-1.svg\",\"caption\":\"Beebipood\"},\"image\":{\"@id\":\"https:\/\/beebipood.ee\/ru\/#\/schema\/logo\/image\/\"}}]}<\/script>\n<!-- \/ Yoast SEO plugin. -->","yoast_head_json":{"title":"Alecto \u00f5huniisuti ja projektor, \u0414\u0440\u0443\u0433\u0430\u044f \u043c\u0435\u0431\u0435\u043b\u044c, \u0414\u0440\u0443\u0433\u0438\u0435 \u0430\u043a\u0441\u0435\u0441\u0441\u0443\u0430\u0440\u044b, M\u0435\u0431\u0435\u043b\u044c, Beebipood","description":"Alecto \u00f5huniisuti ja projektor, Kaks &uuml;hes toode: ultraheliga &otilde;huniisuti ning t&auml;histaevast projekteeriv &ouml;&ouml;valgus. Tagab sobi","robots":{"index":"index","follow":"follow","max-snippet":"max-snippet:-1","max-image-preview":"max-image-preview:large","max-video-preview":"max-video-preview:-1"},"canonical":"https:\/\/beebipood.ee\/ru\/produkt\/alecto-ohuniisuti-ja-projektor\/","og_locale":"ru_RU","og_type":"article","og_title":"Alecto \u00f5huniisuti ja projektor, \u0414\u0440\u0443\u0433\u0430\u044f \u043c\u0435\u0431\u0435\u043b\u044c, \u0414\u0440\u0443\u0433\u0438\u0435 \u0430\u043a\u0441\u0435\u0441\u0441\u0443\u0430\u0440\u044b, M\u0435\u0431\u0435\u043b\u044c, Beebipood","og_description":"Alecto \u00f5huniisuti ja projektor, Kaks &uuml;hes toode: ultraheliga &otilde;huniisuti ning t&auml;histaevast projekteeriv &ouml;&ouml;valgus. Tagab sobi","og_url":"https:\/\/beebipood.ee\/ru\/produkt\/alecto-ohuniisuti-ja-projektor\/","og_site_name":"Beebipood","article_modified_time":"2025-01-09T08:48:37+00:00","og_image":[{"width":600,"height":600,"url":"https:\/\/beebipood.ee\/wp-content\/uploads\/2020\/01\/bc-21_alecto_huniisuti-d46.jpg","type":"image\/jpeg"}],"twitter_card":"summary_large_image","schema":{"@context":"https:\/\/schema.org","@graph":[{"@type":"WebPage","@id":"https:\/\/beebipood.ee\/ru\/produkt\/alecto-ohuniisuti-ja-projektor\/","url":"https:\/\/beebipood.ee\/ru\/produkt\/alecto-ohuniisuti-ja-projektor\/","name":"Alecto \u00f5huniisuti ja projektor, \u0414\u0440\u0443\u0433\u0430\u044f \u043c\u0435\u0431\u0435\u043b\u044c, \u0414\u0440\u0443\u0433\u0438\u0435 \u0430\u043a\u0441\u0435\u0441\u0441\u0443\u0430\u0440\u044b, M\u0435\u0431\u0435\u043b\u044c, Beebipood","isPartOf":{"@id":"https:\/\/beebipood.ee\/ru\/#website"},"primaryImageOfPage":{"@id":"https:\/\/beebipood.ee\/ru\/produkt\/alecto-ohuniisuti-ja-projektor\/#primaryimage"},"image":{"@id":"https:\/\/beebipood.ee\/ru\/produkt\/alecto-ohuniisuti-ja-projektor\/#primaryimage"},"thumbnailUrl":"https:\/\/beebipood.ee\/wp-content\/uploads\/2020\/01\/bc-21_alecto_huniisuti-d46.jpg","datePublished":"2020-01-14T12:06:35+00:00","dateModified":"2025-01-09T08:48:37+00:00","description":"Alecto \u00f5huniisuti ja projektor, Kaks &uuml;hes toode: ultraheliga &otilde;huniisuti ning t&auml;histaevast projekteeriv &ouml;&ouml;valgus. Tagab sobi","breadcrumb":{"@id":"https:\/\/beebipood.ee\/ru\/produkt\/alecto-ohuniisuti-ja-projektor\/#breadcrumb"},"inLanguage":"ru-RU","potentialAction":[{"@type":"ReadAction","target":["https:\/\/beebipood.ee\/ru\/produkt\/alecto-ohuniisuti-ja-projektor\/"]}]},{"@type":"ImageObject","inLanguage":"ru-RU","@id":"https:\/\/beebipood.ee\/ru\/produkt\/alecto-ohuniisuti-ja-projektor\/#primaryimage","url":"https:\/\/beebipood.ee\/wp-content\/uploads\/2020\/01\/bc-21_alecto_huniisuti-d46.jpg","contentUrl":"https:\/\/beebipood.ee\/wp-content\/uploads\/2020\/01\/bc-21_alecto_huniisuti-d46.jpg","width":600,"height":600},{"@type":"BreadcrumbList","@id":"https:\/\/beebipood.ee\/ru\/produkt\/alecto-ohuniisuti-ja-projektor\/#breadcrumb","itemListElement":[{"@type":"ListItem","position":1,"name":"Home","item":"https:\/\/beebipood.ee\/ru\/"},{"@type":"ListItem","position":2,"name":"\u041a\u0430\u0442\u0430\u043b\u043e\u0433 \u0442\u043e\u0432\u0430\u0440\u043e\u0432","item":"https:\/\/beebipood.ee\/tooted\/"},{"@type":"ListItem","position":3,"name":"Alecto \u00f5huniisuti ja projektor"}]},{"@type":"WebSite","@id":"https:\/\/beebipood.ee\/ru\/#website","url":"https:\/\/beebipood.ee\/ru\/","name":"Beebipood","description":"Lastekaubad, beebikaubad, m\u00e4nguasjad","publisher":{"@id":"https:\/\/beebipood.ee\/ru\/#organization"},"potentialAction":[{"@type":"SearchAction","target":{"@type":"EntryPoint","urlTemplate":"https:\/\/beebipood.ee\/ru\/?s={search_term_string}"},"query-input":{"@type":"PropertyValueSpecification","valueRequired":true,"valueName":"search_term_string"}}],"inLanguage":"ru-RU"},{"@type":"Organization","@id":"https:\/\/beebipood.ee\/ru\/#organization","name":"Beebipood","url":"https:\/\/beebipood.ee\/ru\/","logo":{"@type":"ImageObject","inLanguage":"ru-RU","@id":"https:\/\/beebipood.ee\/ru\/#\/schema\/logo\/image\/","url":"https:\/\/beebipood.ee\/wp-content\/uploads\/2025\/03\/beebipood.ee-logo-1.svg","contentUrl":"https:\/\/beebipood.ee\/wp-content\/uploads\/2025\/03\/beebipood.ee-logo-1.svg","caption":"Beebipood"},"image":{"@id":"https:\/\/beebipood.ee\/ru\/#\/schema\/logo\/image\/"}}]}},"brands":[{"id":11968,"name":"Alecto","slug":"alecto-ru"}],"_links":{"self":[{"href":"https:\/\/beebipood.ee\/ru\/wp-json\/wp\/v2\/product\/459011","targetHints":{"allow":["GET"]}}],"collection":[{"href":"https:\/\/beebipood.ee\/ru\/wp-json\/wp\/v2\/product"}],"about":[{"href":"https:\/\/beebipood.ee\/ru\/wp-json\/wp\/v2\/types\/product"}],"wp:featuredmedia":[{"embeddable":true,"href":"https:\/\/beebipood.ee\/ru\/wp-json\/wp\/v2\/media\/132084"}],"wp:attachment":[{"href":"https:\/\/beebipood.ee\/ru\/wp-json\/wp\/v2\/media?parent=459011"}],"wp:term":[{"taxonomy":"pwb-brand","embeddable":true,"href":"https:\/\/beebipood.ee\/ru\/wp-json\/wp\/v2\/pwb-brand?post=459011"},{"taxonomy":"product_brand","embeddable":true,"href":"https:\/\/beebipood.ee\/ru\/wp-json\/wp\/v2\/product_brand?post=459011"},{"taxonomy":"product_cat","embeddable":true,"href":"https:\/\/beebipood.ee\/ru\/wp-json\/wp\/v2\/product_cat?post=459011"},{"taxonomy":"product_tag","embeddable":true,"href":"https:\/\/beebipood.ee\/ru\/wp-json\/wp\/v2\/product_tag?post=459011"}],"curies":[{"name":"wp","href":"https:\/\/api.w.org\/{rel}","templated":true}]}}