{"id":459013,"date":"2020-01-14T14:08:23","date_gmt":"2020-01-14T12:08:23","guid":{"rendered":"https:\/\/beebipood.ee\/toode\/alecto-ohuniisuti-ultrasonic-bc-24\/"},"modified":"2025-01-09T10:48:37","modified_gmt":"2025-01-09T08:48:37","slug":"alecto-ohuniisuti-ultrasonic-bc-24","status":"publish","type":"product","link":"https:\/\/beebipood.ee\/ru\/produkt\/alecto-ohuniisuti-ultrasonic-bc-24\/","title":{"rendered":"Alecto \u00f5huniisuti ultrasonic BC-24"},"content":{"rendered":"<p>Ultrahelil toimiv \u00f5huniisuti, mis tagab kvaliteetse keskkonna beebitoas. <br \/>\u00d5ige \u00f5huniiskustase (40-50%) aitab v\u00e4ltida erinevate terviseh\u00e4dade teket <br \/>nagu vesised silmad, kuiv k\u00f6ha, peavalu ning hingamisteede h\u00e4ired.<\/p>\n<p>Tagab korrektse niiskustaseme<br \/>Aitab v\u00e4ltida kuiva nahka ning hingamisteede h\u00e4ireid<br \/>Sobib ideaalselt lastetuppa<br \/>K\u00fclma auru tehnoloogia<br \/>Toimib ultrahelil &#8212; see t\u00e4hendab, et inimk\u00f5rvale h\u00e4\u00e4letult<br \/>Erineva v\u00e4rviga \u00f6\u00f6valgus<br \/>Eeterlike\u00f5lide hajuti<br \/>Sobib kasutamiseks ruumides suurusega 20 ruutmeetrit<br \/>Kestvus kuni 10h<br \/>Peatub automaatselt, kui veemahuti on saanud t\u00fchjaks<br \/>Veepaak 80ml<br \/><span style=\"text-decoration: underline;\">N\u00e4itajad<\/span><br \/>M\u00f5\u00f5dud: 14,1 x 9cm (k\u00f5rgus, diameeter)<br \/>Toide: vooluv\u00f5rgust (adapter komplektis)<\/p>\n","protected":false},"excerpt":{"rendered":"<p>Ultrahelil toimiv \u00f5huniisuti, mis tagab kvaliteetse keskkonna beebitoas. \u00d5ige \u00f5huniiskustase (40-50%) aitab v\u00e4ltida erinevate terviseh\u00e4dade teket nagu vesised silmad, kuiv k\u00f6ha, peavalu ning hingamisteede h\u00e4ired. Tagab korrektse niiskustasemeAitab v\u00e4ltida kuiva nahka ning hingamisteede h\u00e4ireidSobib ideaalselt lastetuppaK\u00fclma auru tehnoloogiaToimib ultrahelil &#8212; see t\u00e4hendab, et inimk\u00f5rvale h\u00e4\u00e4letultErineva v\u00e4rviga \u00f6\u00f6valgusEeterlike\u00f5lide hajutiSobib kasutamiseks ruumides suurusega 20 ruutmeetritKestvus kuni 10hPeatub [&hellip;]<\/p>\n","protected":false},"featured_media":132100,"template":"","meta":{"_acf_changed":false},"pwb-brand":[11968],"product_brand":[],"product_cat":[11669,11673,11789],"product_tag":[],"class_list":{"0":"post-459013","1":"product","2":"type-product","3":"status-publish","4":"has-post-thumbnail","6":"pwb-brand-alecto-ru","7":"product_cat-muu-sisustus-varia-ru","8":"product_cat-muud-aksessuaarid-ru","9":"product_cat-lastemoobel-ja-sisustus-ru","10":"pa_manufacturer-alecto-ru","12":"first","13":"onbackorder","14":"sale","15":"taxable","16":"shipping-taxable","17":"purchasable","18":"product-type-simple"},"exclude_global_add_ons":[],"addons":[],"acf":[],"yoast_head":"<!-- This site is optimized with the Yoast SEO plugin v27.1.1 - https:\/\/yoast.com\/product\/yoast-seo-wordpress\/ -->\n<title>Alecto \u00f5huniisuti ultrasonic BC-24, \u0414\u0440\u0443\u0433\u0430\u044f \u043c\u0435\u0431\u0435\u043b\u044c, \u0414\u0440\u0443\u0433\u0438\u0435 \u0430\u043a\u0441\u0435\u0441\u0441\u0443\u0430\u0440\u044b, M\u0435\u0431\u0435\u043b\u044c, Beebipood<\/title>\n<meta name=\"description\" content=\"Alecto \u00f5huniisuti ultrasonic BC-24, Ultrahelil toimiv &otilde;huniisuti, mis tagab kvaliteetse keskkonna beebitoas. &Otilde;ige &otilde;huniiskustase\" \/>\n<meta name=\"robots\" content=\"index, follow, max-snippet:-1, max-image-preview:large, max-video-preview:-1\" \/>\n<link rel=\"canonical\" href=\"https:\/\/beebipood.ee\/ru\/produkt\/alecto-ohuniisuti-ultrasonic-bc-24\/\" \/>\n<meta property=\"og:locale\" content=\"ru_RU\" \/>\n<meta property=\"og:type\" content=\"article\" \/>\n<meta property=\"og:title\" content=\"Alecto \u00f5huniisuti ultrasonic BC-24, \u0414\u0440\u0443\u0433\u0430\u044f \u043c\u0435\u0431\u0435\u043b\u044c, \u0414\u0440\u0443\u0433\u0438\u0435 \u0430\u043a\u0441\u0435\u0441\u0441\u0443\u0430\u0440\u044b, M\u0435\u0431\u0435\u043b\u044c, Beebipood\" \/>\n<meta property=\"og:description\" content=\"Alecto \u00f5huniisuti ultrasonic BC-24, Ultrahelil toimiv &otilde;huniisuti, mis tagab kvaliteetse keskkonna beebitoas. &Otilde;ige &otilde;huniiskustase\" \/>\n<meta property=\"og:url\" content=\"https:\/\/beebipood.ee\/ru\/produkt\/alecto-ohuniisuti-ultrasonic-bc-24\/\" \/>\n<meta property=\"og:site_name\" content=\"Beebipood\" \/>\n<meta property=\"article:modified_time\" content=\"2025-01-09T08:48:37+00:00\" \/>\n<meta property=\"og:image\" content=\"https:\/\/beebipood.ee\/wp-content\/uploads\/2020\/01\/Alecto-ohuniisuti-ultrasonic-BC24-UUED-TOOTED-Muu-sisustus-varia-Muud-aksessuaarid-Lastemoobel-ja-sisustus_2-ca2.jpg\" \/>\n\t<meta property=\"og:image:width\" content=\"600\" \/>\n\t<meta property=\"og:image:height\" content=\"600\" \/>\n\t<meta property=\"og:image:type\" content=\"image\/jpeg\" \/>\n<meta name=\"twitter:card\" content=\"summary_large_image\" \/>\n<script type=\"application\/ld+json\" class=\"yoast-schema-graph\">{\"@context\":\"https:\/\/schema.org\",\"@graph\":[{\"@type\":\"WebPage\",\"@id\":\"https:\/\/beebipood.ee\/ru\/produkt\/alecto-ohuniisuti-ultrasonic-bc-24\/\",\"url\":\"https:\/\/beebipood.ee\/ru\/produkt\/alecto-ohuniisuti-ultrasonic-bc-24\/\",\"name\":\"Alecto \u00f5huniisuti ultrasonic BC-24, \u0414\u0440\u0443\u0433\u0430\u044f \u043c\u0435\u0431\u0435\u043b\u044c, \u0414\u0440\u0443\u0433\u0438\u0435 \u0430\u043a\u0441\u0435\u0441\u0441\u0443\u0430\u0440\u044b, M\u0435\u0431\u0435\u043b\u044c, Beebipood\",\"isPartOf\":{\"@id\":\"https:\/\/beebipood.ee\/ru\/#website\"},\"primaryImageOfPage\":{\"@id\":\"https:\/\/beebipood.ee\/ru\/produkt\/alecto-ohuniisuti-ultrasonic-bc-24\/#primaryimage\"},\"image\":{\"@id\":\"https:\/\/beebipood.ee\/ru\/produkt\/alecto-ohuniisuti-ultrasonic-bc-24\/#primaryimage\"},\"thumbnailUrl\":\"https:\/\/beebipood.ee\/wp-content\/uploads\/2020\/01\/Alecto-ohuniisuti-ultrasonic-BC24-UUED-TOOTED-Muu-sisustus-varia-Muud-aksessuaarid-Lastemoobel-ja-sisustus_2-ca2.jpg\",\"datePublished\":\"2020-01-14T12:08:23+00:00\",\"dateModified\":\"2025-01-09T08:48:37+00:00\",\"description\":\"Alecto \u00f5huniisuti ultrasonic BC-24, Ultrahelil toimiv &otilde;huniisuti, mis tagab kvaliteetse keskkonna beebitoas. &Otilde;ige &otilde;huniiskustase\",\"breadcrumb\":{\"@id\":\"https:\/\/beebipood.ee\/ru\/produkt\/alecto-ohuniisuti-ultrasonic-bc-24\/#breadcrumb\"},\"inLanguage\":\"ru-RU\",\"potentialAction\":[{\"@type\":\"ReadAction\",\"target\":[\"https:\/\/beebipood.ee\/ru\/produkt\/alecto-ohuniisuti-ultrasonic-bc-24\/\"]}]},{\"@type\":\"ImageObject\",\"inLanguage\":\"ru-RU\",\"@id\":\"https:\/\/beebipood.ee\/ru\/produkt\/alecto-ohuniisuti-ultrasonic-bc-24\/#primaryimage\",\"url\":\"https:\/\/beebipood.ee\/wp-content\/uploads\/2020\/01\/Alecto-ohuniisuti-ultrasonic-BC24-UUED-TOOTED-Muu-sisustus-varia-Muud-aksessuaarid-Lastemoobel-ja-sisustus_2-ca2.jpg\",\"contentUrl\":\"https:\/\/beebipood.ee\/wp-content\/uploads\/2020\/01\/Alecto-ohuniisuti-ultrasonic-BC24-UUED-TOOTED-Muu-sisustus-varia-Muud-aksessuaarid-Lastemoobel-ja-sisustus_2-ca2.jpg\",\"width\":600,\"height\":600},{\"@type\":\"BreadcrumbList\",\"@id\":\"https:\/\/beebipood.ee\/ru\/produkt\/alecto-ohuniisuti-ultrasonic-bc-24\/#breadcrumb\",\"itemListElement\":[{\"@type\":\"ListItem\",\"position\":1,\"name\":\"Home\",\"item\":\"https:\/\/beebipood.ee\/ru\/\"},{\"@type\":\"ListItem\",\"position\":2,\"name\":\"\u041a\u0430\u0442\u0430\u043b\u043e\u0433 \u0442\u043e\u0432\u0430\u0440\u043e\u0432\",\"item\":\"https:\/\/beebipood.ee\/tooted\/\"},{\"@type\":\"ListItem\",\"position\":3,\"name\":\"Alecto \u00f5huniisuti ultrasonic BC-24\"}]},{\"@type\":\"WebSite\",\"@id\":\"https:\/\/beebipood.ee\/ru\/#website\",\"url\":\"https:\/\/beebipood.ee\/ru\/\",\"name\":\"Beebipood\",\"description\":\"Lastekaubad, beebikaubad, m\u00e4nguasjad\",\"publisher\":{\"@id\":\"https:\/\/beebipood.ee\/ru\/#organization\"},\"potentialAction\":[{\"@type\":\"SearchAction\",\"target\":{\"@type\":\"EntryPoint\",\"urlTemplate\":\"https:\/\/beebipood.ee\/ru\/?s={search_term_string}\"},\"query-input\":{\"@type\":\"PropertyValueSpecification\",\"valueRequired\":true,\"valueName\":\"search_term_string\"}}],\"inLanguage\":\"ru-RU\"},{\"@type\":\"Organization\",\"@id\":\"https:\/\/beebipood.ee\/ru\/#organization\",\"name\":\"Beebipood\",\"url\":\"https:\/\/beebipood.ee\/ru\/\",\"logo\":{\"@type\":\"ImageObject\",\"inLanguage\":\"ru-RU\",\"@id\":\"https:\/\/beebipood.ee\/ru\/#\/schema\/logo\/image\/\",\"url\":\"https:\/\/beebipood.ee\/wp-content\/uploads\/2025\/03\/beebipood.ee-logo-1.svg\",\"contentUrl\":\"https:\/\/beebipood.ee\/wp-content\/uploads\/2025\/03\/beebipood.ee-logo-1.svg\",\"caption\":\"Beebipood\"},\"image\":{\"@id\":\"https:\/\/beebipood.ee\/ru\/#\/schema\/logo\/image\/\"}}]}<\/script>\n<!-- \/ Yoast SEO plugin. -->","yoast_head_json":{"title":"Alecto \u00f5huniisuti ultrasonic BC-24, \u0414\u0440\u0443\u0433\u0430\u044f \u043c\u0435\u0431\u0435\u043b\u044c, \u0414\u0440\u0443\u0433\u0438\u0435 \u0430\u043a\u0441\u0435\u0441\u0441\u0443\u0430\u0440\u044b, M\u0435\u0431\u0435\u043b\u044c, Beebipood","description":"Alecto \u00f5huniisuti ultrasonic BC-24, Ultrahelil toimiv &otilde;huniisuti, mis tagab kvaliteetse keskkonna beebitoas. &Otilde;ige &otilde;huniiskustase","robots":{"index":"index","follow":"follow","max-snippet":"max-snippet:-1","max-image-preview":"max-image-preview:large","max-video-preview":"max-video-preview:-1"},"canonical":"https:\/\/beebipood.ee\/ru\/produkt\/alecto-ohuniisuti-ultrasonic-bc-24\/","og_locale":"ru_RU","og_type":"article","og_title":"Alecto \u00f5huniisuti ultrasonic BC-24, \u0414\u0440\u0443\u0433\u0430\u044f \u043c\u0435\u0431\u0435\u043b\u044c, \u0414\u0440\u0443\u0433\u0438\u0435 \u0430\u043a\u0441\u0435\u0441\u0441\u0443\u0430\u0440\u044b, M\u0435\u0431\u0435\u043b\u044c, Beebipood","og_description":"Alecto \u00f5huniisuti ultrasonic BC-24, Ultrahelil toimiv &otilde;huniisuti, mis tagab kvaliteetse keskkonna beebitoas. &Otilde;ige &otilde;huniiskustase","og_url":"https:\/\/beebipood.ee\/ru\/produkt\/alecto-ohuniisuti-ultrasonic-bc-24\/","og_site_name":"Beebipood","article_modified_time":"2025-01-09T08:48:37+00:00","og_image":[{"width":600,"height":600,"url":"https:\/\/beebipood.ee\/wp-content\/uploads\/2020\/01\/Alecto-ohuniisuti-ultrasonic-BC24-UUED-TOOTED-Muu-sisustus-varia-Muud-aksessuaarid-Lastemoobel-ja-sisustus_2-ca2.jpg","type":"image\/jpeg"}],"twitter_card":"summary_large_image","schema":{"@context":"https:\/\/schema.org","@graph":[{"@type":"WebPage","@id":"https:\/\/beebipood.ee\/ru\/produkt\/alecto-ohuniisuti-ultrasonic-bc-24\/","url":"https:\/\/beebipood.ee\/ru\/produkt\/alecto-ohuniisuti-ultrasonic-bc-24\/","name":"Alecto \u00f5huniisuti ultrasonic BC-24, \u0414\u0440\u0443\u0433\u0430\u044f \u043c\u0435\u0431\u0435\u043b\u044c, \u0414\u0440\u0443\u0433\u0438\u0435 \u0430\u043a\u0441\u0435\u0441\u0441\u0443\u0430\u0440\u044b, M\u0435\u0431\u0435\u043b\u044c, Beebipood","isPartOf":{"@id":"https:\/\/beebipood.ee\/ru\/#website"},"primaryImageOfPage":{"@id":"https:\/\/beebipood.ee\/ru\/produkt\/alecto-ohuniisuti-ultrasonic-bc-24\/#primaryimage"},"image":{"@id":"https:\/\/beebipood.ee\/ru\/produkt\/alecto-ohuniisuti-ultrasonic-bc-24\/#primaryimage"},"thumbnailUrl":"https:\/\/beebipood.ee\/wp-content\/uploads\/2020\/01\/Alecto-ohuniisuti-ultrasonic-BC24-UUED-TOOTED-Muu-sisustus-varia-Muud-aksessuaarid-Lastemoobel-ja-sisustus_2-ca2.jpg","datePublished":"2020-01-14T12:08:23+00:00","dateModified":"2025-01-09T08:48:37+00:00","description":"Alecto \u00f5huniisuti ultrasonic BC-24, Ultrahelil toimiv &otilde;huniisuti, mis tagab kvaliteetse keskkonna beebitoas. &Otilde;ige &otilde;huniiskustase","breadcrumb":{"@id":"https:\/\/beebipood.ee\/ru\/produkt\/alecto-ohuniisuti-ultrasonic-bc-24\/#breadcrumb"},"inLanguage":"ru-RU","potentialAction":[{"@type":"ReadAction","target":["https:\/\/beebipood.ee\/ru\/produkt\/alecto-ohuniisuti-ultrasonic-bc-24\/"]}]},{"@type":"ImageObject","inLanguage":"ru-RU","@id":"https:\/\/beebipood.ee\/ru\/produkt\/alecto-ohuniisuti-ultrasonic-bc-24\/#primaryimage","url":"https:\/\/beebipood.ee\/wp-content\/uploads\/2020\/01\/Alecto-ohuniisuti-ultrasonic-BC24-UUED-TOOTED-Muu-sisustus-varia-Muud-aksessuaarid-Lastemoobel-ja-sisustus_2-ca2.jpg","contentUrl":"https:\/\/beebipood.ee\/wp-content\/uploads\/2020\/01\/Alecto-ohuniisuti-ultrasonic-BC24-UUED-TOOTED-Muu-sisustus-varia-Muud-aksessuaarid-Lastemoobel-ja-sisustus_2-ca2.jpg","width":600,"height":600},{"@type":"BreadcrumbList","@id":"https:\/\/beebipood.ee\/ru\/produkt\/alecto-ohuniisuti-ultrasonic-bc-24\/#breadcrumb","itemListElement":[{"@type":"ListItem","position":1,"name":"Home","item":"https:\/\/beebipood.ee\/ru\/"},{"@type":"ListItem","position":2,"name":"\u041a\u0430\u0442\u0430\u043b\u043e\u0433 \u0442\u043e\u0432\u0430\u0440\u043e\u0432","item":"https:\/\/beebipood.ee\/tooted\/"},{"@type":"ListItem","position":3,"name":"Alecto \u00f5huniisuti ultrasonic BC-24"}]},{"@type":"WebSite","@id":"https:\/\/beebipood.ee\/ru\/#website","url":"https:\/\/beebipood.ee\/ru\/","name":"Beebipood","description":"Lastekaubad, beebikaubad, m\u00e4nguasjad","publisher":{"@id":"https:\/\/beebipood.ee\/ru\/#organization"},"potentialAction":[{"@type":"SearchAction","target":{"@type":"EntryPoint","urlTemplate":"https:\/\/beebipood.ee\/ru\/?s={search_term_string}"},"query-input":{"@type":"PropertyValueSpecification","valueRequired":true,"valueName":"search_term_string"}}],"inLanguage":"ru-RU"},{"@type":"Organization","@id":"https:\/\/beebipood.ee\/ru\/#organization","name":"Beebipood","url":"https:\/\/beebipood.ee\/ru\/","logo":{"@type":"ImageObject","inLanguage":"ru-RU","@id":"https:\/\/beebipood.ee\/ru\/#\/schema\/logo\/image\/","url":"https:\/\/beebipood.ee\/wp-content\/uploads\/2025\/03\/beebipood.ee-logo-1.svg","contentUrl":"https:\/\/beebipood.ee\/wp-content\/uploads\/2025\/03\/beebipood.ee-logo-1.svg","caption":"Beebipood"},"image":{"@id":"https:\/\/beebipood.ee\/ru\/#\/schema\/logo\/image\/"}}]}},"brands":[{"id":11968,"name":"Alecto","slug":"alecto-ru"}],"_links":{"self":[{"href":"https:\/\/beebipood.ee\/ru\/wp-json\/wp\/v2\/product\/459013","targetHints":{"allow":["GET"]}}],"collection":[{"href":"https:\/\/beebipood.ee\/ru\/wp-json\/wp\/v2\/product"}],"about":[{"href":"https:\/\/beebipood.ee\/ru\/wp-json\/wp\/v2\/types\/product"}],"wp:featuredmedia":[{"embeddable":true,"href":"https:\/\/beebipood.ee\/ru\/wp-json\/wp\/v2\/media\/132100"}],"wp:attachment":[{"href":"https:\/\/beebipood.ee\/ru\/wp-json\/wp\/v2\/media?parent=459013"}],"wp:term":[{"taxonomy":"pwb-brand","embeddable":true,"href":"https:\/\/beebipood.ee\/ru\/wp-json\/wp\/v2\/pwb-brand?post=459013"},{"taxonomy":"product_brand","embeddable":true,"href":"https:\/\/beebipood.ee\/ru\/wp-json\/wp\/v2\/product_brand?post=459013"},{"taxonomy":"product_cat","embeddable":true,"href":"https:\/\/beebipood.ee\/ru\/wp-json\/wp\/v2\/product_cat?post=459013"},{"taxonomy":"product_tag","embeddable":true,"href":"https:\/\/beebipood.ee\/ru\/wp-json\/wp\/v2\/product_tag?post=459013"}],"curies":[{"name":"wp","href":"https:\/\/api.w.org\/{rel}","templated":true}]}}