{"id":459017,"date":"2020-01-15T13:41:16","date_gmt":"2020-01-15T11:41:16","guid":{"rendered":"https:\/\/beebipood.ee\/toode\/alecto-pudelisoojendaja-koju\/"},"modified":"2025-01-09T10:48:37","modified_gmt":"2025-01-09T08:48:37","slug":"alecto-pudelisoojendaja-koju","status":"publish","type":"product","link":"https:\/\/beebipood.ee\/ru\/produkt\/alecto-pudelisoojendaja-koju\/","title":{"rendered":"Alecto pudelisoojendaja koju"},"content":{"rendered":"<p>Kiire ja lihtne lutipudelisoojendaja. <br \/>Sobib erinevate suurustega pudelite ja purkide soojendamiseks.<\/p>\n<p>Sobib igasuguste pudelite ja purkide jaoks<br \/>Reguleeritav temperatuur vastavalt vajadusele<br \/>T\u00f5stealus &#8212; kuumade purkide ja pudelite k\u00e4sitlemiseks<br \/>LED indikaatortuli &#8212; annab m\u00e4rku, kui soovitud temperatuur on saavutatud<br \/><span style=\"text-decoration: underline;\">N\u00e4itajad<\/span><br \/>Toide: 230V \/ 50Hz<br \/>M\u00f5\u00f5dud: 14,5 x 17 x 14,5cm<\/p>\n","protected":false},"excerpt":{"rendered":"<p>Kiire ja lihtne lutipudelisoojendaja. Sobib erinevate suurustega pudelite ja purkide soojendamiseks. Sobib igasuguste pudelite ja purkide jaoksReguleeritav temperatuur vastavalt vajaduseleT\u00f5stealus &#8212; kuumade purkide ja pudelite k\u00e4sitlemiseksLED indikaatortuli &#8212; annab m\u00e4rku, kui soovitud temperatuur on saavutatudN\u00e4itajadToide: 230V \/ 50HzM\u00f5\u00f5dud: 14,5 x 17 x 14,5cm<\/p>\n","protected":false},"featured_media":132164,"template":"","meta":{"_acf_changed":false},"pwb-brand":[11968],"product_brand":[],"product_cat":[11709,11883],"product_tag":[],"class_list":{"0":"post-459017","1":"product","2":"type-product","3":"status-publish","4":"has-post-thumbnail","6":"pwb-brand-alecto-ru","7":"product_cat-sootmistoolid-beebi-ja-lastetarbed-mahkimine-hugieen-ru","8":"product_cat-toidu-valmistamine-ru","9":"pa_manufacturer-alecto-ru","11":"first","12":"onbackorder","13":"taxable","14":"shipping-taxable","15":"purchasable","16":"product-type-simple"},"exclude_global_add_ons":[],"addons":[],"acf":[],"yoast_head":"<!-- This site is optimized with the Yoast SEO plugin v27.1.1 - https:\/\/yoast.com\/product\/yoast-seo-wordpress\/ -->\n<title>Alecto pudelisoojendaja koju, \u041f\u0440\u0438\u043d\u0430\u0434\u043b\u0435\u0436\u043d\u043e\u0441\u0442\u0438 \u0434\u043b\u044f \u043c\u043b\u0430\u0434\u0435\u043d\u0446\u0435\u0432, \u041f\u0440\u0438\u0433\u043e\u0442\u043e\u0432\u043b\u0435\u043d\u0438\u0435 , Beebipood<\/title>\n<meta name=\"description\" content=\"Alecto pudelisoojendaja koju, Kiire ja lihtne lutipudelisoojendaja. Sobib erinevate suurustega pudelite ja purkide soojendamiseks.Sobib iga\" \/>\n<meta name=\"robots\" content=\"index, follow, max-snippet:-1, max-image-preview:large, max-video-preview:-1\" \/>\n<link rel=\"canonical\" href=\"https:\/\/beebipood.ee\/ru\/produkt\/alecto-pudelisoojendaja-koju\/\" \/>\n<meta property=\"og:locale\" content=\"ru_RU\" \/>\n<meta property=\"og:type\" content=\"article\" \/>\n<meta property=\"og:title\" content=\"Alecto pudelisoojendaja koju, \u041f\u0440\u0438\u043d\u0430\u0434\u043b\u0435\u0436\u043d\u043e\u0441\u0442\u0438 \u0434\u043b\u044f \u043c\u043b\u0430\u0434\u0435\u043d\u0446\u0435\u0432, \u041f\u0440\u0438\u0433\u043e\u0442\u043e\u0432\u043b\u0435\u043d\u0438\u0435 , Beebipood\" \/>\n<meta property=\"og:description\" content=\"Alecto pudelisoojendaja koju, Kiire ja lihtne lutipudelisoojendaja. Sobib erinevate suurustega pudelite ja purkide soojendamiseks.Sobib iga\" \/>\n<meta property=\"og:url\" content=\"https:\/\/beebipood.ee\/ru\/produkt\/alecto-pudelisoojendaja-koju\/\" \/>\n<meta property=\"og:site_name\" content=\"Beebipood\" \/>\n<meta property=\"article:modified_time\" content=\"2025-01-09T08:48:37+00:00\" \/>\n<meta property=\"og:image\" content=\"https:\/\/beebipood.ee\/wp-content\/uploads\/2020\/01\/Alecto-pudelisoojendaja-koju-UUED-TOOTED-Beebi-ja-lastetarbed-Toiduvalmistamine_1-227.jpg\" \/>\n\t<meta property=\"og:image:width\" content=\"600\" \/>\n\t<meta property=\"og:image:height\" content=\"600\" \/>\n\t<meta property=\"og:image:type\" content=\"image\/jpeg\" \/>\n<meta name=\"twitter:card\" content=\"summary_large_image\" \/>\n<script type=\"application\/ld+json\" class=\"yoast-schema-graph\">{\"@context\":\"https:\/\/schema.org\",\"@graph\":[{\"@type\":\"WebPage\",\"@id\":\"https:\/\/beebipood.ee\/ru\/produkt\/alecto-pudelisoojendaja-koju\/\",\"url\":\"https:\/\/beebipood.ee\/ru\/produkt\/alecto-pudelisoojendaja-koju\/\",\"name\":\"Alecto pudelisoojendaja koju, \u041f\u0440\u0438\u043d\u0430\u0434\u043b\u0435\u0436\u043d\u043e\u0441\u0442\u0438 \u0434\u043b\u044f \u043c\u043b\u0430\u0434\u0435\u043d\u0446\u0435\u0432, \u041f\u0440\u0438\u0433\u043e\u0442\u043e\u0432\u043b\u0435\u043d\u0438\u0435 , Beebipood\",\"isPartOf\":{\"@id\":\"https:\/\/beebipood.ee\/ru\/#website\"},\"primaryImageOfPage\":{\"@id\":\"https:\/\/beebipood.ee\/ru\/produkt\/alecto-pudelisoojendaja-koju\/#primaryimage\"},\"image\":{\"@id\":\"https:\/\/beebipood.ee\/ru\/produkt\/alecto-pudelisoojendaja-koju\/#primaryimage\"},\"thumbnailUrl\":\"https:\/\/beebipood.ee\/wp-content\/uploads\/2020\/01\/Alecto-pudelisoojendaja-koju-UUED-TOOTED-Beebi-ja-lastetarbed-Toiduvalmistamine_1-227.jpg\",\"datePublished\":\"2020-01-15T11:41:16+00:00\",\"dateModified\":\"2025-01-09T08:48:37+00:00\",\"description\":\"Alecto pudelisoojendaja koju, Kiire ja lihtne lutipudelisoojendaja. Sobib erinevate suurustega pudelite ja purkide soojendamiseks.Sobib iga\",\"breadcrumb\":{\"@id\":\"https:\/\/beebipood.ee\/ru\/produkt\/alecto-pudelisoojendaja-koju\/#breadcrumb\"},\"inLanguage\":\"ru-RU\",\"potentialAction\":[{\"@type\":\"ReadAction\",\"target\":[\"https:\/\/beebipood.ee\/ru\/produkt\/alecto-pudelisoojendaja-koju\/\"]}]},{\"@type\":\"ImageObject\",\"inLanguage\":\"ru-RU\",\"@id\":\"https:\/\/beebipood.ee\/ru\/produkt\/alecto-pudelisoojendaja-koju\/#primaryimage\",\"url\":\"https:\/\/beebipood.ee\/wp-content\/uploads\/2020\/01\/Alecto-pudelisoojendaja-koju-UUED-TOOTED-Beebi-ja-lastetarbed-Toiduvalmistamine_1-227.jpg\",\"contentUrl\":\"https:\/\/beebipood.ee\/wp-content\/uploads\/2020\/01\/Alecto-pudelisoojendaja-koju-UUED-TOOTED-Beebi-ja-lastetarbed-Toiduvalmistamine_1-227.jpg\",\"width\":600,\"height\":600},{\"@type\":\"BreadcrumbList\",\"@id\":\"https:\/\/beebipood.ee\/ru\/produkt\/alecto-pudelisoojendaja-koju\/#breadcrumb\",\"itemListElement\":[{\"@type\":\"ListItem\",\"position\":1,\"name\":\"Home\",\"item\":\"https:\/\/beebipood.ee\/ru\/\"},{\"@type\":\"ListItem\",\"position\":2,\"name\":\"\u041a\u0430\u0442\u0430\u043b\u043e\u0433 \u0442\u043e\u0432\u0430\u0440\u043e\u0432\",\"item\":\"https:\/\/beebipood.ee\/tooted\/\"},{\"@type\":\"ListItem\",\"position\":3,\"name\":\"Alecto pudelisoojendaja koju\"}]},{\"@type\":\"WebSite\",\"@id\":\"https:\/\/beebipood.ee\/ru\/#website\",\"url\":\"https:\/\/beebipood.ee\/ru\/\",\"name\":\"Beebipood\",\"description\":\"Lastekaubad, beebikaubad, m\u00e4nguasjad\",\"publisher\":{\"@id\":\"https:\/\/beebipood.ee\/ru\/#organization\"},\"potentialAction\":[{\"@type\":\"SearchAction\",\"target\":{\"@type\":\"EntryPoint\",\"urlTemplate\":\"https:\/\/beebipood.ee\/ru\/?s={search_term_string}\"},\"query-input\":{\"@type\":\"PropertyValueSpecification\",\"valueRequired\":true,\"valueName\":\"search_term_string\"}}],\"inLanguage\":\"ru-RU\"},{\"@type\":\"Organization\",\"@id\":\"https:\/\/beebipood.ee\/ru\/#organization\",\"name\":\"Beebipood\",\"url\":\"https:\/\/beebipood.ee\/ru\/\",\"logo\":{\"@type\":\"ImageObject\",\"inLanguage\":\"ru-RU\",\"@id\":\"https:\/\/beebipood.ee\/ru\/#\/schema\/logo\/image\/\",\"url\":\"https:\/\/beebipood.ee\/wp-content\/uploads\/2025\/03\/beebipood.ee-logo-1.svg\",\"contentUrl\":\"https:\/\/beebipood.ee\/wp-content\/uploads\/2025\/03\/beebipood.ee-logo-1.svg\",\"caption\":\"Beebipood\"},\"image\":{\"@id\":\"https:\/\/beebipood.ee\/ru\/#\/schema\/logo\/image\/\"}}]}<\/script>\n<!-- \/ Yoast SEO plugin. -->","yoast_head_json":{"title":"Alecto pudelisoojendaja koju, \u041f\u0440\u0438\u043d\u0430\u0434\u043b\u0435\u0436\u043d\u043e\u0441\u0442\u0438 \u0434\u043b\u044f \u043c\u043b\u0430\u0434\u0435\u043d\u0446\u0435\u0432, \u041f\u0440\u0438\u0433\u043e\u0442\u043e\u0432\u043b\u0435\u043d\u0438\u0435 , Beebipood","description":"Alecto pudelisoojendaja koju, Kiire ja lihtne lutipudelisoojendaja. Sobib erinevate suurustega pudelite ja purkide soojendamiseks.Sobib iga","robots":{"index":"index","follow":"follow","max-snippet":"max-snippet:-1","max-image-preview":"max-image-preview:large","max-video-preview":"max-video-preview:-1"},"canonical":"https:\/\/beebipood.ee\/ru\/produkt\/alecto-pudelisoojendaja-koju\/","og_locale":"ru_RU","og_type":"article","og_title":"Alecto pudelisoojendaja koju, \u041f\u0440\u0438\u043d\u0430\u0434\u043b\u0435\u0436\u043d\u043e\u0441\u0442\u0438 \u0434\u043b\u044f \u043c\u043b\u0430\u0434\u0435\u043d\u0446\u0435\u0432, \u041f\u0440\u0438\u0433\u043e\u0442\u043e\u0432\u043b\u0435\u043d\u0438\u0435 , Beebipood","og_description":"Alecto pudelisoojendaja koju, Kiire ja lihtne lutipudelisoojendaja. Sobib erinevate suurustega pudelite ja purkide soojendamiseks.Sobib iga","og_url":"https:\/\/beebipood.ee\/ru\/produkt\/alecto-pudelisoojendaja-koju\/","og_site_name":"Beebipood","article_modified_time":"2025-01-09T08:48:37+00:00","og_image":[{"width":600,"height":600,"url":"https:\/\/beebipood.ee\/wp-content\/uploads\/2020\/01\/Alecto-pudelisoojendaja-koju-UUED-TOOTED-Beebi-ja-lastetarbed-Toiduvalmistamine_1-227.jpg","type":"image\/jpeg"}],"twitter_card":"summary_large_image","schema":{"@context":"https:\/\/schema.org","@graph":[{"@type":"WebPage","@id":"https:\/\/beebipood.ee\/ru\/produkt\/alecto-pudelisoojendaja-koju\/","url":"https:\/\/beebipood.ee\/ru\/produkt\/alecto-pudelisoojendaja-koju\/","name":"Alecto pudelisoojendaja koju, \u041f\u0440\u0438\u043d\u0430\u0434\u043b\u0435\u0436\u043d\u043e\u0441\u0442\u0438 \u0434\u043b\u044f \u043c\u043b\u0430\u0434\u0435\u043d\u0446\u0435\u0432, \u041f\u0440\u0438\u0433\u043e\u0442\u043e\u0432\u043b\u0435\u043d\u0438\u0435 , Beebipood","isPartOf":{"@id":"https:\/\/beebipood.ee\/ru\/#website"},"primaryImageOfPage":{"@id":"https:\/\/beebipood.ee\/ru\/produkt\/alecto-pudelisoojendaja-koju\/#primaryimage"},"image":{"@id":"https:\/\/beebipood.ee\/ru\/produkt\/alecto-pudelisoojendaja-koju\/#primaryimage"},"thumbnailUrl":"https:\/\/beebipood.ee\/wp-content\/uploads\/2020\/01\/Alecto-pudelisoojendaja-koju-UUED-TOOTED-Beebi-ja-lastetarbed-Toiduvalmistamine_1-227.jpg","datePublished":"2020-01-15T11:41:16+00:00","dateModified":"2025-01-09T08:48:37+00:00","description":"Alecto pudelisoojendaja koju, Kiire ja lihtne lutipudelisoojendaja. Sobib erinevate suurustega pudelite ja purkide soojendamiseks.Sobib iga","breadcrumb":{"@id":"https:\/\/beebipood.ee\/ru\/produkt\/alecto-pudelisoojendaja-koju\/#breadcrumb"},"inLanguage":"ru-RU","potentialAction":[{"@type":"ReadAction","target":["https:\/\/beebipood.ee\/ru\/produkt\/alecto-pudelisoojendaja-koju\/"]}]},{"@type":"ImageObject","inLanguage":"ru-RU","@id":"https:\/\/beebipood.ee\/ru\/produkt\/alecto-pudelisoojendaja-koju\/#primaryimage","url":"https:\/\/beebipood.ee\/wp-content\/uploads\/2020\/01\/Alecto-pudelisoojendaja-koju-UUED-TOOTED-Beebi-ja-lastetarbed-Toiduvalmistamine_1-227.jpg","contentUrl":"https:\/\/beebipood.ee\/wp-content\/uploads\/2020\/01\/Alecto-pudelisoojendaja-koju-UUED-TOOTED-Beebi-ja-lastetarbed-Toiduvalmistamine_1-227.jpg","width":600,"height":600},{"@type":"BreadcrumbList","@id":"https:\/\/beebipood.ee\/ru\/produkt\/alecto-pudelisoojendaja-koju\/#breadcrumb","itemListElement":[{"@type":"ListItem","position":1,"name":"Home","item":"https:\/\/beebipood.ee\/ru\/"},{"@type":"ListItem","position":2,"name":"\u041a\u0430\u0442\u0430\u043b\u043e\u0433 \u0442\u043e\u0432\u0430\u0440\u043e\u0432","item":"https:\/\/beebipood.ee\/tooted\/"},{"@type":"ListItem","position":3,"name":"Alecto pudelisoojendaja koju"}]},{"@type":"WebSite","@id":"https:\/\/beebipood.ee\/ru\/#website","url":"https:\/\/beebipood.ee\/ru\/","name":"Beebipood","description":"Lastekaubad, beebikaubad, m\u00e4nguasjad","publisher":{"@id":"https:\/\/beebipood.ee\/ru\/#organization"},"potentialAction":[{"@type":"SearchAction","target":{"@type":"EntryPoint","urlTemplate":"https:\/\/beebipood.ee\/ru\/?s={search_term_string}"},"query-input":{"@type":"PropertyValueSpecification","valueRequired":true,"valueName":"search_term_string"}}],"inLanguage":"ru-RU"},{"@type":"Organization","@id":"https:\/\/beebipood.ee\/ru\/#organization","name":"Beebipood","url":"https:\/\/beebipood.ee\/ru\/","logo":{"@type":"ImageObject","inLanguage":"ru-RU","@id":"https:\/\/beebipood.ee\/ru\/#\/schema\/logo\/image\/","url":"https:\/\/beebipood.ee\/wp-content\/uploads\/2025\/03\/beebipood.ee-logo-1.svg","contentUrl":"https:\/\/beebipood.ee\/wp-content\/uploads\/2025\/03\/beebipood.ee-logo-1.svg","caption":"Beebipood"},"image":{"@id":"https:\/\/beebipood.ee\/ru\/#\/schema\/logo\/image\/"}}]}},"brands":[{"id":11968,"name":"Alecto","slug":"alecto-ru"}],"_links":{"self":[{"href":"https:\/\/beebipood.ee\/ru\/wp-json\/wp\/v2\/product\/459017","targetHints":{"allow":["GET"]}}],"collection":[{"href":"https:\/\/beebipood.ee\/ru\/wp-json\/wp\/v2\/product"}],"about":[{"href":"https:\/\/beebipood.ee\/ru\/wp-json\/wp\/v2\/types\/product"}],"wp:featuredmedia":[{"embeddable":true,"href":"https:\/\/beebipood.ee\/ru\/wp-json\/wp\/v2\/media\/132164"}],"wp:attachment":[{"href":"https:\/\/beebipood.ee\/ru\/wp-json\/wp\/v2\/media?parent=459017"}],"wp:term":[{"taxonomy":"pwb-brand","embeddable":true,"href":"https:\/\/beebipood.ee\/ru\/wp-json\/wp\/v2\/pwb-brand?post=459017"},{"taxonomy":"product_brand","embeddable":true,"href":"https:\/\/beebipood.ee\/ru\/wp-json\/wp\/v2\/product_brand?post=459017"},{"taxonomy":"product_cat","embeddable":true,"href":"https:\/\/beebipood.ee\/ru\/wp-json\/wp\/v2\/product_cat?post=459017"},{"taxonomy":"product_tag","embeddable":true,"href":"https:\/\/beebipood.ee\/ru\/wp-json\/wp\/v2\/product_tag?post=459017"}],"curies":[{"name":"wp","href":"https:\/\/api.w.org\/{rel}","templated":true}]}}