{"id":459023,"date":"2020-01-15T13:55:38","date_gmt":"2020-01-15T11:55:38","guid":{"rendered":"https:\/\/beebipood.ee\/toode\/alecto-korvaklapid-lastele-oranz\/"},"modified":"2025-01-09T10:48:37","modified_gmt":"2025-01-09T08:48:37","slug":"alecto-korvaklapid-lastele-oranz","status":"publish","type":"product","link":"https:\/\/beebipood.ee\/ru\/produkt\/alecto-korvaklapid-lastele-oranz\/","title":{"rendered":"Alecto k\u00f5rvaklapid lastele, oran\u017e"},"content":{"rendered":"<p>Alecto k\u00f5rvaklapid kaitsevad laste k\u00f5rvu valju muusika ja muude helide eest.<br \/>Erinevad uuringud on n\u00e4idanud, et v\u00e4ikelapsed kannatavad aina tihedamini kuulmiskahjustuste all. <br \/>Lapse kuulmine on noorena alles arenemisj\u00e4rgus ning seet\u00f5ttu ka v\u00e4hem vastuv\u00f5tlikum valjudele helidele. <br \/>Selle mure v\u00e4ltimiseks on Alecto v\u00e4lja t\u00f6\u00f6tanud lihtsa ja turvalise lahenduse.<br \/>\u00dcks koht, kus lapsed puutuvad valju heliga kokku k\u00f5ige enam, <br \/>on muusikafestivalid ja kontserdid. <br \/>Viimasel ajal aina rohkem populaarust koguvad festivalid on kohad, <br \/>kuhu lapsevanemad tulevad koos lastega, et nautida head muusikat ning kultuuri. <br \/>Kui on plaanis k\u00fclastada m\u00f5nda sellist \u00fcritust, <br \/>siis tasuks alati v\u00f5tta kaasa ka kuulmist kaitsevad k\u00f5rvaklapid.<\/p>\n<p><span style=\"text-decoration: underline;\">Omadused<\/span><br \/>Alecto BV-71 k\u00f5rvaklapid elimineerivad ainult kahjulikud ja valjud helid <br \/>K\u00f5ik muu \u00fcmbritsev heli on aga endiselt lapsel kuuldeulatuses<br \/>Kompaktne ja kerge kaaluga (lihtsasti transporditav)<br \/>T\u00e4nu oma universaalsele kujule saavad seda kasutada k\u00f5ik lapsed alates 18. elukuust<br \/>Pehme polsterdusega peapael<\/p>\n","protected":false},"excerpt":{"rendered":"<p>Alecto k\u00f5rvaklapid kaitsevad laste k\u00f5rvu valju muusika ja muude helide eest.Erinevad uuringud on n\u00e4idanud, et v\u00e4ikelapsed kannatavad aina tihedamini kuulmiskahjustuste all. Lapse kuulmine on noorena alles arenemisj\u00e4rgus ning seet\u00f5ttu ka v\u00e4hem vastuv\u00f5tlikum valjudele helidele. Selle mure v\u00e4ltimiseks on Alecto v\u00e4lja t\u00f6\u00f6tanud lihtsa ja turvalise lahenduse.\u00dcks koht, kus lapsed puutuvad valju heliga kokku k\u00f5ige enam, on [&hellip;]<\/p>\n","protected":false},"featured_media":132190,"template":"","meta":{"_acf_changed":false},"pwb-brand":[11968],"product_brand":[],"product_cat":[11709],"product_tag":[],"class_list":{"0":"post-459023","1":"product","2":"type-product","3":"status-publish","4":"has-post-thumbnail","6":"pwb-brand-alecto-ru","7":"product_cat-sootmistoolid-beebi-ja-lastetarbed-mahkimine-hugieen-ru","8":"pa_manufacturer-alecto-ru","10":"first","11":"onbackorder","12":"taxable","13":"shipping-taxable","14":"purchasable","15":"product-type-simple"},"exclude_global_add_ons":[],"addons":[],"acf":[],"yoast_head":"<!-- This site is optimized with the Yoast SEO plugin v27.1.1 - https:\/\/yoast.com\/product\/yoast-seo-wordpress\/ -->\n<title>Alecto k\u00f5rvaklapid lastele, oran\u017e, \u041f\u0440\u0438\u043d\u0430\u0434\u043b\u0435\u0436\u043d\u043e\u0441\u0442\u0438 \u0434\u043b\u044f \u043c\u043b\u0430\u0434\u0435\u043d\u0446\u0435\u0432, Beebipood<\/title>\n<meta name=\"description\" content=\"Alecto k\u00f5rvaklapid lastele, oran\u017e, Alecto k&otilde;rvaklapid kaitsevad laste k&otilde;rvu valju muusika ja muude helide eest.Erinevad uuringud on n&amp;a\" \/>\n<meta name=\"robots\" content=\"index, follow, max-snippet:-1, max-image-preview:large, max-video-preview:-1\" \/>\n<link rel=\"canonical\" href=\"https:\/\/beebipood.ee\/ru\/produkt\/alecto-korvaklapid-lastele-oranz\/\" \/>\n<meta property=\"og:locale\" content=\"ru_RU\" \/>\n<meta property=\"og:type\" content=\"article\" \/>\n<meta property=\"og:title\" content=\"Alecto k\u00f5rvaklapid lastele, oran\u017e, \u041f\u0440\u0438\u043d\u0430\u0434\u043b\u0435\u0436\u043d\u043e\u0441\u0442\u0438 \u0434\u043b\u044f \u043c\u043b\u0430\u0434\u0435\u043d\u0446\u0435\u0432, Beebipood\" \/>\n<meta property=\"og:description\" content=\"Alecto k\u00f5rvaklapid lastele, oran\u017e, Alecto k&otilde;rvaklapid kaitsevad laste k&otilde;rvu valju muusika ja muude helide eest.Erinevad uuringud on n&amp;a\" \/>\n<meta property=\"og:url\" content=\"https:\/\/beebipood.ee\/ru\/produkt\/alecto-korvaklapid-lastele-oranz\/\" \/>\n<meta property=\"og:site_name\" content=\"Beebipood\" \/>\n<meta property=\"article:modified_time\" content=\"2025-01-09T08:48:37+00:00\" \/>\n<meta property=\"og:image\" content=\"https:\/\/beebipood.ee\/wp-content\/uploads\/2020\/01\/Alecto-korvaklapid-lastele-oran-Beebi-ja-lastetarbed_1-14b.jpg\" \/>\n\t<meta property=\"og:image:width\" content=\"966\" \/>\n\t<meta property=\"og:image:height\" content=\"966\" \/>\n\t<meta property=\"og:image:type\" content=\"image\/jpeg\" \/>\n<meta name=\"twitter:card\" content=\"summary_large_image\" \/>\n<meta name=\"twitter:label1\" content=\"\u041f\u0440\u0438\u043c\u0435\u0440\u043d\u043e\u0435 \u0432\u0440\u0435\u043c\u044f \u0434\u043b\u044f \u0447\u0442\u0435\u043d\u0438\u044f\" \/>\n\t<meta name=\"twitter:data1\" content=\"1 \u043c\u0438\u043d\u0443\u0442\u0430\" \/>\n<script type=\"application\/ld+json\" class=\"yoast-schema-graph\">{\"@context\":\"https:\/\/schema.org\",\"@graph\":[{\"@type\":\"WebPage\",\"@id\":\"https:\/\/beebipood.ee\/ru\/produkt\/alecto-korvaklapid-lastele-oranz\/\",\"url\":\"https:\/\/beebipood.ee\/ru\/produkt\/alecto-korvaklapid-lastele-oranz\/\",\"name\":\"Alecto k\u00f5rvaklapid lastele, oran\u017e, \u041f\u0440\u0438\u043d\u0430\u0434\u043b\u0435\u0436\u043d\u043e\u0441\u0442\u0438 \u0434\u043b\u044f \u043c\u043b\u0430\u0434\u0435\u043d\u0446\u0435\u0432, Beebipood\",\"isPartOf\":{\"@id\":\"https:\/\/beebipood.ee\/ru\/#website\"},\"primaryImageOfPage\":{\"@id\":\"https:\/\/beebipood.ee\/ru\/produkt\/alecto-korvaklapid-lastele-oranz\/#primaryimage\"},\"image\":{\"@id\":\"https:\/\/beebipood.ee\/ru\/produkt\/alecto-korvaklapid-lastele-oranz\/#primaryimage\"},\"thumbnailUrl\":\"https:\/\/beebipood.ee\/wp-content\/uploads\/2020\/01\/Alecto-korvaklapid-lastele-oran-Beebi-ja-lastetarbed_1-14b.jpg\",\"datePublished\":\"2020-01-15T11:55:38+00:00\",\"dateModified\":\"2025-01-09T08:48:37+00:00\",\"description\":\"Alecto k\u00f5rvaklapid lastele, oran\u017e, Alecto k&otilde;rvaklapid kaitsevad laste k&otilde;rvu valju muusika ja muude helide eest.Erinevad uuringud on n&a\",\"breadcrumb\":{\"@id\":\"https:\/\/beebipood.ee\/ru\/produkt\/alecto-korvaklapid-lastele-oranz\/#breadcrumb\"},\"inLanguage\":\"ru-RU\",\"potentialAction\":[{\"@type\":\"ReadAction\",\"target\":[\"https:\/\/beebipood.ee\/ru\/produkt\/alecto-korvaklapid-lastele-oranz\/\"]}]},{\"@type\":\"ImageObject\",\"inLanguage\":\"ru-RU\",\"@id\":\"https:\/\/beebipood.ee\/ru\/produkt\/alecto-korvaklapid-lastele-oranz\/#primaryimage\",\"url\":\"https:\/\/beebipood.ee\/wp-content\/uploads\/2020\/01\/Alecto-korvaklapid-lastele-oran-Beebi-ja-lastetarbed_1-14b.jpg\",\"contentUrl\":\"https:\/\/beebipood.ee\/wp-content\/uploads\/2020\/01\/Alecto-korvaklapid-lastele-oran-Beebi-ja-lastetarbed_1-14b.jpg\",\"width\":966,\"height\":966},{\"@type\":\"BreadcrumbList\",\"@id\":\"https:\/\/beebipood.ee\/ru\/produkt\/alecto-korvaklapid-lastele-oranz\/#breadcrumb\",\"itemListElement\":[{\"@type\":\"ListItem\",\"position\":1,\"name\":\"Home\",\"item\":\"https:\/\/beebipood.ee\/ru\/\"},{\"@type\":\"ListItem\",\"position\":2,\"name\":\"\u041a\u0430\u0442\u0430\u043b\u043e\u0433 \u0442\u043e\u0432\u0430\u0440\u043e\u0432\",\"item\":\"https:\/\/beebipood.ee\/tooted\/\"},{\"@type\":\"ListItem\",\"position\":3,\"name\":\"Alecto k\u00f5rvaklapid lastele, oran\u017e\"}]},{\"@type\":\"WebSite\",\"@id\":\"https:\/\/beebipood.ee\/ru\/#website\",\"url\":\"https:\/\/beebipood.ee\/ru\/\",\"name\":\"Beebipood\",\"description\":\"Lastekaubad, beebikaubad, m\u00e4nguasjad\",\"publisher\":{\"@id\":\"https:\/\/beebipood.ee\/ru\/#organization\"},\"potentialAction\":[{\"@type\":\"SearchAction\",\"target\":{\"@type\":\"EntryPoint\",\"urlTemplate\":\"https:\/\/beebipood.ee\/ru\/?s={search_term_string}\"},\"query-input\":{\"@type\":\"PropertyValueSpecification\",\"valueRequired\":true,\"valueName\":\"search_term_string\"}}],\"inLanguage\":\"ru-RU\"},{\"@type\":\"Organization\",\"@id\":\"https:\/\/beebipood.ee\/ru\/#organization\",\"name\":\"Beebipood\",\"url\":\"https:\/\/beebipood.ee\/ru\/\",\"logo\":{\"@type\":\"ImageObject\",\"inLanguage\":\"ru-RU\",\"@id\":\"https:\/\/beebipood.ee\/ru\/#\/schema\/logo\/image\/\",\"url\":\"https:\/\/beebipood.ee\/wp-content\/uploads\/2025\/03\/beebipood.ee-logo-1.svg\",\"contentUrl\":\"https:\/\/beebipood.ee\/wp-content\/uploads\/2025\/03\/beebipood.ee-logo-1.svg\",\"caption\":\"Beebipood\"},\"image\":{\"@id\":\"https:\/\/beebipood.ee\/ru\/#\/schema\/logo\/image\/\"}}]}<\/script>\n<!-- \/ Yoast SEO plugin. -->","yoast_head_json":{"title":"Alecto k\u00f5rvaklapid lastele, oran\u017e, \u041f\u0440\u0438\u043d\u0430\u0434\u043b\u0435\u0436\u043d\u043e\u0441\u0442\u0438 \u0434\u043b\u044f \u043c\u043b\u0430\u0434\u0435\u043d\u0446\u0435\u0432, Beebipood","description":"Alecto k\u00f5rvaklapid lastele, oran\u017e, Alecto k&otilde;rvaklapid kaitsevad laste k&otilde;rvu valju muusika ja muude helide eest.Erinevad uuringud on n&a","robots":{"index":"index","follow":"follow","max-snippet":"max-snippet:-1","max-image-preview":"max-image-preview:large","max-video-preview":"max-video-preview:-1"},"canonical":"https:\/\/beebipood.ee\/ru\/produkt\/alecto-korvaklapid-lastele-oranz\/","og_locale":"ru_RU","og_type":"article","og_title":"Alecto k\u00f5rvaklapid lastele, oran\u017e, \u041f\u0440\u0438\u043d\u0430\u0434\u043b\u0435\u0436\u043d\u043e\u0441\u0442\u0438 \u0434\u043b\u044f \u043c\u043b\u0430\u0434\u0435\u043d\u0446\u0435\u0432, Beebipood","og_description":"Alecto k\u00f5rvaklapid lastele, oran\u017e, Alecto k&otilde;rvaklapid kaitsevad laste k&otilde;rvu valju muusika ja muude helide eest.Erinevad uuringud on n&a","og_url":"https:\/\/beebipood.ee\/ru\/produkt\/alecto-korvaklapid-lastele-oranz\/","og_site_name":"Beebipood","article_modified_time":"2025-01-09T08:48:37+00:00","og_image":[{"width":966,"height":966,"url":"https:\/\/beebipood.ee\/wp-content\/uploads\/2020\/01\/Alecto-korvaklapid-lastele-oran-Beebi-ja-lastetarbed_1-14b.jpg","type":"image\/jpeg"}],"twitter_card":"summary_large_image","twitter_misc":{"\u041f\u0440\u0438\u043c\u0435\u0440\u043d\u043e\u0435 \u0432\u0440\u0435\u043c\u044f \u0434\u043b\u044f \u0447\u0442\u0435\u043d\u0438\u044f":"1 \u043c\u0438\u043d\u0443\u0442\u0430"},"schema":{"@context":"https:\/\/schema.org","@graph":[{"@type":"WebPage","@id":"https:\/\/beebipood.ee\/ru\/produkt\/alecto-korvaklapid-lastele-oranz\/","url":"https:\/\/beebipood.ee\/ru\/produkt\/alecto-korvaklapid-lastele-oranz\/","name":"Alecto k\u00f5rvaklapid lastele, oran\u017e, \u041f\u0440\u0438\u043d\u0430\u0434\u043b\u0435\u0436\u043d\u043e\u0441\u0442\u0438 \u0434\u043b\u044f \u043c\u043b\u0430\u0434\u0435\u043d\u0446\u0435\u0432, Beebipood","isPartOf":{"@id":"https:\/\/beebipood.ee\/ru\/#website"},"primaryImageOfPage":{"@id":"https:\/\/beebipood.ee\/ru\/produkt\/alecto-korvaklapid-lastele-oranz\/#primaryimage"},"image":{"@id":"https:\/\/beebipood.ee\/ru\/produkt\/alecto-korvaklapid-lastele-oranz\/#primaryimage"},"thumbnailUrl":"https:\/\/beebipood.ee\/wp-content\/uploads\/2020\/01\/Alecto-korvaklapid-lastele-oran-Beebi-ja-lastetarbed_1-14b.jpg","datePublished":"2020-01-15T11:55:38+00:00","dateModified":"2025-01-09T08:48:37+00:00","description":"Alecto k\u00f5rvaklapid lastele, oran\u017e, Alecto k&otilde;rvaklapid kaitsevad laste k&otilde;rvu valju muusika ja muude helide eest.Erinevad uuringud on n&a","breadcrumb":{"@id":"https:\/\/beebipood.ee\/ru\/produkt\/alecto-korvaklapid-lastele-oranz\/#breadcrumb"},"inLanguage":"ru-RU","potentialAction":[{"@type":"ReadAction","target":["https:\/\/beebipood.ee\/ru\/produkt\/alecto-korvaklapid-lastele-oranz\/"]}]},{"@type":"ImageObject","inLanguage":"ru-RU","@id":"https:\/\/beebipood.ee\/ru\/produkt\/alecto-korvaklapid-lastele-oranz\/#primaryimage","url":"https:\/\/beebipood.ee\/wp-content\/uploads\/2020\/01\/Alecto-korvaklapid-lastele-oran-Beebi-ja-lastetarbed_1-14b.jpg","contentUrl":"https:\/\/beebipood.ee\/wp-content\/uploads\/2020\/01\/Alecto-korvaklapid-lastele-oran-Beebi-ja-lastetarbed_1-14b.jpg","width":966,"height":966},{"@type":"BreadcrumbList","@id":"https:\/\/beebipood.ee\/ru\/produkt\/alecto-korvaklapid-lastele-oranz\/#breadcrumb","itemListElement":[{"@type":"ListItem","position":1,"name":"Home","item":"https:\/\/beebipood.ee\/ru\/"},{"@type":"ListItem","position":2,"name":"\u041a\u0430\u0442\u0430\u043b\u043e\u0433 \u0442\u043e\u0432\u0430\u0440\u043e\u0432","item":"https:\/\/beebipood.ee\/tooted\/"},{"@type":"ListItem","position":3,"name":"Alecto k\u00f5rvaklapid lastele, oran\u017e"}]},{"@type":"WebSite","@id":"https:\/\/beebipood.ee\/ru\/#website","url":"https:\/\/beebipood.ee\/ru\/","name":"Beebipood","description":"Lastekaubad, beebikaubad, m\u00e4nguasjad","publisher":{"@id":"https:\/\/beebipood.ee\/ru\/#organization"},"potentialAction":[{"@type":"SearchAction","target":{"@type":"EntryPoint","urlTemplate":"https:\/\/beebipood.ee\/ru\/?s={search_term_string}"},"query-input":{"@type":"PropertyValueSpecification","valueRequired":true,"valueName":"search_term_string"}}],"inLanguage":"ru-RU"},{"@type":"Organization","@id":"https:\/\/beebipood.ee\/ru\/#organization","name":"Beebipood","url":"https:\/\/beebipood.ee\/ru\/","logo":{"@type":"ImageObject","inLanguage":"ru-RU","@id":"https:\/\/beebipood.ee\/ru\/#\/schema\/logo\/image\/","url":"https:\/\/beebipood.ee\/wp-content\/uploads\/2025\/03\/beebipood.ee-logo-1.svg","contentUrl":"https:\/\/beebipood.ee\/wp-content\/uploads\/2025\/03\/beebipood.ee-logo-1.svg","caption":"Beebipood"},"image":{"@id":"https:\/\/beebipood.ee\/ru\/#\/schema\/logo\/image\/"}}]}},"brands":[{"id":11968,"name":"Alecto","slug":"alecto-ru"}],"_links":{"self":[{"href":"https:\/\/beebipood.ee\/ru\/wp-json\/wp\/v2\/product\/459023","targetHints":{"allow":["GET"]}}],"collection":[{"href":"https:\/\/beebipood.ee\/ru\/wp-json\/wp\/v2\/product"}],"about":[{"href":"https:\/\/beebipood.ee\/ru\/wp-json\/wp\/v2\/types\/product"}],"wp:featuredmedia":[{"embeddable":true,"href":"https:\/\/beebipood.ee\/ru\/wp-json\/wp\/v2\/media\/132190"}],"wp:attachment":[{"href":"https:\/\/beebipood.ee\/ru\/wp-json\/wp\/v2\/media?parent=459023"}],"wp:term":[{"taxonomy":"pwb-brand","embeddable":true,"href":"https:\/\/beebipood.ee\/ru\/wp-json\/wp\/v2\/pwb-brand?post=459023"},{"taxonomy":"product_brand","embeddable":true,"href":"https:\/\/beebipood.ee\/ru\/wp-json\/wp\/v2\/product_brand?post=459023"},{"taxonomy":"product_cat","embeddable":true,"href":"https:\/\/beebipood.ee\/ru\/wp-json\/wp\/v2\/product_cat?post=459023"},{"taxonomy":"product_tag","embeddable":true,"href":"https:\/\/beebipood.ee\/ru\/wp-json\/wp\/v2\/product_tag?post=459023"}],"curies":[{"name":"wp","href":"https:\/\/api.w.org\/{rel}","templated":true}]}}