{"id":459027,"date":"2020-01-21T13:38:19","date_gmt":"2020-01-21T11:38:19","guid":{"rendered":"https:\/\/beebipood.ee\/toode\/thule-maple-turvahall-thule-alfi-isofix-alus-light-gray\/"},"modified":"2025-03-31T01:00:43","modified_gmt":"2025-03-30T22:00:43","slug":"thule-maple-turvahall-thule-alfi-isofix-alus-light-gray","status":"publish","type":"product","link":"https:\/\/beebipood.ee\/ru\/produkt\/thule-maple-turvahall-thule-alfi-isofix-alus-light-gray\/","title":{"rendered":"Thule Maple turvah\u00e4ll + Thule Alfi Isofix alus, Light Gray"},"content":{"rendered":"<p><span>ADAC testiv\u00f5itja 10\/2024 ja Red Dot disaini auhinna v\u00f5itja 2024.<\/span><br \/><span>Thule Maple turvah\u00e4ll + Thule Alfi ISOFIX alus said ADAC testis 1,6<\/span><br \/><span>mis t\u00f5estab Thule Maple silmapaistvat kvaliteeti.<\/span><br \/><span>Thule Maple turvah\u00e4ll koos tunnustatud Thule Impact Protection Systemiga,<\/span><br \/><span>et \u00fcmbritseda teie beebi t\u00e4iustatud kaitse ja hubase luksusega.<\/span><br \/><span>Lihtne dokkimine, mis tahes nurga all ja 180-kraadine p\u00f6\u00f6rlemine tagavad mugavuse.<\/span><br \/><span>Lisaks on Thule Maple turvah\u00e4llil ergonoomiline lamamisre\u017eiim,<\/span><br \/><span>mis tagab vasts\u00fcndinule \u00f5ige lamamis asendi, tagades mugavuse ja heaolu esimesest p\u00e4evast alates.<\/span><br \/><span style=\"text-decoration: underline;\">Intuitiivne paigaldamine<\/span><br \/><span>EasyDock tehnoloogia v\u00f5imaldab Thule Maple&#8217;i h\u00f5lpsasti paigaldada ja p\u00f6\u00f6rata Thule Alfi ISOFIX alusel.<\/span><br \/><span>Meie digitaalne ekraan annab kohese visuaalse kinnituse \u00f5ige ja turvalise paigalduse kohta<\/span><br \/><span style=\"text-decoration: underline;\">Kaheasendiline mugavus<\/span><br \/><span>Vahetage jalutusk\u00e4rus lamamisasendi mugavusre\u017eiimi ja autos p\u00fcstise turvaasendi vahel.<\/span><br \/><span>Loodud sujuvaks \u00fcleminekuks, et teie beebil oleks mugav<\/span><br \/><span style=\"text-decoration: underline;\">Esmaklassilised ohutusmeetmed<\/span><br \/><span>Thule Impact kaitse System ja 3-punktiline turvarihm on sisse ehitatud,<\/span><br \/><span>tagades teie beebi turvalisuse ja kaitse.<\/span><br \/><span>Erinevalt teistest mudelitest kujutab meie s\u00fcsteem endast p\u00fcsivat funktsiooni,<\/span><br \/><span>nii et \u00e4rge unustage seda installida<\/span><br \/><span style=\"text-decoration: underline;\">Thule SenseAffirm s\u00fcsteem<\/span><br \/><span>Enam pole vaja arvata, kas teie turvatool on \u00f5igesti paigaldatud.<\/span><br \/><span>Meie digitaalne ekraan annab t\u00e4pseid juhiseid reguleerimiseks,<\/span><br \/><span>kinnitades teile, et k\u00f5ik on alati ideaalselt paigas<\/span><br \/><span style=\"text-decoration: underline;\">Reisis\u00fcsteem on valmis<\/span><br \/><span>Teie kodust lapsevankrini, autoni &#8212; kuni l\u00f5ppsihtkohani<\/span><br \/><span>Thule Maple infant car seat black feature<\/span><br \/><span style=\"text-decoration: underline;\">\u00dclim p\u00e4ikese kaitse<\/span><br \/><span>Suurel vetth\u00fclgaval varikatusel on UPF50+ UV-kaitse,<\/span><br \/><span>mis varjab teie beebit vihma v\u00f5i p\u00e4ikese eest<\/span><br \/><span style=\"text-decoration: underline;\">Mugavad vabastusv\u00f5tmed<\/span><br \/><span>Meie turvaistmel on sangal h\u00f5lpsasti kasutatavad vabastusv\u00f5tmed<\/span><br \/><span>kiireks eemaldamiseks jalutusk\u00e4rust v\u00f5i turvaistme aluselt.<\/span><br \/><span>Ei mingeid ebamugavaid asendeid ega pingeid<\/span><br \/><span>istme vaevata eemaldamiseks kl\u00f5psake lihtsalt m\u00f5lemal k\u00fcljel<\/span><br \/><span style=\"text-decoration: underline;\">Esmaklassiline materjali mugavus<\/span><br \/><span>Valmistatud pehmetest, vastupidavatest ja masinpestavatest esmaklassilistest materjalidest<\/span><br \/><span>koos pehme kattega kuni 60 cm pikkustele imikutele,<\/span><br \/><span>Thule Maple tagab hubase s\u00f5idu<\/span><br \/><span style=\"text-decoration: underline;\">N\u00e4itajad<\/span><br \/><span>Sertifitseerimine: EN R129\/3, i-Size \u00fchilduv<\/span><br \/><span>Asendid: Ergonoomiline lamamisasend ja p\u00fcstine turvaasend<\/span><br \/><span>Paigaldamine s\u00f5idukisse: Thule Alfi ISOFIX alusega v\u00f5i s\u00f5iduki turvav\u00f6\u00f6ga<\/span><br \/><span>\u00dchilduvus jalutusk\u00e4ruga: \u00fchildub Maxi-Cosi\u2122 adapteritega,<\/span><br \/><span>sobib k\u00f5igi Thule jalutusk\u00e4rudega koos Maxi-Cosi adapteritega<\/span><br \/><span>Toote kaal: 5,4 kg<\/span><br \/><span>Maksimaalne lapse kaal: 13 kg<\/span><br \/><span>M\u00f5\u00f5dud: 61 x 72 x 44 cm (K x P x L)<\/span><br \/><span>Masinpestav 30\u00b0 juures<\/p>\n<p><span>Kogege stressivaba paigaldust ja t\u00e4ielikku meelerahu <span style=\"text-decoration: underline;\">Thule Alfi ISOFIX alusega,<\/span><\/span><br \/><span>mis tagab t\u00e4nu Thule SenseAffirm Systemile turvalise seadistuse.<\/span><br \/><span>Thule Alfi tagab turvah\u00e4lli ja turvatooli kiire ja intuitiivse kinnitamise,<\/span><br \/><span>muutes reisid ohutumaks ja lihtsamaks.<\/span><br \/><span>ADAC testiv\u00f5itja 10\/2024 ja Red Dot disaini auhinna v\u00f5itja 2024.<\/span><br \/><span>Thule Alfi ISOFIX alus koos Thule Maple turvah\u00e4lliga said ADAC testis 1,6<\/span><br \/><span>mis t\u00f5estab Thule Maple silmapaistvat kvaliteeti.<\/span><br \/><span style=\"text-decoration: underline;\">EasyDock tehnoloogia<\/span><br \/><span>Dokkige iste iga nurga alt autoukse juurde meie intuitiivse EasyDock s\u00fcsteemiga.<\/span><br \/><span>Lihtsalt p\u00f6\u00f6rake istet, kuni see oma kohale kl\u00f5psab, tagades enne iga s\u00f5itu t\u00f5rkekindla luku.<\/span><br \/><span>Nii lihtne see ongi &#8212; dokkige, lukustage ja olete valmis s\u00f5iduks<\/span><br \/><span style=\"text-decoration: underline;\">Lihtne paigaldamine<\/span><br \/><span>Thule Alfi aluse kinnitamine autosse on lihtne t\u00e4nu meie AcuTight tehnoloogiale,<\/span><br \/><span>mis v\u00f5imaldab turvalist aktiveerimist ainult siis,<\/span><br \/><span>kui m\u00f5lemad \u00fchendused on sisse l\u00fclitatud. Lihtsalt kuulake kl\u00f5psu;<\/span><br \/><span>See heli n\u00e4itab, et alus on korralikult suletud ja turvaliselt kinnitatud<\/span><br \/><span style=\"text-decoration: underline;\">Thule SenseAffirm s\u00fcsteem<\/span><br \/><span>Enam pole vaja arvata, kas teie turvatool on \u00f5igesti paigaldatud.<\/span><br \/><span>Meie digitaalne ekraan annab t\u00e4pseid juhiseid reguleerimiseks,<\/span><br \/><span>kinnitades teile, et k\u00f5ik on alati ideaalselt paigas<\/span><br \/><span style=\"text-decoration: underline;\">Intuitiivne digitaalne ekraan<\/span><br \/><span>Nautige meelerahu igal teekonnal meie intuitiivse ekraaniga,<\/span><br \/><span>millel on rohelised ja punased tuled, mis n\u00e4itavad selgelt,<\/span><br \/><span>kas paigaldus on turvaline. See on osa meie Thule SenseAffirm s\u00fcsteemist,<\/span><br \/><span>mis on loodud selleks, et pakkuda teile lihtsat ja visuaalset kinnitust<\/span><br \/><span style=\"text-decoration: underline;\">Peidetud vabastusnupp<\/span><br \/><span>Meie ISOFIX s\u00fcsteemil on h\u00f5lpsasti vajutatavad vabastamisnupud,<\/span><br \/><span>mis muudavad ISOFIXi hoidikute sirutamise v\u00f5i aluse autost vabastamise lihtsaks.<\/span><br \/><span>Aluse \u00fclaosale paigutatud nupud j\u00e4\u00e4vad turvaistme alla peitu, et v\u00e4ltida juhuslikke vabanemisi<\/span><br \/><span style=\"text-decoration: underline;\">Mitmek\u00fclgne \u00fchilduvus<\/span><br \/><span>Thule Alfi on loodud toetama nii turvah\u00e4lli kui ka turvatooli,<\/span><br \/><span>kasvades koos lapsega ja tagades pikaajalise v\u00e4\u00e4rtuse<\/span><br \/><span style=\"text-decoration: underline;\">Tugev ehitus<\/span><br \/><span>Valmistatud esmaklassilistest materjalidest, et taluda igap\u00e4evast kulumist,<\/span><br \/><span>r\u00f5hutades meie p\u00fchendumust kvaliteedile ja vastupidavusele<\/span><br \/><span style=\"text-decoration: underline;\">Reguleeritav tugijalg<\/span><br \/><span>Reguleeritav tugijalg kohandub teie auto istmega,<\/span><br \/><span>suurendades nii ohutust kui ka mugavust<\/span><br \/><span style=\"text-decoration: underline;\">Ohutuse uuesti m\u00e4\u00e4ratlemine<\/span><br \/><span>Tagasil\u00f6\u00f6givastane seade (ARD) on loodud kokkup\u00f5rke korral m\u00e4rkimisv\u00e4\u00e4rselt v\u00e4hendama l\u00f6\u00f6gij\u00f5udu,<\/span><br \/><span>pakkudes teie lapsele t\u00e4iendavat kaitsekihti ja ohutust<\/span><br \/><span style=\"text-decoration: underline;\">Istme vabastusnupp<\/span><br \/><span>Kergesti ligip\u00e4\u00e4setav vabastusnupp v\u00f5imaldab turvaistet lukustatud asendist p\u00f6\u00f6rata<\/span><br \/><span>k\u00fcljele muutes lapse istmele panemise ja sealt v\u00e4lja t\u00f5stmise lihtsamaks<\/span><br \/><span style=\"text-decoration: underline;\">N\u00e4itajad<\/span><br \/><span>Sertifitseerimine: EN R129\/3, i-Size \u00fchilduv<\/span><br \/><span>Toote kaal: 7,4 kg<\/span><br \/><span>Maksimaalne lapse kaal: 18 kg<\/span><br \/><span>Sobib: Thule Maple h\u00e4lliga ja Thule Elm tooliga<\/span><br \/><\/span><\/p>\n","protected":false},"excerpt":{"rendered":"<p>ADAC testiv\u00f5itja 10\/2024 ja Red Dot disaini auhinna v\u00f5itja 2024.Thule Maple turvah\u00e4ll + Thule Alfi ISOFIX alus said ADAC testis 1,6mis t\u00f5estab Thule Maple silmapaistvat kvaliteeti.Thule Maple turvah\u00e4ll koos tunnustatud Thule Impact Protection Systemiga,et \u00fcmbritseda teie beebi t\u00e4iustatud kaitse ja hubase luksusega.Lihtne dokkimine, mis tahes nurga all ja 180-kraadine p\u00f6\u00f6rlemine tagavad mugavuse.Lisaks on Thule Maple [&hellip;]<\/p>\n","protected":false},"featured_media":324386,"template":"","meta":{"_acf_changed":false},"pwb-brand":[11980],"product_brand":[],"product_cat":[11573,11743,11727,11791],"product_tag":[],"class_list":{"0":"post-459027","1":"product","2":"type-product","3":"status-publish","4":"has-post-thumbnail","6":"pwb-brand-thule-ru","7":"product_cat-sooduspakkumised-ru","8":"product_cat-turvahallid-ru","9":"product_cat-turvatoolid-hallid-ru","10":"product_cat-turvavarustus-ru","11":"pa_manufacturer-thule-ru","13":"first","14":"onbackorder","15":"sale","16":"taxable","17":"shipping-taxable","18":"purchasable","19":"product-type-simple"},"exclude_global_add_ons":[],"addons":[],"acf":[],"yoast_head":"<!-- This site is optimized with the Yoast SEO plugin v27.1.1 - https:\/\/yoast.com\/product\/yoast-seo-wordpress\/ -->\n<title>Thule Maple turvah\u00e4ll + Thule Alfi Isofix alus, Light Gray, \u0421\u041a\u0418\u0414\u041a\u0418, \u041d\u041e\u0412\u042b\u0415 \u0422\u041e\u0412\u0410\u0420\u042b, \u0410\u0432\u0442\u043e\u043a\u0440\u0435\u0441\u043b\u0430, \u043b\u044e\u043b\u044c\u043a\u0438, \u0410\u0432\u0442\u043e\u043b\u044e\u043b\u044c\u043a\u0430, \u0421\u043d\u0430\u0440\u044f\u0436\u0435\u043d\u0438\u044f \u0431\u0435\u0437\u043e\u043f\u0430\u0441\u043d\u043e\u0441\u0442\u0438, Beebipood<\/title>\n<meta name=\"description\" content=\"Thule Maple turvah\u00e4ll + Thule Alfi Isofix alus, Light Gray, ADAC testiv&otilde;itja 10\/2024 ja Red Dot disaini auhinna v&otilde;itja 2024.&lt;br \/\" \/>\n<meta name=\"robots\" content=\"index, follow, max-snippet:-1, max-image-preview:large, max-video-preview:-1\" \/>\n<link rel=\"canonical\" href=\"https:\/\/beebipood.ee\/ru\/produkt\/thule-maple-turvahall-thule-alfi-isofix-alus-light-gray\/\" \/>\n<meta property=\"og:locale\" content=\"ru_RU\" \/>\n<meta property=\"og:type\" content=\"article\" \/>\n<meta property=\"og:title\" content=\"Thule Maple turvah\u00e4ll + Thule Alfi Isofix alus, Light Gray, \u0421\u041a\u0418\u0414\u041a\u0418, \u041d\u041e\u0412\u042b\u0415 \u0422\u041e\u0412\u0410\u0420\u042b, \u0410\u0432\u0442\u043e\u043a\u0440\u0435\u0441\u043b\u0430, \u043b\u044e\u043b\u044c\u043a\u0438, \u0410\u0432\u0442\u043e\u043b\u044e\u043b\u044c\u043a\u0430, \u0421\u043d\u0430\u0440\u044f\u0436\u0435\u043d\u0438\u044f \u0431\u0435\u0437\u043e\u043f\u0430\u0441\u043d\u043e\u0441\u0442\u0438, Beebipood\" \/>\n<meta property=\"og:description\" content=\"Thule Maple turvah\u00e4ll + Thule Alfi Isofix alus, Light Gray, ADAC testiv&otilde;itja 10\/2024 ja Red Dot disaini auhinna v&otilde;itja 2024.&lt;br \/\" \/>\n<meta property=\"og:url\" content=\"https:\/\/beebipood.ee\/ru\/produkt\/thule-maple-turvahall-thule-alfi-isofix-alus-light-gray\/\" \/>\n<meta property=\"og:site_name\" content=\"Beebipood\" \/>\n<meta property=\"article:modified_time\" content=\"2025-03-30T22:00:43+00:00\" \/>\n<meta property=\"og:image\" content=\"https:\/\/beebipood.ee\/wp-content\/uploads\/2020\/01\/Thule-Maple-turvahall-Thule-Alfie-Isofix-alus-Light-Gray-Turvatoolid-hallid-Turvahallid-Turvavarustus_6-c1d.jpg\" \/>\n\t<meta property=\"og:image:width\" content=\"1440\" \/>\n\t<meta property=\"og:image:height\" content=\"960\" \/>\n\t<meta property=\"og:image:type\" content=\"image\/jpeg\" \/>\n<meta name=\"twitter:card\" content=\"summary_large_image\" \/>\n<meta name=\"twitter:label1\" content=\"\u041f\u0440\u0438\u043c\u0435\u0440\u043d\u043e\u0435 \u0432\u0440\u0435\u043c\u044f \u0434\u043b\u044f \u0447\u0442\u0435\u043d\u0438\u044f\" \/>\n\t<meta name=\"twitter:data1\" content=\"4 \u043c\u0438\u043d\u0443\u0442\u044b\" \/>\n<script type=\"application\/ld+json\" class=\"yoast-schema-graph\">{\"@context\":\"https:\/\/schema.org\",\"@graph\":[{\"@type\":\"WebPage\",\"@id\":\"https:\/\/beebipood.ee\/ru\/produkt\/thule-maple-turvahall-thule-alfi-isofix-alus-light-gray\/\",\"url\":\"https:\/\/beebipood.ee\/ru\/produkt\/thule-maple-turvahall-thule-alfi-isofix-alus-light-gray\/\",\"name\":\"Thule Maple turvah\u00e4ll + Thule Alfi Isofix alus, Light Gray, \u0421\u041a\u0418\u0414\u041a\u0418, \u041d\u041e\u0412\u042b\u0415 \u0422\u041e\u0412\u0410\u0420\u042b, \u0410\u0432\u0442\u043e\u043a\u0440\u0435\u0441\u043b\u0430, \u043b\u044e\u043b\u044c\u043a\u0438, \u0410\u0432\u0442\u043e\u043b\u044e\u043b\u044c\u043a\u0430, \u0421\u043d\u0430\u0440\u044f\u0436\u0435\u043d\u0438\u044f \u0431\u0435\u0437\u043e\u043f\u0430\u0441\u043d\u043e\u0441\u0442\u0438, Beebipood\",\"isPartOf\":{\"@id\":\"https:\/\/beebipood.ee\/ru\/#website\"},\"primaryImageOfPage\":{\"@id\":\"https:\/\/beebipood.ee\/ru\/produkt\/thule-maple-turvahall-thule-alfi-isofix-alus-light-gray\/#primaryimage\"},\"image\":{\"@id\":\"https:\/\/beebipood.ee\/ru\/produkt\/thule-maple-turvahall-thule-alfi-isofix-alus-light-gray\/#primaryimage\"},\"thumbnailUrl\":\"https:\/\/beebipood.ee\/wp-content\/uploads\/2020\/01\/Thule-Maple-turvahall-Thule-Alfie-Isofix-alus-Light-Gray-Turvatoolid-hallid-Turvahallid-Turvavarustus_6-c1d.jpg\",\"datePublished\":\"2020-01-21T11:38:19+00:00\",\"dateModified\":\"2025-03-30T22:00:43+00:00\",\"description\":\"Thule Maple turvah\u00e4ll + Thule Alfi Isofix alus, Light Gray, ADAC testiv&otilde;itja 10\/2024 ja Red Dot disaini auhinna v&otilde;itja 2024.&lt;br \/\",\"breadcrumb\":{\"@id\":\"https:\/\/beebipood.ee\/ru\/produkt\/thule-maple-turvahall-thule-alfi-isofix-alus-light-gray\/#breadcrumb\"},\"inLanguage\":\"ru-RU\",\"potentialAction\":[{\"@type\":\"ReadAction\",\"target\":[\"https:\/\/beebipood.ee\/ru\/produkt\/thule-maple-turvahall-thule-alfi-isofix-alus-light-gray\/\"]}]},{\"@type\":\"ImageObject\",\"inLanguage\":\"ru-RU\",\"@id\":\"https:\/\/beebipood.ee\/ru\/produkt\/thule-maple-turvahall-thule-alfi-isofix-alus-light-gray\/#primaryimage\",\"url\":\"https:\/\/beebipood.ee\/wp-content\/uploads\/2020\/01\/Thule-Maple-turvahall-Thule-Alfie-Isofix-alus-Light-Gray-Turvatoolid-hallid-Turvahallid-Turvavarustus_6-c1d.jpg\",\"contentUrl\":\"https:\/\/beebipood.ee\/wp-content\/uploads\/2020\/01\/Thule-Maple-turvahall-Thule-Alfie-Isofix-alus-Light-Gray-Turvatoolid-hallid-Turvahallid-Turvavarustus_6-c1d.jpg\",\"width\":1440,\"height\":960},{\"@type\":\"BreadcrumbList\",\"@id\":\"https:\/\/beebipood.ee\/ru\/produkt\/thule-maple-turvahall-thule-alfi-isofix-alus-light-gray\/#breadcrumb\",\"itemListElement\":[{\"@type\":\"ListItem\",\"position\":1,\"name\":\"Home\",\"item\":\"https:\/\/beebipood.ee\/ru\/\"},{\"@type\":\"ListItem\",\"position\":2,\"name\":\"\u041a\u0430\u0442\u0430\u043b\u043e\u0433 \u0442\u043e\u0432\u0430\u0440\u043e\u0432\",\"item\":\"https:\/\/beebipood.ee\/tooted\/\"},{\"@type\":\"ListItem\",\"position\":3,\"name\":\"Thule Maple turvah\u00e4ll + Thule Alfi Isofix alus, Light Gray\"}]},{\"@type\":\"WebSite\",\"@id\":\"https:\/\/beebipood.ee\/ru\/#website\",\"url\":\"https:\/\/beebipood.ee\/ru\/\",\"name\":\"Beebipood\",\"description\":\"Lastekaubad, beebikaubad, m\u00e4nguasjad\",\"publisher\":{\"@id\":\"https:\/\/beebipood.ee\/ru\/#organization\"},\"potentialAction\":[{\"@type\":\"SearchAction\",\"target\":{\"@type\":\"EntryPoint\",\"urlTemplate\":\"https:\/\/beebipood.ee\/ru\/?s={search_term_string}\"},\"query-input\":{\"@type\":\"PropertyValueSpecification\",\"valueRequired\":true,\"valueName\":\"search_term_string\"}}],\"inLanguage\":\"ru-RU\"},{\"@type\":\"Organization\",\"@id\":\"https:\/\/beebipood.ee\/ru\/#organization\",\"name\":\"Beebipood\",\"url\":\"https:\/\/beebipood.ee\/ru\/\",\"logo\":{\"@type\":\"ImageObject\",\"inLanguage\":\"ru-RU\",\"@id\":\"https:\/\/beebipood.ee\/ru\/#\/schema\/logo\/image\/\",\"url\":\"https:\/\/beebipood.ee\/wp-content\/uploads\/2025\/03\/beebipood.ee-logo-1.svg\",\"contentUrl\":\"https:\/\/beebipood.ee\/wp-content\/uploads\/2025\/03\/beebipood.ee-logo-1.svg\",\"caption\":\"Beebipood\"},\"image\":{\"@id\":\"https:\/\/beebipood.ee\/ru\/#\/schema\/logo\/image\/\"}}]}<\/script>\n<!-- \/ Yoast SEO plugin. -->","yoast_head_json":{"title":"Thule Maple turvah\u00e4ll + Thule Alfi Isofix alus, Light Gray, \u0421\u041a\u0418\u0414\u041a\u0418, \u041d\u041e\u0412\u042b\u0415 \u0422\u041e\u0412\u0410\u0420\u042b, \u0410\u0432\u0442\u043e\u043a\u0440\u0435\u0441\u043b\u0430, \u043b\u044e\u043b\u044c\u043a\u0438, \u0410\u0432\u0442\u043e\u043b\u044e\u043b\u044c\u043a\u0430, \u0421\u043d\u0430\u0440\u044f\u0436\u0435\u043d\u0438\u044f \u0431\u0435\u0437\u043e\u043f\u0430\u0441\u043d\u043e\u0441\u0442\u0438, Beebipood","description":"Thule Maple turvah\u00e4ll + Thule Alfi Isofix alus, Light Gray, ADAC testiv&otilde;itja 10\/2024 ja Red Dot disaini auhinna v&otilde;itja 2024.&lt;br \/","robots":{"index":"index","follow":"follow","max-snippet":"max-snippet:-1","max-image-preview":"max-image-preview:large","max-video-preview":"max-video-preview:-1"},"canonical":"https:\/\/beebipood.ee\/ru\/produkt\/thule-maple-turvahall-thule-alfi-isofix-alus-light-gray\/","og_locale":"ru_RU","og_type":"article","og_title":"Thule Maple turvah\u00e4ll + Thule Alfi Isofix alus, Light Gray, \u0421\u041a\u0418\u0414\u041a\u0418, \u041d\u041e\u0412\u042b\u0415 \u0422\u041e\u0412\u0410\u0420\u042b, \u0410\u0432\u0442\u043e\u043a\u0440\u0435\u0441\u043b\u0430, \u043b\u044e\u043b\u044c\u043a\u0438, \u0410\u0432\u0442\u043e\u043b\u044e\u043b\u044c\u043a\u0430, \u0421\u043d\u0430\u0440\u044f\u0436\u0435\u043d\u0438\u044f \u0431\u0435\u0437\u043e\u043f\u0430\u0441\u043d\u043e\u0441\u0442\u0438, Beebipood","og_description":"Thule Maple turvah\u00e4ll + Thule Alfi Isofix alus, Light Gray, ADAC testiv&otilde;itja 10\/2024 ja Red Dot disaini auhinna v&otilde;itja 2024.&lt;br \/","og_url":"https:\/\/beebipood.ee\/ru\/produkt\/thule-maple-turvahall-thule-alfi-isofix-alus-light-gray\/","og_site_name":"Beebipood","article_modified_time":"2025-03-30T22:00:43+00:00","og_image":[{"width":1440,"height":960,"url":"https:\/\/beebipood.ee\/wp-content\/uploads\/2020\/01\/Thule-Maple-turvahall-Thule-Alfie-Isofix-alus-Light-Gray-Turvatoolid-hallid-Turvahallid-Turvavarustus_6-c1d.jpg","type":"image\/jpeg"}],"twitter_card":"summary_large_image","twitter_misc":{"\u041f\u0440\u0438\u043c\u0435\u0440\u043d\u043e\u0435 \u0432\u0440\u0435\u043c\u044f \u0434\u043b\u044f \u0447\u0442\u0435\u043d\u0438\u044f":"4 \u043c\u0438\u043d\u0443\u0442\u044b"},"schema":{"@context":"https:\/\/schema.org","@graph":[{"@type":"WebPage","@id":"https:\/\/beebipood.ee\/ru\/produkt\/thule-maple-turvahall-thule-alfi-isofix-alus-light-gray\/","url":"https:\/\/beebipood.ee\/ru\/produkt\/thule-maple-turvahall-thule-alfi-isofix-alus-light-gray\/","name":"Thule Maple turvah\u00e4ll + Thule Alfi Isofix alus, Light Gray, \u0421\u041a\u0418\u0414\u041a\u0418, \u041d\u041e\u0412\u042b\u0415 \u0422\u041e\u0412\u0410\u0420\u042b, \u0410\u0432\u0442\u043e\u043a\u0440\u0435\u0441\u043b\u0430, \u043b\u044e\u043b\u044c\u043a\u0438, \u0410\u0432\u0442\u043e\u043b\u044e\u043b\u044c\u043a\u0430, \u0421\u043d\u0430\u0440\u044f\u0436\u0435\u043d\u0438\u044f \u0431\u0435\u0437\u043e\u043f\u0430\u0441\u043d\u043e\u0441\u0442\u0438, Beebipood","isPartOf":{"@id":"https:\/\/beebipood.ee\/ru\/#website"},"primaryImageOfPage":{"@id":"https:\/\/beebipood.ee\/ru\/produkt\/thule-maple-turvahall-thule-alfi-isofix-alus-light-gray\/#primaryimage"},"image":{"@id":"https:\/\/beebipood.ee\/ru\/produkt\/thule-maple-turvahall-thule-alfi-isofix-alus-light-gray\/#primaryimage"},"thumbnailUrl":"https:\/\/beebipood.ee\/wp-content\/uploads\/2020\/01\/Thule-Maple-turvahall-Thule-Alfie-Isofix-alus-Light-Gray-Turvatoolid-hallid-Turvahallid-Turvavarustus_6-c1d.jpg","datePublished":"2020-01-21T11:38:19+00:00","dateModified":"2025-03-30T22:00:43+00:00","description":"Thule Maple turvah\u00e4ll + Thule Alfi Isofix alus, Light Gray, ADAC testiv&otilde;itja 10\/2024 ja Red Dot disaini auhinna v&otilde;itja 2024.&lt;br \/","breadcrumb":{"@id":"https:\/\/beebipood.ee\/ru\/produkt\/thule-maple-turvahall-thule-alfi-isofix-alus-light-gray\/#breadcrumb"},"inLanguage":"ru-RU","potentialAction":[{"@type":"ReadAction","target":["https:\/\/beebipood.ee\/ru\/produkt\/thule-maple-turvahall-thule-alfi-isofix-alus-light-gray\/"]}]},{"@type":"ImageObject","inLanguage":"ru-RU","@id":"https:\/\/beebipood.ee\/ru\/produkt\/thule-maple-turvahall-thule-alfi-isofix-alus-light-gray\/#primaryimage","url":"https:\/\/beebipood.ee\/wp-content\/uploads\/2020\/01\/Thule-Maple-turvahall-Thule-Alfie-Isofix-alus-Light-Gray-Turvatoolid-hallid-Turvahallid-Turvavarustus_6-c1d.jpg","contentUrl":"https:\/\/beebipood.ee\/wp-content\/uploads\/2020\/01\/Thule-Maple-turvahall-Thule-Alfie-Isofix-alus-Light-Gray-Turvatoolid-hallid-Turvahallid-Turvavarustus_6-c1d.jpg","width":1440,"height":960},{"@type":"BreadcrumbList","@id":"https:\/\/beebipood.ee\/ru\/produkt\/thule-maple-turvahall-thule-alfi-isofix-alus-light-gray\/#breadcrumb","itemListElement":[{"@type":"ListItem","position":1,"name":"Home","item":"https:\/\/beebipood.ee\/ru\/"},{"@type":"ListItem","position":2,"name":"\u041a\u0430\u0442\u0430\u043b\u043e\u0433 \u0442\u043e\u0432\u0430\u0440\u043e\u0432","item":"https:\/\/beebipood.ee\/tooted\/"},{"@type":"ListItem","position":3,"name":"Thule Maple turvah\u00e4ll + Thule Alfi Isofix alus, Light Gray"}]},{"@type":"WebSite","@id":"https:\/\/beebipood.ee\/ru\/#website","url":"https:\/\/beebipood.ee\/ru\/","name":"Beebipood","description":"Lastekaubad, beebikaubad, m\u00e4nguasjad","publisher":{"@id":"https:\/\/beebipood.ee\/ru\/#organization"},"potentialAction":[{"@type":"SearchAction","target":{"@type":"EntryPoint","urlTemplate":"https:\/\/beebipood.ee\/ru\/?s={search_term_string}"},"query-input":{"@type":"PropertyValueSpecification","valueRequired":true,"valueName":"search_term_string"}}],"inLanguage":"ru-RU"},{"@type":"Organization","@id":"https:\/\/beebipood.ee\/ru\/#organization","name":"Beebipood","url":"https:\/\/beebipood.ee\/ru\/","logo":{"@type":"ImageObject","inLanguage":"ru-RU","@id":"https:\/\/beebipood.ee\/ru\/#\/schema\/logo\/image\/","url":"https:\/\/beebipood.ee\/wp-content\/uploads\/2025\/03\/beebipood.ee-logo-1.svg","contentUrl":"https:\/\/beebipood.ee\/wp-content\/uploads\/2025\/03\/beebipood.ee-logo-1.svg","caption":"Beebipood"},"image":{"@id":"https:\/\/beebipood.ee\/ru\/#\/schema\/logo\/image\/"}}]}},"brands":[{"id":11980,"name":"THULE","slug":"thule-ru"}],"_links":{"self":[{"href":"https:\/\/beebipood.ee\/ru\/wp-json\/wp\/v2\/product\/459027","targetHints":{"allow":["GET"]}}],"collection":[{"href":"https:\/\/beebipood.ee\/ru\/wp-json\/wp\/v2\/product"}],"about":[{"href":"https:\/\/beebipood.ee\/ru\/wp-json\/wp\/v2\/types\/product"}],"wp:featuredmedia":[{"embeddable":true,"href":"https:\/\/beebipood.ee\/ru\/wp-json\/wp\/v2\/media\/324386"}],"wp:attachment":[{"href":"https:\/\/beebipood.ee\/ru\/wp-json\/wp\/v2\/media?parent=459027"}],"wp:term":[{"taxonomy":"pwb-brand","embeddable":true,"href":"https:\/\/beebipood.ee\/ru\/wp-json\/wp\/v2\/pwb-brand?post=459027"},{"taxonomy":"product_brand","embeddable":true,"href":"https:\/\/beebipood.ee\/ru\/wp-json\/wp\/v2\/product_brand?post=459027"},{"taxonomy":"product_cat","embeddable":true,"href":"https:\/\/beebipood.ee\/ru\/wp-json\/wp\/v2\/product_cat?post=459027"},{"taxonomy":"product_tag","embeddable":true,"href":"https:\/\/beebipood.ee\/ru\/wp-json\/wp\/v2\/product_tag?post=459027"}],"curies":[{"name":"wp","href":"https:\/\/api.w.org\/{rel}","templated":true}]}}