{"id":459031,"date":"2020-01-21T13:46:59","date_gmt":"2020-01-21T11:46:59","guid":{"rendered":"https:\/\/beebipood.ee\/toode\/thule-maple-turvahall-light-gray\/"},"modified":"2025-03-31T01:00:53","modified_gmt":"2025-03-30T22:00:53","slug":"thule-maple-turvahall-light-gray","status":"publish","type":"product","link":"https:\/\/beebipood.ee\/ru\/produkt\/thule-maple-turvahall-light-gray\/","title":{"rendered":"Thule Maple turvah\u00e4ll, Light Gray"},"content":{"rendered":"<p>ADAC testiv\u00f5itja 10\/2024 ja Red Dot disaini auhinna v\u00f5itja 2024.<br \/>Thule Maple turvah\u00e4ll + Thule Alfi ISOFIX alus said ADAC testis 1,6<br \/>mis t\u00f5estab Thule Maple silmapaistvat kvaliteeti.<br \/>Thule Maple turvah\u00e4ll koos tunnustatud Thule Impact Protection Systemiga, <br \/>et \u00fcmbritseda teie beebi t\u00e4iustatud kaitse ja hubase luksusega. <br \/>Lihtne dokkimine, mis tahes nurga all ja 180-kraadine p\u00f6\u00f6rlemine tagavad mugavuse. <br \/>Lisaks on Thule Maple turvah\u00e4llil ergonoomiline lamamisre\u017eiim, <br \/>mis tagab vasts\u00fcndinule \u00f5ige lamamis asendi, tagades mugavuse ja heaolu esimesest p\u00e4evast alates.<\/p>\n<p><span style=\"text-decoration: underline;\">Intuitiivne paigaldamine<\/span><br \/>EasyDock tehnoloogia v\u00f5imaldab Thule Maple&#8217;i h\u00f5lpsasti paigaldada ja p\u00f6\u00f6rata Thule Alfi ISOFIX alusel. <br \/>Meie digitaalne ekraan annab kohese visuaalse kinnituse \u00f5ige ja turvalise paigalduse kohta<br \/><span style=\"text-decoration: underline;\">Kaheasendiline mugavus<\/span><br \/>Vahetage jalutusk\u00e4rus lamamisasendi mugavusre\u017eiimi ja autos p\u00fcstise turvaasendi vahel. <br \/>Loodud sujuvaks \u00fcleminekuks, et teie beebil oleks mugav<br \/><span style=\"text-decoration: underline;\">Esmaklassilised ohutusmeetmed<\/span><br \/>Thule Impact kaitse System ja 3-punktiline turvarihm on sisse ehitatud, <br \/>tagades teie beebi turvalisuse ja kaitse. <br \/>Erinevalt teistest mudelitest kujutab meie s\u00fcsteem endast p\u00fcsivat funktsiooni, <br \/>nii et \u00e4rge unustage seda installida<br \/><span style=\"text-decoration: underline;\">Thule SenseAffirm s\u00fcsteem<\/span><br \/>Enam pole vaja arvata, kas teie turvatool on \u00f5igesti paigaldatud. <br \/>Meie digitaalne ekraan annab t\u00e4pseid juhiseid reguleerimiseks, <br \/>kinnitades teile, et k\u00f5ik on alati ideaalselt paigas<br \/><span style=\"text-decoration: underline;\">Reisis\u00fcsteem on valmis<\/span><br \/>Teie kodust lapsevankrini, autoni &#8212; kuni l\u00f5ppsihtkohani<br \/>Thule Maple infant car seat black feature<br \/><span style=\"text-decoration: underline;\">\u00dclim p\u00e4ikese kaitse<\/span><br \/>Suurel vetth\u00fclgaval varikatusel on UPF50+ UV-kaitse, <br \/>mis varjab teie beebit vihma v\u00f5i p\u00e4ikese eest<br \/><span style=\"text-decoration: underline;\">Mugavad vabastusv\u00f5tmed<\/span><br \/>Meie turvaistmel on sangal h\u00f5lpsasti kasutatavad vabastusv\u00f5tmed <br \/>kiireks eemaldamiseks jalutusk\u00e4rust v\u00f5i turvaistme aluselt. <br \/>Ei mingeid ebamugavaid asendeid ega pingeid <br \/>istme vaevata eemaldamiseks kl\u00f5psake lihtsalt m\u00f5lemal k\u00fcljel<br \/><span style=\"text-decoration: underline;\">Esmaklassiline materjali mugavus<\/span><br \/>Valmistatud pehmetest, vastupidavatest ja masinpestavatest esmaklassilistest materjalidest <br \/>koos pehme kattega kuni 60 cm pikkustele imikutele, <br \/>Thule Maple tagab hubase s\u00f5idu<\/p>\n<p><span style=\"text-decoration: underline;\">N\u00e4itajad<\/span><br \/>Sertifitseerimine: EN R129\/3, i-Size \u00fchilduv<br \/>Asendid: Ergonoomiline lamamisasend ja p\u00fcstine turvaasend<br \/>Paigaldamine s\u00f5idukisse: Thule Alfi ISOFIX alusega v\u00f5i s\u00f5iduki turvav\u00f6\u00f6ga<br \/>\u00dchilduvus jalutusk\u00e4ruga: \u00fchildub Maxi-Cosi\u2122 adapteritega, <br \/>sobib k\u00f5igi Thule jalutusk\u00e4rudega koos Maxi-Cosi adapteritega<br \/>Toote kaal: 5,4 kgo<br \/>Maksimaalne lapse kaal: 13 kg<br \/>M\u00f5\u00f5dud: 61 x 72 x 44 cm (K x P x L)<br \/>Masinpestav 30\u00b0 juures<\/p>\n","protected":false},"excerpt":{"rendered":"<p>ADAC testiv\u00f5itja 10\/2024 ja Red Dot disaini auhinna v\u00f5itja 2024.Thule Maple turvah\u00e4ll + Thule Alfi ISOFIX alus said ADAC testis 1,6mis t\u00f5estab Thule Maple silmapaistvat kvaliteeti.Thule Maple turvah\u00e4ll koos tunnustatud Thule Impact Protection Systemiga, et \u00fcmbritseda teie beebi t\u00e4iustatud kaitse ja hubase luksusega. Lihtne dokkimine, mis tahes nurga all ja 180-kraadine p\u00f6\u00f6rlemine tagavad mugavuse. Lisaks [&hellip;]<\/p>\n","protected":false},"featured_media":324459,"template":"","meta":{"_acf_changed":false},"pwb-brand":[11980],"product_brand":[],"product_cat":[11743,11573,11727,11791],"product_tag":[],"class_list":{"0":"post-459031","1":"product","2":"type-product","3":"status-publish","4":"has-post-thumbnail","6":"pwb-brand-thule-ru","7":"product_cat-turvahallid-ru","8":"product_cat-sooduspakkumised-ru","9":"product_cat-turvatoolid-hallid-ru","10":"product_cat-turvavarustus-ru","11":"pa_manufacturer-thule-ru","13":"first","14":"instock","15":"sale","16":"taxable","17":"shipping-taxable","18":"purchasable","19":"product-type-simple"},"exclude_global_add_ons":[],"addons":[],"acf":[],"yoast_head":"<!-- This site is optimized with the Yoast SEO plugin v27.1.1 - https:\/\/yoast.com\/product\/yoast-seo-wordpress\/ -->\n<title>Thule Maple turvah\u00e4ll, Light Gray, \u0421\u041a\u0418\u0414\u041a\u0418, \u041d\u041e\u0412\u042b\u0415 \u0422\u041e\u0412\u0410\u0420\u042b, \u0410\u0432\u0442\u043e\u043a\u0440\u0435\u0441\u043b\u0430, \u043b\u044e\u043b\u044c\u043a\u0438, \u0410\u0432\u0442\u043e\u043b\u044e\u043b\u044c\u043a\u0430, \u0421\u043d\u0430\u0440\u044f\u0436\u0435\u043d\u0438\u044f \u0431\u0435\u0437\u043e\u043f\u0430\u0441\u043d\u043e\u0441\u0442\u0438, Beebipood<\/title>\n<meta name=\"description\" content=\"Thule Maple turvah\u00e4ll, Light Gray, ADAC testiv&otilde;itja 10\/2024 ja Red Dot disaini auhinna v&otilde;itja 2024.Thule Maple turvah&auml;ll + Thule Al\" \/>\n<meta name=\"robots\" content=\"index, follow, max-snippet:-1, max-image-preview:large, max-video-preview:-1\" \/>\n<link rel=\"canonical\" href=\"https:\/\/beebipood.ee\/ru\/produkt\/thule-maple-turvahall-light-gray\/\" \/>\n<meta property=\"og:locale\" content=\"ru_RU\" \/>\n<meta property=\"og:type\" content=\"article\" \/>\n<meta property=\"og:title\" content=\"Thule Maple turvah\u00e4ll, Light Gray, \u0421\u041a\u0418\u0414\u041a\u0418, \u041d\u041e\u0412\u042b\u0415 \u0422\u041e\u0412\u0410\u0420\u042b, \u0410\u0432\u0442\u043e\u043a\u0440\u0435\u0441\u043b\u0430, \u043b\u044e\u043b\u044c\u043a\u0438, \u0410\u0432\u0442\u043e\u043b\u044e\u043b\u044c\u043a\u0430, \u0421\u043d\u0430\u0440\u044f\u0436\u0435\u043d\u0438\u044f \u0431\u0435\u0437\u043e\u043f\u0430\u0441\u043d\u043e\u0441\u0442\u0438, Beebipood\" \/>\n<meta property=\"og:description\" content=\"Thule Maple turvah\u00e4ll, Light Gray, ADAC testiv&otilde;itja 10\/2024 ja Red Dot disaini auhinna v&otilde;itja 2024.Thule Maple turvah&auml;ll + Thule Al\" \/>\n<meta property=\"og:url\" content=\"https:\/\/beebipood.ee\/ru\/produkt\/thule-maple-turvahall-light-gray\/\" \/>\n<meta property=\"og:site_name\" content=\"Beebipood\" \/>\n<meta property=\"article:modified_time\" content=\"2025-03-30T22:00:53+00:00\" \/>\n<meta property=\"og:image\" content=\"https:\/\/beebipood.ee\/wp-content\/uploads\/2020\/01\/Thule-Maple-turvahall-Light-Gray-Turvatoolid-hallid-Turvahallid-Turvavarustus_1-ffa.jpg\" \/>\n\t<meta property=\"og:image:width\" content=\"1440\" \/>\n\t<meta property=\"og:image:height\" content=\"960\" \/>\n\t<meta property=\"og:image:type\" content=\"image\/jpeg\" \/>\n<meta name=\"twitter:card\" content=\"summary_large_image\" \/>\n<meta name=\"twitter:label1\" content=\"\u041f\u0440\u0438\u043c\u0435\u0440\u043d\u043e\u0435 \u0432\u0440\u0435\u043c\u044f \u0434\u043b\u044f \u0447\u0442\u0435\u043d\u0438\u044f\" \/>\n\t<meta name=\"twitter:data1\" content=\"2 \u043c\u0438\u043d\u0443\u0442\u044b\" \/>\n<script type=\"application\/ld+json\" class=\"yoast-schema-graph\">{\"@context\":\"https:\/\/schema.org\",\"@graph\":[{\"@type\":\"WebPage\",\"@id\":\"https:\/\/beebipood.ee\/ru\/produkt\/thule-maple-turvahall-light-gray\/\",\"url\":\"https:\/\/beebipood.ee\/ru\/produkt\/thule-maple-turvahall-light-gray\/\",\"name\":\"Thule Maple turvah\u00e4ll, Light Gray, \u0421\u041a\u0418\u0414\u041a\u0418, \u041d\u041e\u0412\u042b\u0415 \u0422\u041e\u0412\u0410\u0420\u042b, \u0410\u0432\u0442\u043e\u043a\u0440\u0435\u0441\u043b\u0430, \u043b\u044e\u043b\u044c\u043a\u0438, \u0410\u0432\u0442\u043e\u043b\u044e\u043b\u044c\u043a\u0430, \u0421\u043d\u0430\u0440\u044f\u0436\u0435\u043d\u0438\u044f \u0431\u0435\u0437\u043e\u043f\u0430\u0441\u043d\u043e\u0441\u0442\u0438, Beebipood\",\"isPartOf\":{\"@id\":\"https:\/\/beebipood.ee\/ru\/#website\"},\"primaryImageOfPage\":{\"@id\":\"https:\/\/beebipood.ee\/ru\/produkt\/thule-maple-turvahall-light-gray\/#primaryimage\"},\"image\":{\"@id\":\"https:\/\/beebipood.ee\/ru\/produkt\/thule-maple-turvahall-light-gray\/#primaryimage\"},\"thumbnailUrl\":\"https:\/\/beebipood.ee\/wp-content\/uploads\/2020\/01\/Thule-Maple-turvahall-Light-Gray-Turvatoolid-hallid-Turvahallid-Turvavarustus_1-ffa.jpg\",\"datePublished\":\"2020-01-21T11:46:59+00:00\",\"dateModified\":\"2025-03-30T22:00:53+00:00\",\"description\":\"Thule Maple turvah\u00e4ll, Light Gray, ADAC testiv&otilde;itja 10\/2024 ja Red Dot disaini auhinna v&otilde;itja 2024.Thule Maple turvah&auml;ll + Thule Al\",\"breadcrumb\":{\"@id\":\"https:\/\/beebipood.ee\/ru\/produkt\/thule-maple-turvahall-light-gray\/#breadcrumb\"},\"inLanguage\":\"ru-RU\",\"potentialAction\":[{\"@type\":\"ReadAction\",\"target\":[\"https:\/\/beebipood.ee\/ru\/produkt\/thule-maple-turvahall-light-gray\/\"]}]},{\"@type\":\"ImageObject\",\"inLanguage\":\"ru-RU\",\"@id\":\"https:\/\/beebipood.ee\/ru\/produkt\/thule-maple-turvahall-light-gray\/#primaryimage\",\"url\":\"https:\/\/beebipood.ee\/wp-content\/uploads\/2020\/01\/Thule-Maple-turvahall-Light-Gray-Turvatoolid-hallid-Turvahallid-Turvavarustus_1-ffa.jpg\",\"contentUrl\":\"https:\/\/beebipood.ee\/wp-content\/uploads\/2020\/01\/Thule-Maple-turvahall-Light-Gray-Turvatoolid-hallid-Turvahallid-Turvavarustus_1-ffa.jpg\",\"width\":1440,\"height\":960},{\"@type\":\"BreadcrumbList\",\"@id\":\"https:\/\/beebipood.ee\/ru\/produkt\/thule-maple-turvahall-light-gray\/#breadcrumb\",\"itemListElement\":[{\"@type\":\"ListItem\",\"position\":1,\"name\":\"Home\",\"item\":\"https:\/\/beebipood.ee\/ru\/\"},{\"@type\":\"ListItem\",\"position\":2,\"name\":\"\u041a\u0430\u0442\u0430\u043b\u043e\u0433 \u0442\u043e\u0432\u0430\u0440\u043e\u0432\",\"item\":\"https:\/\/beebipood.ee\/tooted\/\"},{\"@type\":\"ListItem\",\"position\":3,\"name\":\"Thule Maple turvah\u00e4ll, Light Gray\"}]},{\"@type\":\"WebSite\",\"@id\":\"https:\/\/beebipood.ee\/ru\/#website\",\"url\":\"https:\/\/beebipood.ee\/ru\/\",\"name\":\"Beebipood\",\"description\":\"Lastekaubad, beebikaubad, m\u00e4nguasjad\",\"publisher\":{\"@id\":\"https:\/\/beebipood.ee\/ru\/#organization\"},\"potentialAction\":[{\"@type\":\"SearchAction\",\"target\":{\"@type\":\"EntryPoint\",\"urlTemplate\":\"https:\/\/beebipood.ee\/ru\/?s={search_term_string}\"},\"query-input\":{\"@type\":\"PropertyValueSpecification\",\"valueRequired\":true,\"valueName\":\"search_term_string\"}}],\"inLanguage\":\"ru-RU\"},{\"@type\":\"Organization\",\"@id\":\"https:\/\/beebipood.ee\/ru\/#organization\",\"name\":\"Beebipood\",\"url\":\"https:\/\/beebipood.ee\/ru\/\",\"logo\":{\"@type\":\"ImageObject\",\"inLanguage\":\"ru-RU\",\"@id\":\"https:\/\/beebipood.ee\/ru\/#\/schema\/logo\/image\/\",\"url\":\"https:\/\/beebipood.ee\/wp-content\/uploads\/2025\/03\/beebipood.ee-logo-1.svg\",\"contentUrl\":\"https:\/\/beebipood.ee\/wp-content\/uploads\/2025\/03\/beebipood.ee-logo-1.svg\",\"caption\":\"Beebipood\"},\"image\":{\"@id\":\"https:\/\/beebipood.ee\/ru\/#\/schema\/logo\/image\/\"}}]}<\/script>\n<!-- \/ Yoast SEO plugin. -->","yoast_head_json":{"title":"Thule Maple turvah\u00e4ll, Light Gray, \u0421\u041a\u0418\u0414\u041a\u0418, \u041d\u041e\u0412\u042b\u0415 \u0422\u041e\u0412\u0410\u0420\u042b, \u0410\u0432\u0442\u043e\u043a\u0440\u0435\u0441\u043b\u0430, \u043b\u044e\u043b\u044c\u043a\u0438, \u0410\u0432\u0442\u043e\u043b\u044e\u043b\u044c\u043a\u0430, \u0421\u043d\u0430\u0440\u044f\u0436\u0435\u043d\u0438\u044f \u0431\u0435\u0437\u043e\u043f\u0430\u0441\u043d\u043e\u0441\u0442\u0438, Beebipood","description":"Thule Maple turvah\u00e4ll, Light Gray, ADAC testiv&otilde;itja 10\/2024 ja Red Dot disaini auhinna v&otilde;itja 2024.Thule Maple turvah&auml;ll + Thule Al","robots":{"index":"index","follow":"follow","max-snippet":"max-snippet:-1","max-image-preview":"max-image-preview:large","max-video-preview":"max-video-preview:-1"},"canonical":"https:\/\/beebipood.ee\/ru\/produkt\/thule-maple-turvahall-light-gray\/","og_locale":"ru_RU","og_type":"article","og_title":"Thule Maple turvah\u00e4ll, Light Gray, \u0421\u041a\u0418\u0414\u041a\u0418, \u041d\u041e\u0412\u042b\u0415 \u0422\u041e\u0412\u0410\u0420\u042b, \u0410\u0432\u0442\u043e\u043a\u0440\u0435\u0441\u043b\u0430, \u043b\u044e\u043b\u044c\u043a\u0438, \u0410\u0432\u0442\u043e\u043b\u044e\u043b\u044c\u043a\u0430, \u0421\u043d\u0430\u0440\u044f\u0436\u0435\u043d\u0438\u044f \u0431\u0435\u0437\u043e\u043f\u0430\u0441\u043d\u043e\u0441\u0442\u0438, Beebipood","og_description":"Thule Maple turvah\u00e4ll, Light Gray, ADAC testiv&otilde;itja 10\/2024 ja Red Dot disaini auhinna v&otilde;itja 2024.Thule Maple turvah&auml;ll + Thule Al","og_url":"https:\/\/beebipood.ee\/ru\/produkt\/thule-maple-turvahall-light-gray\/","og_site_name":"Beebipood","article_modified_time":"2025-03-30T22:00:53+00:00","og_image":[{"width":1440,"height":960,"url":"https:\/\/beebipood.ee\/wp-content\/uploads\/2020\/01\/Thule-Maple-turvahall-Light-Gray-Turvatoolid-hallid-Turvahallid-Turvavarustus_1-ffa.jpg","type":"image\/jpeg"}],"twitter_card":"summary_large_image","twitter_misc":{"\u041f\u0440\u0438\u043c\u0435\u0440\u043d\u043e\u0435 \u0432\u0440\u0435\u043c\u044f \u0434\u043b\u044f \u0447\u0442\u0435\u043d\u0438\u044f":"2 \u043c\u0438\u043d\u0443\u0442\u044b"},"schema":{"@context":"https:\/\/schema.org","@graph":[{"@type":"WebPage","@id":"https:\/\/beebipood.ee\/ru\/produkt\/thule-maple-turvahall-light-gray\/","url":"https:\/\/beebipood.ee\/ru\/produkt\/thule-maple-turvahall-light-gray\/","name":"Thule Maple turvah\u00e4ll, Light Gray, \u0421\u041a\u0418\u0414\u041a\u0418, \u041d\u041e\u0412\u042b\u0415 \u0422\u041e\u0412\u0410\u0420\u042b, \u0410\u0432\u0442\u043e\u043a\u0440\u0435\u0441\u043b\u0430, \u043b\u044e\u043b\u044c\u043a\u0438, \u0410\u0432\u0442\u043e\u043b\u044e\u043b\u044c\u043a\u0430, \u0421\u043d\u0430\u0440\u044f\u0436\u0435\u043d\u0438\u044f \u0431\u0435\u0437\u043e\u043f\u0430\u0441\u043d\u043e\u0441\u0442\u0438, Beebipood","isPartOf":{"@id":"https:\/\/beebipood.ee\/ru\/#website"},"primaryImageOfPage":{"@id":"https:\/\/beebipood.ee\/ru\/produkt\/thule-maple-turvahall-light-gray\/#primaryimage"},"image":{"@id":"https:\/\/beebipood.ee\/ru\/produkt\/thule-maple-turvahall-light-gray\/#primaryimage"},"thumbnailUrl":"https:\/\/beebipood.ee\/wp-content\/uploads\/2020\/01\/Thule-Maple-turvahall-Light-Gray-Turvatoolid-hallid-Turvahallid-Turvavarustus_1-ffa.jpg","datePublished":"2020-01-21T11:46:59+00:00","dateModified":"2025-03-30T22:00:53+00:00","description":"Thule Maple turvah\u00e4ll, Light Gray, ADAC testiv&otilde;itja 10\/2024 ja Red Dot disaini auhinna v&otilde;itja 2024.Thule Maple turvah&auml;ll + Thule Al","breadcrumb":{"@id":"https:\/\/beebipood.ee\/ru\/produkt\/thule-maple-turvahall-light-gray\/#breadcrumb"},"inLanguage":"ru-RU","potentialAction":[{"@type":"ReadAction","target":["https:\/\/beebipood.ee\/ru\/produkt\/thule-maple-turvahall-light-gray\/"]}]},{"@type":"ImageObject","inLanguage":"ru-RU","@id":"https:\/\/beebipood.ee\/ru\/produkt\/thule-maple-turvahall-light-gray\/#primaryimage","url":"https:\/\/beebipood.ee\/wp-content\/uploads\/2020\/01\/Thule-Maple-turvahall-Light-Gray-Turvatoolid-hallid-Turvahallid-Turvavarustus_1-ffa.jpg","contentUrl":"https:\/\/beebipood.ee\/wp-content\/uploads\/2020\/01\/Thule-Maple-turvahall-Light-Gray-Turvatoolid-hallid-Turvahallid-Turvavarustus_1-ffa.jpg","width":1440,"height":960},{"@type":"BreadcrumbList","@id":"https:\/\/beebipood.ee\/ru\/produkt\/thule-maple-turvahall-light-gray\/#breadcrumb","itemListElement":[{"@type":"ListItem","position":1,"name":"Home","item":"https:\/\/beebipood.ee\/ru\/"},{"@type":"ListItem","position":2,"name":"\u041a\u0430\u0442\u0430\u043b\u043e\u0433 \u0442\u043e\u0432\u0430\u0440\u043e\u0432","item":"https:\/\/beebipood.ee\/tooted\/"},{"@type":"ListItem","position":3,"name":"Thule Maple turvah\u00e4ll, Light Gray"}]},{"@type":"WebSite","@id":"https:\/\/beebipood.ee\/ru\/#website","url":"https:\/\/beebipood.ee\/ru\/","name":"Beebipood","description":"Lastekaubad, beebikaubad, m\u00e4nguasjad","publisher":{"@id":"https:\/\/beebipood.ee\/ru\/#organization"},"potentialAction":[{"@type":"SearchAction","target":{"@type":"EntryPoint","urlTemplate":"https:\/\/beebipood.ee\/ru\/?s={search_term_string}"},"query-input":{"@type":"PropertyValueSpecification","valueRequired":true,"valueName":"search_term_string"}}],"inLanguage":"ru-RU"},{"@type":"Organization","@id":"https:\/\/beebipood.ee\/ru\/#organization","name":"Beebipood","url":"https:\/\/beebipood.ee\/ru\/","logo":{"@type":"ImageObject","inLanguage":"ru-RU","@id":"https:\/\/beebipood.ee\/ru\/#\/schema\/logo\/image\/","url":"https:\/\/beebipood.ee\/wp-content\/uploads\/2025\/03\/beebipood.ee-logo-1.svg","contentUrl":"https:\/\/beebipood.ee\/wp-content\/uploads\/2025\/03\/beebipood.ee-logo-1.svg","caption":"Beebipood"},"image":{"@id":"https:\/\/beebipood.ee\/ru\/#\/schema\/logo\/image\/"}}]}},"brands":[{"id":11980,"name":"THULE","slug":"thule-ru"}],"_links":{"self":[{"href":"https:\/\/beebipood.ee\/ru\/wp-json\/wp\/v2\/product\/459031","targetHints":{"allow":["GET"]}}],"collection":[{"href":"https:\/\/beebipood.ee\/ru\/wp-json\/wp\/v2\/product"}],"about":[{"href":"https:\/\/beebipood.ee\/ru\/wp-json\/wp\/v2\/types\/product"}],"wp:featuredmedia":[{"embeddable":true,"href":"https:\/\/beebipood.ee\/ru\/wp-json\/wp\/v2\/media\/324459"}],"wp:attachment":[{"href":"https:\/\/beebipood.ee\/ru\/wp-json\/wp\/v2\/media?parent=459031"}],"wp:term":[{"taxonomy":"pwb-brand","embeddable":true,"href":"https:\/\/beebipood.ee\/ru\/wp-json\/wp\/v2\/pwb-brand?post=459031"},{"taxonomy":"product_brand","embeddable":true,"href":"https:\/\/beebipood.ee\/ru\/wp-json\/wp\/v2\/product_brand?post=459031"},{"taxonomy":"product_cat","embeddable":true,"href":"https:\/\/beebipood.ee\/ru\/wp-json\/wp\/v2\/product_cat?post=459031"},{"taxonomy":"product_tag","embeddable":true,"href":"https:\/\/beebipood.ee\/ru\/wp-json\/wp\/v2\/product_tag?post=459031"}],"curies":[{"name":"wp","href":"https:\/\/api.w.org\/{rel}","templated":true}]}}