{"id":459049,"date":"2025-07-15T12:32:13","date_gmt":"2025-07-15T09:32:13","guid":{"rendered":"https:\/\/beebipood.ee\/toode\/maxi-cosi-pebble-360-turvahall-twillic-truffle\/"},"modified":"2025-07-15T20:04:12","modified_gmt":"2025-07-15T17:04:12","slug":"maxi-cosi-calao-light-reisivoodi-beyond-graphite","status":"publish","type":"product","link":"https:\/\/beebipood.ee\/ru\/produkt\/maxi-cosi-calao-light-reisivoodi-beyond-graphite\/","title":{"rendered":"Maxi-Cosi Calao Light reisivoodi, Beyond Graphite"},"content":{"rendered":"<p>Maxi-Cosi Calao Light on \u00fclikerge ja \u00fclikompaktne reisivoodi,<br \/>\nmis sobib kasutamiseks alates s\u00fcnnist kuni 3. eluaastani.<br \/>\nSee on loodud aktiivsetele peredele,<br \/>\nkes soovivad pakkuda oma lapsele tuttavat ja turvalist magamiskohta igal pool.<br \/>\nKaaludes vaid 6kg, on see ideaalne kaaslane reisidel ja k\u00fclas k\u00e4ies.<br \/>\n\u2022 \u00dclimalt kerge \u2013 vaid 6kg kaaluv reisivoodi<br \/>\n\u2022 Pehme madrats ja hingavad v\u00f5rgust k\u00fcljed beebi mugavuseks<br \/>\n\u2022 Kokkupanduna v\u00e4ga kompaktne ja lihtsasti transporditav<br \/>\n<strong>Omadused<\/strong><br \/>\nKokkupandav vaid m\u00f5ne sekundiga \u2013 ilma \u00fchegi nupuvajutuseta<br \/>\nKompaktne disain ja kaasas olev kandekott lihtsaks transportimiseks<br \/>\n\u00dclikerge \u2013 kaal vaid 6kg, sobib ideaalselt reisidele ja kaasaskandmiseks<br \/>\nKangad on lukuga eemaldatavad ja masinpestavad<br \/>\nCloudCore madrats sisaldab tihedat vahtu<br \/>\nja tepitud orgaanilisest puuvillast katet maksimaalseks mugavuseks<br \/>\nKaks magamistaset \u2013 sobib nii vasts\u00fcndinule kui v\u00e4ikelapsele<br \/>\nKasutatav alates s\u00fcnnist kuni umbes 3. eluaastani<br \/>\nL\u00e4bipaistev ja \u00f5huline disain tagab hea ventilatsiooni<br \/>\nja v\u00f5imaldab vanemal lapsele silma peal hoida<br \/>\nStiilsed taaskasutatud kangad, puiduimitatsiooniga viimistlus<br \/>\nja kvaliteetsed detailid sobivad igasse modernsesse koju<br \/>\nM\u00f5eldud kasutamiseks kuni 3. eluaastani<br \/>\n\u00dclemine k\u00f5rgus m\u00f5eldud lapsele kaaluga kuni 9kg<br \/>\n<strong>N\u00e4itajad<\/strong><br \/>\nKaal 5,98kg<br \/>\nM\u00f5\u00f5dud 87 x 111 x 60cm (laius, pikkus, k\u00f5rgus)<br \/>\nMadratsi m\u00f5\u00f5dud 52 x 80 x 4cm (laius, pikkus, k\u00f5rgus)<br \/>\nM\u00f5\u00f5dud kokkupandult 60 x 49 x 17cm (laius, k\u00f5rgus, s\u00fcgavus)<\/p>\n","protected":false},"excerpt":{"rendered":"<p>Maxi-Cosi Calao Light on \u00fclikerge ja \u00fclikompaktne reisivoodi, mis sobib kasutamiseks alates s\u00fcnnist kuni 3. eluaastani. See on loodud aktiivsetele peredele, kes soovivad pakkuda oma lapsele tuttavat ja turvalist magamiskohta igal pool. Kaaludes vaid 6kg, on see ideaalne kaaslane reisidel ja k\u00fclas k\u00e4ies. \u2022 \u00dclimalt kerge \u2013 vaid 6kg kaaluv reisivoodi \u2022 Pehme madrats ja [&hellip;]<\/p>\n","protected":false},"featured_media":505643,"template":"","meta":{"_acf_changed":false},"pwb-brand":[11961],"product_brand":[],"product_cat":[11569,11553,11789],"product_tag":[],"class_list":{"0":"post-459049","1":"product","2":"type-product","3":"status-publish","4":"has-post-thumbnail","6":"pwb-brand-maxi-cosi-ru","7":"product_cat-reisivoodid-ru","8":"product_cat-beebivoodid-reisivoodid-hallid-ru","9":"product_cat-lastemoobel-ja-sisustus-ru","10":"pa_manufacturer-maxi_cosi-ru","12":"first","13":"onbackorder","14":"taxable","15":"shipping-taxable","16":"purchasable","17":"product-type-simple"},"exclude_global_add_ons":[],"addons":[],"acf":[],"yoast_head":"<!-- This site is optimized with the Yoast SEO plugin v27.1.1 - https:\/\/yoast.com\/product\/yoast-seo-wordpress\/ -->\n<title>Maxi-Cosi Pebble 360 turvah\u00e4ll, Twillic Truffle, \u0410\u0432\u0442\u043e\u043a\u0440\u0435\u0441\u043b\u0430, \u043b\u044e\u043b\u044c\u043a\u0438, \u0410\u0432\u0442\u043e\u043b\u044e\u043b\u044c\u043a\u0430, \u0421\u043d\u0430\u0440\u044f\u0436\u0435\u043d\u0438\u044f \u0431\u0435\u0437\u043e\u043f\u0430\u0441\u043d\u043e\u0441\u0442\u0438, Beebipood<\/title>\n<meta name=\"description\" content=\"Maxi-Cosi Pebble 360 turvah\u00e4ll, Twillic Truffle, Unikaalne 360 kraadi p\u00f6\u00f6rlev turvah\u00e4ll,mis pakub maksimaalselt muga\" \/>\n<meta name=\"robots\" content=\"index, follow, max-snippet:-1, max-image-preview:large, max-video-preview:-1\" \/>\n<link rel=\"canonical\" href=\"https:\/\/beebipood.ee\/ru\/produkt\/maxi-cosi-calao-light-reisivoodi-beyond-graphite\/\" \/>\n<meta property=\"og:locale\" content=\"ru_RU\" \/>\n<meta property=\"og:type\" content=\"article\" \/>\n<meta property=\"og:title\" content=\"Maxi-Cosi Pebble 360 turvah\u00e4ll, Twillic Truffle, \u0410\u0432\u0442\u043e\u043a\u0440\u0435\u0441\u043b\u0430, \u043b\u044e\u043b\u044c\u043a\u0438, \u0410\u0432\u0442\u043e\u043b\u044e\u043b\u044c\u043a\u0430, \u0421\u043d\u0430\u0440\u044f\u0436\u0435\u043d\u0438\u044f \u0431\u0435\u0437\u043e\u043f\u0430\u0441\u043d\u043e\u0441\u0442\u0438, Beebipood\" \/>\n<meta property=\"og:description\" content=\"Maxi-Cosi Pebble 360 turvah\u00e4ll, Twillic Truffle, Unikaalne 360 kraadi p\u00f6\u00f6rlev turvah\u00e4ll,mis pakub maksimaalselt muga\" \/>\n<meta property=\"og:url\" content=\"https:\/\/beebipood.ee\/ru\/produkt\/maxi-cosi-calao-light-reisivoodi-beyond-graphite\/\" \/>\n<meta property=\"og:site_name\" content=\"Beebipood\" \/>\n<meta property=\"article:modified_time\" content=\"2025-07-15T17:04:12+00:00\" \/>\n<meta property=\"og:image\" content=\"https:\/\/beebipood.ee\/wp-content\/uploads\/2020\/02\/maxi-cosi-calao-light-reisivoodi-graphite.jpg\" \/>\n\t<meta property=\"og:image:width\" content=\"1355\" \/>\n\t<meta property=\"og:image:height\" content=\"1200\" \/>\n\t<meta property=\"og:image:type\" content=\"image\/jpeg\" \/>\n<meta name=\"twitter:card\" content=\"summary_large_image\" \/>\n<meta name=\"twitter:label1\" content=\"\u041f\u0440\u0438\u043c\u0435\u0440\u043d\u043e\u0435 \u0432\u0440\u0435\u043c\u044f \u0434\u043b\u044f \u0447\u0442\u0435\u043d\u0438\u044f\" \/>\n\t<meta name=\"twitter:data1\" content=\"2 \u043c\u0438\u043d\u0443\u0442\u044b\" \/>\n<script type=\"application\/ld+json\" class=\"yoast-schema-graph\">{\"@context\":\"https:\/\/schema.org\",\"@graph\":[{\"@type\":\"WebPage\",\"@id\":\"https:\/\/beebipood.ee\/ru\/produkt\/maxi-cosi-calao-light-reisivoodi-beyond-graphite\/\",\"url\":\"https:\/\/beebipood.ee\/ru\/produkt\/maxi-cosi-calao-light-reisivoodi-beyond-graphite\/\",\"name\":\"Maxi-Cosi Pebble 360 turvah\u00e4ll, Twillic Truffle, \u0410\u0432\u0442\u043e\u043a\u0440\u0435\u0441\u043b\u0430, \u043b\u044e\u043b\u044c\u043a\u0438, \u0410\u0432\u0442\u043e\u043b\u044e\u043b\u044c\u043a\u0430, \u0421\u043d\u0430\u0440\u044f\u0436\u0435\u043d\u0438\u044f \u0431\u0435\u0437\u043e\u043f\u0430\u0441\u043d\u043e\u0441\u0442\u0438, Beebipood\",\"isPartOf\":{\"@id\":\"https:\/\/beebipood.ee\/ru\/#website\"},\"primaryImageOfPage\":{\"@id\":\"https:\/\/beebipood.ee\/ru\/produkt\/maxi-cosi-calao-light-reisivoodi-beyond-graphite\/#primaryimage\"},\"image\":{\"@id\":\"https:\/\/beebipood.ee\/ru\/produkt\/maxi-cosi-calao-light-reisivoodi-beyond-graphite\/#primaryimage\"},\"thumbnailUrl\":\"https:\/\/beebipood.ee\/wp-content\/uploads\/2020\/02\/maxi-cosi-calao-light-reisivoodi-graphite.jpg\",\"datePublished\":\"2025-07-15T09:32:13+00:00\",\"dateModified\":\"2025-07-15T17:04:12+00:00\",\"description\":\"Maxi-Cosi Pebble 360 turvah\u00e4ll, Twillic Truffle, Unikaalne 360 kraadi p\u00f6\u00f6rlev turvah\u00e4ll,mis pakub maksimaalselt muga\",\"breadcrumb\":{\"@id\":\"https:\/\/beebipood.ee\/ru\/produkt\/maxi-cosi-calao-light-reisivoodi-beyond-graphite\/#breadcrumb\"},\"inLanguage\":\"ru-RU\",\"potentialAction\":[{\"@type\":\"ReadAction\",\"target\":[\"https:\/\/beebipood.ee\/ru\/produkt\/maxi-cosi-calao-light-reisivoodi-beyond-graphite\/\"]}]},{\"@type\":\"ImageObject\",\"inLanguage\":\"ru-RU\",\"@id\":\"https:\/\/beebipood.ee\/ru\/produkt\/maxi-cosi-calao-light-reisivoodi-beyond-graphite\/#primaryimage\",\"url\":\"https:\/\/beebipood.ee\/wp-content\/uploads\/2020\/02\/maxi-cosi-calao-light-reisivoodi-graphite.jpg\",\"contentUrl\":\"https:\/\/beebipood.ee\/wp-content\/uploads\/2020\/02\/maxi-cosi-calao-light-reisivoodi-graphite.jpg\",\"width\":1355,\"height\":1200},{\"@type\":\"BreadcrumbList\",\"@id\":\"https:\/\/beebipood.ee\/ru\/produkt\/maxi-cosi-calao-light-reisivoodi-beyond-graphite\/#breadcrumb\",\"itemListElement\":[{\"@type\":\"ListItem\",\"position\":1,\"name\":\"Home\",\"item\":\"https:\/\/beebipood.ee\/ru\/\"},{\"@type\":\"ListItem\",\"position\":2,\"name\":\"\u041a\u0430\u0442\u0430\u043b\u043e\u0433 \u0442\u043e\u0432\u0430\u0440\u043e\u0432\",\"item\":\"https:\/\/beebipood.ee\/tooted\/\"},{\"@type\":\"ListItem\",\"position\":3,\"name\":\"Maxi-Cosi Calao Light reisivoodi, Beyond Graphite\"}]},{\"@type\":\"WebSite\",\"@id\":\"https:\/\/beebipood.ee\/ru\/#website\",\"url\":\"https:\/\/beebipood.ee\/ru\/\",\"name\":\"Beebipood\",\"description\":\"Lastekaubad, beebikaubad, m\u00e4nguasjad\",\"publisher\":{\"@id\":\"https:\/\/beebipood.ee\/ru\/#organization\"},\"potentialAction\":[{\"@type\":\"SearchAction\",\"target\":{\"@type\":\"EntryPoint\",\"urlTemplate\":\"https:\/\/beebipood.ee\/ru\/?s={search_term_string}\"},\"query-input\":{\"@type\":\"PropertyValueSpecification\",\"valueRequired\":true,\"valueName\":\"search_term_string\"}}],\"inLanguage\":\"ru-RU\"},{\"@type\":\"Organization\",\"@id\":\"https:\/\/beebipood.ee\/ru\/#organization\",\"name\":\"Beebipood\",\"url\":\"https:\/\/beebipood.ee\/ru\/\",\"logo\":{\"@type\":\"ImageObject\",\"inLanguage\":\"ru-RU\",\"@id\":\"https:\/\/beebipood.ee\/ru\/#\/schema\/logo\/image\/\",\"url\":\"https:\/\/beebipood.ee\/wp-content\/uploads\/2025\/03\/beebipood.ee-logo-1.svg\",\"contentUrl\":\"https:\/\/beebipood.ee\/wp-content\/uploads\/2025\/03\/beebipood.ee-logo-1.svg\",\"caption\":\"Beebipood\"},\"image\":{\"@id\":\"https:\/\/beebipood.ee\/ru\/#\/schema\/logo\/image\/\"}}]}<\/script>\n<!-- \/ Yoast SEO plugin. -->","yoast_head_json":{"title":"Maxi-Cosi Pebble 360 turvah\u00e4ll, Twillic Truffle, \u0410\u0432\u0442\u043e\u043a\u0440\u0435\u0441\u043b\u0430, \u043b\u044e\u043b\u044c\u043a\u0438, \u0410\u0432\u0442\u043e\u043b\u044e\u043b\u044c\u043a\u0430, \u0421\u043d\u0430\u0440\u044f\u0436\u0435\u043d\u0438\u044f \u0431\u0435\u0437\u043e\u043f\u0430\u0441\u043d\u043e\u0441\u0442\u0438, Beebipood","description":"Maxi-Cosi Pebble 360 turvah\u00e4ll, Twillic Truffle, Unikaalne 360 kraadi p\u00f6\u00f6rlev turvah\u00e4ll,mis pakub maksimaalselt muga","robots":{"index":"index","follow":"follow","max-snippet":"max-snippet:-1","max-image-preview":"max-image-preview:large","max-video-preview":"max-video-preview:-1"},"canonical":"https:\/\/beebipood.ee\/ru\/produkt\/maxi-cosi-calao-light-reisivoodi-beyond-graphite\/","og_locale":"ru_RU","og_type":"article","og_title":"Maxi-Cosi Pebble 360 turvah\u00e4ll, Twillic Truffle, \u0410\u0432\u0442\u043e\u043a\u0440\u0435\u0441\u043b\u0430, \u043b\u044e\u043b\u044c\u043a\u0438, \u0410\u0432\u0442\u043e\u043b\u044e\u043b\u044c\u043a\u0430, \u0421\u043d\u0430\u0440\u044f\u0436\u0435\u043d\u0438\u044f \u0431\u0435\u0437\u043e\u043f\u0430\u0441\u043d\u043e\u0441\u0442\u0438, Beebipood","og_description":"Maxi-Cosi Pebble 360 turvah\u00e4ll, Twillic Truffle, Unikaalne 360 kraadi p\u00f6\u00f6rlev turvah\u00e4ll,mis pakub maksimaalselt muga","og_url":"https:\/\/beebipood.ee\/ru\/produkt\/maxi-cosi-calao-light-reisivoodi-beyond-graphite\/","og_site_name":"Beebipood","article_modified_time":"2025-07-15T17:04:12+00:00","og_image":[{"width":1355,"height":1200,"url":"https:\/\/beebipood.ee\/wp-content\/uploads\/2020\/02\/maxi-cosi-calao-light-reisivoodi-graphite.jpg","type":"image\/jpeg"}],"twitter_card":"summary_large_image","twitter_misc":{"\u041f\u0440\u0438\u043c\u0435\u0440\u043d\u043e\u0435 \u0432\u0440\u0435\u043c\u044f \u0434\u043b\u044f \u0447\u0442\u0435\u043d\u0438\u044f":"2 \u043c\u0438\u043d\u0443\u0442\u044b"},"schema":{"@context":"https:\/\/schema.org","@graph":[{"@type":"WebPage","@id":"https:\/\/beebipood.ee\/ru\/produkt\/maxi-cosi-calao-light-reisivoodi-beyond-graphite\/","url":"https:\/\/beebipood.ee\/ru\/produkt\/maxi-cosi-calao-light-reisivoodi-beyond-graphite\/","name":"Maxi-Cosi Pebble 360 turvah\u00e4ll, Twillic Truffle, \u0410\u0432\u0442\u043e\u043a\u0440\u0435\u0441\u043b\u0430, \u043b\u044e\u043b\u044c\u043a\u0438, \u0410\u0432\u0442\u043e\u043b\u044e\u043b\u044c\u043a\u0430, \u0421\u043d\u0430\u0440\u044f\u0436\u0435\u043d\u0438\u044f \u0431\u0435\u0437\u043e\u043f\u0430\u0441\u043d\u043e\u0441\u0442\u0438, Beebipood","isPartOf":{"@id":"https:\/\/beebipood.ee\/ru\/#website"},"primaryImageOfPage":{"@id":"https:\/\/beebipood.ee\/ru\/produkt\/maxi-cosi-calao-light-reisivoodi-beyond-graphite\/#primaryimage"},"image":{"@id":"https:\/\/beebipood.ee\/ru\/produkt\/maxi-cosi-calao-light-reisivoodi-beyond-graphite\/#primaryimage"},"thumbnailUrl":"https:\/\/beebipood.ee\/wp-content\/uploads\/2020\/02\/maxi-cosi-calao-light-reisivoodi-graphite.jpg","datePublished":"2025-07-15T09:32:13+00:00","dateModified":"2025-07-15T17:04:12+00:00","description":"Maxi-Cosi Pebble 360 turvah\u00e4ll, Twillic Truffle, Unikaalne 360 kraadi p\u00f6\u00f6rlev turvah\u00e4ll,mis pakub maksimaalselt muga","breadcrumb":{"@id":"https:\/\/beebipood.ee\/ru\/produkt\/maxi-cosi-calao-light-reisivoodi-beyond-graphite\/#breadcrumb"},"inLanguage":"ru-RU","potentialAction":[{"@type":"ReadAction","target":["https:\/\/beebipood.ee\/ru\/produkt\/maxi-cosi-calao-light-reisivoodi-beyond-graphite\/"]}]},{"@type":"ImageObject","inLanguage":"ru-RU","@id":"https:\/\/beebipood.ee\/ru\/produkt\/maxi-cosi-calao-light-reisivoodi-beyond-graphite\/#primaryimage","url":"https:\/\/beebipood.ee\/wp-content\/uploads\/2020\/02\/maxi-cosi-calao-light-reisivoodi-graphite.jpg","contentUrl":"https:\/\/beebipood.ee\/wp-content\/uploads\/2020\/02\/maxi-cosi-calao-light-reisivoodi-graphite.jpg","width":1355,"height":1200},{"@type":"BreadcrumbList","@id":"https:\/\/beebipood.ee\/ru\/produkt\/maxi-cosi-calao-light-reisivoodi-beyond-graphite\/#breadcrumb","itemListElement":[{"@type":"ListItem","position":1,"name":"Home","item":"https:\/\/beebipood.ee\/ru\/"},{"@type":"ListItem","position":2,"name":"\u041a\u0430\u0442\u0430\u043b\u043e\u0433 \u0442\u043e\u0432\u0430\u0440\u043e\u0432","item":"https:\/\/beebipood.ee\/tooted\/"},{"@type":"ListItem","position":3,"name":"Maxi-Cosi Calao Light reisivoodi, Beyond Graphite"}]},{"@type":"WebSite","@id":"https:\/\/beebipood.ee\/ru\/#website","url":"https:\/\/beebipood.ee\/ru\/","name":"Beebipood","description":"Lastekaubad, beebikaubad, m\u00e4nguasjad","publisher":{"@id":"https:\/\/beebipood.ee\/ru\/#organization"},"potentialAction":[{"@type":"SearchAction","target":{"@type":"EntryPoint","urlTemplate":"https:\/\/beebipood.ee\/ru\/?s={search_term_string}"},"query-input":{"@type":"PropertyValueSpecification","valueRequired":true,"valueName":"search_term_string"}}],"inLanguage":"ru-RU"},{"@type":"Organization","@id":"https:\/\/beebipood.ee\/ru\/#organization","name":"Beebipood","url":"https:\/\/beebipood.ee\/ru\/","logo":{"@type":"ImageObject","inLanguage":"ru-RU","@id":"https:\/\/beebipood.ee\/ru\/#\/schema\/logo\/image\/","url":"https:\/\/beebipood.ee\/wp-content\/uploads\/2025\/03\/beebipood.ee-logo-1.svg","contentUrl":"https:\/\/beebipood.ee\/wp-content\/uploads\/2025\/03\/beebipood.ee-logo-1.svg","caption":"Beebipood"},"image":{"@id":"https:\/\/beebipood.ee\/ru\/#\/schema\/logo\/image\/"}}]}},"brands":[{"id":11961,"name":"Maxi-Cosi","slug":"maxi-cosi-ru"}],"_links":{"self":[{"href":"https:\/\/beebipood.ee\/ru\/wp-json\/wp\/v2\/product\/459049","targetHints":{"allow":["GET"]}}],"collection":[{"href":"https:\/\/beebipood.ee\/ru\/wp-json\/wp\/v2\/product"}],"about":[{"href":"https:\/\/beebipood.ee\/ru\/wp-json\/wp\/v2\/types\/product"}],"wp:featuredmedia":[{"embeddable":true,"href":"https:\/\/beebipood.ee\/ru\/wp-json\/wp\/v2\/media\/505643"}],"wp:attachment":[{"href":"https:\/\/beebipood.ee\/ru\/wp-json\/wp\/v2\/media?parent=459049"}],"wp:term":[{"taxonomy":"pwb-brand","embeddable":true,"href":"https:\/\/beebipood.ee\/ru\/wp-json\/wp\/v2\/pwb-brand?post=459049"},{"taxonomy":"product_brand","embeddable":true,"href":"https:\/\/beebipood.ee\/ru\/wp-json\/wp\/v2\/product_brand?post=459049"},{"taxonomy":"product_cat","embeddable":true,"href":"https:\/\/beebipood.ee\/ru\/wp-json\/wp\/v2\/product_cat?post=459049"},{"taxonomy":"product_tag","embeddable":true,"href":"https:\/\/beebipood.ee\/ru\/wp-json\/wp\/v2\/product_tag?post=459049"}],"curies":[{"name":"wp","href":"https:\/\/api.w.org\/{rel}","templated":true}]}}