{"id":459051,"date":"2020-02-06T12:34:01","date_gmt":"2020-02-06T10:34:01","guid":{"rendered":"https:\/\/beebipood.ee\/toode\/maxi-cosi-pebble-pro-essential-graphite\/"},"modified":"2025-01-09T10:48:35","modified_gmt":"2025-01-09T08:48:35","slug":"maxi-cosi-pebble-pro-essential-graphite","status":"publish","type":"product","link":"https:\/\/beebipood.ee\/ru\/produkt\/maxi-cosi-pebble-pro-essential-graphite\/","title":{"rendered":"Maxi-Cosi Pebble Pro, Essential Graphite"},"content":{"rendered":"<p><strong>ADAC testiv\u00f5itja!<\/strong><br \/>Maxi-Cosi Pebble Pro i-Size turvah\u00e4ll h\u00f5lmab endas \u00fclimat turvalisust ning suurep\u00e4rast mugavust. <br \/>Pebble Plus vastab k\u00f5ige uuemale i-Size (R129) turvastandardile.<br \/>Komplektis olev beebisisu pakub vasts\u00fcndinule paremat tuge ja lamavat asendit. <br \/>Peaosa k\u00fclgedes asuvad \u00f5hkpadjad (l\u00f6\u00f6ke summutav materjal) pakuvad lisaturvalisus k\u00fclgkokkup\u00f5rke korral.<br \/>V\u00f5ite seda kinnitada nii 3wayFix ja 2wayFix turvah\u00e4lli alusele kui ka mitmetele lapsevankritele\/jalutusk\u00e4rudele.<br \/><span style=\"text-decoration: underline;\">Kasutajamugavus<\/span><br \/>Antud turvah\u00e4lli v\u00f5ib kasutada ka lennukis<br \/>V\u00e4ga mugav turvarihmade reguleerimine<br \/>Uuenduslik turvarihmade s\u00fcsteem &#8212; avatuna j\u00e4\u00e4vad ooteasendisse, <br \/>et lapse s\u00e4ttimine oleks veelgi lihtsam<br \/>Kiire ja lihtne turvah\u00e4lli kinnitamine ISOFIX alusel<br \/>Lihtsasti eemaldatav katteriie (masinpestav)<br \/>Turvah\u00e4lli eemaldamine Maxi-Cosi v\u00f5i Quinny k\u00e4rudelt on \u00e4\u00e4rmiselt lihtne (\u00fche k\u00e4ega), <br \/>t\u00e4nu spetsiaalsetele vabastusnuppudele<br \/>Ergonoomiline ja mugav kandesang<br \/><span style=\"text-decoration: underline;\">Mugavus<\/span><br \/>Innovatiivne beebisisu, mis kooseb kahest osast <br \/>lisab rohkem turvalisust ja mugavust sinu vasts\u00fcndinule<br \/>Integreeritud p\u00e4ikesevari<br \/>Pehme polsterdusega sisu<br \/><span style=\"text-decoration: underline;\">Turvalisus<\/span><br \/>I-Size (R129) turvastandardile vastav<br \/>L\u00f6\u00f6ke summutav pea k\u00fclgkaitse (\u00f5hkpadjad)<br \/>Turvah\u00e4llil on 3-punkti kinnitusega turvarihmade s\u00fcsteem<br \/>Turvah\u00e4ll asetatakse alati seljaga s\u00f5idusuunas, et tagada k\u00f5ige optimaalsem turvalisus<br \/>K\u00fclgkaitse s\u00fcsteem, mis tagab \u00fclima turvalisuse ka k\u00fclgkokkup\u00f5rke korral<br \/><span style=\"text-decoration: underline;\">\u00dcldine<\/span><br \/>Kasutamiseks lapsele pikkusega 45-75cm (s\u00fcnnist kuni ca. 12. elukuuni)<br \/>\u00c4\u00e4rmiselt mugav turvarihmade k\u00f5rguse reguleerimine sinu kasvavale beebile<br \/>Kasutades koos 2wayFix alusega, saate hiljem kinnitada samale alusele ka 2wayPearl turvatooli. <br \/>Lahendus, mis kestab alates s\u00fcnnist kuni ca. 4. eluaastani<br \/><span style=\"text-decoration: underline;\">N\u00e4itajad<\/span><br \/>Kaal 4,55kg<br \/>M\u00f5\u00f5dud: 44 x 67 x 37,5cm (laius, pikkus, k\u00f5rgus)<br \/>Istumisosa laius 24,5cm<br \/>Istumisosa s\u00fcgavus 24cm<br \/>Seljatoe k\u00f5rgus 46cm<\/p>\n","protected":false},"excerpt":{"rendered":"<p>ADAC testiv\u00f5itja!Maxi-Cosi Pebble Pro i-Size turvah\u00e4ll h\u00f5lmab endas \u00fclimat turvalisust ning suurep\u00e4rast mugavust. Pebble Plus vastab k\u00f5ige uuemale i-Size (R129) turvastandardile.Komplektis olev beebisisu pakub vasts\u00fcndinule paremat tuge ja lamavat asendit. Peaosa k\u00fclgedes asuvad \u00f5hkpadjad (l\u00f6\u00f6ke summutav materjal) pakuvad lisaturvalisus k\u00fclgkokkup\u00f5rke korral.V\u00f5ite seda kinnitada nii 3wayFix ja 2wayFix turvah\u00e4lli alusele kui ka mitmetele lapsevankritele\/jalutusk\u00e4rudele.KasutajamugavusAntud turvah\u00e4lli v\u00f5ib [&hellip;]<\/p>\n","protected":false},"featured_media":132413,"template":"","meta":{"_acf_changed":false},"pwb-brand":[11961],"product_brand":[],"product_cat":[11743,11727,11791],"product_tag":[],"class_list":{"0":"post-459051","1":"product","2":"type-product","3":"status-publish","4":"has-post-thumbnail","6":"pwb-brand-maxi-cosi-ru","7":"product_cat-turvahallid-ru","8":"product_cat-turvatoolid-hallid-ru","9":"product_cat-turvavarustus-ru","10":"pa_manufacturer-maxi_cosi-ru","12":"first","13":"onbackorder","14":"taxable","15":"shipping-taxable","16":"purchasable","17":"product-type-simple"},"exclude_global_add_ons":[],"addons":[],"acf":[],"yoast_head":"<!-- This site is optimized with the Yoast SEO plugin v27.1.1 - https:\/\/yoast.com\/product\/yoast-seo-wordpress\/ -->\n<title>Maxi-Cosi Pebble Pro, Essential Graphite, \u0421\u041a\u0418\u0414\u041a\u0418, \u0410\u0432\u0442\u043e\u043a\u0440\u0435\u0441\u043b\u0430, \u043b\u044e\u043b\u044c\u043a\u0438, \u0410\u0432\u0442\u043e\u043b\u044e\u043b\u044c\u043a\u0430, \u0421\u043d\u0430\u0440\u044f\u0436\u0435\u043d\u0438\u044f \u0431\u0435\u0437\u043e\u043f\u0430\u0441\u043d\u043e\u0441\u0442\u0438, Beebipood<\/title>\n<meta name=\"description\" content=\"Maxi-Cosi Pebble Pro, Essential Graphite, ADAC testiv&otilde;itja!Maxi-Cosi Pebble Pro i-Size turvah&auml;ll h&otilde;lmab endas &amp;uuml\" \/>\n<meta name=\"robots\" content=\"index, follow, max-snippet:-1, max-image-preview:large, max-video-preview:-1\" \/>\n<link rel=\"canonical\" href=\"https:\/\/beebipood.ee\/ru\/produkt\/maxi-cosi-pebble-pro-essential-graphite\/\" \/>\n<meta property=\"og:locale\" content=\"ru_RU\" \/>\n<meta property=\"og:type\" content=\"article\" \/>\n<meta property=\"og:title\" content=\"Maxi-Cosi Pebble Pro, Essential Graphite, \u0421\u041a\u0418\u0414\u041a\u0418, \u0410\u0432\u0442\u043e\u043a\u0440\u0435\u0441\u043b\u0430, \u043b\u044e\u043b\u044c\u043a\u0438, \u0410\u0432\u0442\u043e\u043b\u044e\u043b\u044c\u043a\u0430, \u0421\u043d\u0430\u0440\u044f\u0436\u0435\u043d\u0438\u044f \u0431\u0435\u0437\u043e\u043f\u0430\u0441\u043d\u043e\u0441\u0442\u0438, Beebipood\" \/>\n<meta property=\"og:description\" content=\"Maxi-Cosi Pebble Pro, Essential Graphite, ADAC testiv&otilde;itja!Maxi-Cosi Pebble Pro i-Size turvah&auml;ll h&otilde;lmab endas &amp;uuml\" \/>\n<meta property=\"og:url\" content=\"https:\/\/beebipood.ee\/ru\/produkt\/maxi-cosi-pebble-pro-essential-graphite\/\" \/>\n<meta property=\"og:site_name\" content=\"Beebipood\" \/>\n<meta property=\"article:modified_time\" content=\"2025-01-09T08:48:35+00:00\" \/>\n<meta property=\"og:image\" content=\"https:\/\/beebipood.ee\/wp-content\/uploads\/2020\/02\/MaxiCosi-Pebble-Pro-Essential-Graphite-UUED-TOOTED-Turvatoolid-hallid-Turvahallid-Turvavarustus_1-64a.png\" \/>\n\t<meta property=\"og:image:width\" content=\"650\" \/>\n\t<meta property=\"og:image:height\" content=\"650\" \/>\n\t<meta property=\"og:image:type\" content=\"image\/png\" \/>\n<meta name=\"twitter:card\" content=\"summary_large_image\" \/>\n<meta name=\"twitter:label1\" content=\"\u041f\u0440\u0438\u043c\u0435\u0440\u043d\u043e\u0435 \u0432\u0440\u0435\u043c\u044f \u0434\u043b\u044f \u0447\u0442\u0435\u043d\u0438\u044f\" \/>\n\t<meta name=\"twitter:data1\" content=\"1 \u043c\u0438\u043d\u0443\u0442\u0430\" \/>\n<script type=\"application\/ld+json\" class=\"yoast-schema-graph\">{\"@context\":\"https:\/\/schema.org\",\"@graph\":[{\"@type\":\"WebPage\",\"@id\":\"https:\/\/beebipood.ee\/ru\/produkt\/maxi-cosi-pebble-pro-essential-graphite\/\",\"url\":\"https:\/\/beebipood.ee\/ru\/produkt\/maxi-cosi-pebble-pro-essential-graphite\/\",\"name\":\"Maxi-Cosi Pebble Pro, Essential Graphite, \u0421\u041a\u0418\u0414\u041a\u0418, \u0410\u0432\u0442\u043e\u043a\u0440\u0435\u0441\u043b\u0430, \u043b\u044e\u043b\u044c\u043a\u0438, \u0410\u0432\u0442\u043e\u043b\u044e\u043b\u044c\u043a\u0430, \u0421\u043d\u0430\u0440\u044f\u0436\u0435\u043d\u0438\u044f \u0431\u0435\u0437\u043e\u043f\u0430\u0441\u043d\u043e\u0441\u0442\u0438, Beebipood\",\"isPartOf\":{\"@id\":\"https:\/\/beebipood.ee\/ru\/#website\"},\"primaryImageOfPage\":{\"@id\":\"https:\/\/beebipood.ee\/ru\/produkt\/maxi-cosi-pebble-pro-essential-graphite\/#primaryimage\"},\"image\":{\"@id\":\"https:\/\/beebipood.ee\/ru\/produkt\/maxi-cosi-pebble-pro-essential-graphite\/#primaryimage\"},\"thumbnailUrl\":\"https:\/\/beebipood.ee\/wp-content\/uploads\/2020\/02\/MaxiCosi-Pebble-Pro-Essential-Graphite-UUED-TOOTED-Turvatoolid-hallid-Turvahallid-Turvavarustus_1-64a.png\",\"datePublished\":\"2020-02-06T10:34:01+00:00\",\"dateModified\":\"2025-01-09T08:48:35+00:00\",\"description\":\"Maxi-Cosi Pebble Pro, Essential Graphite, ADAC testiv&otilde;itja!Maxi-Cosi Pebble Pro i-Size turvah&auml;ll h&otilde;lmab endas &uuml\",\"breadcrumb\":{\"@id\":\"https:\/\/beebipood.ee\/ru\/produkt\/maxi-cosi-pebble-pro-essential-graphite\/#breadcrumb\"},\"inLanguage\":\"ru-RU\",\"potentialAction\":[{\"@type\":\"ReadAction\",\"target\":[\"https:\/\/beebipood.ee\/ru\/produkt\/maxi-cosi-pebble-pro-essential-graphite\/\"]}]},{\"@type\":\"ImageObject\",\"inLanguage\":\"ru-RU\",\"@id\":\"https:\/\/beebipood.ee\/ru\/produkt\/maxi-cosi-pebble-pro-essential-graphite\/#primaryimage\",\"url\":\"https:\/\/beebipood.ee\/wp-content\/uploads\/2020\/02\/MaxiCosi-Pebble-Pro-Essential-Graphite-UUED-TOOTED-Turvatoolid-hallid-Turvahallid-Turvavarustus_1-64a.png\",\"contentUrl\":\"https:\/\/beebipood.ee\/wp-content\/uploads\/2020\/02\/MaxiCosi-Pebble-Pro-Essential-Graphite-UUED-TOOTED-Turvatoolid-hallid-Turvahallid-Turvavarustus_1-64a.png\",\"width\":650,\"height\":650},{\"@type\":\"BreadcrumbList\",\"@id\":\"https:\/\/beebipood.ee\/ru\/produkt\/maxi-cosi-pebble-pro-essential-graphite\/#breadcrumb\",\"itemListElement\":[{\"@type\":\"ListItem\",\"position\":1,\"name\":\"Home\",\"item\":\"https:\/\/beebipood.ee\/ru\/\"},{\"@type\":\"ListItem\",\"position\":2,\"name\":\"\u041a\u0430\u0442\u0430\u043b\u043e\u0433 \u0442\u043e\u0432\u0430\u0440\u043e\u0432\",\"item\":\"https:\/\/beebipood.ee\/tooted\/\"},{\"@type\":\"ListItem\",\"position\":3,\"name\":\"Maxi-Cosi Pebble Pro, Essential Graphite\"}]},{\"@type\":\"WebSite\",\"@id\":\"https:\/\/beebipood.ee\/ru\/#website\",\"url\":\"https:\/\/beebipood.ee\/ru\/\",\"name\":\"Beebipood\",\"description\":\"Lastekaubad, beebikaubad, m\u00e4nguasjad\",\"publisher\":{\"@id\":\"https:\/\/beebipood.ee\/ru\/#organization\"},\"potentialAction\":[{\"@type\":\"SearchAction\",\"target\":{\"@type\":\"EntryPoint\",\"urlTemplate\":\"https:\/\/beebipood.ee\/ru\/?s={search_term_string}\"},\"query-input\":{\"@type\":\"PropertyValueSpecification\",\"valueRequired\":true,\"valueName\":\"search_term_string\"}}],\"inLanguage\":\"ru-RU\"},{\"@type\":\"Organization\",\"@id\":\"https:\/\/beebipood.ee\/ru\/#organization\",\"name\":\"Beebipood\",\"url\":\"https:\/\/beebipood.ee\/ru\/\",\"logo\":{\"@type\":\"ImageObject\",\"inLanguage\":\"ru-RU\",\"@id\":\"https:\/\/beebipood.ee\/ru\/#\/schema\/logo\/image\/\",\"url\":\"https:\/\/beebipood.ee\/wp-content\/uploads\/2025\/03\/beebipood.ee-logo-1.svg\",\"contentUrl\":\"https:\/\/beebipood.ee\/wp-content\/uploads\/2025\/03\/beebipood.ee-logo-1.svg\",\"caption\":\"Beebipood\"},\"image\":{\"@id\":\"https:\/\/beebipood.ee\/ru\/#\/schema\/logo\/image\/\"}}]}<\/script>\n<!-- \/ Yoast SEO plugin. -->","yoast_head_json":{"title":"Maxi-Cosi Pebble Pro, Essential Graphite, \u0421\u041a\u0418\u0414\u041a\u0418, \u0410\u0432\u0442\u043e\u043a\u0440\u0435\u0441\u043b\u0430, \u043b\u044e\u043b\u044c\u043a\u0438, \u0410\u0432\u0442\u043e\u043b\u044e\u043b\u044c\u043a\u0430, \u0421\u043d\u0430\u0440\u044f\u0436\u0435\u043d\u0438\u044f \u0431\u0435\u0437\u043e\u043f\u0430\u0441\u043d\u043e\u0441\u0442\u0438, Beebipood","description":"Maxi-Cosi Pebble Pro, Essential Graphite, ADAC testiv&otilde;itja!Maxi-Cosi Pebble Pro i-Size turvah&auml;ll h&otilde;lmab endas &uuml","robots":{"index":"index","follow":"follow","max-snippet":"max-snippet:-1","max-image-preview":"max-image-preview:large","max-video-preview":"max-video-preview:-1"},"canonical":"https:\/\/beebipood.ee\/ru\/produkt\/maxi-cosi-pebble-pro-essential-graphite\/","og_locale":"ru_RU","og_type":"article","og_title":"Maxi-Cosi Pebble Pro, Essential Graphite, \u0421\u041a\u0418\u0414\u041a\u0418, \u0410\u0432\u0442\u043e\u043a\u0440\u0435\u0441\u043b\u0430, \u043b\u044e\u043b\u044c\u043a\u0438, \u0410\u0432\u0442\u043e\u043b\u044e\u043b\u044c\u043a\u0430, \u0421\u043d\u0430\u0440\u044f\u0436\u0435\u043d\u0438\u044f \u0431\u0435\u0437\u043e\u043f\u0430\u0441\u043d\u043e\u0441\u0442\u0438, Beebipood","og_description":"Maxi-Cosi Pebble Pro, Essential Graphite, ADAC testiv&otilde;itja!Maxi-Cosi Pebble Pro i-Size turvah&auml;ll h&otilde;lmab endas &uuml","og_url":"https:\/\/beebipood.ee\/ru\/produkt\/maxi-cosi-pebble-pro-essential-graphite\/","og_site_name":"Beebipood","article_modified_time":"2025-01-09T08:48:35+00:00","og_image":[{"width":650,"height":650,"url":"https:\/\/beebipood.ee\/wp-content\/uploads\/2020\/02\/MaxiCosi-Pebble-Pro-Essential-Graphite-UUED-TOOTED-Turvatoolid-hallid-Turvahallid-Turvavarustus_1-64a.png","type":"image\/png"}],"twitter_card":"summary_large_image","twitter_misc":{"\u041f\u0440\u0438\u043c\u0435\u0440\u043d\u043e\u0435 \u0432\u0440\u0435\u043c\u044f \u0434\u043b\u044f \u0447\u0442\u0435\u043d\u0438\u044f":"1 \u043c\u0438\u043d\u0443\u0442\u0430"},"schema":{"@context":"https:\/\/schema.org","@graph":[{"@type":"WebPage","@id":"https:\/\/beebipood.ee\/ru\/produkt\/maxi-cosi-pebble-pro-essential-graphite\/","url":"https:\/\/beebipood.ee\/ru\/produkt\/maxi-cosi-pebble-pro-essential-graphite\/","name":"Maxi-Cosi Pebble Pro, Essential Graphite, \u0421\u041a\u0418\u0414\u041a\u0418, \u0410\u0432\u0442\u043e\u043a\u0440\u0435\u0441\u043b\u0430, \u043b\u044e\u043b\u044c\u043a\u0438, \u0410\u0432\u0442\u043e\u043b\u044e\u043b\u044c\u043a\u0430, \u0421\u043d\u0430\u0440\u044f\u0436\u0435\u043d\u0438\u044f \u0431\u0435\u0437\u043e\u043f\u0430\u0441\u043d\u043e\u0441\u0442\u0438, Beebipood","isPartOf":{"@id":"https:\/\/beebipood.ee\/ru\/#website"},"primaryImageOfPage":{"@id":"https:\/\/beebipood.ee\/ru\/produkt\/maxi-cosi-pebble-pro-essential-graphite\/#primaryimage"},"image":{"@id":"https:\/\/beebipood.ee\/ru\/produkt\/maxi-cosi-pebble-pro-essential-graphite\/#primaryimage"},"thumbnailUrl":"https:\/\/beebipood.ee\/wp-content\/uploads\/2020\/02\/MaxiCosi-Pebble-Pro-Essential-Graphite-UUED-TOOTED-Turvatoolid-hallid-Turvahallid-Turvavarustus_1-64a.png","datePublished":"2020-02-06T10:34:01+00:00","dateModified":"2025-01-09T08:48:35+00:00","description":"Maxi-Cosi Pebble Pro, Essential Graphite, ADAC testiv&otilde;itja!Maxi-Cosi Pebble Pro i-Size turvah&auml;ll h&otilde;lmab endas &uuml","breadcrumb":{"@id":"https:\/\/beebipood.ee\/ru\/produkt\/maxi-cosi-pebble-pro-essential-graphite\/#breadcrumb"},"inLanguage":"ru-RU","potentialAction":[{"@type":"ReadAction","target":["https:\/\/beebipood.ee\/ru\/produkt\/maxi-cosi-pebble-pro-essential-graphite\/"]}]},{"@type":"ImageObject","inLanguage":"ru-RU","@id":"https:\/\/beebipood.ee\/ru\/produkt\/maxi-cosi-pebble-pro-essential-graphite\/#primaryimage","url":"https:\/\/beebipood.ee\/wp-content\/uploads\/2020\/02\/MaxiCosi-Pebble-Pro-Essential-Graphite-UUED-TOOTED-Turvatoolid-hallid-Turvahallid-Turvavarustus_1-64a.png","contentUrl":"https:\/\/beebipood.ee\/wp-content\/uploads\/2020\/02\/MaxiCosi-Pebble-Pro-Essential-Graphite-UUED-TOOTED-Turvatoolid-hallid-Turvahallid-Turvavarustus_1-64a.png","width":650,"height":650},{"@type":"BreadcrumbList","@id":"https:\/\/beebipood.ee\/ru\/produkt\/maxi-cosi-pebble-pro-essential-graphite\/#breadcrumb","itemListElement":[{"@type":"ListItem","position":1,"name":"Home","item":"https:\/\/beebipood.ee\/ru\/"},{"@type":"ListItem","position":2,"name":"\u041a\u0430\u0442\u0430\u043b\u043e\u0433 \u0442\u043e\u0432\u0430\u0440\u043e\u0432","item":"https:\/\/beebipood.ee\/tooted\/"},{"@type":"ListItem","position":3,"name":"Maxi-Cosi Pebble Pro, Essential Graphite"}]},{"@type":"WebSite","@id":"https:\/\/beebipood.ee\/ru\/#website","url":"https:\/\/beebipood.ee\/ru\/","name":"Beebipood","description":"Lastekaubad, beebikaubad, m\u00e4nguasjad","publisher":{"@id":"https:\/\/beebipood.ee\/ru\/#organization"},"potentialAction":[{"@type":"SearchAction","target":{"@type":"EntryPoint","urlTemplate":"https:\/\/beebipood.ee\/ru\/?s={search_term_string}"},"query-input":{"@type":"PropertyValueSpecification","valueRequired":true,"valueName":"search_term_string"}}],"inLanguage":"ru-RU"},{"@type":"Organization","@id":"https:\/\/beebipood.ee\/ru\/#organization","name":"Beebipood","url":"https:\/\/beebipood.ee\/ru\/","logo":{"@type":"ImageObject","inLanguage":"ru-RU","@id":"https:\/\/beebipood.ee\/ru\/#\/schema\/logo\/image\/","url":"https:\/\/beebipood.ee\/wp-content\/uploads\/2025\/03\/beebipood.ee-logo-1.svg","contentUrl":"https:\/\/beebipood.ee\/wp-content\/uploads\/2025\/03\/beebipood.ee-logo-1.svg","caption":"Beebipood"},"image":{"@id":"https:\/\/beebipood.ee\/ru\/#\/schema\/logo\/image\/"}}]}},"brands":[{"id":11961,"name":"Maxi-Cosi","slug":"maxi-cosi-ru"}],"_links":{"self":[{"href":"https:\/\/beebipood.ee\/ru\/wp-json\/wp\/v2\/product\/459051","targetHints":{"allow":["GET"]}}],"collection":[{"href":"https:\/\/beebipood.ee\/ru\/wp-json\/wp\/v2\/product"}],"about":[{"href":"https:\/\/beebipood.ee\/ru\/wp-json\/wp\/v2\/types\/product"}],"wp:featuredmedia":[{"embeddable":true,"href":"https:\/\/beebipood.ee\/ru\/wp-json\/wp\/v2\/media\/132413"}],"wp:attachment":[{"href":"https:\/\/beebipood.ee\/ru\/wp-json\/wp\/v2\/media?parent=459051"}],"wp:term":[{"taxonomy":"pwb-brand","embeddable":true,"href":"https:\/\/beebipood.ee\/ru\/wp-json\/wp\/v2\/pwb-brand?post=459051"},{"taxonomy":"product_brand","embeddable":true,"href":"https:\/\/beebipood.ee\/ru\/wp-json\/wp\/v2\/product_brand?post=459051"},{"taxonomy":"product_cat","embeddable":true,"href":"https:\/\/beebipood.ee\/ru\/wp-json\/wp\/v2\/product_cat?post=459051"},{"taxonomy":"product_tag","embeddable":true,"href":"https:\/\/beebipood.ee\/ru\/wp-json\/wp\/v2\/product_tag?post=459051"}],"curies":[{"name":"wp","href":"https:\/\/api.w.org\/{rel}","templated":true}]}}