{"id":459079,"date":"2020-03-19T12:24:37","date_gmt":"2020-03-19T10:24:37","guid":{"rendered":"https:\/\/beebipood.ee\/toode\/maxi-cosi-familyfix3-alus\/"},"modified":"2025-01-09T10:48:34","modified_gmt":"2025-01-09T08:48:34","slug":"maxi-cosi-familyfix3-alus","status":"publish","type":"product","link":"https:\/\/beebipood.ee\/ru\/produkt\/maxi-cosi-familyfix3-alus\/","title":{"rendered":"Maxi-Cosi FamilyFix3 alus"},"content":{"rendered":"<p>Maxi-Cosi FamilyFix3 alus pakub k\u00f5ige turvalisemat lahendust laste transportimiseks, <br \/>v\u00f5imaldades s\u00f5ita seljaga s\u00f5idusuunas s\u00fcnnist kuni ca. 4. eluaastani. <br \/>FamilyFix3 pakub ideaalset kinnitust Maxi-Cosi Coral ja Pebble Pro i-Size turvah\u00e4llile, <br \/>Jade turvakorvile ning Pearl Pro 2 i-Size turvatoolile. <br \/>K\u00f5ik need tooted vastavad rangele i-Size (R129) turvastandardile, <br \/>mis t\u00e4hendab, et nad pakuvad esmaklassilist ohutust lapse transportimisel.<\/p>\n<p><span style=\"text-decoration: underline;\">Kasutajamugavus<\/span><br \/>V\u00e4ga lihtne kinnitus Maxi-Cosi Coral turvah\u00e4llile, <br \/>Jade turvakorvile, Pebble Pro turvah\u00e4llile ning Pearl Pro 2 i-Size turvatoolile<br \/>Uue disainiga ergonoomilised vabastusnupud asuvad m\u00f5lemal pool alust<br \/><span style=\"text-decoration: underline;\">Mugavus<\/span><br \/>Sobib kasutamiseks koos Jade turvakorvi ja Pebble Pro v\u00f5i Coral turvah\u00e4lliga, <br \/>kus on sees mugavad beebisisud. V\u00f5imalik kinnitada ka Pearl Pro 2 i-Size turvatool, <br \/>kus on 4 erinevat seljatoe asendit<br \/><span style=\"text-decoration: underline;\">Turvalisus<\/span><br \/>Uuenenud turvastandard (i-Size) pakub t\u00e4iendavat turvalisust lapse peale ja kaelale<br \/>ISOFIX kinnitused pakuvad k\u00f5ige turvalisemat, <br \/>lihtsamat ja kiiremat lahendust turvah\u00e4lli\/turvatooli kinnitamiseks<br \/>Interaktiivsed heli- ja visuaalsignaalid annavad tagasiside korrektse kinnitamise kohta. <br \/>See v\u00e4hendab v\u00f5imalust valesti paigaldamiseks<br \/><span style=\"text-decoration: underline;\">\u00dcldine<\/span><br \/>Sobib kasutamiseks kuni ca. 4 aastat koos Coral, Jade, <br \/>Pebble Pro i-Size ja Pearl Pro 2 i-Size toodetega<br \/>FamilyFix3 alus sobib enamus autodesse, kus on ISOFIX kinnitused<br \/>Komplektis kaasas 2 varu tulukest, mida saab vajadusel vahetada<br \/>Tuli vilgub, kui aku tase langeb alla 30%. FamilyFix3 alus toimib ilusti edasi, <br \/>kuid tulede vahetamine on rangelt soovituslik<br \/><span style=\"text-decoration: underline;\">N\u00e4itajad<\/span><br \/>Kaal 6,35kg<br \/>M\u00f5\u00f5dud: 38 x 68 x 37,5cm (laius, pikkus, k\u00f5rgus)<\/p>\n<p>Kui te pole kindel, kas teie autosse on v\u00f5imalik Maxi-Cosi FamilyFix3 alust kinnitada, <br \/>siis uurige l\u00e4hemalt siit: <a href=\"http:\/\/www.maxi-cosi.com\/car-seats\/car-fitting-list\">http:\/\/www.maxi-cosi.com\/car-seats\/car-fitting-list<\/a><br \/>Maxi-Cosi poolt v\u00e4lja t\u00f6\u00f6tatud turvatoolid ja turvah\u00e4llid <br \/>on m\u00f5eldud intensiivseks kasutamiseks normaaltingimustes kuni ca. 10 aastat.<\/p>\n","protected":false},"excerpt":{"rendered":"<p>Maxi-Cosi FamilyFix3 alus pakub k\u00f5ige turvalisemat lahendust laste transportimiseks, v\u00f5imaldades s\u00f5ita seljaga s\u00f5idusuunas s\u00fcnnist kuni ca. 4. eluaastani. FamilyFix3 pakub ideaalset kinnitust Maxi-Cosi Coral ja Pebble Pro i-Size turvah\u00e4llile, Jade turvakorvile ning Pearl Pro 2 i-Size turvatoolile. K\u00f5ik need tooted vastavad rangele i-Size (R129) turvastandardile, mis t\u00e4hendab, et nad pakuvad esmaklassilist ohutust lapse transportimisel. KasutajamugavusV\u00e4ga [&hellip;]<\/p>\n","protected":false},"featured_media":132747,"template":"","meta":{"_acf_changed":false},"pwb-brand":[11961],"product_brand":[],"product_cat":[11727,11797,11791],"product_tag":[],"class_list":{"0":"post-459079","1":"product","2":"type-product","3":"status-publish","4":"has-post-thumbnail","6":"pwb-brand-maxi-cosi-ru","7":"product_cat-turvatoolid-hallid-ru","8":"product_cat-lisatarvikud-ru-1","9":"product_cat-turvavarustus-ru","10":"pa_manufacturer-maxi_cosi-ru","12":"first","13":"onbackorder","14":"taxable","15":"shipping-taxable","16":"purchasable","17":"product-type-simple"},"exclude_global_add_ons":[],"addons":[],"acf":[],"yoast_head":"<!-- This site is optimized with the Yoast SEO plugin v27.1.1 - https:\/\/yoast.com\/product\/yoast-seo-wordpress\/ -->\n<title>Maxi-Cosi FamilyFix3 alus, \u0421\u041a\u0418\u0414\u041a\u0418, \u0410\u0432\u0442\u043e\u043a\u0440\u0435\u0441\u043b\u0430, \u043b\u044e\u043b\u044c\u043a\u0438, \u0421\u043d\u0430\u0440\u044f\u0436\u0435\u043d\u0438\u044f \u0431\u0435\u0437\u043e\u043f\u0430\u0441\u043d\u043e\u0441\u0442\u0438, \u0410\u043a\u0441\u0435\u0441\u0441\u0443\u0430\u0440\u044b, Beebipood<\/title>\n<meta name=\"description\" content=\"Maxi-Cosi FamilyFix3 alus, Maxi-Cosi FamilyFix3 alus pakub k&otilde;ige turvalisemat lahendust laste transportimiseks, v&otilde;imaldades s&otilde;ita\" \/>\n<meta name=\"robots\" content=\"index, follow, max-snippet:-1, max-image-preview:large, max-video-preview:-1\" \/>\n<link rel=\"canonical\" href=\"https:\/\/beebipood.ee\/ru\/produkt\/maxi-cosi-familyfix3-alus\/\" \/>\n<meta property=\"og:locale\" content=\"ru_RU\" \/>\n<meta property=\"og:type\" content=\"article\" \/>\n<meta property=\"og:title\" content=\"Maxi-Cosi FamilyFix3 alus, \u0421\u041a\u0418\u0414\u041a\u0418, \u0410\u0432\u0442\u043e\u043a\u0440\u0435\u0441\u043b\u0430, \u043b\u044e\u043b\u044c\u043a\u0438, \u0421\u043d\u0430\u0440\u044f\u0436\u0435\u043d\u0438\u044f \u0431\u0435\u0437\u043e\u043f\u0430\u0441\u043d\u043e\u0441\u0442\u0438, \u0410\u043a\u0441\u0435\u0441\u0441\u0443\u0430\u0440\u044b, Beebipood\" \/>\n<meta property=\"og:description\" content=\"Maxi-Cosi FamilyFix3 alus, Maxi-Cosi FamilyFix3 alus pakub k&otilde;ige turvalisemat lahendust laste transportimiseks, v&otilde;imaldades s&otilde;ita\" \/>\n<meta property=\"og:url\" content=\"https:\/\/beebipood.ee\/ru\/produkt\/maxi-cosi-familyfix3-alus\/\" \/>\n<meta property=\"og:site_name\" content=\"Beebipood\" \/>\n<meta property=\"article:modified_time\" content=\"2025-01-09T08:48:34+00:00\" \/>\n<meta property=\"og:image\" content=\"https:\/\/beebipood.ee\/wp-content\/uploads\/2020\/03\/maxicosi_familyfix3-a24.jpg\" \/>\n\t<meta property=\"og:image:width\" content=\"1200\" \/>\n\t<meta property=\"og:image:height\" content=\"1200\" \/>\n\t<meta property=\"og:image:type\" content=\"image\/jpeg\" \/>\n<meta name=\"twitter:card\" content=\"summary_large_image\" \/>\n<meta name=\"twitter:label1\" content=\"\u041f\u0440\u0438\u043c\u0435\u0440\u043d\u043e\u0435 \u0432\u0440\u0435\u043c\u044f \u0434\u043b\u044f \u0447\u0442\u0435\u043d\u0438\u044f\" \/>\n\t<meta name=\"twitter:data1\" content=\"1 \u043c\u0438\u043d\u0443\u0442\u0430\" \/>\n<script type=\"application\/ld+json\" class=\"yoast-schema-graph\">{\"@context\":\"https:\/\/schema.org\",\"@graph\":[{\"@type\":\"WebPage\",\"@id\":\"https:\/\/beebipood.ee\/ru\/produkt\/maxi-cosi-familyfix3-alus\/\",\"url\":\"https:\/\/beebipood.ee\/ru\/produkt\/maxi-cosi-familyfix3-alus\/\",\"name\":\"Maxi-Cosi FamilyFix3 alus, \u0421\u041a\u0418\u0414\u041a\u0418, \u0410\u0432\u0442\u043e\u043a\u0440\u0435\u0441\u043b\u0430, \u043b\u044e\u043b\u044c\u043a\u0438, \u0421\u043d\u0430\u0440\u044f\u0436\u0435\u043d\u0438\u044f \u0431\u0435\u0437\u043e\u043f\u0430\u0441\u043d\u043e\u0441\u0442\u0438, \u0410\u043a\u0441\u0435\u0441\u0441\u0443\u0430\u0440\u044b, Beebipood\",\"isPartOf\":{\"@id\":\"https:\/\/beebipood.ee\/ru\/#website\"},\"primaryImageOfPage\":{\"@id\":\"https:\/\/beebipood.ee\/ru\/produkt\/maxi-cosi-familyfix3-alus\/#primaryimage\"},\"image\":{\"@id\":\"https:\/\/beebipood.ee\/ru\/produkt\/maxi-cosi-familyfix3-alus\/#primaryimage\"},\"thumbnailUrl\":\"https:\/\/beebipood.ee\/wp-content\/uploads\/2020\/03\/maxicosi_familyfix3-a24.jpg\",\"datePublished\":\"2020-03-19T10:24:37+00:00\",\"dateModified\":\"2025-01-09T08:48:34+00:00\",\"description\":\"Maxi-Cosi FamilyFix3 alus, Maxi-Cosi FamilyFix3 alus pakub k&otilde;ige turvalisemat lahendust laste transportimiseks, v&otilde;imaldades s&otilde;ita\",\"breadcrumb\":{\"@id\":\"https:\/\/beebipood.ee\/ru\/produkt\/maxi-cosi-familyfix3-alus\/#breadcrumb\"},\"inLanguage\":\"ru-RU\",\"potentialAction\":[{\"@type\":\"ReadAction\",\"target\":[\"https:\/\/beebipood.ee\/ru\/produkt\/maxi-cosi-familyfix3-alus\/\"]}]},{\"@type\":\"ImageObject\",\"inLanguage\":\"ru-RU\",\"@id\":\"https:\/\/beebipood.ee\/ru\/produkt\/maxi-cosi-familyfix3-alus\/#primaryimage\",\"url\":\"https:\/\/beebipood.ee\/wp-content\/uploads\/2020\/03\/maxicosi_familyfix3-a24.jpg\",\"contentUrl\":\"https:\/\/beebipood.ee\/wp-content\/uploads\/2020\/03\/maxicosi_familyfix3-a24.jpg\",\"width\":1200,\"height\":1200},{\"@type\":\"BreadcrumbList\",\"@id\":\"https:\/\/beebipood.ee\/ru\/produkt\/maxi-cosi-familyfix3-alus\/#breadcrumb\",\"itemListElement\":[{\"@type\":\"ListItem\",\"position\":1,\"name\":\"Home\",\"item\":\"https:\/\/beebipood.ee\/ru\/\"},{\"@type\":\"ListItem\",\"position\":2,\"name\":\"\u041a\u0430\u0442\u0430\u043b\u043e\u0433 \u0442\u043e\u0432\u0430\u0440\u043e\u0432\",\"item\":\"https:\/\/beebipood.ee\/tooted\/\"},{\"@type\":\"ListItem\",\"position\":3,\"name\":\"Maxi-Cosi FamilyFix3 alus\"}]},{\"@type\":\"WebSite\",\"@id\":\"https:\/\/beebipood.ee\/ru\/#website\",\"url\":\"https:\/\/beebipood.ee\/ru\/\",\"name\":\"Beebipood\",\"description\":\"Lastekaubad, beebikaubad, m\u00e4nguasjad\",\"publisher\":{\"@id\":\"https:\/\/beebipood.ee\/ru\/#organization\"},\"potentialAction\":[{\"@type\":\"SearchAction\",\"target\":{\"@type\":\"EntryPoint\",\"urlTemplate\":\"https:\/\/beebipood.ee\/ru\/?s={search_term_string}\"},\"query-input\":{\"@type\":\"PropertyValueSpecification\",\"valueRequired\":true,\"valueName\":\"search_term_string\"}}],\"inLanguage\":\"ru-RU\"},{\"@type\":\"Organization\",\"@id\":\"https:\/\/beebipood.ee\/ru\/#organization\",\"name\":\"Beebipood\",\"url\":\"https:\/\/beebipood.ee\/ru\/\",\"logo\":{\"@type\":\"ImageObject\",\"inLanguage\":\"ru-RU\",\"@id\":\"https:\/\/beebipood.ee\/ru\/#\/schema\/logo\/image\/\",\"url\":\"https:\/\/beebipood.ee\/wp-content\/uploads\/2025\/03\/beebipood.ee-logo-1.svg\",\"contentUrl\":\"https:\/\/beebipood.ee\/wp-content\/uploads\/2025\/03\/beebipood.ee-logo-1.svg\",\"caption\":\"Beebipood\"},\"image\":{\"@id\":\"https:\/\/beebipood.ee\/ru\/#\/schema\/logo\/image\/\"}}]}<\/script>\n<!-- \/ Yoast SEO plugin. -->","yoast_head_json":{"title":"Maxi-Cosi FamilyFix3 alus, \u0421\u041a\u0418\u0414\u041a\u0418, \u0410\u0432\u0442\u043e\u043a\u0440\u0435\u0441\u043b\u0430, \u043b\u044e\u043b\u044c\u043a\u0438, \u0421\u043d\u0430\u0440\u044f\u0436\u0435\u043d\u0438\u044f \u0431\u0435\u0437\u043e\u043f\u0430\u0441\u043d\u043e\u0441\u0442\u0438, \u0410\u043a\u0441\u0435\u0441\u0441\u0443\u0430\u0440\u044b, Beebipood","description":"Maxi-Cosi FamilyFix3 alus, Maxi-Cosi FamilyFix3 alus pakub k&otilde;ige turvalisemat lahendust laste transportimiseks, v&otilde;imaldades s&otilde;ita","robots":{"index":"index","follow":"follow","max-snippet":"max-snippet:-1","max-image-preview":"max-image-preview:large","max-video-preview":"max-video-preview:-1"},"canonical":"https:\/\/beebipood.ee\/ru\/produkt\/maxi-cosi-familyfix3-alus\/","og_locale":"ru_RU","og_type":"article","og_title":"Maxi-Cosi FamilyFix3 alus, \u0421\u041a\u0418\u0414\u041a\u0418, \u0410\u0432\u0442\u043e\u043a\u0440\u0435\u0441\u043b\u0430, \u043b\u044e\u043b\u044c\u043a\u0438, \u0421\u043d\u0430\u0440\u044f\u0436\u0435\u043d\u0438\u044f \u0431\u0435\u0437\u043e\u043f\u0430\u0441\u043d\u043e\u0441\u0442\u0438, \u0410\u043a\u0441\u0435\u0441\u0441\u0443\u0430\u0440\u044b, Beebipood","og_description":"Maxi-Cosi FamilyFix3 alus, Maxi-Cosi FamilyFix3 alus pakub k&otilde;ige turvalisemat lahendust laste transportimiseks, v&otilde;imaldades s&otilde;ita","og_url":"https:\/\/beebipood.ee\/ru\/produkt\/maxi-cosi-familyfix3-alus\/","og_site_name":"Beebipood","article_modified_time":"2025-01-09T08:48:34+00:00","og_image":[{"width":1200,"height":1200,"url":"https:\/\/beebipood.ee\/wp-content\/uploads\/2020\/03\/maxicosi_familyfix3-a24.jpg","type":"image\/jpeg"}],"twitter_card":"summary_large_image","twitter_misc":{"\u041f\u0440\u0438\u043c\u0435\u0440\u043d\u043e\u0435 \u0432\u0440\u0435\u043c\u044f \u0434\u043b\u044f \u0447\u0442\u0435\u043d\u0438\u044f":"1 \u043c\u0438\u043d\u0443\u0442\u0430"},"schema":{"@context":"https:\/\/schema.org","@graph":[{"@type":"WebPage","@id":"https:\/\/beebipood.ee\/ru\/produkt\/maxi-cosi-familyfix3-alus\/","url":"https:\/\/beebipood.ee\/ru\/produkt\/maxi-cosi-familyfix3-alus\/","name":"Maxi-Cosi FamilyFix3 alus, \u0421\u041a\u0418\u0414\u041a\u0418, \u0410\u0432\u0442\u043e\u043a\u0440\u0435\u0441\u043b\u0430, \u043b\u044e\u043b\u044c\u043a\u0438, \u0421\u043d\u0430\u0440\u044f\u0436\u0435\u043d\u0438\u044f \u0431\u0435\u0437\u043e\u043f\u0430\u0441\u043d\u043e\u0441\u0442\u0438, \u0410\u043a\u0441\u0435\u0441\u0441\u0443\u0430\u0440\u044b, Beebipood","isPartOf":{"@id":"https:\/\/beebipood.ee\/ru\/#website"},"primaryImageOfPage":{"@id":"https:\/\/beebipood.ee\/ru\/produkt\/maxi-cosi-familyfix3-alus\/#primaryimage"},"image":{"@id":"https:\/\/beebipood.ee\/ru\/produkt\/maxi-cosi-familyfix3-alus\/#primaryimage"},"thumbnailUrl":"https:\/\/beebipood.ee\/wp-content\/uploads\/2020\/03\/maxicosi_familyfix3-a24.jpg","datePublished":"2020-03-19T10:24:37+00:00","dateModified":"2025-01-09T08:48:34+00:00","description":"Maxi-Cosi FamilyFix3 alus, Maxi-Cosi FamilyFix3 alus pakub k&otilde;ige turvalisemat lahendust laste transportimiseks, v&otilde;imaldades s&otilde;ita","breadcrumb":{"@id":"https:\/\/beebipood.ee\/ru\/produkt\/maxi-cosi-familyfix3-alus\/#breadcrumb"},"inLanguage":"ru-RU","potentialAction":[{"@type":"ReadAction","target":["https:\/\/beebipood.ee\/ru\/produkt\/maxi-cosi-familyfix3-alus\/"]}]},{"@type":"ImageObject","inLanguage":"ru-RU","@id":"https:\/\/beebipood.ee\/ru\/produkt\/maxi-cosi-familyfix3-alus\/#primaryimage","url":"https:\/\/beebipood.ee\/wp-content\/uploads\/2020\/03\/maxicosi_familyfix3-a24.jpg","contentUrl":"https:\/\/beebipood.ee\/wp-content\/uploads\/2020\/03\/maxicosi_familyfix3-a24.jpg","width":1200,"height":1200},{"@type":"BreadcrumbList","@id":"https:\/\/beebipood.ee\/ru\/produkt\/maxi-cosi-familyfix3-alus\/#breadcrumb","itemListElement":[{"@type":"ListItem","position":1,"name":"Home","item":"https:\/\/beebipood.ee\/ru\/"},{"@type":"ListItem","position":2,"name":"\u041a\u0430\u0442\u0430\u043b\u043e\u0433 \u0442\u043e\u0432\u0430\u0440\u043e\u0432","item":"https:\/\/beebipood.ee\/tooted\/"},{"@type":"ListItem","position":3,"name":"Maxi-Cosi FamilyFix3 alus"}]},{"@type":"WebSite","@id":"https:\/\/beebipood.ee\/ru\/#website","url":"https:\/\/beebipood.ee\/ru\/","name":"Beebipood","description":"Lastekaubad, beebikaubad, m\u00e4nguasjad","publisher":{"@id":"https:\/\/beebipood.ee\/ru\/#organization"},"potentialAction":[{"@type":"SearchAction","target":{"@type":"EntryPoint","urlTemplate":"https:\/\/beebipood.ee\/ru\/?s={search_term_string}"},"query-input":{"@type":"PropertyValueSpecification","valueRequired":true,"valueName":"search_term_string"}}],"inLanguage":"ru-RU"},{"@type":"Organization","@id":"https:\/\/beebipood.ee\/ru\/#organization","name":"Beebipood","url":"https:\/\/beebipood.ee\/ru\/","logo":{"@type":"ImageObject","inLanguage":"ru-RU","@id":"https:\/\/beebipood.ee\/ru\/#\/schema\/logo\/image\/","url":"https:\/\/beebipood.ee\/wp-content\/uploads\/2025\/03\/beebipood.ee-logo-1.svg","contentUrl":"https:\/\/beebipood.ee\/wp-content\/uploads\/2025\/03\/beebipood.ee-logo-1.svg","caption":"Beebipood"},"image":{"@id":"https:\/\/beebipood.ee\/ru\/#\/schema\/logo\/image\/"}}]}},"brands":[{"id":11961,"name":"Maxi-Cosi","slug":"maxi-cosi-ru"}],"_links":{"self":[{"href":"https:\/\/beebipood.ee\/ru\/wp-json\/wp\/v2\/product\/459079","targetHints":{"allow":["GET"]}}],"collection":[{"href":"https:\/\/beebipood.ee\/ru\/wp-json\/wp\/v2\/product"}],"about":[{"href":"https:\/\/beebipood.ee\/ru\/wp-json\/wp\/v2\/types\/product"}],"wp:featuredmedia":[{"embeddable":true,"href":"https:\/\/beebipood.ee\/ru\/wp-json\/wp\/v2\/media\/132747"}],"wp:attachment":[{"href":"https:\/\/beebipood.ee\/ru\/wp-json\/wp\/v2\/media?parent=459079"}],"wp:term":[{"taxonomy":"pwb-brand","embeddable":true,"href":"https:\/\/beebipood.ee\/ru\/wp-json\/wp\/v2\/pwb-brand?post=459079"},{"taxonomy":"product_brand","embeddable":true,"href":"https:\/\/beebipood.ee\/ru\/wp-json\/wp\/v2\/product_brand?post=459079"},{"taxonomy":"product_cat","embeddable":true,"href":"https:\/\/beebipood.ee\/ru\/wp-json\/wp\/v2\/product_cat?post=459079"},{"taxonomy":"product_tag","embeddable":true,"href":"https:\/\/beebipood.ee\/ru\/wp-json\/wp\/v2\/product_tag?post=459079"}],"curies":[{"name":"wp","href":"https:\/\/api.w.org\/{rel}","templated":true}]}}