{"id":459105,"date":"2020-03-28T08:26:31","date_gmt":"2020-03-28T06:26:31","guid":{"rendered":"https:\/\/beebipood.ee\/toode\/yappy-shades-of-grey-voodipesu-2-osaline\/"},"modified":"2025-01-09T10:48:33","modified_gmt":"2025-01-09T08:48:33","slug":"yappy-shades-of-grey-voodipesu-2-osaline","status":"publish","type":"product","link":"https:\/\/beebipood.ee\/ru\/produkt\/yappy-shades-of-grey-voodipesu-2-osaline\/","title":{"rendered":"Yappy Shades of Grey voodipesu 2-osaline"},"content":{"rendered":"<p>YappyKids\u00a0Yappy Shades of Grey komplekt sisaldab:<br \/>&#8212; tekikott: 100 x 130 cm<br \/>&#8212; padjap\u00fc\u00fcr: 38 x 55 cm<br \/>Kangas: 100% puuvill<br \/>V\u00f5ib pesta pesumasinas temperatuuril 60\u00b0C.<\/p>\n<p>\u00a0<\/p>\n","protected":false},"excerpt":{"rendered":"<p>YappyKids\u00a0Yappy Shades of Grey komplekt sisaldab:&#8212; tekikott: 100 x 130 cm&#8212; padjap\u00fc\u00fcr: 38 x 55 cmKangas: 100% puuvillV\u00f5ib pesta pesumasinas temperatuuril 60\u00b0C. \u00a0<\/p>\n","protected":false},"featured_media":507691,"template":"","meta":{"_acf_changed":false},"pwb-brand":[11969],"product_brand":[],"product_cat":[11753,11613,11789],"product_tag":[],"class_list":{"0":"post-459105","1":"product","2":"type-product","3":"status-publish","4":"has-post-thumbnail","6":"pwb-brand-yappykids-ru","7":"product_cat-komplekt-2osa-ru","8":"product_cat-voodipesu-ru","9":"product_cat-lastemoobel-ja-sisustus-ru","10":"pa_manufacturer-yappykids-ru","12":"first","13":"onbackorder","14":"taxable","15":"shipping-taxable","16":"purchasable","17":"product-type-simple"},"exclude_global_add_ons":[],"addons":[],"acf":[],"yoast_head":"<!-- This site is optimized with the Yoast SEO plugin v27.1.1 - https:\/\/yoast.com\/product\/yoast-seo-wordpress\/ -->\n<title>Yappy Shades of Grey voodipesu 2-osaline, \u041d\u041e\u0412\u042b\u0415 \u0422\u041e\u0412\u0410\u0420\u042b, \u041f\u043e\u0441\u0442\u0435\u043b\u044c\u043d\u043e\u0435 \u0431\u0435\u043b\u044c\u0435, \u041a\u043e\u043c\u043f\u043b\u0435\u043a\u0442 \u0438\u0437 2 \u0447\u0430\u0441\u0442\u0435\u0439, M\u0435\u0431\u0435\u043b\u044c, Beebipood<\/title>\n<meta name=\"description\" content=\"Yappy Shades of Grey voodipesu 2-osaline, YappyKids&nbsp;Yappy Shades of Grey komplekt sisaldab:- tekikott: 100 x 130 cm- padjap&uuml;&uuml;r: 38\" \/>\n<meta name=\"robots\" content=\"index, follow, max-snippet:-1, max-image-preview:large, max-video-preview:-1\" \/>\n<link rel=\"canonical\" href=\"https:\/\/beebipood.ee\/ru\/produkt\/yappy-shades-of-grey-voodipesu-2-osaline\/\" \/>\n<meta property=\"og:locale\" content=\"ru_RU\" \/>\n<meta property=\"og:type\" content=\"article\" \/>\n<meta property=\"og:title\" content=\"Yappy Shades of Grey voodipesu 2-osaline, \u041d\u041e\u0412\u042b\u0415 \u0422\u041e\u0412\u0410\u0420\u042b, \u041f\u043e\u0441\u0442\u0435\u043b\u044c\u043d\u043e\u0435 \u0431\u0435\u043b\u044c\u0435, \u041a\u043e\u043c\u043f\u043b\u0435\u043a\u0442 \u0438\u0437 2 \u0447\u0430\u0441\u0442\u0435\u0439, M\u0435\u0431\u0435\u043b\u044c, Beebipood\" \/>\n<meta property=\"og:description\" content=\"Yappy Shades of Grey voodipesu 2-osaline, YappyKids&nbsp;Yappy Shades of Grey komplekt sisaldab:- tekikott: 100 x 130 cm- padjap&uuml;&uuml;r: 38\" \/>\n<meta property=\"og:url\" content=\"https:\/\/beebipood.ee\/ru\/produkt\/yappy-shades-of-grey-voodipesu-2-osaline\/\" \/>\n<meta property=\"og:site_name\" content=\"Beebipood\" \/>\n<meta property=\"article:modified_time\" content=\"2025-01-09T08:48:33+00:00\" \/>\n<meta property=\"og:image\" content=\"https:\/\/beebipood.ee\/wp-content\/uploads\/2020\/03\/Yappy-Shades-of-Grey-voodipesu-2osaline-UUED-TOOTED-Voodipesu-Komplekt-2osa-Lastemoobel-ja-sisustus_2-20e.jpg\" \/>\n\t<meta property=\"og:image:width\" content=\"800\" \/>\n\t<meta property=\"og:image:height\" content=\"688\" \/>\n\t<meta property=\"og:image:type\" content=\"image\/jpeg\" \/>\n<meta name=\"twitter:card\" content=\"summary_large_image\" \/>\n<script type=\"application\/ld+json\" class=\"yoast-schema-graph\">{\"@context\":\"https:\/\/schema.org\",\"@graph\":[{\"@type\":\"WebPage\",\"@id\":\"https:\/\/beebipood.ee\/ru\/produkt\/yappy-shades-of-grey-voodipesu-2-osaline\/\",\"url\":\"https:\/\/beebipood.ee\/ru\/produkt\/yappy-shades-of-grey-voodipesu-2-osaline\/\",\"name\":\"Yappy Shades of Grey voodipesu 2-osaline, \u041d\u041e\u0412\u042b\u0415 \u0422\u041e\u0412\u0410\u0420\u042b, \u041f\u043e\u0441\u0442\u0435\u043b\u044c\u043d\u043e\u0435 \u0431\u0435\u043b\u044c\u0435, \u041a\u043e\u043c\u043f\u043b\u0435\u043a\u0442 \u0438\u0437 2 \u0447\u0430\u0441\u0442\u0435\u0439, M\u0435\u0431\u0435\u043b\u044c, Beebipood\",\"isPartOf\":{\"@id\":\"https:\/\/beebipood.ee\/ru\/#website\"},\"primaryImageOfPage\":{\"@id\":\"https:\/\/beebipood.ee\/ru\/produkt\/yappy-shades-of-grey-voodipesu-2-osaline\/#primaryimage\"},\"image\":{\"@id\":\"https:\/\/beebipood.ee\/ru\/produkt\/yappy-shades-of-grey-voodipesu-2-osaline\/#primaryimage\"},\"thumbnailUrl\":\"https:\/\/beebipood.ee\/wp-content\/uploads\/2020\/03\/yappy-shades_of_grey-voodipesu.jpg\",\"datePublished\":\"2020-03-28T06:26:31+00:00\",\"dateModified\":\"2025-01-09T08:48:33+00:00\",\"description\":\"Yappy Shades of Grey voodipesu 2-osaline, YappyKids&nbsp;Yappy Shades of Grey komplekt sisaldab:- tekikott: 100 x 130 cm- padjap&uuml;&uuml;r: 38\",\"breadcrumb\":{\"@id\":\"https:\/\/beebipood.ee\/ru\/produkt\/yappy-shades-of-grey-voodipesu-2-osaline\/#breadcrumb\"},\"inLanguage\":\"ru-RU\",\"potentialAction\":[{\"@type\":\"ReadAction\",\"target\":[\"https:\/\/beebipood.ee\/ru\/produkt\/yappy-shades-of-grey-voodipesu-2-osaline\/\"]}]},{\"@type\":\"ImageObject\",\"inLanguage\":\"ru-RU\",\"@id\":\"https:\/\/beebipood.ee\/ru\/produkt\/yappy-shades-of-grey-voodipesu-2-osaline\/#primaryimage\",\"url\":\"https:\/\/beebipood.ee\/wp-content\/uploads\/2020\/03\/yappy-shades_of_grey-voodipesu.jpg\",\"contentUrl\":\"https:\/\/beebipood.ee\/wp-content\/uploads\/2020\/03\/yappy-shades_of_grey-voodipesu.jpg\",\"width\":709,\"height\":709},{\"@type\":\"BreadcrumbList\",\"@id\":\"https:\/\/beebipood.ee\/ru\/produkt\/yappy-shades-of-grey-voodipesu-2-osaline\/#breadcrumb\",\"itemListElement\":[{\"@type\":\"ListItem\",\"position\":1,\"name\":\"Home\",\"item\":\"https:\/\/beebipood.ee\/ru\/\"},{\"@type\":\"ListItem\",\"position\":2,\"name\":\"\u041a\u0430\u0442\u0430\u043b\u043e\u0433 \u0442\u043e\u0432\u0430\u0440\u043e\u0432\",\"item\":\"https:\/\/beebipood.ee\/tooted\/\"},{\"@type\":\"ListItem\",\"position\":3,\"name\":\"Yappy Shades of Grey voodipesu 2-osaline\"}]},{\"@type\":\"WebSite\",\"@id\":\"https:\/\/beebipood.ee\/ru\/#website\",\"url\":\"https:\/\/beebipood.ee\/ru\/\",\"name\":\"Beebipood\",\"description\":\"Lastekaubad, beebikaubad, m\u00e4nguasjad\",\"publisher\":{\"@id\":\"https:\/\/beebipood.ee\/ru\/#organization\"},\"potentialAction\":[{\"@type\":\"SearchAction\",\"target\":{\"@type\":\"EntryPoint\",\"urlTemplate\":\"https:\/\/beebipood.ee\/ru\/?s={search_term_string}\"},\"query-input\":{\"@type\":\"PropertyValueSpecification\",\"valueRequired\":true,\"valueName\":\"search_term_string\"}}],\"inLanguage\":\"ru-RU\"},{\"@type\":\"Organization\",\"@id\":\"https:\/\/beebipood.ee\/ru\/#organization\",\"name\":\"Beebipood\",\"url\":\"https:\/\/beebipood.ee\/ru\/\",\"logo\":{\"@type\":\"ImageObject\",\"inLanguage\":\"ru-RU\",\"@id\":\"https:\/\/beebipood.ee\/ru\/#\/schema\/logo\/image\/\",\"url\":\"https:\/\/beebipood.ee\/wp-content\/uploads\/2025\/03\/beebipood.ee-logo-1.svg\",\"contentUrl\":\"https:\/\/beebipood.ee\/wp-content\/uploads\/2025\/03\/beebipood.ee-logo-1.svg\",\"caption\":\"Beebipood\"},\"image\":{\"@id\":\"https:\/\/beebipood.ee\/ru\/#\/schema\/logo\/image\/\"}}]}<\/script>\n<!-- \/ Yoast SEO plugin. -->","yoast_head_json":{"title":"Yappy Shades of Grey voodipesu 2-osaline, \u041d\u041e\u0412\u042b\u0415 \u0422\u041e\u0412\u0410\u0420\u042b, \u041f\u043e\u0441\u0442\u0435\u043b\u044c\u043d\u043e\u0435 \u0431\u0435\u043b\u044c\u0435, \u041a\u043e\u043c\u043f\u043b\u0435\u043a\u0442 \u0438\u0437 2 \u0447\u0430\u0441\u0442\u0435\u0439, M\u0435\u0431\u0435\u043b\u044c, Beebipood","description":"Yappy Shades of Grey voodipesu 2-osaline, YappyKids&nbsp;Yappy Shades of Grey komplekt sisaldab:- tekikott: 100 x 130 cm- padjap&uuml;&uuml;r: 38","robots":{"index":"index","follow":"follow","max-snippet":"max-snippet:-1","max-image-preview":"max-image-preview:large","max-video-preview":"max-video-preview:-1"},"canonical":"https:\/\/beebipood.ee\/ru\/produkt\/yappy-shades-of-grey-voodipesu-2-osaline\/","og_locale":"ru_RU","og_type":"article","og_title":"Yappy Shades of Grey voodipesu 2-osaline, \u041d\u041e\u0412\u042b\u0415 \u0422\u041e\u0412\u0410\u0420\u042b, \u041f\u043e\u0441\u0442\u0435\u043b\u044c\u043d\u043e\u0435 \u0431\u0435\u043b\u044c\u0435, \u041a\u043e\u043c\u043f\u043b\u0435\u043a\u0442 \u0438\u0437 2 \u0447\u0430\u0441\u0442\u0435\u0439, M\u0435\u0431\u0435\u043b\u044c, Beebipood","og_description":"Yappy Shades of Grey voodipesu 2-osaline, YappyKids&nbsp;Yappy Shades of Grey komplekt sisaldab:- tekikott: 100 x 130 cm- padjap&uuml;&uuml;r: 38","og_url":"https:\/\/beebipood.ee\/ru\/produkt\/yappy-shades-of-grey-voodipesu-2-osaline\/","og_site_name":"Beebipood","article_modified_time":"2025-01-09T08:48:33+00:00","og_image":[{"width":800,"height":688,"url":"https:\/\/beebipood.ee\/wp-content\/uploads\/2020\/03\/Yappy-Shades-of-Grey-voodipesu-2osaline-UUED-TOOTED-Voodipesu-Komplekt-2osa-Lastemoobel-ja-sisustus_2-20e.jpg","type":"image\/jpeg"}],"twitter_card":"summary_large_image","schema":{"@context":"https:\/\/schema.org","@graph":[{"@type":"WebPage","@id":"https:\/\/beebipood.ee\/ru\/produkt\/yappy-shades-of-grey-voodipesu-2-osaline\/","url":"https:\/\/beebipood.ee\/ru\/produkt\/yappy-shades-of-grey-voodipesu-2-osaline\/","name":"Yappy Shades of Grey voodipesu 2-osaline, \u041d\u041e\u0412\u042b\u0415 \u0422\u041e\u0412\u0410\u0420\u042b, \u041f\u043e\u0441\u0442\u0435\u043b\u044c\u043d\u043e\u0435 \u0431\u0435\u043b\u044c\u0435, \u041a\u043e\u043c\u043f\u043b\u0435\u043a\u0442 \u0438\u0437 2 \u0447\u0430\u0441\u0442\u0435\u0439, M\u0435\u0431\u0435\u043b\u044c, Beebipood","isPartOf":{"@id":"https:\/\/beebipood.ee\/ru\/#website"},"primaryImageOfPage":{"@id":"https:\/\/beebipood.ee\/ru\/produkt\/yappy-shades-of-grey-voodipesu-2-osaline\/#primaryimage"},"image":{"@id":"https:\/\/beebipood.ee\/ru\/produkt\/yappy-shades-of-grey-voodipesu-2-osaline\/#primaryimage"},"thumbnailUrl":"https:\/\/beebipood.ee\/wp-content\/uploads\/2020\/03\/yappy-shades_of_grey-voodipesu.jpg","datePublished":"2020-03-28T06:26:31+00:00","dateModified":"2025-01-09T08:48:33+00:00","description":"Yappy Shades of Grey voodipesu 2-osaline, YappyKids&nbsp;Yappy Shades of Grey komplekt sisaldab:- tekikott: 100 x 130 cm- padjap&uuml;&uuml;r: 38","breadcrumb":{"@id":"https:\/\/beebipood.ee\/ru\/produkt\/yappy-shades-of-grey-voodipesu-2-osaline\/#breadcrumb"},"inLanguage":"ru-RU","potentialAction":[{"@type":"ReadAction","target":["https:\/\/beebipood.ee\/ru\/produkt\/yappy-shades-of-grey-voodipesu-2-osaline\/"]}]},{"@type":"ImageObject","inLanguage":"ru-RU","@id":"https:\/\/beebipood.ee\/ru\/produkt\/yappy-shades-of-grey-voodipesu-2-osaline\/#primaryimage","url":"https:\/\/beebipood.ee\/wp-content\/uploads\/2020\/03\/yappy-shades_of_grey-voodipesu.jpg","contentUrl":"https:\/\/beebipood.ee\/wp-content\/uploads\/2020\/03\/yappy-shades_of_grey-voodipesu.jpg","width":709,"height":709},{"@type":"BreadcrumbList","@id":"https:\/\/beebipood.ee\/ru\/produkt\/yappy-shades-of-grey-voodipesu-2-osaline\/#breadcrumb","itemListElement":[{"@type":"ListItem","position":1,"name":"Home","item":"https:\/\/beebipood.ee\/ru\/"},{"@type":"ListItem","position":2,"name":"\u041a\u0430\u0442\u0430\u043b\u043e\u0433 \u0442\u043e\u0432\u0430\u0440\u043e\u0432","item":"https:\/\/beebipood.ee\/tooted\/"},{"@type":"ListItem","position":3,"name":"Yappy Shades of Grey voodipesu 2-osaline"}]},{"@type":"WebSite","@id":"https:\/\/beebipood.ee\/ru\/#website","url":"https:\/\/beebipood.ee\/ru\/","name":"Beebipood","description":"Lastekaubad, beebikaubad, m\u00e4nguasjad","publisher":{"@id":"https:\/\/beebipood.ee\/ru\/#organization"},"potentialAction":[{"@type":"SearchAction","target":{"@type":"EntryPoint","urlTemplate":"https:\/\/beebipood.ee\/ru\/?s={search_term_string}"},"query-input":{"@type":"PropertyValueSpecification","valueRequired":true,"valueName":"search_term_string"}}],"inLanguage":"ru-RU"},{"@type":"Organization","@id":"https:\/\/beebipood.ee\/ru\/#organization","name":"Beebipood","url":"https:\/\/beebipood.ee\/ru\/","logo":{"@type":"ImageObject","inLanguage":"ru-RU","@id":"https:\/\/beebipood.ee\/ru\/#\/schema\/logo\/image\/","url":"https:\/\/beebipood.ee\/wp-content\/uploads\/2025\/03\/beebipood.ee-logo-1.svg","contentUrl":"https:\/\/beebipood.ee\/wp-content\/uploads\/2025\/03\/beebipood.ee-logo-1.svg","caption":"Beebipood"},"image":{"@id":"https:\/\/beebipood.ee\/ru\/#\/schema\/logo\/image\/"}}]}},"brands":[{"id":11969,"name":"YappyKids","slug":"yappykids-ru"}],"_links":{"self":[{"href":"https:\/\/beebipood.ee\/ru\/wp-json\/wp\/v2\/product\/459105","targetHints":{"allow":["GET"]}}],"collection":[{"href":"https:\/\/beebipood.ee\/ru\/wp-json\/wp\/v2\/product"}],"about":[{"href":"https:\/\/beebipood.ee\/ru\/wp-json\/wp\/v2\/types\/product"}],"wp:featuredmedia":[{"embeddable":true,"href":"https:\/\/beebipood.ee\/ru\/wp-json\/wp\/v2\/media\/507691"}],"wp:attachment":[{"href":"https:\/\/beebipood.ee\/ru\/wp-json\/wp\/v2\/media?parent=459105"}],"wp:term":[{"taxonomy":"pwb-brand","embeddable":true,"href":"https:\/\/beebipood.ee\/ru\/wp-json\/wp\/v2\/pwb-brand?post=459105"},{"taxonomy":"product_brand","embeddable":true,"href":"https:\/\/beebipood.ee\/ru\/wp-json\/wp\/v2\/product_brand?post=459105"},{"taxonomy":"product_cat","embeddable":true,"href":"https:\/\/beebipood.ee\/ru\/wp-json\/wp\/v2\/product_cat?post=459105"},{"taxonomy":"product_tag","embeddable":true,"href":"https:\/\/beebipood.ee\/ru\/wp-json\/wp\/v2\/product_tag?post=459105"}],"curies":[{"name":"wp","href":"https:\/\/api.w.org\/{rel}","templated":true}]}}