{"id":459121,"date":"2020-03-28T09:16:40","date_gmt":"2020-03-28T07:16:40","guid":{"rendered":"https:\/\/beebipood.ee\/toode\/yappylux-kummiga-voodilina\/"},"modified":"2025-01-09T10:48:33","modified_gmt":"2025-01-09T08:48:33","slug":"yappylux-kummiga-voodilina","status":"publish","type":"product","link":"https:\/\/beebipood.ee\/ru\/produkt\/yappylux-kummiga-voodilina\/","title":{"rendered":"YappyLux kummiga voodilina 60&#215;120"},"content":{"rendered":"<p>YappyKids <br \/>YappyLux sat\u00e4\u00e4nist kummiga voodilina.<br \/>Madratsile 120 x 60 cm.<br \/>Kangas: 100% puuvill. K\u00f5rgkvaliteetne sat\u00e4\u00e4n! <br \/>P\u00f6\u00f6rake t\u00e4helepanu, et sat\u00e4\u00e4n on puuvilla k\u00f5ige k\u00f5rgem aste.<br \/>V\u00f5ib pesta pesumasinas temperatuuril 60\u00b0C.<\/p>\n","protected":false},"excerpt":{"rendered":"<p>YappyKids YappyLux sat\u00e4\u00e4nist kummiga voodilina.Madratsile 120 x 60 cm.Kangas: 100% puuvill. K\u00f5rgkvaliteetne sat\u00e4\u00e4n! P\u00f6\u00f6rake t\u00e4helepanu, et sat\u00e4\u00e4n on puuvilla k\u00f5ige k\u00f5rgem aste.V\u00f5ib pesta pesumasinas temperatuuril 60\u00b0C.<\/p>\n","protected":false},"featured_media":132920,"template":"","meta":{"_acf_changed":false},"pwb-brand":[11969],"product_brand":[],"product_cat":[11613,11763,11789,11793],"product_tag":[],"class_list":{"0":"post-459121","1":"product","2":"type-product","3":"status-publish","4":"has-post-thumbnail","6":"pwb-brand-yappykids-ru","7":"product_cat-voodipesu-ru","8":"product_cat-tekid-padjad-lisad-ru","9":"product_cat-lastemoobel-ja-sisustus-ru","10":"product_cat-laos-ru","11":"pa_manufacturer-yappykids-ru","13":"first","14":"onbackorder","15":"taxable","16":"shipping-taxable","17":"purchasable","18":"product-type-simple"},"exclude_global_add_ons":[],"addons":[],"acf":[],"yoast_head":"<!-- This site is optimized with the Yoast SEO plugin v27.1.1 - https:\/\/yoast.com\/product\/yoast-seo-wordpress\/ -->\n<title>YappyLux kummiga voodilina 60x120, \u041f\u043e\u0441\u0442\u0435\u043b\u044c\u043d\u043e\u0435 \u0431\u0435\u043b\u044c\u0435, \u041e\u0434\u0435\u044f\u043b\u0430, \u043f\u043e\u0434\u0443\u0448\u043a\u0438, \u0434\u043e\u043f\u043e\u043b\u043d\u0435\u043d\u0438\u044f, M\u0435\u0431\u0435\u043b\u044c, Ha c\u043a\u043b\u0430\u0434\u0435, YappyKids -20%, Beebipood<\/title>\n<meta name=\"description\" content=\"YappyLux kummiga voodilina 60x120, YappyKids YappyLux sat&auml;&auml;nist kummiga voodilina.Madratsile 120 x 60 cm.Kangas: 100% puuvill. K&amp;\" \/>\n<meta name=\"robots\" content=\"index, follow, max-snippet:-1, max-image-preview:large, max-video-preview:-1\" \/>\n<link rel=\"canonical\" href=\"https:\/\/beebipood.ee\/ru\/produkt\/yappylux-kummiga-voodilina\/\" \/>\n<meta property=\"og:locale\" content=\"ru_RU\" \/>\n<meta property=\"og:type\" content=\"article\" \/>\n<meta property=\"og:title\" content=\"YappyLux kummiga voodilina 60x120, \u041f\u043e\u0441\u0442\u0435\u043b\u044c\u043d\u043e\u0435 \u0431\u0435\u043b\u044c\u0435, \u041e\u0434\u0435\u044f\u043b\u0430, \u043f\u043e\u0434\u0443\u0448\u043a\u0438, \u0434\u043e\u043f\u043e\u043b\u043d\u0435\u043d\u0438\u044f, M\u0435\u0431\u0435\u043b\u044c, Ha c\u043a\u043b\u0430\u0434\u0435, YappyKids -20%, Beebipood\" \/>\n<meta property=\"og:description\" content=\"YappyLux kummiga voodilina 60x120, YappyKids YappyLux sat&auml;&auml;nist kummiga voodilina.Madratsile 120 x 60 cm.Kangas: 100% puuvill. K&amp;\" \/>\n<meta property=\"og:url\" content=\"https:\/\/beebipood.ee\/ru\/produkt\/yappylux-kummiga-voodilina\/\" \/>\n<meta property=\"og:site_name\" content=\"Beebipood\" \/>\n<meta property=\"article:modified_time\" content=\"2025-01-09T08:48:33+00:00\" \/>\n<meta property=\"og:image\" content=\"https:\/\/beebipood.ee\/wp-content\/uploads\/2020\/03\/YappyLux-kummiga-voodilina-UUED-TOOTED-Voodipesu-Tekid-padjad-lisad-Lastemoobel-ja-sisustus_1-b05.jpg\" \/>\n\t<meta property=\"og:image:width\" content=\"1017\" \/>\n\t<meta property=\"og:image:height\" content=\"900\" \/>\n\t<meta property=\"og:image:type\" content=\"image\/jpeg\" \/>\n<meta name=\"twitter:card\" content=\"summary_large_image\" \/>\n<script type=\"application\/ld+json\" class=\"yoast-schema-graph\">{\"@context\":\"https:\/\/schema.org\",\"@graph\":[{\"@type\":\"WebPage\",\"@id\":\"https:\/\/beebipood.ee\/ru\/produkt\/yappylux-kummiga-voodilina\/\",\"url\":\"https:\/\/beebipood.ee\/ru\/produkt\/yappylux-kummiga-voodilina\/\",\"name\":\"YappyLux kummiga voodilina 60x120, \u041f\u043e\u0441\u0442\u0435\u043b\u044c\u043d\u043e\u0435 \u0431\u0435\u043b\u044c\u0435, \u041e\u0434\u0435\u044f\u043b\u0430, \u043f\u043e\u0434\u0443\u0448\u043a\u0438, \u0434\u043e\u043f\u043e\u043b\u043d\u0435\u043d\u0438\u044f, M\u0435\u0431\u0435\u043b\u044c, Ha c\u043a\u043b\u0430\u0434\u0435, YappyKids -20%, Beebipood\",\"isPartOf\":{\"@id\":\"https:\/\/beebipood.ee\/ru\/#website\"},\"primaryImageOfPage\":{\"@id\":\"https:\/\/beebipood.ee\/ru\/produkt\/yappylux-kummiga-voodilina\/#primaryimage\"},\"image\":{\"@id\":\"https:\/\/beebipood.ee\/ru\/produkt\/yappylux-kummiga-voodilina\/#primaryimage\"},\"thumbnailUrl\":\"https:\/\/beebipood.ee\/wp-content\/uploads\/2020\/03\/YappyLux-kummiga-voodilina-UUED-TOOTED-Voodipesu-Tekid-padjad-lisad-Lastemoobel-ja-sisustus_1-b05.jpg\",\"datePublished\":\"2020-03-28T07:16:40+00:00\",\"dateModified\":\"2025-01-09T08:48:33+00:00\",\"description\":\"YappyLux kummiga voodilina 60x120, YappyKids YappyLux sat&auml;&auml;nist kummiga voodilina.Madratsile 120 x 60 cm.Kangas: 100% puuvill. K&\",\"breadcrumb\":{\"@id\":\"https:\/\/beebipood.ee\/ru\/produkt\/yappylux-kummiga-voodilina\/#breadcrumb\"},\"inLanguage\":\"ru-RU\",\"potentialAction\":[{\"@type\":\"ReadAction\",\"target\":[\"https:\/\/beebipood.ee\/ru\/produkt\/yappylux-kummiga-voodilina\/\"]}]},{\"@type\":\"ImageObject\",\"inLanguage\":\"ru-RU\",\"@id\":\"https:\/\/beebipood.ee\/ru\/produkt\/yappylux-kummiga-voodilina\/#primaryimage\",\"url\":\"https:\/\/beebipood.ee\/wp-content\/uploads\/2020\/03\/YappyLux-kummiga-voodilina-UUED-TOOTED-Voodipesu-Tekid-padjad-lisad-Lastemoobel-ja-sisustus_1-b05.jpg\",\"contentUrl\":\"https:\/\/beebipood.ee\/wp-content\/uploads\/2020\/03\/YappyLux-kummiga-voodilina-UUED-TOOTED-Voodipesu-Tekid-padjad-lisad-Lastemoobel-ja-sisustus_1-b05.jpg\",\"width\":1017,\"height\":900},{\"@type\":\"BreadcrumbList\",\"@id\":\"https:\/\/beebipood.ee\/ru\/produkt\/yappylux-kummiga-voodilina\/#breadcrumb\",\"itemListElement\":[{\"@type\":\"ListItem\",\"position\":1,\"name\":\"Home\",\"item\":\"https:\/\/beebipood.ee\/ru\/\"},{\"@type\":\"ListItem\",\"position\":2,\"name\":\"\u041a\u0430\u0442\u0430\u043b\u043e\u0433 \u0442\u043e\u0432\u0430\u0440\u043e\u0432\",\"item\":\"https:\/\/beebipood.ee\/tooted\/\"},{\"@type\":\"ListItem\",\"position\":3,\"name\":\"YappyLux kummiga voodilina 60&#215;120\"}]},{\"@type\":\"WebSite\",\"@id\":\"https:\/\/beebipood.ee\/ru\/#website\",\"url\":\"https:\/\/beebipood.ee\/ru\/\",\"name\":\"Beebipood\",\"description\":\"Lastekaubad, beebikaubad, m\u00e4nguasjad\",\"publisher\":{\"@id\":\"https:\/\/beebipood.ee\/ru\/#organization\"},\"potentialAction\":[{\"@type\":\"SearchAction\",\"target\":{\"@type\":\"EntryPoint\",\"urlTemplate\":\"https:\/\/beebipood.ee\/ru\/?s={search_term_string}\"},\"query-input\":{\"@type\":\"PropertyValueSpecification\",\"valueRequired\":true,\"valueName\":\"search_term_string\"}}],\"inLanguage\":\"ru-RU\"},{\"@type\":\"Organization\",\"@id\":\"https:\/\/beebipood.ee\/ru\/#organization\",\"name\":\"Beebipood\",\"url\":\"https:\/\/beebipood.ee\/ru\/\",\"logo\":{\"@type\":\"ImageObject\",\"inLanguage\":\"ru-RU\",\"@id\":\"https:\/\/beebipood.ee\/ru\/#\/schema\/logo\/image\/\",\"url\":\"https:\/\/beebipood.ee\/wp-content\/uploads\/2025\/03\/beebipood.ee-logo-1.svg\",\"contentUrl\":\"https:\/\/beebipood.ee\/wp-content\/uploads\/2025\/03\/beebipood.ee-logo-1.svg\",\"caption\":\"Beebipood\"},\"image\":{\"@id\":\"https:\/\/beebipood.ee\/ru\/#\/schema\/logo\/image\/\"}}]}<\/script>\n<!-- \/ Yoast SEO plugin. -->","yoast_head_json":{"title":"YappyLux kummiga voodilina 60x120, \u041f\u043e\u0441\u0442\u0435\u043b\u044c\u043d\u043e\u0435 \u0431\u0435\u043b\u044c\u0435, \u041e\u0434\u0435\u044f\u043b\u0430, \u043f\u043e\u0434\u0443\u0448\u043a\u0438, \u0434\u043e\u043f\u043e\u043b\u043d\u0435\u043d\u0438\u044f, M\u0435\u0431\u0435\u043b\u044c, Ha c\u043a\u043b\u0430\u0434\u0435, YappyKids -20%, Beebipood","description":"YappyLux kummiga voodilina 60x120, YappyKids YappyLux sat&auml;&auml;nist kummiga voodilina.Madratsile 120 x 60 cm.Kangas: 100% puuvill. K&","robots":{"index":"index","follow":"follow","max-snippet":"max-snippet:-1","max-image-preview":"max-image-preview:large","max-video-preview":"max-video-preview:-1"},"canonical":"https:\/\/beebipood.ee\/ru\/produkt\/yappylux-kummiga-voodilina\/","og_locale":"ru_RU","og_type":"article","og_title":"YappyLux kummiga voodilina 60x120, \u041f\u043e\u0441\u0442\u0435\u043b\u044c\u043d\u043e\u0435 \u0431\u0435\u043b\u044c\u0435, \u041e\u0434\u0435\u044f\u043b\u0430, \u043f\u043e\u0434\u0443\u0448\u043a\u0438, \u0434\u043e\u043f\u043e\u043b\u043d\u0435\u043d\u0438\u044f, M\u0435\u0431\u0435\u043b\u044c, Ha c\u043a\u043b\u0430\u0434\u0435, YappyKids -20%, Beebipood","og_description":"YappyLux kummiga voodilina 60x120, YappyKids YappyLux sat&auml;&auml;nist kummiga voodilina.Madratsile 120 x 60 cm.Kangas: 100% puuvill. K&","og_url":"https:\/\/beebipood.ee\/ru\/produkt\/yappylux-kummiga-voodilina\/","og_site_name":"Beebipood","article_modified_time":"2025-01-09T08:48:33+00:00","og_image":[{"width":1017,"height":900,"url":"https:\/\/beebipood.ee\/wp-content\/uploads\/2020\/03\/YappyLux-kummiga-voodilina-UUED-TOOTED-Voodipesu-Tekid-padjad-lisad-Lastemoobel-ja-sisustus_1-b05.jpg","type":"image\/jpeg"}],"twitter_card":"summary_large_image","schema":{"@context":"https:\/\/schema.org","@graph":[{"@type":"WebPage","@id":"https:\/\/beebipood.ee\/ru\/produkt\/yappylux-kummiga-voodilina\/","url":"https:\/\/beebipood.ee\/ru\/produkt\/yappylux-kummiga-voodilina\/","name":"YappyLux kummiga voodilina 60x120, \u041f\u043e\u0441\u0442\u0435\u043b\u044c\u043d\u043e\u0435 \u0431\u0435\u043b\u044c\u0435, \u041e\u0434\u0435\u044f\u043b\u0430, \u043f\u043e\u0434\u0443\u0448\u043a\u0438, \u0434\u043e\u043f\u043e\u043b\u043d\u0435\u043d\u0438\u044f, M\u0435\u0431\u0435\u043b\u044c, Ha c\u043a\u043b\u0430\u0434\u0435, YappyKids -20%, Beebipood","isPartOf":{"@id":"https:\/\/beebipood.ee\/ru\/#website"},"primaryImageOfPage":{"@id":"https:\/\/beebipood.ee\/ru\/produkt\/yappylux-kummiga-voodilina\/#primaryimage"},"image":{"@id":"https:\/\/beebipood.ee\/ru\/produkt\/yappylux-kummiga-voodilina\/#primaryimage"},"thumbnailUrl":"https:\/\/beebipood.ee\/wp-content\/uploads\/2020\/03\/YappyLux-kummiga-voodilina-UUED-TOOTED-Voodipesu-Tekid-padjad-lisad-Lastemoobel-ja-sisustus_1-b05.jpg","datePublished":"2020-03-28T07:16:40+00:00","dateModified":"2025-01-09T08:48:33+00:00","description":"YappyLux kummiga voodilina 60x120, YappyKids YappyLux sat&auml;&auml;nist kummiga voodilina.Madratsile 120 x 60 cm.Kangas: 100% puuvill. K&","breadcrumb":{"@id":"https:\/\/beebipood.ee\/ru\/produkt\/yappylux-kummiga-voodilina\/#breadcrumb"},"inLanguage":"ru-RU","potentialAction":[{"@type":"ReadAction","target":["https:\/\/beebipood.ee\/ru\/produkt\/yappylux-kummiga-voodilina\/"]}]},{"@type":"ImageObject","inLanguage":"ru-RU","@id":"https:\/\/beebipood.ee\/ru\/produkt\/yappylux-kummiga-voodilina\/#primaryimage","url":"https:\/\/beebipood.ee\/wp-content\/uploads\/2020\/03\/YappyLux-kummiga-voodilina-UUED-TOOTED-Voodipesu-Tekid-padjad-lisad-Lastemoobel-ja-sisustus_1-b05.jpg","contentUrl":"https:\/\/beebipood.ee\/wp-content\/uploads\/2020\/03\/YappyLux-kummiga-voodilina-UUED-TOOTED-Voodipesu-Tekid-padjad-lisad-Lastemoobel-ja-sisustus_1-b05.jpg","width":1017,"height":900},{"@type":"BreadcrumbList","@id":"https:\/\/beebipood.ee\/ru\/produkt\/yappylux-kummiga-voodilina\/#breadcrumb","itemListElement":[{"@type":"ListItem","position":1,"name":"Home","item":"https:\/\/beebipood.ee\/ru\/"},{"@type":"ListItem","position":2,"name":"\u041a\u0430\u0442\u0430\u043b\u043e\u0433 \u0442\u043e\u0432\u0430\u0440\u043e\u0432","item":"https:\/\/beebipood.ee\/tooted\/"},{"@type":"ListItem","position":3,"name":"YappyLux kummiga voodilina 60&#215;120"}]},{"@type":"WebSite","@id":"https:\/\/beebipood.ee\/ru\/#website","url":"https:\/\/beebipood.ee\/ru\/","name":"Beebipood","description":"Lastekaubad, beebikaubad, m\u00e4nguasjad","publisher":{"@id":"https:\/\/beebipood.ee\/ru\/#organization"},"potentialAction":[{"@type":"SearchAction","target":{"@type":"EntryPoint","urlTemplate":"https:\/\/beebipood.ee\/ru\/?s={search_term_string}"},"query-input":{"@type":"PropertyValueSpecification","valueRequired":true,"valueName":"search_term_string"}}],"inLanguage":"ru-RU"},{"@type":"Organization","@id":"https:\/\/beebipood.ee\/ru\/#organization","name":"Beebipood","url":"https:\/\/beebipood.ee\/ru\/","logo":{"@type":"ImageObject","inLanguage":"ru-RU","@id":"https:\/\/beebipood.ee\/ru\/#\/schema\/logo\/image\/","url":"https:\/\/beebipood.ee\/wp-content\/uploads\/2025\/03\/beebipood.ee-logo-1.svg","contentUrl":"https:\/\/beebipood.ee\/wp-content\/uploads\/2025\/03\/beebipood.ee-logo-1.svg","caption":"Beebipood"},"image":{"@id":"https:\/\/beebipood.ee\/ru\/#\/schema\/logo\/image\/"}}]}},"brands":[{"id":11969,"name":"YappyKids","slug":"yappykids-ru"}],"_links":{"self":[{"href":"https:\/\/beebipood.ee\/ru\/wp-json\/wp\/v2\/product\/459121","targetHints":{"allow":["GET"]}}],"collection":[{"href":"https:\/\/beebipood.ee\/ru\/wp-json\/wp\/v2\/product"}],"about":[{"href":"https:\/\/beebipood.ee\/ru\/wp-json\/wp\/v2\/types\/product"}],"wp:featuredmedia":[{"embeddable":true,"href":"https:\/\/beebipood.ee\/ru\/wp-json\/wp\/v2\/media\/132920"}],"wp:attachment":[{"href":"https:\/\/beebipood.ee\/ru\/wp-json\/wp\/v2\/media?parent=459121"}],"wp:term":[{"taxonomy":"pwb-brand","embeddable":true,"href":"https:\/\/beebipood.ee\/ru\/wp-json\/wp\/v2\/pwb-brand?post=459121"},{"taxonomy":"product_brand","embeddable":true,"href":"https:\/\/beebipood.ee\/ru\/wp-json\/wp\/v2\/product_brand?post=459121"},{"taxonomy":"product_cat","embeddable":true,"href":"https:\/\/beebipood.ee\/ru\/wp-json\/wp\/v2\/product_cat?post=459121"},{"taxonomy":"product_tag","embeddable":true,"href":"https:\/\/beebipood.ee\/ru\/wp-json\/wp\/v2\/product_tag?post=459121"}],"curies":[{"name":"wp","href":"https:\/\/api.w.org\/{rel}","templated":true}]}}