{"id":459137,"date":"2020-03-28T10:01:53","date_gmt":"2020-03-28T08:01:53","guid":{"rendered":"https:\/\/beebipood.ee\/toode\/heitmann-felle-lambanahk-kollane-90x55cm\/"},"modified":"2025-01-09T10:48:32","modified_gmt":"2025-01-09T08:48:32","slug":"heitmann-felle-lambanahk-kollane-90x55cm","status":"publish","type":"product","link":"https:\/\/beebipood.ee\/ru\/produkt\/heitmann-felle-lambanahk-kollane-90x55cm\/","title":{"rendered":"Heitmann Felle lambanahk Natural 90x55cm"},"content":{"rendered":"<p>Hubane, soe, h\u00fcgieeniline ja arstide poolt soovitatud lambanahk.<br \/>Omadused<br \/>Hoiab sinu beebi mugavalt soojana ka k\u00f5ige k\u00fclmemate ilmade korral<br \/>Kasutatud on eriti \u00f5rna parkimismeetodit, mis s\u00e4ilitab loomuliku lambanaha omadused<br \/>S\u00f5ltumatud instituudid on viinud l\u00e4bi mitmeid perioodilisi uuringuid, <br \/>anal\u00fc\u00fcse ja kontrolle, mis tagavad Heitmann-Felle toodete laitmatu kvaliteedi<br \/>Toode vastab \u00d6ko-Tex naha standardile. See garanteerib, <br \/>et toote valmistamisel kasutatud tekstiil on turvaline. <br \/>Kasutatavad materjalid on testitud, nahas\u00f5bralikud ja ei sisalda ohtlikke kemikaale<br \/>N\u00e4itajad<br \/>80-90 x 55cm (pikkus varieerub s\u00f5ltuvalt nahast)<br \/>karvapikkus ca. 30mm<\/p>\n","protected":false},"excerpt":{"rendered":"<p>Hubane, soe, h\u00fcgieeniline ja arstide poolt soovitatud lambanahk.OmadusedHoiab sinu beebi mugavalt soojana ka k\u00f5ige k\u00fclmemate ilmade korralKasutatud on eriti \u00f5rna parkimismeetodit, mis s\u00e4ilitab loomuliku lambanaha omadusedS\u00f5ltumatud instituudid on viinud l\u00e4bi mitmeid perioodilisi uuringuid, anal\u00fc\u00fcse ja kontrolle, mis tagavad Heitmann-Felle toodete laitmatu kvaliteediToode vastab \u00d6ko-Tex naha standardile. See garanteerib, et toote valmistamisel kasutatud tekstiil on turvaline. [&hellip;]<\/p>\n","protected":false},"featured_media":132940,"template":"","meta":{"_acf_changed":false},"pwb-brand":[11974],"product_brand":[],"product_cat":[11917,11725,11717],"product_tag":[],"class_list":{"0":"post-459137","1":"product","2":"type-product","3":"status-publish","4":"has-post-thumbnail","6":"pwb-brand-heitmann-felle-ru","7":"product_cat-lambanahad-ru","8":"product_cat-lisatarvikud-ru","9":"product_cat-lastevankrid-ja-karud-ru","10":"pa_manufacturer-heitmannfelle-ru","12":"first","13":"onbackorder","14":"taxable","15":"shipping-taxable","16":"purchasable","17":"product-type-simple"},"exclude_global_add_ons":[],"addons":[],"acf":[],"yoast_head":"<!-- This site is optimized with the Yoast SEO plugin v27.1.1 - https:\/\/yoast.com\/product\/yoast-seo-wordpress\/ -->\n<title>Heitmann Felle lambanahk Natural 90x55cm, \u041a\u043e\u043b\u044f\u0441\u043a\u0438, \u041f\u0440\u0438\u043d\u0430\u0434\u043b\u0435\u0436\u043d\u043e\u0441\u0442\u0438, Lambanahad, Beebipood<\/title>\n<meta name=\"description\" content=\"Heitmann Felle lambanahk Natural 90x55cm, Hubane, soe, h&uuml;gieeniline ja arstide poolt soovitatud lambanahk.OmadusedHoiab sinu beebi mugavalt\" \/>\n<meta name=\"robots\" content=\"index, follow, max-snippet:-1, max-image-preview:large, max-video-preview:-1\" \/>\n<link rel=\"canonical\" href=\"https:\/\/beebipood.ee\/ru\/produkt\/heitmann-felle-lambanahk-kollane-90x55cm\/\" \/>\n<meta property=\"og:locale\" content=\"ru_RU\" \/>\n<meta property=\"og:type\" content=\"article\" \/>\n<meta property=\"og:title\" content=\"Heitmann Felle lambanahk Natural 90x55cm, \u041a\u043e\u043b\u044f\u0441\u043a\u0438, \u041f\u0440\u0438\u043d\u0430\u0434\u043b\u0435\u0436\u043d\u043e\u0441\u0442\u0438, Lambanahad, Beebipood\" \/>\n<meta property=\"og:description\" content=\"Heitmann Felle lambanahk Natural 90x55cm, Hubane, soe, h&uuml;gieeniline ja arstide poolt soovitatud lambanahk.OmadusedHoiab sinu beebi mugavalt\" \/>\n<meta property=\"og:url\" content=\"https:\/\/beebipood.ee\/ru\/produkt\/heitmann-felle-lambanahk-kollane-90x55cm\/\" \/>\n<meta property=\"og:site_name\" content=\"Beebipood\" \/>\n<meta property=\"article:modified_time\" content=\"2025-01-09T08:48:32+00:00\" \/>\n<meta property=\"og:image\" content=\"https:\/\/beebipood.ee\/wp-content\/uploads\/2020\/03\/heitmann_felle_lambanahk_kollane_90x55cm-c28.jpg\" \/>\n\t<meta property=\"og:image:width\" content=\"943\" \/>\n\t<meta property=\"og:image:height\" content=\"1200\" \/>\n\t<meta property=\"og:image:type\" content=\"image\/jpeg\" \/>\n<meta name=\"twitter:card\" content=\"summary_large_image\" \/>\n<script type=\"application\/ld+json\" class=\"yoast-schema-graph\">{\"@context\":\"https:\/\/schema.org\",\"@graph\":[{\"@type\":\"WebPage\",\"@id\":\"https:\/\/beebipood.ee\/ru\/produkt\/heitmann-felle-lambanahk-kollane-90x55cm\/\",\"url\":\"https:\/\/beebipood.ee\/ru\/produkt\/heitmann-felle-lambanahk-kollane-90x55cm\/\",\"name\":\"Heitmann Felle lambanahk Natural 90x55cm, \u041a\u043e\u043b\u044f\u0441\u043a\u0438, \u041f\u0440\u0438\u043d\u0430\u0434\u043b\u0435\u0436\u043d\u043e\u0441\u0442\u0438, Lambanahad, Beebipood\",\"isPartOf\":{\"@id\":\"https:\/\/beebipood.ee\/ru\/#website\"},\"primaryImageOfPage\":{\"@id\":\"https:\/\/beebipood.ee\/ru\/produkt\/heitmann-felle-lambanahk-kollane-90x55cm\/#primaryimage\"},\"image\":{\"@id\":\"https:\/\/beebipood.ee\/ru\/produkt\/heitmann-felle-lambanahk-kollane-90x55cm\/#primaryimage\"},\"thumbnailUrl\":\"https:\/\/beebipood.ee\/wp-content\/uploads\/2020\/03\/heitmann_felle_lambanahk_kollane_90x55cm-c28.jpg\",\"datePublished\":\"2020-03-28T08:01:53+00:00\",\"dateModified\":\"2025-01-09T08:48:32+00:00\",\"description\":\"Heitmann Felle lambanahk Natural 90x55cm, Hubane, soe, h&uuml;gieeniline ja arstide poolt soovitatud lambanahk.OmadusedHoiab sinu beebi mugavalt\",\"breadcrumb\":{\"@id\":\"https:\/\/beebipood.ee\/ru\/produkt\/heitmann-felle-lambanahk-kollane-90x55cm\/#breadcrumb\"},\"inLanguage\":\"ru-RU\",\"potentialAction\":[{\"@type\":\"ReadAction\",\"target\":[\"https:\/\/beebipood.ee\/ru\/produkt\/heitmann-felle-lambanahk-kollane-90x55cm\/\"]}]},{\"@type\":\"ImageObject\",\"inLanguage\":\"ru-RU\",\"@id\":\"https:\/\/beebipood.ee\/ru\/produkt\/heitmann-felle-lambanahk-kollane-90x55cm\/#primaryimage\",\"url\":\"https:\/\/beebipood.ee\/wp-content\/uploads\/2020\/03\/heitmann_felle_lambanahk_kollane_90x55cm-c28.jpg\",\"contentUrl\":\"https:\/\/beebipood.ee\/wp-content\/uploads\/2020\/03\/heitmann_felle_lambanahk_kollane_90x55cm-c28.jpg\",\"width\":943,\"height\":1200},{\"@type\":\"BreadcrumbList\",\"@id\":\"https:\/\/beebipood.ee\/ru\/produkt\/heitmann-felle-lambanahk-kollane-90x55cm\/#breadcrumb\",\"itemListElement\":[{\"@type\":\"ListItem\",\"position\":1,\"name\":\"Home\",\"item\":\"https:\/\/beebipood.ee\/ru\/\"},{\"@type\":\"ListItem\",\"position\":2,\"name\":\"\u041a\u0430\u0442\u0430\u043b\u043e\u0433 \u0442\u043e\u0432\u0430\u0440\u043e\u0432\",\"item\":\"https:\/\/beebipood.ee\/tooted\/\"},{\"@type\":\"ListItem\",\"position\":3,\"name\":\"Heitmann Felle lambanahk Natural 90x55cm\"}]},{\"@type\":\"WebSite\",\"@id\":\"https:\/\/beebipood.ee\/ru\/#website\",\"url\":\"https:\/\/beebipood.ee\/ru\/\",\"name\":\"Beebipood\",\"description\":\"Lastekaubad, beebikaubad, m\u00e4nguasjad\",\"publisher\":{\"@id\":\"https:\/\/beebipood.ee\/ru\/#organization\"},\"potentialAction\":[{\"@type\":\"SearchAction\",\"target\":{\"@type\":\"EntryPoint\",\"urlTemplate\":\"https:\/\/beebipood.ee\/ru\/?s={search_term_string}\"},\"query-input\":{\"@type\":\"PropertyValueSpecification\",\"valueRequired\":true,\"valueName\":\"search_term_string\"}}],\"inLanguage\":\"ru-RU\"},{\"@type\":\"Organization\",\"@id\":\"https:\/\/beebipood.ee\/ru\/#organization\",\"name\":\"Beebipood\",\"url\":\"https:\/\/beebipood.ee\/ru\/\",\"logo\":{\"@type\":\"ImageObject\",\"inLanguage\":\"ru-RU\",\"@id\":\"https:\/\/beebipood.ee\/ru\/#\/schema\/logo\/image\/\",\"url\":\"https:\/\/beebipood.ee\/wp-content\/uploads\/2025\/03\/beebipood.ee-logo-1.svg\",\"contentUrl\":\"https:\/\/beebipood.ee\/wp-content\/uploads\/2025\/03\/beebipood.ee-logo-1.svg\",\"caption\":\"Beebipood\"},\"image\":{\"@id\":\"https:\/\/beebipood.ee\/ru\/#\/schema\/logo\/image\/\"}}]}<\/script>\n<!-- \/ Yoast SEO plugin. -->","yoast_head_json":{"title":"Heitmann Felle lambanahk Natural 90x55cm, \u041a\u043e\u043b\u044f\u0441\u043a\u0438, \u041f\u0440\u0438\u043d\u0430\u0434\u043b\u0435\u0436\u043d\u043e\u0441\u0442\u0438, Lambanahad, Beebipood","description":"Heitmann Felle lambanahk Natural 90x55cm, Hubane, soe, h&uuml;gieeniline ja arstide poolt soovitatud lambanahk.OmadusedHoiab sinu beebi mugavalt","robots":{"index":"index","follow":"follow","max-snippet":"max-snippet:-1","max-image-preview":"max-image-preview:large","max-video-preview":"max-video-preview:-1"},"canonical":"https:\/\/beebipood.ee\/ru\/produkt\/heitmann-felle-lambanahk-kollane-90x55cm\/","og_locale":"ru_RU","og_type":"article","og_title":"Heitmann Felle lambanahk Natural 90x55cm, \u041a\u043e\u043b\u044f\u0441\u043a\u0438, \u041f\u0440\u0438\u043d\u0430\u0434\u043b\u0435\u0436\u043d\u043e\u0441\u0442\u0438, Lambanahad, Beebipood","og_description":"Heitmann Felle lambanahk Natural 90x55cm, Hubane, soe, h&uuml;gieeniline ja arstide poolt soovitatud lambanahk.OmadusedHoiab sinu beebi mugavalt","og_url":"https:\/\/beebipood.ee\/ru\/produkt\/heitmann-felle-lambanahk-kollane-90x55cm\/","og_site_name":"Beebipood","article_modified_time":"2025-01-09T08:48:32+00:00","og_image":[{"width":943,"height":1200,"url":"https:\/\/beebipood.ee\/wp-content\/uploads\/2020\/03\/heitmann_felle_lambanahk_kollane_90x55cm-c28.jpg","type":"image\/jpeg"}],"twitter_card":"summary_large_image","schema":{"@context":"https:\/\/schema.org","@graph":[{"@type":"WebPage","@id":"https:\/\/beebipood.ee\/ru\/produkt\/heitmann-felle-lambanahk-kollane-90x55cm\/","url":"https:\/\/beebipood.ee\/ru\/produkt\/heitmann-felle-lambanahk-kollane-90x55cm\/","name":"Heitmann Felle lambanahk Natural 90x55cm, \u041a\u043e\u043b\u044f\u0441\u043a\u0438, \u041f\u0440\u0438\u043d\u0430\u0434\u043b\u0435\u0436\u043d\u043e\u0441\u0442\u0438, Lambanahad, Beebipood","isPartOf":{"@id":"https:\/\/beebipood.ee\/ru\/#website"},"primaryImageOfPage":{"@id":"https:\/\/beebipood.ee\/ru\/produkt\/heitmann-felle-lambanahk-kollane-90x55cm\/#primaryimage"},"image":{"@id":"https:\/\/beebipood.ee\/ru\/produkt\/heitmann-felle-lambanahk-kollane-90x55cm\/#primaryimage"},"thumbnailUrl":"https:\/\/beebipood.ee\/wp-content\/uploads\/2020\/03\/heitmann_felle_lambanahk_kollane_90x55cm-c28.jpg","datePublished":"2020-03-28T08:01:53+00:00","dateModified":"2025-01-09T08:48:32+00:00","description":"Heitmann Felle lambanahk Natural 90x55cm, Hubane, soe, h&uuml;gieeniline ja arstide poolt soovitatud lambanahk.OmadusedHoiab sinu beebi mugavalt","breadcrumb":{"@id":"https:\/\/beebipood.ee\/ru\/produkt\/heitmann-felle-lambanahk-kollane-90x55cm\/#breadcrumb"},"inLanguage":"ru-RU","potentialAction":[{"@type":"ReadAction","target":["https:\/\/beebipood.ee\/ru\/produkt\/heitmann-felle-lambanahk-kollane-90x55cm\/"]}]},{"@type":"ImageObject","inLanguage":"ru-RU","@id":"https:\/\/beebipood.ee\/ru\/produkt\/heitmann-felle-lambanahk-kollane-90x55cm\/#primaryimage","url":"https:\/\/beebipood.ee\/wp-content\/uploads\/2020\/03\/heitmann_felle_lambanahk_kollane_90x55cm-c28.jpg","contentUrl":"https:\/\/beebipood.ee\/wp-content\/uploads\/2020\/03\/heitmann_felle_lambanahk_kollane_90x55cm-c28.jpg","width":943,"height":1200},{"@type":"BreadcrumbList","@id":"https:\/\/beebipood.ee\/ru\/produkt\/heitmann-felle-lambanahk-kollane-90x55cm\/#breadcrumb","itemListElement":[{"@type":"ListItem","position":1,"name":"Home","item":"https:\/\/beebipood.ee\/ru\/"},{"@type":"ListItem","position":2,"name":"\u041a\u0430\u0442\u0430\u043b\u043e\u0433 \u0442\u043e\u0432\u0430\u0440\u043e\u0432","item":"https:\/\/beebipood.ee\/tooted\/"},{"@type":"ListItem","position":3,"name":"Heitmann Felle lambanahk Natural 90x55cm"}]},{"@type":"WebSite","@id":"https:\/\/beebipood.ee\/ru\/#website","url":"https:\/\/beebipood.ee\/ru\/","name":"Beebipood","description":"Lastekaubad, beebikaubad, m\u00e4nguasjad","publisher":{"@id":"https:\/\/beebipood.ee\/ru\/#organization"},"potentialAction":[{"@type":"SearchAction","target":{"@type":"EntryPoint","urlTemplate":"https:\/\/beebipood.ee\/ru\/?s={search_term_string}"},"query-input":{"@type":"PropertyValueSpecification","valueRequired":true,"valueName":"search_term_string"}}],"inLanguage":"ru-RU"},{"@type":"Organization","@id":"https:\/\/beebipood.ee\/ru\/#organization","name":"Beebipood","url":"https:\/\/beebipood.ee\/ru\/","logo":{"@type":"ImageObject","inLanguage":"ru-RU","@id":"https:\/\/beebipood.ee\/ru\/#\/schema\/logo\/image\/","url":"https:\/\/beebipood.ee\/wp-content\/uploads\/2025\/03\/beebipood.ee-logo-1.svg","contentUrl":"https:\/\/beebipood.ee\/wp-content\/uploads\/2025\/03\/beebipood.ee-logo-1.svg","caption":"Beebipood"},"image":{"@id":"https:\/\/beebipood.ee\/ru\/#\/schema\/logo\/image\/"}}]}},"brands":[{"id":11974,"name":"Heitmann Felle","slug":"heitmann-felle-ru"}],"_links":{"self":[{"href":"https:\/\/beebipood.ee\/ru\/wp-json\/wp\/v2\/product\/459137","targetHints":{"allow":["GET"]}}],"collection":[{"href":"https:\/\/beebipood.ee\/ru\/wp-json\/wp\/v2\/product"}],"about":[{"href":"https:\/\/beebipood.ee\/ru\/wp-json\/wp\/v2\/types\/product"}],"wp:featuredmedia":[{"embeddable":true,"href":"https:\/\/beebipood.ee\/ru\/wp-json\/wp\/v2\/media\/132940"}],"wp:attachment":[{"href":"https:\/\/beebipood.ee\/ru\/wp-json\/wp\/v2\/media?parent=459137"}],"wp:term":[{"taxonomy":"pwb-brand","embeddable":true,"href":"https:\/\/beebipood.ee\/ru\/wp-json\/wp\/v2\/pwb-brand?post=459137"},{"taxonomy":"product_brand","embeddable":true,"href":"https:\/\/beebipood.ee\/ru\/wp-json\/wp\/v2\/product_brand?post=459137"},{"taxonomy":"product_cat","embeddable":true,"href":"https:\/\/beebipood.ee\/ru\/wp-json\/wp\/v2\/product_cat?post=459137"},{"taxonomy":"product_tag","embeddable":true,"href":"https:\/\/beebipood.ee\/ru\/wp-json\/wp\/v2\/product_tag?post=459137"}],"curies":[{"name":"wp","href":"https:\/\/api.w.org\/{rel}","templated":true}]}}