{"id":459141,"date":"2020-03-28T10:09:16","date_gmt":"2020-03-28T08:09:16","guid":{"rendered":"https:\/\/beebipood.ee\/toode\/yappygum-voodipehmendus-beez\/"},"modified":"2025-01-09T10:48:32","modified_gmt":"2025-01-09T08:48:32","slug":"yappygum-voodipehmendus-beez","status":"publish","type":"product","link":"https:\/\/beebipood.ee\/ru\/produkt\/yappygum-voodipehmendus-beez\/","title":{"rendered":"YappyGum voodipehmendus, beez"},"content":{"rendered":"<p>YappyKids <br \/>Meie uued YappyGum v\u00f5revoodi pehmendused ei loo ainult lapse jaoks suurep\u00e4rast turvatunnet, <br \/>vaid on ka suurep\u00e4rane lisand interj\u00f6\u00f6ri. <br \/>Meie YappyKidsi eksperdid on laste magamistubade viimaseid trende j\u00e4rgides silmas pidanud seda, <br \/>et kasulik oleks ka ilus! V\u00f5revoodi pehmenduste konstruktsioon on disainitud nii, <br \/>et seda ei pea kinnitama n\u00f6\u00f6ridega voodiv\u00f5re r\u00f6\u00f6pa k\u00fclge, <br \/>v\u00f5imaldades nii paigaldada pehmendusi mitmel erineval moel v\u00f5revoodi sees.<br \/>YappyGum&#8217;i v\u00f5revoodi pehmendused sobivad suurep\u00e4raselt ka beebipesa (babynest) loomiseks oma suuruse ja kuju t\u00f5ttu.<br \/>V\u00f5revoodi pehmenduse pikkus &#8212; 240 cm<br \/>Pesta 40-kraadises vees<br \/>Materjal: 100% puuvill.<\/p>\n","protected":false},"excerpt":{"rendered":"<p>YappyKids Meie uued YappyGum v\u00f5revoodi pehmendused ei loo ainult lapse jaoks suurep\u00e4rast turvatunnet, vaid on ka suurep\u00e4rane lisand interj\u00f6\u00f6ri. Meie YappyKidsi eksperdid on laste magamistubade viimaseid trende j\u00e4rgides silmas pidanud seda, et kasulik oleks ka ilus! V\u00f5revoodi pehmenduste konstruktsioon on disainitud nii, et seda ei pea kinnitama n\u00f6\u00f6ridega voodiv\u00f5re r\u00f6\u00f6pa k\u00fclge, v\u00f5imaldades nii paigaldada pehmendusi [&hellip;]<\/p>\n","protected":false},"featured_media":132952,"template":"","meta":{"_acf_changed":false},"pwb-brand":[11969],"product_brand":[],"product_cat":[11613,11763,11789],"product_tag":[],"class_list":{"0":"post-459141","1":"product","2":"type-product","3":"status-publish","4":"has-post-thumbnail","6":"pwb-brand-yappykids-ru","7":"product_cat-voodipesu-ru","8":"product_cat-tekid-padjad-lisad-ru","9":"product_cat-lastemoobel-ja-sisustus-ru","10":"pa_manufacturer-yappykids-ru","12":"first","13":"onbackorder","14":"taxable","15":"shipping-taxable","16":"purchasable","17":"product-type-simple"},"exclude_global_add_ons":[],"addons":[],"acf":[],"yoast_head":"<!-- This site is optimized with the Yoast SEO plugin v27.1.1 - https:\/\/yoast.com\/product\/yoast-seo-wordpress\/ -->\n<title>YappyGum voodipehmendus, beez, \u041f\u043e\u0441\u0442\u0435\u043b\u044c\u043d\u043e\u0435 \u0431\u0435\u043b\u044c\u0435, \u041e\u0434\u0435\u044f\u043b\u0430, \u043f\u043e\u0434\u0443\u0448\u043a\u0438, \u0434\u043e\u043f\u043e\u043b\u043d\u0435\u043d\u0438\u044f, M\u0435\u0431\u0435\u043b\u044c, YappyKids -20%, Beebipood<\/title>\n<meta name=\"description\" content=\"YappyGum voodipehmendus, beez, YappyKids Meie uued YappyGum v&otilde;revoodi pehmendused ei loo ainult lapse jaoks suurep&auml;rast turvatunnet,\" \/>\n<meta name=\"robots\" content=\"index, follow, max-snippet:-1, max-image-preview:large, max-video-preview:-1\" \/>\n<link rel=\"canonical\" href=\"https:\/\/beebipood.ee\/ru\/produkt\/yappygum-voodipehmendus-beez\/\" \/>\n<meta property=\"og:locale\" content=\"ru_RU\" \/>\n<meta property=\"og:type\" content=\"article\" \/>\n<meta property=\"og:title\" content=\"YappyGum voodipehmendus, beez, \u041f\u043e\u0441\u0442\u0435\u043b\u044c\u043d\u043e\u0435 \u0431\u0435\u043b\u044c\u0435, \u041e\u0434\u0435\u044f\u043b\u0430, \u043f\u043e\u0434\u0443\u0448\u043a\u0438, \u0434\u043e\u043f\u043e\u043b\u043d\u0435\u043d\u0438\u044f, M\u0435\u0431\u0435\u043b\u044c, YappyKids -20%, Beebipood\" \/>\n<meta property=\"og:description\" content=\"YappyGum voodipehmendus, beez, YappyKids Meie uued YappyGum v&otilde;revoodi pehmendused ei loo ainult lapse jaoks suurep&auml;rast turvatunnet,\" \/>\n<meta property=\"og:url\" content=\"https:\/\/beebipood.ee\/ru\/produkt\/yappygum-voodipehmendus-beez\/\" \/>\n<meta property=\"og:site_name\" content=\"Beebipood\" \/>\n<meta property=\"article:modified_time\" content=\"2025-01-09T08:48:32+00:00\" \/>\n<meta property=\"og:image\" content=\"https:\/\/beebipood.ee\/wp-content\/uploads\/2020\/03\/YappyGum-voodipehmendus-beez-UUED-TOOTED-Voodipesu-Tekid-padjad-lisad-Lastemoobel-ja-sisustus_2-e46.jpg\" \/>\n\t<meta property=\"og:image:width\" content=\"1200\" \/>\n\t<meta property=\"og:image:height\" content=\"918\" \/>\n\t<meta property=\"og:image:type\" content=\"image\/jpeg\" \/>\n<meta name=\"twitter:card\" content=\"summary_large_image\" \/>\n<script type=\"application\/ld+json\" class=\"yoast-schema-graph\">{\"@context\":\"https:\/\/schema.org\",\"@graph\":[{\"@type\":\"WebPage\",\"@id\":\"https:\/\/beebipood.ee\/ru\/produkt\/yappygum-voodipehmendus-beez\/\",\"url\":\"https:\/\/beebipood.ee\/ru\/produkt\/yappygum-voodipehmendus-beez\/\",\"name\":\"YappyGum voodipehmendus, beez, \u041f\u043e\u0441\u0442\u0435\u043b\u044c\u043d\u043e\u0435 \u0431\u0435\u043b\u044c\u0435, \u041e\u0434\u0435\u044f\u043b\u0430, \u043f\u043e\u0434\u0443\u0448\u043a\u0438, \u0434\u043e\u043f\u043e\u043b\u043d\u0435\u043d\u0438\u044f, M\u0435\u0431\u0435\u043b\u044c, YappyKids -20%, Beebipood\",\"isPartOf\":{\"@id\":\"https:\/\/beebipood.ee\/ru\/#website\"},\"primaryImageOfPage\":{\"@id\":\"https:\/\/beebipood.ee\/ru\/produkt\/yappygum-voodipehmendus-beez\/#primaryimage\"},\"image\":{\"@id\":\"https:\/\/beebipood.ee\/ru\/produkt\/yappygum-voodipehmendus-beez\/#primaryimage\"},\"thumbnailUrl\":\"https:\/\/beebipood.ee\/wp-content\/uploads\/2020\/03\/YappyGum-voodipehmendus-beez-UUED-TOOTED-Voodipesu-Tekid-padjad-lisad-Lastemoobel-ja-sisustus_2-e46.jpg\",\"datePublished\":\"2020-03-28T08:09:16+00:00\",\"dateModified\":\"2025-01-09T08:48:32+00:00\",\"description\":\"YappyGum voodipehmendus, beez, YappyKids Meie uued YappyGum v&otilde;revoodi pehmendused ei loo ainult lapse jaoks suurep&auml;rast turvatunnet,\",\"breadcrumb\":{\"@id\":\"https:\/\/beebipood.ee\/ru\/produkt\/yappygum-voodipehmendus-beez\/#breadcrumb\"},\"inLanguage\":\"ru-RU\",\"potentialAction\":[{\"@type\":\"ReadAction\",\"target\":[\"https:\/\/beebipood.ee\/ru\/produkt\/yappygum-voodipehmendus-beez\/\"]}]},{\"@type\":\"ImageObject\",\"inLanguage\":\"ru-RU\",\"@id\":\"https:\/\/beebipood.ee\/ru\/produkt\/yappygum-voodipehmendus-beez\/#primaryimage\",\"url\":\"https:\/\/beebipood.ee\/wp-content\/uploads\/2020\/03\/YappyGum-voodipehmendus-beez-UUED-TOOTED-Voodipesu-Tekid-padjad-lisad-Lastemoobel-ja-sisustus_2-e46.jpg\",\"contentUrl\":\"https:\/\/beebipood.ee\/wp-content\/uploads\/2020\/03\/YappyGum-voodipehmendus-beez-UUED-TOOTED-Voodipesu-Tekid-padjad-lisad-Lastemoobel-ja-sisustus_2-e46.jpg\",\"width\":1200,\"height\":918},{\"@type\":\"BreadcrumbList\",\"@id\":\"https:\/\/beebipood.ee\/ru\/produkt\/yappygum-voodipehmendus-beez\/#breadcrumb\",\"itemListElement\":[{\"@type\":\"ListItem\",\"position\":1,\"name\":\"Home\",\"item\":\"https:\/\/beebipood.ee\/ru\/\"},{\"@type\":\"ListItem\",\"position\":2,\"name\":\"\u041a\u0430\u0442\u0430\u043b\u043e\u0433 \u0442\u043e\u0432\u0430\u0440\u043e\u0432\",\"item\":\"https:\/\/beebipood.ee\/tooted\/\"},{\"@type\":\"ListItem\",\"position\":3,\"name\":\"YappyGum voodipehmendus, beez\"}]},{\"@type\":\"WebSite\",\"@id\":\"https:\/\/beebipood.ee\/ru\/#website\",\"url\":\"https:\/\/beebipood.ee\/ru\/\",\"name\":\"Beebipood\",\"description\":\"Lastekaubad, beebikaubad, m\u00e4nguasjad\",\"publisher\":{\"@id\":\"https:\/\/beebipood.ee\/ru\/#organization\"},\"potentialAction\":[{\"@type\":\"SearchAction\",\"target\":{\"@type\":\"EntryPoint\",\"urlTemplate\":\"https:\/\/beebipood.ee\/ru\/?s={search_term_string}\"},\"query-input\":{\"@type\":\"PropertyValueSpecification\",\"valueRequired\":true,\"valueName\":\"search_term_string\"}}],\"inLanguage\":\"ru-RU\"},{\"@type\":\"Organization\",\"@id\":\"https:\/\/beebipood.ee\/ru\/#organization\",\"name\":\"Beebipood\",\"url\":\"https:\/\/beebipood.ee\/ru\/\",\"logo\":{\"@type\":\"ImageObject\",\"inLanguage\":\"ru-RU\",\"@id\":\"https:\/\/beebipood.ee\/ru\/#\/schema\/logo\/image\/\",\"url\":\"https:\/\/beebipood.ee\/wp-content\/uploads\/2025\/03\/beebipood.ee-logo-1.svg\",\"contentUrl\":\"https:\/\/beebipood.ee\/wp-content\/uploads\/2025\/03\/beebipood.ee-logo-1.svg\",\"caption\":\"Beebipood\"},\"image\":{\"@id\":\"https:\/\/beebipood.ee\/ru\/#\/schema\/logo\/image\/\"}}]}<\/script>\n<!-- \/ Yoast SEO plugin. -->","yoast_head_json":{"title":"YappyGum voodipehmendus, beez, \u041f\u043e\u0441\u0442\u0435\u043b\u044c\u043d\u043e\u0435 \u0431\u0435\u043b\u044c\u0435, \u041e\u0434\u0435\u044f\u043b\u0430, \u043f\u043e\u0434\u0443\u0448\u043a\u0438, \u0434\u043e\u043f\u043e\u043b\u043d\u0435\u043d\u0438\u044f, M\u0435\u0431\u0435\u043b\u044c, YappyKids -20%, Beebipood","description":"YappyGum voodipehmendus, beez, YappyKids Meie uued YappyGum v&otilde;revoodi pehmendused ei loo ainult lapse jaoks suurep&auml;rast turvatunnet,","robots":{"index":"index","follow":"follow","max-snippet":"max-snippet:-1","max-image-preview":"max-image-preview:large","max-video-preview":"max-video-preview:-1"},"canonical":"https:\/\/beebipood.ee\/ru\/produkt\/yappygum-voodipehmendus-beez\/","og_locale":"ru_RU","og_type":"article","og_title":"YappyGum voodipehmendus, beez, \u041f\u043e\u0441\u0442\u0435\u043b\u044c\u043d\u043e\u0435 \u0431\u0435\u043b\u044c\u0435, \u041e\u0434\u0435\u044f\u043b\u0430, \u043f\u043e\u0434\u0443\u0448\u043a\u0438, \u0434\u043e\u043f\u043e\u043b\u043d\u0435\u043d\u0438\u044f, M\u0435\u0431\u0435\u043b\u044c, YappyKids -20%, Beebipood","og_description":"YappyGum voodipehmendus, beez, YappyKids Meie uued YappyGum v&otilde;revoodi pehmendused ei loo ainult lapse jaoks suurep&auml;rast turvatunnet,","og_url":"https:\/\/beebipood.ee\/ru\/produkt\/yappygum-voodipehmendus-beez\/","og_site_name":"Beebipood","article_modified_time":"2025-01-09T08:48:32+00:00","og_image":[{"width":1200,"height":918,"url":"https:\/\/beebipood.ee\/wp-content\/uploads\/2020\/03\/YappyGum-voodipehmendus-beez-UUED-TOOTED-Voodipesu-Tekid-padjad-lisad-Lastemoobel-ja-sisustus_2-e46.jpg","type":"image\/jpeg"}],"twitter_card":"summary_large_image","schema":{"@context":"https:\/\/schema.org","@graph":[{"@type":"WebPage","@id":"https:\/\/beebipood.ee\/ru\/produkt\/yappygum-voodipehmendus-beez\/","url":"https:\/\/beebipood.ee\/ru\/produkt\/yappygum-voodipehmendus-beez\/","name":"YappyGum voodipehmendus, beez, \u041f\u043e\u0441\u0442\u0435\u043b\u044c\u043d\u043e\u0435 \u0431\u0435\u043b\u044c\u0435, \u041e\u0434\u0435\u044f\u043b\u0430, \u043f\u043e\u0434\u0443\u0448\u043a\u0438, \u0434\u043e\u043f\u043e\u043b\u043d\u0435\u043d\u0438\u044f, M\u0435\u0431\u0435\u043b\u044c, YappyKids -20%, Beebipood","isPartOf":{"@id":"https:\/\/beebipood.ee\/ru\/#website"},"primaryImageOfPage":{"@id":"https:\/\/beebipood.ee\/ru\/produkt\/yappygum-voodipehmendus-beez\/#primaryimage"},"image":{"@id":"https:\/\/beebipood.ee\/ru\/produkt\/yappygum-voodipehmendus-beez\/#primaryimage"},"thumbnailUrl":"https:\/\/beebipood.ee\/wp-content\/uploads\/2020\/03\/YappyGum-voodipehmendus-beez-UUED-TOOTED-Voodipesu-Tekid-padjad-lisad-Lastemoobel-ja-sisustus_2-e46.jpg","datePublished":"2020-03-28T08:09:16+00:00","dateModified":"2025-01-09T08:48:32+00:00","description":"YappyGum voodipehmendus, beez, YappyKids Meie uued YappyGum v&otilde;revoodi pehmendused ei loo ainult lapse jaoks suurep&auml;rast turvatunnet,","breadcrumb":{"@id":"https:\/\/beebipood.ee\/ru\/produkt\/yappygum-voodipehmendus-beez\/#breadcrumb"},"inLanguage":"ru-RU","potentialAction":[{"@type":"ReadAction","target":["https:\/\/beebipood.ee\/ru\/produkt\/yappygum-voodipehmendus-beez\/"]}]},{"@type":"ImageObject","inLanguage":"ru-RU","@id":"https:\/\/beebipood.ee\/ru\/produkt\/yappygum-voodipehmendus-beez\/#primaryimage","url":"https:\/\/beebipood.ee\/wp-content\/uploads\/2020\/03\/YappyGum-voodipehmendus-beez-UUED-TOOTED-Voodipesu-Tekid-padjad-lisad-Lastemoobel-ja-sisustus_2-e46.jpg","contentUrl":"https:\/\/beebipood.ee\/wp-content\/uploads\/2020\/03\/YappyGum-voodipehmendus-beez-UUED-TOOTED-Voodipesu-Tekid-padjad-lisad-Lastemoobel-ja-sisustus_2-e46.jpg","width":1200,"height":918},{"@type":"BreadcrumbList","@id":"https:\/\/beebipood.ee\/ru\/produkt\/yappygum-voodipehmendus-beez\/#breadcrumb","itemListElement":[{"@type":"ListItem","position":1,"name":"Home","item":"https:\/\/beebipood.ee\/ru\/"},{"@type":"ListItem","position":2,"name":"\u041a\u0430\u0442\u0430\u043b\u043e\u0433 \u0442\u043e\u0432\u0430\u0440\u043e\u0432","item":"https:\/\/beebipood.ee\/tooted\/"},{"@type":"ListItem","position":3,"name":"YappyGum voodipehmendus, beez"}]},{"@type":"WebSite","@id":"https:\/\/beebipood.ee\/ru\/#website","url":"https:\/\/beebipood.ee\/ru\/","name":"Beebipood","description":"Lastekaubad, beebikaubad, m\u00e4nguasjad","publisher":{"@id":"https:\/\/beebipood.ee\/ru\/#organization"},"potentialAction":[{"@type":"SearchAction","target":{"@type":"EntryPoint","urlTemplate":"https:\/\/beebipood.ee\/ru\/?s={search_term_string}"},"query-input":{"@type":"PropertyValueSpecification","valueRequired":true,"valueName":"search_term_string"}}],"inLanguage":"ru-RU"},{"@type":"Organization","@id":"https:\/\/beebipood.ee\/ru\/#organization","name":"Beebipood","url":"https:\/\/beebipood.ee\/ru\/","logo":{"@type":"ImageObject","inLanguage":"ru-RU","@id":"https:\/\/beebipood.ee\/ru\/#\/schema\/logo\/image\/","url":"https:\/\/beebipood.ee\/wp-content\/uploads\/2025\/03\/beebipood.ee-logo-1.svg","contentUrl":"https:\/\/beebipood.ee\/wp-content\/uploads\/2025\/03\/beebipood.ee-logo-1.svg","caption":"Beebipood"},"image":{"@id":"https:\/\/beebipood.ee\/ru\/#\/schema\/logo\/image\/"}}]}},"brands":[{"id":11969,"name":"YappyKids","slug":"yappykids-ru"}],"_links":{"self":[{"href":"https:\/\/beebipood.ee\/ru\/wp-json\/wp\/v2\/product\/459141","targetHints":{"allow":["GET"]}}],"collection":[{"href":"https:\/\/beebipood.ee\/ru\/wp-json\/wp\/v2\/product"}],"about":[{"href":"https:\/\/beebipood.ee\/ru\/wp-json\/wp\/v2\/types\/product"}],"wp:featuredmedia":[{"embeddable":true,"href":"https:\/\/beebipood.ee\/ru\/wp-json\/wp\/v2\/media\/132952"}],"wp:attachment":[{"href":"https:\/\/beebipood.ee\/ru\/wp-json\/wp\/v2\/media?parent=459141"}],"wp:term":[{"taxonomy":"pwb-brand","embeddable":true,"href":"https:\/\/beebipood.ee\/ru\/wp-json\/wp\/v2\/pwb-brand?post=459141"},{"taxonomy":"product_brand","embeddable":true,"href":"https:\/\/beebipood.ee\/ru\/wp-json\/wp\/v2\/product_brand?post=459141"},{"taxonomy":"product_cat","embeddable":true,"href":"https:\/\/beebipood.ee\/ru\/wp-json\/wp\/v2\/product_cat?post=459141"},{"taxonomy":"product_tag","embeddable":true,"href":"https:\/\/beebipood.ee\/ru\/wp-json\/wp\/v2\/product_tag?post=459141"}],"curies":[{"name":"wp","href":"https:\/\/api.w.org\/{rel}","templated":true}]}}