{"id":459163,"date":"2020-03-28T11:06:49","date_gmt":"2020-03-28T09:06:49","guid":{"rendered":"https:\/\/beebipood.ee\/toode\/yappydome-voodikardin\/"},"modified":"2025-01-09T10:48:31","modified_gmt":"2025-01-09T08:48:31","slug":"yappydome-voodikardin","status":"publish","type":"product","link":"https:\/\/beebipood.ee\/ru\/produkt\/yappydome-voodikardin\/","title":{"rendered":"YappyDome voodikardin"},"content":{"rendered":"<p>YappyKids <br \/>Kingi oma beebile kerge puudutus YappyKids beebi m\u00e4hkimistekiga.<br \/>YappyKids beebi m\u00e4hkimistekk on valmistatud 100% looduslikust puuvillast, <br \/>nii seest kui v\u00e4ljast, et m\u00e4hkides Teie beebit, see oleks soe ja meeldiv beebi tundlikule nahale.<br \/>M\u00e4hkimistekk aitab Teie lapsel tunda end soojalt ja turvaliselt une ajal, &#8216;<br \/>sest lapse keha on \u00fcleni m\u00e4hitud tekki ja s\u00e4ilitab soojust, <br \/>meenutades aistinguid, millised beebil tekkivad, olles vanemate k\u00e4tel.<br \/>See aitab s\u00e4ilitada f\u00fcsioloogiliselt \u00f5ige magamisasendi \u2013 selili<br \/>ja samal ajal tagab seda, et beebi tunneb ennast mugavalt, <br \/>sest on vabalt m\u00e4hitud pannes kokku m\u00f5lemad m\u00e4hkimistekki k\u00fclje\u00e4\u00e4red.<br \/>M\u00e4hkides beebit m\u00e4hkimistekki, selle peatsit saab kasutada mitte ainult m\u00fctsina, <br \/>kuid ka v\u00e4ikese padjana.<\/p>\n<p>M\u00e4hkimistekk on m\u00f5eldud selleks, et Teie oma beebit saaksite m\u00e4hkida mitte ainult seda pannes voodisse, <br \/>vaid ka vankrisse, v\u00f5i hoides k\u00e4tel, ning beebi igas olukorras tunneks ennast mugavalt, soojalt ja turvaliselt.<br \/>M\u00f5\u00f5dud: 35 x 70 cm<\/p>\n","protected":false},"excerpt":{"rendered":"<p>YappyKids Kingi oma beebile kerge puudutus YappyKids beebi m\u00e4hkimistekiga.YappyKids beebi m\u00e4hkimistekk on valmistatud 100% looduslikust puuvillast, nii seest kui v\u00e4ljast, et m\u00e4hkides Teie beebit, see oleks soe ja meeldiv beebi tundlikule nahale.M\u00e4hkimistekk aitab Teie lapsel tunda end soojalt ja turvaliselt une ajal, &#8216;sest lapse keha on \u00fcleni m\u00e4hitud tekki ja s\u00e4ilitab soojust, meenutades aistinguid, millised [&hellip;]<\/p>\n","protected":false},"featured_media":133019,"template":"","meta":{"_acf_changed":false},"pwb-brand":[11969],"product_brand":[],"product_cat":[11613,11763,11709,11789],"product_tag":[],"class_list":{"0":"post-459163","1":"product","2":"type-product","3":"status-publish","4":"has-post-thumbnail","6":"pwb-brand-yappykids-ru","7":"product_cat-voodipesu-ru","8":"product_cat-tekid-padjad-lisad-ru","9":"product_cat-sootmistoolid-beebi-ja-lastetarbed-mahkimine-hugieen-ru","10":"product_cat-lastemoobel-ja-sisustus-ru","11":"pa_manufacturer-yappykids-ru","13":"first","14":"onbackorder","15":"taxable","16":"shipping-taxable","17":"purchasable","18":"product-type-simple"},"exclude_global_add_ons":[],"addons":[],"acf":[],"yoast_head":"<!-- This site is optimized with the Yoast SEO plugin v27.1.1 - https:\/\/yoast.com\/product\/yoast-seo-wordpress\/ -->\n<title>YappyDome voodikardin, \u041f\u043e\u0441\u0442\u0435\u043b\u044c\u043d\u043e\u0435 \u0431\u0435\u043b\u044c\u0435, \u041f\u0440\u0438\u043d\u0430\u0434\u043b\u0435\u0436\u043d\u043e\u0441\u0442\u0438 \u0434\u043b\u044f \u043c\u043b\u0430\u0434\u0435\u043d\u0446\u0435\u0432, \u041e\u0434\u0435\u044f\u043b\u0430, \u043f\u043e\u0434\u0443\u0448\u043a\u0438, \u0434\u043e\u043f\u043e\u043b\u043d\u0435\u043d\u0438\u044f, M\u0435\u0431\u0435\u043b\u044c, YappyKids -20%, Beebipood<\/title>\n<meta name=\"description\" content=\"YappyDome voodikardin, YappyKids Kingi oma beebile kerge puudutus YappyKids beebi m&auml;hkimistekiga.YappyKids beebi m&auml;hkimistekk on valmis\" \/>\n<meta name=\"robots\" content=\"index, follow, max-snippet:-1, max-image-preview:large, max-video-preview:-1\" \/>\n<link rel=\"canonical\" href=\"https:\/\/beebipood.ee\/ru\/produkt\/yappydome-voodikardin\/\" \/>\n<meta property=\"og:locale\" content=\"ru_RU\" \/>\n<meta property=\"og:type\" content=\"article\" \/>\n<meta property=\"og:title\" content=\"YappyDome voodikardin, \u041f\u043e\u0441\u0442\u0435\u043b\u044c\u043d\u043e\u0435 \u0431\u0435\u043b\u044c\u0435, \u041f\u0440\u0438\u043d\u0430\u0434\u043b\u0435\u0436\u043d\u043e\u0441\u0442\u0438 \u0434\u043b\u044f \u043c\u043b\u0430\u0434\u0435\u043d\u0446\u0435\u0432, \u041e\u0434\u0435\u044f\u043b\u0430, \u043f\u043e\u0434\u0443\u0448\u043a\u0438, \u0434\u043e\u043f\u043e\u043b\u043d\u0435\u043d\u0438\u044f, M\u0435\u0431\u0435\u043b\u044c, YappyKids -20%, Beebipood\" \/>\n<meta property=\"og:description\" content=\"YappyDome voodikardin, YappyKids Kingi oma beebile kerge puudutus YappyKids beebi m&auml;hkimistekiga.YappyKids beebi m&auml;hkimistekk on valmis\" \/>\n<meta property=\"og:url\" content=\"https:\/\/beebipood.ee\/ru\/produkt\/yappydome-voodikardin\/\" \/>\n<meta property=\"og:site_name\" content=\"Beebipood\" \/>\n<meta property=\"article:modified_time\" content=\"2025-01-09T08:48:31+00:00\" \/>\n<meta property=\"og:image\" content=\"https:\/\/beebipood.ee\/wp-content\/uploads\/2020\/03\/YappyDome-voodikardin-UUED-TOOTED-Voodipesu-Beebi-ja-lastetarbed-Mahkimismatid-Tekid-padjad-lisad-Lastemoobel-ja-sisustus_1-da2.jpg\" \/>\n\t<meta property=\"og:image:width\" content=\"541\" \/>\n\t<meta property=\"og:image:height\" content=\"600\" \/>\n\t<meta property=\"og:image:type\" content=\"image\/jpeg\" \/>\n<meta name=\"twitter:card\" content=\"summary_large_image\" \/>\n<meta name=\"twitter:label1\" content=\"\u041f\u0440\u0438\u043c\u0435\u0440\u043d\u043e\u0435 \u0432\u0440\u0435\u043c\u044f \u0434\u043b\u044f \u0447\u0442\u0435\u043d\u0438\u044f\" \/>\n\t<meta name=\"twitter:data1\" content=\"1 \u043c\u0438\u043d\u0443\u0442\u0430\" \/>\n<script type=\"application\/ld+json\" class=\"yoast-schema-graph\">{\"@context\":\"https:\/\/schema.org\",\"@graph\":[{\"@type\":\"WebPage\",\"@id\":\"https:\/\/beebipood.ee\/ru\/produkt\/yappydome-voodikardin\/\",\"url\":\"https:\/\/beebipood.ee\/ru\/produkt\/yappydome-voodikardin\/\",\"name\":\"YappyDome voodikardin, \u041f\u043e\u0441\u0442\u0435\u043b\u044c\u043d\u043e\u0435 \u0431\u0435\u043b\u044c\u0435, \u041f\u0440\u0438\u043d\u0430\u0434\u043b\u0435\u0436\u043d\u043e\u0441\u0442\u0438 \u0434\u043b\u044f \u043c\u043b\u0430\u0434\u0435\u043d\u0446\u0435\u0432, \u041e\u0434\u0435\u044f\u043b\u0430, \u043f\u043e\u0434\u0443\u0448\u043a\u0438, \u0434\u043e\u043f\u043e\u043b\u043d\u0435\u043d\u0438\u044f, M\u0435\u0431\u0435\u043b\u044c, YappyKids -20%, Beebipood\",\"isPartOf\":{\"@id\":\"https:\/\/beebipood.ee\/ru\/#website\"},\"primaryImageOfPage\":{\"@id\":\"https:\/\/beebipood.ee\/ru\/produkt\/yappydome-voodikardin\/#primaryimage\"},\"image\":{\"@id\":\"https:\/\/beebipood.ee\/ru\/produkt\/yappydome-voodikardin\/#primaryimage\"},\"thumbnailUrl\":\"https:\/\/beebipood.ee\/wp-content\/uploads\/2020\/03\/YappyDome-voodikardin-UUED-TOOTED-Voodipesu-Beebi-ja-lastetarbed-Mahkimismatid-Tekid-padjad-lisad-Lastemoobel-ja-sisustus_1-da2.jpg\",\"datePublished\":\"2020-03-28T09:06:49+00:00\",\"dateModified\":\"2025-01-09T08:48:31+00:00\",\"description\":\"YappyDome voodikardin, YappyKids Kingi oma beebile kerge puudutus YappyKids beebi m&auml;hkimistekiga.YappyKids beebi m&auml;hkimistekk on valmis\",\"breadcrumb\":{\"@id\":\"https:\/\/beebipood.ee\/ru\/produkt\/yappydome-voodikardin\/#breadcrumb\"},\"inLanguage\":\"ru-RU\",\"potentialAction\":[{\"@type\":\"ReadAction\",\"target\":[\"https:\/\/beebipood.ee\/ru\/produkt\/yappydome-voodikardin\/\"]}]},{\"@type\":\"ImageObject\",\"inLanguage\":\"ru-RU\",\"@id\":\"https:\/\/beebipood.ee\/ru\/produkt\/yappydome-voodikardin\/#primaryimage\",\"url\":\"https:\/\/beebipood.ee\/wp-content\/uploads\/2020\/03\/YappyDome-voodikardin-UUED-TOOTED-Voodipesu-Beebi-ja-lastetarbed-Mahkimismatid-Tekid-padjad-lisad-Lastemoobel-ja-sisustus_1-da2.jpg\",\"contentUrl\":\"https:\/\/beebipood.ee\/wp-content\/uploads\/2020\/03\/YappyDome-voodikardin-UUED-TOOTED-Voodipesu-Beebi-ja-lastetarbed-Mahkimismatid-Tekid-padjad-lisad-Lastemoobel-ja-sisustus_1-da2.jpg\",\"width\":541,\"height\":600},{\"@type\":\"BreadcrumbList\",\"@id\":\"https:\/\/beebipood.ee\/ru\/produkt\/yappydome-voodikardin\/#breadcrumb\",\"itemListElement\":[{\"@type\":\"ListItem\",\"position\":1,\"name\":\"Home\",\"item\":\"https:\/\/beebipood.ee\/ru\/\"},{\"@type\":\"ListItem\",\"position\":2,\"name\":\"\u041a\u0430\u0442\u0430\u043b\u043e\u0433 \u0442\u043e\u0432\u0430\u0440\u043e\u0432\",\"item\":\"https:\/\/beebipood.ee\/tooted\/\"},{\"@type\":\"ListItem\",\"position\":3,\"name\":\"YappyDome voodikardin\"}]},{\"@type\":\"WebSite\",\"@id\":\"https:\/\/beebipood.ee\/ru\/#website\",\"url\":\"https:\/\/beebipood.ee\/ru\/\",\"name\":\"Beebipood\",\"description\":\"Lastekaubad, beebikaubad, m\u00e4nguasjad\",\"publisher\":{\"@id\":\"https:\/\/beebipood.ee\/ru\/#organization\"},\"potentialAction\":[{\"@type\":\"SearchAction\",\"target\":{\"@type\":\"EntryPoint\",\"urlTemplate\":\"https:\/\/beebipood.ee\/ru\/?s={search_term_string}\"},\"query-input\":{\"@type\":\"PropertyValueSpecification\",\"valueRequired\":true,\"valueName\":\"search_term_string\"}}],\"inLanguage\":\"ru-RU\"},{\"@type\":\"Organization\",\"@id\":\"https:\/\/beebipood.ee\/ru\/#organization\",\"name\":\"Beebipood\",\"url\":\"https:\/\/beebipood.ee\/ru\/\",\"logo\":{\"@type\":\"ImageObject\",\"inLanguage\":\"ru-RU\",\"@id\":\"https:\/\/beebipood.ee\/ru\/#\/schema\/logo\/image\/\",\"url\":\"https:\/\/beebipood.ee\/wp-content\/uploads\/2025\/03\/beebipood.ee-logo-1.svg\",\"contentUrl\":\"https:\/\/beebipood.ee\/wp-content\/uploads\/2025\/03\/beebipood.ee-logo-1.svg\",\"caption\":\"Beebipood\"},\"image\":{\"@id\":\"https:\/\/beebipood.ee\/ru\/#\/schema\/logo\/image\/\"}}]}<\/script>\n<!-- \/ Yoast SEO plugin. -->","yoast_head_json":{"title":"YappyDome voodikardin, \u041f\u043e\u0441\u0442\u0435\u043b\u044c\u043d\u043e\u0435 \u0431\u0435\u043b\u044c\u0435, \u041f\u0440\u0438\u043d\u0430\u0434\u043b\u0435\u0436\u043d\u043e\u0441\u0442\u0438 \u0434\u043b\u044f \u043c\u043b\u0430\u0434\u0435\u043d\u0446\u0435\u0432, \u041e\u0434\u0435\u044f\u043b\u0430, \u043f\u043e\u0434\u0443\u0448\u043a\u0438, \u0434\u043e\u043f\u043e\u043b\u043d\u0435\u043d\u0438\u044f, M\u0435\u0431\u0435\u043b\u044c, YappyKids -20%, Beebipood","description":"YappyDome voodikardin, YappyKids Kingi oma beebile kerge puudutus YappyKids beebi m&auml;hkimistekiga.YappyKids beebi m&auml;hkimistekk on valmis","robots":{"index":"index","follow":"follow","max-snippet":"max-snippet:-1","max-image-preview":"max-image-preview:large","max-video-preview":"max-video-preview:-1"},"canonical":"https:\/\/beebipood.ee\/ru\/produkt\/yappydome-voodikardin\/","og_locale":"ru_RU","og_type":"article","og_title":"YappyDome voodikardin, \u041f\u043e\u0441\u0442\u0435\u043b\u044c\u043d\u043e\u0435 \u0431\u0435\u043b\u044c\u0435, \u041f\u0440\u0438\u043d\u0430\u0434\u043b\u0435\u0436\u043d\u043e\u0441\u0442\u0438 \u0434\u043b\u044f \u043c\u043b\u0430\u0434\u0435\u043d\u0446\u0435\u0432, \u041e\u0434\u0435\u044f\u043b\u0430, \u043f\u043e\u0434\u0443\u0448\u043a\u0438, \u0434\u043e\u043f\u043e\u043b\u043d\u0435\u043d\u0438\u044f, M\u0435\u0431\u0435\u043b\u044c, YappyKids -20%, Beebipood","og_description":"YappyDome voodikardin, YappyKids Kingi oma beebile kerge puudutus YappyKids beebi m&auml;hkimistekiga.YappyKids beebi m&auml;hkimistekk on valmis","og_url":"https:\/\/beebipood.ee\/ru\/produkt\/yappydome-voodikardin\/","og_site_name":"Beebipood","article_modified_time":"2025-01-09T08:48:31+00:00","og_image":[{"width":541,"height":600,"url":"https:\/\/beebipood.ee\/wp-content\/uploads\/2020\/03\/YappyDome-voodikardin-UUED-TOOTED-Voodipesu-Beebi-ja-lastetarbed-Mahkimismatid-Tekid-padjad-lisad-Lastemoobel-ja-sisustus_1-da2.jpg","type":"image\/jpeg"}],"twitter_card":"summary_large_image","twitter_misc":{"\u041f\u0440\u0438\u043c\u0435\u0440\u043d\u043e\u0435 \u0432\u0440\u0435\u043c\u044f \u0434\u043b\u044f \u0447\u0442\u0435\u043d\u0438\u044f":"1 \u043c\u0438\u043d\u0443\u0442\u0430"},"schema":{"@context":"https:\/\/schema.org","@graph":[{"@type":"WebPage","@id":"https:\/\/beebipood.ee\/ru\/produkt\/yappydome-voodikardin\/","url":"https:\/\/beebipood.ee\/ru\/produkt\/yappydome-voodikardin\/","name":"YappyDome voodikardin, \u041f\u043e\u0441\u0442\u0435\u043b\u044c\u043d\u043e\u0435 \u0431\u0435\u043b\u044c\u0435, \u041f\u0440\u0438\u043d\u0430\u0434\u043b\u0435\u0436\u043d\u043e\u0441\u0442\u0438 \u0434\u043b\u044f \u043c\u043b\u0430\u0434\u0435\u043d\u0446\u0435\u0432, \u041e\u0434\u0435\u044f\u043b\u0430, \u043f\u043e\u0434\u0443\u0448\u043a\u0438, \u0434\u043e\u043f\u043e\u043b\u043d\u0435\u043d\u0438\u044f, M\u0435\u0431\u0435\u043b\u044c, YappyKids -20%, Beebipood","isPartOf":{"@id":"https:\/\/beebipood.ee\/ru\/#website"},"primaryImageOfPage":{"@id":"https:\/\/beebipood.ee\/ru\/produkt\/yappydome-voodikardin\/#primaryimage"},"image":{"@id":"https:\/\/beebipood.ee\/ru\/produkt\/yappydome-voodikardin\/#primaryimage"},"thumbnailUrl":"https:\/\/beebipood.ee\/wp-content\/uploads\/2020\/03\/YappyDome-voodikardin-UUED-TOOTED-Voodipesu-Beebi-ja-lastetarbed-Mahkimismatid-Tekid-padjad-lisad-Lastemoobel-ja-sisustus_1-da2.jpg","datePublished":"2020-03-28T09:06:49+00:00","dateModified":"2025-01-09T08:48:31+00:00","description":"YappyDome voodikardin, YappyKids Kingi oma beebile kerge puudutus YappyKids beebi m&auml;hkimistekiga.YappyKids beebi m&auml;hkimistekk on valmis","breadcrumb":{"@id":"https:\/\/beebipood.ee\/ru\/produkt\/yappydome-voodikardin\/#breadcrumb"},"inLanguage":"ru-RU","potentialAction":[{"@type":"ReadAction","target":["https:\/\/beebipood.ee\/ru\/produkt\/yappydome-voodikardin\/"]}]},{"@type":"ImageObject","inLanguage":"ru-RU","@id":"https:\/\/beebipood.ee\/ru\/produkt\/yappydome-voodikardin\/#primaryimage","url":"https:\/\/beebipood.ee\/wp-content\/uploads\/2020\/03\/YappyDome-voodikardin-UUED-TOOTED-Voodipesu-Beebi-ja-lastetarbed-Mahkimismatid-Tekid-padjad-lisad-Lastemoobel-ja-sisustus_1-da2.jpg","contentUrl":"https:\/\/beebipood.ee\/wp-content\/uploads\/2020\/03\/YappyDome-voodikardin-UUED-TOOTED-Voodipesu-Beebi-ja-lastetarbed-Mahkimismatid-Tekid-padjad-lisad-Lastemoobel-ja-sisustus_1-da2.jpg","width":541,"height":600},{"@type":"BreadcrumbList","@id":"https:\/\/beebipood.ee\/ru\/produkt\/yappydome-voodikardin\/#breadcrumb","itemListElement":[{"@type":"ListItem","position":1,"name":"Home","item":"https:\/\/beebipood.ee\/ru\/"},{"@type":"ListItem","position":2,"name":"\u041a\u0430\u0442\u0430\u043b\u043e\u0433 \u0442\u043e\u0432\u0430\u0440\u043e\u0432","item":"https:\/\/beebipood.ee\/tooted\/"},{"@type":"ListItem","position":3,"name":"YappyDome voodikardin"}]},{"@type":"WebSite","@id":"https:\/\/beebipood.ee\/ru\/#website","url":"https:\/\/beebipood.ee\/ru\/","name":"Beebipood","description":"Lastekaubad, beebikaubad, m\u00e4nguasjad","publisher":{"@id":"https:\/\/beebipood.ee\/ru\/#organization"},"potentialAction":[{"@type":"SearchAction","target":{"@type":"EntryPoint","urlTemplate":"https:\/\/beebipood.ee\/ru\/?s={search_term_string}"},"query-input":{"@type":"PropertyValueSpecification","valueRequired":true,"valueName":"search_term_string"}}],"inLanguage":"ru-RU"},{"@type":"Organization","@id":"https:\/\/beebipood.ee\/ru\/#organization","name":"Beebipood","url":"https:\/\/beebipood.ee\/ru\/","logo":{"@type":"ImageObject","inLanguage":"ru-RU","@id":"https:\/\/beebipood.ee\/ru\/#\/schema\/logo\/image\/","url":"https:\/\/beebipood.ee\/wp-content\/uploads\/2025\/03\/beebipood.ee-logo-1.svg","contentUrl":"https:\/\/beebipood.ee\/wp-content\/uploads\/2025\/03\/beebipood.ee-logo-1.svg","caption":"Beebipood"},"image":{"@id":"https:\/\/beebipood.ee\/ru\/#\/schema\/logo\/image\/"}}]}},"brands":[{"id":11969,"name":"YappyKids","slug":"yappykids-ru"}],"_links":{"self":[{"href":"https:\/\/beebipood.ee\/ru\/wp-json\/wp\/v2\/product\/459163","targetHints":{"allow":["GET"]}}],"collection":[{"href":"https:\/\/beebipood.ee\/ru\/wp-json\/wp\/v2\/product"}],"about":[{"href":"https:\/\/beebipood.ee\/ru\/wp-json\/wp\/v2\/types\/product"}],"wp:featuredmedia":[{"embeddable":true,"href":"https:\/\/beebipood.ee\/ru\/wp-json\/wp\/v2\/media\/133019"}],"wp:attachment":[{"href":"https:\/\/beebipood.ee\/ru\/wp-json\/wp\/v2\/media?parent=459163"}],"wp:term":[{"taxonomy":"pwb-brand","embeddable":true,"href":"https:\/\/beebipood.ee\/ru\/wp-json\/wp\/v2\/pwb-brand?post=459163"},{"taxonomy":"product_brand","embeddable":true,"href":"https:\/\/beebipood.ee\/ru\/wp-json\/wp\/v2\/product_brand?post=459163"},{"taxonomy":"product_cat","embeddable":true,"href":"https:\/\/beebipood.ee\/ru\/wp-json\/wp\/v2\/product_cat?post=459163"},{"taxonomy":"product_tag","embeddable":true,"href":"https:\/\/beebipood.ee\/ru\/wp-json\/wp\/v2\/product_tag?post=459163"}],"curies":[{"name":"wp","href":"https:\/\/api.w.org\/{rel}","templated":true}]}}