{"id":459167,"date":"2020-03-28T17:08:11","date_gmt":"2020-03-28T15:08:11","guid":{"rendered":"https:\/\/beebipood.ee\/toode\/yappyqu-beebivoodi-valge\/"},"modified":"2025-01-09T10:48:31","modified_gmt":"2025-01-09T08:48:31","slug":"yappyqu-beebivoodi-valge","status":"publish","type":"product","link":"https:\/\/beebipood.ee\/ru\/produkt\/yappyqu-beebivoodi-valge\/","title":{"rendered":"YappyQu beebivoodi, valge"},"content":{"rendered":"<p>YappyKids<\/p>\n<p>Lastevoodi YappyQu \u2013 klassikalise stiili suurep\u00e4rane esindaja. <br \/>Voodi k\u00f5ik detailid ja \u00e4\u00e4red on \u00fcmardatud nurkadega. <br \/>Viimistluses kasutatakse vaid vesialusel v\u00e4rve ja lakke. <br \/>Selleks, et veenduda voodite ohutuses ja usaldusv\u00e4\u00e4rsuses, <br \/>on voodeid testitud vastavalt Euroopa Liidu standardile EN 716-1:2017+AC:2019. <br \/>Yappy Kids l\u00e4bis k\u00f5ik vajalikud testid kiitusega.<br \/>Materjal: kask<br \/>Madratsi soovitatavad m\u00f5\u00f5dud: 120 \u0445 60 cm<br \/>Madratsip\u00f5hjal 3 k\u00f5rgust<br \/>\u00dche k\u00e4e abil avatav pool<br \/>YappyProtection: spetsiaalselt plastkatted<br \/>Yappy Long-life: 3 v\u00e4ljat\u00f5mmatavat latti fikseeritud k\u00fcljel<br \/>Lastevoodi on sertifitseeritud normi \u0415\u0421:EN 716-1:2017+AC:2019 j\u00e4rgi.<br \/>Lakid ja v\u00e4rvid vesialuselised.<\/p>\n<p>Astmeline madratsi k\u00f5rgus:<br \/>1. k\u00f5rgus: 58 cm + 9 cm paksune madrats<br \/>2. k\u00f5rgus: 45 cm + 9 cm paksune madrats<br \/>3. k\u00f5rgus: 28 cm + 9 cm paksune madrats<\/p>\n","protected":false},"excerpt":{"rendered":"<p>YappyKids Lastevoodi YappyQu \u2013 klassikalise stiili suurep\u00e4rane esindaja. Voodi k\u00f5ik detailid ja \u00e4\u00e4red on \u00fcmardatud nurkadega. Viimistluses kasutatakse vaid vesialusel v\u00e4rve ja lakke. Selleks, et veenduda voodite ohutuses ja usaldusv\u00e4\u00e4rsuses, on voodeid testitud vastavalt Euroopa Liidu standardile EN 716-1:2017+AC:2019. Yappy Kids l\u00e4bis k\u00f5ik vajalikud testid kiitusega.Materjal: kaskMadratsi soovitatavad m\u00f5\u00f5dud: 120 \u0445 60 cmMadratsip\u00f5hjal 3 k\u00f5rgust\u00dche [&hellip;]<\/p>\n","protected":false},"featured_media":133031,"template":"","meta":{"_acf_changed":false},"pwb-brand":[11969],"product_brand":[],"product_cat":[11567,11745,11553,11789,11793],"product_tag":[],"class_list":{"0":"post-459167","1":"product","2":"type-product","3":"status-publish","4":"has-post-thumbnail","6":"pwb-brand-yappykids-ru","7":"product_cat-vorevoodid-ru","8":"product_cat-madratsile-60x120-ru","9":"product_cat-beebivoodid-reisivoodid-hallid-ru","10":"product_cat-lastemoobel-ja-sisustus-ru","11":"product_cat-laos-ru","12":"pa_manufacturer-yappykids-ru","14":"first","15":"onbackorder","16":"sale","17":"taxable","18":"shipping-taxable","19":"purchasable","20":"product-type-simple"},"exclude_global_add_ons":[],"addons":[],"acf":[],"yoast_head":"<!-- This site is optimized with the Yoast SEO plugin v27.1.1 - https:\/\/yoast.com\/product\/yoast-seo-wordpress\/ -->\n<title>YappyQu beebivoodi, valge, \u0414\u0435\u0442\u0441\u043a\u0438e \u043a\u0440\u043e\u0432\u0430\u0442\u043a\u0438, \u043f\u0435\u0440\u0435\u043d\u043e\u0441\u043d\u044b\u0435 \u043a\u0440\u043e\u0432\u0430\u0442\u043a\u0438, \u043b\u044e\u043b\u044c\u043a\u0438, \u0414\u0435\u0442\u0441\u043a\u0438e \u043a\u0440\u043e\u0432\u0430\u0442\u043a\u0438, \u043c\u0430\u0442\u0440\u0430\u0441 60x120, M\u0435\u0431\u0435\u043b\u044c, Ha c\u043a\u043b\u0430\u0434\u0435, YappyKids -20%, Beebipood<\/title>\n<meta name=\"description\" content=\"YappyQu beebivoodi, valge, YappyKids Lastevoodi YappyQu &ndash; klassikalise stiili suurep&auml;rane esindaja. Voodi k&otilde;ik detailid ja &amp;a\" \/>\n<meta name=\"robots\" content=\"index, follow, max-snippet:-1, max-image-preview:large, max-video-preview:-1\" \/>\n<link rel=\"canonical\" href=\"https:\/\/beebipood.ee\/ru\/produkt\/yappyqu-beebivoodi-valge\/\" \/>\n<meta property=\"og:locale\" content=\"ru_RU\" \/>\n<meta property=\"og:type\" content=\"article\" \/>\n<meta property=\"og:title\" content=\"YappyQu beebivoodi, valge, \u0414\u0435\u0442\u0441\u043a\u0438e \u043a\u0440\u043e\u0432\u0430\u0442\u043a\u0438, \u043f\u0435\u0440\u0435\u043d\u043e\u0441\u043d\u044b\u0435 \u043a\u0440\u043e\u0432\u0430\u0442\u043a\u0438, \u043b\u044e\u043b\u044c\u043a\u0438, \u0414\u0435\u0442\u0441\u043a\u0438e \u043a\u0440\u043e\u0432\u0430\u0442\u043a\u0438, \u043c\u0430\u0442\u0440\u0430\u0441 60x120, M\u0435\u0431\u0435\u043b\u044c, Ha c\u043a\u043b\u0430\u0434\u0435, YappyKids -20%, Beebipood\" \/>\n<meta property=\"og:description\" content=\"YappyQu beebivoodi, valge, YappyKids Lastevoodi YappyQu &ndash; klassikalise stiili suurep&auml;rane esindaja. Voodi k&otilde;ik detailid ja &amp;a\" \/>\n<meta property=\"og:url\" content=\"https:\/\/beebipood.ee\/ru\/produkt\/yappyqu-beebivoodi-valge\/\" \/>\n<meta property=\"og:site_name\" content=\"Beebipood\" \/>\n<meta property=\"article:modified_time\" content=\"2025-01-09T08:48:31+00:00\" \/>\n<meta property=\"og:image\" content=\"https:\/\/beebipood.ee\/wp-content\/uploads\/2020\/03\/YappyQu-beebivoodi-valge-Beebivoodid-reisivoodid-hallid-Vorevoodid-madratsile-60x120-Lastemoobel-ja-sisustus-Laos-YappyKids-20_2-8fd.jpg\" \/>\n\t<meta property=\"og:image:width\" content=\"900\" \/>\n\t<meta property=\"og:image:height\" content=\"836\" \/>\n\t<meta property=\"og:image:type\" content=\"image\/jpeg\" \/>\n<meta name=\"twitter:card\" content=\"summary_large_image\" \/>\n<meta name=\"twitter:label1\" content=\"\u041f\u0440\u0438\u043c\u0435\u0440\u043d\u043e\u0435 \u0432\u0440\u0435\u043c\u044f \u0434\u043b\u044f \u0447\u0442\u0435\u043d\u0438\u044f\" \/>\n\t<meta name=\"twitter:data1\" content=\"1 \u043c\u0438\u043d\u0443\u0442\u0430\" \/>\n<script type=\"application\/ld+json\" class=\"yoast-schema-graph\">{\"@context\":\"https:\/\/schema.org\",\"@graph\":[{\"@type\":\"WebPage\",\"@id\":\"https:\/\/beebipood.ee\/ru\/produkt\/yappyqu-beebivoodi-valge\/\",\"url\":\"https:\/\/beebipood.ee\/ru\/produkt\/yappyqu-beebivoodi-valge\/\",\"name\":\"YappyQu beebivoodi, valge, \u0414\u0435\u0442\u0441\u043a\u0438e \u043a\u0440\u043e\u0432\u0430\u0442\u043a\u0438, \u043f\u0435\u0440\u0435\u043d\u043e\u0441\u043d\u044b\u0435 \u043a\u0440\u043e\u0432\u0430\u0442\u043a\u0438, \u043b\u044e\u043b\u044c\u043a\u0438, \u0414\u0435\u0442\u0441\u043a\u0438e \u043a\u0440\u043e\u0432\u0430\u0442\u043a\u0438, \u043c\u0430\u0442\u0440\u0430\u0441 60x120, M\u0435\u0431\u0435\u043b\u044c, Ha c\u043a\u043b\u0430\u0434\u0435, YappyKids -20%, Beebipood\",\"isPartOf\":{\"@id\":\"https:\/\/beebipood.ee\/ru\/#website\"},\"primaryImageOfPage\":{\"@id\":\"https:\/\/beebipood.ee\/ru\/produkt\/yappyqu-beebivoodi-valge\/#primaryimage\"},\"image\":{\"@id\":\"https:\/\/beebipood.ee\/ru\/produkt\/yappyqu-beebivoodi-valge\/#primaryimage\"},\"thumbnailUrl\":\"https:\/\/beebipood.ee\/wp-content\/uploads\/2020\/03\/YappyQu-beebivoodi-valge-Beebivoodid-reisivoodid-hallid-Vorevoodid-madratsile-60x120-Lastemoobel-ja-sisustus-Laos-YappyKids-20_2-8fd.jpg\",\"datePublished\":\"2020-03-28T15:08:11+00:00\",\"dateModified\":\"2025-01-09T08:48:31+00:00\",\"description\":\"YappyQu beebivoodi, valge, YappyKids Lastevoodi YappyQu &ndash; klassikalise stiili suurep&auml;rane esindaja. Voodi k&otilde;ik detailid ja &a\",\"breadcrumb\":{\"@id\":\"https:\/\/beebipood.ee\/ru\/produkt\/yappyqu-beebivoodi-valge\/#breadcrumb\"},\"inLanguage\":\"ru-RU\",\"potentialAction\":[{\"@type\":\"ReadAction\",\"target\":[\"https:\/\/beebipood.ee\/ru\/produkt\/yappyqu-beebivoodi-valge\/\"]}]},{\"@type\":\"ImageObject\",\"inLanguage\":\"ru-RU\",\"@id\":\"https:\/\/beebipood.ee\/ru\/produkt\/yappyqu-beebivoodi-valge\/#primaryimage\",\"url\":\"https:\/\/beebipood.ee\/wp-content\/uploads\/2020\/03\/YappyQu-beebivoodi-valge-Beebivoodid-reisivoodid-hallid-Vorevoodid-madratsile-60x120-Lastemoobel-ja-sisustus-Laos-YappyKids-20_2-8fd.jpg\",\"contentUrl\":\"https:\/\/beebipood.ee\/wp-content\/uploads\/2020\/03\/YappyQu-beebivoodi-valge-Beebivoodid-reisivoodid-hallid-Vorevoodid-madratsile-60x120-Lastemoobel-ja-sisustus-Laos-YappyKids-20_2-8fd.jpg\",\"width\":900,\"height\":836},{\"@type\":\"BreadcrumbList\",\"@id\":\"https:\/\/beebipood.ee\/ru\/produkt\/yappyqu-beebivoodi-valge\/#breadcrumb\",\"itemListElement\":[{\"@type\":\"ListItem\",\"position\":1,\"name\":\"Home\",\"item\":\"https:\/\/beebipood.ee\/ru\/\"},{\"@type\":\"ListItem\",\"position\":2,\"name\":\"\u041a\u0430\u0442\u0430\u043b\u043e\u0433 \u0442\u043e\u0432\u0430\u0440\u043e\u0432\",\"item\":\"https:\/\/beebipood.ee\/tooted\/\"},{\"@type\":\"ListItem\",\"position\":3,\"name\":\"YappyQu beebivoodi, valge\"}]},{\"@type\":\"WebSite\",\"@id\":\"https:\/\/beebipood.ee\/ru\/#website\",\"url\":\"https:\/\/beebipood.ee\/ru\/\",\"name\":\"Beebipood\",\"description\":\"Lastekaubad, beebikaubad, m\u00e4nguasjad\",\"publisher\":{\"@id\":\"https:\/\/beebipood.ee\/ru\/#organization\"},\"potentialAction\":[{\"@type\":\"SearchAction\",\"target\":{\"@type\":\"EntryPoint\",\"urlTemplate\":\"https:\/\/beebipood.ee\/ru\/?s={search_term_string}\"},\"query-input\":{\"@type\":\"PropertyValueSpecification\",\"valueRequired\":true,\"valueName\":\"search_term_string\"}}],\"inLanguage\":\"ru-RU\"},{\"@type\":\"Organization\",\"@id\":\"https:\/\/beebipood.ee\/ru\/#organization\",\"name\":\"Beebipood\",\"url\":\"https:\/\/beebipood.ee\/ru\/\",\"logo\":{\"@type\":\"ImageObject\",\"inLanguage\":\"ru-RU\",\"@id\":\"https:\/\/beebipood.ee\/ru\/#\/schema\/logo\/image\/\",\"url\":\"https:\/\/beebipood.ee\/wp-content\/uploads\/2025\/03\/beebipood.ee-logo-1.svg\",\"contentUrl\":\"https:\/\/beebipood.ee\/wp-content\/uploads\/2025\/03\/beebipood.ee-logo-1.svg\",\"caption\":\"Beebipood\"},\"image\":{\"@id\":\"https:\/\/beebipood.ee\/ru\/#\/schema\/logo\/image\/\"}}]}<\/script>\n<!-- \/ Yoast SEO plugin. -->","yoast_head_json":{"title":"YappyQu beebivoodi, valge, \u0414\u0435\u0442\u0441\u043a\u0438e \u043a\u0440\u043e\u0432\u0430\u0442\u043a\u0438, \u043f\u0435\u0440\u0435\u043d\u043e\u0441\u043d\u044b\u0435 \u043a\u0440\u043e\u0432\u0430\u0442\u043a\u0438, \u043b\u044e\u043b\u044c\u043a\u0438, \u0414\u0435\u0442\u0441\u043a\u0438e \u043a\u0440\u043e\u0432\u0430\u0442\u043a\u0438, \u043c\u0430\u0442\u0440\u0430\u0441 60x120, M\u0435\u0431\u0435\u043b\u044c, Ha c\u043a\u043b\u0430\u0434\u0435, YappyKids -20%, Beebipood","description":"YappyQu beebivoodi, valge, YappyKids Lastevoodi YappyQu &ndash; klassikalise stiili suurep&auml;rane esindaja. Voodi k&otilde;ik detailid ja &a","robots":{"index":"index","follow":"follow","max-snippet":"max-snippet:-1","max-image-preview":"max-image-preview:large","max-video-preview":"max-video-preview:-1"},"canonical":"https:\/\/beebipood.ee\/ru\/produkt\/yappyqu-beebivoodi-valge\/","og_locale":"ru_RU","og_type":"article","og_title":"YappyQu beebivoodi, valge, \u0414\u0435\u0442\u0441\u043a\u0438e \u043a\u0440\u043e\u0432\u0430\u0442\u043a\u0438, \u043f\u0435\u0440\u0435\u043d\u043e\u0441\u043d\u044b\u0435 \u043a\u0440\u043e\u0432\u0430\u0442\u043a\u0438, \u043b\u044e\u043b\u044c\u043a\u0438, \u0414\u0435\u0442\u0441\u043a\u0438e \u043a\u0440\u043e\u0432\u0430\u0442\u043a\u0438, \u043c\u0430\u0442\u0440\u0430\u0441 60x120, M\u0435\u0431\u0435\u043b\u044c, Ha c\u043a\u043b\u0430\u0434\u0435, YappyKids -20%, Beebipood","og_description":"YappyQu beebivoodi, valge, YappyKids Lastevoodi YappyQu &ndash; klassikalise stiili suurep&auml;rane esindaja. Voodi k&otilde;ik detailid ja &a","og_url":"https:\/\/beebipood.ee\/ru\/produkt\/yappyqu-beebivoodi-valge\/","og_site_name":"Beebipood","article_modified_time":"2025-01-09T08:48:31+00:00","og_image":[{"width":900,"height":836,"url":"https:\/\/beebipood.ee\/wp-content\/uploads\/2020\/03\/YappyQu-beebivoodi-valge-Beebivoodid-reisivoodid-hallid-Vorevoodid-madratsile-60x120-Lastemoobel-ja-sisustus-Laos-YappyKids-20_2-8fd.jpg","type":"image\/jpeg"}],"twitter_card":"summary_large_image","twitter_misc":{"\u041f\u0440\u0438\u043c\u0435\u0440\u043d\u043e\u0435 \u0432\u0440\u0435\u043c\u044f \u0434\u043b\u044f \u0447\u0442\u0435\u043d\u0438\u044f":"1 \u043c\u0438\u043d\u0443\u0442\u0430"},"schema":{"@context":"https:\/\/schema.org","@graph":[{"@type":"WebPage","@id":"https:\/\/beebipood.ee\/ru\/produkt\/yappyqu-beebivoodi-valge\/","url":"https:\/\/beebipood.ee\/ru\/produkt\/yappyqu-beebivoodi-valge\/","name":"YappyQu beebivoodi, valge, \u0414\u0435\u0442\u0441\u043a\u0438e \u043a\u0440\u043e\u0432\u0430\u0442\u043a\u0438, \u043f\u0435\u0440\u0435\u043d\u043e\u0441\u043d\u044b\u0435 \u043a\u0440\u043e\u0432\u0430\u0442\u043a\u0438, \u043b\u044e\u043b\u044c\u043a\u0438, \u0414\u0435\u0442\u0441\u043a\u0438e \u043a\u0440\u043e\u0432\u0430\u0442\u043a\u0438, \u043c\u0430\u0442\u0440\u0430\u0441 60x120, M\u0435\u0431\u0435\u043b\u044c, Ha c\u043a\u043b\u0430\u0434\u0435, YappyKids -20%, Beebipood","isPartOf":{"@id":"https:\/\/beebipood.ee\/ru\/#website"},"primaryImageOfPage":{"@id":"https:\/\/beebipood.ee\/ru\/produkt\/yappyqu-beebivoodi-valge\/#primaryimage"},"image":{"@id":"https:\/\/beebipood.ee\/ru\/produkt\/yappyqu-beebivoodi-valge\/#primaryimage"},"thumbnailUrl":"https:\/\/beebipood.ee\/wp-content\/uploads\/2020\/03\/YappyQu-beebivoodi-valge-Beebivoodid-reisivoodid-hallid-Vorevoodid-madratsile-60x120-Lastemoobel-ja-sisustus-Laos-YappyKids-20_2-8fd.jpg","datePublished":"2020-03-28T15:08:11+00:00","dateModified":"2025-01-09T08:48:31+00:00","description":"YappyQu beebivoodi, valge, YappyKids Lastevoodi YappyQu &ndash; klassikalise stiili suurep&auml;rane esindaja. Voodi k&otilde;ik detailid ja &a","breadcrumb":{"@id":"https:\/\/beebipood.ee\/ru\/produkt\/yappyqu-beebivoodi-valge\/#breadcrumb"},"inLanguage":"ru-RU","potentialAction":[{"@type":"ReadAction","target":["https:\/\/beebipood.ee\/ru\/produkt\/yappyqu-beebivoodi-valge\/"]}]},{"@type":"ImageObject","inLanguage":"ru-RU","@id":"https:\/\/beebipood.ee\/ru\/produkt\/yappyqu-beebivoodi-valge\/#primaryimage","url":"https:\/\/beebipood.ee\/wp-content\/uploads\/2020\/03\/YappyQu-beebivoodi-valge-Beebivoodid-reisivoodid-hallid-Vorevoodid-madratsile-60x120-Lastemoobel-ja-sisustus-Laos-YappyKids-20_2-8fd.jpg","contentUrl":"https:\/\/beebipood.ee\/wp-content\/uploads\/2020\/03\/YappyQu-beebivoodi-valge-Beebivoodid-reisivoodid-hallid-Vorevoodid-madratsile-60x120-Lastemoobel-ja-sisustus-Laos-YappyKids-20_2-8fd.jpg","width":900,"height":836},{"@type":"BreadcrumbList","@id":"https:\/\/beebipood.ee\/ru\/produkt\/yappyqu-beebivoodi-valge\/#breadcrumb","itemListElement":[{"@type":"ListItem","position":1,"name":"Home","item":"https:\/\/beebipood.ee\/ru\/"},{"@type":"ListItem","position":2,"name":"\u041a\u0430\u0442\u0430\u043b\u043e\u0433 \u0442\u043e\u0432\u0430\u0440\u043e\u0432","item":"https:\/\/beebipood.ee\/tooted\/"},{"@type":"ListItem","position":3,"name":"YappyQu beebivoodi, valge"}]},{"@type":"WebSite","@id":"https:\/\/beebipood.ee\/ru\/#website","url":"https:\/\/beebipood.ee\/ru\/","name":"Beebipood","description":"Lastekaubad, beebikaubad, m\u00e4nguasjad","publisher":{"@id":"https:\/\/beebipood.ee\/ru\/#organization"},"potentialAction":[{"@type":"SearchAction","target":{"@type":"EntryPoint","urlTemplate":"https:\/\/beebipood.ee\/ru\/?s={search_term_string}"},"query-input":{"@type":"PropertyValueSpecification","valueRequired":true,"valueName":"search_term_string"}}],"inLanguage":"ru-RU"},{"@type":"Organization","@id":"https:\/\/beebipood.ee\/ru\/#organization","name":"Beebipood","url":"https:\/\/beebipood.ee\/ru\/","logo":{"@type":"ImageObject","inLanguage":"ru-RU","@id":"https:\/\/beebipood.ee\/ru\/#\/schema\/logo\/image\/","url":"https:\/\/beebipood.ee\/wp-content\/uploads\/2025\/03\/beebipood.ee-logo-1.svg","contentUrl":"https:\/\/beebipood.ee\/wp-content\/uploads\/2025\/03\/beebipood.ee-logo-1.svg","caption":"Beebipood"},"image":{"@id":"https:\/\/beebipood.ee\/ru\/#\/schema\/logo\/image\/"}}]}},"brands":[{"id":11969,"name":"YappyKids","slug":"yappykids-ru"}],"_links":{"self":[{"href":"https:\/\/beebipood.ee\/ru\/wp-json\/wp\/v2\/product\/459167","targetHints":{"allow":["GET"]}}],"collection":[{"href":"https:\/\/beebipood.ee\/ru\/wp-json\/wp\/v2\/product"}],"about":[{"href":"https:\/\/beebipood.ee\/ru\/wp-json\/wp\/v2\/types\/product"}],"wp:featuredmedia":[{"embeddable":true,"href":"https:\/\/beebipood.ee\/ru\/wp-json\/wp\/v2\/media\/133031"}],"wp:attachment":[{"href":"https:\/\/beebipood.ee\/ru\/wp-json\/wp\/v2\/media?parent=459167"}],"wp:term":[{"taxonomy":"pwb-brand","embeddable":true,"href":"https:\/\/beebipood.ee\/ru\/wp-json\/wp\/v2\/pwb-brand?post=459167"},{"taxonomy":"product_brand","embeddable":true,"href":"https:\/\/beebipood.ee\/ru\/wp-json\/wp\/v2\/product_brand?post=459167"},{"taxonomy":"product_cat","embeddable":true,"href":"https:\/\/beebipood.ee\/ru\/wp-json\/wp\/v2\/product_cat?post=459167"},{"taxonomy":"product_tag","embeddable":true,"href":"https:\/\/beebipood.ee\/ru\/wp-json\/wp\/v2\/product_tag?post=459167"}],"curies":[{"name":"wp","href":"https:\/\/api.w.org\/{rel}","templated":true}]}}