{"id":459171,"date":"2020-03-29T10:25:16","date_gmt":"2020-03-29T07:25:16","guid":{"rendered":"https:\/\/beebipood.ee\/toode\/yappylull-beebivoodi-natural\/"},"modified":"2025-01-09T10:48:31","modified_gmt":"2025-01-09T08:48:31","slug":"yappylull-beebivoodi-natural","status":"publish","type":"product","link":"https:\/\/beebipood.ee\/ru\/produkt\/yappylull-beebivoodi-natural\/","title":{"rendered":"YappyLull beebivoodi, natural"},"content":{"rendered":"<p>YappyLull beebivoodi<br \/>Kus kaasaegne ja lihtne disain kohtuvad hubase mugavusega.<br \/>Disainitud pidades silmas elegantsi ja turvalisust,<br \/>selle \u00fcmarad servad tagavad teie v\u00e4ikesele turvalise unekeskkonna.<br \/>Beebivoodi k\u00fclge saab alla lasta \u00fche k\u00e4ega,<br \/>samuti on v\u00f5imalik see k\u00fclg t\u00e4ielikult eemaldada,<br \/>et v\u00f5revoodit oleks mugavam kasutada.<br \/>\u2022 3 madratsip\u00f5hja k\u00f5rgust<br \/>\u2022 YappyLong-Life: 3 eemaldatavat k\u00fclje pulka \u00fchel k\u00fcljel<br \/>\u2022 YappyProtection: spetsiaalsed plastkatted k\u00fclgede \u00fclaosas,<br \/> mis kaitsevad lapse hambaid ja igemeid.<br \/>Madrats ei ole hinna sees<br \/>Voodisse sobib madrats m\u00f5\u00f5duga 60x120cm<br \/>Madratsi k\u00f5rgus maast:<br \/>1. k\u00f5rgus: 57 cm (ilma ratasteta) + madrats<br \/>2. k\u00f5rgus: 40 cm (ilma ratasteta) + madrats<br \/>3. k\u00f5rgus: 28 cm (ilma ratasteta) + madrats<br \/>Materjal: p\u00f6\u00f6k<br \/>Lakid ja v\u00e4rvid vesialusel.<br \/>Lisaks on v\u00f5imalik osta voodile rattad.<br \/>Hooldamine:<br \/>Puhastada niiske puuvillase lapiga.<br \/>Seej\u00e4rel kuivaks p\u00fchkida.<\/p>\n<p>.<\/p>\n","protected":false},"excerpt":{"rendered":"<p>YappyLull beebivoodiKus kaasaegne ja lihtne disain kohtuvad hubase mugavusega.Disainitud pidades silmas elegantsi ja turvalisust,selle \u00fcmarad servad tagavad teie v\u00e4ikesele turvalise unekeskkonna.Beebivoodi k\u00fclge saab alla lasta \u00fche k\u00e4ega,samuti on v\u00f5imalik see k\u00fclg t\u00e4ielikult eemaldada,et v\u00f5revoodit oleks mugavam kasutada.\u2022 3 madratsip\u00f5hja k\u00f5rgust\u2022 YappyLong-Life: 3 eemaldatavat k\u00fclje pulka \u00fchel k\u00fcljel\u2022 YappyProtection: spetsiaalsed plastkatted k\u00fclgede \u00fclaosas, mis kaitsevad lapse [&hellip;]<\/p>\n","protected":false},"featured_media":133097,"template":"","meta":{"_acf_changed":false},"pwb-brand":[11969],"product_brand":[],"product_cat":[11745,11567,11553,11789],"product_tag":[],"class_list":{"0":"post-459171","1":"product","2":"type-product","3":"status-publish","4":"has-post-thumbnail","6":"pwb-brand-yappykids-ru","7":"product_cat-madratsile-60x120-ru","8":"product_cat-vorevoodid-ru","9":"product_cat-beebivoodid-reisivoodid-hallid-ru","10":"product_cat-lastemoobel-ja-sisustus-ru","11":"pa_manufacturer-yappykids-ru","13":"first","14":"onbackorder","15":"sale","16":"taxable","17":"shipping-taxable","18":"purchasable","19":"product-type-simple"},"exclude_global_add_ons":[],"addons":[],"acf":[],"yoast_head":"<!-- This site is optimized with the Yoast SEO plugin v27.1.1 - https:\/\/yoast.com\/product\/yoast-seo-wordpress\/ -->\n<title>YappyLull beebivoodi, natural, \u0414\u0435\u0442\u0441\u043a\u0438e \u043a\u0440\u043e\u0432\u0430\u0442\u043a\u0438, \u043f\u0435\u0440\u0435\u043d\u043e\u0441\u043d\u044b\u0435 \u043a\u0440\u043e\u0432\u0430\u0442\u043a\u0438, \u043b\u044e\u043b\u044c\u043a\u0438, \u0414\u0435\u0442\u0441\u043a\u0438e \u043a\u0440\u043e\u0432\u0430\u0442\u043a\u0438, \u043c\u0430\u0442\u0440\u0430\u0441 60x120, M\u0435\u0431\u0435\u043b\u044c, YappyKids -20%, Beebipood<\/title>\n<meta name=\"description\" content=\"YappyLull beebivoodi, natural, YappyLull beebivoodiKus kaasaegne ja lihtne disain kohtuvad hubase mugavusega.Disainitud pidades silmas elegantsi\" \/>\n<meta name=\"robots\" content=\"index, follow, max-snippet:-1, max-image-preview:large, max-video-preview:-1\" \/>\n<link rel=\"canonical\" href=\"https:\/\/beebipood.ee\/ru\/produkt\/yappylull-beebivoodi-natural\/\" \/>\n<meta property=\"og:locale\" content=\"ru_RU\" \/>\n<meta property=\"og:type\" content=\"article\" \/>\n<meta property=\"og:title\" content=\"YappyLull beebivoodi, natural, \u0414\u0435\u0442\u0441\u043a\u0438e \u043a\u0440\u043e\u0432\u0430\u0442\u043a\u0438, \u043f\u0435\u0440\u0435\u043d\u043e\u0441\u043d\u044b\u0435 \u043a\u0440\u043e\u0432\u0430\u0442\u043a\u0438, \u043b\u044e\u043b\u044c\u043a\u0438, \u0414\u0435\u0442\u0441\u043a\u0438e \u043a\u0440\u043e\u0432\u0430\u0442\u043a\u0438, \u043c\u0430\u0442\u0440\u0430\u0441 60x120, M\u0435\u0431\u0435\u043b\u044c, YappyKids -20%, Beebipood\" \/>\n<meta property=\"og:description\" content=\"YappyLull beebivoodi, natural, YappyLull beebivoodiKus kaasaegne ja lihtne disain kohtuvad hubase mugavusega.Disainitud pidades silmas elegantsi\" \/>\n<meta property=\"og:url\" content=\"https:\/\/beebipood.ee\/ru\/produkt\/yappylull-beebivoodi-natural\/\" \/>\n<meta property=\"og:site_name\" content=\"Beebipood\" \/>\n<meta property=\"article:modified_time\" content=\"2025-01-09T08:48:31+00:00\" \/>\n<meta property=\"og:image\" content=\"https:\/\/beebipood.ee\/wp-content\/uploads\/2020\/03\/yappylull_beebivoodi_natural-f70.jpg\" \/>\n\t<meta property=\"og:image:width\" content=\"1200\" \/>\n\t<meta property=\"og:image:height\" content=\"993\" \/>\n\t<meta property=\"og:image:type\" content=\"image\/jpeg\" \/>\n<meta name=\"twitter:card\" content=\"summary_large_image\" \/>\n<meta name=\"twitter:label1\" content=\"\u041f\u0440\u0438\u043c\u0435\u0440\u043d\u043e\u0435 \u0432\u0440\u0435\u043c\u044f \u0434\u043b\u044f \u0447\u0442\u0435\u043d\u0438\u044f\" \/>\n\t<meta name=\"twitter:data1\" content=\"1 \u043c\u0438\u043d\u0443\u0442\u0430\" \/>\n<script type=\"application\/ld+json\" class=\"yoast-schema-graph\">{\"@context\":\"https:\/\/schema.org\",\"@graph\":[{\"@type\":\"WebPage\",\"@id\":\"https:\/\/beebipood.ee\/ru\/produkt\/yappylull-beebivoodi-natural\/\",\"url\":\"https:\/\/beebipood.ee\/ru\/produkt\/yappylull-beebivoodi-natural\/\",\"name\":\"YappyLull beebivoodi, natural, \u0414\u0435\u0442\u0441\u043a\u0438e \u043a\u0440\u043e\u0432\u0430\u0442\u043a\u0438, \u043f\u0435\u0440\u0435\u043d\u043e\u0441\u043d\u044b\u0435 \u043a\u0440\u043e\u0432\u0430\u0442\u043a\u0438, \u043b\u044e\u043b\u044c\u043a\u0438, \u0414\u0435\u0442\u0441\u043a\u0438e \u043a\u0440\u043e\u0432\u0430\u0442\u043a\u0438, \u043c\u0430\u0442\u0440\u0430\u0441 60x120, M\u0435\u0431\u0435\u043b\u044c, YappyKids -20%, Beebipood\",\"isPartOf\":{\"@id\":\"https:\/\/beebipood.ee\/ru\/#website\"},\"primaryImageOfPage\":{\"@id\":\"https:\/\/beebipood.ee\/ru\/produkt\/yappylull-beebivoodi-natural\/#primaryimage\"},\"image\":{\"@id\":\"https:\/\/beebipood.ee\/ru\/produkt\/yappylull-beebivoodi-natural\/#primaryimage\"},\"thumbnailUrl\":\"https:\/\/beebipood.ee\/wp-content\/uploads\/2020\/03\/yappylull_beebivoodi_natural-f70.jpg\",\"datePublished\":\"2020-03-29T07:25:16+00:00\",\"dateModified\":\"2025-01-09T08:48:31+00:00\",\"description\":\"YappyLull beebivoodi, natural, YappyLull beebivoodiKus kaasaegne ja lihtne disain kohtuvad hubase mugavusega.Disainitud pidades silmas elegantsi\",\"breadcrumb\":{\"@id\":\"https:\/\/beebipood.ee\/ru\/produkt\/yappylull-beebivoodi-natural\/#breadcrumb\"},\"inLanguage\":\"ru-RU\",\"potentialAction\":[{\"@type\":\"ReadAction\",\"target\":[\"https:\/\/beebipood.ee\/ru\/produkt\/yappylull-beebivoodi-natural\/\"]}]},{\"@type\":\"ImageObject\",\"inLanguage\":\"ru-RU\",\"@id\":\"https:\/\/beebipood.ee\/ru\/produkt\/yappylull-beebivoodi-natural\/#primaryimage\",\"url\":\"https:\/\/beebipood.ee\/wp-content\/uploads\/2020\/03\/yappylull_beebivoodi_natural-f70.jpg\",\"contentUrl\":\"https:\/\/beebipood.ee\/wp-content\/uploads\/2020\/03\/yappylull_beebivoodi_natural-f70.jpg\",\"width\":1200,\"height\":993},{\"@type\":\"BreadcrumbList\",\"@id\":\"https:\/\/beebipood.ee\/ru\/produkt\/yappylull-beebivoodi-natural\/#breadcrumb\",\"itemListElement\":[{\"@type\":\"ListItem\",\"position\":1,\"name\":\"Home\",\"item\":\"https:\/\/beebipood.ee\/ru\/\"},{\"@type\":\"ListItem\",\"position\":2,\"name\":\"\u041a\u0430\u0442\u0430\u043b\u043e\u0433 \u0442\u043e\u0432\u0430\u0440\u043e\u0432\",\"item\":\"https:\/\/beebipood.ee\/tooted\/\"},{\"@type\":\"ListItem\",\"position\":3,\"name\":\"YappyLull beebivoodi, natural\"}]},{\"@type\":\"WebSite\",\"@id\":\"https:\/\/beebipood.ee\/ru\/#website\",\"url\":\"https:\/\/beebipood.ee\/ru\/\",\"name\":\"Beebipood\",\"description\":\"Lastekaubad, beebikaubad, m\u00e4nguasjad\",\"publisher\":{\"@id\":\"https:\/\/beebipood.ee\/ru\/#organization\"},\"potentialAction\":[{\"@type\":\"SearchAction\",\"target\":{\"@type\":\"EntryPoint\",\"urlTemplate\":\"https:\/\/beebipood.ee\/ru\/?s={search_term_string}\"},\"query-input\":{\"@type\":\"PropertyValueSpecification\",\"valueRequired\":true,\"valueName\":\"search_term_string\"}}],\"inLanguage\":\"ru-RU\"},{\"@type\":\"Organization\",\"@id\":\"https:\/\/beebipood.ee\/ru\/#organization\",\"name\":\"Beebipood\",\"url\":\"https:\/\/beebipood.ee\/ru\/\",\"logo\":{\"@type\":\"ImageObject\",\"inLanguage\":\"ru-RU\",\"@id\":\"https:\/\/beebipood.ee\/ru\/#\/schema\/logo\/image\/\",\"url\":\"https:\/\/beebipood.ee\/wp-content\/uploads\/2025\/03\/beebipood.ee-logo-1.svg\",\"contentUrl\":\"https:\/\/beebipood.ee\/wp-content\/uploads\/2025\/03\/beebipood.ee-logo-1.svg\",\"caption\":\"Beebipood\"},\"image\":{\"@id\":\"https:\/\/beebipood.ee\/ru\/#\/schema\/logo\/image\/\"}}]}<\/script>\n<!-- \/ Yoast SEO plugin. -->","yoast_head_json":{"title":"YappyLull beebivoodi, natural, \u0414\u0435\u0442\u0441\u043a\u0438e \u043a\u0440\u043e\u0432\u0430\u0442\u043a\u0438, \u043f\u0435\u0440\u0435\u043d\u043e\u0441\u043d\u044b\u0435 \u043a\u0440\u043e\u0432\u0430\u0442\u043a\u0438, \u043b\u044e\u043b\u044c\u043a\u0438, \u0414\u0435\u0442\u0441\u043a\u0438e \u043a\u0440\u043e\u0432\u0430\u0442\u043a\u0438, \u043c\u0430\u0442\u0440\u0430\u0441 60x120, M\u0435\u0431\u0435\u043b\u044c, YappyKids -20%, Beebipood","description":"YappyLull beebivoodi, natural, YappyLull beebivoodiKus kaasaegne ja lihtne disain kohtuvad hubase mugavusega.Disainitud pidades silmas elegantsi","robots":{"index":"index","follow":"follow","max-snippet":"max-snippet:-1","max-image-preview":"max-image-preview:large","max-video-preview":"max-video-preview:-1"},"canonical":"https:\/\/beebipood.ee\/ru\/produkt\/yappylull-beebivoodi-natural\/","og_locale":"ru_RU","og_type":"article","og_title":"YappyLull beebivoodi, natural, \u0414\u0435\u0442\u0441\u043a\u0438e \u043a\u0440\u043e\u0432\u0430\u0442\u043a\u0438, \u043f\u0435\u0440\u0435\u043d\u043e\u0441\u043d\u044b\u0435 \u043a\u0440\u043e\u0432\u0430\u0442\u043a\u0438, \u043b\u044e\u043b\u044c\u043a\u0438, \u0414\u0435\u0442\u0441\u043a\u0438e \u043a\u0440\u043e\u0432\u0430\u0442\u043a\u0438, \u043c\u0430\u0442\u0440\u0430\u0441 60x120, M\u0435\u0431\u0435\u043b\u044c, YappyKids -20%, Beebipood","og_description":"YappyLull beebivoodi, natural, YappyLull beebivoodiKus kaasaegne ja lihtne disain kohtuvad hubase mugavusega.Disainitud pidades silmas elegantsi","og_url":"https:\/\/beebipood.ee\/ru\/produkt\/yappylull-beebivoodi-natural\/","og_site_name":"Beebipood","article_modified_time":"2025-01-09T08:48:31+00:00","og_image":[{"width":1200,"height":993,"url":"https:\/\/beebipood.ee\/wp-content\/uploads\/2020\/03\/yappylull_beebivoodi_natural-f70.jpg","type":"image\/jpeg"}],"twitter_card":"summary_large_image","twitter_misc":{"\u041f\u0440\u0438\u043c\u0435\u0440\u043d\u043e\u0435 \u0432\u0440\u0435\u043c\u044f \u0434\u043b\u044f \u0447\u0442\u0435\u043d\u0438\u044f":"1 \u043c\u0438\u043d\u0443\u0442\u0430"},"schema":{"@context":"https:\/\/schema.org","@graph":[{"@type":"WebPage","@id":"https:\/\/beebipood.ee\/ru\/produkt\/yappylull-beebivoodi-natural\/","url":"https:\/\/beebipood.ee\/ru\/produkt\/yappylull-beebivoodi-natural\/","name":"YappyLull beebivoodi, natural, \u0414\u0435\u0442\u0441\u043a\u0438e \u043a\u0440\u043e\u0432\u0430\u0442\u043a\u0438, \u043f\u0435\u0440\u0435\u043d\u043e\u0441\u043d\u044b\u0435 \u043a\u0440\u043e\u0432\u0430\u0442\u043a\u0438, \u043b\u044e\u043b\u044c\u043a\u0438, \u0414\u0435\u0442\u0441\u043a\u0438e \u043a\u0440\u043e\u0432\u0430\u0442\u043a\u0438, \u043c\u0430\u0442\u0440\u0430\u0441 60x120, M\u0435\u0431\u0435\u043b\u044c, YappyKids -20%, Beebipood","isPartOf":{"@id":"https:\/\/beebipood.ee\/ru\/#website"},"primaryImageOfPage":{"@id":"https:\/\/beebipood.ee\/ru\/produkt\/yappylull-beebivoodi-natural\/#primaryimage"},"image":{"@id":"https:\/\/beebipood.ee\/ru\/produkt\/yappylull-beebivoodi-natural\/#primaryimage"},"thumbnailUrl":"https:\/\/beebipood.ee\/wp-content\/uploads\/2020\/03\/yappylull_beebivoodi_natural-f70.jpg","datePublished":"2020-03-29T07:25:16+00:00","dateModified":"2025-01-09T08:48:31+00:00","description":"YappyLull beebivoodi, natural, YappyLull beebivoodiKus kaasaegne ja lihtne disain kohtuvad hubase mugavusega.Disainitud pidades silmas elegantsi","breadcrumb":{"@id":"https:\/\/beebipood.ee\/ru\/produkt\/yappylull-beebivoodi-natural\/#breadcrumb"},"inLanguage":"ru-RU","potentialAction":[{"@type":"ReadAction","target":["https:\/\/beebipood.ee\/ru\/produkt\/yappylull-beebivoodi-natural\/"]}]},{"@type":"ImageObject","inLanguage":"ru-RU","@id":"https:\/\/beebipood.ee\/ru\/produkt\/yappylull-beebivoodi-natural\/#primaryimage","url":"https:\/\/beebipood.ee\/wp-content\/uploads\/2020\/03\/yappylull_beebivoodi_natural-f70.jpg","contentUrl":"https:\/\/beebipood.ee\/wp-content\/uploads\/2020\/03\/yappylull_beebivoodi_natural-f70.jpg","width":1200,"height":993},{"@type":"BreadcrumbList","@id":"https:\/\/beebipood.ee\/ru\/produkt\/yappylull-beebivoodi-natural\/#breadcrumb","itemListElement":[{"@type":"ListItem","position":1,"name":"Home","item":"https:\/\/beebipood.ee\/ru\/"},{"@type":"ListItem","position":2,"name":"\u041a\u0430\u0442\u0430\u043b\u043e\u0433 \u0442\u043e\u0432\u0430\u0440\u043e\u0432","item":"https:\/\/beebipood.ee\/tooted\/"},{"@type":"ListItem","position":3,"name":"YappyLull beebivoodi, natural"}]},{"@type":"WebSite","@id":"https:\/\/beebipood.ee\/ru\/#website","url":"https:\/\/beebipood.ee\/ru\/","name":"Beebipood","description":"Lastekaubad, beebikaubad, m\u00e4nguasjad","publisher":{"@id":"https:\/\/beebipood.ee\/ru\/#organization"},"potentialAction":[{"@type":"SearchAction","target":{"@type":"EntryPoint","urlTemplate":"https:\/\/beebipood.ee\/ru\/?s={search_term_string}"},"query-input":{"@type":"PropertyValueSpecification","valueRequired":true,"valueName":"search_term_string"}}],"inLanguage":"ru-RU"},{"@type":"Organization","@id":"https:\/\/beebipood.ee\/ru\/#organization","name":"Beebipood","url":"https:\/\/beebipood.ee\/ru\/","logo":{"@type":"ImageObject","inLanguage":"ru-RU","@id":"https:\/\/beebipood.ee\/ru\/#\/schema\/logo\/image\/","url":"https:\/\/beebipood.ee\/wp-content\/uploads\/2025\/03\/beebipood.ee-logo-1.svg","contentUrl":"https:\/\/beebipood.ee\/wp-content\/uploads\/2025\/03\/beebipood.ee-logo-1.svg","caption":"Beebipood"},"image":{"@id":"https:\/\/beebipood.ee\/ru\/#\/schema\/logo\/image\/"}}]}},"brands":[{"id":11969,"name":"YappyKids","slug":"yappykids-ru"}],"_links":{"self":[{"href":"https:\/\/beebipood.ee\/ru\/wp-json\/wp\/v2\/product\/459171","targetHints":{"allow":["GET"]}}],"collection":[{"href":"https:\/\/beebipood.ee\/ru\/wp-json\/wp\/v2\/product"}],"about":[{"href":"https:\/\/beebipood.ee\/ru\/wp-json\/wp\/v2\/types\/product"}],"wp:featuredmedia":[{"embeddable":true,"href":"https:\/\/beebipood.ee\/ru\/wp-json\/wp\/v2\/media\/133097"}],"wp:attachment":[{"href":"https:\/\/beebipood.ee\/ru\/wp-json\/wp\/v2\/media?parent=459171"}],"wp:term":[{"taxonomy":"pwb-brand","embeddable":true,"href":"https:\/\/beebipood.ee\/ru\/wp-json\/wp\/v2\/pwb-brand?post=459171"},{"taxonomy":"product_brand","embeddable":true,"href":"https:\/\/beebipood.ee\/ru\/wp-json\/wp\/v2\/product_brand?post=459171"},{"taxonomy":"product_cat","embeddable":true,"href":"https:\/\/beebipood.ee\/ru\/wp-json\/wp\/v2\/product_cat?post=459171"},{"taxonomy":"product_tag","embeddable":true,"href":"https:\/\/beebipood.ee\/ru\/wp-json\/wp\/v2\/product_tag?post=459171"}],"curies":[{"name":"wp","href":"https:\/\/api.w.org\/{rel}","templated":true}]}}