{"id":459179,"date":"2020-04-01T07:43:00","date_gmt":"2020-04-01T04:43:00","guid":{"rendered":"https:\/\/beebipood.ee\/toode\/maxi-cosi-lila-xp-jalutuskaru-essential-graphite\/"},"modified":"2025-01-09T10:48:31","modified_gmt":"2025-01-09T08:48:31","slug":"maxi-cosi-lila-xp-jalutuskaru-essential-graphite","status":"publish","type":"product","link":"https:\/\/beebipood.ee\/ru\/produkt\/maxi-cosi-lila-xp-jalutuskaru-essential-graphite\/","title":{"rendered":"Maxi-Cosi Lila XP jalutusk\u00e4ru, Essential Graphite"},"content":{"rendered":"<p>Skandinaavia olustikku m\u00f5eldud Lila XP jalutusk\u00e4ru tagab sujuva <br \/>ja mugava s\u00f5idu ka k\u00f5ige raskemal maastikul. <br \/>Pehme vedrustus nii esi- kui tagaratastel, suur ja avar iste ning mahukas pakikorv. <br \/>Isteosa on m\u00f5eldud lapsele kuni vanuseni 4 aastat.<br \/><span style=\"text-decoration: underline;\"><br \/>Miks valida Lila XP jalutusk\u00e4ru?<\/span><br \/>Sobib kasutamiseks igasugusel maastikul<br \/>\u00dclimugav isteosa lapsele vanuses 6kuud kuni 4 aastat<br \/>Suur ja mahukas pakikorv (kandev\u00f5ime 10kg)<br \/><span style=\"text-decoration: underline;\">Kasutajas\u00f5bralikkus<\/span><br \/>Rattad, mis sobivad igale maastikule\/pinnale<br \/>Pehme vedrustus nii ees kui taga<br \/>P\u00f6\u00f6rlevaid esirattaid saab lukustada raami k\u00fcljes olevast nupust<br \/>Lihtsasti \u00fche k\u00e4ega kokkupandav<br \/>XXL pakikorv, mis mahutab k\u00f5ik sinule vajaliku<br \/>Reguleeritav l\u00fckkesang<br \/>Komplektis ka lukuga kotid rataste jaoks (auto j\u00e4\u00e4b puhtaks)<br \/><span style=\"text-decoration: underline;\">Mugavus<\/span><br \/>XXL isteosa &#8212; \u00fcle 1m pikk iste pakub rohkelt ruumi lapsele kuni vanuseni 4 eluaastat<br \/>T\u00e4islamav isteosa<br \/>Reguleeritav jalatugi<br \/>Kahtepidi kasutatv isteosa pehmendus<br \/>Integreeritud s\u00e4\u00e4sev\u00f5rk<br \/>Pikendatav kaarvari UV50+ kaitsega<br \/><span style=\"text-decoration: underline;\">Turvalisus<\/span><br \/>5-punkti kinnitusega turvarihmad<br \/>Logod raamil t\u00f6\u00f6tavad helkuritena<br \/><span style=\"text-decoration: underline;\">\u00dcldine<\/span><br \/>M\u00f5eldud kasutamises alates s\u00fcnnist <br \/>(koos vankrikorvi, turvah\u00e4lli v\u00f5i soojakotiga) kuni 4. eluaastani<br \/>Kandev\u00f5ime 22kg<br \/><span style=\"text-decoration: underline;\">Komplektis<\/span><br \/>Jalutusk\u00e4ru raam<br \/>Jalutusk\u00e4ru isteosa<br \/>S\u00e4\u00e4sev\u00f5rk<br \/>Vihmakate<br \/>Rattakotid 2tk<br \/>P\u00e4ikesevarju kinnitus<br \/>Turvah\u00e4lli adpaterid<br \/><span style=\"text-decoration: underline;\">N\u00e4itajad<\/span><br \/>Jalutusk\u00e4ru kaal 13,8kg<br \/>Isteosa kaal 4,5kg<br \/>Isteosa m\u00f5\u00f5dud 36,5 x 24 x 53cm (laius, s\u00fcgavus, seljatoe k\u00f5rgus)<br \/>Jalutusk\u00e4ru m\u00f5\u00f5dud 61 x 95,5-107 x 102-120cm (laius, pikkus, k\u00f5rgus)<br \/>Jalutusk\u00e4ru m\u00f5\u00f5dud kokkupandult koos ratastega 61 x 93 x 41,5cm (laius, pikkus, k\u00f5rgus)<br \/>Raami m\u00f5\u00f5dud kokkupandult ilma ratasteta 51,5 x 89,5 x 23,5cm (laius, pikkus, k\u00f5rgus)<br \/>Rataste l\u00e4bim\u00f5\u00f5dud: esiratas 23,4cm \/ tagaratas 33cm<\/p>\n","protected":false},"excerpt":{"rendered":"<p>Skandinaavia olustikku m\u00f5eldud Lila XP jalutusk\u00e4ru tagab sujuva ja mugava s\u00f5idu ka k\u00f5ige raskemal maastikul. Pehme vedrustus nii esi- kui tagaratastel, suur ja avar iste ning mahukas pakikorv. Isteosa on m\u00f5eldud lapsele kuni vanuseni 4 aastat.Miks valida Lila XP jalutusk\u00e4ru?Sobib kasutamiseks igasugusel maastikul\u00dclimugav isteosa lapsele vanuses 6kuud kuni 4 aastatSuur ja mahukas pakikorv (kandev\u00f5ime 10kg)Kasutajas\u00f5bralikkusRattad, [&hellip;]<\/p>\n","protected":false},"featured_media":133165,"template":"","meta":{"_acf_changed":false},"pwb-brand":[11961],"product_brand":[],"product_cat":[11721,11717],"product_tag":[],"class_list":{"0":"post-459179","1":"product","2":"type-product","3":"status-publish","4":"has-post-thumbnail","6":"pwb-brand-maxi-cosi-ru","7":"product_cat-jalutuskarud-ru","8":"product_cat-lastevankrid-ja-karud-ru","9":"pa_manufacturer-maxi_cosi-ru","11":"first","12":"onbackorder","13":"taxable","14":"shipping-taxable","15":"purchasable","16":"product-type-simple"},"exclude_global_add_ons":[],"addons":[],"acf":[],"yoast_head":"<!-- This site is optimized with the Yoast SEO plugin v27.1.1 - https:\/\/yoast.com\/product\/yoast-seo-wordpress\/ -->\n<title>Maxi-Cosi Lila XP jalutusk\u00e4ru, Essential Graphite, \u0421\u041a\u0418\u0414\u041a\u0418, \u041a\u043e\u043b\u044f\u0441\u043a\u0438, \u041f\u0440\u043e\u0433\u0443\u043b\u043e\u0447\u043d\u044b\u0435 \u043a\u043e\u043b\u044f\u0441\u043a\u0438, Maxi-Cosi -15%, Beebipood<\/title>\n<meta name=\"description\" content=\"Maxi-Cosi Lila XP jalutusk\u00e4ru, Essential Graphite, Skandinaavia olustikku m&otilde;eldud Lila XP jalutusk&auml;ru tagab sujuva ja mugava s&otilde;idu\" \/>\n<meta name=\"robots\" content=\"index, follow, max-snippet:-1, max-image-preview:large, max-video-preview:-1\" \/>\n<link rel=\"canonical\" href=\"https:\/\/beebipood.ee\/ru\/produkt\/maxi-cosi-lila-xp-jalutuskaru-essential-graphite\/\" \/>\n<meta property=\"og:locale\" content=\"ru_RU\" \/>\n<meta property=\"og:type\" content=\"article\" \/>\n<meta property=\"og:title\" content=\"Maxi-Cosi Lila XP jalutusk\u00e4ru, Essential Graphite, \u0421\u041a\u0418\u0414\u041a\u0418, \u041a\u043e\u043b\u044f\u0441\u043a\u0438, \u041f\u0440\u043e\u0433\u0443\u043b\u043e\u0447\u043d\u044b\u0435 \u043a\u043e\u043b\u044f\u0441\u043a\u0438, Maxi-Cosi -15%, Beebipood\" \/>\n<meta property=\"og:description\" content=\"Maxi-Cosi Lila XP jalutusk\u00e4ru, Essential Graphite, Skandinaavia olustikku m&otilde;eldud Lila XP jalutusk&auml;ru tagab sujuva ja mugava s&otilde;idu\" \/>\n<meta property=\"og:url\" content=\"https:\/\/beebipood.ee\/ru\/produkt\/maxi-cosi-lila-xp-jalutuskaru-essential-graphite\/\" \/>\n<meta property=\"og:site_name\" content=\"Beebipood\" \/>\n<meta property=\"article:modified_time\" content=\"2025-01-09T08:48:31+00:00\" \/>\n<meta property=\"og:image\" content=\"https:\/\/beebipood.ee\/wp-content\/uploads\/2020\/04\/MaxiCosi-Lila-XP-jalutuskaru-Essential-Graphite-UUED-TOOTED-Lastevankrid-ja-karud-Jalutuskarud_14-326.jpg\" \/>\n\t<meta property=\"og:image:width\" content=\"1062\" \/>\n\t<meta property=\"og:image:height\" content=\"1200\" \/>\n\t<meta property=\"og:image:type\" content=\"image\/jpeg\" \/>\n<meta name=\"twitter:card\" content=\"summary_large_image\" \/>\n<meta name=\"twitter:label1\" content=\"\u041f\u0440\u0438\u043c\u0435\u0440\u043d\u043e\u0435 \u0432\u0440\u0435\u043c\u044f \u0434\u043b\u044f \u0447\u0442\u0435\u043d\u0438\u044f\" \/>\n\t<meta name=\"twitter:data1\" content=\"1 \u043c\u0438\u043d\u0443\u0442\u0430\" \/>\n<script type=\"application\/ld+json\" class=\"yoast-schema-graph\">{\"@context\":\"https:\/\/schema.org\",\"@graph\":[{\"@type\":\"WebPage\",\"@id\":\"https:\/\/beebipood.ee\/ru\/produkt\/maxi-cosi-lila-xp-jalutuskaru-essential-graphite\/\",\"url\":\"https:\/\/beebipood.ee\/ru\/produkt\/maxi-cosi-lila-xp-jalutuskaru-essential-graphite\/\",\"name\":\"Maxi-Cosi Lila XP jalutusk\u00e4ru, Essential Graphite, \u0421\u041a\u0418\u0414\u041a\u0418, \u041a\u043e\u043b\u044f\u0441\u043a\u0438, \u041f\u0440\u043e\u0433\u0443\u043b\u043e\u0447\u043d\u044b\u0435 \u043a\u043e\u043b\u044f\u0441\u043a\u0438, Maxi-Cosi -15%, Beebipood\",\"isPartOf\":{\"@id\":\"https:\/\/beebipood.ee\/ru\/#website\"},\"primaryImageOfPage\":{\"@id\":\"https:\/\/beebipood.ee\/ru\/produkt\/maxi-cosi-lila-xp-jalutuskaru-essential-graphite\/#primaryimage\"},\"image\":{\"@id\":\"https:\/\/beebipood.ee\/ru\/produkt\/maxi-cosi-lila-xp-jalutuskaru-essential-graphite\/#primaryimage\"},\"thumbnailUrl\":\"https:\/\/beebipood.ee\/wp-content\/uploads\/2020\/04\/MaxiCosi-Lila-XP-jalutuskaru-Essential-Graphite-UUED-TOOTED-Lastevankrid-ja-karud-Jalutuskarud_14-326.jpg\",\"datePublished\":\"2020-04-01T04:43:00+00:00\",\"dateModified\":\"2025-01-09T08:48:31+00:00\",\"description\":\"Maxi-Cosi Lila XP jalutusk\u00e4ru, Essential Graphite, Skandinaavia olustikku m&otilde;eldud Lila XP jalutusk&auml;ru tagab sujuva ja mugava s&otilde;idu\",\"breadcrumb\":{\"@id\":\"https:\/\/beebipood.ee\/ru\/produkt\/maxi-cosi-lila-xp-jalutuskaru-essential-graphite\/#breadcrumb\"},\"inLanguage\":\"ru-RU\",\"potentialAction\":[{\"@type\":\"ReadAction\",\"target\":[\"https:\/\/beebipood.ee\/ru\/produkt\/maxi-cosi-lila-xp-jalutuskaru-essential-graphite\/\"]}]},{\"@type\":\"ImageObject\",\"inLanguage\":\"ru-RU\",\"@id\":\"https:\/\/beebipood.ee\/ru\/produkt\/maxi-cosi-lila-xp-jalutuskaru-essential-graphite\/#primaryimage\",\"url\":\"https:\/\/beebipood.ee\/wp-content\/uploads\/2020\/04\/MaxiCosi-Lila-XP-jalutuskaru-Essential-Graphite-UUED-TOOTED-Lastevankrid-ja-karud-Jalutuskarud_14-326.jpg\",\"contentUrl\":\"https:\/\/beebipood.ee\/wp-content\/uploads\/2020\/04\/MaxiCosi-Lila-XP-jalutuskaru-Essential-Graphite-UUED-TOOTED-Lastevankrid-ja-karud-Jalutuskarud_14-326.jpg\",\"width\":1062,\"height\":1200},{\"@type\":\"BreadcrumbList\",\"@id\":\"https:\/\/beebipood.ee\/ru\/produkt\/maxi-cosi-lila-xp-jalutuskaru-essential-graphite\/#breadcrumb\",\"itemListElement\":[{\"@type\":\"ListItem\",\"position\":1,\"name\":\"Home\",\"item\":\"https:\/\/beebipood.ee\/ru\/\"},{\"@type\":\"ListItem\",\"position\":2,\"name\":\"\u041a\u0430\u0442\u0430\u043b\u043e\u0433 \u0442\u043e\u0432\u0430\u0440\u043e\u0432\",\"item\":\"https:\/\/beebipood.ee\/tooted\/\"},{\"@type\":\"ListItem\",\"position\":3,\"name\":\"Maxi-Cosi Lila XP jalutusk\u00e4ru, Essential Graphite\"}]},{\"@type\":\"WebSite\",\"@id\":\"https:\/\/beebipood.ee\/ru\/#website\",\"url\":\"https:\/\/beebipood.ee\/ru\/\",\"name\":\"Beebipood\",\"description\":\"Lastekaubad, beebikaubad, m\u00e4nguasjad\",\"publisher\":{\"@id\":\"https:\/\/beebipood.ee\/ru\/#organization\"},\"potentialAction\":[{\"@type\":\"SearchAction\",\"target\":{\"@type\":\"EntryPoint\",\"urlTemplate\":\"https:\/\/beebipood.ee\/ru\/?s={search_term_string}\"},\"query-input\":{\"@type\":\"PropertyValueSpecification\",\"valueRequired\":true,\"valueName\":\"search_term_string\"}}],\"inLanguage\":\"ru-RU\"},{\"@type\":\"Organization\",\"@id\":\"https:\/\/beebipood.ee\/ru\/#organization\",\"name\":\"Beebipood\",\"url\":\"https:\/\/beebipood.ee\/ru\/\",\"logo\":{\"@type\":\"ImageObject\",\"inLanguage\":\"ru-RU\",\"@id\":\"https:\/\/beebipood.ee\/ru\/#\/schema\/logo\/image\/\",\"url\":\"https:\/\/beebipood.ee\/wp-content\/uploads\/2025\/03\/beebipood.ee-logo-1.svg\",\"contentUrl\":\"https:\/\/beebipood.ee\/wp-content\/uploads\/2025\/03\/beebipood.ee-logo-1.svg\",\"caption\":\"Beebipood\"},\"image\":{\"@id\":\"https:\/\/beebipood.ee\/ru\/#\/schema\/logo\/image\/\"}}]}<\/script>\n<!-- \/ Yoast SEO plugin. -->","yoast_head_json":{"title":"Maxi-Cosi Lila XP jalutusk\u00e4ru, Essential Graphite, \u0421\u041a\u0418\u0414\u041a\u0418, \u041a\u043e\u043b\u044f\u0441\u043a\u0438, \u041f\u0440\u043e\u0433\u0443\u043b\u043e\u0447\u043d\u044b\u0435 \u043a\u043e\u043b\u044f\u0441\u043a\u0438, Maxi-Cosi -15%, Beebipood","description":"Maxi-Cosi Lila XP jalutusk\u00e4ru, Essential Graphite, Skandinaavia olustikku m&otilde;eldud Lila XP jalutusk&auml;ru tagab sujuva ja mugava s&otilde;idu","robots":{"index":"index","follow":"follow","max-snippet":"max-snippet:-1","max-image-preview":"max-image-preview:large","max-video-preview":"max-video-preview:-1"},"canonical":"https:\/\/beebipood.ee\/ru\/produkt\/maxi-cosi-lila-xp-jalutuskaru-essential-graphite\/","og_locale":"ru_RU","og_type":"article","og_title":"Maxi-Cosi Lila XP jalutusk\u00e4ru, Essential Graphite, \u0421\u041a\u0418\u0414\u041a\u0418, \u041a\u043e\u043b\u044f\u0441\u043a\u0438, \u041f\u0440\u043e\u0433\u0443\u043b\u043e\u0447\u043d\u044b\u0435 \u043a\u043e\u043b\u044f\u0441\u043a\u0438, Maxi-Cosi -15%, Beebipood","og_description":"Maxi-Cosi Lila XP jalutusk\u00e4ru, Essential Graphite, Skandinaavia olustikku m&otilde;eldud Lila XP jalutusk&auml;ru tagab sujuva ja mugava s&otilde;idu","og_url":"https:\/\/beebipood.ee\/ru\/produkt\/maxi-cosi-lila-xp-jalutuskaru-essential-graphite\/","og_site_name":"Beebipood","article_modified_time":"2025-01-09T08:48:31+00:00","og_image":[{"width":1062,"height":1200,"url":"https:\/\/beebipood.ee\/wp-content\/uploads\/2020\/04\/MaxiCosi-Lila-XP-jalutuskaru-Essential-Graphite-UUED-TOOTED-Lastevankrid-ja-karud-Jalutuskarud_14-326.jpg","type":"image\/jpeg"}],"twitter_card":"summary_large_image","twitter_misc":{"\u041f\u0440\u0438\u043c\u0435\u0440\u043d\u043e\u0435 \u0432\u0440\u0435\u043c\u044f \u0434\u043b\u044f \u0447\u0442\u0435\u043d\u0438\u044f":"1 \u043c\u0438\u043d\u0443\u0442\u0430"},"schema":{"@context":"https:\/\/schema.org","@graph":[{"@type":"WebPage","@id":"https:\/\/beebipood.ee\/ru\/produkt\/maxi-cosi-lila-xp-jalutuskaru-essential-graphite\/","url":"https:\/\/beebipood.ee\/ru\/produkt\/maxi-cosi-lila-xp-jalutuskaru-essential-graphite\/","name":"Maxi-Cosi Lila XP jalutusk\u00e4ru, Essential Graphite, \u0421\u041a\u0418\u0414\u041a\u0418, \u041a\u043e\u043b\u044f\u0441\u043a\u0438, \u041f\u0440\u043e\u0433\u0443\u043b\u043e\u0447\u043d\u044b\u0435 \u043a\u043e\u043b\u044f\u0441\u043a\u0438, Maxi-Cosi -15%, Beebipood","isPartOf":{"@id":"https:\/\/beebipood.ee\/ru\/#website"},"primaryImageOfPage":{"@id":"https:\/\/beebipood.ee\/ru\/produkt\/maxi-cosi-lila-xp-jalutuskaru-essential-graphite\/#primaryimage"},"image":{"@id":"https:\/\/beebipood.ee\/ru\/produkt\/maxi-cosi-lila-xp-jalutuskaru-essential-graphite\/#primaryimage"},"thumbnailUrl":"https:\/\/beebipood.ee\/wp-content\/uploads\/2020\/04\/MaxiCosi-Lila-XP-jalutuskaru-Essential-Graphite-UUED-TOOTED-Lastevankrid-ja-karud-Jalutuskarud_14-326.jpg","datePublished":"2020-04-01T04:43:00+00:00","dateModified":"2025-01-09T08:48:31+00:00","description":"Maxi-Cosi Lila XP jalutusk\u00e4ru, Essential Graphite, Skandinaavia olustikku m&otilde;eldud Lila XP jalutusk&auml;ru tagab sujuva ja mugava s&otilde;idu","breadcrumb":{"@id":"https:\/\/beebipood.ee\/ru\/produkt\/maxi-cosi-lila-xp-jalutuskaru-essential-graphite\/#breadcrumb"},"inLanguage":"ru-RU","potentialAction":[{"@type":"ReadAction","target":["https:\/\/beebipood.ee\/ru\/produkt\/maxi-cosi-lila-xp-jalutuskaru-essential-graphite\/"]}]},{"@type":"ImageObject","inLanguage":"ru-RU","@id":"https:\/\/beebipood.ee\/ru\/produkt\/maxi-cosi-lila-xp-jalutuskaru-essential-graphite\/#primaryimage","url":"https:\/\/beebipood.ee\/wp-content\/uploads\/2020\/04\/MaxiCosi-Lila-XP-jalutuskaru-Essential-Graphite-UUED-TOOTED-Lastevankrid-ja-karud-Jalutuskarud_14-326.jpg","contentUrl":"https:\/\/beebipood.ee\/wp-content\/uploads\/2020\/04\/MaxiCosi-Lila-XP-jalutuskaru-Essential-Graphite-UUED-TOOTED-Lastevankrid-ja-karud-Jalutuskarud_14-326.jpg","width":1062,"height":1200},{"@type":"BreadcrumbList","@id":"https:\/\/beebipood.ee\/ru\/produkt\/maxi-cosi-lila-xp-jalutuskaru-essential-graphite\/#breadcrumb","itemListElement":[{"@type":"ListItem","position":1,"name":"Home","item":"https:\/\/beebipood.ee\/ru\/"},{"@type":"ListItem","position":2,"name":"\u041a\u0430\u0442\u0430\u043b\u043e\u0433 \u0442\u043e\u0432\u0430\u0440\u043e\u0432","item":"https:\/\/beebipood.ee\/tooted\/"},{"@type":"ListItem","position":3,"name":"Maxi-Cosi Lila XP jalutusk\u00e4ru, Essential Graphite"}]},{"@type":"WebSite","@id":"https:\/\/beebipood.ee\/ru\/#website","url":"https:\/\/beebipood.ee\/ru\/","name":"Beebipood","description":"Lastekaubad, beebikaubad, m\u00e4nguasjad","publisher":{"@id":"https:\/\/beebipood.ee\/ru\/#organization"},"potentialAction":[{"@type":"SearchAction","target":{"@type":"EntryPoint","urlTemplate":"https:\/\/beebipood.ee\/ru\/?s={search_term_string}"},"query-input":{"@type":"PropertyValueSpecification","valueRequired":true,"valueName":"search_term_string"}}],"inLanguage":"ru-RU"},{"@type":"Organization","@id":"https:\/\/beebipood.ee\/ru\/#organization","name":"Beebipood","url":"https:\/\/beebipood.ee\/ru\/","logo":{"@type":"ImageObject","inLanguage":"ru-RU","@id":"https:\/\/beebipood.ee\/ru\/#\/schema\/logo\/image\/","url":"https:\/\/beebipood.ee\/wp-content\/uploads\/2025\/03\/beebipood.ee-logo-1.svg","contentUrl":"https:\/\/beebipood.ee\/wp-content\/uploads\/2025\/03\/beebipood.ee-logo-1.svg","caption":"Beebipood"},"image":{"@id":"https:\/\/beebipood.ee\/ru\/#\/schema\/logo\/image\/"}}]}},"brands":[{"id":11961,"name":"Maxi-Cosi","slug":"maxi-cosi-ru"}],"_links":{"self":[{"href":"https:\/\/beebipood.ee\/ru\/wp-json\/wp\/v2\/product\/459179","targetHints":{"allow":["GET"]}}],"collection":[{"href":"https:\/\/beebipood.ee\/ru\/wp-json\/wp\/v2\/product"}],"about":[{"href":"https:\/\/beebipood.ee\/ru\/wp-json\/wp\/v2\/types\/product"}],"wp:featuredmedia":[{"embeddable":true,"href":"https:\/\/beebipood.ee\/ru\/wp-json\/wp\/v2\/media\/133165"}],"wp:attachment":[{"href":"https:\/\/beebipood.ee\/ru\/wp-json\/wp\/v2\/media?parent=459179"}],"wp:term":[{"taxonomy":"pwb-brand","embeddable":true,"href":"https:\/\/beebipood.ee\/ru\/wp-json\/wp\/v2\/pwb-brand?post=459179"},{"taxonomy":"product_brand","embeddable":true,"href":"https:\/\/beebipood.ee\/ru\/wp-json\/wp\/v2\/product_brand?post=459179"},{"taxonomy":"product_cat","embeddable":true,"href":"https:\/\/beebipood.ee\/ru\/wp-json\/wp\/v2\/product_cat?post=459179"},{"taxonomy":"product_tag","embeddable":true,"href":"https:\/\/beebipood.ee\/ru\/wp-json\/wp\/v2\/product_tag?post=459179"}],"curies":[{"name":"wp","href":"https:\/\/api.w.org\/{rel}","templated":true}]}}