{"id":459185,"date":"2020-04-02T12:18:39","date_gmt":"2020-04-02T09:18:39","guid":{"rendered":"https:\/\/beebipood.ee\/toode\/maxi-cosi-rodifix-pro-i-size-turvatool-authentic-grey\/"},"modified":"2025-05-01T00:00:24","modified_gmt":"2025-04-30T21:00:24","slug":"maxi-cosi-rodifix-pro-i-size-turvatool-authentic-grey","status":"publish","type":"product","link":"https:\/\/beebipood.ee\/ru\/produkt\/maxi-cosi-rodifix-pro-i-size-turvatool-authentic-grey\/","title":{"rendered":"Maxi-Cosi RodiFix Pro\u00b2 i-Size turvatool, Authentic Grey"},"content":{"rendered":"<p><span>RodiFix Pro\u00b2 i-Size turvatoolil on mitu l\u00f5\u00f5gastavat lamamisasendit,<\/span><br \/><span>mis pakuvad lapsele aastatepikkust mugavust.<\/span><br \/><span>T\u00e4nu i-Size&#8217;i ohutusstandarditele ja reguleeritavale k\u00f5rgusele<\/span><br \/><span>ja laiusele, on sinu lapsel kasvades alati turvaline ja mugav olla.<\/span><br \/><span>\u00dclik\u00f5rgete k\u00fclgedega, et maksimeerida k\u00fclgkokkup\u00f5rke kaitset.<\/span><br \/><span>Valmistatud Eco Care 100% taaskasutatud ja hingavast kangast.<\/span><br \/><span>Kasutamiseks lastele pikkusega 100-150cm (15-36kg),<\/span><br \/><span>umbes 3,5 eluaastast kuni 12. eluaastani<\/span><br \/><span><br \/><span style=\"text-decoration: underline;\">Kasutajas\u00f5bralikkus<\/span><\/span><br \/><span>Lihtsasti ISOFIX kinnitusega paigaldatav<\/span><br \/><span>\u00dche k\u00e4ega reguleeritav peatugi<\/span><br \/><span>\u00dclimalt kergesti ligip\u00e4\u00e4setav,<\/span><br \/><span>et laps saaks iseseisvalt turvav\u00f6\u00f6 kinnitatud<\/span><br \/><span style=\"text-decoration: underline;\">Mugavus<\/span><br \/><span>3 lamamisasendit<\/span><br \/><span>Pehmed peatoed on varustatud AirProtect\u00ae tehnoloogiaga<\/span><br \/><span>Spetsiaalsed ClimaFlow paneelid ja hingavad kangad<\/span><br \/><span>tagavad optimaalse \u00f5huringluse ning hoiavad lapse alati mugaval temperatuuril<\/span><br \/><span style=\"text-decoration: underline;\">Turvalisus<\/span><br \/><span>Vastab k\u00f5ige k\u00f5rgematele i-Size n\u00f5uetele<\/span><br \/><span>G-CELL 2.0 lisab t\u00e4iendava k\u00fclgkaitse<\/span><br \/><span>ja pakub parimat turvalisust t\u00e4nu 3D l\u00f6\u00f6keneelavale tehnoloogiale<\/span><br \/><span>Patenteeritud AirProtect\u00ae k\u00fclgkokkup\u00f5rke kaitse peatoes<\/span><br \/><span>v\u00e4hendab peavigastuse ohtu kuni 20%<\/span><br \/><span>ISOFIX paigaldus tagab korrektse ja kiire kinnituse<\/span><br \/><span style=\"text-decoration: underline;\">\u00dcldine<\/span><br \/><span>Kasvab koos lapsega k\u00f5rgusesse ja laiusesse<\/span><br \/><span>T\u00e4nu oma kitsale disainile saab seda turvatooli paigaldada tagumisele reale 3 t\u00fckki<\/span><br \/><span>Planeedis\u00f5bralik innovatsioon s\u00e4\u00e4stva turvatooli loomiseks Eco Care&#8217;i abil,<\/span><br \/><span>mis t\u00e4hendab, et sellel on 100% taaskasutatud kangad<\/span><br \/><span style=\"text-decoration: underline;\">N\u00e4itajad<\/span><br \/><span>Kaal 5,90kg<\/span><br \/><span>M\u00f5\u00f5dud 44-51 x 58-79 x 42-69cm (laius, k\u00f5rgus, s\u00fcgavus)<\/span><\/p>\n","protected":false},"excerpt":{"rendered":"<p>RodiFix Pro\u00b2 i-Size turvatoolil on mitu l\u00f5\u00f5gastavat lamamisasendit,mis pakuvad lapsele aastatepikkust mugavust.T\u00e4nu i-Size&#8217;i ohutusstandarditele ja reguleeritavale k\u00f5rguseleja laiusele, on sinu lapsel kasvades alati turvaline ja mugav olla.\u00dclik\u00f5rgete k\u00fclgedega, et maksimeerida k\u00fclgkokkup\u00f5rke kaitset.Valmistatud Eco Care 100% taaskasutatud ja hingavast kangast.Kasutamiseks lastele pikkusega 100-150cm (15-36kg),umbes 3,5 eluaastast kuni 12. eluaastaniKasutajas\u00f5bralikkusLihtsasti ISOFIX kinnitusega paigaldatav\u00dche k\u00e4ega reguleeritav peatugi\u00dclimalt kergesti [&hellip;]<\/p>\n","protected":false},"featured_media":172304,"template":"","meta":{"_acf_changed":false},"pwb-brand":[11961],"product_brand":[],"product_cat":[11573,11727,11739,11791],"product_tag":[],"class_list":{"0":"post-459185","1":"product","2":"type-product","3":"status-publish","4":"has-post-thumbnail","6":"pwb-brand-maxi-cosi-ru","7":"product_cat-sooduspakkumised-ru","8":"product_cat-turvatoolid-hallid-ru","9":"product_cat-turvatoolid-15-36-kg-ru","10":"product_cat-turvavarustus-ru","11":"pa_manufacturer-maxi_cosi-ru","13":"first","14":"outofstock","15":"sale","16":"taxable","17":"shipping-taxable","18":"purchasable","19":"product-type-simple"},"exclude_global_add_ons":[],"addons":[],"acf":[],"yoast_head":"<!-- This site is optimized with the Yoast SEO plugin v27.1.1 - https:\/\/yoast.com\/product\/yoast-seo-wordpress\/ -->\n<title>Maxi-Cosi RodiFix Pro\u00b2 i-Size turvatool, Authentic Grey, \u0421\u041a\u0418\u0414\u041a\u0418, \u0410\u0432\u0442\u043e\u043a\u0440\u0435\u0441\u043b\u0430, \u043b\u044e\u043b\u044c\u043a\u0438, \u0410\u0432\u0442\u043e\u043a\u0440\u0435\u0441\u043b\u0430 15-36 \u043a\u0433, \u0421\u043d\u0430\u0440\u044f\u0436\u0435\u043d\u0438\u044f \u0431\u0435\u0437\u043e\u043f\u0430\u0441\u043d\u043e\u0441\u0442\u0438, Beebipood<\/title>\n<meta name=\"description\" content=\"Maxi-Cosi RodiFix Pro\u00b2 i-Size turvatool, Authentic Grey, RodiFix Pro&sup2; i-Size turvatoolil on mitu l&otilde;&otilde;gastavat lamamisasendit,\" \/>\n<meta name=\"robots\" content=\"index, follow, max-snippet:-1, max-image-preview:large, max-video-preview:-1\" \/>\n<link rel=\"canonical\" href=\"https:\/\/beebipood.ee\/ru\/produkt\/maxi-cosi-rodifix-pro-i-size-turvatool-authentic-grey\/\" \/>\n<meta property=\"og:locale\" content=\"ru_RU\" \/>\n<meta property=\"og:type\" content=\"article\" \/>\n<meta property=\"og:title\" content=\"Maxi-Cosi RodiFix Pro\u00b2 i-Size turvatool, Authentic Grey, \u0421\u041a\u0418\u0414\u041a\u0418, \u0410\u0432\u0442\u043e\u043a\u0440\u0435\u0441\u043b\u0430, \u043b\u044e\u043b\u044c\u043a\u0438, \u0410\u0432\u0442\u043e\u043a\u0440\u0435\u0441\u043b\u0430 15-36 \u043a\u0433, \u0421\u043d\u0430\u0440\u044f\u0436\u0435\u043d\u0438\u044f \u0431\u0435\u0437\u043e\u043f\u0430\u0441\u043d\u043e\u0441\u0442\u0438, Beebipood\" \/>\n<meta property=\"og:description\" content=\"Maxi-Cosi RodiFix Pro\u00b2 i-Size turvatool, Authentic Grey, RodiFix Pro&sup2; i-Size turvatoolil on mitu l&otilde;&otilde;gastavat lamamisasendit,\" \/>\n<meta property=\"og:url\" content=\"https:\/\/beebipood.ee\/ru\/produkt\/maxi-cosi-rodifix-pro-i-size-turvatool-authentic-grey\/\" \/>\n<meta property=\"og:site_name\" content=\"Beebipood\" \/>\n<meta property=\"article:modified_time\" content=\"2025-04-30T21:00:24+00:00\" \/>\n<meta property=\"og:image\" content=\"https:\/\/beebipood.ee\/wp-content\/uploads\/2020\/04\/MaxiCosi-RodiFix-Pro-iSize-turvatool-Authentic-Grey-Turvatoolid-hallid-Turvatoolid-1536-kg-Turvavarustus_3-779.jpg\" \/>\n\t<meta property=\"og:image:width\" content=\"1200\" \/>\n\t<meta property=\"og:image:height\" content=\"1200\" \/>\n\t<meta property=\"og:image:type\" content=\"image\/jpeg\" \/>\n<meta name=\"twitter:card\" content=\"summary_large_image\" \/>\n<meta name=\"twitter:label1\" content=\"\u041f\u0440\u0438\u043c\u0435\u0440\u043d\u043e\u0435 \u0432\u0440\u0435\u043c\u044f \u0434\u043b\u044f \u0447\u0442\u0435\u043d\u0438\u044f\" \/>\n\t<meta name=\"twitter:data1\" content=\"1 \u043c\u0438\u043d\u0443\u0442\u0430\" \/>\n<script type=\"application\/ld+json\" class=\"yoast-schema-graph\">{\"@context\":\"https:\/\/schema.org\",\"@graph\":[{\"@type\":\"WebPage\",\"@id\":\"https:\/\/beebipood.ee\/ru\/produkt\/maxi-cosi-rodifix-pro-i-size-turvatool-authentic-grey\/\",\"url\":\"https:\/\/beebipood.ee\/ru\/produkt\/maxi-cosi-rodifix-pro-i-size-turvatool-authentic-grey\/\",\"name\":\"Maxi-Cosi RodiFix Pro\u00b2 i-Size turvatool, Authentic Grey, \u0421\u041a\u0418\u0414\u041a\u0418, \u0410\u0432\u0442\u043e\u043a\u0440\u0435\u0441\u043b\u0430, \u043b\u044e\u043b\u044c\u043a\u0438, \u0410\u0432\u0442\u043e\u043a\u0440\u0435\u0441\u043b\u0430 15-36 \u043a\u0433, \u0421\u043d\u0430\u0440\u044f\u0436\u0435\u043d\u0438\u044f \u0431\u0435\u0437\u043e\u043f\u0430\u0441\u043d\u043e\u0441\u0442\u0438, Beebipood\",\"isPartOf\":{\"@id\":\"https:\/\/beebipood.ee\/ru\/#website\"},\"primaryImageOfPage\":{\"@id\":\"https:\/\/beebipood.ee\/ru\/produkt\/maxi-cosi-rodifix-pro-i-size-turvatool-authentic-grey\/#primaryimage\"},\"image\":{\"@id\":\"https:\/\/beebipood.ee\/ru\/produkt\/maxi-cosi-rodifix-pro-i-size-turvatool-authentic-grey\/#primaryimage\"},\"thumbnailUrl\":\"https:\/\/beebipood.ee\/wp-content\/uploads\/2020\/04\/MaxiCosi-RodiFix-Pro-iSize-turvatool-Authentic-Grey-Turvatoolid-hallid-Turvatoolid-1536-kg-Turvavarustus_3-779.jpg\",\"datePublished\":\"2020-04-02T09:18:39+00:00\",\"dateModified\":\"2025-04-30T21:00:24+00:00\",\"description\":\"Maxi-Cosi RodiFix Pro\u00b2 i-Size turvatool, Authentic Grey, RodiFix Pro&sup2; i-Size turvatoolil on mitu l&otilde;&otilde;gastavat lamamisasendit,\",\"breadcrumb\":{\"@id\":\"https:\/\/beebipood.ee\/ru\/produkt\/maxi-cosi-rodifix-pro-i-size-turvatool-authentic-grey\/#breadcrumb\"},\"inLanguage\":\"ru-RU\",\"potentialAction\":[{\"@type\":\"ReadAction\",\"target\":[\"https:\/\/beebipood.ee\/ru\/produkt\/maxi-cosi-rodifix-pro-i-size-turvatool-authentic-grey\/\"]}]},{\"@type\":\"ImageObject\",\"inLanguage\":\"ru-RU\",\"@id\":\"https:\/\/beebipood.ee\/ru\/produkt\/maxi-cosi-rodifix-pro-i-size-turvatool-authentic-grey\/#primaryimage\",\"url\":\"https:\/\/beebipood.ee\/wp-content\/uploads\/2020\/04\/MaxiCosi-RodiFix-Pro-iSize-turvatool-Authentic-Grey-Turvatoolid-hallid-Turvatoolid-1536-kg-Turvavarustus_3-779.jpg\",\"contentUrl\":\"https:\/\/beebipood.ee\/wp-content\/uploads\/2020\/04\/MaxiCosi-RodiFix-Pro-iSize-turvatool-Authentic-Grey-Turvatoolid-hallid-Turvatoolid-1536-kg-Turvavarustus_3-779.jpg\",\"width\":1200,\"height\":1200},{\"@type\":\"BreadcrumbList\",\"@id\":\"https:\/\/beebipood.ee\/ru\/produkt\/maxi-cosi-rodifix-pro-i-size-turvatool-authentic-grey\/#breadcrumb\",\"itemListElement\":[{\"@type\":\"ListItem\",\"position\":1,\"name\":\"Home\",\"item\":\"https:\/\/beebipood.ee\/ru\/\"},{\"@type\":\"ListItem\",\"position\":2,\"name\":\"\u041a\u0430\u0442\u0430\u043b\u043e\u0433 \u0442\u043e\u0432\u0430\u0440\u043e\u0432\",\"item\":\"https:\/\/beebipood.ee\/tooted\/\"},{\"@type\":\"ListItem\",\"position\":3,\"name\":\"Maxi-Cosi RodiFix Pro\u00b2 i-Size turvatool, Authentic Grey\"}]},{\"@type\":\"WebSite\",\"@id\":\"https:\/\/beebipood.ee\/ru\/#website\",\"url\":\"https:\/\/beebipood.ee\/ru\/\",\"name\":\"Beebipood\",\"description\":\"Lastekaubad, beebikaubad, m\u00e4nguasjad\",\"publisher\":{\"@id\":\"https:\/\/beebipood.ee\/ru\/#organization\"},\"potentialAction\":[{\"@type\":\"SearchAction\",\"target\":{\"@type\":\"EntryPoint\",\"urlTemplate\":\"https:\/\/beebipood.ee\/ru\/?s={search_term_string}\"},\"query-input\":{\"@type\":\"PropertyValueSpecification\",\"valueRequired\":true,\"valueName\":\"search_term_string\"}}],\"inLanguage\":\"ru-RU\"},{\"@type\":\"Organization\",\"@id\":\"https:\/\/beebipood.ee\/ru\/#organization\",\"name\":\"Beebipood\",\"url\":\"https:\/\/beebipood.ee\/ru\/\",\"logo\":{\"@type\":\"ImageObject\",\"inLanguage\":\"ru-RU\",\"@id\":\"https:\/\/beebipood.ee\/ru\/#\/schema\/logo\/image\/\",\"url\":\"https:\/\/beebipood.ee\/wp-content\/uploads\/2025\/03\/beebipood.ee-logo-1.svg\",\"contentUrl\":\"https:\/\/beebipood.ee\/wp-content\/uploads\/2025\/03\/beebipood.ee-logo-1.svg\",\"caption\":\"Beebipood\"},\"image\":{\"@id\":\"https:\/\/beebipood.ee\/ru\/#\/schema\/logo\/image\/\"}}]}<\/script>\n<!-- \/ Yoast SEO plugin. -->","yoast_head_json":{"title":"Maxi-Cosi RodiFix Pro\u00b2 i-Size turvatool, Authentic Grey, \u0421\u041a\u0418\u0414\u041a\u0418, \u0410\u0432\u0442\u043e\u043a\u0440\u0435\u0441\u043b\u0430, \u043b\u044e\u043b\u044c\u043a\u0438, \u0410\u0432\u0442\u043e\u043a\u0440\u0435\u0441\u043b\u0430 15-36 \u043a\u0433, \u0421\u043d\u0430\u0440\u044f\u0436\u0435\u043d\u0438\u044f \u0431\u0435\u0437\u043e\u043f\u0430\u0441\u043d\u043e\u0441\u0442\u0438, Beebipood","description":"Maxi-Cosi RodiFix Pro\u00b2 i-Size turvatool, Authentic Grey, RodiFix Pro&sup2; i-Size turvatoolil on mitu l&otilde;&otilde;gastavat lamamisasendit,","robots":{"index":"index","follow":"follow","max-snippet":"max-snippet:-1","max-image-preview":"max-image-preview:large","max-video-preview":"max-video-preview:-1"},"canonical":"https:\/\/beebipood.ee\/ru\/produkt\/maxi-cosi-rodifix-pro-i-size-turvatool-authentic-grey\/","og_locale":"ru_RU","og_type":"article","og_title":"Maxi-Cosi RodiFix Pro\u00b2 i-Size turvatool, Authentic Grey, \u0421\u041a\u0418\u0414\u041a\u0418, \u0410\u0432\u0442\u043e\u043a\u0440\u0435\u0441\u043b\u0430, \u043b\u044e\u043b\u044c\u043a\u0438, \u0410\u0432\u0442\u043e\u043a\u0440\u0435\u0441\u043b\u0430 15-36 \u043a\u0433, \u0421\u043d\u0430\u0440\u044f\u0436\u0435\u043d\u0438\u044f \u0431\u0435\u0437\u043e\u043f\u0430\u0441\u043d\u043e\u0441\u0442\u0438, Beebipood","og_description":"Maxi-Cosi RodiFix Pro\u00b2 i-Size turvatool, Authentic Grey, RodiFix Pro&sup2; i-Size turvatoolil on mitu l&otilde;&otilde;gastavat lamamisasendit,","og_url":"https:\/\/beebipood.ee\/ru\/produkt\/maxi-cosi-rodifix-pro-i-size-turvatool-authentic-grey\/","og_site_name":"Beebipood","article_modified_time":"2025-04-30T21:00:24+00:00","og_image":[{"width":1200,"height":1200,"url":"https:\/\/beebipood.ee\/wp-content\/uploads\/2020\/04\/MaxiCosi-RodiFix-Pro-iSize-turvatool-Authentic-Grey-Turvatoolid-hallid-Turvatoolid-1536-kg-Turvavarustus_3-779.jpg","type":"image\/jpeg"}],"twitter_card":"summary_large_image","twitter_misc":{"\u041f\u0440\u0438\u043c\u0435\u0440\u043d\u043e\u0435 \u0432\u0440\u0435\u043c\u044f \u0434\u043b\u044f \u0447\u0442\u0435\u043d\u0438\u044f":"1 \u043c\u0438\u043d\u0443\u0442\u0430"},"schema":{"@context":"https:\/\/schema.org","@graph":[{"@type":"WebPage","@id":"https:\/\/beebipood.ee\/ru\/produkt\/maxi-cosi-rodifix-pro-i-size-turvatool-authentic-grey\/","url":"https:\/\/beebipood.ee\/ru\/produkt\/maxi-cosi-rodifix-pro-i-size-turvatool-authentic-grey\/","name":"Maxi-Cosi RodiFix Pro\u00b2 i-Size turvatool, Authentic Grey, \u0421\u041a\u0418\u0414\u041a\u0418, \u0410\u0432\u0442\u043e\u043a\u0440\u0435\u0441\u043b\u0430, \u043b\u044e\u043b\u044c\u043a\u0438, \u0410\u0432\u0442\u043e\u043a\u0440\u0435\u0441\u043b\u0430 15-36 \u043a\u0433, \u0421\u043d\u0430\u0440\u044f\u0436\u0435\u043d\u0438\u044f \u0431\u0435\u0437\u043e\u043f\u0430\u0441\u043d\u043e\u0441\u0442\u0438, Beebipood","isPartOf":{"@id":"https:\/\/beebipood.ee\/ru\/#website"},"primaryImageOfPage":{"@id":"https:\/\/beebipood.ee\/ru\/produkt\/maxi-cosi-rodifix-pro-i-size-turvatool-authentic-grey\/#primaryimage"},"image":{"@id":"https:\/\/beebipood.ee\/ru\/produkt\/maxi-cosi-rodifix-pro-i-size-turvatool-authentic-grey\/#primaryimage"},"thumbnailUrl":"https:\/\/beebipood.ee\/wp-content\/uploads\/2020\/04\/MaxiCosi-RodiFix-Pro-iSize-turvatool-Authentic-Grey-Turvatoolid-hallid-Turvatoolid-1536-kg-Turvavarustus_3-779.jpg","datePublished":"2020-04-02T09:18:39+00:00","dateModified":"2025-04-30T21:00:24+00:00","description":"Maxi-Cosi RodiFix Pro\u00b2 i-Size turvatool, Authentic Grey, RodiFix Pro&sup2; i-Size turvatoolil on mitu l&otilde;&otilde;gastavat lamamisasendit,","breadcrumb":{"@id":"https:\/\/beebipood.ee\/ru\/produkt\/maxi-cosi-rodifix-pro-i-size-turvatool-authentic-grey\/#breadcrumb"},"inLanguage":"ru-RU","potentialAction":[{"@type":"ReadAction","target":["https:\/\/beebipood.ee\/ru\/produkt\/maxi-cosi-rodifix-pro-i-size-turvatool-authentic-grey\/"]}]},{"@type":"ImageObject","inLanguage":"ru-RU","@id":"https:\/\/beebipood.ee\/ru\/produkt\/maxi-cosi-rodifix-pro-i-size-turvatool-authentic-grey\/#primaryimage","url":"https:\/\/beebipood.ee\/wp-content\/uploads\/2020\/04\/MaxiCosi-RodiFix-Pro-iSize-turvatool-Authentic-Grey-Turvatoolid-hallid-Turvatoolid-1536-kg-Turvavarustus_3-779.jpg","contentUrl":"https:\/\/beebipood.ee\/wp-content\/uploads\/2020\/04\/MaxiCosi-RodiFix-Pro-iSize-turvatool-Authentic-Grey-Turvatoolid-hallid-Turvatoolid-1536-kg-Turvavarustus_3-779.jpg","width":1200,"height":1200},{"@type":"BreadcrumbList","@id":"https:\/\/beebipood.ee\/ru\/produkt\/maxi-cosi-rodifix-pro-i-size-turvatool-authentic-grey\/#breadcrumb","itemListElement":[{"@type":"ListItem","position":1,"name":"Home","item":"https:\/\/beebipood.ee\/ru\/"},{"@type":"ListItem","position":2,"name":"\u041a\u0430\u0442\u0430\u043b\u043e\u0433 \u0442\u043e\u0432\u0430\u0440\u043e\u0432","item":"https:\/\/beebipood.ee\/tooted\/"},{"@type":"ListItem","position":3,"name":"Maxi-Cosi RodiFix Pro\u00b2 i-Size turvatool, Authentic Grey"}]},{"@type":"WebSite","@id":"https:\/\/beebipood.ee\/ru\/#website","url":"https:\/\/beebipood.ee\/ru\/","name":"Beebipood","description":"Lastekaubad, beebikaubad, m\u00e4nguasjad","publisher":{"@id":"https:\/\/beebipood.ee\/ru\/#organization"},"potentialAction":[{"@type":"SearchAction","target":{"@type":"EntryPoint","urlTemplate":"https:\/\/beebipood.ee\/ru\/?s={search_term_string}"},"query-input":{"@type":"PropertyValueSpecification","valueRequired":true,"valueName":"search_term_string"}}],"inLanguage":"ru-RU"},{"@type":"Organization","@id":"https:\/\/beebipood.ee\/ru\/#organization","name":"Beebipood","url":"https:\/\/beebipood.ee\/ru\/","logo":{"@type":"ImageObject","inLanguage":"ru-RU","@id":"https:\/\/beebipood.ee\/ru\/#\/schema\/logo\/image\/","url":"https:\/\/beebipood.ee\/wp-content\/uploads\/2025\/03\/beebipood.ee-logo-1.svg","contentUrl":"https:\/\/beebipood.ee\/wp-content\/uploads\/2025\/03\/beebipood.ee-logo-1.svg","caption":"Beebipood"},"image":{"@id":"https:\/\/beebipood.ee\/ru\/#\/schema\/logo\/image\/"}}]}},"brands":[{"id":11961,"name":"Maxi-Cosi","slug":"maxi-cosi-ru"}],"_links":{"self":[{"href":"https:\/\/beebipood.ee\/ru\/wp-json\/wp\/v2\/product\/459185","targetHints":{"allow":["GET"]}}],"collection":[{"href":"https:\/\/beebipood.ee\/ru\/wp-json\/wp\/v2\/product"}],"about":[{"href":"https:\/\/beebipood.ee\/ru\/wp-json\/wp\/v2\/types\/product"}],"wp:featuredmedia":[{"embeddable":true,"href":"https:\/\/beebipood.ee\/ru\/wp-json\/wp\/v2\/media\/172304"}],"wp:attachment":[{"href":"https:\/\/beebipood.ee\/ru\/wp-json\/wp\/v2\/media?parent=459185"}],"wp:term":[{"taxonomy":"pwb-brand","embeddable":true,"href":"https:\/\/beebipood.ee\/ru\/wp-json\/wp\/v2\/pwb-brand?post=459185"},{"taxonomy":"product_brand","embeddable":true,"href":"https:\/\/beebipood.ee\/ru\/wp-json\/wp\/v2\/product_brand?post=459185"},{"taxonomy":"product_cat","embeddable":true,"href":"https:\/\/beebipood.ee\/ru\/wp-json\/wp\/v2\/product_cat?post=459185"},{"taxonomy":"product_tag","embeddable":true,"href":"https:\/\/beebipood.ee\/ru\/wp-json\/wp\/v2\/product_tag?post=459185"}],"curies":[{"name":"wp","href":"https:\/\/api.w.org\/{rel}","templated":true}]}}