{"id":459191,"date":"2020-04-03T07:16:54","date_gmt":"2020-04-03T04:16:54","guid":{"rendered":"https:\/\/beebipood.ee\/toode\/yappyetude-noortevoodi-kummut-ja-riidekapp-white\/"},"modified":"2025-01-09T10:48:30","modified_gmt":"2025-01-09T08:48:30","slug":"yappyetude-noortevoodi-kummut-ja-riidekapp-white","status":"publish","type":"product","link":"https:\/\/beebipood.ee\/ru\/produkt\/yappyetude-noortevoodi-kummut-ja-riidekapp-white\/","title":{"rendered":"Yappy\u00c9tude noortevoodi, kummut ja riidekapp, white"},"content":{"rendered":"<p>Et\u00fc\u00fcd on muusikateos, mis on loodud tehniliste oskuste arendamiseks.<br \/>Meie Yappy\u00c9tude kollektsioon on YappyKidsi v\u00e4lja t\u00f6\u00f6tatud oskuste kogum koos filigraanse kauni disainiga.<br \/>Ilusa muusikana muudab Yappy\u00c9tude lastetoa m\u00f6\u00f6blikollektsioon<br \/>ruumi silmale nauditavamaks ja igap\u00e4evaselt mugavamaks.<br \/>Yappy\u00c9tude v\u00e4ikelapsevoodil on spetsiaalselt kujundatud \u00fcmarad k\u00fcljed,<br \/>mis eristavad selle teistest vooditest.<br \/>Turvapiirde saab kinnitada paremale v\u00f5i vasakule poole voodit.<br \/>Voodi ei ole liiga k\u00f5rge, nii et ka lapsel on sinna<br \/>v\u00e4ga lihtne sisse-v\u00e4lja minna.<br \/>Mugav voodi suurus v\u00f5imaldab vanematel raamatut lugedes<br \/>v\u00f5i muid uneeelseid tegevusi tehes oma v\u00f5sukese k\u00f5rval pikali heita.<br \/>Voodi on valmistatud kvaliteetsest p\u00f6\u00f6gist.<br \/>Voodip\u00f5hja lipid on vineerist.<br \/>V\u00e4rvid ja lakid on veep\u00f5hised.<br \/>Voodisse sobib madrats m\u00f5\u00f5duga 80x160cm<br \/>Madrats ei kuulu komplekti.<\/p>\n<p><span style=\"text-decoration: underline;\">Yappy\u00c9tude kummut<\/span> on h\u00e4sti l\u00e4bim\u00f5eldud.<br \/>See on nii visuaalselt ilus kui vastab ka turvastandarditele.<br \/>4 sahtlit, mis on kummutisse sisse ehitatud,<br \/>pakuvad piisavalt ruumi, et mahutada k\u00f5ike, mida vajad.<br \/>Sahtlid on teleskoobiga, mis v\u00f5imaldab avada neid ka tagumisel poolel.<br \/>Komplekti kuulub puidust m\u00e4hkmevahetuse alus suurusega 75x55cm.<br \/>Seda v\u00f5ib asetada nii vasakult kui paremalt k\u00fcljelt.<br \/>M\u00e4hkmevahetuse alus on eemaldatav,<br \/>seega ei ole vaja kummutit v\u00e4lja vahetada kui beebi kasvab suureks.<br \/>Viimistlemisel on kasutatud on veep\u00f5hised v\u00e4rve kui lakke.<br \/>Toodetud kasest, puitkiudplaadist ja puitlaastplaat.<\/p>\n<p><span style=\"text-decoration: underline;\">Kaheukseline riidekapp koos 3 sahtliga<\/span> pakub piisavalt ruumi, et mahutada k\u00f5ik, mida vajad.<br \/>Riidekapp on jaotatud kaheks osaks &#8212;<br \/>*\u00fchel poolel on v\u00f5imalik riputada riideid kahele metallist riidepuu torule<br \/>*teisel poolel on riiulid, kuhu saab riideid asetada.<br \/>Riidekapi uksed tulevad pehme sulgemise funktsiooniga,<br \/>mis tagavad uste vaikse sulgemise.<br \/>Viimistlemisel on kasutatud on veep\u00f5hised v\u00e4rve kui lakke.<br \/>Toodetud kasest, puitkiudplaadist ja puitlaastplaa<\/p>\n","protected":false},"excerpt":{"rendered":"<p>Et\u00fc\u00fcd on muusikateos, mis on loodud tehniliste oskuste arendamiseks.Meie Yappy\u00c9tude kollektsioon on YappyKidsi v\u00e4lja t\u00f6\u00f6tatud oskuste kogum koos filigraanse kauni disainiga.Ilusa muusikana muudab Yappy\u00c9tude lastetoa m\u00f6\u00f6blikollektsioonruumi silmale nauditavamaks ja igap\u00e4evaselt mugavamaks.Yappy\u00c9tude v\u00e4ikelapsevoodil on spetsiaalselt kujundatud \u00fcmarad k\u00fcljed,mis eristavad selle teistest vooditest.Turvapiirde saab kinnitada paremale v\u00f5i vasakule poole voodit.Voodi ei ole liiga k\u00f5rge, nii et ka [&hellip;]<\/p>\n","protected":false},"featured_media":133453,"template":"","meta":{"_acf_changed":false},"pwb-brand":[11969],"product_brand":[],"product_cat":[11573,11561,11789],"product_tag":[],"class_list":{"0":"post-459191","1":"product","2":"type-product","3":"status-publish","4":"has-post-thumbnail","6":"pwb-brand-yappykids-ru","7":"product_cat-sooduspakkumised-ru","8":"product_cat-tubade-komplektid-ru","9":"product_cat-lastemoobel-ja-sisustus-ru","10":"pa_manufacturer-yappykids-ru","12":"first","13":"onbackorder","14":"sale","15":"taxable","16":"shipping-taxable","17":"purchasable","18":"product-type-simple"},"exclude_global_add_ons":[],"addons":[],"acf":[],"yoast_head":"<!-- This site is optimized with the Yoast SEO plugin v27.1.1 - https:\/\/yoast.com\/product\/yoast-seo-wordpress\/ -->\n<title>Yappy\u00c9tude noortevoodi, kummut ja riidekapp, white, \u041a\u043e\u043c\u043f\u043b\u0435\u043a\u0442\u044b \u0434\u043b\u044f \u043a\u043e\u043c\u043d\u0430\u0442, \u0421\u041a\u0418\u0414\u041a\u0418, M\u0435\u0431\u0435\u043b\u044c, YappyKids -20%, Beebipood<\/title>\n<meta name=\"description\" content=\"Yappy\u00c9tude noortevoodi, kummut ja riidekapp, white, Et&uuml;&uuml;d on muusikateos, mis on loodud tehniliste oskuste arendamiseks.Meie Yappy&Eacute;tu\" \/>\n<meta name=\"robots\" content=\"index, follow, max-snippet:-1, max-image-preview:large, max-video-preview:-1\" \/>\n<link rel=\"canonical\" href=\"https:\/\/beebipood.ee\/ru\/produkt\/yappyetude-noortevoodi-kummut-ja-riidekapp-white\/\" \/>\n<meta property=\"og:locale\" content=\"ru_RU\" \/>\n<meta property=\"og:type\" content=\"article\" \/>\n<meta property=\"og:title\" content=\"Yappy\u00c9tude noortevoodi, kummut ja riidekapp, white, \u041a\u043e\u043c\u043f\u043b\u0435\u043a\u0442\u044b \u0434\u043b\u044f \u043a\u043e\u043c\u043d\u0430\u0442, \u0421\u041a\u0418\u0414\u041a\u0418, M\u0435\u0431\u0435\u043b\u044c, YappyKids -20%, Beebipood\" \/>\n<meta property=\"og:description\" content=\"Yappy\u00c9tude noortevoodi, kummut ja riidekapp, white, Et&uuml;&uuml;d on muusikateos, mis on loodud tehniliste oskuste arendamiseks.Meie Yappy&Eacute;tu\" \/>\n<meta property=\"og:url\" content=\"https:\/\/beebipood.ee\/ru\/produkt\/yappyetude-noortevoodi-kummut-ja-riidekapp-white\/\" \/>\n<meta property=\"og:site_name\" content=\"Beebipood\" \/>\n<meta property=\"article:modified_time\" content=\"2025-01-09T08:48:30+00:00\" \/>\n<meta property=\"og:image\" content=\"https:\/\/beebipood.ee\/wp-content\/uploads\/2020\/04\/Yappytude-noortevoodi-kummut-ja-riidekapp-white-Tubade-komplektid-SOODUSPAKKUMISED-Lastemoobel-ja-sisustus-YappyKids-20_3-34a.jpg\" \/>\n\t<meta property=\"og:image:width\" content=\"1200\" \/>\n\t<meta property=\"og:image:height\" content=\"685\" \/>\n\t<meta property=\"og:image:type\" content=\"image\/jpeg\" \/>\n<meta name=\"twitter:card\" content=\"summary_large_image\" \/>\n<meta name=\"twitter:label1\" content=\"\u041f\u0440\u0438\u043c\u0435\u0440\u043d\u043e\u0435 \u0432\u0440\u0435\u043c\u044f \u0434\u043b\u044f \u0447\u0442\u0435\u043d\u0438\u044f\" \/>\n\t<meta name=\"twitter:data1\" content=\"1 \u043c\u0438\u043d\u0443\u0442\u0430\" \/>\n<script type=\"application\/ld+json\" class=\"yoast-schema-graph\">{\"@context\":\"https:\/\/schema.org\",\"@graph\":[{\"@type\":\"WebPage\",\"@id\":\"https:\/\/beebipood.ee\/ru\/produkt\/yappyetude-noortevoodi-kummut-ja-riidekapp-white\/\",\"url\":\"https:\/\/beebipood.ee\/ru\/produkt\/yappyetude-noortevoodi-kummut-ja-riidekapp-white\/\",\"name\":\"Yappy\u00c9tude noortevoodi, kummut ja riidekapp, white, \u041a\u043e\u043c\u043f\u043b\u0435\u043a\u0442\u044b \u0434\u043b\u044f \u043a\u043e\u043c\u043d\u0430\u0442, \u0421\u041a\u0418\u0414\u041a\u0418, M\u0435\u0431\u0435\u043b\u044c, YappyKids -20%, Beebipood\",\"isPartOf\":{\"@id\":\"https:\/\/beebipood.ee\/ru\/#website\"},\"primaryImageOfPage\":{\"@id\":\"https:\/\/beebipood.ee\/ru\/produkt\/yappyetude-noortevoodi-kummut-ja-riidekapp-white\/#primaryimage\"},\"image\":{\"@id\":\"https:\/\/beebipood.ee\/ru\/produkt\/yappyetude-noortevoodi-kummut-ja-riidekapp-white\/#primaryimage\"},\"thumbnailUrl\":\"https:\/\/beebipood.ee\/wp-content\/uploads\/2020\/04\/Yappytude-noortevoodi-kummut-ja-riidekapp-white-Tubade-komplektid-SOODUSPAKKUMISED-Lastemoobel-ja-sisustus-YappyKids-20_3-34a.jpg\",\"datePublished\":\"2020-04-03T04:16:54+00:00\",\"dateModified\":\"2025-01-09T08:48:30+00:00\",\"description\":\"Yappy\u00c9tude noortevoodi, kummut ja riidekapp, white, Et&uuml;&uuml;d on muusikateos, mis on loodud tehniliste oskuste arendamiseks.Meie Yappy&Eacute;tu\",\"breadcrumb\":{\"@id\":\"https:\/\/beebipood.ee\/ru\/produkt\/yappyetude-noortevoodi-kummut-ja-riidekapp-white\/#breadcrumb\"},\"inLanguage\":\"ru-RU\",\"potentialAction\":[{\"@type\":\"ReadAction\",\"target\":[\"https:\/\/beebipood.ee\/ru\/produkt\/yappyetude-noortevoodi-kummut-ja-riidekapp-white\/\"]}]},{\"@type\":\"ImageObject\",\"inLanguage\":\"ru-RU\",\"@id\":\"https:\/\/beebipood.ee\/ru\/produkt\/yappyetude-noortevoodi-kummut-ja-riidekapp-white\/#primaryimage\",\"url\":\"https:\/\/beebipood.ee\/wp-content\/uploads\/2020\/04\/Yappytude-noortevoodi-kummut-ja-riidekapp-white-Tubade-komplektid-SOODUSPAKKUMISED-Lastemoobel-ja-sisustus-YappyKids-20_3-34a.jpg\",\"contentUrl\":\"https:\/\/beebipood.ee\/wp-content\/uploads\/2020\/04\/Yappytude-noortevoodi-kummut-ja-riidekapp-white-Tubade-komplektid-SOODUSPAKKUMISED-Lastemoobel-ja-sisustus-YappyKids-20_3-34a.jpg\",\"width\":1200,\"height\":685},{\"@type\":\"BreadcrumbList\",\"@id\":\"https:\/\/beebipood.ee\/ru\/produkt\/yappyetude-noortevoodi-kummut-ja-riidekapp-white\/#breadcrumb\",\"itemListElement\":[{\"@type\":\"ListItem\",\"position\":1,\"name\":\"Home\",\"item\":\"https:\/\/beebipood.ee\/ru\/\"},{\"@type\":\"ListItem\",\"position\":2,\"name\":\"\u041a\u0430\u0442\u0430\u043b\u043e\u0433 \u0442\u043e\u0432\u0430\u0440\u043e\u0432\",\"item\":\"https:\/\/beebipood.ee\/tooted\/\"},{\"@type\":\"ListItem\",\"position\":3,\"name\":\"Yappy\u00c9tude noortevoodi, kummut ja riidekapp, white\"}]},{\"@type\":\"WebSite\",\"@id\":\"https:\/\/beebipood.ee\/ru\/#website\",\"url\":\"https:\/\/beebipood.ee\/ru\/\",\"name\":\"Beebipood\",\"description\":\"Lastekaubad, beebikaubad, m\u00e4nguasjad\",\"publisher\":{\"@id\":\"https:\/\/beebipood.ee\/ru\/#organization\"},\"potentialAction\":[{\"@type\":\"SearchAction\",\"target\":{\"@type\":\"EntryPoint\",\"urlTemplate\":\"https:\/\/beebipood.ee\/ru\/?s={search_term_string}\"},\"query-input\":{\"@type\":\"PropertyValueSpecification\",\"valueRequired\":true,\"valueName\":\"search_term_string\"}}],\"inLanguage\":\"ru-RU\"},{\"@type\":\"Organization\",\"@id\":\"https:\/\/beebipood.ee\/ru\/#organization\",\"name\":\"Beebipood\",\"url\":\"https:\/\/beebipood.ee\/ru\/\",\"logo\":{\"@type\":\"ImageObject\",\"inLanguage\":\"ru-RU\",\"@id\":\"https:\/\/beebipood.ee\/ru\/#\/schema\/logo\/image\/\",\"url\":\"https:\/\/beebipood.ee\/wp-content\/uploads\/2025\/03\/beebipood.ee-logo-1.svg\",\"contentUrl\":\"https:\/\/beebipood.ee\/wp-content\/uploads\/2025\/03\/beebipood.ee-logo-1.svg\",\"caption\":\"Beebipood\"},\"image\":{\"@id\":\"https:\/\/beebipood.ee\/ru\/#\/schema\/logo\/image\/\"}}]}<\/script>\n<!-- \/ Yoast SEO plugin. -->","yoast_head_json":{"title":"Yappy\u00c9tude noortevoodi, kummut ja riidekapp, white, \u041a\u043e\u043c\u043f\u043b\u0435\u043a\u0442\u044b \u0434\u043b\u044f \u043a\u043e\u043c\u043d\u0430\u0442, \u0421\u041a\u0418\u0414\u041a\u0418, M\u0435\u0431\u0435\u043b\u044c, YappyKids -20%, Beebipood","description":"Yappy\u00c9tude noortevoodi, kummut ja riidekapp, white, Et&uuml;&uuml;d on muusikateos, mis on loodud tehniliste oskuste arendamiseks.Meie Yappy&Eacute;tu","robots":{"index":"index","follow":"follow","max-snippet":"max-snippet:-1","max-image-preview":"max-image-preview:large","max-video-preview":"max-video-preview:-1"},"canonical":"https:\/\/beebipood.ee\/ru\/produkt\/yappyetude-noortevoodi-kummut-ja-riidekapp-white\/","og_locale":"ru_RU","og_type":"article","og_title":"Yappy\u00c9tude noortevoodi, kummut ja riidekapp, white, \u041a\u043e\u043c\u043f\u043b\u0435\u043a\u0442\u044b \u0434\u043b\u044f \u043a\u043e\u043c\u043d\u0430\u0442, \u0421\u041a\u0418\u0414\u041a\u0418, M\u0435\u0431\u0435\u043b\u044c, YappyKids -20%, Beebipood","og_description":"Yappy\u00c9tude noortevoodi, kummut ja riidekapp, white, Et&uuml;&uuml;d on muusikateos, mis on loodud tehniliste oskuste arendamiseks.Meie Yappy&Eacute;tu","og_url":"https:\/\/beebipood.ee\/ru\/produkt\/yappyetude-noortevoodi-kummut-ja-riidekapp-white\/","og_site_name":"Beebipood","article_modified_time":"2025-01-09T08:48:30+00:00","og_image":[{"width":1200,"height":685,"url":"https:\/\/beebipood.ee\/wp-content\/uploads\/2020\/04\/Yappytude-noortevoodi-kummut-ja-riidekapp-white-Tubade-komplektid-SOODUSPAKKUMISED-Lastemoobel-ja-sisustus-YappyKids-20_3-34a.jpg","type":"image\/jpeg"}],"twitter_card":"summary_large_image","twitter_misc":{"\u041f\u0440\u0438\u043c\u0435\u0440\u043d\u043e\u0435 \u0432\u0440\u0435\u043c\u044f \u0434\u043b\u044f \u0447\u0442\u0435\u043d\u0438\u044f":"1 \u043c\u0438\u043d\u0443\u0442\u0430"},"schema":{"@context":"https:\/\/schema.org","@graph":[{"@type":"WebPage","@id":"https:\/\/beebipood.ee\/ru\/produkt\/yappyetude-noortevoodi-kummut-ja-riidekapp-white\/","url":"https:\/\/beebipood.ee\/ru\/produkt\/yappyetude-noortevoodi-kummut-ja-riidekapp-white\/","name":"Yappy\u00c9tude noortevoodi, kummut ja riidekapp, white, \u041a\u043e\u043c\u043f\u043b\u0435\u043a\u0442\u044b \u0434\u043b\u044f \u043a\u043e\u043c\u043d\u0430\u0442, \u0421\u041a\u0418\u0414\u041a\u0418, M\u0435\u0431\u0435\u043b\u044c, YappyKids -20%, Beebipood","isPartOf":{"@id":"https:\/\/beebipood.ee\/ru\/#website"},"primaryImageOfPage":{"@id":"https:\/\/beebipood.ee\/ru\/produkt\/yappyetude-noortevoodi-kummut-ja-riidekapp-white\/#primaryimage"},"image":{"@id":"https:\/\/beebipood.ee\/ru\/produkt\/yappyetude-noortevoodi-kummut-ja-riidekapp-white\/#primaryimage"},"thumbnailUrl":"https:\/\/beebipood.ee\/wp-content\/uploads\/2020\/04\/Yappytude-noortevoodi-kummut-ja-riidekapp-white-Tubade-komplektid-SOODUSPAKKUMISED-Lastemoobel-ja-sisustus-YappyKids-20_3-34a.jpg","datePublished":"2020-04-03T04:16:54+00:00","dateModified":"2025-01-09T08:48:30+00:00","description":"Yappy\u00c9tude noortevoodi, kummut ja riidekapp, white, Et&uuml;&uuml;d on muusikateos, mis on loodud tehniliste oskuste arendamiseks.Meie Yappy&Eacute;tu","breadcrumb":{"@id":"https:\/\/beebipood.ee\/ru\/produkt\/yappyetude-noortevoodi-kummut-ja-riidekapp-white\/#breadcrumb"},"inLanguage":"ru-RU","potentialAction":[{"@type":"ReadAction","target":["https:\/\/beebipood.ee\/ru\/produkt\/yappyetude-noortevoodi-kummut-ja-riidekapp-white\/"]}]},{"@type":"ImageObject","inLanguage":"ru-RU","@id":"https:\/\/beebipood.ee\/ru\/produkt\/yappyetude-noortevoodi-kummut-ja-riidekapp-white\/#primaryimage","url":"https:\/\/beebipood.ee\/wp-content\/uploads\/2020\/04\/Yappytude-noortevoodi-kummut-ja-riidekapp-white-Tubade-komplektid-SOODUSPAKKUMISED-Lastemoobel-ja-sisustus-YappyKids-20_3-34a.jpg","contentUrl":"https:\/\/beebipood.ee\/wp-content\/uploads\/2020\/04\/Yappytude-noortevoodi-kummut-ja-riidekapp-white-Tubade-komplektid-SOODUSPAKKUMISED-Lastemoobel-ja-sisustus-YappyKids-20_3-34a.jpg","width":1200,"height":685},{"@type":"BreadcrumbList","@id":"https:\/\/beebipood.ee\/ru\/produkt\/yappyetude-noortevoodi-kummut-ja-riidekapp-white\/#breadcrumb","itemListElement":[{"@type":"ListItem","position":1,"name":"Home","item":"https:\/\/beebipood.ee\/ru\/"},{"@type":"ListItem","position":2,"name":"\u041a\u0430\u0442\u0430\u043b\u043e\u0433 \u0442\u043e\u0432\u0430\u0440\u043e\u0432","item":"https:\/\/beebipood.ee\/tooted\/"},{"@type":"ListItem","position":3,"name":"Yappy\u00c9tude noortevoodi, kummut ja riidekapp, white"}]},{"@type":"WebSite","@id":"https:\/\/beebipood.ee\/ru\/#website","url":"https:\/\/beebipood.ee\/ru\/","name":"Beebipood","description":"Lastekaubad, beebikaubad, m\u00e4nguasjad","publisher":{"@id":"https:\/\/beebipood.ee\/ru\/#organization"},"potentialAction":[{"@type":"SearchAction","target":{"@type":"EntryPoint","urlTemplate":"https:\/\/beebipood.ee\/ru\/?s={search_term_string}"},"query-input":{"@type":"PropertyValueSpecification","valueRequired":true,"valueName":"search_term_string"}}],"inLanguage":"ru-RU"},{"@type":"Organization","@id":"https:\/\/beebipood.ee\/ru\/#organization","name":"Beebipood","url":"https:\/\/beebipood.ee\/ru\/","logo":{"@type":"ImageObject","inLanguage":"ru-RU","@id":"https:\/\/beebipood.ee\/ru\/#\/schema\/logo\/image\/","url":"https:\/\/beebipood.ee\/wp-content\/uploads\/2025\/03\/beebipood.ee-logo-1.svg","contentUrl":"https:\/\/beebipood.ee\/wp-content\/uploads\/2025\/03\/beebipood.ee-logo-1.svg","caption":"Beebipood"},"image":{"@id":"https:\/\/beebipood.ee\/ru\/#\/schema\/logo\/image\/"}}]}},"brands":[{"id":11969,"name":"YappyKids","slug":"yappykids-ru"}],"_links":{"self":[{"href":"https:\/\/beebipood.ee\/ru\/wp-json\/wp\/v2\/product\/459191","targetHints":{"allow":["GET"]}}],"collection":[{"href":"https:\/\/beebipood.ee\/ru\/wp-json\/wp\/v2\/product"}],"about":[{"href":"https:\/\/beebipood.ee\/ru\/wp-json\/wp\/v2\/types\/product"}],"wp:featuredmedia":[{"embeddable":true,"href":"https:\/\/beebipood.ee\/ru\/wp-json\/wp\/v2\/media\/133453"}],"wp:attachment":[{"href":"https:\/\/beebipood.ee\/ru\/wp-json\/wp\/v2\/media?parent=459191"}],"wp:term":[{"taxonomy":"pwb-brand","embeddable":true,"href":"https:\/\/beebipood.ee\/ru\/wp-json\/wp\/v2\/pwb-brand?post=459191"},{"taxonomy":"product_brand","embeddable":true,"href":"https:\/\/beebipood.ee\/ru\/wp-json\/wp\/v2\/product_brand?post=459191"},{"taxonomy":"product_cat","embeddable":true,"href":"https:\/\/beebipood.ee\/ru\/wp-json\/wp\/v2\/product_cat?post=459191"},{"taxonomy":"product_tag","embeddable":true,"href":"https:\/\/beebipood.ee\/ru\/wp-json\/wp\/v2\/product_tag?post=459191"}],"curies":[{"name":"wp","href":"https:\/\/api.w.org\/{rel}","templated":true}]}}