{"id":459195,"date":"2020-04-03T07:28:56","date_gmt":"2020-04-03T04:28:56","guid":{"rendered":"https:\/\/beebipood.ee\/toode\/yappyqu-beebivoodi-ja-yappyclassic-kummut-light-grey\/"},"modified":"2025-01-09T10:48:30","modified_gmt":"2025-01-09T08:48:30","slug":"yappyqu-beebivoodi-ja-yappyclassic-kummut-light-grey","status":"publish","type":"product","link":"https:\/\/beebipood.ee\/ru\/produkt\/yappyqu-beebivoodi-ja-yappyclassic-kummut-light-grey\/","title":{"rendered":"YappyQu beebivoodi ja YappyClassic kummut, light grey"},"content":{"rendered":"<p><strong><span style=\"text-decoration: underline;\">YappyQu voodi<\/span><\/strong><br \/>Materjal: kask<br \/>Madratsi soovitatavad m\u00f5\u00f5dud: 120 \u0445 60 cm<br \/>Madratsip\u00f5hjal 3 erinevat k\u00f5rgust<br \/>\u00dche k\u00e4e abil avatav voodik\u00fclg<br \/>YappyProtection: spetsiaalselt plastkatted<br \/>Yappy Long-life: 3 v\u00e4ljat\u00f5mmatavat pulka voodi fikseeritud k\u00fcljel<br \/>YappyPlay \u2013 puidust kuulid peatsis ja jaluses, mis p\u00f6\u00f6rlevad X- ja Y- teljel.<br \/>Lastevoodi on sertifitseeritud normi \u0415N716-1:2017 j\u00e4rgi<br \/>Kasutatud on vesialuselisi lakke ja v\u00e4rve.<\/p>\n<p><strong><span style=\"text-decoration: underline;\">YappyClassic kummut<\/span> <\/strong>on visuaalselt veetlev ja vastab k\u00f5ikidele ohutusstandarditele.<br \/>Neljakandilise kujuga kummuti nurgad on k\u00f5ik \u00fcmardatud, et v\u00e4ltida beebi vigastusi.<br \/>Kummuti 3 sahtlit tagavad piisava ruumi, et paigutada kummutisse k\u00f5ik vajalik. <br \/>Sahtlid on varustatud teleskoopsiinidega, mis v\u00f5imaldavad sahtlid l\u00f5puni lahti t\u00f5mmata. <br \/>Komplekti kuulub puidust m\u00e4hkimisalus m\u00f5\u00f5tudega 75 x 55 cm<br \/>Selle v\u00f5ib paigaldada kummuti vasakule kui ka paremale poole.<br \/>M\u00e4hkimisalus on eemaldatav, et beebi kasvades ei peaks Te kummutit v\u00e4lja vahetama.<br \/>Materjal: MDF\/Kask<br \/>Kasutatud veebaasil lakke ja v\u00e4rve.<\/p>\n","protected":false},"excerpt":{"rendered":"<p>YappyQu voodiMaterjal: kaskMadratsi soovitatavad m\u00f5\u00f5dud: 120 \u0445 60 cmMadratsip\u00f5hjal 3 erinevat k\u00f5rgust\u00dche k\u00e4e abil avatav voodik\u00fclgYappyProtection: spetsiaalselt plastkattedYappy Long-life: 3 v\u00e4ljat\u00f5mmatavat pulka voodi fikseeritud k\u00fcljelYappyPlay \u2013 puidust kuulid peatsis ja jaluses, mis p\u00f6\u00f6rlevad X- ja Y- teljel.Lastevoodi on sertifitseeritud normi \u0415N716-1:2017 j\u00e4rgiKasutatud on vesialuselisi lakke ja v\u00e4rve. YappyClassic kummut on visuaalselt veetlev ja vastab k\u00f5ikidele [&hellip;]<\/p>\n","protected":false},"featured_media":133469,"template":"","meta":{"_acf_changed":false},"pwb-brand":[11969],"product_brand":[],"product_cat":[11573,11561,11789],"product_tag":[],"class_list":{"0":"post-459195","1":"product","2":"type-product","3":"status-publish","4":"has-post-thumbnail","6":"pwb-brand-yappykids-ru","7":"product_cat-sooduspakkumised-ru","8":"product_cat-tubade-komplektid-ru","9":"product_cat-lastemoobel-ja-sisustus-ru","10":"pa_manufacturer-yappykids-ru","12":"first","13":"onbackorder","14":"sale","15":"taxable","16":"shipping-taxable","17":"purchasable","18":"product-type-simple"},"exclude_global_add_ons":[],"addons":[],"acf":[],"yoast_head":"<!-- This site is optimized with the Yoast SEO plugin v27.1.1 - https:\/\/yoast.com\/product\/yoast-seo-wordpress\/ -->\n<title>YappyQu beebivoodi ja YappyClassic kummut, light grey, \u041a\u043e\u043c\u043f\u043b\u0435\u043a\u0442\u044b \u0434\u043b\u044f \u043a\u043e\u043c\u043d\u0430\u0442, \u0421\u041a\u0418\u0414\u041a\u0418, M\u0435\u0431\u0435\u043b\u044c, YappyKids -20%, Beebipood<\/title>\n<meta name=\"description\" content=\"YappyQu beebivoodi ja YappyClassic kummut, light grey, YappyQu voodiMaterjal: kask&lt;br\" \/>\n<meta name=\"robots\" content=\"index, follow, max-snippet:-1, max-image-preview:large, max-video-preview:-1\" \/>\n<link rel=\"canonical\" href=\"https:\/\/beebipood.ee\/ru\/produkt\/yappyqu-beebivoodi-ja-yappyclassic-kummut-light-grey\/\" \/>\n<meta property=\"og:locale\" content=\"ru_RU\" \/>\n<meta property=\"og:type\" content=\"article\" \/>\n<meta property=\"og:title\" content=\"YappyQu beebivoodi ja YappyClassic kummut, light grey, \u041a\u043e\u043c\u043f\u043b\u0435\u043a\u0442\u044b \u0434\u043b\u044f \u043a\u043e\u043c\u043d\u0430\u0442, \u0421\u041a\u0418\u0414\u041a\u0418, M\u0435\u0431\u0435\u043b\u044c, YappyKids -20%, Beebipood\" \/>\n<meta property=\"og:description\" content=\"YappyQu beebivoodi ja YappyClassic kummut, light grey, YappyQu voodiMaterjal: kask&lt;br\" \/>\n<meta property=\"og:url\" content=\"https:\/\/beebipood.ee\/ru\/produkt\/yappyqu-beebivoodi-ja-yappyclassic-kummut-light-grey\/\" \/>\n<meta property=\"og:site_name\" content=\"Beebipood\" \/>\n<meta property=\"article:modified_time\" content=\"2025-01-09T08:48:30+00:00\" \/>\n<meta property=\"og:image\" content=\"https:\/\/beebipood.ee\/wp-content\/uploads\/2020\/04\/YappyQu-beebivoodi-ja-YappyClassic-kummut-light-grey-Tubade-komplektid-SOODUSPAKKUMISED-UUED-TOOTED-Lastemoobel-ja-sisustus-YappyKids-20_2-e06.jpg\" \/>\n\t<meta property=\"og:image:width\" content=\"1200\" \/>\n\t<meta property=\"og:image:height\" content=\"855\" \/>\n\t<meta property=\"og:image:type\" content=\"image\/jpeg\" \/>\n<meta name=\"twitter:card\" content=\"summary_large_image\" \/>\n<meta name=\"twitter:label1\" content=\"\u041f\u0440\u0438\u043c\u0435\u0440\u043d\u043e\u0435 \u0432\u0440\u0435\u043c\u044f \u0434\u043b\u044f \u0447\u0442\u0435\u043d\u0438\u044f\" \/>\n\t<meta name=\"twitter:data1\" content=\"1 \u043c\u0438\u043d\u0443\u0442\u0430\" \/>\n<script type=\"application\/ld+json\" class=\"yoast-schema-graph\">{\"@context\":\"https:\/\/schema.org\",\"@graph\":[{\"@type\":\"WebPage\",\"@id\":\"https:\/\/beebipood.ee\/ru\/produkt\/yappyqu-beebivoodi-ja-yappyclassic-kummut-light-grey\/\",\"url\":\"https:\/\/beebipood.ee\/ru\/produkt\/yappyqu-beebivoodi-ja-yappyclassic-kummut-light-grey\/\",\"name\":\"YappyQu beebivoodi ja YappyClassic kummut, light grey, \u041a\u043e\u043c\u043f\u043b\u0435\u043a\u0442\u044b \u0434\u043b\u044f \u043a\u043e\u043c\u043d\u0430\u0442, \u0421\u041a\u0418\u0414\u041a\u0418, M\u0435\u0431\u0435\u043b\u044c, YappyKids -20%, Beebipood\",\"isPartOf\":{\"@id\":\"https:\/\/beebipood.ee\/ru\/#website\"},\"primaryImageOfPage\":{\"@id\":\"https:\/\/beebipood.ee\/ru\/produkt\/yappyqu-beebivoodi-ja-yappyclassic-kummut-light-grey\/#primaryimage\"},\"image\":{\"@id\":\"https:\/\/beebipood.ee\/ru\/produkt\/yappyqu-beebivoodi-ja-yappyclassic-kummut-light-grey\/#primaryimage\"},\"thumbnailUrl\":\"https:\/\/beebipood.ee\/wp-content\/uploads\/2020\/04\/YappyQu-beebivoodi-ja-YappyClassic-kummut-light-grey-Tubade-komplektid-SOODUSPAKKUMISED-UUED-TOOTED-Lastemoobel-ja-sisustus-YappyKids-20_2-e06.jpg\",\"datePublished\":\"2020-04-03T04:28:56+00:00\",\"dateModified\":\"2025-01-09T08:48:30+00:00\",\"description\":\"YappyQu beebivoodi ja YappyClassic kummut, light grey, YappyQu voodiMaterjal: kask&lt;br\",\"breadcrumb\":{\"@id\":\"https:\/\/beebipood.ee\/ru\/produkt\/yappyqu-beebivoodi-ja-yappyclassic-kummut-light-grey\/#breadcrumb\"},\"inLanguage\":\"ru-RU\",\"potentialAction\":[{\"@type\":\"ReadAction\",\"target\":[\"https:\/\/beebipood.ee\/ru\/produkt\/yappyqu-beebivoodi-ja-yappyclassic-kummut-light-grey\/\"]}]},{\"@type\":\"ImageObject\",\"inLanguage\":\"ru-RU\",\"@id\":\"https:\/\/beebipood.ee\/ru\/produkt\/yappyqu-beebivoodi-ja-yappyclassic-kummut-light-grey\/#primaryimage\",\"url\":\"https:\/\/beebipood.ee\/wp-content\/uploads\/2020\/04\/YappyQu-beebivoodi-ja-YappyClassic-kummut-light-grey-Tubade-komplektid-SOODUSPAKKUMISED-UUED-TOOTED-Lastemoobel-ja-sisustus-YappyKids-20_2-e06.jpg\",\"contentUrl\":\"https:\/\/beebipood.ee\/wp-content\/uploads\/2020\/04\/YappyQu-beebivoodi-ja-YappyClassic-kummut-light-grey-Tubade-komplektid-SOODUSPAKKUMISED-UUED-TOOTED-Lastemoobel-ja-sisustus-YappyKids-20_2-e06.jpg\",\"width\":1200,\"height\":855},{\"@type\":\"BreadcrumbList\",\"@id\":\"https:\/\/beebipood.ee\/ru\/produkt\/yappyqu-beebivoodi-ja-yappyclassic-kummut-light-grey\/#breadcrumb\",\"itemListElement\":[{\"@type\":\"ListItem\",\"position\":1,\"name\":\"Home\",\"item\":\"https:\/\/beebipood.ee\/ru\/\"},{\"@type\":\"ListItem\",\"position\":2,\"name\":\"\u041a\u0430\u0442\u0430\u043b\u043e\u0433 \u0442\u043e\u0432\u0430\u0440\u043e\u0432\",\"item\":\"https:\/\/beebipood.ee\/tooted\/\"},{\"@type\":\"ListItem\",\"position\":3,\"name\":\"YappyQu beebivoodi ja YappyClassic kummut, light grey\"}]},{\"@type\":\"WebSite\",\"@id\":\"https:\/\/beebipood.ee\/ru\/#website\",\"url\":\"https:\/\/beebipood.ee\/ru\/\",\"name\":\"Beebipood\",\"description\":\"Lastekaubad, beebikaubad, m\u00e4nguasjad\",\"publisher\":{\"@id\":\"https:\/\/beebipood.ee\/ru\/#organization\"},\"potentialAction\":[{\"@type\":\"SearchAction\",\"target\":{\"@type\":\"EntryPoint\",\"urlTemplate\":\"https:\/\/beebipood.ee\/ru\/?s={search_term_string}\"},\"query-input\":{\"@type\":\"PropertyValueSpecification\",\"valueRequired\":true,\"valueName\":\"search_term_string\"}}],\"inLanguage\":\"ru-RU\"},{\"@type\":\"Organization\",\"@id\":\"https:\/\/beebipood.ee\/ru\/#organization\",\"name\":\"Beebipood\",\"url\":\"https:\/\/beebipood.ee\/ru\/\",\"logo\":{\"@type\":\"ImageObject\",\"inLanguage\":\"ru-RU\",\"@id\":\"https:\/\/beebipood.ee\/ru\/#\/schema\/logo\/image\/\",\"url\":\"https:\/\/beebipood.ee\/wp-content\/uploads\/2025\/03\/beebipood.ee-logo-1.svg\",\"contentUrl\":\"https:\/\/beebipood.ee\/wp-content\/uploads\/2025\/03\/beebipood.ee-logo-1.svg\",\"caption\":\"Beebipood\"},\"image\":{\"@id\":\"https:\/\/beebipood.ee\/ru\/#\/schema\/logo\/image\/\"}}]}<\/script>\n<!-- \/ Yoast SEO plugin. -->","yoast_head_json":{"title":"YappyQu beebivoodi ja YappyClassic kummut, light grey, \u041a\u043e\u043c\u043f\u043b\u0435\u043a\u0442\u044b \u0434\u043b\u044f \u043a\u043e\u043c\u043d\u0430\u0442, \u0421\u041a\u0418\u0414\u041a\u0418, M\u0435\u0431\u0435\u043b\u044c, YappyKids -20%, Beebipood","description":"YappyQu beebivoodi ja YappyClassic kummut, light grey, YappyQu voodiMaterjal: kask&lt;br","robots":{"index":"index","follow":"follow","max-snippet":"max-snippet:-1","max-image-preview":"max-image-preview:large","max-video-preview":"max-video-preview:-1"},"canonical":"https:\/\/beebipood.ee\/ru\/produkt\/yappyqu-beebivoodi-ja-yappyclassic-kummut-light-grey\/","og_locale":"ru_RU","og_type":"article","og_title":"YappyQu beebivoodi ja YappyClassic kummut, light grey, \u041a\u043e\u043c\u043f\u043b\u0435\u043a\u0442\u044b \u0434\u043b\u044f \u043a\u043e\u043c\u043d\u0430\u0442, \u0421\u041a\u0418\u0414\u041a\u0418, M\u0435\u0431\u0435\u043b\u044c, YappyKids -20%, Beebipood","og_description":"YappyQu beebivoodi ja YappyClassic kummut, light grey, YappyQu voodiMaterjal: kask&lt;br","og_url":"https:\/\/beebipood.ee\/ru\/produkt\/yappyqu-beebivoodi-ja-yappyclassic-kummut-light-grey\/","og_site_name":"Beebipood","article_modified_time":"2025-01-09T08:48:30+00:00","og_image":[{"width":1200,"height":855,"url":"https:\/\/beebipood.ee\/wp-content\/uploads\/2020\/04\/YappyQu-beebivoodi-ja-YappyClassic-kummut-light-grey-Tubade-komplektid-SOODUSPAKKUMISED-UUED-TOOTED-Lastemoobel-ja-sisustus-YappyKids-20_2-e06.jpg","type":"image\/jpeg"}],"twitter_card":"summary_large_image","twitter_misc":{"\u041f\u0440\u0438\u043c\u0435\u0440\u043d\u043e\u0435 \u0432\u0440\u0435\u043c\u044f \u0434\u043b\u044f \u0447\u0442\u0435\u043d\u0438\u044f":"1 \u043c\u0438\u043d\u0443\u0442\u0430"},"schema":{"@context":"https:\/\/schema.org","@graph":[{"@type":"WebPage","@id":"https:\/\/beebipood.ee\/ru\/produkt\/yappyqu-beebivoodi-ja-yappyclassic-kummut-light-grey\/","url":"https:\/\/beebipood.ee\/ru\/produkt\/yappyqu-beebivoodi-ja-yappyclassic-kummut-light-grey\/","name":"YappyQu beebivoodi ja YappyClassic kummut, light grey, \u041a\u043e\u043c\u043f\u043b\u0435\u043a\u0442\u044b \u0434\u043b\u044f \u043a\u043e\u043c\u043d\u0430\u0442, \u0421\u041a\u0418\u0414\u041a\u0418, M\u0435\u0431\u0435\u043b\u044c, YappyKids -20%, Beebipood","isPartOf":{"@id":"https:\/\/beebipood.ee\/ru\/#website"},"primaryImageOfPage":{"@id":"https:\/\/beebipood.ee\/ru\/produkt\/yappyqu-beebivoodi-ja-yappyclassic-kummut-light-grey\/#primaryimage"},"image":{"@id":"https:\/\/beebipood.ee\/ru\/produkt\/yappyqu-beebivoodi-ja-yappyclassic-kummut-light-grey\/#primaryimage"},"thumbnailUrl":"https:\/\/beebipood.ee\/wp-content\/uploads\/2020\/04\/YappyQu-beebivoodi-ja-YappyClassic-kummut-light-grey-Tubade-komplektid-SOODUSPAKKUMISED-UUED-TOOTED-Lastemoobel-ja-sisustus-YappyKids-20_2-e06.jpg","datePublished":"2020-04-03T04:28:56+00:00","dateModified":"2025-01-09T08:48:30+00:00","description":"YappyQu beebivoodi ja YappyClassic kummut, light grey, YappyQu voodiMaterjal: kask&lt;br","breadcrumb":{"@id":"https:\/\/beebipood.ee\/ru\/produkt\/yappyqu-beebivoodi-ja-yappyclassic-kummut-light-grey\/#breadcrumb"},"inLanguage":"ru-RU","potentialAction":[{"@type":"ReadAction","target":["https:\/\/beebipood.ee\/ru\/produkt\/yappyqu-beebivoodi-ja-yappyclassic-kummut-light-grey\/"]}]},{"@type":"ImageObject","inLanguage":"ru-RU","@id":"https:\/\/beebipood.ee\/ru\/produkt\/yappyqu-beebivoodi-ja-yappyclassic-kummut-light-grey\/#primaryimage","url":"https:\/\/beebipood.ee\/wp-content\/uploads\/2020\/04\/YappyQu-beebivoodi-ja-YappyClassic-kummut-light-grey-Tubade-komplektid-SOODUSPAKKUMISED-UUED-TOOTED-Lastemoobel-ja-sisustus-YappyKids-20_2-e06.jpg","contentUrl":"https:\/\/beebipood.ee\/wp-content\/uploads\/2020\/04\/YappyQu-beebivoodi-ja-YappyClassic-kummut-light-grey-Tubade-komplektid-SOODUSPAKKUMISED-UUED-TOOTED-Lastemoobel-ja-sisustus-YappyKids-20_2-e06.jpg","width":1200,"height":855},{"@type":"BreadcrumbList","@id":"https:\/\/beebipood.ee\/ru\/produkt\/yappyqu-beebivoodi-ja-yappyclassic-kummut-light-grey\/#breadcrumb","itemListElement":[{"@type":"ListItem","position":1,"name":"Home","item":"https:\/\/beebipood.ee\/ru\/"},{"@type":"ListItem","position":2,"name":"\u041a\u0430\u0442\u0430\u043b\u043e\u0433 \u0442\u043e\u0432\u0430\u0440\u043e\u0432","item":"https:\/\/beebipood.ee\/tooted\/"},{"@type":"ListItem","position":3,"name":"YappyQu beebivoodi ja YappyClassic kummut, light grey"}]},{"@type":"WebSite","@id":"https:\/\/beebipood.ee\/ru\/#website","url":"https:\/\/beebipood.ee\/ru\/","name":"Beebipood","description":"Lastekaubad, beebikaubad, m\u00e4nguasjad","publisher":{"@id":"https:\/\/beebipood.ee\/ru\/#organization"},"potentialAction":[{"@type":"SearchAction","target":{"@type":"EntryPoint","urlTemplate":"https:\/\/beebipood.ee\/ru\/?s={search_term_string}"},"query-input":{"@type":"PropertyValueSpecification","valueRequired":true,"valueName":"search_term_string"}}],"inLanguage":"ru-RU"},{"@type":"Organization","@id":"https:\/\/beebipood.ee\/ru\/#organization","name":"Beebipood","url":"https:\/\/beebipood.ee\/ru\/","logo":{"@type":"ImageObject","inLanguage":"ru-RU","@id":"https:\/\/beebipood.ee\/ru\/#\/schema\/logo\/image\/","url":"https:\/\/beebipood.ee\/wp-content\/uploads\/2025\/03\/beebipood.ee-logo-1.svg","contentUrl":"https:\/\/beebipood.ee\/wp-content\/uploads\/2025\/03\/beebipood.ee-logo-1.svg","caption":"Beebipood"},"image":{"@id":"https:\/\/beebipood.ee\/ru\/#\/schema\/logo\/image\/"}}]}},"brands":[{"id":11969,"name":"YappyKids","slug":"yappykids-ru"}],"_links":{"self":[{"href":"https:\/\/beebipood.ee\/ru\/wp-json\/wp\/v2\/product\/459195","targetHints":{"allow":["GET"]}}],"collection":[{"href":"https:\/\/beebipood.ee\/ru\/wp-json\/wp\/v2\/product"}],"about":[{"href":"https:\/\/beebipood.ee\/ru\/wp-json\/wp\/v2\/types\/product"}],"wp:featuredmedia":[{"embeddable":true,"href":"https:\/\/beebipood.ee\/ru\/wp-json\/wp\/v2\/media\/133469"}],"wp:attachment":[{"href":"https:\/\/beebipood.ee\/ru\/wp-json\/wp\/v2\/media?parent=459195"}],"wp:term":[{"taxonomy":"pwb-brand","embeddable":true,"href":"https:\/\/beebipood.ee\/ru\/wp-json\/wp\/v2\/pwb-brand?post=459195"},{"taxonomy":"product_brand","embeddable":true,"href":"https:\/\/beebipood.ee\/ru\/wp-json\/wp\/v2\/product_brand?post=459195"},{"taxonomy":"product_cat","embeddable":true,"href":"https:\/\/beebipood.ee\/ru\/wp-json\/wp\/v2\/product_cat?post=459195"},{"taxonomy":"product_tag","embeddable":true,"href":"https:\/\/beebipood.ee\/ru\/wp-json\/wp\/v2\/product_tag?post=459195"}],"curies":[{"name":"wp","href":"https:\/\/api.w.org\/{rel}","templated":true}]}}