{"id":459201,"date":"2020-04-03T07:48:21","date_gmt":"2020-04-03T04:48:21","guid":{"rendered":"https:\/\/beebipood.ee\/toode\/yappyminipocket-madrats-90x200\/"},"modified":"2025-01-09T10:48:30","modified_gmt":"2025-01-09T08:48:30","slug":"yappyminipocket-madrats-90x200","status":"publish","type":"product","link":"https:\/\/beebipood.ee\/ru\/produkt\/yappyminipocket-madrats-90x200\/","title":{"rendered":"YappyMiniPocket madrats 90&#215;200"},"content":{"rendered":"<p>YappyKids lisab oma madratsivalikusse kvaliteetse ja funktsionaalse madratsi <br \/>spetsiaalselt lastele m\u00f5eldud ja mini pocket vedrus\u00fcsteemiga.<br \/>Erinevalt teistest vedrus\u00fcsteemidest v\u00f5imaldab &#171;mini pocket&#187; <br \/>vedrukujundus igal \u00fcksikul vedrul t\u00e4ielikult t\u00f6\u00f6tada s\u00f5ltumata <br \/>selle k\u00f5rval olevatest vedrudest. <br \/>See annab madratsile palju eeliseid, n\u00e4iteks v\u00f5tab v\u00e4ga h\u00e4sti keha kuju, <br \/>nii et see toetab keha v\u00e4ga t\u00e4pselt. Nagu ka madratsi liikumise v\u00e4hendamine. <br \/>Vedrukattes oleva \u00f5\u00f5nsuse v\u00e4ikese ruumi t\u00f5ttu <br \/>on voodi varustatud loomuliku ventilatsiooniga, s\u00e4ilitades oma t\u00f6\u00f6omadused pikka aega.<br \/>Nende funktsioonide tagamiseks sisestatakse iga vedru oma riidetaskusse ja \u00fchendatakse seej\u00e4rel kokku.<br \/>Madratsi sisu:<br \/>&#8212; HR vahtplokk \u2013 suure painduvuse ja arenenud vastupidavusega materjal, <br \/>\u00a0 mis paistab silma oma pikaealisusega.<br \/>&#8212; Mini Pocket vedrud &#8212; Kuna &#171;mini pocket&#187; vedrud on m\u00f5eldud kergelt kokku surumiseks, <br \/>\u00a0 s\u00e4ilitavad need oma mugavuse ja k\u00f5rguse palju kauem kui kiud. <br \/>\u00a0 See t\u00e4hendab, et madrats kestab kauem.<br \/>&#8212; Kookoskiud \u2013 eriti vastupidav t\u00e4nu looduslikule materjalile, <br \/>\u00a0 mis muudab madratsi \u00fche poole j\u00e4igemaks kui teine.<br \/>Madratsi kate \u2013 Uuenduslik kangas tagab maksimaalse \u00f5huringluse. <br \/>Kangas on loodud kudumata kiududest. <br \/>Saab eemaldada ja pesta pesumasinas 40 kraadi juures.<\/p>\n","protected":false},"excerpt":{"rendered":"<p>YappyKids lisab oma madratsivalikusse kvaliteetse ja funktsionaalse madratsi spetsiaalselt lastele m\u00f5eldud ja mini pocket vedrus\u00fcsteemiga.Erinevalt teistest vedrus\u00fcsteemidest v\u00f5imaldab &#171;mini pocket&#187; vedrukujundus igal \u00fcksikul vedrul t\u00e4ielikult t\u00f6\u00f6tada s\u00f5ltumata selle k\u00f5rval olevatest vedrudest. See annab madratsile palju eeliseid, n\u00e4iteks v\u00f5tab v\u00e4ga h\u00e4sti keha kuju, nii et see toetab keha v\u00e4ga t\u00e4pselt. Nagu ka madratsi liikumise v\u00e4hendamine. Vedrukattes [&hellip;]<\/p>\n","protected":false},"featured_media":133493,"template":"","meta":{"_acf_changed":false},"pwb-brand":[11969],"product_brand":[],"product_cat":[11601,11563,11789],"product_tag":[],"class_list":{"0":"post-459201","1":"product","2":"type-product","3":"status-publish","4":"has-post-thumbnail","6":"pwb-brand-yappykids-ru","7":"product_cat-kuni-90cm-laiused-ru","8":"product_cat-madratsid-ja-kattemadratsid-ru","9":"product_cat-lastemoobel-ja-sisustus-ru","10":"pa_manufacturer-yappykids-ru","12":"first","13":"onbackorder","14":"taxable","15":"shipping-taxable","16":"purchasable","17":"product-type-simple"},"exclude_global_add_ons":[],"addons":[],"acf":[],"yoast_head":"<!-- This site is optimized with the Yoast SEO plugin v27.1.1 - https:\/\/yoast.com\/product\/yoast-seo-wordpress\/ -->\n<title>YappyMiniPocket madrats 90x200, \u041c\u0430\u0442\u0440\u0430\u0441\u044b \u0438 \u043c\u0430\u0442\u0440\u0430\u0441\u044b-\u043f\u043e\u043a\u0440\u044b\u0432\u0430\u043b\u0430, \u041d\u041e\u0412\u042b\u0415 \u0422\u041e\u0412\u0410\u0420\u042b, \u0428\u0438\u0440\u0438\u043d\u043e\u0439 \u0434\u043e 90 c\u043c, M\u0435\u0431\u0435\u043b\u044c, YappyKids -20%, Beebipood<\/title>\n<meta name=\"description\" content=\"YappyMiniPocket madrats 90x200, YappyKids lisab oma madratsivalikusse kvaliteetse ja funktsionaalse madratsi spetsiaalselt lastele m&otilde;eldud ja mi\" \/>\n<meta name=\"robots\" content=\"index, follow, max-snippet:-1, max-image-preview:large, max-video-preview:-1\" \/>\n<link rel=\"canonical\" href=\"https:\/\/beebipood.ee\/ru\/produkt\/yappyminipocket-madrats-90x200\/\" \/>\n<meta property=\"og:locale\" content=\"ru_RU\" \/>\n<meta property=\"og:type\" content=\"article\" \/>\n<meta property=\"og:title\" content=\"YappyMiniPocket madrats 90x200, \u041c\u0430\u0442\u0440\u0430\u0441\u044b \u0438 \u043c\u0430\u0442\u0440\u0430\u0441\u044b-\u043f\u043e\u043a\u0440\u044b\u0432\u0430\u043b\u0430, \u041d\u041e\u0412\u042b\u0415 \u0422\u041e\u0412\u0410\u0420\u042b, \u0428\u0438\u0440\u0438\u043d\u043e\u0439 \u0434\u043e 90 c\u043c, M\u0435\u0431\u0435\u043b\u044c, YappyKids -20%, Beebipood\" \/>\n<meta property=\"og:description\" content=\"YappyMiniPocket madrats 90x200, YappyKids lisab oma madratsivalikusse kvaliteetse ja funktsionaalse madratsi spetsiaalselt lastele m&otilde;eldud ja mi\" \/>\n<meta property=\"og:url\" content=\"https:\/\/beebipood.ee\/ru\/produkt\/yappyminipocket-madrats-90x200\/\" \/>\n<meta property=\"og:site_name\" content=\"Beebipood\" \/>\n<meta property=\"article:modified_time\" content=\"2025-01-09T08:48:30+00:00\" \/>\n<meta property=\"og:image\" content=\"https:\/\/beebipood.ee\/wp-content\/uploads\/2020\/04\/YappyMiniPocket-madrats-90x200-Madratsid-ja-kattemadratsid-UUED-TOOTED-Kuni-90cm-laiused-Lastemoobel-ja-sisustus-YappyKids-20_2-9d2.jpg\" \/>\n\t<meta property=\"og:image:width\" content=\"1200\" \/>\n\t<meta property=\"og:image:height\" content=\"1134\" \/>\n\t<meta property=\"og:image:type\" content=\"image\/jpeg\" \/>\n<meta name=\"twitter:card\" content=\"summary_large_image\" \/>\n<meta name=\"twitter:label1\" content=\"\u041f\u0440\u0438\u043c\u0435\u0440\u043d\u043e\u0435 \u0432\u0440\u0435\u043c\u044f \u0434\u043b\u044f \u0447\u0442\u0435\u043d\u0438\u044f\" \/>\n\t<meta name=\"twitter:data1\" content=\"1 \u043c\u0438\u043d\u0443\u0442\u0430\" \/>\n<script type=\"application\/ld+json\" class=\"yoast-schema-graph\">{\"@context\":\"https:\/\/schema.org\",\"@graph\":[{\"@type\":\"WebPage\",\"@id\":\"https:\/\/beebipood.ee\/ru\/produkt\/yappyminipocket-madrats-90x200\/\",\"url\":\"https:\/\/beebipood.ee\/ru\/produkt\/yappyminipocket-madrats-90x200\/\",\"name\":\"YappyMiniPocket madrats 90x200, \u041c\u0430\u0442\u0440\u0430\u0441\u044b \u0438 \u043c\u0430\u0442\u0440\u0430\u0441\u044b-\u043f\u043e\u043a\u0440\u044b\u0432\u0430\u043b\u0430, \u041d\u041e\u0412\u042b\u0415 \u0422\u041e\u0412\u0410\u0420\u042b, \u0428\u0438\u0440\u0438\u043d\u043e\u0439 \u0434\u043e 90 c\u043c, M\u0435\u0431\u0435\u043b\u044c, YappyKids -20%, Beebipood\",\"isPartOf\":{\"@id\":\"https:\/\/beebipood.ee\/ru\/#website\"},\"primaryImageOfPage\":{\"@id\":\"https:\/\/beebipood.ee\/ru\/produkt\/yappyminipocket-madrats-90x200\/#primaryimage\"},\"image\":{\"@id\":\"https:\/\/beebipood.ee\/ru\/produkt\/yappyminipocket-madrats-90x200\/#primaryimage\"},\"thumbnailUrl\":\"https:\/\/beebipood.ee\/wp-content\/uploads\/2020\/04\/YappyMiniPocket-madrats-90x200-Madratsid-ja-kattemadratsid-UUED-TOOTED-Kuni-90cm-laiused-Lastemoobel-ja-sisustus-YappyKids-20_2-9d2.jpg\",\"datePublished\":\"2020-04-03T04:48:21+00:00\",\"dateModified\":\"2025-01-09T08:48:30+00:00\",\"description\":\"YappyMiniPocket madrats 90x200, YappyKids lisab oma madratsivalikusse kvaliteetse ja funktsionaalse madratsi spetsiaalselt lastele m&otilde;eldud ja mi\",\"breadcrumb\":{\"@id\":\"https:\/\/beebipood.ee\/ru\/produkt\/yappyminipocket-madrats-90x200\/#breadcrumb\"},\"inLanguage\":\"ru-RU\",\"potentialAction\":[{\"@type\":\"ReadAction\",\"target\":[\"https:\/\/beebipood.ee\/ru\/produkt\/yappyminipocket-madrats-90x200\/\"]}]},{\"@type\":\"ImageObject\",\"inLanguage\":\"ru-RU\",\"@id\":\"https:\/\/beebipood.ee\/ru\/produkt\/yappyminipocket-madrats-90x200\/#primaryimage\",\"url\":\"https:\/\/beebipood.ee\/wp-content\/uploads\/2020\/04\/YappyMiniPocket-madrats-90x200-Madratsid-ja-kattemadratsid-UUED-TOOTED-Kuni-90cm-laiused-Lastemoobel-ja-sisustus-YappyKids-20_2-9d2.jpg\",\"contentUrl\":\"https:\/\/beebipood.ee\/wp-content\/uploads\/2020\/04\/YappyMiniPocket-madrats-90x200-Madratsid-ja-kattemadratsid-UUED-TOOTED-Kuni-90cm-laiused-Lastemoobel-ja-sisustus-YappyKids-20_2-9d2.jpg\",\"width\":1200,\"height\":1134},{\"@type\":\"BreadcrumbList\",\"@id\":\"https:\/\/beebipood.ee\/ru\/produkt\/yappyminipocket-madrats-90x200\/#breadcrumb\",\"itemListElement\":[{\"@type\":\"ListItem\",\"position\":1,\"name\":\"Home\",\"item\":\"https:\/\/beebipood.ee\/ru\/\"},{\"@type\":\"ListItem\",\"position\":2,\"name\":\"\u041a\u0430\u0442\u0430\u043b\u043e\u0433 \u0442\u043e\u0432\u0430\u0440\u043e\u0432\",\"item\":\"https:\/\/beebipood.ee\/tooted\/\"},{\"@type\":\"ListItem\",\"position\":3,\"name\":\"YappyMiniPocket madrats 90&#215;200\"}]},{\"@type\":\"WebSite\",\"@id\":\"https:\/\/beebipood.ee\/ru\/#website\",\"url\":\"https:\/\/beebipood.ee\/ru\/\",\"name\":\"Beebipood\",\"description\":\"Lastekaubad, beebikaubad, m\u00e4nguasjad\",\"publisher\":{\"@id\":\"https:\/\/beebipood.ee\/ru\/#organization\"},\"potentialAction\":[{\"@type\":\"SearchAction\",\"target\":{\"@type\":\"EntryPoint\",\"urlTemplate\":\"https:\/\/beebipood.ee\/ru\/?s={search_term_string}\"},\"query-input\":{\"@type\":\"PropertyValueSpecification\",\"valueRequired\":true,\"valueName\":\"search_term_string\"}}],\"inLanguage\":\"ru-RU\"},{\"@type\":\"Organization\",\"@id\":\"https:\/\/beebipood.ee\/ru\/#organization\",\"name\":\"Beebipood\",\"url\":\"https:\/\/beebipood.ee\/ru\/\",\"logo\":{\"@type\":\"ImageObject\",\"inLanguage\":\"ru-RU\",\"@id\":\"https:\/\/beebipood.ee\/ru\/#\/schema\/logo\/image\/\",\"url\":\"https:\/\/beebipood.ee\/wp-content\/uploads\/2025\/03\/beebipood.ee-logo-1.svg\",\"contentUrl\":\"https:\/\/beebipood.ee\/wp-content\/uploads\/2025\/03\/beebipood.ee-logo-1.svg\",\"caption\":\"Beebipood\"},\"image\":{\"@id\":\"https:\/\/beebipood.ee\/ru\/#\/schema\/logo\/image\/\"}}]}<\/script>\n<!-- \/ Yoast SEO plugin. -->","yoast_head_json":{"title":"YappyMiniPocket madrats 90x200, \u041c\u0430\u0442\u0440\u0430\u0441\u044b \u0438 \u043c\u0430\u0442\u0440\u0430\u0441\u044b-\u043f\u043e\u043a\u0440\u044b\u0432\u0430\u043b\u0430, \u041d\u041e\u0412\u042b\u0415 \u0422\u041e\u0412\u0410\u0420\u042b, \u0428\u0438\u0440\u0438\u043d\u043e\u0439 \u0434\u043e 90 c\u043c, M\u0435\u0431\u0435\u043b\u044c, YappyKids -20%, Beebipood","description":"YappyMiniPocket madrats 90x200, YappyKids lisab oma madratsivalikusse kvaliteetse ja funktsionaalse madratsi spetsiaalselt lastele m&otilde;eldud ja mi","robots":{"index":"index","follow":"follow","max-snippet":"max-snippet:-1","max-image-preview":"max-image-preview:large","max-video-preview":"max-video-preview:-1"},"canonical":"https:\/\/beebipood.ee\/ru\/produkt\/yappyminipocket-madrats-90x200\/","og_locale":"ru_RU","og_type":"article","og_title":"YappyMiniPocket madrats 90x200, \u041c\u0430\u0442\u0440\u0430\u0441\u044b \u0438 \u043c\u0430\u0442\u0440\u0430\u0441\u044b-\u043f\u043e\u043a\u0440\u044b\u0432\u0430\u043b\u0430, \u041d\u041e\u0412\u042b\u0415 \u0422\u041e\u0412\u0410\u0420\u042b, \u0428\u0438\u0440\u0438\u043d\u043e\u0439 \u0434\u043e 90 c\u043c, M\u0435\u0431\u0435\u043b\u044c, YappyKids -20%, Beebipood","og_description":"YappyMiniPocket madrats 90x200, YappyKids lisab oma madratsivalikusse kvaliteetse ja funktsionaalse madratsi spetsiaalselt lastele m&otilde;eldud ja mi","og_url":"https:\/\/beebipood.ee\/ru\/produkt\/yappyminipocket-madrats-90x200\/","og_site_name":"Beebipood","article_modified_time":"2025-01-09T08:48:30+00:00","og_image":[{"width":1200,"height":1134,"url":"https:\/\/beebipood.ee\/wp-content\/uploads\/2020\/04\/YappyMiniPocket-madrats-90x200-Madratsid-ja-kattemadratsid-UUED-TOOTED-Kuni-90cm-laiused-Lastemoobel-ja-sisustus-YappyKids-20_2-9d2.jpg","type":"image\/jpeg"}],"twitter_card":"summary_large_image","twitter_misc":{"\u041f\u0440\u0438\u043c\u0435\u0440\u043d\u043e\u0435 \u0432\u0440\u0435\u043c\u044f \u0434\u043b\u044f \u0447\u0442\u0435\u043d\u0438\u044f":"1 \u043c\u0438\u043d\u0443\u0442\u0430"},"schema":{"@context":"https:\/\/schema.org","@graph":[{"@type":"WebPage","@id":"https:\/\/beebipood.ee\/ru\/produkt\/yappyminipocket-madrats-90x200\/","url":"https:\/\/beebipood.ee\/ru\/produkt\/yappyminipocket-madrats-90x200\/","name":"YappyMiniPocket madrats 90x200, \u041c\u0430\u0442\u0440\u0430\u0441\u044b \u0438 \u043c\u0430\u0442\u0440\u0430\u0441\u044b-\u043f\u043e\u043a\u0440\u044b\u0432\u0430\u043b\u0430, \u041d\u041e\u0412\u042b\u0415 \u0422\u041e\u0412\u0410\u0420\u042b, \u0428\u0438\u0440\u0438\u043d\u043e\u0439 \u0434\u043e 90 c\u043c, M\u0435\u0431\u0435\u043b\u044c, YappyKids -20%, Beebipood","isPartOf":{"@id":"https:\/\/beebipood.ee\/ru\/#website"},"primaryImageOfPage":{"@id":"https:\/\/beebipood.ee\/ru\/produkt\/yappyminipocket-madrats-90x200\/#primaryimage"},"image":{"@id":"https:\/\/beebipood.ee\/ru\/produkt\/yappyminipocket-madrats-90x200\/#primaryimage"},"thumbnailUrl":"https:\/\/beebipood.ee\/wp-content\/uploads\/2020\/04\/YappyMiniPocket-madrats-90x200-Madratsid-ja-kattemadratsid-UUED-TOOTED-Kuni-90cm-laiused-Lastemoobel-ja-sisustus-YappyKids-20_2-9d2.jpg","datePublished":"2020-04-03T04:48:21+00:00","dateModified":"2025-01-09T08:48:30+00:00","description":"YappyMiniPocket madrats 90x200, YappyKids lisab oma madratsivalikusse kvaliteetse ja funktsionaalse madratsi spetsiaalselt lastele m&otilde;eldud ja mi","breadcrumb":{"@id":"https:\/\/beebipood.ee\/ru\/produkt\/yappyminipocket-madrats-90x200\/#breadcrumb"},"inLanguage":"ru-RU","potentialAction":[{"@type":"ReadAction","target":["https:\/\/beebipood.ee\/ru\/produkt\/yappyminipocket-madrats-90x200\/"]}]},{"@type":"ImageObject","inLanguage":"ru-RU","@id":"https:\/\/beebipood.ee\/ru\/produkt\/yappyminipocket-madrats-90x200\/#primaryimage","url":"https:\/\/beebipood.ee\/wp-content\/uploads\/2020\/04\/YappyMiniPocket-madrats-90x200-Madratsid-ja-kattemadratsid-UUED-TOOTED-Kuni-90cm-laiused-Lastemoobel-ja-sisustus-YappyKids-20_2-9d2.jpg","contentUrl":"https:\/\/beebipood.ee\/wp-content\/uploads\/2020\/04\/YappyMiniPocket-madrats-90x200-Madratsid-ja-kattemadratsid-UUED-TOOTED-Kuni-90cm-laiused-Lastemoobel-ja-sisustus-YappyKids-20_2-9d2.jpg","width":1200,"height":1134},{"@type":"BreadcrumbList","@id":"https:\/\/beebipood.ee\/ru\/produkt\/yappyminipocket-madrats-90x200\/#breadcrumb","itemListElement":[{"@type":"ListItem","position":1,"name":"Home","item":"https:\/\/beebipood.ee\/ru\/"},{"@type":"ListItem","position":2,"name":"\u041a\u0430\u0442\u0430\u043b\u043e\u0433 \u0442\u043e\u0432\u0430\u0440\u043e\u0432","item":"https:\/\/beebipood.ee\/tooted\/"},{"@type":"ListItem","position":3,"name":"YappyMiniPocket madrats 90&#215;200"}]},{"@type":"WebSite","@id":"https:\/\/beebipood.ee\/ru\/#website","url":"https:\/\/beebipood.ee\/ru\/","name":"Beebipood","description":"Lastekaubad, beebikaubad, m\u00e4nguasjad","publisher":{"@id":"https:\/\/beebipood.ee\/ru\/#organization"},"potentialAction":[{"@type":"SearchAction","target":{"@type":"EntryPoint","urlTemplate":"https:\/\/beebipood.ee\/ru\/?s={search_term_string}"},"query-input":{"@type":"PropertyValueSpecification","valueRequired":true,"valueName":"search_term_string"}}],"inLanguage":"ru-RU"},{"@type":"Organization","@id":"https:\/\/beebipood.ee\/ru\/#organization","name":"Beebipood","url":"https:\/\/beebipood.ee\/ru\/","logo":{"@type":"ImageObject","inLanguage":"ru-RU","@id":"https:\/\/beebipood.ee\/ru\/#\/schema\/logo\/image\/","url":"https:\/\/beebipood.ee\/wp-content\/uploads\/2025\/03\/beebipood.ee-logo-1.svg","contentUrl":"https:\/\/beebipood.ee\/wp-content\/uploads\/2025\/03\/beebipood.ee-logo-1.svg","caption":"Beebipood"},"image":{"@id":"https:\/\/beebipood.ee\/ru\/#\/schema\/logo\/image\/"}}]}},"brands":[{"id":11969,"name":"YappyKids","slug":"yappykids-ru"}],"_links":{"self":[{"href":"https:\/\/beebipood.ee\/ru\/wp-json\/wp\/v2\/product\/459201","targetHints":{"allow":["GET"]}}],"collection":[{"href":"https:\/\/beebipood.ee\/ru\/wp-json\/wp\/v2\/product"}],"about":[{"href":"https:\/\/beebipood.ee\/ru\/wp-json\/wp\/v2\/types\/product"}],"wp:featuredmedia":[{"embeddable":true,"href":"https:\/\/beebipood.ee\/ru\/wp-json\/wp\/v2\/media\/133493"}],"wp:attachment":[{"href":"https:\/\/beebipood.ee\/ru\/wp-json\/wp\/v2\/media?parent=459201"}],"wp:term":[{"taxonomy":"pwb-brand","embeddable":true,"href":"https:\/\/beebipood.ee\/ru\/wp-json\/wp\/v2\/pwb-brand?post=459201"},{"taxonomy":"product_brand","embeddable":true,"href":"https:\/\/beebipood.ee\/ru\/wp-json\/wp\/v2\/product_brand?post=459201"},{"taxonomy":"product_cat","embeddable":true,"href":"https:\/\/beebipood.ee\/ru\/wp-json\/wp\/v2\/product_cat?post=459201"},{"taxonomy":"product_tag","embeddable":true,"href":"https:\/\/beebipood.ee\/ru\/wp-json\/wp\/v2\/product_tag?post=459201"}],"curies":[{"name":"wp","href":"https:\/\/api.w.org\/{rel}","templated":true}]}}