{"id":459203,"date":"2020-04-03T07:49:47","date_gmt":"2020-04-03T04:49:47","guid":{"rendered":"https:\/\/beebipood.ee\/toode\/yappygrott-poolkorge-voodi-90x200-valge\/"},"modified":"2025-01-09T10:48:29","modified_gmt":"2025-01-09T08:48:29","slug":"yappygrott-poolkorge-voodi-90x200-valge","status":"publish","type":"product","link":"https:\/\/beebipood.ee\/ru\/produkt\/yappygrott-poolkorge-voodi-90x200-valge\/","title":{"rendered":"YappyGrott poolk\u00f5rge voodi 90&#215;200, valge"},"content":{"rendered":"<p><span>YappyGrott poolk\u00f5rge voodi \u2013 ideaalne lahendus neile,<\/span><br \/><span>kes otsivad oma pisikestele l\u00f5busat ja funktsionaalset voodit.<\/span><br \/><span>Selle poolk\u00f5rge voodi all on m\u00e4nguala, mis pakub teie lapsele tundideks meelelahutust.<\/span><br \/><span>Voodialust ruumi saab kasutada ka m\u00e4nguasjade ja muude asjade panipaigana,<\/span><br \/><span>mis aitab teil oma lapse tuba korras hoida.<\/span><br \/><span>Voodi on loodud turvalisust silmas pidades<\/span><br \/><span>ning sellel on tugevad k\u00fclgmised piirded,<\/span><br \/><span>mis tagavad, et teie laps \u00f6\u00f6sel voodist v\u00e4lja ei kuku.<\/span><br \/><span>Lisaks on voodi k\u00f5rgus ideaalne ning laps ei karda trepist \u00fcles ronimist.<\/span><br \/><span>Stiili ja m\u00e4ngulisuse lisamiseks on v\u00f5imalik juurde osta valikulisi paneele,<\/span><br \/><span>mis loovad m\u00e4ngualale m\u00e4nguv\u00e4ljaku ilme. (Need ei kuulu voodikomplekti!)<\/span><br \/><span>Materjal: FSC sertifikaadiga t\u00e4ism\u00e4nnipuit.<\/span><br \/><span>Madratsip\u00f5hja m\u00f5\u00f5dud: 90 x 200 cm (madrats ei kuulu komplekti).<\/span><br \/><span>T\u00f6\u00f6deldud \u00f6koloogilise, lastele ohutu naturaalse puiduvahaga.<\/span><br \/><span>See mitmeotstarbeline materjal t\u00f5rjub niiskust,<\/span><br \/><span>kaitseb mustuse eest ja annab m\u00f6\u00f6blile kauni l\u00e4ike.<\/span><br \/><span>Voodip\u00f5hi on valmistatud vastupidavast vineerist,<\/span><br \/><span>tagades teie lapse madratsile korraliku ja ergonoomilise aluse.<\/span><br \/><span>See muudab teie lapsele YappyGrott voodis magamise mugavaks ja nauditavaks.<\/span><br \/><span>YappyGrott voodi on valmistatud FSC sertifikaadiga puidust.<\/span><br \/><span>FSC sertifikaat tagab, et tooted p\u00e4rinevad vastutustundlikult majandatud metsadest,<\/span><br \/><span>mis on keskkondlikult, sotsiaalselt ja majanduslikult kasulik.<\/span><\/p>\n","protected":false},"excerpt":{"rendered":"<p>YappyGrott poolk\u00f5rge voodi \u2013 ideaalne lahendus neile,kes otsivad oma pisikestele l\u00f5busat ja funktsionaalset voodit.Selle poolk\u00f5rge voodi all on m\u00e4nguala, mis pakub teie lapsele tundideks meelelahutust.Voodialust ruumi saab kasutada ka m\u00e4nguasjade ja muude asjade panipaigana,mis aitab teil oma lapse tuba korras hoida.Voodi on loodud turvalisust silmas pidadesning sellel on tugevad k\u00fclgmised piirded,mis tagavad, et teie laps [&hellip;]<\/p>\n","protected":false},"featured_media":133497,"template":"","meta":{"_acf_changed":false},"pwb-brand":[11969],"product_brand":[],"product_cat":[11577,11557,11789],"product_tag":[],"class_list":{"0":"post-459203","1":"product","2":"type-product","3":"status-publish","4":"has-post-thumbnail","6":"pwb-brand-yappykids-ru","7":"product_cat-poolkorged-voodid-ru","8":"product_cat-narid-ru","9":"product_cat-lastemoobel-ja-sisustus-ru","10":"pa_manufacturer-yappykids-ru","12":"first","13":"onbackorder","14":"sale","15":"taxable","16":"shipping-taxable","17":"purchasable","18":"product-type-simple"},"exclude_global_add_ons":false,"addons":[{"name":"Lisan voodipaneeli","type":"multiple_choice","position":0,"required":true,"title_format":"heading","default":"","description_enable":false,"description":"","placeholder_enable":false,"placeholder":"","display":"images","restrictions_type":"any_text","adjust_price":false,"price":"","price_type":"flat_fee","restrictions":false,"min":"0","max":"0","options":[{"label":"Ei soovi  voodipaneeli","price":"","price_type":"quantity_based","image":0,"visibility":true},{"label":"Lisan \u00fche voodipaneeli","price":"80.0000","price_type":"quantity_based","image":502409,"visibility":true},{"label":"Lisan kaks voodipaneeli","price":"160.0000","price_type":"quantity_based","image":502411,"visibility":true}]}],"acf":[],"yoast_head":"<!-- This site is optimized with the Yoast SEO plugin v27.1.1 - https:\/\/yoast.com\/product\/yoast-seo-wordpress\/ -->\n<title>YappyGrott poolk\u00f5rge voodi 90x200, valge, \u041d\u0430\u0440\u044b, \u041d\u041e\u0412\u042b\u0415 \u0422\u041e\u0412\u0410\u0420\u042b, \u041f\u043e\u043b\u0443\u0432\u044b\u0441\u043e\u043a\u0438\u0435 \u043d\u0430\u0440\u044b, M\u0435\u0431\u0435\u043b\u044c, YappyKids -20%, Beebipood<\/title>\n<meta name=\"description\" content=\"YappyGrott poolk\u00f5rge voodi 90x200, valge, YappyGrott poolk&otilde;rge voodi &ndash; ideaalne lahendus neile,kes otsivad oma pisikes\" \/>\n<meta name=\"robots\" content=\"index, follow, max-snippet:-1, max-image-preview:large, max-video-preview:-1\" \/>\n<link rel=\"canonical\" href=\"https:\/\/beebipood.ee\/ru\/produkt\/yappygrott-poolkorge-voodi-90x200-valge\/\" \/>\n<meta property=\"og:locale\" content=\"ru_RU\" \/>\n<meta property=\"og:type\" content=\"article\" \/>\n<meta property=\"og:title\" content=\"YappyGrott poolk\u00f5rge voodi 90x200, valge, \u041d\u0430\u0440\u044b, \u041d\u041e\u0412\u042b\u0415 \u0422\u041e\u0412\u0410\u0420\u042b, \u041f\u043e\u043b\u0443\u0432\u044b\u0441\u043e\u043a\u0438\u0435 \u043d\u0430\u0440\u044b, M\u0435\u0431\u0435\u043b\u044c, YappyKids -20%, Beebipood\" \/>\n<meta property=\"og:description\" content=\"YappyGrott poolk\u00f5rge voodi 90x200, valge, YappyGrott poolk&otilde;rge voodi &ndash; ideaalne lahendus neile,kes otsivad oma pisikes\" \/>\n<meta property=\"og:url\" content=\"https:\/\/beebipood.ee\/ru\/produkt\/yappygrott-poolkorge-voodi-90x200-valge\/\" \/>\n<meta property=\"og:site_name\" content=\"Beebipood\" \/>\n<meta property=\"article:modified_time\" content=\"2025-01-09T08:48:29+00:00\" \/>\n<meta property=\"og:image\" content=\"https:\/\/beebipood.ee\/wp-content\/uploads\/2020\/04\/YappyGrott-poolkorge-voodi-90x200-valge-Narid-UUED-TOOTED-Poolkorged-voodid-Lastemoobel-ja-sisustus-YappyKids-20_2-158.jpg\" \/>\n\t<meta property=\"og:image:width\" content=\"1200\" \/>\n\t<meta property=\"og:image:height\" content=\"900\" \/>\n\t<meta property=\"og:image:type\" content=\"image\/jpeg\" \/>\n<meta name=\"twitter:card\" content=\"summary_large_image\" \/>\n<meta name=\"twitter:label1\" content=\"\u041f\u0440\u0438\u043c\u0435\u0440\u043d\u043e\u0435 \u0432\u0440\u0435\u043c\u044f \u0434\u043b\u044f \u0447\u0442\u0435\u043d\u0438\u044f\" \/>\n\t<meta name=\"twitter:data1\" content=\"1 \u043c\u0438\u043d\u0443\u0442\u0430\" \/>\n<script type=\"application\/ld+json\" class=\"yoast-schema-graph\">{\"@context\":\"https:\/\/schema.org\",\"@graph\":[{\"@type\":\"WebPage\",\"@id\":\"https:\/\/beebipood.ee\/ru\/produkt\/yappygrott-poolkorge-voodi-90x200-valge\/\",\"url\":\"https:\/\/beebipood.ee\/ru\/produkt\/yappygrott-poolkorge-voodi-90x200-valge\/\",\"name\":\"YappyGrott poolk\u00f5rge voodi 90x200, valge, \u041d\u0430\u0440\u044b, \u041d\u041e\u0412\u042b\u0415 \u0422\u041e\u0412\u0410\u0420\u042b, \u041f\u043e\u043b\u0443\u0432\u044b\u0441\u043e\u043a\u0438\u0435 \u043d\u0430\u0440\u044b, M\u0435\u0431\u0435\u043b\u044c, YappyKids -20%, Beebipood\",\"isPartOf\":{\"@id\":\"https:\/\/beebipood.ee\/ru\/#website\"},\"primaryImageOfPage\":{\"@id\":\"https:\/\/beebipood.ee\/ru\/produkt\/yappygrott-poolkorge-voodi-90x200-valge\/#primaryimage\"},\"image\":{\"@id\":\"https:\/\/beebipood.ee\/ru\/produkt\/yappygrott-poolkorge-voodi-90x200-valge\/#primaryimage\"},\"thumbnailUrl\":\"https:\/\/beebipood.ee\/wp-content\/uploads\/2020\/04\/YappyGrott-poolkorge-voodi-90x200-valge-Narid-UUED-TOOTED-Poolkorged-voodid-Lastemoobel-ja-sisustus-YappyKids-20_2-158.jpg\",\"datePublished\":\"2020-04-03T04:49:47+00:00\",\"dateModified\":\"2025-01-09T08:48:29+00:00\",\"description\":\"YappyGrott poolk\u00f5rge voodi 90x200, valge, YappyGrott poolk&otilde;rge voodi &ndash; ideaalne lahendus neile,kes otsivad oma pisikes\",\"breadcrumb\":{\"@id\":\"https:\/\/beebipood.ee\/ru\/produkt\/yappygrott-poolkorge-voodi-90x200-valge\/#breadcrumb\"},\"inLanguage\":\"ru-RU\",\"potentialAction\":[{\"@type\":\"ReadAction\",\"target\":[\"https:\/\/beebipood.ee\/ru\/produkt\/yappygrott-poolkorge-voodi-90x200-valge\/\"]}]},{\"@type\":\"ImageObject\",\"inLanguage\":\"ru-RU\",\"@id\":\"https:\/\/beebipood.ee\/ru\/produkt\/yappygrott-poolkorge-voodi-90x200-valge\/#primaryimage\",\"url\":\"https:\/\/beebipood.ee\/wp-content\/uploads\/2020\/04\/YappyGrott-poolkorge-voodi-90x200-valge-Narid-UUED-TOOTED-Poolkorged-voodid-Lastemoobel-ja-sisustus-YappyKids-20_2-158.jpg\",\"contentUrl\":\"https:\/\/beebipood.ee\/wp-content\/uploads\/2020\/04\/YappyGrott-poolkorge-voodi-90x200-valge-Narid-UUED-TOOTED-Poolkorged-voodid-Lastemoobel-ja-sisustus-YappyKids-20_2-158.jpg\",\"width\":1200,\"height\":900},{\"@type\":\"BreadcrumbList\",\"@id\":\"https:\/\/beebipood.ee\/ru\/produkt\/yappygrott-poolkorge-voodi-90x200-valge\/#breadcrumb\",\"itemListElement\":[{\"@type\":\"ListItem\",\"position\":1,\"name\":\"Home\",\"item\":\"https:\/\/beebipood.ee\/ru\/\"},{\"@type\":\"ListItem\",\"position\":2,\"name\":\"\u041a\u0430\u0442\u0430\u043b\u043e\u0433 \u0442\u043e\u0432\u0430\u0440\u043e\u0432\",\"item\":\"https:\/\/beebipood.ee\/tooted\/\"},{\"@type\":\"ListItem\",\"position\":3,\"name\":\"YappyGrott poolk\u00f5rge voodi 90&#215;200, valge\"}]},{\"@type\":\"WebSite\",\"@id\":\"https:\/\/beebipood.ee\/ru\/#website\",\"url\":\"https:\/\/beebipood.ee\/ru\/\",\"name\":\"Beebipood\",\"description\":\"Lastekaubad, beebikaubad, m\u00e4nguasjad\",\"publisher\":{\"@id\":\"https:\/\/beebipood.ee\/ru\/#organization\"},\"potentialAction\":[{\"@type\":\"SearchAction\",\"target\":{\"@type\":\"EntryPoint\",\"urlTemplate\":\"https:\/\/beebipood.ee\/ru\/?s={search_term_string}\"},\"query-input\":{\"@type\":\"PropertyValueSpecification\",\"valueRequired\":true,\"valueName\":\"search_term_string\"}}],\"inLanguage\":\"ru-RU\"},{\"@type\":\"Organization\",\"@id\":\"https:\/\/beebipood.ee\/ru\/#organization\",\"name\":\"Beebipood\",\"url\":\"https:\/\/beebipood.ee\/ru\/\",\"logo\":{\"@type\":\"ImageObject\",\"inLanguage\":\"ru-RU\",\"@id\":\"https:\/\/beebipood.ee\/ru\/#\/schema\/logo\/image\/\",\"url\":\"https:\/\/beebipood.ee\/wp-content\/uploads\/2025\/03\/beebipood.ee-logo-1.svg\",\"contentUrl\":\"https:\/\/beebipood.ee\/wp-content\/uploads\/2025\/03\/beebipood.ee-logo-1.svg\",\"caption\":\"Beebipood\"},\"image\":{\"@id\":\"https:\/\/beebipood.ee\/ru\/#\/schema\/logo\/image\/\"}}]}<\/script>\n<!-- \/ Yoast SEO plugin. -->","yoast_head_json":{"title":"YappyGrott poolk\u00f5rge voodi 90x200, valge, \u041d\u0430\u0440\u044b, \u041d\u041e\u0412\u042b\u0415 \u0422\u041e\u0412\u0410\u0420\u042b, \u041f\u043e\u043b\u0443\u0432\u044b\u0441\u043e\u043a\u0438\u0435 \u043d\u0430\u0440\u044b, M\u0435\u0431\u0435\u043b\u044c, YappyKids -20%, Beebipood","description":"YappyGrott poolk\u00f5rge voodi 90x200, valge, YappyGrott poolk&otilde;rge voodi &ndash; ideaalne lahendus neile,kes otsivad oma pisikes","robots":{"index":"index","follow":"follow","max-snippet":"max-snippet:-1","max-image-preview":"max-image-preview:large","max-video-preview":"max-video-preview:-1"},"canonical":"https:\/\/beebipood.ee\/ru\/produkt\/yappygrott-poolkorge-voodi-90x200-valge\/","og_locale":"ru_RU","og_type":"article","og_title":"YappyGrott poolk\u00f5rge voodi 90x200, valge, \u041d\u0430\u0440\u044b, \u041d\u041e\u0412\u042b\u0415 \u0422\u041e\u0412\u0410\u0420\u042b, \u041f\u043e\u043b\u0443\u0432\u044b\u0441\u043e\u043a\u0438\u0435 \u043d\u0430\u0440\u044b, M\u0435\u0431\u0435\u043b\u044c, YappyKids -20%, Beebipood","og_description":"YappyGrott poolk\u00f5rge voodi 90x200, valge, YappyGrott poolk&otilde;rge voodi &ndash; ideaalne lahendus neile,kes otsivad oma pisikes","og_url":"https:\/\/beebipood.ee\/ru\/produkt\/yappygrott-poolkorge-voodi-90x200-valge\/","og_site_name":"Beebipood","article_modified_time":"2025-01-09T08:48:29+00:00","og_image":[{"width":1200,"height":900,"url":"https:\/\/beebipood.ee\/wp-content\/uploads\/2020\/04\/YappyGrott-poolkorge-voodi-90x200-valge-Narid-UUED-TOOTED-Poolkorged-voodid-Lastemoobel-ja-sisustus-YappyKids-20_2-158.jpg","type":"image\/jpeg"}],"twitter_card":"summary_large_image","twitter_misc":{"\u041f\u0440\u0438\u043c\u0435\u0440\u043d\u043e\u0435 \u0432\u0440\u0435\u043c\u044f \u0434\u043b\u044f \u0447\u0442\u0435\u043d\u0438\u044f":"1 \u043c\u0438\u043d\u0443\u0442\u0430"},"schema":{"@context":"https:\/\/schema.org","@graph":[{"@type":"WebPage","@id":"https:\/\/beebipood.ee\/ru\/produkt\/yappygrott-poolkorge-voodi-90x200-valge\/","url":"https:\/\/beebipood.ee\/ru\/produkt\/yappygrott-poolkorge-voodi-90x200-valge\/","name":"YappyGrott poolk\u00f5rge voodi 90x200, valge, \u041d\u0430\u0440\u044b, \u041d\u041e\u0412\u042b\u0415 \u0422\u041e\u0412\u0410\u0420\u042b, \u041f\u043e\u043b\u0443\u0432\u044b\u0441\u043e\u043a\u0438\u0435 \u043d\u0430\u0440\u044b, M\u0435\u0431\u0435\u043b\u044c, YappyKids -20%, Beebipood","isPartOf":{"@id":"https:\/\/beebipood.ee\/ru\/#website"},"primaryImageOfPage":{"@id":"https:\/\/beebipood.ee\/ru\/produkt\/yappygrott-poolkorge-voodi-90x200-valge\/#primaryimage"},"image":{"@id":"https:\/\/beebipood.ee\/ru\/produkt\/yappygrott-poolkorge-voodi-90x200-valge\/#primaryimage"},"thumbnailUrl":"https:\/\/beebipood.ee\/wp-content\/uploads\/2020\/04\/YappyGrott-poolkorge-voodi-90x200-valge-Narid-UUED-TOOTED-Poolkorged-voodid-Lastemoobel-ja-sisustus-YappyKids-20_2-158.jpg","datePublished":"2020-04-03T04:49:47+00:00","dateModified":"2025-01-09T08:48:29+00:00","description":"YappyGrott poolk\u00f5rge voodi 90x200, valge, YappyGrott poolk&otilde;rge voodi &ndash; ideaalne lahendus neile,kes otsivad oma pisikes","breadcrumb":{"@id":"https:\/\/beebipood.ee\/ru\/produkt\/yappygrott-poolkorge-voodi-90x200-valge\/#breadcrumb"},"inLanguage":"ru-RU","potentialAction":[{"@type":"ReadAction","target":["https:\/\/beebipood.ee\/ru\/produkt\/yappygrott-poolkorge-voodi-90x200-valge\/"]}]},{"@type":"ImageObject","inLanguage":"ru-RU","@id":"https:\/\/beebipood.ee\/ru\/produkt\/yappygrott-poolkorge-voodi-90x200-valge\/#primaryimage","url":"https:\/\/beebipood.ee\/wp-content\/uploads\/2020\/04\/YappyGrott-poolkorge-voodi-90x200-valge-Narid-UUED-TOOTED-Poolkorged-voodid-Lastemoobel-ja-sisustus-YappyKids-20_2-158.jpg","contentUrl":"https:\/\/beebipood.ee\/wp-content\/uploads\/2020\/04\/YappyGrott-poolkorge-voodi-90x200-valge-Narid-UUED-TOOTED-Poolkorged-voodid-Lastemoobel-ja-sisustus-YappyKids-20_2-158.jpg","width":1200,"height":900},{"@type":"BreadcrumbList","@id":"https:\/\/beebipood.ee\/ru\/produkt\/yappygrott-poolkorge-voodi-90x200-valge\/#breadcrumb","itemListElement":[{"@type":"ListItem","position":1,"name":"Home","item":"https:\/\/beebipood.ee\/ru\/"},{"@type":"ListItem","position":2,"name":"\u041a\u0430\u0442\u0430\u043b\u043e\u0433 \u0442\u043e\u0432\u0430\u0440\u043e\u0432","item":"https:\/\/beebipood.ee\/tooted\/"},{"@type":"ListItem","position":3,"name":"YappyGrott poolk\u00f5rge voodi 90&#215;200, valge"}]},{"@type":"WebSite","@id":"https:\/\/beebipood.ee\/ru\/#website","url":"https:\/\/beebipood.ee\/ru\/","name":"Beebipood","description":"Lastekaubad, beebikaubad, m\u00e4nguasjad","publisher":{"@id":"https:\/\/beebipood.ee\/ru\/#organization"},"potentialAction":[{"@type":"SearchAction","target":{"@type":"EntryPoint","urlTemplate":"https:\/\/beebipood.ee\/ru\/?s={search_term_string}"},"query-input":{"@type":"PropertyValueSpecification","valueRequired":true,"valueName":"search_term_string"}}],"inLanguage":"ru-RU"},{"@type":"Organization","@id":"https:\/\/beebipood.ee\/ru\/#organization","name":"Beebipood","url":"https:\/\/beebipood.ee\/ru\/","logo":{"@type":"ImageObject","inLanguage":"ru-RU","@id":"https:\/\/beebipood.ee\/ru\/#\/schema\/logo\/image\/","url":"https:\/\/beebipood.ee\/wp-content\/uploads\/2025\/03\/beebipood.ee-logo-1.svg","contentUrl":"https:\/\/beebipood.ee\/wp-content\/uploads\/2025\/03\/beebipood.ee-logo-1.svg","caption":"Beebipood"},"image":{"@id":"https:\/\/beebipood.ee\/ru\/#\/schema\/logo\/image\/"}}]}},"brands":[{"id":11969,"name":"YappyKids","slug":"yappykids-ru"}],"_links":{"self":[{"href":"https:\/\/beebipood.ee\/ru\/wp-json\/wp\/v2\/product\/459203","targetHints":{"allow":["GET"]}}],"collection":[{"href":"https:\/\/beebipood.ee\/ru\/wp-json\/wp\/v2\/product"}],"about":[{"href":"https:\/\/beebipood.ee\/ru\/wp-json\/wp\/v2\/types\/product"}],"wp:featuredmedia":[{"embeddable":true,"href":"https:\/\/beebipood.ee\/ru\/wp-json\/wp\/v2\/media\/133497"}],"wp:attachment":[{"href":"https:\/\/beebipood.ee\/ru\/wp-json\/wp\/v2\/media?parent=459203"}],"wp:term":[{"taxonomy":"pwb-brand","embeddable":true,"href":"https:\/\/beebipood.ee\/ru\/wp-json\/wp\/v2\/pwb-brand?post=459203"},{"taxonomy":"product_brand","embeddable":true,"href":"https:\/\/beebipood.ee\/ru\/wp-json\/wp\/v2\/product_brand?post=459203"},{"taxonomy":"product_cat","embeddable":true,"href":"https:\/\/beebipood.ee\/ru\/wp-json\/wp\/v2\/product_cat?post=459203"},{"taxonomy":"product_tag","embeddable":true,"href":"https:\/\/beebipood.ee\/ru\/wp-json\/wp\/v2\/product_tag?post=459203"}],"curies":[{"name":"wp","href":"https:\/\/api.w.org\/{rel}","templated":true}]}}