{"id":459213,"date":"2020-04-03T09:49:37","date_gmt":"2020-04-03T06:49:37","guid":{"rendered":"https:\/\/beebipood.ee\/toode\/yappysmart-voodikast-naturaalne\/"},"modified":"2025-01-09T10:48:29","modified_gmt":"2025-01-09T08:48:29","slug":"yappysmart-voodikast-naturaalne","status":"publish","type":"product","link":"https:\/\/beebipood.ee\/ru\/produkt\/yappysmart-voodikast-naturaalne\/","title":{"rendered":"YappySmart voodikast, naturaalne"},"content":{"rendered":"<p>YappyKids<\/p>\n<p>YappySmart \u2013 see on parim lahendus turul teie lapse asjade ja m\u00e4nguasjade hoidmiseks.<br \/>Otsustage ise:<br \/>1.YappySmart kast on s\u00f5ltumatutel ratastel <br \/>\u00a0 ja selle v\u00f5ib l\u00fckata voodi alla v\u00f5i paigutada Teie kodus mistahes kohta.<br \/>2.P\u00e4rast seda, kui Teie laps kasvab voodist v\u00e4lja, <br \/>\u00a0 v\u00f5ib kasti kasutada m\u00e4nguasjade hoidmiseks.<br \/>3.YappySmart kastil on spetsiaalne kaas, <br \/>\u00a0 mis kaitseb teie asju tolmu eest.<br \/>4.YappySmart kastikaane v\u00f5ib avada poole peael. <br \/>\u00a0 See on v\u00e4ga mugav, kui lapsevoodi on vanemate voodi k\u00f5rval <br \/>\u00a0 ja ei ole v\u00f5imalust kasti t\u00e4ielikult v\u00e4lja t\u00f5mmata.<\/p>\n<p>Materjal: kask ja MDF (kaas 8 mm kasest)<br \/>Sobib k\u00f5igi YappyKids voodite jaoks.<br \/>Ratastel.<br \/>Yappy Smart: kaas avaneb t\u00e4ielikult v\u00f5i poole peale.<br \/>Lakid ja v\u00e4rvid vesialusel.<\/p>\n","protected":false},"excerpt":{"rendered":"<p>YappyKids YappySmart \u2013 see on parim lahendus turul teie lapse asjade ja m\u00e4nguasjade hoidmiseks.Otsustage ise:1.YappySmart kast on s\u00f5ltumatutel ratastel \u00a0 ja selle v\u00f5ib l\u00fckata voodi alla v\u00f5i paigutada Teie kodus mistahes kohta.2.P\u00e4rast seda, kui Teie laps kasvab voodist v\u00e4lja, \u00a0 v\u00f5ib kasti kasutada m\u00e4nguasjade hoidmiseks.3.YappySmart kastil on spetsiaalne kaas, \u00a0 mis kaitseb teie asju tolmu [&hellip;]<\/p>\n","protected":false},"featured_media":133531,"template":"","meta":{"_acf_changed":false},"pwb-brand":[11969],"product_brand":[],"product_cat":[11661,11623,11789],"product_tag":[],"class_list":{"0":"post-459213","1":"product","2":"type-product","3":"status-publish","4":"has-post-thumbnail","6":"pwb-brand-yappykids-ru","7":"product_cat-voodikastid-ru","8":"product_cat-kummutid-kastid-ru","9":"product_cat-lastemoobel-ja-sisustus-ru","10":"pa_manufacturer-yappykids-ru","12":"first","13":"onbackorder","14":"sale","15":"taxable","16":"shipping-taxable","17":"purchasable","18":"product-type-simple"},"exclude_global_add_ons":[],"addons":[],"acf":[],"yoast_head":"<!-- This site is optimized with the Yoast SEO plugin v27.1.1 - https:\/\/yoast.com\/product\/yoast-seo-wordpress\/ -->\n<title>YappySmart voodikast, naturaalne, K\u043e\u043c\u043e\u0434\u044b, \u044f\u0449\u0438\u043a\u0438, \u042f\u0449\u0438\u043a\u0438 \u0434\u043b\u044f \u0431\u0435\u043b\u044c\u044f, M\u0435\u0431\u0435\u043b\u044c, YappyKids -20%, Beebipood<\/title>\n<meta name=\"description\" content=\"YappySmart voodikast, naturaalne, YappyKids YappySmart &ndash; see on parim lahendus turul teie lapse asjade ja m&auml;nguasjade hoidmiseks.Ots\" \/>\n<meta name=\"robots\" content=\"index, follow, max-snippet:-1, max-image-preview:large, max-video-preview:-1\" \/>\n<link rel=\"canonical\" href=\"https:\/\/beebipood.ee\/ru\/produkt\/yappysmart-voodikast-naturaalne\/\" \/>\n<meta property=\"og:locale\" content=\"ru_RU\" \/>\n<meta property=\"og:type\" content=\"article\" \/>\n<meta property=\"og:title\" content=\"YappySmart voodikast, naturaalne, K\u043e\u043c\u043e\u0434\u044b, \u044f\u0449\u0438\u043a\u0438, \u042f\u0449\u0438\u043a\u0438 \u0434\u043b\u044f \u0431\u0435\u043b\u044c\u044f, M\u0435\u0431\u0435\u043b\u044c, YappyKids -20%, Beebipood\" \/>\n<meta property=\"og:description\" content=\"YappySmart voodikast, naturaalne, YappyKids YappySmart &ndash; see on parim lahendus turul teie lapse asjade ja m&auml;nguasjade hoidmiseks.Ots\" \/>\n<meta property=\"og:url\" content=\"https:\/\/beebipood.ee\/ru\/produkt\/yappysmart-voodikast-naturaalne\/\" \/>\n<meta property=\"og:site_name\" content=\"Beebipood\" \/>\n<meta property=\"article:modified_time\" content=\"2025-01-09T08:48:29+00:00\" \/>\n<meta property=\"og:image\" content=\"https:\/\/beebipood.ee\/wp-content\/uploads\/2020\/04\/YappySmart-voodikast-naturaalne-UUED-TOOTED-Kummutid-kastid-Voodikastid-Lastemoobel-ja-sisustus_1-ae8.jpg\" \/>\n\t<meta property=\"og:image:width\" content=\"800\" \/>\n\t<meta property=\"og:image:height\" content=\"537\" \/>\n\t<meta property=\"og:image:type\" content=\"image\/jpeg\" \/>\n<meta name=\"twitter:card\" content=\"summary_large_image\" \/>\n<meta name=\"twitter:label1\" content=\"\u041f\u0440\u0438\u043c\u0435\u0440\u043d\u043e\u0435 \u0432\u0440\u0435\u043c\u044f \u0434\u043b\u044f \u0447\u0442\u0435\u043d\u0438\u044f\" \/>\n\t<meta name=\"twitter:data1\" content=\"1 \u043c\u0438\u043d\u0443\u0442\u0430\" \/>\n<script type=\"application\/ld+json\" class=\"yoast-schema-graph\">{\"@context\":\"https:\/\/schema.org\",\"@graph\":[{\"@type\":\"WebPage\",\"@id\":\"https:\/\/beebipood.ee\/ru\/produkt\/yappysmart-voodikast-naturaalne\/\",\"url\":\"https:\/\/beebipood.ee\/ru\/produkt\/yappysmart-voodikast-naturaalne\/\",\"name\":\"YappySmart voodikast, naturaalne, K\u043e\u043c\u043e\u0434\u044b, \u044f\u0449\u0438\u043a\u0438, \u042f\u0449\u0438\u043a\u0438 \u0434\u043b\u044f \u0431\u0435\u043b\u044c\u044f, M\u0435\u0431\u0435\u043b\u044c, YappyKids -20%, Beebipood\",\"isPartOf\":{\"@id\":\"https:\/\/beebipood.ee\/ru\/#website\"},\"primaryImageOfPage\":{\"@id\":\"https:\/\/beebipood.ee\/ru\/produkt\/yappysmart-voodikast-naturaalne\/#primaryimage\"},\"image\":{\"@id\":\"https:\/\/beebipood.ee\/ru\/produkt\/yappysmart-voodikast-naturaalne\/#primaryimage\"},\"thumbnailUrl\":\"https:\/\/beebipood.ee\/wp-content\/uploads\/2020\/04\/YappySmart-voodikast-naturaalne-UUED-TOOTED-Kummutid-kastid-Voodikastid-Lastemoobel-ja-sisustus_1-ae8.jpg\",\"datePublished\":\"2020-04-03T06:49:37+00:00\",\"dateModified\":\"2025-01-09T08:48:29+00:00\",\"description\":\"YappySmart voodikast, naturaalne, YappyKids YappySmart &ndash; see on parim lahendus turul teie lapse asjade ja m&auml;nguasjade hoidmiseks.Ots\",\"breadcrumb\":{\"@id\":\"https:\/\/beebipood.ee\/ru\/produkt\/yappysmart-voodikast-naturaalne\/#breadcrumb\"},\"inLanguage\":\"ru-RU\",\"potentialAction\":[{\"@type\":\"ReadAction\",\"target\":[\"https:\/\/beebipood.ee\/ru\/produkt\/yappysmart-voodikast-naturaalne\/\"]}]},{\"@type\":\"ImageObject\",\"inLanguage\":\"ru-RU\",\"@id\":\"https:\/\/beebipood.ee\/ru\/produkt\/yappysmart-voodikast-naturaalne\/#primaryimage\",\"url\":\"https:\/\/beebipood.ee\/wp-content\/uploads\/2020\/04\/YappySmart-voodikast-naturaalne-UUED-TOOTED-Kummutid-kastid-Voodikastid-Lastemoobel-ja-sisustus_1-ae8.jpg\",\"contentUrl\":\"https:\/\/beebipood.ee\/wp-content\/uploads\/2020\/04\/YappySmart-voodikast-naturaalne-UUED-TOOTED-Kummutid-kastid-Voodikastid-Lastemoobel-ja-sisustus_1-ae8.jpg\",\"width\":800,\"height\":537},{\"@type\":\"BreadcrumbList\",\"@id\":\"https:\/\/beebipood.ee\/ru\/produkt\/yappysmart-voodikast-naturaalne\/#breadcrumb\",\"itemListElement\":[{\"@type\":\"ListItem\",\"position\":1,\"name\":\"Home\",\"item\":\"https:\/\/beebipood.ee\/ru\/\"},{\"@type\":\"ListItem\",\"position\":2,\"name\":\"\u041a\u0430\u0442\u0430\u043b\u043e\u0433 \u0442\u043e\u0432\u0430\u0440\u043e\u0432\",\"item\":\"https:\/\/beebipood.ee\/tooted\/\"},{\"@type\":\"ListItem\",\"position\":3,\"name\":\"YappySmart voodikast, naturaalne\"}]},{\"@type\":\"WebSite\",\"@id\":\"https:\/\/beebipood.ee\/ru\/#website\",\"url\":\"https:\/\/beebipood.ee\/ru\/\",\"name\":\"Beebipood\",\"description\":\"Lastekaubad, beebikaubad, m\u00e4nguasjad\",\"publisher\":{\"@id\":\"https:\/\/beebipood.ee\/ru\/#organization\"},\"potentialAction\":[{\"@type\":\"SearchAction\",\"target\":{\"@type\":\"EntryPoint\",\"urlTemplate\":\"https:\/\/beebipood.ee\/ru\/?s={search_term_string}\"},\"query-input\":{\"@type\":\"PropertyValueSpecification\",\"valueRequired\":true,\"valueName\":\"search_term_string\"}}],\"inLanguage\":\"ru-RU\"},{\"@type\":\"Organization\",\"@id\":\"https:\/\/beebipood.ee\/ru\/#organization\",\"name\":\"Beebipood\",\"url\":\"https:\/\/beebipood.ee\/ru\/\",\"logo\":{\"@type\":\"ImageObject\",\"inLanguage\":\"ru-RU\",\"@id\":\"https:\/\/beebipood.ee\/ru\/#\/schema\/logo\/image\/\",\"url\":\"https:\/\/beebipood.ee\/wp-content\/uploads\/2025\/03\/beebipood.ee-logo-1.svg\",\"contentUrl\":\"https:\/\/beebipood.ee\/wp-content\/uploads\/2025\/03\/beebipood.ee-logo-1.svg\",\"caption\":\"Beebipood\"},\"image\":{\"@id\":\"https:\/\/beebipood.ee\/ru\/#\/schema\/logo\/image\/\"}}]}<\/script>\n<!-- \/ Yoast SEO plugin. -->","yoast_head_json":{"title":"YappySmart voodikast, naturaalne, K\u043e\u043c\u043e\u0434\u044b, \u044f\u0449\u0438\u043a\u0438, \u042f\u0449\u0438\u043a\u0438 \u0434\u043b\u044f \u0431\u0435\u043b\u044c\u044f, M\u0435\u0431\u0435\u043b\u044c, YappyKids -20%, Beebipood","description":"YappySmart voodikast, naturaalne, YappyKids YappySmart &ndash; see on parim lahendus turul teie lapse asjade ja m&auml;nguasjade hoidmiseks.Ots","robots":{"index":"index","follow":"follow","max-snippet":"max-snippet:-1","max-image-preview":"max-image-preview:large","max-video-preview":"max-video-preview:-1"},"canonical":"https:\/\/beebipood.ee\/ru\/produkt\/yappysmart-voodikast-naturaalne\/","og_locale":"ru_RU","og_type":"article","og_title":"YappySmart voodikast, naturaalne, K\u043e\u043c\u043e\u0434\u044b, \u044f\u0449\u0438\u043a\u0438, \u042f\u0449\u0438\u043a\u0438 \u0434\u043b\u044f \u0431\u0435\u043b\u044c\u044f, M\u0435\u0431\u0435\u043b\u044c, YappyKids -20%, Beebipood","og_description":"YappySmart voodikast, naturaalne, YappyKids YappySmart &ndash; see on parim lahendus turul teie lapse asjade ja m&auml;nguasjade hoidmiseks.Ots","og_url":"https:\/\/beebipood.ee\/ru\/produkt\/yappysmart-voodikast-naturaalne\/","og_site_name":"Beebipood","article_modified_time":"2025-01-09T08:48:29+00:00","og_image":[{"width":800,"height":537,"url":"https:\/\/beebipood.ee\/wp-content\/uploads\/2020\/04\/YappySmart-voodikast-naturaalne-UUED-TOOTED-Kummutid-kastid-Voodikastid-Lastemoobel-ja-sisustus_1-ae8.jpg","type":"image\/jpeg"}],"twitter_card":"summary_large_image","twitter_misc":{"\u041f\u0440\u0438\u043c\u0435\u0440\u043d\u043e\u0435 \u0432\u0440\u0435\u043c\u044f \u0434\u043b\u044f \u0447\u0442\u0435\u043d\u0438\u044f":"1 \u043c\u0438\u043d\u0443\u0442\u0430"},"schema":{"@context":"https:\/\/schema.org","@graph":[{"@type":"WebPage","@id":"https:\/\/beebipood.ee\/ru\/produkt\/yappysmart-voodikast-naturaalne\/","url":"https:\/\/beebipood.ee\/ru\/produkt\/yappysmart-voodikast-naturaalne\/","name":"YappySmart voodikast, naturaalne, K\u043e\u043c\u043e\u0434\u044b, \u044f\u0449\u0438\u043a\u0438, \u042f\u0449\u0438\u043a\u0438 \u0434\u043b\u044f \u0431\u0435\u043b\u044c\u044f, M\u0435\u0431\u0435\u043b\u044c, YappyKids -20%, Beebipood","isPartOf":{"@id":"https:\/\/beebipood.ee\/ru\/#website"},"primaryImageOfPage":{"@id":"https:\/\/beebipood.ee\/ru\/produkt\/yappysmart-voodikast-naturaalne\/#primaryimage"},"image":{"@id":"https:\/\/beebipood.ee\/ru\/produkt\/yappysmart-voodikast-naturaalne\/#primaryimage"},"thumbnailUrl":"https:\/\/beebipood.ee\/wp-content\/uploads\/2020\/04\/YappySmart-voodikast-naturaalne-UUED-TOOTED-Kummutid-kastid-Voodikastid-Lastemoobel-ja-sisustus_1-ae8.jpg","datePublished":"2020-04-03T06:49:37+00:00","dateModified":"2025-01-09T08:48:29+00:00","description":"YappySmart voodikast, naturaalne, YappyKids YappySmart &ndash; see on parim lahendus turul teie lapse asjade ja m&auml;nguasjade hoidmiseks.Ots","breadcrumb":{"@id":"https:\/\/beebipood.ee\/ru\/produkt\/yappysmart-voodikast-naturaalne\/#breadcrumb"},"inLanguage":"ru-RU","potentialAction":[{"@type":"ReadAction","target":["https:\/\/beebipood.ee\/ru\/produkt\/yappysmart-voodikast-naturaalne\/"]}]},{"@type":"ImageObject","inLanguage":"ru-RU","@id":"https:\/\/beebipood.ee\/ru\/produkt\/yappysmart-voodikast-naturaalne\/#primaryimage","url":"https:\/\/beebipood.ee\/wp-content\/uploads\/2020\/04\/YappySmart-voodikast-naturaalne-UUED-TOOTED-Kummutid-kastid-Voodikastid-Lastemoobel-ja-sisustus_1-ae8.jpg","contentUrl":"https:\/\/beebipood.ee\/wp-content\/uploads\/2020\/04\/YappySmart-voodikast-naturaalne-UUED-TOOTED-Kummutid-kastid-Voodikastid-Lastemoobel-ja-sisustus_1-ae8.jpg","width":800,"height":537},{"@type":"BreadcrumbList","@id":"https:\/\/beebipood.ee\/ru\/produkt\/yappysmart-voodikast-naturaalne\/#breadcrumb","itemListElement":[{"@type":"ListItem","position":1,"name":"Home","item":"https:\/\/beebipood.ee\/ru\/"},{"@type":"ListItem","position":2,"name":"\u041a\u0430\u0442\u0430\u043b\u043e\u0433 \u0442\u043e\u0432\u0430\u0440\u043e\u0432","item":"https:\/\/beebipood.ee\/tooted\/"},{"@type":"ListItem","position":3,"name":"YappySmart voodikast, naturaalne"}]},{"@type":"WebSite","@id":"https:\/\/beebipood.ee\/ru\/#website","url":"https:\/\/beebipood.ee\/ru\/","name":"Beebipood","description":"Lastekaubad, beebikaubad, m\u00e4nguasjad","publisher":{"@id":"https:\/\/beebipood.ee\/ru\/#organization"},"potentialAction":[{"@type":"SearchAction","target":{"@type":"EntryPoint","urlTemplate":"https:\/\/beebipood.ee\/ru\/?s={search_term_string}"},"query-input":{"@type":"PropertyValueSpecification","valueRequired":true,"valueName":"search_term_string"}}],"inLanguage":"ru-RU"},{"@type":"Organization","@id":"https:\/\/beebipood.ee\/ru\/#organization","name":"Beebipood","url":"https:\/\/beebipood.ee\/ru\/","logo":{"@type":"ImageObject","inLanguage":"ru-RU","@id":"https:\/\/beebipood.ee\/ru\/#\/schema\/logo\/image\/","url":"https:\/\/beebipood.ee\/wp-content\/uploads\/2025\/03\/beebipood.ee-logo-1.svg","contentUrl":"https:\/\/beebipood.ee\/wp-content\/uploads\/2025\/03\/beebipood.ee-logo-1.svg","caption":"Beebipood"},"image":{"@id":"https:\/\/beebipood.ee\/ru\/#\/schema\/logo\/image\/"}}]}},"brands":[{"id":11969,"name":"YappyKids","slug":"yappykids-ru"}],"_links":{"self":[{"href":"https:\/\/beebipood.ee\/ru\/wp-json\/wp\/v2\/product\/459213","targetHints":{"allow":["GET"]}}],"collection":[{"href":"https:\/\/beebipood.ee\/ru\/wp-json\/wp\/v2\/product"}],"about":[{"href":"https:\/\/beebipood.ee\/ru\/wp-json\/wp\/v2\/types\/product"}],"wp:featuredmedia":[{"embeddable":true,"href":"https:\/\/beebipood.ee\/ru\/wp-json\/wp\/v2\/media\/133531"}],"wp:attachment":[{"href":"https:\/\/beebipood.ee\/ru\/wp-json\/wp\/v2\/media?parent=459213"}],"wp:term":[{"taxonomy":"pwb-brand","embeddable":true,"href":"https:\/\/beebipood.ee\/ru\/wp-json\/wp\/v2\/pwb-brand?post=459213"},{"taxonomy":"product_brand","embeddable":true,"href":"https:\/\/beebipood.ee\/ru\/wp-json\/wp\/v2\/product_brand?post=459213"},{"taxonomy":"product_cat","embeddable":true,"href":"https:\/\/beebipood.ee\/ru\/wp-json\/wp\/v2\/product_cat?post=459213"},{"taxonomy":"product_tag","embeddable":true,"href":"https:\/\/beebipood.ee\/ru\/wp-json\/wp\/v2\/product_tag?post=459213"}],"curies":[{"name":"wp","href":"https:\/\/api.w.org\/{rel}","templated":true}]}}