{"id":459217,"date":"2020-04-03T10:27:54","date_gmt":"2020-04-03T07:27:54","guid":{"rendered":"https:\/\/beebipood.ee\/toode\/yappyclassic-kummut-valge\/"},"modified":"2025-11-03T14:22:30","modified_gmt":"2025-11-03T12:22:30","slug":"yappyclassic-kummut-koos-mahkimisalusega-white","status":"publish","type":"product","link":"https:\/\/beebipood.ee\/ru\/produkt\/yappyclassic-kummut-koos-mahkimisalusega-white\/","title":{"rendered":"YappyClassic kummut koos m\u00e4hkimisalusega, White"},"content":{"rendered":"<h3 data-start=\"211\" data-end=\"259\"><strong data-start=\"215\" data-end=\"259\">YappyClassic kummut koos m\u00e4hkimisalusega<\/strong><\/h3>\n<p data-start=\"261\" data-end=\"477\"><strong data-start=\"261\" data-end=\"277\">YappyClassic<\/strong> on hoolikalt l\u00e4bim\u00f5eldud kummut, mis \u00fchendab endas <strong data-start=\"329\" data-end=\"346\">kauni disaini<\/strong> ja <strong data-start=\"350\" data-end=\"380\">turvalise funktsionaalsuse<\/strong>. See ei lisa lapse tuppa vaid visuaalset veetlust, vaid vastab ka k\u00f5igile ohutusstandarditele.<\/p>\n<p data-start=\"479\" data-end=\"621\">Kuigi kummuti kuju on esmapilgul neljakandiline, on <strong data-start=\"531\" data-end=\"563\">k\u00f5ik nurgad \u00f5rnalt \u00fcmardatud<\/strong>, et tagada lapse turvalisus ja v\u00e4ltida vigastuste ohtu.<\/p>\n<p data-start=\"623\" data-end=\"817\">Kummutil on <strong data-start=\"635\" data-end=\"658\">kolm avarat sahtlit<\/strong>, mis pakuvad piisavalt ruumi k\u00f5ige vajaliku hoiustamiseks. Sahtlid liiguvad sujuvalt t\u00e4nu <strong data-start=\"749\" data-end=\"771\">teleskoopsiinidele<\/strong>, mis v\u00f5imaldavad need l\u00f5puni v\u00e4lja t\u00f5mmata.<\/p>\n<p data-start=\"819\" data-end=\"1090\">Komplekti kuulub ka <strong data-start=\"839\" data-end=\"863\">puidust m\u00e4hkimisalus<\/strong> m\u00f5\u00f5tmetega <strong data-start=\"875\" data-end=\"889\">75 \u00d7 55 cm<\/strong>, mida saab paigutada kummutile nii <strong data-start=\"925\" data-end=\"956\">vasakule kui paremale poole<\/strong>. Kui laps kasvab, saab m\u00e4hkimisaluse lihtsalt eemaldada \u2013 nii j\u00e4\u00e4b kummut kasutusse ka hiljem, ilma et oleks vaja uut m\u00f6\u00f6blit osta.<\/p>\n<hr data-start=\"1092\" data-end=\"1095\" \/>\n<p data-start=\"1097\" data-end=\"1204\"><strong data-start=\"1097\" data-end=\"1112\">Materjalid:<\/strong> MDF \/ kask<br data-start=\"1123\" data-end=\"1126\" \/><strong data-start=\"1126\" data-end=\"1141\">Viimistlus:<\/strong> vesialusel lakk ja v\u00e4rv<br data-start=\"1165\" data-end=\"1168\" \/><strong data-start=\"1168\" data-end=\"1186\">Sahtli m\u00f5\u00f5dud:<\/strong> 93 \u00d7 45 \u00d7 14 cm<\/p>\n<hr data-start=\"1206\" data-end=\"1209\" \/>\n<p data-start=\"1211\" data-end=\"1300\"><strong data-start=\"1211\" data-end=\"1223\">Hooldus:<\/strong><br data-start=\"1223\" data-end=\"1226\" \/>\u2714 Puhasta niiske puuvillase lapiga.<br data-start=\"1261\" data-end=\"1264\" \/>\u2714 Seej\u00e4rel kuivata pind hoolikalt.<\/p>\n","protected":false},"excerpt":{"rendered":"<p>YappyClassic kummut koos m\u00e4hkimisalusega YappyClassic on hoolikalt l\u00e4bim\u00f5eldud kummut, mis \u00fchendab endas kauni disaini ja turvalise funktsionaalsuse. See ei lisa lapse tuppa vaid visuaalset veetlust, vaid vastab ka k\u00f5igile ohutusstandarditele. Kuigi kummuti kuju on esmapilgul neljakandiline, on k\u00f5ik nurgad \u00f5rnalt \u00fcmardatud, et tagada lapse turvalisus ja v\u00e4ltida vigastuste ohtu. Kummutil on kolm avarat sahtlit, mis [&hellip;]<\/p>\n","protected":false},"featured_media":508786,"template":"","meta":{"_acf_changed":false},"pwb-brand":[11969],"product_brand":[],"product_cat":[11627,11711,11623,11789],"product_tag":[],"class_list":{"0":"post-459217","1":"product","2":"type-product","3":"status-publish","4":"has-post-thumbnail","6":"pwb-brand-yappykids-ru","7":"product_cat-kummutid-ru","8":"product_cat-mahkimisalused-ja-riiulid-ru","9":"product_cat-kummutid-kastid-ru","10":"product_cat-lastemoobel-ja-sisustus-ru","11":"pa_manufacturer-yappykids-ru","13":"first","14":"onbackorder","15":"sale","16":"taxable","17":"shipping-taxable","18":"purchasable","19":"product-type-simple"},"exclude_global_add_ons":[],"addons":[],"acf":[],"yoast_head":"<!-- This site is optimized with the Yoast SEO plugin v27.1.1 - https:\/\/yoast.com\/product\/yoast-seo-wordpress\/ -->\n<title>YappyClassic kummut, valge, K\u043e\u043c\u043e\u0434\u044b, \u044f\u0449\u0438\u043a\u0438, K\u043e\u043c\u043e\u0434\u044b, \u041f\u0435\u043b\u0435\u043d\u0430\u043b\u044c\u043d\u044b\u0435 \u0441\u0442\u043e\u043b\u0438\u043a\u0438 \u0438 \u043f\u043e\u043b\u043a\u0438, M\u0435\u0431\u0435\u043b\u044c, Ha c\u043a\u043b\u0430\u0434\u0435, YappyKids -20%, Beebipood<\/title>\n<meta name=\"description\" content=\"YappyClassic kummut, valge, YappyKids YappyClassic on l\u00e4bim\u00f5eldud kummut, et see lisaks visuaalsele veetlusele vastaks ka ohutussta\" \/>\n<meta name=\"robots\" content=\"index, follow, max-snippet:-1, max-image-preview:large, max-video-preview:-1\" \/>\n<link rel=\"canonical\" href=\"https:\/\/beebipood.ee\/ru\/produkt\/yappyclassic-kummut-koos-mahkimisalusega-white\/\" \/>\n<meta property=\"og:locale\" content=\"ru_RU\" \/>\n<meta property=\"og:type\" content=\"article\" \/>\n<meta property=\"og:title\" content=\"YappyClassic kummut, valge, K\u043e\u043c\u043e\u0434\u044b, \u044f\u0449\u0438\u043a\u0438, K\u043e\u043c\u043e\u0434\u044b, \u041f\u0435\u043b\u0435\u043d\u0430\u043b\u044c\u043d\u044b\u0435 \u0441\u0442\u043e\u043b\u0438\u043a\u0438 \u0438 \u043f\u043e\u043b\u043a\u0438, M\u0435\u0431\u0435\u043b\u044c, Ha c\u043a\u043b\u0430\u0434\u0435, YappyKids -20%, Beebipood\" \/>\n<meta property=\"og:description\" content=\"YappyClassic kummut, valge, YappyKids YappyClassic on l\u00e4bim\u00f5eldud kummut, et see lisaks visuaalsele veetlusele vastaks ka ohutussta\" \/>\n<meta property=\"og:url\" content=\"https:\/\/beebipood.ee\/ru\/produkt\/yappyclassic-kummut-koos-mahkimisalusega-white\/\" \/>\n<meta property=\"og:site_name\" content=\"Beebipood\" \/>\n<meta property=\"article:modified_time\" content=\"2025-11-03T12:22:30+00:00\" \/>\n<meta property=\"og:image\" content=\"https:\/\/beebipood.ee\/wp-content\/uploads\/2020\/04\/yappyclassic-kummut-white1.webp\" \/>\n\t<meta property=\"og:image:width\" content=\"1024\" \/>\n\t<meta property=\"og:image:height\" content=\"983\" \/>\n\t<meta property=\"og:image:type\" content=\"image\/webp\" \/>\n<meta name=\"twitter:card\" content=\"summary_large_image\" \/>\n<meta name=\"twitter:label1\" content=\"\u041f\u0440\u0438\u043c\u0435\u0440\u043d\u043e\u0435 \u0432\u0440\u0435\u043c\u044f \u0434\u043b\u044f \u0447\u0442\u0435\u043d\u0438\u044f\" \/>\n\t<meta name=\"twitter:data1\" content=\"1 \u043c\u0438\u043d\u0443\u0442\u0430\" \/>\n<script type=\"application\/ld+json\" class=\"yoast-schema-graph\">{\"@context\":\"https:\/\/schema.org\",\"@graph\":[{\"@type\":\"WebPage\",\"@id\":\"https:\/\/beebipood.ee\/ru\/produkt\/yappyclassic-kummut-koos-mahkimisalusega-white\/\",\"url\":\"https:\/\/beebipood.ee\/ru\/produkt\/yappyclassic-kummut-koos-mahkimisalusega-white\/\",\"name\":\"YappyClassic kummut, valge, K\u043e\u043c\u043e\u0434\u044b, \u044f\u0449\u0438\u043a\u0438, K\u043e\u043c\u043e\u0434\u044b, \u041f\u0435\u043b\u0435\u043d\u0430\u043b\u044c\u043d\u044b\u0435 \u0441\u0442\u043e\u043b\u0438\u043a\u0438 \u0438 \u043f\u043e\u043b\u043a\u0438, M\u0435\u0431\u0435\u043b\u044c, Ha c\u043a\u043b\u0430\u0434\u0435, YappyKids -20%, Beebipood\",\"isPartOf\":{\"@id\":\"https:\/\/beebipood.ee\/ru\/#website\"},\"primaryImageOfPage\":{\"@id\":\"https:\/\/beebipood.ee\/ru\/produkt\/yappyclassic-kummut-koos-mahkimisalusega-white\/#primaryimage\"},\"image\":{\"@id\":\"https:\/\/beebipood.ee\/ru\/produkt\/yappyclassic-kummut-koos-mahkimisalusega-white\/#primaryimage\"},\"thumbnailUrl\":\"https:\/\/beebipood.ee\/wp-content\/uploads\/2020\/04\/yappyclassic-kummut-white1.webp\",\"datePublished\":\"2020-04-03T07:27:54+00:00\",\"dateModified\":\"2025-11-03T12:22:30+00:00\",\"description\":\"YappyClassic kummut, valge, YappyKids YappyClassic on l\u00e4bim\u00f5eldud kummut, et see lisaks visuaalsele veetlusele vastaks ka ohutussta\",\"breadcrumb\":{\"@id\":\"https:\/\/beebipood.ee\/ru\/produkt\/yappyclassic-kummut-koos-mahkimisalusega-white\/#breadcrumb\"},\"inLanguage\":\"ru-RU\",\"potentialAction\":[{\"@type\":\"ReadAction\",\"target\":[\"https:\/\/beebipood.ee\/ru\/produkt\/yappyclassic-kummut-koos-mahkimisalusega-white\/\"]}]},{\"@type\":\"ImageObject\",\"inLanguage\":\"ru-RU\",\"@id\":\"https:\/\/beebipood.ee\/ru\/produkt\/yappyclassic-kummut-koos-mahkimisalusega-white\/#primaryimage\",\"url\":\"https:\/\/beebipood.ee\/wp-content\/uploads\/2020\/04\/yappyclassic-kummut-white1.webp\",\"contentUrl\":\"https:\/\/beebipood.ee\/wp-content\/uploads\/2020\/04\/yappyclassic-kummut-white1.webp\",\"width\":1024,\"height\":983},{\"@type\":\"BreadcrumbList\",\"@id\":\"https:\/\/beebipood.ee\/ru\/produkt\/yappyclassic-kummut-koos-mahkimisalusega-white\/#breadcrumb\",\"itemListElement\":[{\"@type\":\"ListItem\",\"position\":1,\"name\":\"Home\",\"item\":\"https:\/\/beebipood.ee\/ru\/\"},{\"@type\":\"ListItem\",\"position\":2,\"name\":\"\u041a\u0430\u0442\u0430\u043b\u043e\u0433 \u0442\u043e\u0432\u0430\u0440\u043e\u0432\",\"item\":\"https:\/\/beebipood.ee\/tooted\/\"},{\"@type\":\"ListItem\",\"position\":3,\"name\":\"YappyClassic kummut koos m\u00e4hkimisalusega, White\"}]},{\"@type\":\"WebSite\",\"@id\":\"https:\/\/beebipood.ee\/ru\/#website\",\"url\":\"https:\/\/beebipood.ee\/ru\/\",\"name\":\"Beebipood\",\"description\":\"Lastekaubad, beebikaubad, m\u00e4nguasjad\",\"publisher\":{\"@id\":\"https:\/\/beebipood.ee\/ru\/#organization\"},\"potentialAction\":[{\"@type\":\"SearchAction\",\"target\":{\"@type\":\"EntryPoint\",\"urlTemplate\":\"https:\/\/beebipood.ee\/ru\/?s={search_term_string}\"},\"query-input\":{\"@type\":\"PropertyValueSpecification\",\"valueRequired\":true,\"valueName\":\"search_term_string\"}}],\"inLanguage\":\"ru-RU\"},{\"@type\":\"Organization\",\"@id\":\"https:\/\/beebipood.ee\/ru\/#organization\",\"name\":\"Beebipood\",\"url\":\"https:\/\/beebipood.ee\/ru\/\",\"logo\":{\"@type\":\"ImageObject\",\"inLanguage\":\"ru-RU\",\"@id\":\"https:\/\/beebipood.ee\/ru\/#\/schema\/logo\/image\/\",\"url\":\"https:\/\/beebipood.ee\/wp-content\/uploads\/2025\/03\/beebipood.ee-logo-1.svg\",\"contentUrl\":\"https:\/\/beebipood.ee\/wp-content\/uploads\/2025\/03\/beebipood.ee-logo-1.svg\",\"caption\":\"Beebipood\"},\"image\":{\"@id\":\"https:\/\/beebipood.ee\/ru\/#\/schema\/logo\/image\/\"}}]}<\/script>\n<!-- \/ Yoast SEO plugin. -->","yoast_head_json":{"title":"YappyClassic kummut, valge, K\u043e\u043c\u043e\u0434\u044b, \u044f\u0449\u0438\u043a\u0438, K\u043e\u043c\u043e\u0434\u044b, \u041f\u0435\u043b\u0435\u043d\u0430\u043b\u044c\u043d\u044b\u0435 \u0441\u0442\u043e\u043b\u0438\u043a\u0438 \u0438 \u043f\u043e\u043b\u043a\u0438, M\u0435\u0431\u0435\u043b\u044c, Ha c\u043a\u043b\u0430\u0434\u0435, YappyKids -20%, Beebipood","description":"YappyClassic kummut, valge, YappyKids YappyClassic on l\u00e4bim\u00f5eldud kummut, et see lisaks visuaalsele veetlusele vastaks ka ohutussta","robots":{"index":"index","follow":"follow","max-snippet":"max-snippet:-1","max-image-preview":"max-image-preview:large","max-video-preview":"max-video-preview:-1"},"canonical":"https:\/\/beebipood.ee\/ru\/produkt\/yappyclassic-kummut-koos-mahkimisalusega-white\/","og_locale":"ru_RU","og_type":"article","og_title":"YappyClassic kummut, valge, K\u043e\u043c\u043e\u0434\u044b, \u044f\u0449\u0438\u043a\u0438, K\u043e\u043c\u043e\u0434\u044b, \u041f\u0435\u043b\u0435\u043d\u0430\u043b\u044c\u043d\u044b\u0435 \u0441\u0442\u043e\u043b\u0438\u043a\u0438 \u0438 \u043f\u043e\u043b\u043a\u0438, M\u0435\u0431\u0435\u043b\u044c, Ha c\u043a\u043b\u0430\u0434\u0435, YappyKids -20%, Beebipood","og_description":"YappyClassic kummut, valge, YappyKids YappyClassic on l\u00e4bim\u00f5eldud kummut, et see lisaks visuaalsele veetlusele vastaks ka ohutussta","og_url":"https:\/\/beebipood.ee\/ru\/produkt\/yappyclassic-kummut-koos-mahkimisalusega-white\/","og_site_name":"Beebipood","article_modified_time":"2025-11-03T12:22:30+00:00","og_image":[{"width":1024,"height":983,"url":"https:\/\/beebipood.ee\/wp-content\/uploads\/2020\/04\/yappyclassic-kummut-white1.webp","type":"image\/webp"}],"twitter_card":"summary_large_image","twitter_misc":{"\u041f\u0440\u0438\u043c\u0435\u0440\u043d\u043e\u0435 \u0432\u0440\u0435\u043c\u044f \u0434\u043b\u044f \u0447\u0442\u0435\u043d\u0438\u044f":"1 \u043c\u0438\u043d\u0443\u0442\u0430"},"schema":{"@context":"https:\/\/schema.org","@graph":[{"@type":"WebPage","@id":"https:\/\/beebipood.ee\/ru\/produkt\/yappyclassic-kummut-koos-mahkimisalusega-white\/","url":"https:\/\/beebipood.ee\/ru\/produkt\/yappyclassic-kummut-koos-mahkimisalusega-white\/","name":"YappyClassic kummut, valge, K\u043e\u043c\u043e\u0434\u044b, \u044f\u0449\u0438\u043a\u0438, K\u043e\u043c\u043e\u0434\u044b, \u041f\u0435\u043b\u0435\u043d\u0430\u043b\u044c\u043d\u044b\u0435 \u0441\u0442\u043e\u043b\u0438\u043a\u0438 \u0438 \u043f\u043e\u043b\u043a\u0438, M\u0435\u0431\u0435\u043b\u044c, Ha c\u043a\u043b\u0430\u0434\u0435, YappyKids -20%, Beebipood","isPartOf":{"@id":"https:\/\/beebipood.ee\/ru\/#website"},"primaryImageOfPage":{"@id":"https:\/\/beebipood.ee\/ru\/produkt\/yappyclassic-kummut-koos-mahkimisalusega-white\/#primaryimage"},"image":{"@id":"https:\/\/beebipood.ee\/ru\/produkt\/yappyclassic-kummut-koos-mahkimisalusega-white\/#primaryimage"},"thumbnailUrl":"https:\/\/beebipood.ee\/wp-content\/uploads\/2020\/04\/yappyclassic-kummut-white1.webp","datePublished":"2020-04-03T07:27:54+00:00","dateModified":"2025-11-03T12:22:30+00:00","description":"YappyClassic kummut, valge, YappyKids YappyClassic on l\u00e4bim\u00f5eldud kummut, et see lisaks visuaalsele veetlusele vastaks ka ohutussta","breadcrumb":{"@id":"https:\/\/beebipood.ee\/ru\/produkt\/yappyclassic-kummut-koos-mahkimisalusega-white\/#breadcrumb"},"inLanguage":"ru-RU","potentialAction":[{"@type":"ReadAction","target":["https:\/\/beebipood.ee\/ru\/produkt\/yappyclassic-kummut-koos-mahkimisalusega-white\/"]}]},{"@type":"ImageObject","inLanguage":"ru-RU","@id":"https:\/\/beebipood.ee\/ru\/produkt\/yappyclassic-kummut-koos-mahkimisalusega-white\/#primaryimage","url":"https:\/\/beebipood.ee\/wp-content\/uploads\/2020\/04\/yappyclassic-kummut-white1.webp","contentUrl":"https:\/\/beebipood.ee\/wp-content\/uploads\/2020\/04\/yappyclassic-kummut-white1.webp","width":1024,"height":983},{"@type":"BreadcrumbList","@id":"https:\/\/beebipood.ee\/ru\/produkt\/yappyclassic-kummut-koos-mahkimisalusega-white\/#breadcrumb","itemListElement":[{"@type":"ListItem","position":1,"name":"Home","item":"https:\/\/beebipood.ee\/ru\/"},{"@type":"ListItem","position":2,"name":"\u041a\u0430\u0442\u0430\u043b\u043e\u0433 \u0442\u043e\u0432\u0430\u0440\u043e\u0432","item":"https:\/\/beebipood.ee\/tooted\/"},{"@type":"ListItem","position":3,"name":"YappyClassic kummut koos m\u00e4hkimisalusega, White"}]},{"@type":"WebSite","@id":"https:\/\/beebipood.ee\/ru\/#website","url":"https:\/\/beebipood.ee\/ru\/","name":"Beebipood","description":"Lastekaubad, beebikaubad, m\u00e4nguasjad","publisher":{"@id":"https:\/\/beebipood.ee\/ru\/#organization"},"potentialAction":[{"@type":"SearchAction","target":{"@type":"EntryPoint","urlTemplate":"https:\/\/beebipood.ee\/ru\/?s={search_term_string}"},"query-input":{"@type":"PropertyValueSpecification","valueRequired":true,"valueName":"search_term_string"}}],"inLanguage":"ru-RU"},{"@type":"Organization","@id":"https:\/\/beebipood.ee\/ru\/#organization","name":"Beebipood","url":"https:\/\/beebipood.ee\/ru\/","logo":{"@type":"ImageObject","inLanguage":"ru-RU","@id":"https:\/\/beebipood.ee\/ru\/#\/schema\/logo\/image\/","url":"https:\/\/beebipood.ee\/wp-content\/uploads\/2025\/03\/beebipood.ee-logo-1.svg","contentUrl":"https:\/\/beebipood.ee\/wp-content\/uploads\/2025\/03\/beebipood.ee-logo-1.svg","caption":"Beebipood"},"image":{"@id":"https:\/\/beebipood.ee\/ru\/#\/schema\/logo\/image\/"}}]}},"brands":[{"id":11969,"name":"YappyKids","slug":"yappykids-ru"}],"_links":{"self":[{"href":"https:\/\/beebipood.ee\/ru\/wp-json\/wp\/v2\/product\/459217","targetHints":{"allow":["GET"]}}],"collection":[{"href":"https:\/\/beebipood.ee\/ru\/wp-json\/wp\/v2\/product"}],"about":[{"href":"https:\/\/beebipood.ee\/ru\/wp-json\/wp\/v2\/types\/product"}],"wp:featuredmedia":[{"embeddable":true,"href":"https:\/\/beebipood.ee\/ru\/wp-json\/wp\/v2\/media\/508786"}],"wp:attachment":[{"href":"https:\/\/beebipood.ee\/ru\/wp-json\/wp\/v2\/media?parent=459217"}],"wp:term":[{"taxonomy":"pwb-brand","embeddable":true,"href":"https:\/\/beebipood.ee\/ru\/wp-json\/wp\/v2\/pwb-brand?post=459217"},{"taxonomy":"product_brand","embeddable":true,"href":"https:\/\/beebipood.ee\/ru\/wp-json\/wp\/v2\/product_brand?post=459217"},{"taxonomy":"product_cat","embeddable":true,"href":"https:\/\/beebipood.ee\/ru\/wp-json\/wp\/v2\/product_cat?post=459217"},{"taxonomy":"product_tag","embeddable":true,"href":"https:\/\/beebipood.ee\/ru\/wp-json\/wp\/v2\/product_tag?post=459217"}],"curies":[{"name":"wp","href":"https:\/\/api.w.org\/{rel}","templated":true}]}}