{"id":459219,"date":"2020-04-03T10:32:37","date_gmt":"2020-04-03T07:32:37","guid":{"rendered":"https:\/\/beebipood.ee\/toode\/yappyclassic-kummut-helehall-limited\/"},"modified":"2025-09-08T17:16:04","modified_gmt":"2025-09-08T14:16:04","slug":"yappyclassic-kummut-helehall-limited","status":"publish","type":"product","link":"https:\/\/beebipood.ee\/ru\/produkt\/yappyclassic-kummut-helehall-limited\/","title":{"rendered":"YappyClassic kummut, helehall Limited"},"content":{"rendered":"<p>YappyKids<\/p>\n<p>YappyClassic on l\u00e4bim\u00f5eldud kummut, <br \/>et see lisaks visuaalsele veetlusele vastaks ka ohutusstandarditele.<br \/>Vaadates selle neljakandilist kuju l\u00e4hemalt, <br \/>on m\u00e4rgata, et tegelikult on k\u00f5ik nurgad \u00fcmardatud, <br \/>k\u00f5rvaldamaks ohtu, et beebi v\u00f5iks viga saada. <\/p>\n<p>3 kummutisse sisseehitatud sahtlit tagavad piisava ruumi, <br \/>et paigutada kummutisse k\u00f5ik vajalik. <br \/>Sahtlid on varustatud teleskoopsiinidega, mis v\u00f5imaldavad sahtlid l\u00f5puni lahti t\u00f5mmata. <br \/>Komplekti kuulub puidust m\u00e4hkimisalus m\u00f5\u00f5tudega 75x55cm<br \/>Selle v\u00f5ib peale asetada nii vasakult kui ka paremalt poolt.<br \/>M\u00e4hkimisalus on eemaldatav, et beebi kasvades ei peaks Te v\u00e4lja vahetama kummutit.<br \/>Materjal: MDF\/Kask<br \/>Veebaasil lakid ja v\u00e4rvid.<\/p>\n","protected":false},"excerpt":{"rendered":"<p>YappyKids YappyClassic on l\u00e4bim\u00f5eldud kummut, et see lisaks visuaalsele veetlusele vastaks ka ohutusstandarditele.Vaadates selle neljakandilist kuju l\u00e4hemalt, on m\u00e4rgata, et tegelikult on k\u00f5ik nurgad \u00fcmardatud, k\u00f5rvaldamaks ohtu, et beebi v\u00f5iks viga saada. 3 kummutisse sisseehitatud sahtlit tagavad piisava ruumi, et paigutada kummutisse k\u00f5ik vajalik. Sahtlid on varustatud teleskoopsiinidega, mis v\u00f5imaldavad sahtlid l\u00f5puni lahti t\u00f5mmata. Komplekti [&hellip;]<\/p>\n","protected":false},"featured_media":133554,"template":"","meta":{"_acf_changed":false},"pwb-brand":[11969],"product_brand":[],"product_cat":[11627,11711,11623,11789],"product_tag":[],"class_list":{"0":"post-459219","1":"product","2":"type-product","3":"status-publish","4":"has-post-thumbnail","6":"pwb-brand-yappykids-ru","7":"product_cat-kummutid-ru","8":"product_cat-mahkimisalused-ja-riiulid-ru","9":"product_cat-kummutid-kastid-ru","10":"product_cat-lastemoobel-ja-sisustus-ru","11":"pa_manufacturer-yappykids-ru","13":"first","14":"onbackorder","15":"sale","16":"taxable","17":"shipping-taxable","18":"purchasable","19":"product-type-simple"},"exclude_global_add_ons":[],"addons":[],"acf":[],"yoast_head":"<!-- This site is optimized with the Yoast SEO plugin v27.1.1 - https:\/\/yoast.com\/product\/yoast-seo-wordpress\/ -->\n<title>YappyClassic kummut, helehall Limited, K\u043e\u043c\u043e\u0434\u044b, \u044f\u0449\u0438\u043a\u0438, K\u043e\u043c\u043e\u0434\u044b, \u041f\u0435\u043b\u0435\u043d\u0430\u043b\u044c\u043d\u044b\u0435 \u0441\u0442\u043e\u043b\u0438\u043a\u0438 \u0438 \u043f\u043e\u043b\u043a\u0438, M\u0435\u0431\u0435\u043b\u044c, YappyKids -20%, Beebipood<\/title>\n<meta name=\"description\" content=\"YappyClassic kummut, helehall Limited, YappyKids YappyClassic on l&auml;bim&otilde;eldud kummut, et see lisaks visuaalsele veetlusele vastaks k\" \/>\n<meta name=\"robots\" content=\"index, follow, max-snippet:-1, max-image-preview:large, max-video-preview:-1\" \/>\n<link rel=\"canonical\" href=\"https:\/\/beebipood.ee\/ru\/produkt\/yappyclassic-kummut-helehall-limited\/\" \/>\n<meta property=\"og:locale\" content=\"ru_RU\" \/>\n<meta property=\"og:type\" content=\"article\" \/>\n<meta property=\"og:title\" content=\"YappyClassic kummut, helehall Limited, K\u043e\u043c\u043e\u0434\u044b, \u044f\u0449\u0438\u043a\u0438, K\u043e\u043c\u043e\u0434\u044b, \u041f\u0435\u043b\u0435\u043d\u0430\u043b\u044c\u043d\u044b\u0435 \u0441\u0442\u043e\u043b\u0438\u043a\u0438 \u0438 \u043f\u043e\u043b\u043a\u0438, M\u0435\u0431\u0435\u043b\u044c, YappyKids -20%, Beebipood\" \/>\n<meta property=\"og:description\" content=\"YappyClassic kummut, helehall Limited, YappyKids YappyClassic on l&auml;bim&otilde;eldud kummut, et see lisaks visuaalsele veetlusele vastaks k\" \/>\n<meta property=\"og:url\" content=\"https:\/\/beebipood.ee\/ru\/produkt\/yappyclassic-kummut-helehall-limited\/\" \/>\n<meta property=\"og:site_name\" content=\"Beebipood\" \/>\n<meta property=\"article:modified_time\" content=\"2025-09-08T14:16:04+00:00\" \/>\n<meta property=\"og:image\" content=\"https:\/\/beebipood.ee\/wp-content\/uploads\/2020\/04\/YappyClassic-kummut-helehall-Limited-UUED-TOOTED-Kummutid-kastid-Kummutid-Mahkimisalused-ja-riiulid-Lastemoobel-ja-sisustus_3-2c2.jpg\" \/>\n\t<meta property=\"og:image:width\" content=\"1024\" \/>\n\t<meta property=\"og:image:height\" content=\"933\" \/>\n\t<meta property=\"og:image:type\" content=\"image\/jpeg\" \/>\n<meta name=\"twitter:card\" content=\"summary_large_image\" \/>\n<meta name=\"twitter:label1\" content=\"\u041f\u0440\u0438\u043c\u0435\u0440\u043d\u043e\u0435 \u0432\u0440\u0435\u043c\u044f \u0434\u043b\u044f \u0447\u0442\u0435\u043d\u0438\u044f\" \/>\n\t<meta name=\"twitter:data1\" content=\"1 \u043c\u0438\u043d\u0443\u0442\u0430\" \/>\n<script type=\"application\/ld+json\" class=\"yoast-schema-graph\">{\"@context\":\"https:\/\/schema.org\",\"@graph\":[{\"@type\":\"WebPage\",\"@id\":\"https:\/\/beebipood.ee\/ru\/produkt\/yappyclassic-kummut-helehall-limited\/\",\"url\":\"https:\/\/beebipood.ee\/ru\/produkt\/yappyclassic-kummut-helehall-limited\/\",\"name\":\"YappyClassic kummut, helehall Limited, K\u043e\u043c\u043e\u0434\u044b, \u044f\u0449\u0438\u043a\u0438, K\u043e\u043c\u043e\u0434\u044b, \u041f\u0435\u043b\u0435\u043d\u0430\u043b\u044c\u043d\u044b\u0435 \u0441\u0442\u043e\u043b\u0438\u043a\u0438 \u0438 \u043f\u043e\u043b\u043a\u0438, M\u0435\u0431\u0435\u043b\u044c, YappyKids -20%, Beebipood\",\"isPartOf\":{\"@id\":\"https:\/\/beebipood.ee\/ru\/#website\"},\"primaryImageOfPage\":{\"@id\":\"https:\/\/beebipood.ee\/ru\/produkt\/yappyclassic-kummut-helehall-limited\/#primaryimage\"},\"image\":{\"@id\":\"https:\/\/beebipood.ee\/ru\/produkt\/yappyclassic-kummut-helehall-limited\/#primaryimage\"},\"thumbnailUrl\":\"https:\/\/beebipood.ee\/wp-content\/uploads\/2020\/04\/YappyClassic-kummut-helehall-Limited-UUED-TOOTED-Kummutid-kastid-Kummutid-Mahkimisalused-ja-riiulid-Lastemoobel-ja-sisustus_3-2c2.jpg\",\"datePublished\":\"2020-04-03T07:32:37+00:00\",\"dateModified\":\"2025-09-08T14:16:04+00:00\",\"description\":\"YappyClassic kummut, helehall Limited, YappyKids YappyClassic on l&auml;bim&otilde;eldud kummut, et see lisaks visuaalsele veetlusele vastaks k\",\"breadcrumb\":{\"@id\":\"https:\/\/beebipood.ee\/ru\/produkt\/yappyclassic-kummut-helehall-limited\/#breadcrumb\"},\"inLanguage\":\"ru-RU\",\"potentialAction\":[{\"@type\":\"ReadAction\",\"target\":[\"https:\/\/beebipood.ee\/ru\/produkt\/yappyclassic-kummut-helehall-limited\/\"]}]},{\"@type\":\"ImageObject\",\"inLanguage\":\"ru-RU\",\"@id\":\"https:\/\/beebipood.ee\/ru\/produkt\/yappyclassic-kummut-helehall-limited\/#primaryimage\",\"url\":\"https:\/\/beebipood.ee\/wp-content\/uploads\/2020\/04\/YappyClassic-kummut-helehall-Limited-UUED-TOOTED-Kummutid-kastid-Kummutid-Mahkimisalused-ja-riiulid-Lastemoobel-ja-sisustus_3-2c2.jpg\",\"contentUrl\":\"https:\/\/beebipood.ee\/wp-content\/uploads\/2020\/04\/YappyClassic-kummut-helehall-Limited-UUED-TOOTED-Kummutid-kastid-Kummutid-Mahkimisalused-ja-riiulid-Lastemoobel-ja-sisustus_3-2c2.jpg\",\"width\":1024,\"height\":933},{\"@type\":\"BreadcrumbList\",\"@id\":\"https:\/\/beebipood.ee\/ru\/produkt\/yappyclassic-kummut-helehall-limited\/#breadcrumb\",\"itemListElement\":[{\"@type\":\"ListItem\",\"position\":1,\"name\":\"Home\",\"item\":\"https:\/\/beebipood.ee\/ru\/\"},{\"@type\":\"ListItem\",\"position\":2,\"name\":\"\u041a\u0430\u0442\u0430\u043b\u043e\u0433 \u0442\u043e\u0432\u0430\u0440\u043e\u0432\",\"item\":\"https:\/\/beebipood.ee\/tooted\/\"},{\"@type\":\"ListItem\",\"position\":3,\"name\":\"YappyClassic kummut, helehall Limited\"}]},{\"@type\":\"WebSite\",\"@id\":\"https:\/\/beebipood.ee\/ru\/#website\",\"url\":\"https:\/\/beebipood.ee\/ru\/\",\"name\":\"Beebipood\",\"description\":\"Lastekaubad, beebikaubad, m\u00e4nguasjad\",\"publisher\":{\"@id\":\"https:\/\/beebipood.ee\/ru\/#organization\"},\"potentialAction\":[{\"@type\":\"SearchAction\",\"target\":{\"@type\":\"EntryPoint\",\"urlTemplate\":\"https:\/\/beebipood.ee\/ru\/?s={search_term_string}\"},\"query-input\":{\"@type\":\"PropertyValueSpecification\",\"valueRequired\":true,\"valueName\":\"search_term_string\"}}],\"inLanguage\":\"ru-RU\"},{\"@type\":\"Organization\",\"@id\":\"https:\/\/beebipood.ee\/ru\/#organization\",\"name\":\"Beebipood\",\"url\":\"https:\/\/beebipood.ee\/ru\/\",\"logo\":{\"@type\":\"ImageObject\",\"inLanguage\":\"ru-RU\",\"@id\":\"https:\/\/beebipood.ee\/ru\/#\/schema\/logo\/image\/\",\"url\":\"https:\/\/beebipood.ee\/wp-content\/uploads\/2025\/03\/beebipood.ee-logo-1.svg\",\"contentUrl\":\"https:\/\/beebipood.ee\/wp-content\/uploads\/2025\/03\/beebipood.ee-logo-1.svg\",\"caption\":\"Beebipood\"},\"image\":{\"@id\":\"https:\/\/beebipood.ee\/ru\/#\/schema\/logo\/image\/\"}}]}<\/script>\n<!-- \/ Yoast SEO plugin. -->","yoast_head_json":{"title":"YappyClassic kummut, helehall Limited, K\u043e\u043c\u043e\u0434\u044b, \u044f\u0449\u0438\u043a\u0438, K\u043e\u043c\u043e\u0434\u044b, \u041f\u0435\u043b\u0435\u043d\u0430\u043b\u044c\u043d\u044b\u0435 \u0441\u0442\u043e\u043b\u0438\u043a\u0438 \u0438 \u043f\u043e\u043b\u043a\u0438, M\u0435\u0431\u0435\u043b\u044c, YappyKids -20%, Beebipood","description":"YappyClassic kummut, helehall Limited, YappyKids YappyClassic on l&auml;bim&otilde;eldud kummut, et see lisaks visuaalsele veetlusele vastaks k","robots":{"index":"index","follow":"follow","max-snippet":"max-snippet:-1","max-image-preview":"max-image-preview:large","max-video-preview":"max-video-preview:-1"},"canonical":"https:\/\/beebipood.ee\/ru\/produkt\/yappyclassic-kummut-helehall-limited\/","og_locale":"ru_RU","og_type":"article","og_title":"YappyClassic kummut, helehall Limited, K\u043e\u043c\u043e\u0434\u044b, \u044f\u0449\u0438\u043a\u0438, K\u043e\u043c\u043e\u0434\u044b, \u041f\u0435\u043b\u0435\u043d\u0430\u043b\u044c\u043d\u044b\u0435 \u0441\u0442\u043e\u043b\u0438\u043a\u0438 \u0438 \u043f\u043e\u043b\u043a\u0438, M\u0435\u0431\u0435\u043b\u044c, YappyKids -20%, Beebipood","og_description":"YappyClassic kummut, helehall Limited, YappyKids YappyClassic on l&auml;bim&otilde;eldud kummut, et see lisaks visuaalsele veetlusele vastaks k","og_url":"https:\/\/beebipood.ee\/ru\/produkt\/yappyclassic-kummut-helehall-limited\/","og_site_name":"Beebipood","article_modified_time":"2025-09-08T14:16:04+00:00","og_image":[{"width":1024,"height":933,"url":"https:\/\/beebipood.ee\/wp-content\/uploads\/2020\/04\/YappyClassic-kummut-helehall-Limited-UUED-TOOTED-Kummutid-kastid-Kummutid-Mahkimisalused-ja-riiulid-Lastemoobel-ja-sisustus_3-2c2.jpg","type":"image\/jpeg"}],"twitter_card":"summary_large_image","twitter_misc":{"\u041f\u0440\u0438\u043c\u0435\u0440\u043d\u043e\u0435 \u0432\u0440\u0435\u043c\u044f \u0434\u043b\u044f \u0447\u0442\u0435\u043d\u0438\u044f":"1 \u043c\u0438\u043d\u0443\u0442\u0430"},"schema":{"@context":"https:\/\/schema.org","@graph":[{"@type":"WebPage","@id":"https:\/\/beebipood.ee\/ru\/produkt\/yappyclassic-kummut-helehall-limited\/","url":"https:\/\/beebipood.ee\/ru\/produkt\/yappyclassic-kummut-helehall-limited\/","name":"YappyClassic kummut, helehall Limited, K\u043e\u043c\u043e\u0434\u044b, \u044f\u0449\u0438\u043a\u0438, K\u043e\u043c\u043e\u0434\u044b, \u041f\u0435\u043b\u0435\u043d\u0430\u043b\u044c\u043d\u044b\u0435 \u0441\u0442\u043e\u043b\u0438\u043a\u0438 \u0438 \u043f\u043e\u043b\u043a\u0438, M\u0435\u0431\u0435\u043b\u044c, YappyKids -20%, Beebipood","isPartOf":{"@id":"https:\/\/beebipood.ee\/ru\/#website"},"primaryImageOfPage":{"@id":"https:\/\/beebipood.ee\/ru\/produkt\/yappyclassic-kummut-helehall-limited\/#primaryimage"},"image":{"@id":"https:\/\/beebipood.ee\/ru\/produkt\/yappyclassic-kummut-helehall-limited\/#primaryimage"},"thumbnailUrl":"https:\/\/beebipood.ee\/wp-content\/uploads\/2020\/04\/YappyClassic-kummut-helehall-Limited-UUED-TOOTED-Kummutid-kastid-Kummutid-Mahkimisalused-ja-riiulid-Lastemoobel-ja-sisustus_3-2c2.jpg","datePublished":"2020-04-03T07:32:37+00:00","dateModified":"2025-09-08T14:16:04+00:00","description":"YappyClassic kummut, helehall Limited, YappyKids YappyClassic on l&auml;bim&otilde;eldud kummut, et see lisaks visuaalsele veetlusele vastaks k","breadcrumb":{"@id":"https:\/\/beebipood.ee\/ru\/produkt\/yappyclassic-kummut-helehall-limited\/#breadcrumb"},"inLanguage":"ru-RU","potentialAction":[{"@type":"ReadAction","target":["https:\/\/beebipood.ee\/ru\/produkt\/yappyclassic-kummut-helehall-limited\/"]}]},{"@type":"ImageObject","inLanguage":"ru-RU","@id":"https:\/\/beebipood.ee\/ru\/produkt\/yappyclassic-kummut-helehall-limited\/#primaryimage","url":"https:\/\/beebipood.ee\/wp-content\/uploads\/2020\/04\/YappyClassic-kummut-helehall-Limited-UUED-TOOTED-Kummutid-kastid-Kummutid-Mahkimisalused-ja-riiulid-Lastemoobel-ja-sisustus_3-2c2.jpg","contentUrl":"https:\/\/beebipood.ee\/wp-content\/uploads\/2020\/04\/YappyClassic-kummut-helehall-Limited-UUED-TOOTED-Kummutid-kastid-Kummutid-Mahkimisalused-ja-riiulid-Lastemoobel-ja-sisustus_3-2c2.jpg","width":1024,"height":933},{"@type":"BreadcrumbList","@id":"https:\/\/beebipood.ee\/ru\/produkt\/yappyclassic-kummut-helehall-limited\/#breadcrumb","itemListElement":[{"@type":"ListItem","position":1,"name":"Home","item":"https:\/\/beebipood.ee\/ru\/"},{"@type":"ListItem","position":2,"name":"\u041a\u0430\u0442\u0430\u043b\u043e\u0433 \u0442\u043e\u0432\u0430\u0440\u043e\u0432","item":"https:\/\/beebipood.ee\/tooted\/"},{"@type":"ListItem","position":3,"name":"YappyClassic kummut, helehall Limited"}]},{"@type":"WebSite","@id":"https:\/\/beebipood.ee\/ru\/#website","url":"https:\/\/beebipood.ee\/ru\/","name":"Beebipood","description":"Lastekaubad, beebikaubad, m\u00e4nguasjad","publisher":{"@id":"https:\/\/beebipood.ee\/ru\/#organization"},"potentialAction":[{"@type":"SearchAction","target":{"@type":"EntryPoint","urlTemplate":"https:\/\/beebipood.ee\/ru\/?s={search_term_string}"},"query-input":{"@type":"PropertyValueSpecification","valueRequired":true,"valueName":"search_term_string"}}],"inLanguage":"ru-RU"},{"@type":"Organization","@id":"https:\/\/beebipood.ee\/ru\/#organization","name":"Beebipood","url":"https:\/\/beebipood.ee\/ru\/","logo":{"@type":"ImageObject","inLanguage":"ru-RU","@id":"https:\/\/beebipood.ee\/ru\/#\/schema\/logo\/image\/","url":"https:\/\/beebipood.ee\/wp-content\/uploads\/2025\/03\/beebipood.ee-logo-1.svg","contentUrl":"https:\/\/beebipood.ee\/wp-content\/uploads\/2025\/03\/beebipood.ee-logo-1.svg","caption":"Beebipood"},"image":{"@id":"https:\/\/beebipood.ee\/ru\/#\/schema\/logo\/image\/"}}]}},"brands":[{"id":11969,"name":"YappyKids","slug":"yappykids-ru"}],"_links":{"self":[{"href":"https:\/\/beebipood.ee\/ru\/wp-json\/wp\/v2\/product\/459219","targetHints":{"allow":["GET"]}}],"collection":[{"href":"https:\/\/beebipood.ee\/ru\/wp-json\/wp\/v2\/product"}],"about":[{"href":"https:\/\/beebipood.ee\/ru\/wp-json\/wp\/v2\/types\/product"}],"wp:featuredmedia":[{"embeddable":true,"href":"https:\/\/beebipood.ee\/ru\/wp-json\/wp\/v2\/media\/133554"}],"wp:attachment":[{"href":"https:\/\/beebipood.ee\/ru\/wp-json\/wp\/v2\/media?parent=459219"}],"wp:term":[{"taxonomy":"pwb-brand","embeddable":true,"href":"https:\/\/beebipood.ee\/ru\/wp-json\/wp\/v2\/pwb-brand?post=459219"},{"taxonomy":"product_brand","embeddable":true,"href":"https:\/\/beebipood.ee\/ru\/wp-json\/wp\/v2\/product_brand?post=459219"},{"taxonomy":"product_cat","embeddable":true,"href":"https:\/\/beebipood.ee\/ru\/wp-json\/wp\/v2\/product_cat?post=459219"},{"taxonomy":"product_tag","embeddable":true,"href":"https:\/\/beebipood.ee\/ru\/wp-json\/wp\/v2\/product_tag?post=459219"}],"curies":[{"name":"wp","href":"https:\/\/api.w.org\/{rel}","templated":true}]}}