{"id":459223,"date":"2020-04-03T10:45:44","date_gmt":"2020-04-03T07:45:44","guid":{"rendered":"https:\/\/beebipood.ee\/toode\/yappyhytte-riiul-anthracite\/"},"modified":"2025-01-09T10:48:29","modified_gmt":"2025-01-09T08:48:29","slug":"yappyhytte-riiul-anthracite","status":"publish","type":"product","link":"https:\/\/beebipood.ee\/ru\/produkt\/yappyhytte-riiul-anthracite\/","title":{"rendered":"YappyHytte riiul, Anthracite"},"content":{"rendered":"<p>YappyHytte riiul \u2013 ideaalne t\u00e4iendus teie lapse tuppa <br \/>tema lemmikesemete hoiustamiseks ja eksponeerimiseks. <br \/>See majakujuline riiul on nii vastupidav kui ka stiilne.<br \/>Riiul sobib ideaalselt YappyHytte voodiga <br \/>ja integreerub sujuvalt teie lapse toa sisustusega.<br \/>YappyHytte riiul on valmistatud kvaliteetsetest materjalidest.<br \/>Materjal: FSC sertifikaadiga t\u00e4ism\u00e4nnipuit.<br \/>T\u00f6\u00f6deldud \u00f6koloogilise, lastele ohutu naturaalse puiduvahaga. <br \/>See mitmeotstarbeline materjal t\u00f5rjub niiskust, <br \/>kaitseb mustuse eest ja annab m\u00f6\u00f6blile kauni l\u00e4ike.<br \/>M\u00f6\u00f6bel on valmistatud FSC sertifikaadiga puidust. <br \/>FSC sertifikaat tagab, et tooted p\u00e4rinevad vastutustundlikult majandatud metsadest, <br \/>mis pakuvad keskkonna-, sotsiaalset ja majanduslikku kasu.<\/p>\n","protected":false},"excerpt":{"rendered":"<p>YappyHytte riiul \u2013 ideaalne t\u00e4iendus teie lapse tuppa tema lemmikesemete hoiustamiseks ja eksponeerimiseks. See majakujuline riiul on nii vastupidav kui ka stiilne.Riiul sobib ideaalselt YappyHytte voodiga ja integreerub sujuvalt teie lapse toa sisustusega.YappyHytte riiul on valmistatud kvaliteetsetest materjalidest.Materjal: FSC sertifikaadiga t\u00e4ism\u00e4nnipuit.T\u00f6\u00f6deldud \u00f6koloogilise, lastele ohutu naturaalse puiduvahaga. See mitmeotstarbeline materjal t\u00f5rjub niiskust, kaitseb mustuse eest ja [&hellip;]<\/p>\n","protected":false},"featured_media":133574,"template":"","meta":{"_acf_changed":false},"pwb-brand":[11969],"product_brand":[],"product_cat":[11637,11631,11789],"product_tag":[],"class_list":{"0":"post-459223","1":"product","2":"type-product","3":"status-publish","4":"has-post-thumbnail","6":"pwb-brand-yappykids-ru","7":"product_cat-raamaturiiulid-ru","8":"product_cat-kapid-riiulid-ru","9":"product_cat-lastemoobel-ja-sisustus-ru","10":"pa_manufacturer-yappykids-ru","12":"first","13":"onbackorder","14":"sale","15":"taxable","16":"shipping-taxable","17":"purchasable","18":"product-type-simple"},"exclude_global_add_ons":[],"addons":[],"acf":[],"yoast_head":"<!-- This site is optimized with the Yoast SEO plugin v27.1.1 - https:\/\/yoast.com\/product\/yoast-seo-wordpress\/ -->\n<title>YappyHytte riiul, Anthracite, \u041d\u041e\u0412\u042b\u0415 \u0422\u041e\u0412\u0410\u0420\u042b, \u0428\u043a\u0430\u0444\u044b, \u043f\u043e\u043b\u043a\u0438, \u041a\u043d\u0438\u0436\u043d\u044b\u0435 \u043f\u043e\u043b\u043a\u0438, M\u0435\u0431\u0435\u043b\u044c, YappyKids -20%, Beebipood<\/title>\n<meta name=\"description\" content=\"YappyHytte riiul, Anthracite, YappyHytte riiul &ndash; ideaalne t&auml;iendus teie lapse tuppa tema lemmikesemete hoiustamiseks ja eksponeerimiseks. &lt;b\" \/>\n<meta name=\"robots\" content=\"index, follow, max-snippet:-1, max-image-preview:large, max-video-preview:-1\" \/>\n<link rel=\"canonical\" href=\"https:\/\/beebipood.ee\/ru\/produkt\/yappyhytte-riiul-anthracite\/\" \/>\n<meta property=\"og:locale\" content=\"ru_RU\" \/>\n<meta property=\"og:type\" content=\"article\" \/>\n<meta property=\"og:title\" content=\"YappyHytte riiul, Anthracite, \u041d\u041e\u0412\u042b\u0415 \u0422\u041e\u0412\u0410\u0420\u042b, \u0428\u043a\u0430\u0444\u044b, \u043f\u043e\u043b\u043a\u0438, \u041a\u043d\u0438\u0436\u043d\u044b\u0435 \u043f\u043e\u043b\u043a\u0438, M\u0435\u0431\u0435\u043b\u044c, YappyKids -20%, Beebipood\" \/>\n<meta property=\"og:description\" content=\"YappyHytte riiul, Anthracite, YappyHytte riiul &ndash; ideaalne t&auml;iendus teie lapse tuppa tema lemmikesemete hoiustamiseks ja eksponeerimiseks. &lt;b\" \/>\n<meta property=\"og:url\" content=\"https:\/\/beebipood.ee\/ru\/produkt\/yappyhytte-riiul-anthracite\/\" \/>\n<meta property=\"og:site_name\" content=\"Beebipood\" \/>\n<meta property=\"article:modified_time\" content=\"2025-01-09T08:48:29+00:00\" \/>\n<meta property=\"og:image\" content=\"https:\/\/beebipood.ee\/wp-content\/uploads\/2020\/04\/YappyHytte-riiul-Anthracite-UUED-TOOTED-Kapid-riiulid-Raamaturiiulid-Lastemoobel-ja-sisustus-YappyKids-20_1-e10.jpg\" \/>\n\t<meta property=\"og:image:width\" content=\"1200\" \/>\n\t<meta property=\"og:image:height\" content=\"900\" \/>\n\t<meta property=\"og:image:type\" content=\"image\/jpeg\" \/>\n<meta name=\"twitter:card\" content=\"summary_large_image\" \/>\n<script type=\"application\/ld+json\" class=\"yoast-schema-graph\">{\"@context\":\"https:\/\/schema.org\",\"@graph\":[{\"@type\":\"WebPage\",\"@id\":\"https:\/\/beebipood.ee\/ru\/produkt\/yappyhytte-riiul-anthracite\/\",\"url\":\"https:\/\/beebipood.ee\/ru\/produkt\/yappyhytte-riiul-anthracite\/\",\"name\":\"YappyHytte riiul, Anthracite, \u041d\u041e\u0412\u042b\u0415 \u0422\u041e\u0412\u0410\u0420\u042b, \u0428\u043a\u0430\u0444\u044b, \u043f\u043e\u043b\u043a\u0438, \u041a\u043d\u0438\u0436\u043d\u044b\u0435 \u043f\u043e\u043b\u043a\u0438, M\u0435\u0431\u0435\u043b\u044c, YappyKids -20%, Beebipood\",\"isPartOf\":{\"@id\":\"https:\/\/beebipood.ee\/ru\/#website\"},\"primaryImageOfPage\":{\"@id\":\"https:\/\/beebipood.ee\/ru\/produkt\/yappyhytte-riiul-anthracite\/#primaryimage\"},\"image\":{\"@id\":\"https:\/\/beebipood.ee\/ru\/produkt\/yappyhytte-riiul-anthracite\/#primaryimage\"},\"thumbnailUrl\":\"https:\/\/beebipood.ee\/wp-content\/uploads\/2020\/04\/YappyHytte-riiul-Anthracite-UUED-TOOTED-Kapid-riiulid-Raamaturiiulid-Lastemoobel-ja-sisustus-YappyKids-20_1-e10.jpg\",\"datePublished\":\"2020-04-03T07:45:44+00:00\",\"dateModified\":\"2025-01-09T08:48:29+00:00\",\"description\":\"YappyHytte riiul, Anthracite, YappyHytte riiul &ndash; ideaalne t&auml;iendus teie lapse tuppa tema lemmikesemete hoiustamiseks ja eksponeerimiseks. &lt;b\",\"breadcrumb\":{\"@id\":\"https:\/\/beebipood.ee\/ru\/produkt\/yappyhytte-riiul-anthracite\/#breadcrumb\"},\"inLanguage\":\"ru-RU\",\"potentialAction\":[{\"@type\":\"ReadAction\",\"target\":[\"https:\/\/beebipood.ee\/ru\/produkt\/yappyhytte-riiul-anthracite\/\"]}]},{\"@type\":\"ImageObject\",\"inLanguage\":\"ru-RU\",\"@id\":\"https:\/\/beebipood.ee\/ru\/produkt\/yappyhytte-riiul-anthracite\/#primaryimage\",\"url\":\"https:\/\/beebipood.ee\/wp-content\/uploads\/2020\/04\/YappyHytte-riiul-Anthracite-UUED-TOOTED-Kapid-riiulid-Raamaturiiulid-Lastemoobel-ja-sisustus-YappyKids-20_1-e10.jpg\",\"contentUrl\":\"https:\/\/beebipood.ee\/wp-content\/uploads\/2020\/04\/YappyHytte-riiul-Anthracite-UUED-TOOTED-Kapid-riiulid-Raamaturiiulid-Lastemoobel-ja-sisustus-YappyKids-20_1-e10.jpg\",\"width\":1200,\"height\":900},{\"@type\":\"BreadcrumbList\",\"@id\":\"https:\/\/beebipood.ee\/ru\/produkt\/yappyhytte-riiul-anthracite\/#breadcrumb\",\"itemListElement\":[{\"@type\":\"ListItem\",\"position\":1,\"name\":\"Home\",\"item\":\"https:\/\/beebipood.ee\/ru\/\"},{\"@type\":\"ListItem\",\"position\":2,\"name\":\"\u041a\u0430\u0442\u0430\u043b\u043e\u0433 \u0442\u043e\u0432\u0430\u0440\u043e\u0432\",\"item\":\"https:\/\/beebipood.ee\/tooted\/\"},{\"@type\":\"ListItem\",\"position\":3,\"name\":\"YappyHytte riiul, Anthracite\"}]},{\"@type\":\"WebSite\",\"@id\":\"https:\/\/beebipood.ee\/ru\/#website\",\"url\":\"https:\/\/beebipood.ee\/ru\/\",\"name\":\"Beebipood\",\"description\":\"Lastekaubad, beebikaubad, m\u00e4nguasjad\",\"publisher\":{\"@id\":\"https:\/\/beebipood.ee\/ru\/#organization\"},\"potentialAction\":[{\"@type\":\"SearchAction\",\"target\":{\"@type\":\"EntryPoint\",\"urlTemplate\":\"https:\/\/beebipood.ee\/ru\/?s={search_term_string}\"},\"query-input\":{\"@type\":\"PropertyValueSpecification\",\"valueRequired\":true,\"valueName\":\"search_term_string\"}}],\"inLanguage\":\"ru-RU\"},{\"@type\":\"Organization\",\"@id\":\"https:\/\/beebipood.ee\/ru\/#organization\",\"name\":\"Beebipood\",\"url\":\"https:\/\/beebipood.ee\/ru\/\",\"logo\":{\"@type\":\"ImageObject\",\"inLanguage\":\"ru-RU\",\"@id\":\"https:\/\/beebipood.ee\/ru\/#\/schema\/logo\/image\/\",\"url\":\"https:\/\/beebipood.ee\/wp-content\/uploads\/2025\/03\/beebipood.ee-logo-1.svg\",\"contentUrl\":\"https:\/\/beebipood.ee\/wp-content\/uploads\/2025\/03\/beebipood.ee-logo-1.svg\",\"caption\":\"Beebipood\"},\"image\":{\"@id\":\"https:\/\/beebipood.ee\/ru\/#\/schema\/logo\/image\/\"}}]}<\/script>\n<!-- \/ Yoast SEO plugin. -->","yoast_head_json":{"title":"YappyHytte riiul, Anthracite, \u041d\u041e\u0412\u042b\u0415 \u0422\u041e\u0412\u0410\u0420\u042b, \u0428\u043a\u0430\u0444\u044b, \u043f\u043e\u043b\u043a\u0438, \u041a\u043d\u0438\u0436\u043d\u044b\u0435 \u043f\u043e\u043b\u043a\u0438, M\u0435\u0431\u0435\u043b\u044c, YappyKids -20%, Beebipood","description":"YappyHytte riiul, Anthracite, YappyHytte riiul &ndash; ideaalne t&auml;iendus teie lapse tuppa tema lemmikesemete hoiustamiseks ja eksponeerimiseks. &lt;b","robots":{"index":"index","follow":"follow","max-snippet":"max-snippet:-1","max-image-preview":"max-image-preview:large","max-video-preview":"max-video-preview:-1"},"canonical":"https:\/\/beebipood.ee\/ru\/produkt\/yappyhytte-riiul-anthracite\/","og_locale":"ru_RU","og_type":"article","og_title":"YappyHytte riiul, Anthracite, \u041d\u041e\u0412\u042b\u0415 \u0422\u041e\u0412\u0410\u0420\u042b, \u0428\u043a\u0430\u0444\u044b, \u043f\u043e\u043b\u043a\u0438, \u041a\u043d\u0438\u0436\u043d\u044b\u0435 \u043f\u043e\u043b\u043a\u0438, M\u0435\u0431\u0435\u043b\u044c, YappyKids -20%, Beebipood","og_description":"YappyHytte riiul, Anthracite, YappyHytte riiul &ndash; ideaalne t&auml;iendus teie lapse tuppa tema lemmikesemete hoiustamiseks ja eksponeerimiseks. &lt;b","og_url":"https:\/\/beebipood.ee\/ru\/produkt\/yappyhytte-riiul-anthracite\/","og_site_name":"Beebipood","article_modified_time":"2025-01-09T08:48:29+00:00","og_image":[{"width":1200,"height":900,"url":"https:\/\/beebipood.ee\/wp-content\/uploads\/2020\/04\/YappyHytte-riiul-Anthracite-UUED-TOOTED-Kapid-riiulid-Raamaturiiulid-Lastemoobel-ja-sisustus-YappyKids-20_1-e10.jpg","type":"image\/jpeg"}],"twitter_card":"summary_large_image","schema":{"@context":"https:\/\/schema.org","@graph":[{"@type":"WebPage","@id":"https:\/\/beebipood.ee\/ru\/produkt\/yappyhytte-riiul-anthracite\/","url":"https:\/\/beebipood.ee\/ru\/produkt\/yappyhytte-riiul-anthracite\/","name":"YappyHytte riiul, Anthracite, \u041d\u041e\u0412\u042b\u0415 \u0422\u041e\u0412\u0410\u0420\u042b, \u0428\u043a\u0430\u0444\u044b, \u043f\u043e\u043b\u043a\u0438, \u041a\u043d\u0438\u0436\u043d\u044b\u0435 \u043f\u043e\u043b\u043a\u0438, M\u0435\u0431\u0435\u043b\u044c, YappyKids -20%, Beebipood","isPartOf":{"@id":"https:\/\/beebipood.ee\/ru\/#website"},"primaryImageOfPage":{"@id":"https:\/\/beebipood.ee\/ru\/produkt\/yappyhytte-riiul-anthracite\/#primaryimage"},"image":{"@id":"https:\/\/beebipood.ee\/ru\/produkt\/yappyhytte-riiul-anthracite\/#primaryimage"},"thumbnailUrl":"https:\/\/beebipood.ee\/wp-content\/uploads\/2020\/04\/YappyHytte-riiul-Anthracite-UUED-TOOTED-Kapid-riiulid-Raamaturiiulid-Lastemoobel-ja-sisustus-YappyKids-20_1-e10.jpg","datePublished":"2020-04-03T07:45:44+00:00","dateModified":"2025-01-09T08:48:29+00:00","description":"YappyHytte riiul, Anthracite, YappyHytte riiul &ndash; ideaalne t&auml;iendus teie lapse tuppa tema lemmikesemete hoiustamiseks ja eksponeerimiseks. &lt;b","breadcrumb":{"@id":"https:\/\/beebipood.ee\/ru\/produkt\/yappyhytte-riiul-anthracite\/#breadcrumb"},"inLanguage":"ru-RU","potentialAction":[{"@type":"ReadAction","target":["https:\/\/beebipood.ee\/ru\/produkt\/yappyhytte-riiul-anthracite\/"]}]},{"@type":"ImageObject","inLanguage":"ru-RU","@id":"https:\/\/beebipood.ee\/ru\/produkt\/yappyhytte-riiul-anthracite\/#primaryimage","url":"https:\/\/beebipood.ee\/wp-content\/uploads\/2020\/04\/YappyHytte-riiul-Anthracite-UUED-TOOTED-Kapid-riiulid-Raamaturiiulid-Lastemoobel-ja-sisustus-YappyKids-20_1-e10.jpg","contentUrl":"https:\/\/beebipood.ee\/wp-content\/uploads\/2020\/04\/YappyHytte-riiul-Anthracite-UUED-TOOTED-Kapid-riiulid-Raamaturiiulid-Lastemoobel-ja-sisustus-YappyKids-20_1-e10.jpg","width":1200,"height":900},{"@type":"BreadcrumbList","@id":"https:\/\/beebipood.ee\/ru\/produkt\/yappyhytte-riiul-anthracite\/#breadcrumb","itemListElement":[{"@type":"ListItem","position":1,"name":"Home","item":"https:\/\/beebipood.ee\/ru\/"},{"@type":"ListItem","position":2,"name":"\u041a\u0430\u0442\u0430\u043b\u043e\u0433 \u0442\u043e\u0432\u0430\u0440\u043e\u0432","item":"https:\/\/beebipood.ee\/tooted\/"},{"@type":"ListItem","position":3,"name":"YappyHytte riiul, Anthracite"}]},{"@type":"WebSite","@id":"https:\/\/beebipood.ee\/ru\/#website","url":"https:\/\/beebipood.ee\/ru\/","name":"Beebipood","description":"Lastekaubad, beebikaubad, m\u00e4nguasjad","publisher":{"@id":"https:\/\/beebipood.ee\/ru\/#organization"},"potentialAction":[{"@type":"SearchAction","target":{"@type":"EntryPoint","urlTemplate":"https:\/\/beebipood.ee\/ru\/?s={search_term_string}"},"query-input":{"@type":"PropertyValueSpecification","valueRequired":true,"valueName":"search_term_string"}}],"inLanguage":"ru-RU"},{"@type":"Organization","@id":"https:\/\/beebipood.ee\/ru\/#organization","name":"Beebipood","url":"https:\/\/beebipood.ee\/ru\/","logo":{"@type":"ImageObject","inLanguage":"ru-RU","@id":"https:\/\/beebipood.ee\/ru\/#\/schema\/logo\/image\/","url":"https:\/\/beebipood.ee\/wp-content\/uploads\/2025\/03\/beebipood.ee-logo-1.svg","contentUrl":"https:\/\/beebipood.ee\/wp-content\/uploads\/2025\/03\/beebipood.ee-logo-1.svg","caption":"Beebipood"},"image":{"@id":"https:\/\/beebipood.ee\/ru\/#\/schema\/logo\/image\/"}}]}},"brands":[{"id":11969,"name":"YappyKids","slug":"yappykids-ru"}],"_links":{"self":[{"href":"https:\/\/beebipood.ee\/ru\/wp-json\/wp\/v2\/product\/459223","targetHints":{"allow":["GET"]}}],"collection":[{"href":"https:\/\/beebipood.ee\/ru\/wp-json\/wp\/v2\/product"}],"about":[{"href":"https:\/\/beebipood.ee\/ru\/wp-json\/wp\/v2\/types\/product"}],"wp:featuredmedia":[{"embeddable":true,"href":"https:\/\/beebipood.ee\/ru\/wp-json\/wp\/v2\/media\/133574"}],"wp:attachment":[{"href":"https:\/\/beebipood.ee\/ru\/wp-json\/wp\/v2\/media?parent=459223"}],"wp:term":[{"taxonomy":"pwb-brand","embeddable":true,"href":"https:\/\/beebipood.ee\/ru\/wp-json\/wp\/v2\/pwb-brand?post=459223"},{"taxonomy":"product_brand","embeddable":true,"href":"https:\/\/beebipood.ee\/ru\/wp-json\/wp\/v2\/product_brand?post=459223"},{"taxonomy":"product_cat","embeddable":true,"href":"https:\/\/beebipood.ee\/ru\/wp-json\/wp\/v2\/product_cat?post=459223"},{"taxonomy":"product_tag","embeddable":true,"href":"https:\/\/beebipood.ee\/ru\/wp-json\/wp\/v2\/product_tag?post=459223"}],"curies":[{"name":"wp","href":"https:\/\/api.w.org\/{rel}","templated":true}]}}