{"id":459233,"date":"2020-04-11T07:48:02","date_gmt":"2020-04-11T04:48:02","guid":{"rendered":"https:\/\/beebipood.ee\/toode\/yappylatex-madrats-60x120\/"},"modified":"2025-01-09T10:48:28","modified_gmt":"2025-01-09T08:48:28","slug":"yappylatex-madrats-60x120","status":"publish","type":"product","link":"https:\/\/beebipood.ee\/ru\/produkt\/yappylatex-madrats-60x120\/","title":{"rendered":"YappyLatex madrats 60&#215;120"},"content":{"rendered":"<p>YappyKids madratsite lipulaevaks on L\u00e4tis toodetud YappyLatex madrats.<br \/>See on kahepoolne madrats. <br \/>\u00dchelt poolt kasutasime sisemise ploki jaoks 6 cm paksust kookoskiudu <br \/>ja teisel pool ligikaudu 2 cm paksust latekskihti.<br \/>Me soovitame, et kuni 1,5-aastane laps magaks kookospoolel <br \/>ja p\u00e4rast selgroolihaste tugevnemist v\u00f5ib madratsi p\u00f6\u00f6rata \u00fclespoole pehmema lateksikihiga.<br \/>Miks valida just lateks?<br \/>Soojusregulatsioon. Suvel jahutab lateks suurep\u00e4raselt lapse keha, talvel aga hoiab soojust.<br \/>Vastupidavus. Lateks on materjal, millel on v\u00e4him kulumise ja deformatsiooni koefitsient.<br \/>Lateks on vastupidav tolmulesta ja kahjulike bakterite ilmumise suhtes.<br \/>See materjal on \u00fclielastne ja kohandub lapse kehakumerustega.<br \/>Samuti toodetakse YappyLatex madratseid liimi kasutamata. <br \/>Kookosekihi ja lateksist kihi \u00f5mbleme kokku. <br \/>Saadud t\u00e4iteaine m\u00e4hitakse kangasse puuvillast (90%) ja villast (10%), <br \/>et kookosekiud ei segaks lapsel magada.<br \/>Kattemadratsi aga valmistasime me 100% puuvillast, <br \/>mida v\u00f5ib pesta pesumasinas temperatuuril 40\u00b0C.<br \/>Puuvillal on samuti OEKO TEX sertifikaat.<\/p>\n","protected":false},"excerpt":{"rendered":"<p>YappyKids madratsite lipulaevaks on L\u00e4tis toodetud YappyLatex madrats.See on kahepoolne madrats. \u00dchelt poolt kasutasime sisemise ploki jaoks 6 cm paksust kookoskiudu ja teisel pool ligikaudu 2 cm paksust latekskihti.Me soovitame, et kuni 1,5-aastane laps magaks kookospoolel ja p\u00e4rast selgroolihaste tugevnemist v\u00f5ib madratsi p\u00f6\u00f6rata \u00fclespoole pehmema lateksikihiga.Miks valida just lateks?Soojusregulatsioon. Suvel jahutab lateks suurep\u00e4raselt lapse keha, [&hellip;]<\/p>\n","protected":false},"featured_media":133888,"template":"","meta":{"_acf_changed":false},"pwb-brand":[11969],"product_brand":[],"product_cat":[11595,11563,11789,11793],"product_tag":[],"class_list":{"0":"post-459233","1":"product","2":"type-product","3":"status-publish","4":"has-post-thumbnail","6":"pwb-brand-yappykids-ru","7":"product_cat-kuni-60cm-laiused-ru","8":"product_cat-madratsid-ja-kattemadratsid-ru","9":"product_cat-lastemoobel-ja-sisustus-ru","10":"product_cat-laos-ru","11":"pa_manufacturer-yappykids-ru","13":"first","14":"onbackorder","15":"taxable","16":"shipping-taxable","17":"purchasable","18":"product-type-simple"},"exclude_global_add_ons":[],"addons":[],"acf":[],"yoast_head":"<!-- This site is optimized with the Yoast SEO plugin v27.1.1 - https:\/\/yoast.com\/product\/yoast-seo-wordpress\/ -->\n<title>YappyLatex madrats 60x120, \u041c\u0430\u0442\u0440\u0430\u0441\u044b \u0438 \u043c\u0430\u0442\u0440\u0430\u0441\u044b-\u043f\u043e\u043a\u0440\u044b\u0432\u0430\u043b\u0430, \u0428\u0438\u0440\u0438\u043d\u043e\u0439 \u0434\u043e 60 c\u043c, M\u0435\u0431\u0435\u043b\u044c, Ha c\u043a\u043b\u0430\u0434\u0435, YappyKids -20%, Beebipood<\/title>\n<meta name=\"description\" content=\"YappyLatex madrats 60x120, YappyKids madratsite lipulaevaks on L&auml;tis toodetud YappyLatex madrats.See on kahepoolne madrats. &Uuml;helt poolt\" \/>\n<meta name=\"robots\" content=\"index, follow, max-snippet:-1, max-image-preview:large, max-video-preview:-1\" \/>\n<link rel=\"canonical\" href=\"https:\/\/beebipood.ee\/ru\/produkt\/yappylatex-madrats-60x120\/\" \/>\n<meta property=\"og:locale\" content=\"ru_RU\" \/>\n<meta property=\"og:type\" content=\"article\" \/>\n<meta property=\"og:title\" content=\"YappyLatex madrats 60x120, \u041c\u0430\u0442\u0440\u0430\u0441\u044b \u0438 \u043c\u0430\u0442\u0440\u0430\u0441\u044b-\u043f\u043e\u043a\u0440\u044b\u0432\u0430\u043b\u0430, \u0428\u0438\u0440\u0438\u043d\u043e\u0439 \u0434\u043e 60 c\u043c, M\u0435\u0431\u0435\u043b\u044c, Ha c\u043a\u043b\u0430\u0434\u0435, YappyKids -20%, Beebipood\" \/>\n<meta property=\"og:description\" content=\"YappyLatex madrats 60x120, YappyKids madratsite lipulaevaks on L&auml;tis toodetud YappyLatex madrats.See on kahepoolne madrats. &Uuml;helt poolt\" \/>\n<meta property=\"og:url\" content=\"https:\/\/beebipood.ee\/ru\/produkt\/yappylatex-madrats-60x120\/\" \/>\n<meta property=\"og:site_name\" content=\"Beebipood\" \/>\n<meta property=\"article:modified_time\" content=\"2025-01-09T08:48:28+00:00\" \/>\n<meta property=\"og:image\" content=\"https:\/\/beebipood.ee\/wp-content\/uploads\/2020\/04\/YappyLatex-madrats-70x140-Madratsid-ja-kattemadratsid-UUED-TOOTED-Kuni-70cm-laiused-Lastemoobel-ja-sisustus_4_1-14f.jpg\" \/>\n\t<meta property=\"og:image:width\" content=\"709\" \/>\n\t<meta property=\"og:image:height\" content=\"567\" \/>\n\t<meta property=\"og:image:type\" content=\"image\/jpeg\" \/>\n<meta name=\"twitter:card\" content=\"summary_large_image\" \/>\n<meta name=\"twitter:label1\" content=\"\u041f\u0440\u0438\u043c\u0435\u0440\u043d\u043e\u0435 \u0432\u0440\u0435\u043c\u044f \u0434\u043b\u044f \u0447\u0442\u0435\u043d\u0438\u044f\" \/>\n\t<meta name=\"twitter:data1\" content=\"1 \u043c\u0438\u043d\u0443\u0442\u0430\" \/>\n<script type=\"application\/ld+json\" class=\"yoast-schema-graph\">{\"@context\":\"https:\/\/schema.org\",\"@graph\":[{\"@type\":\"WebPage\",\"@id\":\"https:\/\/beebipood.ee\/ru\/produkt\/yappylatex-madrats-60x120\/\",\"url\":\"https:\/\/beebipood.ee\/ru\/produkt\/yappylatex-madrats-60x120\/\",\"name\":\"YappyLatex madrats 60x120, \u041c\u0430\u0442\u0440\u0430\u0441\u044b \u0438 \u043c\u0430\u0442\u0440\u0430\u0441\u044b-\u043f\u043e\u043a\u0440\u044b\u0432\u0430\u043b\u0430, \u0428\u0438\u0440\u0438\u043d\u043e\u0439 \u0434\u043e 60 c\u043c, M\u0435\u0431\u0435\u043b\u044c, Ha c\u043a\u043b\u0430\u0434\u0435, YappyKids -20%, Beebipood\",\"isPartOf\":{\"@id\":\"https:\/\/beebipood.ee\/ru\/#website\"},\"primaryImageOfPage\":{\"@id\":\"https:\/\/beebipood.ee\/ru\/produkt\/yappylatex-madrats-60x120\/#primaryimage\"},\"image\":{\"@id\":\"https:\/\/beebipood.ee\/ru\/produkt\/yappylatex-madrats-60x120\/#primaryimage\"},\"thumbnailUrl\":\"https:\/\/beebipood.ee\/wp-content\/uploads\/2020\/04\/YappyLatex-madrats-70x140-Madratsid-ja-kattemadratsid-UUED-TOOTED-Kuni-70cm-laiused-Lastemoobel-ja-sisustus_4_1-14f.jpg\",\"datePublished\":\"2020-04-11T04:48:02+00:00\",\"dateModified\":\"2025-01-09T08:48:28+00:00\",\"description\":\"YappyLatex madrats 60x120, YappyKids madratsite lipulaevaks on L&auml;tis toodetud YappyLatex madrats.See on kahepoolne madrats. &Uuml;helt poolt\",\"breadcrumb\":{\"@id\":\"https:\/\/beebipood.ee\/ru\/produkt\/yappylatex-madrats-60x120\/#breadcrumb\"},\"inLanguage\":\"ru-RU\",\"potentialAction\":[{\"@type\":\"ReadAction\",\"target\":[\"https:\/\/beebipood.ee\/ru\/produkt\/yappylatex-madrats-60x120\/\"]}]},{\"@type\":\"ImageObject\",\"inLanguage\":\"ru-RU\",\"@id\":\"https:\/\/beebipood.ee\/ru\/produkt\/yappylatex-madrats-60x120\/#primaryimage\",\"url\":\"https:\/\/beebipood.ee\/wp-content\/uploads\/2020\/04\/YappyLatex-madrats-70x140-Madratsid-ja-kattemadratsid-UUED-TOOTED-Kuni-70cm-laiused-Lastemoobel-ja-sisustus_4_1-14f.jpg\",\"contentUrl\":\"https:\/\/beebipood.ee\/wp-content\/uploads\/2020\/04\/YappyLatex-madrats-70x140-Madratsid-ja-kattemadratsid-UUED-TOOTED-Kuni-70cm-laiused-Lastemoobel-ja-sisustus_4_1-14f.jpg\",\"width\":709,\"height\":567},{\"@type\":\"BreadcrumbList\",\"@id\":\"https:\/\/beebipood.ee\/ru\/produkt\/yappylatex-madrats-60x120\/#breadcrumb\",\"itemListElement\":[{\"@type\":\"ListItem\",\"position\":1,\"name\":\"Home\",\"item\":\"https:\/\/beebipood.ee\/ru\/\"},{\"@type\":\"ListItem\",\"position\":2,\"name\":\"\u041a\u0430\u0442\u0430\u043b\u043e\u0433 \u0442\u043e\u0432\u0430\u0440\u043e\u0432\",\"item\":\"https:\/\/beebipood.ee\/tooted\/\"},{\"@type\":\"ListItem\",\"position\":3,\"name\":\"YappyLatex madrats 60&#215;120\"}]},{\"@type\":\"WebSite\",\"@id\":\"https:\/\/beebipood.ee\/ru\/#website\",\"url\":\"https:\/\/beebipood.ee\/ru\/\",\"name\":\"Beebipood\",\"description\":\"Lastekaubad, beebikaubad, m\u00e4nguasjad\",\"publisher\":{\"@id\":\"https:\/\/beebipood.ee\/ru\/#organization\"},\"potentialAction\":[{\"@type\":\"SearchAction\",\"target\":{\"@type\":\"EntryPoint\",\"urlTemplate\":\"https:\/\/beebipood.ee\/ru\/?s={search_term_string}\"},\"query-input\":{\"@type\":\"PropertyValueSpecification\",\"valueRequired\":true,\"valueName\":\"search_term_string\"}}],\"inLanguage\":\"ru-RU\"},{\"@type\":\"Organization\",\"@id\":\"https:\/\/beebipood.ee\/ru\/#organization\",\"name\":\"Beebipood\",\"url\":\"https:\/\/beebipood.ee\/ru\/\",\"logo\":{\"@type\":\"ImageObject\",\"inLanguage\":\"ru-RU\",\"@id\":\"https:\/\/beebipood.ee\/ru\/#\/schema\/logo\/image\/\",\"url\":\"https:\/\/beebipood.ee\/wp-content\/uploads\/2025\/03\/beebipood.ee-logo-1.svg\",\"contentUrl\":\"https:\/\/beebipood.ee\/wp-content\/uploads\/2025\/03\/beebipood.ee-logo-1.svg\",\"caption\":\"Beebipood\"},\"image\":{\"@id\":\"https:\/\/beebipood.ee\/ru\/#\/schema\/logo\/image\/\"}}]}<\/script>\n<!-- \/ Yoast SEO plugin. -->","yoast_head_json":{"title":"YappyLatex madrats 60x120, \u041c\u0430\u0442\u0440\u0430\u0441\u044b \u0438 \u043c\u0430\u0442\u0440\u0430\u0441\u044b-\u043f\u043e\u043a\u0440\u044b\u0432\u0430\u043b\u0430, \u0428\u0438\u0440\u0438\u043d\u043e\u0439 \u0434\u043e 60 c\u043c, M\u0435\u0431\u0435\u043b\u044c, Ha c\u043a\u043b\u0430\u0434\u0435, YappyKids -20%, Beebipood","description":"YappyLatex madrats 60x120, YappyKids madratsite lipulaevaks on L&auml;tis toodetud YappyLatex madrats.See on kahepoolne madrats. &Uuml;helt poolt","robots":{"index":"index","follow":"follow","max-snippet":"max-snippet:-1","max-image-preview":"max-image-preview:large","max-video-preview":"max-video-preview:-1"},"canonical":"https:\/\/beebipood.ee\/ru\/produkt\/yappylatex-madrats-60x120\/","og_locale":"ru_RU","og_type":"article","og_title":"YappyLatex madrats 60x120, \u041c\u0430\u0442\u0440\u0430\u0441\u044b \u0438 \u043c\u0430\u0442\u0440\u0430\u0441\u044b-\u043f\u043e\u043a\u0440\u044b\u0432\u0430\u043b\u0430, \u0428\u0438\u0440\u0438\u043d\u043e\u0439 \u0434\u043e 60 c\u043c, M\u0435\u0431\u0435\u043b\u044c, Ha c\u043a\u043b\u0430\u0434\u0435, YappyKids -20%, Beebipood","og_description":"YappyLatex madrats 60x120, YappyKids madratsite lipulaevaks on L&auml;tis toodetud YappyLatex madrats.See on kahepoolne madrats. &Uuml;helt poolt","og_url":"https:\/\/beebipood.ee\/ru\/produkt\/yappylatex-madrats-60x120\/","og_site_name":"Beebipood","article_modified_time":"2025-01-09T08:48:28+00:00","og_image":[{"width":709,"height":567,"url":"https:\/\/beebipood.ee\/wp-content\/uploads\/2020\/04\/YappyLatex-madrats-70x140-Madratsid-ja-kattemadratsid-UUED-TOOTED-Kuni-70cm-laiused-Lastemoobel-ja-sisustus_4_1-14f.jpg","type":"image\/jpeg"}],"twitter_card":"summary_large_image","twitter_misc":{"\u041f\u0440\u0438\u043c\u0435\u0440\u043d\u043e\u0435 \u0432\u0440\u0435\u043c\u044f \u0434\u043b\u044f \u0447\u0442\u0435\u043d\u0438\u044f":"1 \u043c\u0438\u043d\u0443\u0442\u0430"},"schema":{"@context":"https:\/\/schema.org","@graph":[{"@type":"WebPage","@id":"https:\/\/beebipood.ee\/ru\/produkt\/yappylatex-madrats-60x120\/","url":"https:\/\/beebipood.ee\/ru\/produkt\/yappylatex-madrats-60x120\/","name":"YappyLatex madrats 60x120, \u041c\u0430\u0442\u0440\u0430\u0441\u044b \u0438 \u043c\u0430\u0442\u0440\u0430\u0441\u044b-\u043f\u043e\u043a\u0440\u044b\u0432\u0430\u043b\u0430, \u0428\u0438\u0440\u0438\u043d\u043e\u0439 \u0434\u043e 60 c\u043c, M\u0435\u0431\u0435\u043b\u044c, Ha c\u043a\u043b\u0430\u0434\u0435, YappyKids -20%, Beebipood","isPartOf":{"@id":"https:\/\/beebipood.ee\/ru\/#website"},"primaryImageOfPage":{"@id":"https:\/\/beebipood.ee\/ru\/produkt\/yappylatex-madrats-60x120\/#primaryimage"},"image":{"@id":"https:\/\/beebipood.ee\/ru\/produkt\/yappylatex-madrats-60x120\/#primaryimage"},"thumbnailUrl":"https:\/\/beebipood.ee\/wp-content\/uploads\/2020\/04\/YappyLatex-madrats-70x140-Madratsid-ja-kattemadratsid-UUED-TOOTED-Kuni-70cm-laiused-Lastemoobel-ja-sisustus_4_1-14f.jpg","datePublished":"2020-04-11T04:48:02+00:00","dateModified":"2025-01-09T08:48:28+00:00","description":"YappyLatex madrats 60x120, YappyKids madratsite lipulaevaks on L&auml;tis toodetud YappyLatex madrats.See on kahepoolne madrats. &Uuml;helt poolt","breadcrumb":{"@id":"https:\/\/beebipood.ee\/ru\/produkt\/yappylatex-madrats-60x120\/#breadcrumb"},"inLanguage":"ru-RU","potentialAction":[{"@type":"ReadAction","target":["https:\/\/beebipood.ee\/ru\/produkt\/yappylatex-madrats-60x120\/"]}]},{"@type":"ImageObject","inLanguage":"ru-RU","@id":"https:\/\/beebipood.ee\/ru\/produkt\/yappylatex-madrats-60x120\/#primaryimage","url":"https:\/\/beebipood.ee\/wp-content\/uploads\/2020\/04\/YappyLatex-madrats-70x140-Madratsid-ja-kattemadratsid-UUED-TOOTED-Kuni-70cm-laiused-Lastemoobel-ja-sisustus_4_1-14f.jpg","contentUrl":"https:\/\/beebipood.ee\/wp-content\/uploads\/2020\/04\/YappyLatex-madrats-70x140-Madratsid-ja-kattemadratsid-UUED-TOOTED-Kuni-70cm-laiused-Lastemoobel-ja-sisustus_4_1-14f.jpg","width":709,"height":567},{"@type":"BreadcrumbList","@id":"https:\/\/beebipood.ee\/ru\/produkt\/yappylatex-madrats-60x120\/#breadcrumb","itemListElement":[{"@type":"ListItem","position":1,"name":"Home","item":"https:\/\/beebipood.ee\/ru\/"},{"@type":"ListItem","position":2,"name":"\u041a\u0430\u0442\u0430\u043b\u043e\u0433 \u0442\u043e\u0432\u0430\u0440\u043e\u0432","item":"https:\/\/beebipood.ee\/tooted\/"},{"@type":"ListItem","position":3,"name":"YappyLatex madrats 60&#215;120"}]},{"@type":"WebSite","@id":"https:\/\/beebipood.ee\/ru\/#website","url":"https:\/\/beebipood.ee\/ru\/","name":"Beebipood","description":"Lastekaubad, beebikaubad, m\u00e4nguasjad","publisher":{"@id":"https:\/\/beebipood.ee\/ru\/#organization"},"potentialAction":[{"@type":"SearchAction","target":{"@type":"EntryPoint","urlTemplate":"https:\/\/beebipood.ee\/ru\/?s={search_term_string}"},"query-input":{"@type":"PropertyValueSpecification","valueRequired":true,"valueName":"search_term_string"}}],"inLanguage":"ru-RU"},{"@type":"Organization","@id":"https:\/\/beebipood.ee\/ru\/#organization","name":"Beebipood","url":"https:\/\/beebipood.ee\/ru\/","logo":{"@type":"ImageObject","inLanguage":"ru-RU","@id":"https:\/\/beebipood.ee\/ru\/#\/schema\/logo\/image\/","url":"https:\/\/beebipood.ee\/wp-content\/uploads\/2025\/03\/beebipood.ee-logo-1.svg","contentUrl":"https:\/\/beebipood.ee\/wp-content\/uploads\/2025\/03\/beebipood.ee-logo-1.svg","caption":"Beebipood"},"image":{"@id":"https:\/\/beebipood.ee\/ru\/#\/schema\/logo\/image\/"}}]}},"brands":[{"id":11969,"name":"YappyKids","slug":"yappykids-ru"}],"_links":{"self":[{"href":"https:\/\/beebipood.ee\/ru\/wp-json\/wp\/v2\/product\/459233","targetHints":{"allow":["GET"]}}],"collection":[{"href":"https:\/\/beebipood.ee\/ru\/wp-json\/wp\/v2\/product"}],"about":[{"href":"https:\/\/beebipood.ee\/ru\/wp-json\/wp\/v2\/types\/product"}],"wp:featuredmedia":[{"embeddable":true,"href":"https:\/\/beebipood.ee\/ru\/wp-json\/wp\/v2\/media\/133888"}],"wp:attachment":[{"href":"https:\/\/beebipood.ee\/ru\/wp-json\/wp\/v2\/media?parent=459233"}],"wp:term":[{"taxonomy":"pwb-brand","embeddable":true,"href":"https:\/\/beebipood.ee\/ru\/wp-json\/wp\/v2\/pwb-brand?post=459233"},{"taxonomy":"product_brand","embeddable":true,"href":"https:\/\/beebipood.ee\/ru\/wp-json\/wp\/v2\/product_brand?post=459233"},{"taxonomy":"product_cat","embeddable":true,"href":"https:\/\/beebipood.ee\/ru\/wp-json\/wp\/v2\/product_cat?post=459233"},{"taxonomy":"product_tag","embeddable":true,"href":"https:\/\/beebipood.ee\/ru\/wp-json\/wp\/v2\/product_tag?post=459233"}],"curies":[{"name":"wp","href":"https:\/\/api.w.org\/{rel}","templated":true}]}}