{"id":459235,"date":"2020-04-11T07:52:29","date_gmt":"2020-04-11T04:52:29","guid":{"rendered":"https:\/\/beebipood.ee\/toode\/yappymemory-ii-madrats-60x120\/"},"modified":"2025-03-05T07:10:48","modified_gmt":"2025-03-05T05:10:48","slug":"yappymemory-ii-madrats-60x120","status":"publish","type":"product","link":"https:\/\/beebipood.ee\/ru\/produkt\/yappymemory-ii-madrats-60x120\/","title":{"rendered":"YappyMemory II madrats 60&#215;120"},"content":{"rendered":"<p>YappyMemory II madratsi, et teie beebi saaks nautida s\u00fcgavamat ja tervislikumat und. <br \/>Beebi mitte ainult ei puhka unes, vaid ka areneb ja kasvab, <br \/>seega on t\u00e4htis j\u00e4lgida, et laps kasvaks terveks ja tugevaks.<br \/>YappyMemory II madrats on ortopeediline, allergiavastane <br \/>ja tagab lapsele tervisliku une s\u00fcnnist alates.<\/p>\n<p>YappyMemory on kahepoolne madrats. <br \/>\u00dchel (j\u00e4igal) poolel kasutame sisali ja teisel (pehmemal) poolel lapse kehaga kohanduvat <br \/>ja magamiseks parimat vormi v\u00f5tvat m\u00e4luvahtu.<br \/>Madratsi sisu:<br \/>&#8212; Sisal on looduslik, v\u00e4ga vastupidav kiudaine, mida saadakse agaavilehtedest. <br \/>\u00a0 See s\u00e4ilitab hea mikrokliima ja tagab hea ventilatsiooni. <br \/>\u00a0 Samuti on see vaikne \u2013 kui laps voodis ringi liigutab \u2013 ei tee see h\u00e4\u00e4li, <br \/>\u00a0 mis v\u00f5iksid teda \u00fcles \u00e4ratada;<br \/>&#8212; Keskkonnas\u00f5bralikku allergiavastast materjali sisaldav painduv vahtplokk <br \/>\u00a0 tagab suure paindlikkuse. See on ortopeediline ja s\u00e4ilitab kuju v\u00e4ga pikka aega;<br \/>&#8212; Keskkonnas\u00f5bralikust materjalist m\u00e4luvaht, ilma surveta kohandub kehaga, kui laps magab.<br \/>Madratsi kate on t\u00f6\u00f6deltud Aloe Veraga, mis tagab \u00f5hu l\u00e4bilaskvuse, <br \/>temperatuuri reguleerimise ja korraliku mikrokliima. <br \/>Madratsi katte saab eemaldada ja pesta pesumasinas.<\/p>\n","protected":false},"excerpt":{"rendered":"<p>YappyMemory II madratsi, et teie beebi saaks nautida s\u00fcgavamat ja tervislikumat und. Beebi mitte ainult ei puhka unes, vaid ka areneb ja kasvab, seega on t\u00e4htis j\u00e4lgida, et laps kasvaks terveks ja tugevaks.YappyMemory II madrats on ortopeediline, allergiavastane ja tagab lapsele tervisliku une s\u00fcnnist alates. YappyMemory on kahepoolne madrats. \u00dchel (j\u00e4igal) poolel kasutame sisali ja [&hellip;]<\/p>\n","protected":false},"featured_media":133896,"template":"","meta":{"_acf_changed":false},"pwb-brand":[11969],"product_brand":[],"product_cat":[11595,11563,11789],"product_tag":[],"class_list":{"0":"post-459235","1":"product","2":"type-product","3":"status-publish","4":"has-post-thumbnail","6":"pwb-brand-yappykids-ru","7":"product_cat-kuni-60cm-laiused-ru","8":"product_cat-madratsid-ja-kattemadratsid-ru","9":"product_cat-lastemoobel-ja-sisustus-ru","10":"pa_manufacturer-yappykids-ru","12":"first","13":"onbackorder","14":"taxable","15":"shipping-taxable","16":"purchasable","17":"product-type-simple"},"exclude_global_add_ons":[],"addons":[],"acf":[],"yoast_head":"<!-- This site is optimized with the Yoast SEO plugin v27.1.1 - https:\/\/yoast.com\/product\/yoast-seo-wordpress\/ -->\n<title>YappyMemory II madrats 60x120, \u041c\u0430\u0442\u0440\u0430\u0441\u044b \u0438 \u043c\u0430\u0442\u0440\u0430\u0441\u044b-\u043f\u043e\u043a\u0440\u044b\u0432\u0430\u043b\u0430, \u0421\u041a\u0418\u0414\u041a\u0418, \u0428\u0438\u0440\u0438\u043d\u043e\u0439 \u0434\u043e 60 c\u043c, M\u0435\u0431\u0435\u043b\u044c, YappyKids -20%, Beebipood<\/title>\n<meta name=\"description\" content=\"YappyMemory II madrats 60x120, YappyMemory II madratsi, et teie beebi saaks nautida s&uuml;gavamat ja tervislikumat und. Beebi mitte ainult ei puhka un\" \/>\n<meta name=\"robots\" content=\"index, follow, max-snippet:-1, max-image-preview:large, max-video-preview:-1\" \/>\n<link rel=\"canonical\" href=\"https:\/\/beebipood.ee\/ru\/produkt\/yappymemory-ii-madrats-60x120\/\" \/>\n<meta property=\"og:locale\" content=\"ru_RU\" \/>\n<meta property=\"og:type\" content=\"article\" \/>\n<meta property=\"og:title\" content=\"YappyMemory II madrats 60x120, \u041c\u0430\u0442\u0440\u0430\u0441\u044b \u0438 \u043c\u0430\u0442\u0440\u0430\u0441\u044b-\u043f\u043e\u043a\u0440\u044b\u0432\u0430\u043b\u0430, \u0421\u041a\u0418\u0414\u041a\u0418, \u0428\u0438\u0440\u0438\u043d\u043e\u0439 \u0434\u043e 60 c\u043c, M\u0435\u0431\u0435\u043b\u044c, YappyKids -20%, Beebipood\" \/>\n<meta property=\"og:description\" content=\"YappyMemory II madrats 60x120, YappyMemory II madratsi, et teie beebi saaks nautida s&uuml;gavamat ja tervislikumat und. Beebi mitte ainult ei puhka un\" \/>\n<meta property=\"og:url\" content=\"https:\/\/beebipood.ee\/ru\/produkt\/yappymemory-ii-madrats-60x120\/\" \/>\n<meta property=\"og:site_name\" content=\"Beebipood\" \/>\n<meta property=\"article:modified_time\" content=\"2025-03-05T05:10:48+00:00\" \/>\n<meta property=\"og:image\" content=\"https:\/\/beebipood.ee\/wp-content\/uploads\/2020\/04\/YappyMemory-II-madrats-60x120-Madratsid-ja-kattemadratsid-UUED-TOOTED-Kuni-60cm-laiused-Lastemoobel-ja-sisustus-YappyKids-20_4-bd3.jpg\" \/>\n\t<meta property=\"og:image:width\" content=\"1200\" \/>\n\t<meta property=\"og:image:height\" content=\"1198\" \/>\n\t<meta property=\"og:image:type\" content=\"image\/jpeg\" \/>\n<meta name=\"twitter:card\" content=\"summary_large_image\" \/>\n<meta name=\"twitter:label1\" content=\"\u041f\u0440\u0438\u043c\u0435\u0440\u043d\u043e\u0435 \u0432\u0440\u0435\u043c\u044f \u0434\u043b\u044f \u0447\u0442\u0435\u043d\u0438\u044f\" \/>\n\t<meta name=\"twitter:data1\" content=\"1 \u043c\u0438\u043d\u0443\u0442\u0430\" \/>\n<script type=\"application\/ld+json\" class=\"yoast-schema-graph\">{\"@context\":\"https:\/\/schema.org\",\"@graph\":[{\"@type\":\"WebPage\",\"@id\":\"https:\/\/beebipood.ee\/ru\/produkt\/yappymemory-ii-madrats-60x120\/\",\"url\":\"https:\/\/beebipood.ee\/ru\/produkt\/yappymemory-ii-madrats-60x120\/\",\"name\":\"YappyMemory II madrats 60x120, \u041c\u0430\u0442\u0440\u0430\u0441\u044b \u0438 \u043c\u0430\u0442\u0440\u0430\u0441\u044b-\u043f\u043e\u043a\u0440\u044b\u0432\u0430\u043b\u0430, \u0421\u041a\u0418\u0414\u041a\u0418, \u0428\u0438\u0440\u0438\u043d\u043e\u0439 \u0434\u043e 60 c\u043c, M\u0435\u0431\u0435\u043b\u044c, YappyKids -20%, Beebipood\",\"isPartOf\":{\"@id\":\"https:\/\/beebipood.ee\/ru\/#website\"},\"primaryImageOfPage\":{\"@id\":\"https:\/\/beebipood.ee\/ru\/produkt\/yappymemory-ii-madrats-60x120\/#primaryimage\"},\"image\":{\"@id\":\"https:\/\/beebipood.ee\/ru\/produkt\/yappymemory-ii-madrats-60x120\/#primaryimage\"},\"thumbnailUrl\":\"https:\/\/beebipood.ee\/wp-content\/uploads\/2020\/04\/YappyMemory-II-madrats-60x120-Madratsid-ja-kattemadratsid-UUED-TOOTED-Kuni-60cm-laiused-Lastemoobel-ja-sisustus-YappyKids-20_4-bd3.jpg\",\"datePublished\":\"2020-04-11T04:52:29+00:00\",\"dateModified\":\"2025-03-05T05:10:48+00:00\",\"description\":\"YappyMemory II madrats 60x120, YappyMemory II madratsi, et teie beebi saaks nautida s&uuml;gavamat ja tervislikumat und. Beebi mitte ainult ei puhka un\",\"breadcrumb\":{\"@id\":\"https:\/\/beebipood.ee\/ru\/produkt\/yappymemory-ii-madrats-60x120\/#breadcrumb\"},\"inLanguage\":\"ru-RU\",\"potentialAction\":[{\"@type\":\"ReadAction\",\"target\":[\"https:\/\/beebipood.ee\/ru\/produkt\/yappymemory-ii-madrats-60x120\/\"]}]},{\"@type\":\"ImageObject\",\"inLanguage\":\"ru-RU\",\"@id\":\"https:\/\/beebipood.ee\/ru\/produkt\/yappymemory-ii-madrats-60x120\/#primaryimage\",\"url\":\"https:\/\/beebipood.ee\/wp-content\/uploads\/2020\/04\/YappyMemory-II-madrats-60x120-Madratsid-ja-kattemadratsid-UUED-TOOTED-Kuni-60cm-laiused-Lastemoobel-ja-sisustus-YappyKids-20_4-bd3.jpg\",\"contentUrl\":\"https:\/\/beebipood.ee\/wp-content\/uploads\/2020\/04\/YappyMemory-II-madrats-60x120-Madratsid-ja-kattemadratsid-UUED-TOOTED-Kuni-60cm-laiused-Lastemoobel-ja-sisustus-YappyKids-20_4-bd3.jpg\",\"width\":1200,\"height\":1198},{\"@type\":\"BreadcrumbList\",\"@id\":\"https:\/\/beebipood.ee\/ru\/produkt\/yappymemory-ii-madrats-60x120\/#breadcrumb\",\"itemListElement\":[{\"@type\":\"ListItem\",\"position\":1,\"name\":\"Home\",\"item\":\"https:\/\/beebipood.ee\/ru\/\"},{\"@type\":\"ListItem\",\"position\":2,\"name\":\"\u041a\u0430\u0442\u0430\u043b\u043e\u0433 \u0442\u043e\u0432\u0430\u0440\u043e\u0432\",\"item\":\"https:\/\/beebipood.ee\/tooted\/\"},{\"@type\":\"ListItem\",\"position\":3,\"name\":\"YappyMemory II madrats 60&#215;120\"}]},{\"@type\":\"WebSite\",\"@id\":\"https:\/\/beebipood.ee\/ru\/#website\",\"url\":\"https:\/\/beebipood.ee\/ru\/\",\"name\":\"Beebipood\",\"description\":\"Lastekaubad, beebikaubad, m\u00e4nguasjad\",\"publisher\":{\"@id\":\"https:\/\/beebipood.ee\/ru\/#organization\"},\"potentialAction\":[{\"@type\":\"SearchAction\",\"target\":{\"@type\":\"EntryPoint\",\"urlTemplate\":\"https:\/\/beebipood.ee\/ru\/?s={search_term_string}\"},\"query-input\":{\"@type\":\"PropertyValueSpecification\",\"valueRequired\":true,\"valueName\":\"search_term_string\"}}],\"inLanguage\":\"ru-RU\"},{\"@type\":\"Organization\",\"@id\":\"https:\/\/beebipood.ee\/ru\/#organization\",\"name\":\"Beebipood\",\"url\":\"https:\/\/beebipood.ee\/ru\/\",\"logo\":{\"@type\":\"ImageObject\",\"inLanguage\":\"ru-RU\",\"@id\":\"https:\/\/beebipood.ee\/ru\/#\/schema\/logo\/image\/\",\"url\":\"https:\/\/beebipood.ee\/wp-content\/uploads\/2025\/03\/beebipood.ee-logo-1.svg\",\"contentUrl\":\"https:\/\/beebipood.ee\/wp-content\/uploads\/2025\/03\/beebipood.ee-logo-1.svg\",\"caption\":\"Beebipood\"},\"image\":{\"@id\":\"https:\/\/beebipood.ee\/ru\/#\/schema\/logo\/image\/\"}}]}<\/script>\n<!-- \/ Yoast SEO plugin. -->","yoast_head_json":{"title":"YappyMemory II madrats 60x120, \u041c\u0430\u0442\u0440\u0430\u0441\u044b \u0438 \u043c\u0430\u0442\u0440\u0430\u0441\u044b-\u043f\u043e\u043a\u0440\u044b\u0432\u0430\u043b\u0430, \u0421\u041a\u0418\u0414\u041a\u0418, \u0428\u0438\u0440\u0438\u043d\u043e\u0439 \u0434\u043e 60 c\u043c, M\u0435\u0431\u0435\u043b\u044c, YappyKids -20%, Beebipood","description":"YappyMemory II madrats 60x120, YappyMemory II madratsi, et teie beebi saaks nautida s&uuml;gavamat ja tervislikumat und. Beebi mitte ainult ei puhka un","robots":{"index":"index","follow":"follow","max-snippet":"max-snippet:-1","max-image-preview":"max-image-preview:large","max-video-preview":"max-video-preview:-1"},"canonical":"https:\/\/beebipood.ee\/ru\/produkt\/yappymemory-ii-madrats-60x120\/","og_locale":"ru_RU","og_type":"article","og_title":"YappyMemory II madrats 60x120, \u041c\u0430\u0442\u0440\u0430\u0441\u044b \u0438 \u043c\u0430\u0442\u0440\u0430\u0441\u044b-\u043f\u043e\u043a\u0440\u044b\u0432\u0430\u043b\u0430, \u0421\u041a\u0418\u0414\u041a\u0418, \u0428\u0438\u0440\u0438\u043d\u043e\u0439 \u0434\u043e 60 c\u043c, M\u0435\u0431\u0435\u043b\u044c, YappyKids -20%, Beebipood","og_description":"YappyMemory II madrats 60x120, YappyMemory II madratsi, et teie beebi saaks nautida s&uuml;gavamat ja tervislikumat und. Beebi mitte ainult ei puhka un","og_url":"https:\/\/beebipood.ee\/ru\/produkt\/yappymemory-ii-madrats-60x120\/","og_site_name":"Beebipood","article_modified_time":"2025-03-05T05:10:48+00:00","og_image":[{"width":1200,"height":1198,"url":"https:\/\/beebipood.ee\/wp-content\/uploads\/2020\/04\/YappyMemory-II-madrats-60x120-Madratsid-ja-kattemadratsid-UUED-TOOTED-Kuni-60cm-laiused-Lastemoobel-ja-sisustus-YappyKids-20_4-bd3.jpg","type":"image\/jpeg"}],"twitter_card":"summary_large_image","twitter_misc":{"\u041f\u0440\u0438\u043c\u0435\u0440\u043d\u043e\u0435 \u0432\u0440\u0435\u043c\u044f \u0434\u043b\u044f \u0447\u0442\u0435\u043d\u0438\u044f":"1 \u043c\u0438\u043d\u0443\u0442\u0430"},"schema":{"@context":"https:\/\/schema.org","@graph":[{"@type":"WebPage","@id":"https:\/\/beebipood.ee\/ru\/produkt\/yappymemory-ii-madrats-60x120\/","url":"https:\/\/beebipood.ee\/ru\/produkt\/yappymemory-ii-madrats-60x120\/","name":"YappyMemory II madrats 60x120, \u041c\u0430\u0442\u0440\u0430\u0441\u044b \u0438 \u043c\u0430\u0442\u0440\u0430\u0441\u044b-\u043f\u043e\u043a\u0440\u044b\u0432\u0430\u043b\u0430, \u0421\u041a\u0418\u0414\u041a\u0418, \u0428\u0438\u0440\u0438\u043d\u043e\u0439 \u0434\u043e 60 c\u043c, M\u0435\u0431\u0435\u043b\u044c, YappyKids -20%, Beebipood","isPartOf":{"@id":"https:\/\/beebipood.ee\/ru\/#website"},"primaryImageOfPage":{"@id":"https:\/\/beebipood.ee\/ru\/produkt\/yappymemory-ii-madrats-60x120\/#primaryimage"},"image":{"@id":"https:\/\/beebipood.ee\/ru\/produkt\/yappymemory-ii-madrats-60x120\/#primaryimage"},"thumbnailUrl":"https:\/\/beebipood.ee\/wp-content\/uploads\/2020\/04\/YappyMemory-II-madrats-60x120-Madratsid-ja-kattemadratsid-UUED-TOOTED-Kuni-60cm-laiused-Lastemoobel-ja-sisustus-YappyKids-20_4-bd3.jpg","datePublished":"2020-04-11T04:52:29+00:00","dateModified":"2025-03-05T05:10:48+00:00","description":"YappyMemory II madrats 60x120, YappyMemory II madratsi, et teie beebi saaks nautida s&uuml;gavamat ja tervislikumat und. Beebi mitte ainult ei puhka un","breadcrumb":{"@id":"https:\/\/beebipood.ee\/ru\/produkt\/yappymemory-ii-madrats-60x120\/#breadcrumb"},"inLanguage":"ru-RU","potentialAction":[{"@type":"ReadAction","target":["https:\/\/beebipood.ee\/ru\/produkt\/yappymemory-ii-madrats-60x120\/"]}]},{"@type":"ImageObject","inLanguage":"ru-RU","@id":"https:\/\/beebipood.ee\/ru\/produkt\/yappymemory-ii-madrats-60x120\/#primaryimage","url":"https:\/\/beebipood.ee\/wp-content\/uploads\/2020\/04\/YappyMemory-II-madrats-60x120-Madratsid-ja-kattemadratsid-UUED-TOOTED-Kuni-60cm-laiused-Lastemoobel-ja-sisustus-YappyKids-20_4-bd3.jpg","contentUrl":"https:\/\/beebipood.ee\/wp-content\/uploads\/2020\/04\/YappyMemory-II-madrats-60x120-Madratsid-ja-kattemadratsid-UUED-TOOTED-Kuni-60cm-laiused-Lastemoobel-ja-sisustus-YappyKids-20_4-bd3.jpg","width":1200,"height":1198},{"@type":"BreadcrumbList","@id":"https:\/\/beebipood.ee\/ru\/produkt\/yappymemory-ii-madrats-60x120\/#breadcrumb","itemListElement":[{"@type":"ListItem","position":1,"name":"Home","item":"https:\/\/beebipood.ee\/ru\/"},{"@type":"ListItem","position":2,"name":"\u041a\u0430\u0442\u0430\u043b\u043e\u0433 \u0442\u043e\u0432\u0430\u0440\u043e\u0432","item":"https:\/\/beebipood.ee\/tooted\/"},{"@type":"ListItem","position":3,"name":"YappyMemory II madrats 60&#215;120"}]},{"@type":"WebSite","@id":"https:\/\/beebipood.ee\/ru\/#website","url":"https:\/\/beebipood.ee\/ru\/","name":"Beebipood","description":"Lastekaubad, beebikaubad, m\u00e4nguasjad","publisher":{"@id":"https:\/\/beebipood.ee\/ru\/#organization"},"potentialAction":[{"@type":"SearchAction","target":{"@type":"EntryPoint","urlTemplate":"https:\/\/beebipood.ee\/ru\/?s={search_term_string}"},"query-input":{"@type":"PropertyValueSpecification","valueRequired":true,"valueName":"search_term_string"}}],"inLanguage":"ru-RU"},{"@type":"Organization","@id":"https:\/\/beebipood.ee\/ru\/#organization","name":"Beebipood","url":"https:\/\/beebipood.ee\/ru\/","logo":{"@type":"ImageObject","inLanguage":"ru-RU","@id":"https:\/\/beebipood.ee\/ru\/#\/schema\/logo\/image\/","url":"https:\/\/beebipood.ee\/wp-content\/uploads\/2025\/03\/beebipood.ee-logo-1.svg","contentUrl":"https:\/\/beebipood.ee\/wp-content\/uploads\/2025\/03\/beebipood.ee-logo-1.svg","caption":"Beebipood"},"image":{"@id":"https:\/\/beebipood.ee\/ru\/#\/schema\/logo\/image\/"}}]}},"brands":[{"id":11969,"name":"YappyKids","slug":"yappykids-ru"}],"_links":{"self":[{"href":"https:\/\/beebipood.ee\/ru\/wp-json\/wp\/v2\/product\/459235","targetHints":{"allow":["GET"]}}],"collection":[{"href":"https:\/\/beebipood.ee\/ru\/wp-json\/wp\/v2\/product"}],"about":[{"href":"https:\/\/beebipood.ee\/ru\/wp-json\/wp\/v2\/types\/product"}],"wp:featuredmedia":[{"embeddable":true,"href":"https:\/\/beebipood.ee\/ru\/wp-json\/wp\/v2\/media\/133896"}],"wp:attachment":[{"href":"https:\/\/beebipood.ee\/ru\/wp-json\/wp\/v2\/media?parent=459235"}],"wp:term":[{"taxonomy":"pwb-brand","embeddable":true,"href":"https:\/\/beebipood.ee\/ru\/wp-json\/wp\/v2\/pwb-brand?post=459235"},{"taxonomy":"product_brand","embeddable":true,"href":"https:\/\/beebipood.ee\/ru\/wp-json\/wp\/v2\/product_brand?post=459235"},{"taxonomy":"product_cat","embeddable":true,"href":"https:\/\/beebipood.ee\/ru\/wp-json\/wp\/v2\/product_cat?post=459235"},{"taxonomy":"product_tag","embeddable":true,"href":"https:\/\/beebipood.ee\/ru\/wp-json\/wp\/v2\/product_tag?post=459235"}],"curies":[{"name":"wp","href":"https:\/\/api.w.org\/{rel}","templated":true}]}}