{"id":459279,"date":"2025-08-13T10:12:09","date_gmt":"2025-08-13T07:12:09","guid":{"rendered":"https:\/\/beebipood.ee\/toode\/raamaturiiul-marie-sahtliga-valge\/"},"modified":"2025-08-13T11:35:00","modified_gmt":"2025-08-13T08:35:00","slug":"raamaturiiul-miloo-wide-valge","status":"publish","type":"product","link":"https:\/\/beebipood.ee\/ru\/produkt\/raamaturiiul-miloo-wide-valge\/","title":{"rendered":"Raamaturiiul Miloo wide, valge"},"content":{"rendered":"<p>Miloo kollektsiooni disain r\u00f5hutab detaile ja elegantsi,<br \/>\nsoonelised esipaneelid lisavad iseloomu ja peenust,<br \/>\nsamas kui \u00f5rnalt \u00fcmarad nurgad tagavad kasutajate turvalisuse.<br \/>\nEsteetilised metallk\u00e4epidemed ja puidust p\u00f6\u00f6gist jalad<br \/>\nannavad m\u00f6\u00f6blile kerguse ja peenuse tunde.<br \/>\nvalmistatud: MDF, p\u00f6\u00f6gi puit ja m\u00f6\u00f6bliplaat (korpus, sisemised elemendid)<br \/>\nsobib nii poisi kui t\u00fcdruku tuppa<br \/>\nvalmistamisel on kasutatud kaasaegset tehnoloogiat ja A-klass tarvikuid ning furnituure<br \/>\nparim toode perele kes hindab kvaliteeti ning huvitavat disain<br \/>\nkomplektis on kaks sahtlit<br \/>\nsahtlid on varustatud aeglaselt sulguvate furnituuridega<br \/>\nkaasas on 3 ust mille abil saab osad riiulid kappideks muuta<br \/>\nviimistlemisel on kasutatud ainult sertifitseeritud orgaanilisi v\u00e4rve<br \/>\ntoode vastab k\u00f5ikidele EN turvastandarditele<\/p>\n","protected":false},"excerpt":{"rendered":"<p>Miloo kollektsiooni disain r\u00f5hutab detaile ja elegantsi, soonelised esipaneelid lisavad iseloomu ja peenust, samas kui \u00f5rnalt \u00fcmarad nurgad tagavad kasutajate turvalisuse. Esteetilised metallk\u00e4epidemed ja puidust p\u00f6\u00f6gist jalad annavad m\u00f6\u00f6blile kerguse ja peenuse tunde. valmistatud: MDF, p\u00f6\u00f6gi puit ja m\u00f6\u00f6bliplaat (korpus, sisemised elemendid) sobib nii poisi kui t\u00fcdruku tuppa valmistamisel on kasutatud kaasaegset tehnoloogiat ja A-klass [&hellip;]<\/p>\n","protected":false},"featured_media":506134,"template":"","meta":{"_acf_changed":false},"pwb-brand":[],"product_brand":[],"product_cat":[11637,11631,11789],"product_tag":[],"class_list":{"0":"post-459279","1":"product","2":"type-product","3":"status-publish","4":"has-post-thumbnail","6":"product_cat-raamaturiiulid-ru","7":"product_cat-kapid-riiulid-ru","8":"product_cat-lastemoobel-ja-sisustus-ru","10":"first","11":"onbackorder","12":"sale","13":"taxable","14":"shipping-taxable","15":"purchasable","16":"product-type-simple"},"exclude_global_add_ons":[],"addons":[],"acf":[],"yoast_head":"<!-- This site is optimized with the Yoast SEO plugin v27.3 - https:\/\/yoast.com\/product\/yoast-seo-wordpress\/ -->\n<title>Raamaturiiul Marie sahtliga, valge, \u0428\u043a\u0430\u0444\u044b, \u043f\u043e\u043b\u043a\u0438, \u041a\u043d\u0438\u0436\u043d\u044b\u0435 \u043f\u043e\u043b\u043a\u0438, M\u0435\u0431\u0435\u043b\u044c, Beebipood<\/title>\n<meta name=\"description\" content=\"Raamaturiiul Marie sahtliga, valge, valmistatud MDF&#039;st ja m\u00f6\u00f6bliplaadistsisemised komponendid on valmistatud m\u00f6\u00f6bliplaadistvi\" \/>\n<meta name=\"robots\" content=\"index, follow, max-snippet:-1, max-image-preview:large, max-video-preview:-1\" \/>\n<link rel=\"canonical\" href=\"https:\/\/beebipood.ee\/ru\/produkt\/raamaturiiul-miloo-wide-valge\/\" \/>\n<meta property=\"og:locale\" content=\"ru_RU\" \/>\n<meta property=\"og:type\" content=\"article\" \/>\n<meta property=\"og:title\" content=\"Raamaturiiul Marie sahtliga, valge, \u0428\u043a\u0430\u0444\u044b, \u043f\u043e\u043b\u043a\u0438, \u041a\u043d\u0438\u0436\u043d\u044b\u0435 \u043f\u043e\u043b\u043a\u0438, M\u0435\u0431\u0435\u043b\u044c, Beebipood\" \/>\n<meta property=\"og:description\" content=\"Raamaturiiul Marie sahtliga, valge, valmistatud MDF&#039;st ja m\u00f6\u00f6bliplaadistsisemised komponendid on valmistatud m\u00f6\u00f6bliplaadistvi\" \/>\n<meta property=\"og:url\" content=\"https:\/\/beebipood.ee\/ru\/produkt\/raamaturiiul-miloo-wide-valge\/\" \/>\n<meta property=\"og:site_name\" content=\"Beebipood\" \/>\n<meta property=\"article:modified_time\" content=\"2025-08-13T08:35:00+00:00\" \/>\n<meta property=\"og:image\" content=\"https:\/\/beebipood.ee\/wp-content\/uploads\/2020\/04\/miloo_bookcase_wide_white_1-scaled.webp\" \/>\n\t<meta property=\"og:image:width\" content=\"2560\" \/>\n\t<meta property=\"og:image:height\" content=\"2560\" \/>\n\t<meta property=\"og:image:type\" content=\"image\/webp\" \/>\n<meta name=\"twitter:card\" content=\"summary_large_image\" \/>\n<meta name=\"twitter:label1\" content=\"\u041f\u0440\u0438\u043c\u0435\u0440\u043d\u043e\u0435 \u0432\u0440\u0435\u043c\u044f \u0434\u043b\u044f \u0447\u0442\u0435\u043d\u0438\u044f\" \/>\n\t<meta name=\"twitter:data1\" content=\"1 \u043c\u0438\u043d\u0443\u0442\u0430\" \/>\n<script type=\"application\/ld+json\" class=\"yoast-schema-graph\">{\"@context\":\"https:\\\/\\\/schema.org\",\"@graph\":[{\"@type\":\"WebPage\",\"@id\":\"https:\\\/\\\/beebipood.ee\\\/ru\\\/produkt\\\/raamaturiiul-miloo-wide-valge\\\/\",\"url\":\"https:\\\/\\\/beebipood.ee\\\/ru\\\/produkt\\\/raamaturiiul-miloo-wide-valge\\\/\",\"name\":\"Raamaturiiul Marie sahtliga, valge, \u0428\u043a\u0430\u0444\u044b, \u043f\u043e\u043b\u043a\u0438, \u041a\u043d\u0438\u0436\u043d\u044b\u0435 \u043f\u043e\u043b\u043a\u0438, M\u0435\u0431\u0435\u043b\u044c, Beebipood\",\"isPartOf\":{\"@id\":\"https:\\\/\\\/beebipood.ee\\\/ru\\\/#website\"},\"primaryImageOfPage\":{\"@id\":\"https:\\\/\\\/beebipood.ee\\\/ru\\\/produkt\\\/raamaturiiul-miloo-wide-valge\\\/#primaryimage\"},\"image\":{\"@id\":\"https:\\\/\\\/beebipood.ee\\\/ru\\\/produkt\\\/raamaturiiul-miloo-wide-valge\\\/#primaryimage\"},\"thumbnailUrl\":\"https:\\\/\\\/beebipood.ee\\\/wp-content\\\/uploads\\\/2020\\\/04\\\/miloo_bookcase_wide_white_1-scaled.webp\",\"datePublished\":\"2025-08-13T07:12:09+00:00\",\"dateModified\":\"2025-08-13T08:35:00+00:00\",\"description\":\"Raamaturiiul Marie sahtliga, valge, valmistatud MDF'st ja m\u00f6\u00f6bliplaadistsisemised komponendid on valmistatud m\u00f6\u00f6bliplaadistvi\",\"breadcrumb\":{\"@id\":\"https:\\\/\\\/beebipood.ee\\\/ru\\\/produkt\\\/raamaturiiul-miloo-wide-valge\\\/#breadcrumb\"},\"inLanguage\":\"ru-RU\",\"potentialAction\":[{\"@type\":\"ReadAction\",\"target\":[\"https:\\\/\\\/beebipood.ee\\\/ru\\\/produkt\\\/raamaturiiul-miloo-wide-valge\\\/\"]}]},{\"@type\":\"ImageObject\",\"inLanguage\":\"ru-RU\",\"@id\":\"https:\\\/\\\/beebipood.ee\\\/ru\\\/produkt\\\/raamaturiiul-miloo-wide-valge\\\/#primaryimage\",\"url\":\"https:\\\/\\\/beebipood.ee\\\/wp-content\\\/uploads\\\/2020\\\/04\\\/miloo_bookcase_wide_white_1-scaled.webp\",\"contentUrl\":\"https:\\\/\\\/beebipood.ee\\\/wp-content\\\/uploads\\\/2020\\\/04\\\/miloo_bookcase_wide_white_1-scaled.webp\",\"width\":2560,\"height\":2560},{\"@type\":\"BreadcrumbList\",\"@id\":\"https:\\\/\\\/beebipood.ee\\\/ru\\\/produkt\\\/raamaturiiul-miloo-wide-valge\\\/#breadcrumb\",\"itemListElement\":[{\"@type\":\"ListItem\",\"position\":1,\"name\":\"Home\",\"item\":\"https:\\\/\\\/beebipood.ee\\\/ru\\\/\"},{\"@type\":\"ListItem\",\"position\":2,\"name\":\"\u041a\u0430\u0442\u0430\u043b\u043e\u0433 \u0442\u043e\u0432\u0430\u0440\u043e\u0432\",\"item\":\"https:\\\/\\\/beebipood.ee\\\/tooted\\\/\"},{\"@type\":\"ListItem\",\"position\":3,\"name\":\"Raamaturiiul Miloo wide, valge\"}]},{\"@type\":\"WebSite\",\"@id\":\"https:\\\/\\\/beebipood.ee\\\/ru\\\/#website\",\"url\":\"https:\\\/\\\/beebipood.ee\\\/ru\\\/\",\"name\":\"Beebipood\",\"description\":\"Lastekaubad, beebikaubad, m\u00e4nguasjad\",\"publisher\":{\"@id\":\"https:\\\/\\\/beebipood.ee\\\/ru\\\/#organization\"},\"potentialAction\":[{\"@type\":\"SearchAction\",\"target\":{\"@type\":\"EntryPoint\",\"urlTemplate\":\"https:\\\/\\\/beebipood.ee\\\/ru\\\/?s={search_term_string}\"},\"query-input\":{\"@type\":\"PropertyValueSpecification\",\"valueRequired\":true,\"valueName\":\"search_term_string\"}}],\"inLanguage\":\"ru-RU\"},{\"@type\":\"Organization\",\"@id\":\"https:\\\/\\\/beebipood.ee\\\/ru\\\/#organization\",\"name\":\"Beebipood\",\"url\":\"https:\\\/\\\/beebipood.ee\\\/ru\\\/\",\"logo\":{\"@type\":\"ImageObject\",\"inLanguage\":\"ru-RU\",\"@id\":\"https:\\\/\\\/beebipood.ee\\\/ru\\\/#\\\/schema\\\/logo\\\/image\\\/\",\"url\":\"https:\\\/\\\/beebipood.ee\\\/wp-content\\\/uploads\\\/2025\\\/03\\\/beebipood.ee-logo-1.svg\",\"contentUrl\":\"https:\\\/\\\/beebipood.ee\\\/wp-content\\\/uploads\\\/2025\\\/03\\\/beebipood.ee-logo-1.svg\",\"caption\":\"Beebipood\"},\"image\":{\"@id\":\"https:\\\/\\\/beebipood.ee\\\/ru\\\/#\\\/schema\\\/logo\\\/image\\\/\"}}]}<\/script>\n<!-- \/ Yoast SEO plugin. -->","yoast_head_json":{"title":"Raamaturiiul Marie sahtliga, valge, \u0428\u043a\u0430\u0444\u044b, \u043f\u043e\u043b\u043a\u0438, \u041a\u043d\u0438\u0436\u043d\u044b\u0435 \u043f\u043e\u043b\u043a\u0438, M\u0435\u0431\u0435\u043b\u044c, Beebipood","description":"Raamaturiiul Marie sahtliga, valge, valmistatud MDF'st ja m\u00f6\u00f6bliplaadistsisemised komponendid on valmistatud m\u00f6\u00f6bliplaadistvi","robots":{"index":"index","follow":"follow","max-snippet":"max-snippet:-1","max-image-preview":"max-image-preview:large","max-video-preview":"max-video-preview:-1"},"canonical":"https:\/\/beebipood.ee\/ru\/produkt\/raamaturiiul-miloo-wide-valge\/","og_locale":"ru_RU","og_type":"article","og_title":"Raamaturiiul Marie sahtliga, valge, \u0428\u043a\u0430\u0444\u044b, \u043f\u043e\u043b\u043a\u0438, \u041a\u043d\u0438\u0436\u043d\u044b\u0435 \u043f\u043e\u043b\u043a\u0438, M\u0435\u0431\u0435\u043b\u044c, Beebipood","og_description":"Raamaturiiul Marie sahtliga, valge, valmistatud MDF'st ja m\u00f6\u00f6bliplaadistsisemised komponendid on valmistatud m\u00f6\u00f6bliplaadistvi","og_url":"https:\/\/beebipood.ee\/ru\/produkt\/raamaturiiul-miloo-wide-valge\/","og_site_name":"Beebipood","article_modified_time":"2025-08-13T08:35:00+00:00","og_image":[{"width":2560,"height":2560,"url":"https:\/\/beebipood.ee\/wp-content\/uploads\/2020\/04\/miloo_bookcase_wide_white_1-scaled.webp","type":"image\/webp"}],"twitter_card":"summary_large_image","twitter_misc":{"\u041f\u0440\u0438\u043c\u0435\u0440\u043d\u043e\u0435 \u0432\u0440\u0435\u043c\u044f \u0434\u043b\u044f \u0447\u0442\u0435\u043d\u0438\u044f":"1 \u043c\u0438\u043d\u0443\u0442\u0430"},"schema":{"@context":"https:\/\/schema.org","@graph":[{"@type":"WebPage","@id":"https:\/\/beebipood.ee\/ru\/produkt\/raamaturiiul-miloo-wide-valge\/","url":"https:\/\/beebipood.ee\/ru\/produkt\/raamaturiiul-miloo-wide-valge\/","name":"Raamaturiiul Marie sahtliga, valge, \u0428\u043a\u0430\u0444\u044b, \u043f\u043e\u043b\u043a\u0438, \u041a\u043d\u0438\u0436\u043d\u044b\u0435 \u043f\u043e\u043b\u043a\u0438, M\u0435\u0431\u0435\u043b\u044c, Beebipood","isPartOf":{"@id":"https:\/\/beebipood.ee\/ru\/#website"},"primaryImageOfPage":{"@id":"https:\/\/beebipood.ee\/ru\/produkt\/raamaturiiul-miloo-wide-valge\/#primaryimage"},"image":{"@id":"https:\/\/beebipood.ee\/ru\/produkt\/raamaturiiul-miloo-wide-valge\/#primaryimage"},"thumbnailUrl":"https:\/\/beebipood.ee\/wp-content\/uploads\/2020\/04\/miloo_bookcase_wide_white_1-scaled.webp","datePublished":"2025-08-13T07:12:09+00:00","dateModified":"2025-08-13T08:35:00+00:00","description":"Raamaturiiul Marie sahtliga, valge, valmistatud MDF'st ja m\u00f6\u00f6bliplaadistsisemised komponendid on valmistatud m\u00f6\u00f6bliplaadistvi","breadcrumb":{"@id":"https:\/\/beebipood.ee\/ru\/produkt\/raamaturiiul-miloo-wide-valge\/#breadcrumb"},"inLanguage":"ru-RU","potentialAction":[{"@type":"ReadAction","target":["https:\/\/beebipood.ee\/ru\/produkt\/raamaturiiul-miloo-wide-valge\/"]}]},{"@type":"ImageObject","inLanguage":"ru-RU","@id":"https:\/\/beebipood.ee\/ru\/produkt\/raamaturiiul-miloo-wide-valge\/#primaryimage","url":"https:\/\/beebipood.ee\/wp-content\/uploads\/2020\/04\/miloo_bookcase_wide_white_1-scaled.webp","contentUrl":"https:\/\/beebipood.ee\/wp-content\/uploads\/2020\/04\/miloo_bookcase_wide_white_1-scaled.webp","width":2560,"height":2560},{"@type":"BreadcrumbList","@id":"https:\/\/beebipood.ee\/ru\/produkt\/raamaturiiul-miloo-wide-valge\/#breadcrumb","itemListElement":[{"@type":"ListItem","position":1,"name":"Home","item":"https:\/\/beebipood.ee\/ru\/"},{"@type":"ListItem","position":2,"name":"\u041a\u0430\u0442\u0430\u043b\u043e\u0433 \u0442\u043e\u0432\u0430\u0440\u043e\u0432","item":"https:\/\/beebipood.ee\/tooted\/"},{"@type":"ListItem","position":3,"name":"Raamaturiiul Miloo wide, valge"}]},{"@type":"WebSite","@id":"https:\/\/beebipood.ee\/ru\/#website","url":"https:\/\/beebipood.ee\/ru\/","name":"Beebipood","description":"Lastekaubad, beebikaubad, m\u00e4nguasjad","publisher":{"@id":"https:\/\/beebipood.ee\/ru\/#organization"},"potentialAction":[{"@type":"SearchAction","target":{"@type":"EntryPoint","urlTemplate":"https:\/\/beebipood.ee\/ru\/?s={search_term_string}"},"query-input":{"@type":"PropertyValueSpecification","valueRequired":true,"valueName":"search_term_string"}}],"inLanguage":"ru-RU"},{"@type":"Organization","@id":"https:\/\/beebipood.ee\/ru\/#organization","name":"Beebipood","url":"https:\/\/beebipood.ee\/ru\/","logo":{"@type":"ImageObject","inLanguage":"ru-RU","@id":"https:\/\/beebipood.ee\/ru\/#\/schema\/logo\/image\/","url":"https:\/\/beebipood.ee\/wp-content\/uploads\/2025\/03\/beebipood.ee-logo-1.svg","contentUrl":"https:\/\/beebipood.ee\/wp-content\/uploads\/2025\/03\/beebipood.ee-logo-1.svg","caption":"Beebipood"},"image":{"@id":"https:\/\/beebipood.ee\/ru\/#\/schema\/logo\/image\/"}}]}},"brands":[],"_links":{"self":[{"href":"https:\/\/beebipood.ee\/ru\/wp-json\/wp\/v2\/product\/459279","targetHints":{"allow":["GET"]}}],"collection":[{"href":"https:\/\/beebipood.ee\/ru\/wp-json\/wp\/v2\/product"}],"about":[{"href":"https:\/\/beebipood.ee\/ru\/wp-json\/wp\/v2\/types\/product"}],"wp:featuredmedia":[{"embeddable":true,"href":"https:\/\/beebipood.ee\/ru\/wp-json\/wp\/v2\/media\/506134"}],"wp:attachment":[{"href":"https:\/\/beebipood.ee\/ru\/wp-json\/wp\/v2\/media?parent=459279"}],"wp:term":[{"taxonomy":"pwb-brand","embeddable":true,"href":"https:\/\/beebipood.ee\/ru\/wp-json\/wp\/v2\/pwb-brand?post=459279"},{"taxonomy":"product_brand","embeddable":true,"href":"https:\/\/beebipood.ee\/ru\/wp-json\/wp\/v2\/product_brand?post=459279"},{"taxonomy":"product_cat","embeddable":true,"href":"https:\/\/beebipood.ee\/ru\/wp-json\/wp\/v2\/product_cat?post=459279"},{"taxonomy":"product_tag","embeddable":true,"href":"https:\/\/beebipood.ee\/ru\/wp-json\/wp\/v2\/product_tag?post=459279"}],"curies":[{"name":"wp","href":"https:\/\/api.w.org\/{rel}","templated":true}]}}