{"id":459293,"date":"2020-05-01T06:44:55","date_gmt":"2020-05-01T03:44:55","guid":{"rendered":"https:\/\/beebipood.ee\/toode\/yappyhus-riiul-green-limited\/"},"modified":"2025-01-09T10:48:26","modified_gmt":"2025-01-09T08:48:26","slug":"yappyhus-riiul-green-limited","status":"publish","type":"product","link":"https:\/\/beebipood.ee\/ru\/produkt\/yappyhus-riiul-green-limited\/","title":{"rendered":"YappyHus riiul, Green Limited"},"content":{"rendered":"<p>V\u00e4ike majakujuline riiul lisab teie lapse toale m\u00e4ngulise ilme, <br \/>pakkudes samas funktsionaalset hoiuruumi raamatutele, <br \/>m\u00e4nguasjadele ja muudele v\u00e4ikestele esemetele. <br \/>Kompaktne suurus muudab selle ideaalseks v\u00e4iksematesse ruumidesse <br \/>ja selle maja kuju lisab m\u00e4ngulisust, mida teie laps armastab.<br \/>Loodud sobima iga lastetoa m\u00f6\u00f6bliga. <br \/>YappyHus riiul on valmistatud kvaliteetsetest materjalidest.<br \/>Materjal: FSC sertifikaadiga t\u00e4ism\u00e4nnipuit.<br \/>T\u00f6\u00f6deldud \u00f6koloogilise, lastele ohutu naturaalse puiduvahaga. <br \/>See mitmeotstarbeline materjal t\u00f5rjub niiskust, <br \/>kaitseb mustuse eest ja annab m\u00f6\u00f6blile kauni l\u00e4ike.<br \/>M\u00f6\u00f6bel on valmistatud FSC sertifikaadiga puidust. <br \/>FSC sertifikaat tagab, et tooted p\u00e4rinevad vastutustundlikult majandatud metsadest, <br \/>mis pakuvad keskkonna-, sotsiaalset ja majanduslikku kasu.<\/p>\n","protected":false},"excerpt":{"rendered":"<p>V\u00e4ike majakujuline riiul lisab teie lapse toale m\u00e4ngulise ilme, pakkudes samas funktsionaalset hoiuruumi raamatutele, m\u00e4nguasjadele ja muudele v\u00e4ikestele esemetele. Kompaktne suurus muudab selle ideaalseks v\u00e4iksematesse ruumidesse ja selle maja kuju lisab m\u00e4ngulisust, mida teie laps armastab.Loodud sobima iga lastetoa m\u00f6\u00f6bliga. YappyHus riiul on valmistatud kvaliteetsetest materjalidest.Materjal: FSC sertifikaadiga t\u00e4ism\u00e4nnipuit.T\u00f6\u00f6deldud \u00f6koloogilise, lastele ohutu naturaalse puiduvahaga. See [&hellip;]<\/p>\n","protected":false},"featured_media":134216,"template":"","meta":{"_acf_changed":false},"pwb-brand":[11969],"product_brand":[],"product_cat":[11639,11631,11789],"product_tag":[],"class_list":{"0":"post-459293","1":"product","2":"type-product","3":"status-publish","4":"has-post-thumbnail","6":"pwb-brand-yappykids-ru","7":"product_cat-madalad-riiulid-ru","8":"product_cat-kapid-riiulid-ru","9":"product_cat-lastemoobel-ja-sisustus-ru","10":"pa_manufacturer-yappykids-ru","12":"first","13":"onbackorder","14":"sale","15":"taxable","16":"shipping-taxable","17":"purchasable","18":"product-type-simple"},"exclude_global_add_ons":[],"addons":[],"acf":[],"yoast_head":"<!-- This site is optimized with the Yoast SEO plugin v27.1.1 - https:\/\/yoast.com\/product\/yoast-seo-wordpress\/ -->\n<title>YappyHus riiul, Green Limited, \u041d\u041e\u0412\u042b\u0415 \u0422\u041e\u0412\u0410\u0420\u042b, \u0428\u043a\u0430\u0444\u044b, \u043f\u043e\u043b\u043a\u0438, \u041d\u0438\u0437\u043a\u0438\u0435 \u043f\u043e\u043b\u043a\u0438, M\u0435\u0431\u0435\u043b\u044c, YappyKids -20%, Beebipood<\/title>\n<meta name=\"description\" content=\"YappyHus riiul, Green Limited, V&auml;ike majakujuline riiul lisab teie lapse toale m&auml;ngulise ilme, pakkudes samas funktsionaalset hoiuruumi raama\" \/>\n<meta name=\"robots\" content=\"index, follow, max-snippet:-1, max-image-preview:large, max-video-preview:-1\" \/>\n<link rel=\"canonical\" href=\"https:\/\/beebipood.ee\/ru\/produkt\/yappyhus-riiul-green-limited\/\" \/>\n<meta property=\"og:locale\" content=\"ru_RU\" \/>\n<meta property=\"og:type\" content=\"article\" \/>\n<meta property=\"og:title\" content=\"YappyHus riiul, Green Limited, \u041d\u041e\u0412\u042b\u0415 \u0422\u041e\u0412\u0410\u0420\u042b, \u0428\u043a\u0430\u0444\u044b, \u043f\u043e\u043b\u043a\u0438, \u041d\u0438\u0437\u043a\u0438\u0435 \u043f\u043e\u043b\u043a\u0438, M\u0435\u0431\u0435\u043b\u044c, YappyKids -20%, Beebipood\" \/>\n<meta property=\"og:description\" content=\"YappyHus riiul, Green Limited, V&auml;ike majakujuline riiul lisab teie lapse toale m&auml;ngulise ilme, pakkudes samas funktsionaalset hoiuruumi raama\" \/>\n<meta property=\"og:url\" content=\"https:\/\/beebipood.ee\/ru\/produkt\/yappyhus-riiul-green-limited\/\" \/>\n<meta property=\"og:site_name\" content=\"Beebipood\" \/>\n<meta property=\"article:modified_time\" content=\"2025-01-09T08:48:26+00:00\" \/>\n<meta property=\"og:image\" content=\"https:\/\/beebipood.ee\/wp-content\/uploads\/2020\/05\/YappyHus-riiul-Green-Limited-UUED-TOOTED-Kapid-riiulid-Madalad-riiulid-Lastemoobel-ja-sisustus-YappyKids-20_2-72a.jpg\" \/>\n\t<meta property=\"og:image:width\" content=\"945\" \/>\n\t<meta property=\"og:image:height\" content=\"900\" \/>\n\t<meta property=\"og:image:type\" content=\"image\/jpeg\" \/>\n<meta name=\"twitter:card\" content=\"summary_large_image\" \/>\n<meta name=\"twitter:label1\" content=\"\u041f\u0440\u0438\u043c\u0435\u0440\u043d\u043e\u0435 \u0432\u0440\u0435\u043c\u044f \u0434\u043b\u044f \u0447\u0442\u0435\u043d\u0438\u044f\" \/>\n\t<meta name=\"twitter:data1\" content=\"1 \u043c\u0438\u043d\u0443\u0442\u0430\" \/>\n<script type=\"application\/ld+json\" class=\"yoast-schema-graph\">{\"@context\":\"https:\/\/schema.org\",\"@graph\":[{\"@type\":\"WebPage\",\"@id\":\"https:\/\/beebipood.ee\/ru\/produkt\/yappyhus-riiul-green-limited\/\",\"url\":\"https:\/\/beebipood.ee\/ru\/produkt\/yappyhus-riiul-green-limited\/\",\"name\":\"YappyHus riiul, Green Limited, \u041d\u041e\u0412\u042b\u0415 \u0422\u041e\u0412\u0410\u0420\u042b, \u0428\u043a\u0430\u0444\u044b, \u043f\u043e\u043b\u043a\u0438, \u041d\u0438\u0437\u043a\u0438\u0435 \u043f\u043e\u043b\u043a\u0438, M\u0435\u0431\u0435\u043b\u044c, YappyKids -20%, Beebipood\",\"isPartOf\":{\"@id\":\"https:\/\/beebipood.ee\/ru\/#website\"},\"primaryImageOfPage\":{\"@id\":\"https:\/\/beebipood.ee\/ru\/produkt\/yappyhus-riiul-green-limited\/#primaryimage\"},\"image\":{\"@id\":\"https:\/\/beebipood.ee\/ru\/produkt\/yappyhus-riiul-green-limited\/#primaryimage\"},\"thumbnailUrl\":\"https:\/\/beebipood.ee\/wp-content\/uploads\/2020\/05\/YappyHus-riiul-Green-Limited-UUED-TOOTED-Kapid-riiulid-Madalad-riiulid-Lastemoobel-ja-sisustus-YappyKids-20_2-72a.jpg\",\"datePublished\":\"2020-05-01T03:44:55+00:00\",\"dateModified\":\"2025-01-09T08:48:26+00:00\",\"description\":\"YappyHus riiul, Green Limited, V&auml;ike majakujuline riiul lisab teie lapse toale m&auml;ngulise ilme, pakkudes samas funktsionaalset hoiuruumi raama\",\"breadcrumb\":{\"@id\":\"https:\/\/beebipood.ee\/ru\/produkt\/yappyhus-riiul-green-limited\/#breadcrumb\"},\"inLanguage\":\"ru-RU\",\"potentialAction\":[{\"@type\":\"ReadAction\",\"target\":[\"https:\/\/beebipood.ee\/ru\/produkt\/yappyhus-riiul-green-limited\/\"]}]},{\"@type\":\"ImageObject\",\"inLanguage\":\"ru-RU\",\"@id\":\"https:\/\/beebipood.ee\/ru\/produkt\/yappyhus-riiul-green-limited\/#primaryimage\",\"url\":\"https:\/\/beebipood.ee\/wp-content\/uploads\/2020\/05\/YappyHus-riiul-Green-Limited-UUED-TOOTED-Kapid-riiulid-Madalad-riiulid-Lastemoobel-ja-sisustus-YappyKids-20_2-72a.jpg\",\"contentUrl\":\"https:\/\/beebipood.ee\/wp-content\/uploads\/2020\/05\/YappyHus-riiul-Green-Limited-UUED-TOOTED-Kapid-riiulid-Madalad-riiulid-Lastemoobel-ja-sisustus-YappyKids-20_2-72a.jpg\",\"width\":945,\"height\":900},{\"@type\":\"BreadcrumbList\",\"@id\":\"https:\/\/beebipood.ee\/ru\/produkt\/yappyhus-riiul-green-limited\/#breadcrumb\",\"itemListElement\":[{\"@type\":\"ListItem\",\"position\":1,\"name\":\"Home\",\"item\":\"https:\/\/beebipood.ee\/ru\/\"},{\"@type\":\"ListItem\",\"position\":2,\"name\":\"\u041a\u0430\u0442\u0430\u043b\u043e\u0433 \u0442\u043e\u0432\u0430\u0440\u043e\u0432\",\"item\":\"https:\/\/beebipood.ee\/tooted\/\"},{\"@type\":\"ListItem\",\"position\":3,\"name\":\"YappyHus riiul, Green Limited\"}]},{\"@type\":\"WebSite\",\"@id\":\"https:\/\/beebipood.ee\/ru\/#website\",\"url\":\"https:\/\/beebipood.ee\/ru\/\",\"name\":\"Beebipood\",\"description\":\"Lastekaubad, beebikaubad, m\u00e4nguasjad\",\"publisher\":{\"@id\":\"https:\/\/beebipood.ee\/ru\/#organization\"},\"potentialAction\":[{\"@type\":\"SearchAction\",\"target\":{\"@type\":\"EntryPoint\",\"urlTemplate\":\"https:\/\/beebipood.ee\/ru\/?s={search_term_string}\"},\"query-input\":{\"@type\":\"PropertyValueSpecification\",\"valueRequired\":true,\"valueName\":\"search_term_string\"}}],\"inLanguage\":\"ru-RU\"},{\"@type\":\"Organization\",\"@id\":\"https:\/\/beebipood.ee\/ru\/#organization\",\"name\":\"Beebipood\",\"url\":\"https:\/\/beebipood.ee\/ru\/\",\"logo\":{\"@type\":\"ImageObject\",\"inLanguage\":\"ru-RU\",\"@id\":\"https:\/\/beebipood.ee\/ru\/#\/schema\/logo\/image\/\",\"url\":\"https:\/\/beebipood.ee\/wp-content\/uploads\/2025\/03\/beebipood.ee-logo-1.svg\",\"contentUrl\":\"https:\/\/beebipood.ee\/wp-content\/uploads\/2025\/03\/beebipood.ee-logo-1.svg\",\"caption\":\"Beebipood\"},\"image\":{\"@id\":\"https:\/\/beebipood.ee\/ru\/#\/schema\/logo\/image\/\"}}]}<\/script>\n<!-- \/ Yoast SEO plugin. -->","yoast_head_json":{"title":"YappyHus riiul, Green Limited, \u041d\u041e\u0412\u042b\u0415 \u0422\u041e\u0412\u0410\u0420\u042b, \u0428\u043a\u0430\u0444\u044b, \u043f\u043e\u043b\u043a\u0438, \u041d\u0438\u0437\u043a\u0438\u0435 \u043f\u043e\u043b\u043a\u0438, M\u0435\u0431\u0435\u043b\u044c, YappyKids -20%, Beebipood","description":"YappyHus riiul, Green Limited, V&auml;ike majakujuline riiul lisab teie lapse toale m&auml;ngulise ilme, pakkudes samas funktsionaalset hoiuruumi raama","robots":{"index":"index","follow":"follow","max-snippet":"max-snippet:-1","max-image-preview":"max-image-preview:large","max-video-preview":"max-video-preview:-1"},"canonical":"https:\/\/beebipood.ee\/ru\/produkt\/yappyhus-riiul-green-limited\/","og_locale":"ru_RU","og_type":"article","og_title":"YappyHus riiul, Green Limited, \u041d\u041e\u0412\u042b\u0415 \u0422\u041e\u0412\u0410\u0420\u042b, \u0428\u043a\u0430\u0444\u044b, \u043f\u043e\u043b\u043a\u0438, \u041d\u0438\u0437\u043a\u0438\u0435 \u043f\u043e\u043b\u043a\u0438, M\u0435\u0431\u0435\u043b\u044c, YappyKids -20%, Beebipood","og_description":"YappyHus riiul, Green Limited, V&auml;ike majakujuline riiul lisab teie lapse toale m&auml;ngulise ilme, pakkudes samas funktsionaalset hoiuruumi raama","og_url":"https:\/\/beebipood.ee\/ru\/produkt\/yappyhus-riiul-green-limited\/","og_site_name":"Beebipood","article_modified_time":"2025-01-09T08:48:26+00:00","og_image":[{"width":945,"height":900,"url":"https:\/\/beebipood.ee\/wp-content\/uploads\/2020\/05\/YappyHus-riiul-Green-Limited-UUED-TOOTED-Kapid-riiulid-Madalad-riiulid-Lastemoobel-ja-sisustus-YappyKids-20_2-72a.jpg","type":"image\/jpeg"}],"twitter_card":"summary_large_image","twitter_misc":{"\u041f\u0440\u0438\u043c\u0435\u0440\u043d\u043e\u0435 \u0432\u0440\u0435\u043c\u044f \u0434\u043b\u044f \u0447\u0442\u0435\u043d\u0438\u044f":"1 \u043c\u0438\u043d\u0443\u0442\u0430"},"schema":{"@context":"https:\/\/schema.org","@graph":[{"@type":"WebPage","@id":"https:\/\/beebipood.ee\/ru\/produkt\/yappyhus-riiul-green-limited\/","url":"https:\/\/beebipood.ee\/ru\/produkt\/yappyhus-riiul-green-limited\/","name":"YappyHus riiul, Green Limited, \u041d\u041e\u0412\u042b\u0415 \u0422\u041e\u0412\u0410\u0420\u042b, \u0428\u043a\u0430\u0444\u044b, \u043f\u043e\u043b\u043a\u0438, \u041d\u0438\u0437\u043a\u0438\u0435 \u043f\u043e\u043b\u043a\u0438, M\u0435\u0431\u0435\u043b\u044c, YappyKids -20%, Beebipood","isPartOf":{"@id":"https:\/\/beebipood.ee\/ru\/#website"},"primaryImageOfPage":{"@id":"https:\/\/beebipood.ee\/ru\/produkt\/yappyhus-riiul-green-limited\/#primaryimage"},"image":{"@id":"https:\/\/beebipood.ee\/ru\/produkt\/yappyhus-riiul-green-limited\/#primaryimage"},"thumbnailUrl":"https:\/\/beebipood.ee\/wp-content\/uploads\/2020\/05\/YappyHus-riiul-Green-Limited-UUED-TOOTED-Kapid-riiulid-Madalad-riiulid-Lastemoobel-ja-sisustus-YappyKids-20_2-72a.jpg","datePublished":"2020-05-01T03:44:55+00:00","dateModified":"2025-01-09T08:48:26+00:00","description":"YappyHus riiul, Green Limited, V&auml;ike majakujuline riiul lisab teie lapse toale m&auml;ngulise ilme, pakkudes samas funktsionaalset hoiuruumi raama","breadcrumb":{"@id":"https:\/\/beebipood.ee\/ru\/produkt\/yappyhus-riiul-green-limited\/#breadcrumb"},"inLanguage":"ru-RU","potentialAction":[{"@type":"ReadAction","target":["https:\/\/beebipood.ee\/ru\/produkt\/yappyhus-riiul-green-limited\/"]}]},{"@type":"ImageObject","inLanguage":"ru-RU","@id":"https:\/\/beebipood.ee\/ru\/produkt\/yappyhus-riiul-green-limited\/#primaryimage","url":"https:\/\/beebipood.ee\/wp-content\/uploads\/2020\/05\/YappyHus-riiul-Green-Limited-UUED-TOOTED-Kapid-riiulid-Madalad-riiulid-Lastemoobel-ja-sisustus-YappyKids-20_2-72a.jpg","contentUrl":"https:\/\/beebipood.ee\/wp-content\/uploads\/2020\/05\/YappyHus-riiul-Green-Limited-UUED-TOOTED-Kapid-riiulid-Madalad-riiulid-Lastemoobel-ja-sisustus-YappyKids-20_2-72a.jpg","width":945,"height":900},{"@type":"BreadcrumbList","@id":"https:\/\/beebipood.ee\/ru\/produkt\/yappyhus-riiul-green-limited\/#breadcrumb","itemListElement":[{"@type":"ListItem","position":1,"name":"Home","item":"https:\/\/beebipood.ee\/ru\/"},{"@type":"ListItem","position":2,"name":"\u041a\u0430\u0442\u0430\u043b\u043e\u0433 \u0442\u043e\u0432\u0430\u0440\u043e\u0432","item":"https:\/\/beebipood.ee\/tooted\/"},{"@type":"ListItem","position":3,"name":"YappyHus riiul, Green Limited"}]},{"@type":"WebSite","@id":"https:\/\/beebipood.ee\/ru\/#website","url":"https:\/\/beebipood.ee\/ru\/","name":"Beebipood","description":"Lastekaubad, beebikaubad, m\u00e4nguasjad","publisher":{"@id":"https:\/\/beebipood.ee\/ru\/#organization"},"potentialAction":[{"@type":"SearchAction","target":{"@type":"EntryPoint","urlTemplate":"https:\/\/beebipood.ee\/ru\/?s={search_term_string}"},"query-input":{"@type":"PropertyValueSpecification","valueRequired":true,"valueName":"search_term_string"}}],"inLanguage":"ru-RU"},{"@type":"Organization","@id":"https:\/\/beebipood.ee\/ru\/#organization","name":"Beebipood","url":"https:\/\/beebipood.ee\/ru\/","logo":{"@type":"ImageObject","inLanguage":"ru-RU","@id":"https:\/\/beebipood.ee\/ru\/#\/schema\/logo\/image\/","url":"https:\/\/beebipood.ee\/wp-content\/uploads\/2025\/03\/beebipood.ee-logo-1.svg","contentUrl":"https:\/\/beebipood.ee\/wp-content\/uploads\/2025\/03\/beebipood.ee-logo-1.svg","caption":"Beebipood"},"image":{"@id":"https:\/\/beebipood.ee\/ru\/#\/schema\/logo\/image\/"}}]}},"brands":[{"id":11969,"name":"YappyKids","slug":"yappykids-ru"}],"_links":{"self":[{"href":"https:\/\/beebipood.ee\/ru\/wp-json\/wp\/v2\/product\/459293","targetHints":{"allow":["GET"]}}],"collection":[{"href":"https:\/\/beebipood.ee\/ru\/wp-json\/wp\/v2\/product"}],"about":[{"href":"https:\/\/beebipood.ee\/ru\/wp-json\/wp\/v2\/types\/product"}],"wp:featuredmedia":[{"embeddable":true,"href":"https:\/\/beebipood.ee\/ru\/wp-json\/wp\/v2\/media\/134216"}],"wp:attachment":[{"href":"https:\/\/beebipood.ee\/ru\/wp-json\/wp\/v2\/media?parent=459293"}],"wp:term":[{"taxonomy":"pwb-brand","embeddable":true,"href":"https:\/\/beebipood.ee\/ru\/wp-json\/wp\/v2\/pwb-brand?post=459293"},{"taxonomy":"product_brand","embeddable":true,"href":"https:\/\/beebipood.ee\/ru\/wp-json\/wp\/v2\/product_brand?post=459293"},{"taxonomy":"product_cat","embeddable":true,"href":"https:\/\/beebipood.ee\/ru\/wp-json\/wp\/v2\/product_cat?post=459293"},{"taxonomy":"product_tag","embeddable":true,"href":"https:\/\/beebipood.ee\/ru\/wp-json\/wp\/v2\/product_tag?post=459293"}],"curies":[{"name":"wp","href":"https:\/\/api.w.org\/{rel}","templated":true}]}}