{"id":459311,"date":"2020-05-20T07:47:33","date_gmt":"2020-05-20T04:47:33","guid":{"rendered":"https:\/\/beebipood.ee\/toode\/alecto-ohuniisuti\/"},"modified":"2025-01-09T10:48:25","modified_gmt":"2025-01-09T08:48:25","slug":"alecto-ohuniisuti","status":"publish","type":"product","link":"https:\/\/beebipood.ee\/ru\/produkt\/alecto-ohuniisuti\/","title":{"rendered":"Alecto \u00f5huniisuti"},"content":{"rendered":"<p>Alecto BC-23 on kolme \u00fches toode, mis sisaldab endas \u00f5huniisutit, <br \/>\u00f6\u00f6valgust ning aroomihajutajat. Toimib ultraheli\/k\u00fclma auru tehnoloogial. <br \/>Alecto \u00f5huniisuti tagab sinu lapse magamistoas korrektse niiskuse, <br \/>mis on k\u00fctteperioodidel ning haiguste ajal v\u00e4ga oluline.<br \/><span style=\"text-decoration: underline;\"><br \/>Omadused<\/span><br \/>Ultraheli tehnoloogial toimiv niisuti on inimk\u00f5rvale t\u00e4iesti vaikne<br \/>K\u00fclm aur on turvaline ning ohutu sinu lapse nahale<br \/>Reguleeritav \u00f6\u00f6valgus on mitmes erinevas toonis<br \/>Aroomihajutaja v\u00f5imaldab lisada \u00f5huniisutile eeterlike \u00f5lisid (nt. eukal\u00fcpt jms)<br \/>M\u00f5eldud kasutamiseks tubades, mille pindala on 25m\u00b2<br \/>Kestvus 10h<br \/>V\u00f5imalik seadistada ka taimer (2, 4 v\u00f5i 6 tundi)<br \/>Kompaktne ning stiilne disain<br \/>H\u00e4sti pikk toitejuhe 180cm<br \/>Veepaagi t\u00fchjenedes l\u00fclitub seade automaatselt v\u00e4lja<br \/><span style=\"text-decoration: underline;\">N\u00e4itajad<\/span><br \/>M\u00f5\u00f5dud 15 x 15 x 15cm<br \/>Kaal 0.54kg<br \/>Veepaagi mahutavus 0,3L<\/p>\n","protected":false},"excerpt":{"rendered":"<p>Alecto BC-23 on kolme \u00fches toode, mis sisaldab endas \u00f5huniisutit, \u00f6\u00f6valgust ning aroomihajutajat. Toimib ultraheli\/k\u00fclma auru tehnoloogial. Alecto \u00f5huniisuti tagab sinu lapse magamistoas korrektse niiskuse, mis on k\u00fctteperioodidel ning haiguste ajal v\u00e4ga oluline.OmadusedUltraheli tehnoloogial toimiv niisuti on inimk\u00f5rvale t\u00e4iesti vaikneK\u00fclm aur on turvaline ning ohutu sinu lapse nahaleReguleeritav \u00f6\u00f6valgus on mitmes erinevas toonisAroomihajutaja v\u00f5imaldab lisada [&hellip;]<\/p>\n","protected":false},"featured_media":134406,"template":"","meta":{"_acf_changed":false},"pwb-brand":[11968],"product_brand":[],"product_cat":[11715,11709],"product_tag":[],"class_list":{"0":"post-459311","1":"product","2":"type-product","3":"status-publish","4":"has-post-thumbnail","6":"pwb-brand-alecto-ru","7":"product_cat-hugieenitarbed-ru","8":"product_cat-sootmistoolid-beebi-ja-lastetarbed-mahkimine-hugieen-ru","9":"pa_manufacturer-alecto-ru","11":"first","12":"onbackorder","13":"taxable","14":"shipping-taxable","15":"purchasable","16":"product-type-simple"},"exclude_global_add_ons":[],"addons":[],"acf":[],"yoast_head":"<!-- This site is optimized with the Yoast SEO plugin v27.1.1 - https:\/\/yoast.com\/product\/yoast-seo-wordpress\/ -->\n<title>Alecto \u00f5huniisuti, \u041d\u041e\u0412\u042b\u0415 \u0422\u041e\u0412\u0410\u0420\u042b, \u041f\u0440\u0438\u043d\u0430\u0434\u043b\u0435\u0436\u043d\u043e\u0441\u0442\u0438 \u0434\u043b\u044f \u043c\u043b\u0430\u0434\u0435\u043d\u0446\u0435\u0432, \u0413\u0438\u0433\u0438\u0435\u043d\u0430, Beebipood<\/title>\n<meta name=\"description\" content=\"Alecto \u00f5huniisuti, Alecto BC-23 on kolme &uuml;hes toode, mis sisaldab endas &otilde;huniisutit, &ouml;&ouml;valgust ning aroomihajutajat. Toimib ultr\" \/>\n<meta name=\"robots\" content=\"index, follow, max-snippet:-1, max-image-preview:large, max-video-preview:-1\" \/>\n<link rel=\"canonical\" href=\"https:\/\/beebipood.ee\/ru\/produkt\/alecto-ohuniisuti\/\" \/>\n<meta property=\"og:locale\" content=\"ru_RU\" \/>\n<meta property=\"og:type\" content=\"article\" \/>\n<meta property=\"og:title\" content=\"Alecto \u00f5huniisuti, \u041d\u041e\u0412\u042b\u0415 \u0422\u041e\u0412\u0410\u0420\u042b, \u041f\u0440\u0438\u043d\u0430\u0434\u043b\u0435\u0436\u043d\u043e\u0441\u0442\u0438 \u0434\u043b\u044f \u043c\u043b\u0430\u0434\u0435\u043d\u0446\u0435\u0432, \u0413\u0438\u0433\u0438\u0435\u043d\u0430, Beebipood\" \/>\n<meta property=\"og:description\" content=\"Alecto \u00f5huniisuti, Alecto BC-23 on kolme &uuml;hes toode, mis sisaldab endas &otilde;huniisutit, &ouml;&ouml;valgust ning aroomihajutajat. Toimib ultr\" \/>\n<meta property=\"og:url\" content=\"https:\/\/beebipood.ee\/ru\/produkt\/alecto-ohuniisuti\/\" \/>\n<meta property=\"og:site_name\" content=\"Beebipood\" \/>\n<meta property=\"article:modified_time\" content=\"2025-01-09T08:48:25+00:00\" \/>\n<meta property=\"og:image\" content=\"https:\/\/beebipood.ee\/wp-content\/uploads\/2020\/05\/Alecto-ohuniisuti-Turvalisus-maneeid-turvavaravad-piirded-Beebimonitorid-Beebi-ja-lastetarbed-Turvavarustus_6-b1f.jpg\" \/>\n\t<meta property=\"og:image:width\" content=\"600\" \/>\n\t<meta property=\"og:image:height\" content=\"600\" \/>\n\t<meta property=\"og:image:type\" content=\"image\/jpeg\" \/>\n<meta name=\"twitter:card\" content=\"summary_large_image\" \/>\n<meta name=\"twitter:label1\" content=\"\u041f\u0440\u0438\u043c\u0435\u0440\u043d\u043e\u0435 \u0432\u0440\u0435\u043c\u044f \u0434\u043b\u044f \u0447\u0442\u0435\u043d\u0438\u044f\" \/>\n\t<meta name=\"twitter:data1\" content=\"1 \u043c\u0438\u043d\u0443\u0442\u0430\" \/>\n<script type=\"application\/ld+json\" class=\"yoast-schema-graph\">{\"@context\":\"https:\/\/schema.org\",\"@graph\":[{\"@type\":\"WebPage\",\"@id\":\"https:\/\/beebipood.ee\/ru\/produkt\/alecto-ohuniisuti\/\",\"url\":\"https:\/\/beebipood.ee\/ru\/produkt\/alecto-ohuniisuti\/\",\"name\":\"Alecto \u00f5huniisuti, \u041d\u041e\u0412\u042b\u0415 \u0422\u041e\u0412\u0410\u0420\u042b, \u041f\u0440\u0438\u043d\u0430\u0434\u043b\u0435\u0436\u043d\u043e\u0441\u0442\u0438 \u0434\u043b\u044f \u043c\u043b\u0430\u0434\u0435\u043d\u0446\u0435\u0432, \u0413\u0438\u0433\u0438\u0435\u043d\u0430, Beebipood\",\"isPartOf\":{\"@id\":\"https:\/\/beebipood.ee\/ru\/#website\"},\"primaryImageOfPage\":{\"@id\":\"https:\/\/beebipood.ee\/ru\/produkt\/alecto-ohuniisuti\/#primaryimage\"},\"image\":{\"@id\":\"https:\/\/beebipood.ee\/ru\/produkt\/alecto-ohuniisuti\/#primaryimage\"},\"thumbnailUrl\":\"https:\/\/beebipood.ee\/wp-content\/uploads\/2020\/05\/Alecto-ohuniisuti-Turvalisus-maneeid-turvavaravad-piirded-Beebimonitorid-Beebi-ja-lastetarbed-Turvavarustus_6-b1f.jpg\",\"datePublished\":\"2020-05-20T04:47:33+00:00\",\"dateModified\":\"2025-01-09T08:48:25+00:00\",\"description\":\"Alecto \u00f5huniisuti, Alecto BC-23 on kolme &uuml;hes toode, mis sisaldab endas &otilde;huniisutit, &ouml;&ouml;valgust ning aroomihajutajat. Toimib ultr\",\"breadcrumb\":{\"@id\":\"https:\/\/beebipood.ee\/ru\/produkt\/alecto-ohuniisuti\/#breadcrumb\"},\"inLanguage\":\"ru-RU\",\"potentialAction\":[{\"@type\":\"ReadAction\",\"target\":[\"https:\/\/beebipood.ee\/ru\/produkt\/alecto-ohuniisuti\/\"]}]},{\"@type\":\"ImageObject\",\"inLanguage\":\"ru-RU\",\"@id\":\"https:\/\/beebipood.ee\/ru\/produkt\/alecto-ohuniisuti\/#primaryimage\",\"url\":\"https:\/\/beebipood.ee\/wp-content\/uploads\/2020\/05\/Alecto-ohuniisuti-Turvalisus-maneeid-turvavaravad-piirded-Beebimonitorid-Beebi-ja-lastetarbed-Turvavarustus_6-b1f.jpg\",\"contentUrl\":\"https:\/\/beebipood.ee\/wp-content\/uploads\/2020\/05\/Alecto-ohuniisuti-Turvalisus-maneeid-turvavaravad-piirded-Beebimonitorid-Beebi-ja-lastetarbed-Turvavarustus_6-b1f.jpg\",\"width\":600,\"height\":600},{\"@type\":\"BreadcrumbList\",\"@id\":\"https:\/\/beebipood.ee\/ru\/produkt\/alecto-ohuniisuti\/#breadcrumb\",\"itemListElement\":[{\"@type\":\"ListItem\",\"position\":1,\"name\":\"Home\",\"item\":\"https:\/\/beebipood.ee\/ru\/\"},{\"@type\":\"ListItem\",\"position\":2,\"name\":\"\u041a\u0430\u0442\u0430\u043b\u043e\u0433 \u0442\u043e\u0432\u0430\u0440\u043e\u0432\",\"item\":\"https:\/\/beebipood.ee\/tooted\/\"},{\"@type\":\"ListItem\",\"position\":3,\"name\":\"Alecto \u00f5huniisuti\"}]},{\"@type\":\"WebSite\",\"@id\":\"https:\/\/beebipood.ee\/ru\/#website\",\"url\":\"https:\/\/beebipood.ee\/ru\/\",\"name\":\"Beebipood\",\"description\":\"Lastekaubad, beebikaubad, m\u00e4nguasjad\",\"publisher\":{\"@id\":\"https:\/\/beebipood.ee\/ru\/#organization\"},\"potentialAction\":[{\"@type\":\"SearchAction\",\"target\":{\"@type\":\"EntryPoint\",\"urlTemplate\":\"https:\/\/beebipood.ee\/ru\/?s={search_term_string}\"},\"query-input\":{\"@type\":\"PropertyValueSpecification\",\"valueRequired\":true,\"valueName\":\"search_term_string\"}}],\"inLanguage\":\"ru-RU\"},{\"@type\":\"Organization\",\"@id\":\"https:\/\/beebipood.ee\/ru\/#organization\",\"name\":\"Beebipood\",\"url\":\"https:\/\/beebipood.ee\/ru\/\",\"logo\":{\"@type\":\"ImageObject\",\"inLanguage\":\"ru-RU\",\"@id\":\"https:\/\/beebipood.ee\/ru\/#\/schema\/logo\/image\/\",\"url\":\"https:\/\/beebipood.ee\/wp-content\/uploads\/2025\/03\/beebipood.ee-logo-1.svg\",\"contentUrl\":\"https:\/\/beebipood.ee\/wp-content\/uploads\/2025\/03\/beebipood.ee-logo-1.svg\",\"caption\":\"Beebipood\"},\"image\":{\"@id\":\"https:\/\/beebipood.ee\/ru\/#\/schema\/logo\/image\/\"}}]}<\/script>\n<!-- \/ Yoast SEO plugin. -->","yoast_head_json":{"title":"Alecto \u00f5huniisuti, \u041d\u041e\u0412\u042b\u0415 \u0422\u041e\u0412\u0410\u0420\u042b, \u041f\u0440\u0438\u043d\u0430\u0434\u043b\u0435\u0436\u043d\u043e\u0441\u0442\u0438 \u0434\u043b\u044f \u043c\u043b\u0430\u0434\u0435\u043d\u0446\u0435\u0432, \u0413\u0438\u0433\u0438\u0435\u043d\u0430, Beebipood","description":"Alecto \u00f5huniisuti, Alecto BC-23 on kolme &uuml;hes toode, mis sisaldab endas &otilde;huniisutit, &ouml;&ouml;valgust ning aroomihajutajat. Toimib ultr","robots":{"index":"index","follow":"follow","max-snippet":"max-snippet:-1","max-image-preview":"max-image-preview:large","max-video-preview":"max-video-preview:-1"},"canonical":"https:\/\/beebipood.ee\/ru\/produkt\/alecto-ohuniisuti\/","og_locale":"ru_RU","og_type":"article","og_title":"Alecto \u00f5huniisuti, \u041d\u041e\u0412\u042b\u0415 \u0422\u041e\u0412\u0410\u0420\u042b, \u041f\u0440\u0438\u043d\u0430\u0434\u043b\u0435\u0436\u043d\u043e\u0441\u0442\u0438 \u0434\u043b\u044f \u043c\u043b\u0430\u0434\u0435\u043d\u0446\u0435\u0432, \u0413\u0438\u0433\u0438\u0435\u043d\u0430, Beebipood","og_description":"Alecto \u00f5huniisuti, Alecto BC-23 on kolme &uuml;hes toode, mis sisaldab endas &otilde;huniisutit, &ouml;&ouml;valgust ning aroomihajutajat. Toimib ultr","og_url":"https:\/\/beebipood.ee\/ru\/produkt\/alecto-ohuniisuti\/","og_site_name":"Beebipood","article_modified_time":"2025-01-09T08:48:25+00:00","og_image":[{"width":600,"height":600,"url":"https:\/\/beebipood.ee\/wp-content\/uploads\/2020\/05\/Alecto-ohuniisuti-Turvalisus-maneeid-turvavaravad-piirded-Beebimonitorid-Beebi-ja-lastetarbed-Turvavarustus_6-b1f.jpg","type":"image\/jpeg"}],"twitter_card":"summary_large_image","twitter_misc":{"\u041f\u0440\u0438\u043c\u0435\u0440\u043d\u043e\u0435 \u0432\u0440\u0435\u043c\u044f \u0434\u043b\u044f \u0447\u0442\u0435\u043d\u0438\u044f":"1 \u043c\u0438\u043d\u0443\u0442\u0430"},"schema":{"@context":"https:\/\/schema.org","@graph":[{"@type":"WebPage","@id":"https:\/\/beebipood.ee\/ru\/produkt\/alecto-ohuniisuti\/","url":"https:\/\/beebipood.ee\/ru\/produkt\/alecto-ohuniisuti\/","name":"Alecto \u00f5huniisuti, \u041d\u041e\u0412\u042b\u0415 \u0422\u041e\u0412\u0410\u0420\u042b, \u041f\u0440\u0438\u043d\u0430\u0434\u043b\u0435\u0436\u043d\u043e\u0441\u0442\u0438 \u0434\u043b\u044f \u043c\u043b\u0430\u0434\u0435\u043d\u0446\u0435\u0432, \u0413\u0438\u0433\u0438\u0435\u043d\u0430, Beebipood","isPartOf":{"@id":"https:\/\/beebipood.ee\/ru\/#website"},"primaryImageOfPage":{"@id":"https:\/\/beebipood.ee\/ru\/produkt\/alecto-ohuniisuti\/#primaryimage"},"image":{"@id":"https:\/\/beebipood.ee\/ru\/produkt\/alecto-ohuniisuti\/#primaryimage"},"thumbnailUrl":"https:\/\/beebipood.ee\/wp-content\/uploads\/2020\/05\/Alecto-ohuniisuti-Turvalisus-maneeid-turvavaravad-piirded-Beebimonitorid-Beebi-ja-lastetarbed-Turvavarustus_6-b1f.jpg","datePublished":"2020-05-20T04:47:33+00:00","dateModified":"2025-01-09T08:48:25+00:00","description":"Alecto \u00f5huniisuti, Alecto BC-23 on kolme &uuml;hes toode, mis sisaldab endas &otilde;huniisutit, &ouml;&ouml;valgust ning aroomihajutajat. Toimib ultr","breadcrumb":{"@id":"https:\/\/beebipood.ee\/ru\/produkt\/alecto-ohuniisuti\/#breadcrumb"},"inLanguage":"ru-RU","potentialAction":[{"@type":"ReadAction","target":["https:\/\/beebipood.ee\/ru\/produkt\/alecto-ohuniisuti\/"]}]},{"@type":"ImageObject","inLanguage":"ru-RU","@id":"https:\/\/beebipood.ee\/ru\/produkt\/alecto-ohuniisuti\/#primaryimage","url":"https:\/\/beebipood.ee\/wp-content\/uploads\/2020\/05\/Alecto-ohuniisuti-Turvalisus-maneeid-turvavaravad-piirded-Beebimonitorid-Beebi-ja-lastetarbed-Turvavarustus_6-b1f.jpg","contentUrl":"https:\/\/beebipood.ee\/wp-content\/uploads\/2020\/05\/Alecto-ohuniisuti-Turvalisus-maneeid-turvavaravad-piirded-Beebimonitorid-Beebi-ja-lastetarbed-Turvavarustus_6-b1f.jpg","width":600,"height":600},{"@type":"BreadcrumbList","@id":"https:\/\/beebipood.ee\/ru\/produkt\/alecto-ohuniisuti\/#breadcrumb","itemListElement":[{"@type":"ListItem","position":1,"name":"Home","item":"https:\/\/beebipood.ee\/ru\/"},{"@type":"ListItem","position":2,"name":"\u041a\u0430\u0442\u0430\u043b\u043e\u0433 \u0442\u043e\u0432\u0430\u0440\u043e\u0432","item":"https:\/\/beebipood.ee\/tooted\/"},{"@type":"ListItem","position":3,"name":"Alecto \u00f5huniisuti"}]},{"@type":"WebSite","@id":"https:\/\/beebipood.ee\/ru\/#website","url":"https:\/\/beebipood.ee\/ru\/","name":"Beebipood","description":"Lastekaubad, beebikaubad, m\u00e4nguasjad","publisher":{"@id":"https:\/\/beebipood.ee\/ru\/#organization"},"potentialAction":[{"@type":"SearchAction","target":{"@type":"EntryPoint","urlTemplate":"https:\/\/beebipood.ee\/ru\/?s={search_term_string}"},"query-input":{"@type":"PropertyValueSpecification","valueRequired":true,"valueName":"search_term_string"}}],"inLanguage":"ru-RU"},{"@type":"Organization","@id":"https:\/\/beebipood.ee\/ru\/#organization","name":"Beebipood","url":"https:\/\/beebipood.ee\/ru\/","logo":{"@type":"ImageObject","inLanguage":"ru-RU","@id":"https:\/\/beebipood.ee\/ru\/#\/schema\/logo\/image\/","url":"https:\/\/beebipood.ee\/wp-content\/uploads\/2025\/03\/beebipood.ee-logo-1.svg","contentUrl":"https:\/\/beebipood.ee\/wp-content\/uploads\/2025\/03\/beebipood.ee-logo-1.svg","caption":"Beebipood"},"image":{"@id":"https:\/\/beebipood.ee\/ru\/#\/schema\/logo\/image\/"}}]}},"brands":[{"id":11968,"name":"Alecto","slug":"alecto-ru"}],"_links":{"self":[{"href":"https:\/\/beebipood.ee\/ru\/wp-json\/wp\/v2\/product\/459311","targetHints":{"allow":["GET"]}}],"collection":[{"href":"https:\/\/beebipood.ee\/ru\/wp-json\/wp\/v2\/product"}],"about":[{"href":"https:\/\/beebipood.ee\/ru\/wp-json\/wp\/v2\/types\/product"}],"wp:featuredmedia":[{"embeddable":true,"href":"https:\/\/beebipood.ee\/ru\/wp-json\/wp\/v2\/media\/134406"}],"wp:attachment":[{"href":"https:\/\/beebipood.ee\/ru\/wp-json\/wp\/v2\/media?parent=459311"}],"wp:term":[{"taxonomy":"pwb-brand","embeddable":true,"href":"https:\/\/beebipood.ee\/ru\/wp-json\/wp\/v2\/pwb-brand?post=459311"},{"taxonomy":"product_brand","embeddable":true,"href":"https:\/\/beebipood.ee\/ru\/wp-json\/wp\/v2\/product_brand?post=459311"},{"taxonomy":"product_cat","embeddable":true,"href":"https:\/\/beebipood.ee\/ru\/wp-json\/wp\/v2\/product_cat?post=459311"},{"taxonomy":"product_tag","embeddable":true,"href":"https:\/\/beebipood.ee\/ru\/wp-json\/wp\/v2\/product_tag?post=459311"}],"curies":[{"name":"wp","href":"https:\/\/api.w.org\/{rel}","templated":true}]}}